{"id":5160,"date":"2024-10-02T16:48:50","date_gmt":"2024-10-02T19:48:50","guid":{"rendered":"https:\/\/solardorosario.com.br\/galeria\/?post_type=product&#038;p=5160"},"modified":"2026-04-06T14:30:58","modified_gmt":"2026-04-06T17:30:58","slug":"livro-o-direito-e-a-filatelia-a-arte-dos-selos","status":"publish","type":"product","link":"https:\/\/solardorosario.com.br\/galeria\/produto\/livro-o-direito-e-a-filatelia-a-arte-dos-selos\/","title":{"rendered":"Livro - O direito e a filatelia - A arte dos selos"},"content":{"rendered":"<p><strong>T\u00edtulo: <\/strong>A ARTE DOS SELOS - Direito e a Filatelia<\/p>\n<p>\"Em 1840, na Inglaterra, foi criado o primeiro selo do mundo, como os entendemos atualmente. Recebeu a denomina\u00e7\u00e3o de Penny Black. Como curiosidade hist\u00f3rica, vale lembrar que o Brasil foi o segundo pa\u00eds a editar selos, sendo o Olho de Boi o primeiro deles.\"<\/p>\n<p><em>Contracapa do livro A ARTE DOS SELOS - Direito e a Filatelia.\u00a0<\/em><\/p>\n<p>&nbsp;<\/p>\n<p>\"O Direito, no seu significado amplo, indica a exist\u00eancia de uma ou mais regras de conduta entre as pessoas.<\/p>\n<p>A partir do momento em que, um determinado grupo humano, foram criadas regras de conviv\u00eancia, por mais rudimentares que tenham sido, fixando-se limites de a\u00e7\u00e3o, para permitir ou impedir, surgiu o Direito, ainda que de forma embrion\u00e1ria. O momento hist\u00f3rico, a localiza\u00e7\u00e3o geogr\u00e1fica, a tend\u00eancia religiosa, enfim, fatores os mais diversos foram e s\u00e3o elementos que at\u00e9 hoje influem nas tamb\u00e9m diversas constru\u00e7\u00f5es do Direito. Mas a ess\u00eancia da ideia reguladora do Direito prevaleceu. [...]<\/p>\n<p>O selo, inicialmente concebido para indicar um valor que cobrisse os servi\u00e7os de envio de correspond\u00eancia, passou tamb\u00e9m a ser portador de mensagens relativas a pessoas, fatos hist\u00f3ricos, institui\u00e7\u00f5es, povos, costumes, animais etc.<\/p>\n<p>A FILATELIA \u00e9 o estudo, a pesquisa dos selos empregados na postagem de cada pa\u00eds, podendo se constituir na forma de uma cole\u00e7\u00e3o tem\u00e1tica.<\/p>\n<p>Mas uma obra dedicada ao DIREITO e \u00e0 FILATELIA pode e deve ir al\u00e9m de uma simples cataloga\u00e7\u00e3o de selos. Pode e deve, al\u00e9m da mensagem visual, revelar dados e explica\u00e7\u00f5es que trar\u00e3o informa\u00e7\u00f5es hist\u00f3ricas, sociais, institucionais, pessoais e outras mais, contidas nas estampas dos selos.\" - Dr. Jo\u00e3o Casillo<\/p>\n<p><b>O autor, dr. Jo\u00e3o Casillo foi professor da Faculdade de Direito da Universidade Federal do Paran\u00e1 (UFPR) al\u00e9m de ter sido c\u00f4nsul honor\u00e1rio do Reino da B\u00e9lgica<\/b>.<\/p>\n","protected":false},"excerpt":{"rendered":"<p>T\u00edtulo: A ARTE DOS SELOS - Direito e a Filatelia \"Em 1840, na Inglaterra, foi criado o primeiro selo do mundo, como os entendemos atualmente. Recebeu a denomina\u00e7\u00e3o de Penny Black. Como curiosidade hist\u00f3rica, vale lembrar que o Brasil foi o segundo pa\u00eds a editar selos, sendo o Olho de Boi o primeiro deles.\" Contracapa [&hellip;]<\/p>\n","protected":false},"featured_media":5161,"template":"","meta":[],"product_brand":[],"product_cat":[117],"product_tag":[],"class_list":{"0":"post-5160","1":"product","2":"type-product","3":"status-publish","4":"has-post-thumbnail","6":"product_cat-galeria","8":"first","9":"instock","10":"shipping-taxable","11":"purchasable","12":"product-type-simple"},"yoast_head":"<!-- This site is optimized with the Yoast SEO plugin v27.6 - https:\/\/yoast.com\/product\/yoast-seo-wordpress\/ -->\n<title>Livro - O direito e a filatelia - A arte dos selos - Solar do Ros\u00e1rio Galeria \\\\\\\\Nova<\/title>\n<meta name=\"robots\" content=\"index, follow, max-snippet:-1, max-image-preview:large, max-video-preview:-1\" \/>\n<link rel=\"canonical\" href=\"https:\/\/solardorosario.com.br\/galeria\/produto\/livro-o-direito-e-a-filatelia-a-arte-dos-selos\/\" \/>\n<meta property=\"og:locale\" content=\"pt_BR\" \/>\n<meta property=\"og:type\" content=\"article\" \/>\n<meta property=\"og:title\" content=\"Livro - O direito e a filatelia - A arte dos selos - Solar do Ros\u00e1rio Galeria \\\\\\\\Nova\" \/>\n<meta property=\"og:description\" content=\"T\u00edtulo: A ARTE DOS SELOS - Direito e a Filatelia &quot;Em 1840, na Inglaterra, foi criado o primeiro selo do mundo, como os entendemos atualmente. Recebeu a denomina\u00e7\u00e3o de Penny Black. Como curiosidade hist\u00f3rica, vale lembrar que o Brasil foi o segundo pa\u00eds a editar selos, sendo o Olho de Boi o primeiro deles.&quot; Contracapa [&hellip;]\" \/>\n<meta property=\"og:url\" content=\"https:\/\/solardorosario.com.br\/galeria\/produto\/livro-o-direito-e-a-filatelia-a-arte-dos-selos\/\" \/>\n<meta property=\"og:site_name\" content=\"Solar do Ros\u00e1rio Galeria \\\\\\\\Nova\" \/>\n<meta property=\"article:modified_time\" content=\"2026-04-06T17:30:58+00:00\" \/>\n<meta property=\"og:image\" content=\"https:\/\/solardorosario.com.br\/galeria\/wp-content\/uploads\/2024\/10\/Imagem-do-WhatsApp-de-2024-10-02-as-16.14.41_b7a09806.jpg\" \/>\n\t<meta property=\"og:image:width\" content=\"801\" \/>\n\t<meta property=\"og:image:height\" content=\"1089\" \/>\n\t<meta property=\"og:image:type\" content=\"image\/jpeg\" \/>\n<meta name=\"twitter:card\" content=\"summary_large_image\" \/>\n<meta name=\"twitter:label1\" content=\"Est. tempo de leitura\" \/>\n\t<meta name=\"twitter:data1\" content=\"2 minutos\" \/>\n<script type=\"application\/ld+json\" class=\"yoast-schema-graph\">{\"@context\":\"https:\\\/\\\/schema.org\",\"@graph\":[{\"@type\":\"WebPage\",\"@id\":\"https:\\\/\\\/solardorosario.com.br\\\/galeria\\\/produto\\\/livro-o-direito-e-a-filatelia-a-arte-dos-selos\\\/\",\"url\":\"https:\\\/\\\/solardorosario.com.br\\\/galeria\\\/produto\\\/livro-o-direito-e-a-filatelia-a-arte-dos-selos\\\/\",\"name\":\"Livro - O direito e a filatelia - A arte dos selos - Solar do Ros\u00e1rio Galeria \\\\\\\\\\\\\\\\Nova\",\"isPartOf\":{\"@id\":\"https:\\\/\\\/solardorosario.com.br\\\/galeria\\\/#website\"},\"primaryImageOfPage\":{\"@id\":\"https:\\\/\\\/solardorosario.com.br\\\/galeria\\\/produto\\\/livro-o-direito-e-a-filatelia-a-arte-dos-selos\\\/#primaryimage\"},\"image\":{\"@id\":\"https:\\\/\\\/solardorosario.com.br\\\/galeria\\\/produto\\\/livro-o-direito-e-a-filatelia-a-arte-dos-selos\\\/#primaryimage\"},\"thumbnailUrl\":\"https:\\\/\\\/solardorosario.com.br\\\/galeria\\\/wp-content\\\/uploads\\\/2024\\\/10\\\/Imagem-do-WhatsApp-de-2024-10-02-as-16.14.41_b7a09806.jpg\",\"datePublished\":\"2024-10-02T19:48:50+00:00\",\"dateModified\":\"2026-04-06T17:30:58+00:00\",\"breadcrumb\":{\"@id\":\"https:\\\/\\\/solardorosario.com.br\\\/galeria\\\/produto\\\/livro-o-direito-e-a-filatelia-a-arte-dos-selos\\\/#breadcrumb\"},\"inLanguage\":\"pt-BR\",\"potentialAction\":[{\"@type\":\"ReadAction\",\"target\":[\"https:\\\/\\\/solardorosario.com.br\\\/galeria\\\/produto\\\/livro-o-direito-e-a-filatelia-a-arte-dos-selos\\\/\"]}]},{\"@type\":\"ImageObject\",\"inLanguage\":\"pt-BR\",\"@id\":\"https:\\\/\\\/solardorosario.com.br\\\/galeria\\\/produto\\\/livro-o-direito-e-a-filatelia-a-arte-dos-selos\\\/#primaryimage\",\"url\":\"https:\\\/\\\/solardorosario.com.br\\\/galeria\\\/wp-content\\\/uploads\\\/2024\\\/10\\\/Imagem-do-WhatsApp-de-2024-10-02-as-16.14.41_b7a09806.jpg\",\"contentUrl\":\"https:\\\/\\\/solardorosario.com.br\\\/galeria\\\/wp-content\\\/uploads\\\/2024\\\/10\\\/Imagem-do-WhatsApp-de-2024-10-02-as-16.14.41_b7a09806.jpg\",\"width\":801,\"height\":1089},{\"@type\":\"BreadcrumbList\",\"@id\":\"https:\\\/\\\/solardorosario.com.br\\\/galeria\\\/produto\\\/livro-o-direito-e-a-filatelia-a-arte-dos-selos\\\/#breadcrumb\",\"itemListElement\":[{\"@type\":\"ListItem\",\"position\":1,\"name\":\"In\u00edcio\",\"item\":\"https:\\\/\\\/solardorosario.com.br\\\/galeria\\\/\"},{\"@type\":\"ListItem\",\"position\":2,\"name\":\"galeria\",\"item\":\"https:\\\/\\\/solardorosario.com.br\\\/galeria\\\/galeria\\\/\"},{\"@type\":\"ListItem\",\"position\":3,\"name\":\"Livro - O direito e a filatelia - A arte dos selos\"}]},{\"@type\":\"WebSite\",\"@id\":\"https:\\\/\\\/solardorosario.com.br\\\/galeria\\\/#website\",\"url\":\"https:\\\/\\\/solardorosario.com.br\\\/galeria\\\/\",\"name\":\"Solar do Ros\u00e1rio Galeria \\\\\\\\\\\\\\\\Nova\",\"description\":\"\",\"potentialAction\":[{\"@type\":\"SearchAction\",\"target\":{\"@type\":\"EntryPoint\",\"urlTemplate\":\"https:\\\/\\\/solardorosario.com.br\\\/galeria\\\/?s={search_term_string}\"},\"query-input\":{\"@type\":\"PropertyValueSpecification\",\"valueRequired\":true,\"valueName\":\"search_term_string\"}}],\"inLanguage\":\"pt-BR\"}]}<\/script>\n<!-- \/ Yoast SEO plugin. -->","yoast_head_json":{"title":"Livro - O direito e a filatelia - A arte dos selos - Solar do Ros\u00e1rio Galeria \\\\\\\\Nova","robots":{"index":"index","follow":"follow","max-snippet":"max-snippet:-1","max-image-preview":"max-image-preview:large","max-video-preview":"max-video-preview:-1"},"canonical":"https:\/\/solardorosario.com.br\/galeria\/produto\/livro-o-direito-e-a-filatelia-a-arte-dos-selos\/","og_locale":"pt_BR","og_type":"article","og_title":"Livro - O direito e a filatelia - A arte dos selos - Solar do Ros\u00e1rio Galeria \\\\\\\\Nova","og_description":"T\u00edtulo: A ARTE DOS SELOS - Direito e a Filatelia \"Em 1840, na Inglaterra, foi criado o primeiro selo do mundo, como os entendemos atualmente. Recebeu a denomina\u00e7\u00e3o de Penny Black. Como curiosidade hist\u00f3rica, vale lembrar que o Brasil foi o segundo pa\u00eds a editar selos, sendo o Olho de Boi o primeiro deles.\" Contracapa [&hellip;]","og_url":"https:\/\/solardorosario.com.br\/galeria\/produto\/livro-o-direito-e-a-filatelia-a-arte-dos-selos\/","og_site_name":"Solar do Ros\u00e1rio Galeria \\\\\\\\Nova","article_modified_time":"2026-04-06T17:30:58+00:00","og_image":[{"width":801,"height":1089,"url":"https:\/\/solardorosario.com.br\/galeria\/wp-content\/uploads\/2024\/10\/Imagem-do-WhatsApp-de-2024-10-02-as-16.14.41_b7a09806.jpg","type":"image\/jpeg"}],"twitter_card":"summary_large_image","twitter_misc":{"Est. tempo de leitura":"2 minutos"},"schema":{"@context":"https:\/\/schema.org","@graph":[{"@type":"WebPage","@id":"https:\/\/solardorosario.com.br\/galeria\/produto\/livro-o-direito-e-a-filatelia-a-arte-dos-selos\/","url":"https:\/\/solardorosario.com.br\/galeria\/produto\/livro-o-direito-e-a-filatelia-a-arte-dos-selos\/","name":"Livro - O direito e a filatelia - A arte dos selos - Solar do Ros\u00e1rio Galeria \\\\\\\\Nova","isPartOf":{"@id":"https:\/\/solardorosario.com.br\/galeria\/#website"},"primaryImageOfPage":{"@id":"https:\/\/solardorosario.com.br\/galeria\/produto\/livro-o-direito-e-a-filatelia-a-arte-dos-selos\/#primaryimage"},"image":{"@id":"https:\/\/solardorosario.com.br\/galeria\/produto\/livro-o-direito-e-a-filatelia-a-arte-dos-selos\/#primaryimage"},"thumbnailUrl":"https:\/\/solardorosario.com.br\/galeria\/wp-content\/uploads\/2024\/10\/Imagem-do-WhatsApp-de-2024-10-02-as-16.14.41_b7a09806.jpg","datePublished":"2024-10-02T19:48:50+00:00","dateModified":"2026-04-06T17:30:58+00:00","breadcrumb":{"@id":"https:\/\/solardorosario.com.br\/galeria\/produto\/livro-o-direito-e-a-filatelia-a-arte-dos-selos\/#breadcrumb"},"inLanguage":"pt-BR","potentialAction":[{"@type":"ReadAction","target":["https:\/\/solardorosario.com.br\/galeria\/produto\/livro-o-direito-e-a-filatelia-a-arte-dos-selos\/"]}]},{"@type":"ImageObject","inLanguage":"pt-BR","@id":"https:\/\/solardorosario.com.br\/galeria\/produto\/livro-o-direito-e-a-filatelia-a-arte-dos-selos\/#primaryimage","url":"https:\/\/solardorosario.com.br\/galeria\/wp-content\/uploads\/2024\/10\/Imagem-do-WhatsApp-de-2024-10-02-as-16.14.41_b7a09806.jpg","contentUrl":"https:\/\/solardorosario.com.br\/galeria\/wp-content\/uploads\/2024\/10\/Imagem-do-WhatsApp-de-2024-10-02-as-16.14.41_b7a09806.jpg","width":801,"height":1089},{"@type":"BreadcrumbList","@id":"https:\/\/solardorosario.com.br\/galeria\/produto\/livro-o-direito-e-a-filatelia-a-arte-dos-selos\/#breadcrumb","itemListElement":[{"@type":"ListItem","position":1,"name":"In\u00edcio","item":"https:\/\/solardorosario.com.br\/galeria\/"},{"@type":"ListItem","position":2,"name":"galeria","item":"https:\/\/solardorosario.com.br\/galeria\/galeria\/"},{"@type":"ListItem","position":3,"name":"Livro - O direito e a filatelia - A arte dos selos"}]},{"@type":"WebSite","@id":"https:\/\/solardorosario.com.br\/galeria\/#website","url":"https:\/\/solardorosario.com.br\/galeria\/","name":"Solar do Ros\u00e1rio Galeria \\\\\\\\Nova","description":"","potentialAction":[{"@type":"SearchAction","target":{"@type":"EntryPoint","urlTemplate":"https:\/\/solardorosario.com.br\/galeria\/?s={search_term_string}"},"query-input":{"@type":"PropertyValueSpecification","valueRequired":true,"valueName":"search_term_string"}}],"inLanguage":"pt-BR"}]}},"_links":{"self":[{"href":"https:\/\/solardorosario.com.br\/galeria\/wp-json\/wp\/v2\/product\/5160","targetHints":{"allow":["GET"]}}],"collection":[{"href":"https:\/\/solardorosario.com.br\/galeria\/wp-json\/wp\/v2\/product"}],"about":[{"href":"https:\/\/solardorosario.com.br\/galeria\/wp-json\/wp\/v2\/types\/product"}],"wp:featuredmedia":[{"embeddable":true,"href":"https:\/\/solardorosario.com.br\/galeria\/wp-json\/wp\/v2\/media\/5161"}],"wp:attachment":[{"href":"https:\/\/solardorosario.com.br\/galeria\/wp-json\/wp\/v2\/media?parent=5160"}],"wp:term":[{"taxonomy":"product_brand","embeddable":true,"href":"https:\/\/solardorosario.com.br\/galeria\/wp-json\/wp\/v2\/product_brand?post=5160"},{"taxonomy":"product_cat","embeddable":true,"href":"https:\/\/solardorosario.com.br\/galeria\/wp-json\/wp\/v2\/product_cat?post=5160"},{"taxonomy":"product_tag","embeddable":true,"href":"https:\/\/solardorosario.com.br\/galeria\/wp-json\/wp\/v2\/product_tag?post=5160"}],"curies":[{"name":"wp","href":"https:\/\/api.w.org\/{rel}","templated":true}]}}