{"id":5079,"date":"2024-08-09T10:54:14","date_gmt":"2024-08-09T13:54:14","guid":{"rendered":"https:\/\/solardorosario.com.br\/galeria\/?post_type=product&#038;p=5079"},"modified":"2025-10-29T12:10:50","modified_gmt":"2025-10-29T15:10:50","slug":"serigrafia-poty-sao-francisco-de-assis-sao-francisco-de-curitiba-sem-moldura","status":"publish","type":"product","link":"https:\/\/solardorosario.com.br\/galeria\/produto\/serigrafia-poty-sao-francisco-de-assis-sao-francisco-de-curitiba-sem-moldura\/","title":{"rendered":"Serigrafia Poty - S\u00e3o Francisco de Assis - S\u00e3o Francisco de Curitiba (sem moldura)"},"content":{"rendered":"<p>Artista: Poty<br \/>\nT\u00edtulo: S\u00e3o Francisco de Assis - S\u00e3o Francisco de Curitiba<br \/>\nDimens\u00e3o: 37x25cm (sem a moldura)<br \/>\nT\u00e9cnica: Serigrafia (sem moldura)<br \/>\nAno: 1997<\/p>\n<p>&nbsp;<\/p>\n<p>S\u00e3o Francisco de Assis - S\u00e3o Francisco de Curitiba.\u00a0 Talvez o santo mais desenhado por Poty.<br \/>\nSeria a afinidade da maneira humilde de ser?<br \/>\n(...) Na vasta obra de Poty Lazzarotto, o santo protetor da It\u00e1lia sempre esteve presente.<br \/>\nPara o Solar do Ros\u00e1rio, Poty destinou o S\u00e3o Francisco, Perfeia Alegria (hist\u00f3ria baseada nos <em>Fioretti<\/em> de S\u00e3o Francisco), S\u00e3o Francisco, Irm\u00e3o Sol, Irm\u00e3 Lua e o original S\u00e3o Francisco de Curitiba, com o pinh\u00e3o, fruto da nossa arauc\u00e1ria e t\u00e3o representativa do Paran\u00e1.<br \/>\n(...) Poty criou o S\u00e3o Francisco de Curitiba, santo preferido dos devotos da cidade, com o que temos de t\u00e3o t\u00edpico: o nosso pinh\u00e3o.<\/p>\n<p>Regina Casillo, 1998.<\/p>\n<p><em>As cidades t\u00eam seus poetas, seus cantores e seus pintores. Os mineiros t\u00eam Guignard, os cariocas t\u00eam Di Cavalcanti. Curitiba recebeu dos deuses o privil\u00e9gio de ter Poty a celebr\u00e1-la. Muralista por excel\u00eancia, onde quer que se caminhe na capital do Paran\u00e1 acompanha-se a obra monumental e o forte tra\u00e7o, \u00fanico, caracter\u00edstico de Napoleon Potyguara Lazzarotto, o nosso Poty.<\/em><\/p>\n<p>Regina Casillo, 1998<\/p>\n","protected":false},"excerpt":{"rendered":"<p>Artista: Poty T\u00edtulo: S\u00e3o Francisco de Assis - S\u00e3o Francisco de Curitiba Dimens\u00e3o: 37x25cm (sem a moldura) T\u00e9cnica: Serigrafia (sem moldura) Ano: 1997 &nbsp; S\u00e3o Francisco de Assis - S\u00e3o Francisco de Curitiba.\u00a0 Talvez o santo mais desenhado por Poty. Seria a afinidade da maneira humilde de ser? (...) Na vasta obra de Poty Lazzarotto, [&hellip;]<\/p>\n","protected":false},"featured_media":5083,"template":"","meta":[],"product_brand":[],"product_cat":[117],"product_tag":[],"class_list":{"0":"post-5079","1":"product","2":"type-product","3":"status-publish","4":"has-post-thumbnail","6":"product_cat-galeria","7":"pa_artista-poty","8":"pa_tecnica-serigrafia","10":"first","11":"instock","12":"shipping-taxable","13":"product-type-simple"},"yoast_head":"<!-- This site is optimized with the Yoast SEO plugin v27.4 - https:\/\/yoast.com\/product\/yoast-seo-wordpress\/ -->\n<title>Serigrafia Poty - S\u00e3o Francisco de Assis - S\u00e3o Francisco de Curitiba (sem moldura) - Solar do Ros\u00e1rio Galeria \\\\\\\\Nova<\/title>\n<meta name=\"robots\" content=\"index, follow, max-snippet:-1, max-image-preview:large, max-video-preview:-1\" \/>\n<link rel=\"canonical\" href=\"https:\/\/solardorosario.com.br\/galeria\/produto\/serigrafia-poty-sao-francisco-de-assis-sao-francisco-de-curitiba-sem-moldura\/\" \/>\n<meta property=\"og:locale\" content=\"pt_BR\" \/>\n<meta property=\"og:type\" content=\"article\" \/>\n<meta property=\"og:title\" content=\"Serigrafia Poty - S\u00e3o Francisco de Assis - S\u00e3o Francisco de Curitiba (sem moldura) - Solar do Ros\u00e1rio Galeria \\\\\\\\Nova\" \/>\n<meta property=\"og:description\" content=\"Artista: Poty T\u00edtulo: S\u00e3o Francisco de Assis - S\u00e3o Francisco de Curitiba Dimens\u00e3o: 37x25cm (sem a moldura) T\u00e9cnica: Serigrafia (sem moldura) Ano: 1997 &nbsp; S\u00e3o Francisco de Assis - S\u00e3o Francisco de Curitiba.\u00a0 Talvez o santo mais desenhado por Poty. Seria a afinidade da maneira humilde de ser? (...) Na vasta obra de Poty Lazzarotto, [&hellip;]\" \/>\n<meta property=\"og:url\" content=\"https:\/\/solardorosario.com.br\/galeria\/produto\/serigrafia-poty-sao-francisco-de-assis-sao-francisco-de-curitiba-sem-moldura\/\" \/>\n<meta property=\"og:site_name\" content=\"Solar do Ros\u00e1rio Galeria \\\\\\\\Nova\" \/>\n<meta property=\"article:modified_time\" content=\"2025-10-29T15:10:50+00:00\" \/>\n<meta property=\"og:image\" content=\"https:\/\/solardorosario.com.br\/galeria\/wp-content\/uploads\/2024\/08\/Imagem-do-WhatsApp-de-2024-06-20-as-10.47.29_be64fcb1.jpg\" \/>\n\t<meta property=\"og:image:width\" content=\"877\" \/>\n\t<meta property=\"og:image:height\" content=\"1280\" \/>\n\t<meta property=\"og:image:type\" content=\"image\/jpeg\" \/>\n<meta name=\"twitter:card\" content=\"summary_large_image\" \/>\n<meta name=\"twitter:label1\" content=\"Est. tempo de leitura\" \/>\n\t<meta name=\"twitter:data1\" content=\"2 minutos\" \/>\n<script type=\"application\/ld+json\" class=\"yoast-schema-graph\">{\"@context\":\"https:\\\/\\\/schema.org\",\"@graph\":[{\"@type\":\"WebPage\",\"@id\":\"https:\\\/\\\/solardorosario.com.br\\\/galeria\\\/produto\\\/serigrafia-poty-sao-francisco-de-assis-sao-francisco-de-curitiba-sem-moldura\\\/\",\"url\":\"https:\\\/\\\/solardorosario.com.br\\\/galeria\\\/produto\\\/serigrafia-poty-sao-francisco-de-assis-sao-francisco-de-curitiba-sem-moldura\\\/\",\"name\":\"Serigrafia Poty - S\u00e3o Francisco de Assis - S\u00e3o Francisco de Curitiba (sem moldura) - Solar do Ros\u00e1rio Galeria \\\\\\\\\\\\\\\\Nova\",\"isPartOf\":{\"@id\":\"https:\\\/\\\/solardorosario.com.br\\\/galeria\\\/#website\"},\"primaryImageOfPage\":{\"@id\":\"https:\\\/\\\/solardorosario.com.br\\\/galeria\\\/produto\\\/serigrafia-poty-sao-francisco-de-assis-sao-francisco-de-curitiba-sem-moldura\\\/#primaryimage\"},\"image\":{\"@id\":\"https:\\\/\\\/solardorosario.com.br\\\/galeria\\\/produto\\\/serigrafia-poty-sao-francisco-de-assis-sao-francisco-de-curitiba-sem-moldura\\\/#primaryimage\"},\"thumbnailUrl\":\"https:\\\/\\\/solardorosario.com.br\\\/galeria\\\/wp-content\\\/uploads\\\/2024\\\/08\\\/Imagem-do-WhatsApp-de-2024-06-20-as-10.47.29_be64fcb1.jpg\",\"datePublished\":\"2024-08-09T13:54:14+00:00\",\"dateModified\":\"2025-10-29T15:10:50+00:00\",\"breadcrumb\":{\"@id\":\"https:\\\/\\\/solardorosario.com.br\\\/galeria\\\/produto\\\/serigrafia-poty-sao-francisco-de-assis-sao-francisco-de-curitiba-sem-moldura\\\/#breadcrumb\"},\"inLanguage\":\"pt-BR\",\"potentialAction\":[{\"@type\":\"ReadAction\",\"target\":[\"https:\\\/\\\/solardorosario.com.br\\\/galeria\\\/produto\\\/serigrafia-poty-sao-francisco-de-assis-sao-francisco-de-curitiba-sem-moldura\\\/\"]}]},{\"@type\":\"ImageObject\",\"inLanguage\":\"pt-BR\",\"@id\":\"https:\\\/\\\/solardorosario.com.br\\\/galeria\\\/produto\\\/serigrafia-poty-sao-francisco-de-assis-sao-francisco-de-curitiba-sem-moldura\\\/#primaryimage\",\"url\":\"https:\\\/\\\/solardorosario.com.br\\\/galeria\\\/wp-content\\\/uploads\\\/2024\\\/08\\\/Imagem-do-WhatsApp-de-2024-06-20-as-10.47.29_be64fcb1.jpg\",\"contentUrl\":\"https:\\\/\\\/solardorosario.com.br\\\/galeria\\\/wp-content\\\/uploads\\\/2024\\\/08\\\/Imagem-do-WhatsApp-de-2024-06-20-as-10.47.29_be64fcb1.jpg\",\"width\":877,\"height\":1280},{\"@type\":\"BreadcrumbList\",\"@id\":\"https:\\\/\\\/solardorosario.com.br\\\/galeria\\\/produto\\\/serigrafia-poty-sao-francisco-de-assis-sao-francisco-de-curitiba-sem-moldura\\\/#breadcrumb\",\"itemListElement\":[{\"@type\":\"ListItem\",\"position\":1,\"name\":\"In\u00edcio\",\"item\":\"https:\\\/\\\/solardorosario.com.br\\\/galeria\\\/\"},{\"@type\":\"ListItem\",\"position\":2,\"name\":\"galeria\",\"item\":\"https:\\\/\\\/solardorosario.com.br\\\/galeria\\\/galeria\\\/\"},{\"@type\":\"ListItem\",\"position\":3,\"name\":\"Serigrafia Poty - S\u00e3o Francisco de Assis - S\u00e3o Francisco de Curitiba (sem moldura)\"}]},{\"@type\":\"WebSite\",\"@id\":\"https:\\\/\\\/solardorosario.com.br\\\/galeria\\\/#website\",\"url\":\"https:\\\/\\\/solardorosario.com.br\\\/galeria\\\/\",\"name\":\"Solar do Ros\u00e1rio Galeria \\\\\\\\\\\\\\\\Nova\",\"description\":\"\",\"potentialAction\":[{\"@type\":\"SearchAction\",\"target\":{\"@type\":\"EntryPoint\",\"urlTemplate\":\"https:\\\/\\\/solardorosario.com.br\\\/galeria\\\/?s={search_term_string}\"},\"query-input\":{\"@type\":\"PropertyValueSpecification\",\"valueRequired\":true,\"valueName\":\"search_term_string\"}}],\"inLanguage\":\"pt-BR\"}]}<\/script>\n<!-- \/ Yoast SEO plugin. -->","yoast_head_json":{"title":"Serigrafia Poty - S\u00e3o Francisco de Assis - S\u00e3o Francisco de Curitiba (sem moldura) - Solar do Ros\u00e1rio Galeria \\\\\\\\Nova","robots":{"index":"index","follow":"follow","max-snippet":"max-snippet:-1","max-image-preview":"max-image-preview:large","max-video-preview":"max-video-preview:-1"},"canonical":"https:\/\/solardorosario.com.br\/galeria\/produto\/serigrafia-poty-sao-francisco-de-assis-sao-francisco-de-curitiba-sem-moldura\/","og_locale":"pt_BR","og_type":"article","og_title":"Serigrafia Poty - S\u00e3o Francisco de Assis - S\u00e3o Francisco de Curitiba (sem moldura) - Solar do Ros\u00e1rio Galeria \\\\\\\\Nova","og_description":"Artista: Poty T\u00edtulo: S\u00e3o Francisco de Assis - S\u00e3o Francisco de Curitiba Dimens\u00e3o: 37x25cm (sem a moldura) T\u00e9cnica: Serigrafia (sem moldura) Ano: 1997 &nbsp; S\u00e3o Francisco de Assis - S\u00e3o Francisco de Curitiba.\u00a0 Talvez o santo mais desenhado por Poty. Seria a afinidade da maneira humilde de ser? (...) Na vasta obra de Poty Lazzarotto, [&hellip;]","og_url":"https:\/\/solardorosario.com.br\/galeria\/produto\/serigrafia-poty-sao-francisco-de-assis-sao-francisco-de-curitiba-sem-moldura\/","og_site_name":"Solar do Ros\u00e1rio Galeria \\\\\\\\Nova","article_modified_time":"2025-10-29T15:10:50+00:00","og_image":[{"width":877,"height":1280,"url":"https:\/\/solardorosario.com.br\/galeria\/wp-content\/uploads\/2024\/08\/Imagem-do-WhatsApp-de-2024-06-20-as-10.47.29_be64fcb1.jpg","type":"image\/jpeg"}],"twitter_card":"summary_large_image","twitter_misc":{"Est. tempo de leitura":"2 minutos"},"schema":{"@context":"https:\/\/schema.org","@graph":[{"@type":"WebPage","@id":"https:\/\/solardorosario.com.br\/galeria\/produto\/serigrafia-poty-sao-francisco-de-assis-sao-francisco-de-curitiba-sem-moldura\/","url":"https:\/\/solardorosario.com.br\/galeria\/produto\/serigrafia-poty-sao-francisco-de-assis-sao-francisco-de-curitiba-sem-moldura\/","name":"Serigrafia Poty - S\u00e3o Francisco de Assis - S\u00e3o Francisco de Curitiba (sem moldura) - Solar do Ros\u00e1rio Galeria \\\\\\\\Nova","isPartOf":{"@id":"https:\/\/solardorosario.com.br\/galeria\/#website"},"primaryImageOfPage":{"@id":"https:\/\/solardorosario.com.br\/galeria\/produto\/serigrafia-poty-sao-francisco-de-assis-sao-francisco-de-curitiba-sem-moldura\/#primaryimage"},"image":{"@id":"https:\/\/solardorosario.com.br\/galeria\/produto\/serigrafia-poty-sao-francisco-de-assis-sao-francisco-de-curitiba-sem-moldura\/#primaryimage"},"thumbnailUrl":"https:\/\/solardorosario.com.br\/galeria\/wp-content\/uploads\/2024\/08\/Imagem-do-WhatsApp-de-2024-06-20-as-10.47.29_be64fcb1.jpg","datePublished":"2024-08-09T13:54:14+00:00","dateModified":"2025-10-29T15:10:50+00:00","breadcrumb":{"@id":"https:\/\/solardorosario.com.br\/galeria\/produto\/serigrafia-poty-sao-francisco-de-assis-sao-francisco-de-curitiba-sem-moldura\/#breadcrumb"},"inLanguage":"pt-BR","potentialAction":[{"@type":"ReadAction","target":["https:\/\/solardorosario.com.br\/galeria\/produto\/serigrafia-poty-sao-francisco-de-assis-sao-francisco-de-curitiba-sem-moldura\/"]}]},{"@type":"ImageObject","inLanguage":"pt-BR","@id":"https:\/\/solardorosario.com.br\/galeria\/produto\/serigrafia-poty-sao-francisco-de-assis-sao-francisco-de-curitiba-sem-moldura\/#primaryimage","url":"https:\/\/solardorosario.com.br\/galeria\/wp-content\/uploads\/2024\/08\/Imagem-do-WhatsApp-de-2024-06-20-as-10.47.29_be64fcb1.jpg","contentUrl":"https:\/\/solardorosario.com.br\/galeria\/wp-content\/uploads\/2024\/08\/Imagem-do-WhatsApp-de-2024-06-20-as-10.47.29_be64fcb1.jpg","width":877,"height":1280},{"@type":"BreadcrumbList","@id":"https:\/\/solardorosario.com.br\/galeria\/produto\/serigrafia-poty-sao-francisco-de-assis-sao-francisco-de-curitiba-sem-moldura\/#breadcrumb","itemListElement":[{"@type":"ListItem","position":1,"name":"In\u00edcio","item":"https:\/\/solardorosario.com.br\/galeria\/"},{"@type":"ListItem","position":2,"name":"galeria","item":"https:\/\/solardorosario.com.br\/galeria\/galeria\/"},{"@type":"ListItem","position":3,"name":"Serigrafia Poty - S\u00e3o Francisco de Assis - S\u00e3o Francisco de Curitiba (sem moldura)"}]},{"@type":"WebSite","@id":"https:\/\/solardorosario.com.br\/galeria\/#website","url":"https:\/\/solardorosario.com.br\/galeria\/","name":"Solar do Ros\u00e1rio Galeria \\\\\\\\Nova","description":"","potentialAction":[{"@type":"SearchAction","target":{"@type":"EntryPoint","urlTemplate":"https:\/\/solardorosario.com.br\/galeria\/?s={search_term_string}"},"query-input":{"@type":"PropertyValueSpecification","valueRequired":true,"valueName":"search_term_string"}}],"inLanguage":"pt-BR"}]}},"_links":{"self":[{"href":"https:\/\/solardorosario.com.br\/galeria\/wp-json\/wp\/v2\/product\/5079","targetHints":{"allow":["GET"]}}],"collection":[{"href":"https:\/\/solardorosario.com.br\/galeria\/wp-json\/wp\/v2\/product"}],"about":[{"href":"https:\/\/solardorosario.com.br\/galeria\/wp-json\/wp\/v2\/types\/product"}],"wp:featuredmedia":[{"embeddable":true,"href":"https:\/\/solardorosario.com.br\/galeria\/wp-json\/wp\/v2\/media\/5083"}],"wp:attachment":[{"href":"https:\/\/solardorosario.com.br\/galeria\/wp-json\/wp\/v2\/media?parent=5079"}],"wp:term":[{"taxonomy":"product_brand","embeddable":true,"href":"https:\/\/solardorosario.com.br\/galeria\/wp-json\/wp\/v2\/product_brand?post=5079"},{"taxonomy":"product_cat","embeddable":true,"href":"https:\/\/solardorosario.com.br\/galeria\/wp-json\/wp\/v2\/product_cat?post=5079"},{"taxonomy":"product_tag","embeddable":true,"href":"https:\/\/solardorosario.com.br\/galeria\/wp-json\/wp\/v2\/product_tag?post=5079"}],"curies":[{"name":"wp","href":"https:\/\/api.w.org\/{rel}","templated":true}]}}