{"id":5038,"date":"2024-08-06T17:26:37","date_gmt":"2024-08-06T20:26:37","guid":{"rendered":"https:\/\/solardorosario.com.br\/galeria\/?post_type=product&#038;p=5038"},"modified":"2026-01-21T16:53:25","modified_gmt":"2026-01-21T19:53:25","slug":"serigrafia-poty-sao-lucas-ii-protetor-dos-medicos-com-moldura","status":"publish","type":"product","link":"https:\/\/solardorosario.com.br\/galeria\/produto\/serigrafia-poty-sao-lucas-ii-protetor-dos-medicos-com-moldura\/","title":{"rendered":"Serigrafia Poty - S\u00e3o Lucas II - Protetor dos M\u00e9dicos (com moldura)"},"content":{"rendered":"<p><strong>Artista:<\/strong> Poty<\/p>\n<p><strong>T\u00edtulo:<\/strong> S\u00e3o Lucas II - Protetor dos M\u00e9dicos<\/p>\n<p><strong>Dimens\u00e3o:<\/strong> 50x37cm<\/p>\n<p><strong>T\u00e9cnica:<\/strong> Serigrafia<\/p>\n<p><strong>Ano:<\/strong> 1998<\/p>\n<p>&nbsp;<\/p>\n<p>&nbsp;<\/p>\n<p><strong>Op\u00e7\u00f5es de moldura dispon\u00edveis conforme estoque. Consulte no WhatsApp: (41)<\/strong><strong>9 8804-3984\u00a0<\/strong><\/p>\n<p><em>Neste desenho, Poty desenha o naufr\u00e1gio que S\u00e3o Lucas sofreu na \u00c1sia Menor. Logo abaixo, referindo-se \u00e0 medicina, desenha a \u00e1rvore na ilha de Coz, na Gr\u00e9cia, lugar onde, confirme as referencias hist\u00f3ricas, Hip\u00f3crates, o maior m\u00e9dico da antiguidade, por volta do ano 400 antes do nascimento de Jesus Cristo, escreveu o juramento do m\u00e9dico.<\/em><br \/>\n<em>Poty contava que esteve sob essa antiga \u00e1rvore, que para manter-se de p\u00e9 e altiva est\u00e1 sustentada por estacas. Mas voltaremos a nossa era. Lucas, protegido pelo touro, escreve o evangelho de S\u00e3o Lucas. E abaixo, Poty registra cenas da medicina dos nossos dias.<\/em><\/p>\n<p>Regina Casillo, 2010<\/p>\n<p><em>As cidades t\u00eam seus poetas, seus cantores e seus pintores. Os mineiros t\u00eam Guignard, os cariocas t\u00eam Di Cavalcanti. Curitiba recebeu dos deuses o privil\u00e9gio de ter Poty a celebr\u00e1-la. Muralista por excel\u00eancia, onde quer que se caminhe na capital do Paran\u00e1 acompanha-se a obra monumental e o forte tra\u00e7o, \u00fanico, caracter\u00edstico de Napoleon Potyguara Lazzarotto, o nosso Poty.<\/em><\/p>\n<p>Regina Casillo, 1998<\/p>\n<p>&nbsp;<\/p>\n<p>&nbsp;<\/p>\n<p>Napoleon Potyguara Lazzarotto nasceu em 29 de mar\u00e7o de 1924, em Curitiba - Paran\u00e1, no anivers\u00e1rio da cidade (1924-1998). Era formado pela Escola Nacional de Belas Artes, no Rio de Janeiro e depois na Escola de Belas Artes, em Paris - Fran\u00e7a. Era artista visual, ilusrtrador, desenhista, gravador, muralista e professor. No in\u00edcio da d\u00e9cada de 1950, se mudou para S\u00e3o Paulo e ministrou cursos no Museu de Arte de S\u00e3o Paulo Assis Chateaubriand (MASP), nas escolas de gravura. Realizou diversas exposi\u00e7\u00f5es individuais e coletivas no Brasil e no exterior. Al\u00e9m disso, ilustrou v\u00e1rias obras liter\u00e1rias, como \"Grande Sert\u00e3o Veredas\", de Guimar\u00e3es Rosa, ou \"Capit\u00e3es de Areia\", de Jorge Amado.<\/p>\n","protected":false},"excerpt":{"rendered":"<p>Artista: Poty T\u00edtulo: S\u00e3o Lucas II - Protetor dos M\u00e9dicos Dimens\u00e3o: 50x37cm T\u00e9cnica: Serigrafia Ano: 1998 &nbsp; &nbsp; Op\u00e7\u00f5es de moldura dispon\u00edveis conforme estoque. Consulte no WhatsApp: (41)9 8804-3984\u00a0 Neste desenho, Poty desenha o naufr\u00e1gio que S\u00e3o Lucas sofreu na \u00c1sia Menor. Logo abaixo, referindo-se \u00e0 medicina, desenha a \u00e1rvore na ilha de Coz, na [&hellip;]<\/p>\n","protected":false},"featured_media":5043,"template":"","meta":[],"product_brand":[],"product_cat":[117],"product_tag":[],"class_list":{"0":"post-5038","1":"product","2":"type-product","3":"status-publish","4":"has-post-thumbnail","6":"product_cat-galeria","7":"pa_artista-poty","8":"pa_estilo-figurativo","9":"pa_tecnica-serigrafia","11":"first","12":"instock","13":"shipping-taxable","14":"product-type-simple"},"yoast_head":"<!-- This site is optimized with the Yoast SEO plugin v27.4 - https:\/\/yoast.com\/product\/yoast-seo-wordpress\/ -->\n<title>Serigrafia Poty - S\u00e3o Lucas II - Protetor dos M\u00e9dicos (com moldura) - Solar do Ros\u00e1rio Galeria \\\\\\\\Nova<\/title>\n<meta name=\"robots\" content=\"index, follow, max-snippet:-1, max-image-preview:large, max-video-preview:-1\" \/>\n<link rel=\"canonical\" href=\"https:\/\/solardorosario.com.br\/galeria\/produto\/serigrafia-poty-sao-lucas-ii-protetor-dos-medicos-com-moldura\/\" \/>\n<meta property=\"og:locale\" content=\"pt_BR\" \/>\n<meta property=\"og:type\" content=\"article\" \/>\n<meta property=\"og:title\" content=\"Serigrafia Poty - S\u00e3o Lucas II - Protetor dos M\u00e9dicos (com moldura) - Solar do Ros\u00e1rio Galeria \\\\\\\\Nova\" \/>\n<meta property=\"og:description\" content=\"Artista: Poty T\u00edtulo: S\u00e3o Lucas II - Protetor dos M\u00e9dicos Dimens\u00e3o: 50x37cm T\u00e9cnica: Serigrafia Ano: 1998 &nbsp; &nbsp; Op\u00e7\u00f5es de moldura dispon\u00edveis conforme estoque. Consulte no WhatsApp: (41)9 8804-3984\u00a0 Neste desenho, Poty desenha o naufr\u00e1gio que S\u00e3o Lucas sofreu na \u00c1sia Menor. Logo abaixo, referindo-se \u00e0 medicina, desenha a \u00e1rvore na ilha de Coz, na [&hellip;]\" \/>\n<meta property=\"og:url\" content=\"https:\/\/solardorosario.com.br\/galeria\/produto\/serigrafia-poty-sao-lucas-ii-protetor-dos-medicos-com-moldura\/\" \/>\n<meta property=\"og:site_name\" content=\"Solar do Ros\u00e1rio Galeria \\\\\\\\Nova\" \/>\n<meta property=\"article:modified_time\" content=\"2026-01-21T19:53:25+00:00\" \/>\n<meta property=\"og:image\" content=\"https:\/\/solardorosario.com.br\/galeria\/wp-content\/uploads\/2024\/08\/Sao-Lucas-I.jpeg\" \/>\n\t<meta property=\"og:image:width\" content=\"1472\" \/>\n\t<meta property=\"og:image:height\" content=\"2135\" \/>\n\t<meta property=\"og:image:type\" content=\"image\/jpeg\" \/>\n<meta name=\"twitter:card\" content=\"summary_large_image\" \/>\n<meta name=\"twitter:label1\" content=\"Est. tempo de leitura\" \/>\n\t<meta name=\"twitter:data1\" content=\"2 minutos\" \/>\n<script type=\"application\/ld+json\" class=\"yoast-schema-graph\">{\"@context\":\"https:\\\/\\\/schema.org\",\"@graph\":[{\"@type\":\"WebPage\",\"@id\":\"https:\\\/\\\/solardorosario.com.br\\\/galeria\\\/produto\\\/serigrafia-poty-sao-lucas-ii-protetor-dos-medicos-com-moldura\\\/\",\"url\":\"https:\\\/\\\/solardorosario.com.br\\\/galeria\\\/produto\\\/serigrafia-poty-sao-lucas-ii-protetor-dos-medicos-com-moldura\\\/\",\"name\":\"Serigrafia Poty - S\u00e3o Lucas II - Protetor dos M\u00e9dicos (com moldura) - Solar do Ros\u00e1rio Galeria \\\\\\\\\\\\\\\\Nova\",\"isPartOf\":{\"@id\":\"https:\\\/\\\/solardorosario.com.br\\\/galeria\\\/#website\"},\"primaryImageOfPage\":{\"@id\":\"https:\\\/\\\/solardorosario.com.br\\\/galeria\\\/produto\\\/serigrafia-poty-sao-lucas-ii-protetor-dos-medicos-com-moldura\\\/#primaryimage\"},\"image\":{\"@id\":\"https:\\\/\\\/solardorosario.com.br\\\/galeria\\\/produto\\\/serigrafia-poty-sao-lucas-ii-protetor-dos-medicos-com-moldura\\\/#primaryimage\"},\"thumbnailUrl\":\"https:\\\/\\\/solardorosario.com.br\\\/galeria\\\/wp-content\\\/uploads\\\/2024\\\/08\\\/Sao-Lucas-I.jpeg\",\"datePublished\":\"2024-08-06T20:26:37+00:00\",\"dateModified\":\"2026-01-21T19:53:25+00:00\",\"breadcrumb\":{\"@id\":\"https:\\\/\\\/solardorosario.com.br\\\/galeria\\\/produto\\\/serigrafia-poty-sao-lucas-ii-protetor-dos-medicos-com-moldura\\\/#breadcrumb\"},\"inLanguage\":\"pt-BR\",\"potentialAction\":[{\"@type\":\"ReadAction\",\"target\":[\"https:\\\/\\\/solardorosario.com.br\\\/galeria\\\/produto\\\/serigrafia-poty-sao-lucas-ii-protetor-dos-medicos-com-moldura\\\/\"]}]},{\"@type\":\"ImageObject\",\"inLanguage\":\"pt-BR\",\"@id\":\"https:\\\/\\\/solardorosario.com.br\\\/galeria\\\/produto\\\/serigrafia-poty-sao-lucas-ii-protetor-dos-medicos-com-moldura\\\/#primaryimage\",\"url\":\"https:\\\/\\\/solardorosario.com.br\\\/galeria\\\/wp-content\\\/uploads\\\/2024\\\/08\\\/Sao-Lucas-I.jpeg\",\"contentUrl\":\"https:\\\/\\\/solardorosario.com.br\\\/galeria\\\/wp-content\\\/uploads\\\/2024\\\/08\\\/Sao-Lucas-I.jpeg\",\"width\":1472,\"height\":2135},{\"@type\":\"BreadcrumbList\",\"@id\":\"https:\\\/\\\/solardorosario.com.br\\\/galeria\\\/produto\\\/serigrafia-poty-sao-lucas-ii-protetor-dos-medicos-com-moldura\\\/#breadcrumb\",\"itemListElement\":[{\"@type\":\"ListItem\",\"position\":1,\"name\":\"In\u00edcio\",\"item\":\"https:\\\/\\\/solardorosario.com.br\\\/galeria\\\/\"},{\"@type\":\"ListItem\",\"position\":2,\"name\":\"galeria\",\"item\":\"https:\\\/\\\/solardorosario.com.br\\\/galeria\\\/galeria\\\/\"},{\"@type\":\"ListItem\",\"position\":3,\"name\":\"Serigrafia Poty - S\u00e3o Lucas II - Protetor dos M\u00e9dicos (com moldura)\"}]},{\"@type\":\"WebSite\",\"@id\":\"https:\\\/\\\/solardorosario.com.br\\\/galeria\\\/#website\",\"url\":\"https:\\\/\\\/solardorosario.com.br\\\/galeria\\\/\",\"name\":\"Solar do Ros\u00e1rio Galeria \\\\\\\\\\\\\\\\Nova\",\"description\":\"\",\"potentialAction\":[{\"@type\":\"SearchAction\",\"target\":{\"@type\":\"EntryPoint\",\"urlTemplate\":\"https:\\\/\\\/solardorosario.com.br\\\/galeria\\\/?s={search_term_string}\"},\"query-input\":{\"@type\":\"PropertyValueSpecification\",\"valueRequired\":true,\"valueName\":\"search_term_string\"}}],\"inLanguage\":\"pt-BR\"}]}<\/script>\n<!-- \/ Yoast SEO plugin. -->","yoast_head_json":{"title":"Serigrafia Poty - S\u00e3o Lucas II - Protetor dos M\u00e9dicos (com moldura) - Solar do Ros\u00e1rio Galeria \\\\\\\\Nova","robots":{"index":"index","follow":"follow","max-snippet":"max-snippet:-1","max-image-preview":"max-image-preview:large","max-video-preview":"max-video-preview:-1"},"canonical":"https:\/\/solardorosario.com.br\/galeria\/produto\/serigrafia-poty-sao-lucas-ii-protetor-dos-medicos-com-moldura\/","og_locale":"pt_BR","og_type":"article","og_title":"Serigrafia Poty - S\u00e3o Lucas II - Protetor dos M\u00e9dicos (com moldura) - Solar do Ros\u00e1rio Galeria \\\\\\\\Nova","og_description":"Artista: Poty T\u00edtulo: S\u00e3o Lucas II - Protetor dos M\u00e9dicos Dimens\u00e3o: 50x37cm T\u00e9cnica: Serigrafia Ano: 1998 &nbsp; &nbsp; Op\u00e7\u00f5es de moldura dispon\u00edveis conforme estoque. Consulte no WhatsApp: (41)9 8804-3984\u00a0 Neste desenho, Poty desenha o naufr\u00e1gio que S\u00e3o Lucas sofreu na \u00c1sia Menor. Logo abaixo, referindo-se \u00e0 medicina, desenha a \u00e1rvore na ilha de Coz, na [&hellip;]","og_url":"https:\/\/solardorosario.com.br\/galeria\/produto\/serigrafia-poty-sao-lucas-ii-protetor-dos-medicos-com-moldura\/","og_site_name":"Solar do Ros\u00e1rio Galeria \\\\\\\\Nova","article_modified_time":"2026-01-21T19:53:25+00:00","og_image":[{"width":1472,"height":2135,"url":"https:\/\/solardorosario.com.br\/galeria\/wp-content\/uploads\/2024\/08\/Sao-Lucas-I.jpeg","type":"image\/jpeg"}],"twitter_card":"summary_large_image","twitter_misc":{"Est. tempo de leitura":"2 minutos"},"schema":{"@context":"https:\/\/schema.org","@graph":[{"@type":"WebPage","@id":"https:\/\/solardorosario.com.br\/galeria\/produto\/serigrafia-poty-sao-lucas-ii-protetor-dos-medicos-com-moldura\/","url":"https:\/\/solardorosario.com.br\/galeria\/produto\/serigrafia-poty-sao-lucas-ii-protetor-dos-medicos-com-moldura\/","name":"Serigrafia Poty - S\u00e3o Lucas II - Protetor dos M\u00e9dicos (com moldura) - Solar do Ros\u00e1rio Galeria \\\\\\\\Nova","isPartOf":{"@id":"https:\/\/solardorosario.com.br\/galeria\/#website"},"primaryImageOfPage":{"@id":"https:\/\/solardorosario.com.br\/galeria\/produto\/serigrafia-poty-sao-lucas-ii-protetor-dos-medicos-com-moldura\/#primaryimage"},"image":{"@id":"https:\/\/solardorosario.com.br\/galeria\/produto\/serigrafia-poty-sao-lucas-ii-protetor-dos-medicos-com-moldura\/#primaryimage"},"thumbnailUrl":"https:\/\/solardorosario.com.br\/galeria\/wp-content\/uploads\/2024\/08\/Sao-Lucas-I.jpeg","datePublished":"2024-08-06T20:26:37+00:00","dateModified":"2026-01-21T19:53:25+00:00","breadcrumb":{"@id":"https:\/\/solardorosario.com.br\/galeria\/produto\/serigrafia-poty-sao-lucas-ii-protetor-dos-medicos-com-moldura\/#breadcrumb"},"inLanguage":"pt-BR","potentialAction":[{"@type":"ReadAction","target":["https:\/\/solardorosario.com.br\/galeria\/produto\/serigrafia-poty-sao-lucas-ii-protetor-dos-medicos-com-moldura\/"]}]},{"@type":"ImageObject","inLanguage":"pt-BR","@id":"https:\/\/solardorosario.com.br\/galeria\/produto\/serigrafia-poty-sao-lucas-ii-protetor-dos-medicos-com-moldura\/#primaryimage","url":"https:\/\/solardorosario.com.br\/galeria\/wp-content\/uploads\/2024\/08\/Sao-Lucas-I.jpeg","contentUrl":"https:\/\/solardorosario.com.br\/galeria\/wp-content\/uploads\/2024\/08\/Sao-Lucas-I.jpeg","width":1472,"height":2135},{"@type":"BreadcrumbList","@id":"https:\/\/solardorosario.com.br\/galeria\/produto\/serigrafia-poty-sao-lucas-ii-protetor-dos-medicos-com-moldura\/#breadcrumb","itemListElement":[{"@type":"ListItem","position":1,"name":"In\u00edcio","item":"https:\/\/solardorosario.com.br\/galeria\/"},{"@type":"ListItem","position":2,"name":"galeria","item":"https:\/\/solardorosario.com.br\/galeria\/galeria\/"},{"@type":"ListItem","position":3,"name":"Serigrafia Poty - S\u00e3o Lucas II - Protetor dos M\u00e9dicos (com moldura)"}]},{"@type":"WebSite","@id":"https:\/\/solardorosario.com.br\/galeria\/#website","url":"https:\/\/solardorosario.com.br\/galeria\/","name":"Solar do Ros\u00e1rio Galeria \\\\\\\\Nova","description":"","potentialAction":[{"@type":"SearchAction","target":{"@type":"EntryPoint","urlTemplate":"https:\/\/solardorosario.com.br\/galeria\/?s={search_term_string}"},"query-input":{"@type":"PropertyValueSpecification","valueRequired":true,"valueName":"search_term_string"}}],"inLanguage":"pt-BR"}]}},"_links":{"self":[{"href":"https:\/\/solardorosario.com.br\/galeria\/wp-json\/wp\/v2\/product\/5038","targetHints":{"allow":["GET"]}}],"collection":[{"href":"https:\/\/solardorosario.com.br\/galeria\/wp-json\/wp\/v2\/product"}],"about":[{"href":"https:\/\/solardorosario.com.br\/galeria\/wp-json\/wp\/v2\/types\/product"}],"wp:featuredmedia":[{"embeddable":true,"href":"https:\/\/solardorosario.com.br\/galeria\/wp-json\/wp\/v2\/media\/5043"}],"wp:attachment":[{"href":"https:\/\/solardorosario.com.br\/galeria\/wp-json\/wp\/v2\/media?parent=5038"}],"wp:term":[{"taxonomy":"product_brand","embeddable":true,"href":"https:\/\/solardorosario.com.br\/galeria\/wp-json\/wp\/v2\/product_brand?post=5038"},{"taxonomy":"product_cat","embeddable":true,"href":"https:\/\/solardorosario.com.br\/galeria\/wp-json\/wp\/v2\/product_cat?post=5038"},{"taxonomy":"product_tag","embeddable":true,"href":"https:\/\/solardorosario.com.br\/galeria\/wp-json\/wp\/v2\/product_tag?post=5038"}],"curies":[{"name":"wp","href":"https:\/\/api.w.org\/{rel}","templated":true}]}}