{"id":5002,"date":"2024-07-22T18:18:13","date_gmt":"2024-07-22T21:18:13","guid":{"rendered":"https:\/\/solardorosario.com.br\/galeria\/?post_type=product&#038;p=5002"},"modified":"2026-02-11T16:42:16","modified_gmt":"2026-02-11T19:42:16","slug":"culau-praca-tiradentes","status":"publish","type":"product","link":"https:\/\/solardorosario.com.br\/galeria\/produto\/culau-praca-tiradentes\/","title":{"rendered":"Culau - Pra\u00e7a Tiradentes"},"content":{"rendered":"<p><strong>Artista:<\/strong> Culau<\/p>\n<p><strong>T\u00edtulo:<\/strong> Pra\u00e7a Tiradentes<\/p>\n<p><strong>Dimens\u00e3o:<\/strong> 31x41cm<\/p>\n<p><strong>T\u00e9cnica:<\/strong> Gravura aquarela (sem moldura)<\/p>\n<p>&nbsp;<\/p>\n<p>&nbsp;<\/p>\n<p>Nasceu em Santa Maria - RS, 1959. \u00c9 pintor, desenhista, urban sketcher. Se formou em publicidade e propaganda, pela UFSM\/RS, em 1990 e logo se muda para Curitiba - PR, e participa dos cursos de extens\u00e3o de Aprecia\u00e7\u00e3o Cr\u00edtica do Cinema, no Museu de Imagem e o Som. Tematiza vis\u00f5es do urbano, do social e do rural. Em 1993, \u00e9 respons\u00e1vel pela execu\u00e7\u00e3o Mural do Trabalho, do Tribunal Regional do Trabalho, em Curitiba. Tamb\u00e9m em 1993, na individual Curitiba 300 Anos, apresenta desenhos a bico-de-pena, que se destacam pelo grafismo \u2013 ao mesmo tempo sutil e seguro \u2013, abordando seus aspectos urbanos, cujas edifica\u00e7\u00f5es v\u00e3o do estilo colonial e ecl\u00e9tico ao contempor\u00e2neo. Exposi\u00e7\u00f5es individuais e coletivas em diversos locais de Santa Maria e Curitiba, al\u00e9m de sal\u00f5es, como 5.\u00ba Sal\u00e3o Paranaense da Paisagem\u201d \u2013 Pa\u00e7o Municipal\/PMM, MAC-PR\/COSEM\/SEEC, Maring\u00e1\/PR, 1990, XXII Sal\u00e3o de Belas Artes da Primavera\u201d \u2013 Clube Conc\u00f3rdia, Curitiba\/PR. Al\u00e9m disso, tem uma obra no acervo no Sindicato dos Servidores da Justi\u00e7a do Trabalho, de 1990.<\/p>\n","protected":false},"excerpt":{"rendered":"<p>Artista: Culau T\u00edtulo: Pra\u00e7a Tiradentes Dimens\u00e3o: 31x41cm T\u00e9cnica: Gravura aquarela (sem moldura) &nbsp; &nbsp; Nasceu em Santa Maria - RS, 1959. \u00c9 pintor, desenhista, urban sketcher. Se formou em publicidade e propaganda, pela UFSM\/RS, em 1990 e logo se muda para Curitiba - PR, e participa dos cursos de extens\u00e3o de Aprecia\u00e7\u00e3o Cr\u00edtica do Cinema, [&hellip;]<\/p>\n","protected":false},"featured_media":5003,"template":"","meta":[],"product_brand":[],"product_cat":[117],"product_tag":[],"class_list":{"0":"post-5002","1":"product","2":"type-product","3":"status-publish","4":"has-post-thumbnail","6":"product_cat-galeria","7":"pa_artista-culau","8":"pa_estilo-figurativo-paisagem","9":"pa_tecnica-gravura","10":"pa_tecnica-gravura-aquarelada","12":"first","13":"instock","14":"shipping-taxable","15":"purchasable","16":"product-type-simple"},"yoast_head":"<!-- This site is optimized with the Yoast SEO plugin v27.4 - https:\/\/yoast.com\/product\/yoast-seo-wordpress\/ -->\n<title>Culau - Pra\u00e7a Tiradentes - Solar do Ros\u00e1rio Galeria \\\\\\\\Nova<\/title>\n<meta name=\"robots\" content=\"index, follow, max-snippet:-1, max-image-preview:large, max-video-preview:-1\" \/>\n<link rel=\"canonical\" href=\"https:\/\/solardorosario.com.br\/galeria\/produto\/culau-praca-tiradentes\/\" \/>\n<meta property=\"og:locale\" content=\"pt_BR\" \/>\n<meta property=\"og:type\" content=\"article\" \/>\n<meta property=\"og:title\" content=\"Culau - Pra\u00e7a Tiradentes - Solar do Ros\u00e1rio Galeria \\\\\\\\Nova\" \/>\n<meta property=\"og:description\" content=\"Artista: Culau T\u00edtulo: Pra\u00e7a Tiradentes Dimens\u00e3o: 31x41cm T\u00e9cnica: Gravura aquarela (sem moldura) &nbsp; &nbsp; Nasceu em Santa Maria - RS, 1959. \u00c9 pintor, desenhista, urban sketcher. Se formou em publicidade e propaganda, pela UFSM\/RS, em 1990 e logo se muda para Curitiba - PR, e participa dos cursos de extens\u00e3o de Aprecia\u00e7\u00e3o Cr\u00edtica do Cinema, [&hellip;]\" \/>\n<meta property=\"og:url\" content=\"https:\/\/solardorosario.com.br\/galeria\/produto\/culau-praca-tiradentes\/\" \/>\n<meta property=\"og:site_name\" content=\"Solar do Ros\u00e1rio Galeria \\\\\\\\Nova\" \/>\n<meta property=\"article:modified_time\" content=\"2026-02-11T19:42:16+00:00\" \/>\n<meta property=\"og:image\" content=\"https:\/\/solardorosario.com.br\/galeria\/wp-content\/uploads\/2024\/07\/Imagem-do-WhatsApp-de-2024-07-12-as-16.04.32_47a1e28e.jpg\" \/>\n\t<meta property=\"og:image:width\" content=\"1155\" \/>\n\t<meta property=\"og:image:height\" content=\"1600\" \/>\n\t<meta property=\"og:image:type\" content=\"image\/jpeg\" \/>\n<meta name=\"twitter:card\" content=\"summary_large_image\" \/>\n<meta name=\"twitter:label1\" content=\"Est. tempo de leitura\" \/>\n\t<meta name=\"twitter:data1\" content=\"2 minutos\" \/>\n<script type=\"application\/ld+json\" class=\"yoast-schema-graph\">{\"@context\":\"https:\\\/\\\/schema.org\",\"@graph\":[{\"@type\":\"WebPage\",\"@id\":\"https:\\\/\\\/solardorosario.com.br\\\/galeria\\\/produto\\\/culau-praca-tiradentes\\\/\",\"url\":\"https:\\\/\\\/solardorosario.com.br\\\/galeria\\\/produto\\\/culau-praca-tiradentes\\\/\",\"name\":\"Culau - Pra\u00e7a Tiradentes - Solar do Ros\u00e1rio Galeria \\\\\\\\\\\\\\\\Nova\",\"isPartOf\":{\"@id\":\"https:\\\/\\\/solardorosario.com.br\\\/galeria\\\/#website\"},\"primaryImageOfPage\":{\"@id\":\"https:\\\/\\\/solardorosario.com.br\\\/galeria\\\/produto\\\/culau-praca-tiradentes\\\/#primaryimage\"},\"image\":{\"@id\":\"https:\\\/\\\/solardorosario.com.br\\\/galeria\\\/produto\\\/culau-praca-tiradentes\\\/#primaryimage\"},\"thumbnailUrl\":\"https:\\\/\\\/solardorosario.com.br\\\/galeria\\\/wp-content\\\/uploads\\\/2024\\\/07\\\/Imagem-do-WhatsApp-de-2024-07-12-as-16.04.32_47a1e28e.jpg\",\"datePublished\":\"2024-07-22T21:18:13+00:00\",\"dateModified\":\"2026-02-11T19:42:16+00:00\",\"breadcrumb\":{\"@id\":\"https:\\\/\\\/solardorosario.com.br\\\/galeria\\\/produto\\\/culau-praca-tiradentes\\\/#breadcrumb\"},\"inLanguage\":\"pt-BR\",\"potentialAction\":[{\"@type\":\"ReadAction\",\"target\":[\"https:\\\/\\\/solardorosario.com.br\\\/galeria\\\/produto\\\/culau-praca-tiradentes\\\/\"]}]},{\"@type\":\"ImageObject\",\"inLanguage\":\"pt-BR\",\"@id\":\"https:\\\/\\\/solardorosario.com.br\\\/galeria\\\/produto\\\/culau-praca-tiradentes\\\/#primaryimage\",\"url\":\"https:\\\/\\\/solardorosario.com.br\\\/galeria\\\/wp-content\\\/uploads\\\/2024\\\/07\\\/Imagem-do-WhatsApp-de-2024-07-12-as-16.04.32_47a1e28e.jpg\",\"contentUrl\":\"https:\\\/\\\/solardorosario.com.br\\\/galeria\\\/wp-content\\\/uploads\\\/2024\\\/07\\\/Imagem-do-WhatsApp-de-2024-07-12-as-16.04.32_47a1e28e.jpg\",\"width\":1155,\"height\":1600},{\"@type\":\"BreadcrumbList\",\"@id\":\"https:\\\/\\\/solardorosario.com.br\\\/galeria\\\/produto\\\/culau-praca-tiradentes\\\/#breadcrumb\",\"itemListElement\":[{\"@type\":\"ListItem\",\"position\":1,\"name\":\"In\u00edcio\",\"item\":\"https:\\\/\\\/solardorosario.com.br\\\/galeria\\\/\"},{\"@type\":\"ListItem\",\"position\":2,\"name\":\"galeria\",\"item\":\"https:\\\/\\\/solardorosario.com.br\\\/galeria\\\/galeria\\\/\"},{\"@type\":\"ListItem\",\"position\":3,\"name\":\"Culau - Pra\u00e7a Tiradentes\"}]},{\"@type\":\"WebSite\",\"@id\":\"https:\\\/\\\/solardorosario.com.br\\\/galeria\\\/#website\",\"url\":\"https:\\\/\\\/solardorosario.com.br\\\/galeria\\\/\",\"name\":\"Solar do Ros\u00e1rio Galeria \\\\\\\\\\\\\\\\Nova\",\"description\":\"\",\"potentialAction\":[{\"@type\":\"SearchAction\",\"target\":{\"@type\":\"EntryPoint\",\"urlTemplate\":\"https:\\\/\\\/solardorosario.com.br\\\/galeria\\\/?s={search_term_string}\"},\"query-input\":{\"@type\":\"PropertyValueSpecification\",\"valueRequired\":true,\"valueName\":\"search_term_string\"}}],\"inLanguage\":\"pt-BR\"}]}<\/script>\n<!-- \/ Yoast SEO plugin. -->","yoast_head_json":{"title":"Culau - Pra\u00e7a Tiradentes - Solar do Ros\u00e1rio Galeria \\\\\\\\Nova","robots":{"index":"index","follow":"follow","max-snippet":"max-snippet:-1","max-image-preview":"max-image-preview:large","max-video-preview":"max-video-preview:-1"},"canonical":"https:\/\/solardorosario.com.br\/galeria\/produto\/culau-praca-tiradentes\/","og_locale":"pt_BR","og_type":"article","og_title":"Culau - Pra\u00e7a Tiradentes - Solar do Ros\u00e1rio Galeria \\\\\\\\Nova","og_description":"Artista: Culau T\u00edtulo: Pra\u00e7a Tiradentes Dimens\u00e3o: 31x41cm T\u00e9cnica: Gravura aquarela (sem moldura) &nbsp; &nbsp; Nasceu em Santa Maria - RS, 1959. \u00c9 pintor, desenhista, urban sketcher. Se formou em publicidade e propaganda, pela UFSM\/RS, em 1990 e logo se muda para Curitiba - PR, e participa dos cursos de extens\u00e3o de Aprecia\u00e7\u00e3o Cr\u00edtica do Cinema, [&hellip;]","og_url":"https:\/\/solardorosario.com.br\/galeria\/produto\/culau-praca-tiradentes\/","og_site_name":"Solar do Ros\u00e1rio Galeria \\\\\\\\Nova","article_modified_time":"2026-02-11T19:42:16+00:00","og_image":[{"width":1155,"height":1600,"url":"https:\/\/solardorosario.com.br\/galeria\/wp-content\/uploads\/2024\/07\/Imagem-do-WhatsApp-de-2024-07-12-as-16.04.32_47a1e28e.jpg","type":"image\/jpeg"}],"twitter_card":"summary_large_image","twitter_misc":{"Est. tempo de leitura":"2 minutos"},"schema":{"@context":"https:\/\/schema.org","@graph":[{"@type":"WebPage","@id":"https:\/\/solardorosario.com.br\/galeria\/produto\/culau-praca-tiradentes\/","url":"https:\/\/solardorosario.com.br\/galeria\/produto\/culau-praca-tiradentes\/","name":"Culau - Pra\u00e7a Tiradentes - Solar do Ros\u00e1rio Galeria \\\\\\\\Nova","isPartOf":{"@id":"https:\/\/solardorosario.com.br\/galeria\/#website"},"primaryImageOfPage":{"@id":"https:\/\/solardorosario.com.br\/galeria\/produto\/culau-praca-tiradentes\/#primaryimage"},"image":{"@id":"https:\/\/solardorosario.com.br\/galeria\/produto\/culau-praca-tiradentes\/#primaryimage"},"thumbnailUrl":"https:\/\/solardorosario.com.br\/galeria\/wp-content\/uploads\/2024\/07\/Imagem-do-WhatsApp-de-2024-07-12-as-16.04.32_47a1e28e.jpg","datePublished":"2024-07-22T21:18:13+00:00","dateModified":"2026-02-11T19:42:16+00:00","breadcrumb":{"@id":"https:\/\/solardorosario.com.br\/galeria\/produto\/culau-praca-tiradentes\/#breadcrumb"},"inLanguage":"pt-BR","potentialAction":[{"@type":"ReadAction","target":["https:\/\/solardorosario.com.br\/galeria\/produto\/culau-praca-tiradentes\/"]}]},{"@type":"ImageObject","inLanguage":"pt-BR","@id":"https:\/\/solardorosario.com.br\/galeria\/produto\/culau-praca-tiradentes\/#primaryimage","url":"https:\/\/solardorosario.com.br\/galeria\/wp-content\/uploads\/2024\/07\/Imagem-do-WhatsApp-de-2024-07-12-as-16.04.32_47a1e28e.jpg","contentUrl":"https:\/\/solardorosario.com.br\/galeria\/wp-content\/uploads\/2024\/07\/Imagem-do-WhatsApp-de-2024-07-12-as-16.04.32_47a1e28e.jpg","width":1155,"height":1600},{"@type":"BreadcrumbList","@id":"https:\/\/solardorosario.com.br\/galeria\/produto\/culau-praca-tiradentes\/#breadcrumb","itemListElement":[{"@type":"ListItem","position":1,"name":"In\u00edcio","item":"https:\/\/solardorosario.com.br\/galeria\/"},{"@type":"ListItem","position":2,"name":"galeria","item":"https:\/\/solardorosario.com.br\/galeria\/galeria\/"},{"@type":"ListItem","position":3,"name":"Culau - Pra\u00e7a Tiradentes"}]},{"@type":"WebSite","@id":"https:\/\/solardorosario.com.br\/galeria\/#website","url":"https:\/\/solardorosario.com.br\/galeria\/","name":"Solar do Ros\u00e1rio Galeria \\\\\\\\Nova","description":"","potentialAction":[{"@type":"SearchAction","target":{"@type":"EntryPoint","urlTemplate":"https:\/\/solardorosario.com.br\/galeria\/?s={search_term_string}"},"query-input":{"@type":"PropertyValueSpecification","valueRequired":true,"valueName":"search_term_string"}}],"inLanguage":"pt-BR"}]}},"_links":{"self":[{"href":"https:\/\/solardorosario.com.br\/galeria\/wp-json\/wp\/v2\/product\/5002","targetHints":{"allow":["GET"]}}],"collection":[{"href":"https:\/\/solardorosario.com.br\/galeria\/wp-json\/wp\/v2\/product"}],"about":[{"href":"https:\/\/solardorosario.com.br\/galeria\/wp-json\/wp\/v2\/types\/product"}],"wp:featuredmedia":[{"embeddable":true,"href":"https:\/\/solardorosario.com.br\/galeria\/wp-json\/wp\/v2\/media\/5003"}],"wp:attachment":[{"href":"https:\/\/solardorosario.com.br\/galeria\/wp-json\/wp\/v2\/media?parent=5002"}],"wp:term":[{"taxonomy":"product_brand","embeddable":true,"href":"https:\/\/solardorosario.com.br\/galeria\/wp-json\/wp\/v2\/product_brand?post=5002"},{"taxonomy":"product_cat","embeddable":true,"href":"https:\/\/solardorosario.com.br\/galeria\/wp-json\/wp\/v2\/product_cat?post=5002"},{"taxonomy":"product_tag","embeddable":true,"href":"https:\/\/solardorosario.com.br\/galeria\/wp-json\/wp\/v2\/product_tag?post=5002"}],"curies":[{"name":"wp","href":"https:\/\/api.w.org\/{rel}","templated":true}]}}