{"id":4977,"date":"2024-07-05T14:47:20","date_gmt":"2024-07-05T17:47:20","guid":{"rendered":"https:\/\/solardorosario.com.br\/galeria\/?post_type=product&#038;p=4977"},"modified":"2026-03-18T18:15:50","modified_gmt":"2026-03-18T21:15:50","slug":"carla-schwab-white-cat","status":"publish","type":"product","link":"https:\/\/solardorosario.com.br\/galeria\/produto\/carla-schwab-white-cat\/","title":{"rendered":"Carla Schwab - White Cat"},"content":{"rendered":"<div id=\"-product-builder-12-873\" class=\"oxy-product-builder oxy-woo-element\">\n<div id=\"product-4322\" class=\"product type-product post-4322 status-publish first instock product_cat-galeria has-post-thumbnail shipping-taxable purchasable product-type-simple\">\n<div class=\"oxy-product-wrapper-inner oxy-inner-content\">\n<div id=\"-product-tabs-63-873\" class=\"oxy-product-tabs oxy-woo-element\">\n<div class=\"woocommerce-tabs wc-tabs-wrapper\">\n<p id=\"tab-description\" class=\"woocommerce-Tabs-panel woocommerce-Tabs-panel--description panel entry-content wc-tab\" style=\"text-align: left\" role=\"tabpanel\" aria-labelledby=\"tab-title-description\"><strong>Artista:<\/strong> Carla Schwab<\/p>\n<p class=\"woocommerce-Tabs-panel woocommerce-Tabs-panel--description panel entry-content wc-tab\" style=\"text-align: left\" role=\"tabpanel\" aria-labelledby=\"tab-title-description\"><strong>T\u00edtulo:<\/strong> S\u00e9rie: Natureza Rendada - White Cat<\/p>\n<p class=\"woocommerce-Tabs-panel woocommerce-Tabs-panel--description panel entry-content wc-tab\" style=\"text-align: left\" role=\"tabpanel\" aria-labelledby=\"tab-title-description\"><strong>T\u00e9cnica:<\/strong> Acr\u00edlica sobre tela (canvas)<\/p>\n<p class=\"woocommerce-Tabs-panel woocommerce-Tabs-panel--description panel entry-content wc-tab\" style=\"text-align: left\" role=\"tabpanel\" aria-labelledby=\"tab-title-description\"><strong>Dimens\u00e3o:<\/strong> 60x50cm (sem moldura)<\/p>\n<p role=\"tabpanel\" aria-labelledby=\"tab-title-description\">\n<\/div>\n<\/div>\n<\/div>\n<\/div>\n<\/div>\n<div id=\"code_block-64-873\" class=\"ct-code-block\" style=\"text-align: left\">\n<p id=\"code_block-64-873\" class=\"ct-code-block\" style=\"text-align: right\">\n<\/div>\n<div id=\"-related-products-65-873\" class=\"oxy-related-products oxy-woo-element\" style=\"text-align: left\"><em><strong>Carla Schwab<\/strong><\/em>\u00a0\u00e9 Artista Visual graduada pela UFPel-RS e Professora de Artes em estudos de materiais e t\u00e9cnicas de pintura. Sua s\u00e9rie \u201cRendados\u201d \u00e9 uma produ\u00e7\u00e3o atemporal, premiada, com participa\u00e7\u00f5es em edi\u00e7\u00f5es da Casa Cor pelo Brasil, Carrousel Du Louvre em Paris, entre outras. Suas obras oferecem teor contempor\u00e2neo sustent\u00e1vel, onde a artista utiliza o pincel como se fosse uma agulha de croch\u00ea.<\/div>\n","protected":false},"excerpt":{"rendered":"<p>Artista: Carla Schwab T\u00edtulo: S\u00e9rie: Natureza Rendada - White Cat T\u00e9cnica: Acr\u00edlica sobre tela (canvas) Dimens\u00e3o: 60x50cm (sem moldura) Carla Schwab\u00a0\u00e9 Artista Visual graduada pela UFPel-RS e Professora de Artes em estudos de materiais e t\u00e9cnicas de pintura. Sua s\u00e9rie \u201cRendados\u201d \u00e9 uma produ\u00e7\u00e3o atemporal, premiada, com participa\u00e7\u00f5es em edi\u00e7\u00f5es da Casa Cor pelo Brasil, [&hellip;]<\/p>\n","protected":false},"featured_media":4978,"template":"","meta":[],"product_brand":[],"product_cat":[117],"product_tag":[],"class_list":{"0":"post-4977","1":"product","2":"type-product","3":"status-publish","4":"has-post-thumbnail","6":"product_cat-galeria","7":"pa_artista-carla-schwab","8":"pa_estilo-figurativo","9":"pa_tecnica-acrilica-sobre-tela","11":"first","12":"instock","13":"shipping-taxable","14":"purchasable","15":"product-type-simple"},"yoast_head":"<!-- This site is optimized with the Yoast SEO plugin v27.4 - https:\/\/yoast.com\/product\/yoast-seo-wordpress\/ -->\n<title>Carla Schwab - White Cat - Solar do Ros\u00e1rio Galeria \\\\\\\\Nova<\/title>\n<meta name=\"robots\" content=\"index, follow, max-snippet:-1, max-image-preview:large, max-video-preview:-1\" \/>\n<link rel=\"canonical\" href=\"https:\/\/solardorosario.com.br\/galeria\/produto\/carla-schwab-white-cat\/\" \/>\n<meta property=\"og:locale\" content=\"pt_BR\" \/>\n<meta property=\"og:type\" content=\"article\" \/>\n<meta property=\"og:title\" content=\"Carla Schwab - White Cat - Solar do Ros\u00e1rio Galeria \\\\\\\\Nova\" \/>\n<meta property=\"og:description\" content=\"Artista: Carla Schwab T\u00edtulo: S\u00e9rie: Natureza Rendada - White Cat T\u00e9cnica: Acr\u00edlica sobre tela (canvas) Dimens\u00e3o: 60x50cm (sem moldura) Carla Schwab\u00a0\u00e9 Artista Visual graduada pela UFPel-RS e Professora de Artes em estudos de materiais e t\u00e9cnicas de pintura. Sua s\u00e9rie \u201cRendados\u201d \u00e9 uma produ\u00e7\u00e3o atemporal, premiada, com participa\u00e7\u00f5es em edi\u00e7\u00f5es da Casa Cor pelo Brasil, [&hellip;]\" \/>\n<meta property=\"og:url\" content=\"https:\/\/solardorosario.com.br\/galeria\/produto\/carla-schwab-white-cat\/\" \/>\n<meta property=\"og:site_name\" content=\"Solar do Ros\u00e1rio Galeria \\\\\\\\Nova\" \/>\n<meta property=\"article:modified_time\" content=\"2026-03-18T21:15:50+00:00\" \/>\n<meta property=\"og:image\" content=\"https:\/\/solardorosario.com.br\/galeria\/wp-content\/uploads\/2024\/07\/Imagem-do-WhatsApp-de-2024-07-05-as-14.38.07_7bd0fcd9.jpg\" \/>\n\t<meta property=\"og:image:width\" content=\"1043\" \/>\n\t<meta property=\"og:image:height\" content=\"1280\" \/>\n\t<meta property=\"og:image:type\" content=\"image\/jpeg\" \/>\n<meta name=\"twitter:card\" content=\"summary_large_image\" \/>\n<meta name=\"twitter:label1\" content=\"Est. tempo de leitura\" \/>\n\t<meta name=\"twitter:data1\" content=\"1 minuto\" \/>\n<script type=\"application\/ld+json\" class=\"yoast-schema-graph\">{\"@context\":\"https:\\\/\\\/schema.org\",\"@graph\":[{\"@type\":\"WebPage\",\"@id\":\"https:\\\/\\\/solardorosario.com.br\\\/galeria\\\/produto\\\/carla-schwab-white-cat\\\/\",\"url\":\"https:\\\/\\\/solardorosario.com.br\\\/galeria\\\/produto\\\/carla-schwab-white-cat\\\/\",\"name\":\"Carla Schwab - White Cat - Solar do Ros\u00e1rio Galeria \\\\\\\\\\\\\\\\Nova\",\"isPartOf\":{\"@id\":\"https:\\\/\\\/solardorosario.com.br\\\/galeria\\\/#website\"},\"primaryImageOfPage\":{\"@id\":\"https:\\\/\\\/solardorosario.com.br\\\/galeria\\\/produto\\\/carla-schwab-white-cat\\\/#primaryimage\"},\"image\":{\"@id\":\"https:\\\/\\\/solardorosario.com.br\\\/galeria\\\/produto\\\/carla-schwab-white-cat\\\/#primaryimage\"},\"thumbnailUrl\":\"https:\\\/\\\/solardorosario.com.br\\\/galeria\\\/wp-content\\\/uploads\\\/2024\\\/07\\\/Imagem-do-WhatsApp-de-2024-07-05-as-14.38.07_7bd0fcd9.jpg\",\"datePublished\":\"2024-07-05T17:47:20+00:00\",\"dateModified\":\"2026-03-18T21:15:50+00:00\",\"breadcrumb\":{\"@id\":\"https:\\\/\\\/solardorosario.com.br\\\/galeria\\\/produto\\\/carla-schwab-white-cat\\\/#breadcrumb\"},\"inLanguage\":\"pt-BR\",\"potentialAction\":[{\"@type\":\"ReadAction\",\"target\":[\"https:\\\/\\\/solardorosario.com.br\\\/galeria\\\/produto\\\/carla-schwab-white-cat\\\/\"]}]},{\"@type\":\"ImageObject\",\"inLanguage\":\"pt-BR\",\"@id\":\"https:\\\/\\\/solardorosario.com.br\\\/galeria\\\/produto\\\/carla-schwab-white-cat\\\/#primaryimage\",\"url\":\"https:\\\/\\\/solardorosario.com.br\\\/galeria\\\/wp-content\\\/uploads\\\/2024\\\/07\\\/Imagem-do-WhatsApp-de-2024-07-05-as-14.38.07_7bd0fcd9.jpg\",\"contentUrl\":\"https:\\\/\\\/solardorosario.com.br\\\/galeria\\\/wp-content\\\/uploads\\\/2024\\\/07\\\/Imagem-do-WhatsApp-de-2024-07-05-as-14.38.07_7bd0fcd9.jpg\",\"width\":1043,\"height\":1280},{\"@type\":\"BreadcrumbList\",\"@id\":\"https:\\\/\\\/solardorosario.com.br\\\/galeria\\\/produto\\\/carla-schwab-white-cat\\\/#breadcrumb\",\"itemListElement\":[{\"@type\":\"ListItem\",\"position\":1,\"name\":\"In\u00edcio\",\"item\":\"https:\\\/\\\/solardorosario.com.br\\\/galeria\\\/\"},{\"@type\":\"ListItem\",\"position\":2,\"name\":\"galeria\",\"item\":\"https:\\\/\\\/solardorosario.com.br\\\/galeria\\\/galeria\\\/\"},{\"@type\":\"ListItem\",\"position\":3,\"name\":\"Carla Schwab - White Cat\"}]},{\"@type\":\"WebSite\",\"@id\":\"https:\\\/\\\/solardorosario.com.br\\\/galeria\\\/#website\",\"url\":\"https:\\\/\\\/solardorosario.com.br\\\/galeria\\\/\",\"name\":\"Solar do Ros\u00e1rio Galeria \\\\\\\\\\\\\\\\Nova\",\"description\":\"\",\"potentialAction\":[{\"@type\":\"SearchAction\",\"target\":{\"@type\":\"EntryPoint\",\"urlTemplate\":\"https:\\\/\\\/solardorosario.com.br\\\/galeria\\\/?s={search_term_string}\"},\"query-input\":{\"@type\":\"PropertyValueSpecification\",\"valueRequired\":true,\"valueName\":\"search_term_string\"}}],\"inLanguage\":\"pt-BR\"}]}<\/script>\n<!-- \/ Yoast SEO plugin. -->","yoast_head_json":{"title":"Carla Schwab - White Cat - Solar do Ros\u00e1rio Galeria \\\\\\\\Nova","robots":{"index":"index","follow":"follow","max-snippet":"max-snippet:-1","max-image-preview":"max-image-preview:large","max-video-preview":"max-video-preview:-1"},"canonical":"https:\/\/solardorosario.com.br\/galeria\/produto\/carla-schwab-white-cat\/","og_locale":"pt_BR","og_type":"article","og_title":"Carla Schwab - White Cat - Solar do Ros\u00e1rio Galeria \\\\\\\\Nova","og_description":"Artista: Carla Schwab T\u00edtulo: S\u00e9rie: Natureza Rendada - White Cat T\u00e9cnica: Acr\u00edlica sobre tela (canvas) Dimens\u00e3o: 60x50cm (sem moldura) Carla Schwab\u00a0\u00e9 Artista Visual graduada pela UFPel-RS e Professora de Artes em estudos de materiais e t\u00e9cnicas de pintura. Sua s\u00e9rie \u201cRendados\u201d \u00e9 uma produ\u00e7\u00e3o atemporal, premiada, com participa\u00e7\u00f5es em edi\u00e7\u00f5es da Casa Cor pelo Brasil, [&hellip;]","og_url":"https:\/\/solardorosario.com.br\/galeria\/produto\/carla-schwab-white-cat\/","og_site_name":"Solar do Ros\u00e1rio Galeria \\\\\\\\Nova","article_modified_time":"2026-03-18T21:15:50+00:00","og_image":[{"width":1043,"height":1280,"url":"https:\/\/solardorosario.com.br\/galeria\/wp-content\/uploads\/2024\/07\/Imagem-do-WhatsApp-de-2024-07-05-as-14.38.07_7bd0fcd9.jpg","type":"image\/jpeg"}],"twitter_card":"summary_large_image","twitter_misc":{"Est. tempo de leitura":"1 minuto"},"schema":{"@context":"https:\/\/schema.org","@graph":[{"@type":"WebPage","@id":"https:\/\/solardorosario.com.br\/galeria\/produto\/carla-schwab-white-cat\/","url":"https:\/\/solardorosario.com.br\/galeria\/produto\/carla-schwab-white-cat\/","name":"Carla Schwab - White Cat - Solar do Ros\u00e1rio Galeria \\\\\\\\Nova","isPartOf":{"@id":"https:\/\/solardorosario.com.br\/galeria\/#website"},"primaryImageOfPage":{"@id":"https:\/\/solardorosario.com.br\/galeria\/produto\/carla-schwab-white-cat\/#primaryimage"},"image":{"@id":"https:\/\/solardorosario.com.br\/galeria\/produto\/carla-schwab-white-cat\/#primaryimage"},"thumbnailUrl":"https:\/\/solardorosario.com.br\/galeria\/wp-content\/uploads\/2024\/07\/Imagem-do-WhatsApp-de-2024-07-05-as-14.38.07_7bd0fcd9.jpg","datePublished":"2024-07-05T17:47:20+00:00","dateModified":"2026-03-18T21:15:50+00:00","breadcrumb":{"@id":"https:\/\/solardorosario.com.br\/galeria\/produto\/carla-schwab-white-cat\/#breadcrumb"},"inLanguage":"pt-BR","potentialAction":[{"@type":"ReadAction","target":["https:\/\/solardorosario.com.br\/galeria\/produto\/carla-schwab-white-cat\/"]}]},{"@type":"ImageObject","inLanguage":"pt-BR","@id":"https:\/\/solardorosario.com.br\/galeria\/produto\/carla-schwab-white-cat\/#primaryimage","url":"https:\/\/solardorosario.com.br\/galeria\/wp-content\/uploads\/2024\/07\/Imagem-do-WhatsApp-de-2024-07-05-as-14.38.07_7bd0fcd9.jpg","contentUrl":"https:\/\/solardorosario.com.br\/galeria\/wp-content\/uploads\/2024\/07\/Imagem-do-WhatsApp-de-2024-07-05-as-14.38.07_7bd0fcd9.jpg","width":1043,"height":1280},{"@type":"BreadcrumbList","@id":"https:\/\/solardorosario.com.br\/galeria\/produto\/carla-schwab-white-cat\/#breadcrumb","itemListElement":[{"@type":"ListItem","position":1,"name":"In\u00edcio","item":"https:\/\/solardorosario.com.br\/galeria\/"},{"@type":"ListItem","position":2,"name":"galeria","item":"https:\/\/solardorosario.com.br\/galeria\/galeria\/"},{"@type":"ListItem","position":3,"name":"Carla Schwab - White Cat"}]},{"@type":"WebSite","@id":"https:\/\/solardorosario.com.br\/galeria\/#website","url":"https:\/\/solardorosario.com.br\/galeria\/","name":"Solar do Ros\u00e1rio Galeria \\\\\\\\Nova","description":"","potentialAction":[{"@type":"SearchAction","target":{"@type":"EntryPoint","urlTemplate":"https:\/\/solardorosario.com.br\/galeria\/?s={search_term_string}"},"query-input":{"@type":"PropertyValueSpecification","valueRequired":true,"valueName":"search_term_string"}}],"inLanguage":"pt-BR"}]}},"_links":{"self":[{"href":"https:\/\/solardorosario.com.br\/galeria\/wp-json\/wp\/v2\/product\/4977","targetHints":{"allow":["GET"]}}],"collection":[{"href":"https:\/\/solardorosario.com.br\/galeria\/wp-json\/wp\/v2\/product"}],"about":[{"href":"https:\/\/solardorosario.com.br\/galeria\/wp-json\/wp\/v2\/types\/product"}],"wp:featuredmedia":[{"embeddable":true,"href":"https:\/\/solardorosario.com.br\/galeria\/wp-json\/wp\/v2\/media\/4978"}],"wp:attachment":[{"href":"https:\/\/solardorosario.com.br\/galeria\/wp-json\/wp\/v2\/media?parent=4977"}],"wp:term":[{"taxonomy":"product_brand","embeddable":true,"href":"https:\/\/solardorosario.com.br\/galeria\/wp-json\/wp\/v2\/product_brand?post=4977"},{"taxonomy":"product_cat","embeddable":true,"href":"https:\/\/solardorosario.com.br\/galeria\/wp-json\/wp\/v2\/product_cat?post=4977"},{"taxonomy":"product_tag","embeddable":true,"href":"https:\/\/solardorosario.com.br\/galeria\/wp-json\/wp\/v2\/product_tag?post=4977"}],"curies":[{"name":"wp","href":"https:\/\/api.w.org\/{rel}","templated":true}]}}