{"id":4974,"date":"2024-06-29T12:45:52","date_gmt":"2024-06-29T15:45:52","guid":{"rendered":"https:\/\/solardorosario.com.br\/galeria\/?post_type=product&#038;p=4974"},"modified":"2026-01-21T17:11:36","modified_gmt":"2026-01-21T20:11:36","slug":"tomie-ohtake-sem-titulo","status":"publish","type":"product","link":"https:\/\/solardorosario.com.br\/galeria\/produto\/tomie-ohtake-sem-titulo\/","title":{"rendered":"Tomie Ohtake - Sem t\u00edtulo"},"content":{"rendered":"<p><strong>Artista:<\/strong> Tomie Ohtake<\/p>\n<p><strong>T\u00edtulo:<\/strong> Sem t\u00edtulo<\/p>\n<p><strong>Dimens\u00e3o:<\/strong> 70x33cm<\/p>\n<p><strong>T\u00e9cnica:<\/strong> Gravura em metal<\/p>\n<p>&nbsp;<\/p>\n<p>&nbsp;<\/p>\n<p>Tomie Ohtake era artista visual, gravurista e escultora. Nascida em Kyoto, no Jap\u00e3o em 1913. Em 1936, veio visitar o Brasil, mas foi impedida de retornar ao seu pa\u00eds, pelos desdobramentos da Guerra do Pac\u00edfico. Ela permanece no Brasil, se casa e tem dois filhos. Mais velha, ela come\u00e7a a pintar, incentivada pelo tamb\u00e9m artista nip\u00f4nico Keiya Sugano. No ano seguinte, integra Grupo Seibi, composto por artistas nipo-brasileiros, que se tornaram relevantes para o desenvolvimento da arte abstrata no Brasil. Em 1960, sua pintura recebeu o Pr\u00eamio de Isen\u00e7\u00e3o de J\u00fari no Sal\u00e3o Nacional de Arte Moderna. Na d\u00e9cada de 1970, come\u00e7a os estudos com serigrafia, litogravura e gravura em metal. Em 1980, criou cen\u00e1rios para a \u00f3pera Madame Butterfly, apresentada no Teatro Municipal do Rio de Janeiro. Em 1985, realizou a escultura \"Estrela do Mar\", na lagoa Rodrigo de Freitas, no Rio de Janeiro. Em 1995, recebeu o Pr\u00eamio Nacional de Artes Pl\u00e1sticas do Minist\u00e9rio da Cultura (MINC). Em 2000, foi fundado o Instituto Tomie Ohtake. Em 2008, produziu novas esculturas, em celebra\u00e7\u00e3o ao centen\u00e1rio da imigra\u00e7\u00e3o japonesa no Brasil. Entre 2009 e 2010, realizou esculturas no Jap\u00e3o, nos jardins do Museu de Arte Contempor\u00e2nea de T\u00f3quio. Realizou, desde 1957 exposi\u00e7\u00f5es individuais no Brasil, em S\u00e3o Paulo, Rio de Janeiro, Bras\u00edlia, Fortaleza, Recife, Belo Horizonte, Curitiba, Porto Alegre, Florian\u00f3polis, Campinas, Ribeir\u00e3o Preto, Goi\u00e2nia, Salvador, Conc\u00f3rdia, Ipatinga, etc. Suas exposi\u00e7\u00f5es individuais internacionais foram nos Estados Unidos, em Porto Rico, It\u00e1lia, Peru, Jap\u00e3o Inglaterra e Equador. Participou de muitas exposi\u00e7\u00f5es individuais coletivas no Brasil e fora do pa\u00eds, al\u00e9m de Sal\u00f5es de Arte e Bienais Internacionais.<\/p>\n","protected":false},"excerpt":{"rendered":"<p>Artista: Tomie Ohtake T\u00edtulo: Sem t\u00edtulo Dimens\u00e3o: 70x33cm T\u00e9cnica: Gravura em metal &nbsp; &nbsp; Tomie Ohtake era artista visual, gravurista e escultora. Nascida em Kyoto, no Jap\u00e3o em 1913. Em 1936, veio visitar o Brasil, mas foi impedida de retornar ao seu pa\u00eds, pelos desdobramentos da Guerra do Pac\u00edfico. Ela permanece no Brasil, se casa [&hellip;]<\/p>\n","protected":false},"featured_media":4975,"template":"","meta":[],"product_brand":[],"product_cat":[117],"product_tag":[],"class_list":{"0":"post-4974","1":"product","2":"type-product","3":"status-publish","4":"has-post-thumbnail","6":"product_cat-galeria","7":"pa_artista-tomie-ohtake","8":"pa_estilo-abstrato","9":"pa_tecnica-gravura","11":"first","12":"instock","13":"shipping-taxable","14":"product-type-simple"},"yoast_head":"<!-- This site is optimized with the Yoast SEO plugin v27.4 - https:\/\/yoast.com\/product\/yoast-seo-wordpress\/ -->\n<title>Tomie Ohtake - Sem t\u00edtulo - Solar do Ros\u00e1rio Galeria \\\\\\\\Nova<\/title>\n<meta name=\"robots\" content=\"index, follow, max-snippet:-1, max-image-preview:large, max-video-preview:-1\" \/>\n<link rel=\"canonical\" href=\"https:\/\/solardorosario.com.br\/galeria\/produto\/tomie-ohtake-sem-titulo\/\" \/>\n<meta property=\"og:locale\" content=\"pt_BR\" \/>\n<meta property=\"og:type\" content=\"article\" \/>\n<meta property=\"og:title\" content=\"Tomie Ohtake - Sem t\u00edtulo - Solar do Ros\u00e1rio Galeria \\\\\\\\Nova\" \/>\n<meta property=\"og:description\" content=\"Artista: Tomie Ohtake T\u00edtulo: Sem t\u00edtulo Dimens\u00e3o: 70x33cm T\u00e9cnica: Gravura em metal &nbsp; &nbsp; Tomie Ohtake era artista visual, gravurista e escultora. Nascida em Kyoto, no Jap\u00e3o em 1913. Em 1936, veio visitar o Brasil, mas foi impedida de retornar ao seu pa\u00eds, pelos desdobramentos da Guerra do Pac\u00edfico. Ela permanece no Brasil, se casa [&hellip;]\" \/>\n<meta property=\"og:url\" content=\"https:\/\/solardorosario.com.br\/galeria\/produto\/tomie-ohtake-sem-titulo\/\" \/>\n<meta property=\"og:site_name\" content=\"Solar do Ros\u00e1rio Galeria \\\\\\\\Nova\" \/>\n<meta property=\"article:modified_time\" content=\"2026-01-21T20:11:36+00:00\" \/>\n<meta property=\"og:image\" content=\"https:\/\/solardorosario.com.br\/galeria\/wp-content\/uploads\/2024\/06\/Imagem-do-WhatsApp-de-2024-06-29-as-12.40.56_b31f67a8.jpg\" \/>\n\t<meta property=\"og:image:width\" content=\"865\" \/>\n\t<meta property=\"og:image:height\" content=\"1280\" \/>\n\t<meta property=\"og:image:type\" content=\"image\/jpeg\" \/>\n<meta name=\"twitter:card\" content=\"summary_large_image\" \/>\n<meta name=\"twitter:label1\" content=\"Est. tempo de leitura\" \/>\n\t<meta name=\"twitter:data1\" content=\"2 minutos\" \/>\n<script type=\"application\/ld+json\" class=\"yoast-schema-graph\">{\"@context\":\"https:\\\/\\\/schema.org\",\"@graph\":[{\"@type\":\"WebPage\",\"@id\":\"https:\\\/\\\/solardorosario.com.br\\\/galeria\\\/produto\\\/tomie-ohtake-sem-titulo\\\/\",\"url\":\"https:\\\/\\\/solardorosario.com.br\\\/galeria\\\/produto\\\/tomie-ohtake-sem-titulo\\\/\",\"name\":\"Tomie Ohtake - Sem t\u00edtulo - Solar do Ros\u00e1rio Galeria \\\\\\\\\\\\\\\\Nova\",\"isPartOf\":{\"@id\":\"https:\\\/\\\/solardorosario.com.br\\\/galeria\\\/#website\"},\"primaryImageOfPage\":{\"@id\":\"https:\\\/\\\/solardorosario.com.br\\\/galeria\\\/produto\\\/tomie-ohtake-sem-titulo\\\/#primaryimage\"},\"image\":{\"@id\":\"https:\\\/\\\/solardorosario.com.br\\\/galeria\\\/produto\\\/tomie-ohtake-sem-titulo\\\/#primaryimage\"},\"thumbnailUrl\":\"https:\\\/\\\/solardorosario.com.br\\\/galeria\\\/wp-content\\\/uploads\\\/2024\\\/06\\\/Imagem-do-WhatsApp-de-2024-06-29-as-12.40.56_b31f67a8.jpg\",\"datePublished\":\"2024-06-29T15:45:52+00:00\",\"dateModified\":\"2026-01-21T20:11:36+00:00\",\"breadcrumb\":{\"@id\":\"https:\\\/\\\/solardorosario.com.br\\\/galeria\\\/produto\\\/tomie-ohtake-sem-titulo\\\/#breadcrumb\"},\"inLanguage\":\"pt-BR\",\"potentialAction\":[{\"@type\":\"ReadAction\",\"target\":[\"https:\\\/\\\/solardorosario.com.br\\\/galeria\\\/produto\\\/tomie-ohtake-sem-titulo\\\/\"]}]},{\"@type\":\"ImageObject\",\"inLanguage\":\"pt-BR\",\"@id\":\"https:\\\/\\\/solardorosario.com.br\\\/galeria\\\/produto\\\/tomie-ohtake-sem-titulo\\\/#primaryimage\",\"url\":\"https:\\\/\\\/solardorosario.com.br\\\/galeria\\\/wp-content\\\/uploads\\\/2024\\\/06\\\/Imagem-do-WhatsApp-de-2024-06-29-as-12.40.56_b31f67a8.jpg\",\"contentUrl\":\"https:\\\/\\\/solardorosario.com.br\\\/galeria\\\/wp-content\\\/uploads\\\/2024\\\/06\\\/Imagem-do-WhatsApp-de-2024-06-29-as-12.40.56_b31f67a8.jpg\",\"width\":865,\"height\":1280},{\"@type\":\"BreadcrumbList\",\"@id\":\"https:\\\/\\\/solardorosario.com.br\\\/galeria\\\/produto\\\/tomie-ohtake-sem-titulo\\\/#breadcrumb\",\"itemListElement\":[{\"@type\":\"ListItem\",\"position\":1,\"name\":\"In\u00edcio\",\"item\":\"https:\\\/\\\/solardorosario.com.br\\\/galeria\\\/\"},{\"@type\":\"ListItem\",\"position\":2,\"name\":\"galeria\",\"item\":\"https:\\\/\\\/solardorosario.com.br\\\/galeria\\\/galeria\\\/\"},{\"@type\":\"ListItem\",\"position\":3,\"name\":\"Tomie Ohtake - Sem t\u00edtulo\"}]},{\"@type\":\"WebSite\",\"@id\":\"https:\\\/\\\/solardorosario.com.br\\\/galeria\\\/#website\",\"url\":\"https:\\\/\\\/solardorosario.com.br\\\/galeria\\\/\",\"name\":\"Solar do Ros\u00e1rio Galeria \\\\\\\\\\\\\\\\Nova\",\"description\":\"\",\"potentialAction\":[{\"@type\":\"SearchAction\",\"target\":{\"@type\":\"EntryPoint\",\"urlTemplate\":\"https:\\\/\\\/solardorosario.com.br\\\/galeria\\\/?s={search_term_string}\"},\"query-input\":{\"@type\":\"PropertyValueSpecification\",\"valueRequired\":true,\"valueName\":\"search_term_string\"}}],\"inLanguage\":\"pt-BR\"}]}<\/script>\n<!-- \/ Yoast SEO plugin. -->","yoast_head_json":{"title":"Tomie Ohtake - Sem t\u00edtulo - Solar do Ros\u00e1rio Galeria \\\\\\\\Nova","robots":{"index":"index","follow":"follow","max-snippet":"max-snippet:-1","max-image-preview":"max-image-preview:large","max-video-preview":"max-video-preview:-1"},"canonical":"https:\/\/solardorosario.com.br\/galeria\/produto\/tomie-ohtake-sem-titulo\/","og_locale":"pt_BR","og_type":"article","og_title":"Tomie Ohtake - Sem t\u00edtulo - Solar do Ros\u00e1rio Galeria \\\\\\\\Nova","og_description":"Artista: Tomie Ohtake T\u00edtulo: Sem t\u00edtulo Dimens\u00e3o: 70x33cm T\u00e9cnica: Gravura em metal &nbsp; &nbsp; Tomie Ohtake era artista visual, gravurista e escultora. Nascida em Kyoto, no Jap\u00e3o em 1913. Em 1936, veio visitar o Brasil, mas foi impedida de retornar ao seu pa\u00eds, pelos desdobramentos da Guerra do Pac\u00edfico. Ela permanece no Brasil, se casa [&hellip;]","og_url":"https:\/\/solardorosario.com.br\/galeria\/produto\/tomie-ohtake-sem-titulo\/","og_site_name":"Solar do Ros\u00e1rio Galeria \\\\\\\\Nova","article_modified_time":"2026-01-21T20:11:36+00:00","og_image":[{"width":865,"height":1280,"url":"https:\/\/solardorosario.com.br\/galeria\/wp-content\/uploads\/2024\/06\/Imagem-do-WhatsApp-de-2024-06-29-as-12.40.56_b31f67a8.jpg","type":"image\/jpeg"}],"twitter_card":"summary_large_image","twitter_misc":{"Est. tempo de leitura":"2 minutos"},"schema":{"@context":"https:\/\/schema.org","@graph":[{"@type":"WebPage","@id":"https:\/\/solardorosario.com.br\/galeria\/produto\/tomie-ohtake-sem-titulo\/","url":"https:\/\/solardorosario.com.br\/galeria\/produto\/tomie-ohtake-sem-titulo\/","name":"Tomie Ohtake - Sem t\u00edtulo - Solar do Ros\u00e1rio Galeria \\\\\\\\Nova","isPartOf":{"@id":"https:\/\/solardorosario.com.br\/galeria\/#website"},"primaryImageOfPage":{"@id":"https:\/\/solardorosario.com.br\/galeria\/produto\/tomie-ohtake-sem-titulo\/#primaryimage"},"image":{"@id":"https:\/\/solardorosario.com.br\/galeria\/produto\/tomie-ohtake-sem-titulo\/#primaryimage"},"thumbnailUrl":"https:\/\/solardorosario.com.br\/galeria\/wp-content\/uploads\/2024\/06\/Imagem-do-WhatsApp-de-2024-06-29-as-12.40.56_b31f67a8.jpg","datePublished":"2024-06-29T15:45:52+00:00","dateModified":"2026-01-21T20:11:36+00:00","breadcrumb":{"@id":"https:\/\/solardorosario.com.br\/galeria\/produto\/tomie-ohtake-sem-titulo\/#breadcrumb"},"inLanguage":"pt-BR","potentialAction":[{"@type":"ReadAction","target":["https:\/\/solardorosario.com.br\/galeria\/produto\/tomie-ohtake-sem-titulo\/"]}]},{"@type":"ImageObject","inLanguage":"pt-BR","@id":"https:\/\/solardorosario.com.br\/galeria\/produto\/tomie-ohtake-sem-titulo\/#primaryimage","url":"https:\/\/solardorosario.com.br\/galeria\/wp-content\/uploads\/2024\/06\/Imagem-do-WhatsApp-de-2024-06-29-as-12.40.56_b31f67a8.jpg","contentUrl":"https:\/\/solardorosario.com.br\/galeria\/wp-content\/uploads\/2024\/06\/Imagem-do-WhatsApp-de-2024-06-29-as-12.40.56_b31f67a8.jpg","width":865,"height":1280},{"@type":"BreadcrumbList","@id":"https:\/\/solardorosario.com.br\/galeria\/produto\/tomie-ohtake-sem-titulo\/#breadcrumb","itemListElement":[{"@type":"ListItem","position":1,"name":"In\u00edcio","item":"https:\/\/solardorosario.com.br\/galeria\/"},{"@type":"ListItem","position":2,"name":"galeria","item":"https:\/\/solardorosario.com.br\/galeria\/galeria\/"},{"@type":"ListItem","position":3,"name":"Tomie Ohtake - Sem t\u00edtulo"}]},{"@type":"WebSite","@id":"https:\/\/solardorosario.com.br\/galeria\/#website","url":"https:\/\/solardorosario.com.br\/galeria\/","name":"Solar do Ros\u00e1rio Galeria \\\\\\\\Nova","description":"","potentialAction":[{"@type":"SearchAction","target":{"@type":"EntryPoint","urlTemplate":"https:\/\/solardorosario.com.br\/galeria\/?s={search_term_string}"},"query-input":{"@type":"PropertyValueSpecification","valueRequired":true,"valueName":"search_term_string"}}],"inLanguage":"pt-BR"}]}},"_links":{"self":[{"href":"https:\/\/solardorosario.com.br\/galeria\/wp-json\/wp\/v2\/product\/4974","targetHints":{"allow":["GET"]}}],"collection":[{"href":"https:\/\/solardorosario.com.br\/galeria\/wp-json\/wp\/v2\/product"}],"about":[{"href":"https:\/\/solardorosario.com.br\/galeria\/wp-json\/wp\/v2\/types\/product"}],"wp:featuredmedia":[{"embeddable":true,"href":"https:\/\/solardorosario.com.br\/galeria\/wp-json\/wp\/v2\/media\/4975"}],"wp:attachment":[{"href":"https:\/\/solardorosario.com.br\/galeria\/wp-json\/wp\/v2\/media?parent=4974"}],"wp:term":[{"taxonomy":"product_brand","embeddable":true,"href":"https:\/\/solardorosario.com.br\/galeria\/wp-json\/wp\/v2\/product_brand?post=4974"},{"taxonomy":"product_cat","embeddable":true,"href":"https:\/\/solardorosario.com.br\/galeria\/wp-json\/wp\/v2\/product_cat?post=4974"},{"taxonomy":"product_tag","embeddable":true,"href":"https:\/\/solardorosario.com.br\/galeria\/wp-json\/wp\/v2\/product_tag?post=4974"}],"curies":[{"name":"wp","href":"https:\/\/api.w.org\/{rel}","templated":true}]}}