{"id":4959,"date":"2024-06-21T16:09:36","date_gmt":"2024-06-21T19:09:36","guid":{"rendered":"https:\/\/solardorosario.com.br\/galeria\/?post_type=product&#038;p=4959"},"modified":"2025-12-22T15:58:46","modified_gmt":"2025-12-22T18:58:46","slug":"reynaldo-fonseca-o-menino-e-o-cao","status":"publish","type":"product","link":"https:\/\/solardorosario.com.br\/galeria\/produto\/reynaldo-fonseca-o-menino-e-o-cao\/","title":{"rendered":"Reynaldo Fonseca - O Menino e o c\u00e3o"},"content":{"rendered":"<p><strong>Artista:<\/strong> Reynaldo Fonseca<\/p>\n<p><strong>T\u00edtulo:<\/strong> O Menino e o c\u00e3o<\/p>\n<p><strong>Dimens\u00e3o:<\/strong> 90x60cm<\/p>\n<p><strong>T\u00e9cnica:<\/strong> Serigrafia (com moldura)<\/p>\n<p>&nbsp;<\/p>\n<p>&nbsp;<\/p>\n<p>Reynaldo de Aquino Fonseca nasceu em Recife, Pernambuco (1925-2019). Era artista visual, pintor, muralista e ilustrador. Em 1936, frequentou como ouvinte a Escola de Belas Artes de Pernambuco e faz o curso de magist\u00e9rio em desenho. Em 1944, se muda para o Rio de Janeiro e por 6 meses estudou com C\u00e2ndido Portinari. Foi um dos fundadores da Sociedade de Arte Moderna do Recife (SAMR). Em 1948, realizou uma viagem de estudos para a Europa. Entre 1949 e 1951, estudou gravura em metal com Henrique Oswald, no Liceu de Artes e Of\u00edcios, do Rio de Janeiro. Em 1952, se tornou professor catedr\u00e1tico de desenho art\u00edstico na Escola de Belas Artes da Universidade Federal do Pernambuco (UFPE). Em 1964, realizou um mural para o Banco do Brasil, no Recife. Volta a se mudar para o Rio de Janeiro entre 1969 at\u00e9 1980, quando retorna para o Recife. Trabalhou com a ilustra\u00e7\u00e3o de livros como \"Pintura e Poesias Brasileiras\", com o escritor Jo\u00e3o Cabral de Melo Neto, em 1980. Participou de exposi\u00e7\u00f5es coletivas, sal\u00f5es e bienais desde 1943, como o XLIX Sal\u00e3o Nacional de Belas Artes - Divis\u00e3o de Arte Moderna, no Rio de Janeiro, o VIII Sal\u00e3o Anual de Pintura em Recife, e a V e IX Bienal Internacional de S\u00e3o Paulo, Funda\u00e7\u00e3o Bienal, em 1959 e 1967, respectivamente. Fez exposi\u00e7\u00f5es individuais em Recife, Rio de Janeiro, S\u00e3o Paulo e Curitiba. Suas obras fazem parte de acervos no Museu de Arte Moderna do Rio de Janeiro (MAM-RJ), Museu do Estado de Pernambuco, por exemplo.<\/p>\n","protected":false},"excerpt":{"rendered":"<p>Artista: Reynaldo Fonseca T\u00edtulo: O Menino e o c\u00e3o Dimens\u00e3o: 90x60cm T\u00e9cnica: Serigrafia (com moldura) &nbsp; &nbsp; Reynaldo de Aquino Fonseca nasceu em Recife, Pernambuco (1925-2019). Era artista visual, pintor, muralista e ilustrador. Em 1936, frequentou como ouvinte a Escola de Belas Artes de Pernambuco e faz o curso de magist\u00e9rio em desenho. Em 1944, [&hellip;]<\/p>\n","protected":false},"featured_media":4960,"template":"","meta":[],"product_brand":[],"product_cat":[117],"product_tag":[],"class_list":{"0":"post-4959","1":"product","2":"type-product","3":"status-publish","4":"has-post-thumbnail","6":"product_cat-galeria","7":"pa_artista-reynaldo-fonseca","8":"pa_estilo-figurativo","9":"pa_tecnica-serigrafia","11":"first","12":"instock","13":"shipping-taxable","14":"product-type-simple"},"yoast_head":"<!-- This site is optimized with the Yoast SEO plugin v27.4 - https:\/\/yoast.com\/product\/yoast-seo-wordpress\/ -->\n<title>Reynaldo Fonseca - O Menino e o c\u00e3o - Solar do Ros\u00e1rio Galeria \\\\\\\\Nova<\/title>\n<meta name=\"robots\" content=\"index, follow, max-snippet:-1, max-image-preview:large, max-video-preview:-1\" \/>\n<link rel=\"canonical\" href=\"https:\/\/solardorosario.com.br\/galeria\/produto\/reynaldo-fonseca-o-menino-e-o-cao\/\" \/>\n<meta property=\"og:locale\" content=\"pt_BR\" \/>\n<meta property=\"og:type\" content=\"article\" \/>\n<meta property=\"og:title\" content=\"Reynaldo Fonseca - O Menino e o c\u00e3o - Solar do Ros\u00e1rio Galeria \\\\\\\\Nova\" \/>\n<meta property=\"og:description\" content=\"Artista: Reynaldo Fonseca T\u00edtulo: O Menino e o c\u00e3o Dimens\u00e3o: 90x60cm T\u00e9cnica: Serigrafia (com moldura) &nbsp; &nbsp; Reynaldo de Aquino Fonseca nasceu em Recife, Pernambuco (1925-2019). Era artista visual, pintor, muralista e ilustrador. Em 1936, frequentou como ouvinte a Escola de Belas Artes de Pernambuco e faz o curso de magist\u00e9rio em desenho. Em 1944, [&hellip;]\" \/>\n<meta property=\"og:url\" content=\"https:\/\/solardorosario.com.br\/galeria\/produto\/reynaldo-fonseca-o-menino-e-o-cao\/\" \/>\n<meta property=\"og:site_name\" content=\"Solar do Ros\u00e1rio Galeria \\\\\\\\Nova\" \/>\n<meta property=\"article:modified_time\" content=\"2025-12-22T18:58:46+00:00\" \/>\n<meta property=\"og:image\" content=\"https:\/\/solardorosario.com.br\/galeria\/wp-content\/uploads\/2024\/06\/Imagem-do-WhatsApp-de-2024-06-21-as-15.15.50_3bcef33b.jpg\" \/>\n\t<meta property=\"og:image:width\" content=\"674\" \/>\n\t<meta property=\"og:image:height\" content=\"973\" \/>\n\t<meta property=\"og:image:type\" content=\"image\/jpeg\" \/>\n<meta name=\"twitter:card\" content=\"summary_large_image\" \/>\n<meta name=\"twitter:label1\" content=\"Est. tempo de leitura\" \/>\n\t<meta name=\"twitter:data1\" content=\"2 minutos\" \/>\n<script type=\"application\/ld+json\" class=\"yoast-schema-graph\">{\"@context\":\"https:\\\/\\\/schema.org\",\"@graph\":[{\"@type\":\"WebPage\",\"@id\":\"https:\\\/\\\/solardorosario.com.br\\\/galeria\\\/produto\\\/reynaldo-fonseca-o-menino-e-o-cao\\\/\",\"url\":\"https:\\\/\\\/solardorosario.com.br\\\/galeria\\\/produto\\\/reynaldo-fonseca-o-menino-e-o-cao\\\/\",\"name\":\"Reynaldo Fonseca - O Menino e o c\u00e3o - Solar do Ros\u00e1rio Galeria \\\\\\\\\\\\\\\\Nova\",\"isPartOf\":{\"@id\":\"https:\\\/\\\/solardorosario.com.br\\\/galeria\\\/#website\"},\"primaryImageOfPage\":{\"@id\":\"https:\\\/\\\/solardorosario.com.br\\\/galeria\\\/produto\\\/reynaldo-fonseca-o-menino-e-o-cao\\\/#primaryimage\"},\"image\":{\"@id\":\"https:\\\/\\\/solardorosario.com.br\\\/galeria\\\/produto\\\/reynaldo-fonseca-o-menino-e-o-cao\\\/#primaryimage\"},\"thumbnailUrl\":\"https:\\\/\\\/solardorosario.com.br\\\/galeria\\\/wp-content\\\/uploads\\\/2024\\\/06\\\/Imagem-do-WhatsApp-de-2024-06-21-as-15.15.50_3bcef33b.jpg\",\"datePublished\":\"2024-06-21T19:09:36+00:00\",\"dateModified\":\"2025-12-22T18:58:46+00:00\",\"breadcrumb\":{\"@id\":\"https:\\\/\\\/solardorosario.com.br\\\/galeria\\\/produto\\\/reynaldo-fonseca-o-menino-e-o-cao\\\/#breadcrumb\"},\"inLanguage\":\"pt-BR\",\"potentialAction\":[{\"@type\":\"ReadAction\",\"target\":[\"https:\\\/\\\/solardorosario.com.br\\\/galeria\\\/produto\\\/reynaldo-fonseca-o-menino-e-o-cao\\\/\"]}]},{\"@type\":\"ImageObject\",\"inLanguage\":\"pt-BR\",\"@id\":\"https:\\\/\\\/solardorosario.com.br\\\/galeria\\\/produto\\\/reynaldo-fonseca-o-menino-e-o-cao\\\/#primaryimage\",\"url\":\"https:\\\/\\\/solardorosario.com.br\\\/galeria\\\/wp-content\\\/uploads\\\/2024\\\/06\\\/Imagem-do-WhatsApp-de-2024-06-21-as-15.15.50_3bcef33b.jpg\",\"contentUrl\":\"https:\\\/\\\/solardorosario.com.br\\\/galeria\\\/wp-content\\\/uploads\\\/2024\\\/06\\\/Imagem-do-WhatsApp-de-2024-06-21-as-15.15.50_3bcef33b.jpg\",\"width\":674,\"height\":973},{\"@type\":\"BreadcrumbList\",\"@id\":\"https:\\\/\\\/solardorosario.com.br\\\/galeria\\\/produto\\\/reynaldo-fonseca-o-menino-e-o-cao\\\/#breadcrumb\",\"itemListElement\":[{\"@type\":\"ListItem\",\"position\":1,\"name\":\"In\u00edcio\",\"item\":\"https:\\\/\\\/solardorosario.com.br\\\/galeria\\\/\"},{\"@type\":\"ListItem\",\"position\":2,\"name\":\"galeria\",\"item\":\"https:\\\/\\\/solardorosario.com.br\\\/galeria\\\/galeria\\\/\"},{\"@type\":\"ListItem\",\"position\":3,\"name\":\"Reynaldo Fonseca - O Menino e o c\u00e3o\"}]},{\"@type\":\"WebSite\",\"@id\":\"https:\\\/\\\/solardorosario.com.br\\\/galeria\\\/#website\",\"url\":\"https:\\\/\\\/solardorosario.com.br\\\/galeria\\\/\",\"name\":\"Solar do Ros\u00e1rio Galeria \\\\\\\\\\\\\\\\Nova\",\"description\":\"\",\"potentialAction\":[{\"@type\":\"SearchAction\",\"target\":{\"@type\":\"EntryPoint\",\"urlTemplate\":\"https:\\\/\\\/solardorosario.com.br\\\/galeria\\\/?s={search_term_string}\"},\"query-input\":{\"@type\":\"PropertyValueSpecification\",\"valueRequired\":true,\"valueName\":\"search_term_string\"}}],\"inLanguage\":\"pt-BR\"}]}<\/script>\n<!-- \/ Yoast SEO plugin. -->","yoast_head_json":{"title":"Reynaldo Fonseca - O Menino e o c\u00e3o - Solar do Ros\u00e1rio Galeria \\\\\\\\Nova","robots":{"index":"index","follow":"follow","max-snippet":"max-snippet:-1","max-image-preview":"max-image-preview:large","max-video-preview":"max-video-preview:-1"},"canonical":"https:\/\/solardorosario.com.br\/galeria\/produto\/reynaldo-fonseca-o-menino-e-o-cao\/","og_locale":"pt_BR","og_type":"article","og_title":"Reynaldo Fonseca - O Menino e o c\u00e3o - Solar do Ros\u00e1rio Galeria \\\\\\\\Nova","og_description":"Artista: Reynaldo Fonseca T\u00edtulo: O Menino e o c\u00e3o Dimens\u00e3o: 90x60cm T\u00e9cnica: Serigrafia (com moldura) &nbsp; &nbsp; Reynaldo de Aquino Fonseca nasceu em Recife, Pernambuco (1925-2019). Era artista visual, pintor, muralista e ilustrador. Em 1936, frequentou como ouvinte a Escola de Belas Artes de Pernambuco e faz o curso de magist\u00e9rio em desenho. Em 1944, [&hellip;]","og_url":"https:\/\/solardorosario.com.br\/galeria\/produto\/reynaldo-fonseca-o-menino-e-o-cao\/","og_site_name":"Solar do Ros\u00e1rio Galeria \\\\\\\\Nova","article_modified_time":"2025-12-22T18:58:46+00:00","og_image":[{"width":674,"height":973,"url":"https:\/\/solardorosario.com.br\/galeria\/wp-content\/uploads\/2024\/06\/Imagem-do-WhatsApp-de-2024-06-21-as-15.15.50_3bcef33b.jpg","type":"image\/jpeg"}],"twitter_card":"summary_large_image","twitter_misc":{"Est. tempo de leitura":"2 minutos"},"schema":{"@context":"https:\/\/schema.org","@graph":[{"@type":"WebPage","@id":"https:\/\/solardorosario.com.br\/galeria\/produto\/reynaldo-fonseca-o-menino-e-o-cao\/","url":"https:\/\/solardorosario.com.br\/galeria\/produto\/reynaldo-fonseca-o-menino-e-o-cao\/","name":"Reynaldo Fonseca - O Menino e o c\u00e3o - Solar do Ros\u00e1rio Galeria \\\\\\\\Nova","isPartOf":{"@id":"https:\/\/solardorosario.com.br\/galeria\/#website"},"primaryImageOfPage":{"@id":"https:\/\/solardorosario.com.br\/galeria\/produto\/reynaldo-fonseca-o-menino-e-o-cao\/#primaryimage"},"image":{"@id":"https:\/\/solardorosario.com.br\/galeria\/produto\/reynaldo-fonseca-o-menino-e-o-cao\/#primaryimage"},"thumbnailUrl":"https:\/\/solardorosario.com.br\/galeria\/wp-content\/uploads\/2024\/06\/Imagem-do-WhatsApp-de-2024-06-21-as-15.15.50_3bcef33b.jpg","datePublished":"2024-06-21T19:09:36+00:00","dateModified":"2025-12-22T18:58:46+00:00","breadcrumb":{"@id":"https:\/\/solardorosario.com.br\/galeria\/produto\/reynaldo-fonseca-o-menino-e-o-cao\/#breadcrumb"},"inLanguage":"pt-BR","potentialAction":[{"@type":"ReadAction","target":["https:\/\/solardorosario.com.br\/galeria\/produto\/reynaldo-fonseca-o-menino-e-o-cao\/"]}]},{"@type":"ImageObject","inLanguage":"pt-BR","@id":"https:\/\/solardorosario.com.br\/galeria\/produto\/reynaldo-fonseca-o-menino-e-o-cao\/#primaryimage","url":"https:\/\/solardorosario.com.br\/galeria\/wp-content\/uploads\/2024\/06\/Imagem-do-WhatsApp-de-2024-06-21-as-15.15.50_3bcef33b.jpg","contentUrl":"https:\/\/solardorosario.com.br\/galeria\/wp-content\/uploads\/2024\/06\/Imagem-do-WhatsApp-de-2024-06-21-as-15.15.50_3bcef33b.jpg","width":674,"height":973},{"@type":"BreadcrumbList","@id":"https:\/\/solardorosario.com.br\/galeria\/produto\/reynaldo-fonseca-o-menino-e-o-cao\/#breadcrumb","itemListElement":[{"@type":"ListItem","position":1,"name":"In\u00edcio","item":"https:\/\/solardorosario.com.br\/galeria\/"},{"@type":"ListItem","position":2,"name":"galeria","item":"https:\/\/solardorosario.com.br\/galeria\/galeria\/"},{"@type":"ListItem","position":3,"name":"Reynaldo Fonseca - O Menino e o c\u00e3o"}]},{"@type":"WebSite","@id":"https:\/\/solardorosario.com.br\/galeria\/#website","url":"https:\/\/solardorosario.com.br\/galeria\/","name":"Solar do Ros\u00e1rio Galeria \\\\\\\\Nova","description":"","potentialAction":[{"@type":"SearchAction","target":{"@type":"EntryPoint","urlTemplate":"https:\/\/solardorosario.com.br\/galeria\/?s={search_term_string}"},"query-input":{"@type":"PropertyValueSpecification","valueRequired":true,"valueName":"search_term_string"}}],"inLanguage":"pt-BR"}]}},"_links":{"self":[{"href":"https:\/\/solardorosario.com.br\/galeria\/wp-json\/wp\/v2\/product\/4959","targetHints":{"allow":["GET"]}}],"collection":[{"href":"https:\/\/solardorosario.com.br\/galeria\/wp-json\/wp\/v2\/product"}],"about":[{"href":"https:\/\/solardorosario.com.br\/galeria\/wp-json\/wp\/v2\/types\/product"}],"wp:featuredmedia":[{"embeddable":true,"href":"https:\/\/solardorosario.com.br\/galeria\/wp-json\/wp\/v2\/media\/4960"}],"wp:attachment":[{"href":"https:\/\/solardorosario.com.br\/galeria\/wp-json\/wp\/v2\/media?parent=4959"}],"wp:term":[{"taxonomy":"product_brand","embeddable":true,"href":"https:\/\/solardorosario.com.br\/galeria\/wp-json\/wp\/v2\/product_brand?post=4959"},{"taxonomy":"product_cat","embeddable":true,"href":"https:\/\/solardorosario.com.br\/galeria\/wp-json\/wp\/v2\/product_cat?post=4959"},{"taxonomy":"product_tag","embeddable":true,"href":"https:\/\/solardorosario.com.br\/galeria\/wp-json\/wp\/v2\/product_tag?post=4959"}],"curies":[{"name":"wp","href":"https:\/\/api.w.org\/{rel}","templated":true}]}}