{"id":4915,"date":"2024-06-10T16:33:06","date_gmt":"2024-06-10T19:33:06","guid":{"rendered":"https:\/\/solardorosario.com.br\/galeria\/?post_type=product&#038;p=4915"},"modified":"2026-03-26T17:34:10","modified_gmt":"2026-03-26T20:34:10","slug":"krishnamurti-silva-santo-antonio","status":"publish","type":"product","link":"https:\/\/solardorosario.com.br\/galeria\/produto\/krishnamurti-silva-santo-antonio\/","title":{"rendered":"Krishnamurti Silva - Santo Ant\u00f4nio"},"content":{"rendered":"<p><strong>Artista:<\/strong> Krishnamurti Silva<\/p>\n<p><strong>T\u00edtulo:<\/strong> Santo Ant\u00f4nio<\/p>\n<p><strong>Dimens\u00e3o:<\/strong> 52x14cm<\/p>\n<p><strong>T\u00e9cnica:<\/strong> Escultura em Madeira<\/p>\n<p>&nbsp;<\/p>\n<p>&nbsp;<\/p>\n<p>Krishnamurti Silva nasceu em An\u00e1polis - GO, em 1948. \u00c9 um artes\u00e3o autodidata, que aprendeu o of\u00edcio com seu pai, que tamb\u00e9m esculpia em madeira. H\u00e1 mais de 30 anos cria esculturas, principalmente de santos e figuras regionais. J\u00e1 exp\u00f4s em Bras\u00edlia, An\u00e1polis, Goi\u00e2nia, Belo Horizonte, S\u00e3o Paulo e Rio de Janeiro. Em 1976, foi para os Estados Unidos, e exp\u00f4s seus trabalhos.<\/p>\n<p>&nbsp;<\/p>\n","protected":false},"excerpt":{"rendered":"<p>Artista: Krishnamurti Silva T\u00edtulo: Santo Ant\u00f4nio Dimens\u00e3o: 52x14cm T\u00e9cnica: Escultura em Madeira &nbsp; &nbsp; Krishnamurti Silva nasceu em An\u00e1polis - GO, em 1948. \u00c9 um artes\u00e3o autodidata, que aprendeu o of\u00edcio com seu pai, que tamb\u00e9m esculpia em madeira. H\u00e1 mais de 30 anos cria esculturas, principalmente de santos e figuras regionais. J\u00e1 exp\u00f4s em [&hellip;]<\/p>\n","protected":false},"featured_media":4916,"template":"","meta":[],"product_brand":[],"product_cat":[117],"product_tag":[],"class_list":{"0":"post-4915","1":"product","2":"type-product","3":"status-publish","4":"has-post-thumbnail","6":"product_cat-galeria","7":"pa_artista-krishnamurti-silva","8":"pa_estilo-figurativo","9":"pa_tecnica-escultura","11":"first","12":"instock","13":"shipping-taxable","14":"product-type-simple"},"yoast_head":"<!-- This site is optimized with the Yoast SEO plugin v27.4 - https:\/\/yoast.com\/product\/yoast-seo-wordpress\/ -->\n<title>Krishnamurti Silva - Santo Ant\u00f4nio - Solar do Ros\u00e1rio Galeria \\\\\\\\Nova<\/title>\n<meta name=\"robots\" content=\"index, follow, max-snippet:-1, max-image-preview:large, max-video-preview:-1\" \/>\n<link rel=\"canonical\" href=\"https:\/\/solardorosario.com.br\/galeria\/produto\/krishnamurti-silva-santo-antonio\/\" \/>\n<meta property=\"og:locale\" content=\"pt_BR\" \/>\n<meta property=\"og:type\" content=\"article\" \/>\n<meta property=\"og:title\" content=\"Krishnamurti Silva - Santo Ant\u00f4nio - Solar do Ros\u00e1rio Galeria \\\\\\\\Nova\" \/>\n<meta property=\"og:description\" content=\"Artista: Krishnamurti Silva T\u00edtulo: Santo Ant\u00f4nio Dimens\u00e3o: 52x14cm T\u00e9cnica: Escultura em Madeira &nbsp; &nbsp; Krishnamurti Silva nasceu em An\u00e1polis - GO, em 1948. \u00c9 um artes\u00e3o autodidata, que aprendeu o of\u00edcio com seu pai, que tamb\u00e9m esculpia em madeira. H\u00e1 mais de 30 anos cria esculturas, principalmente de santos e figuras regionais. J\u00e1 exp\u00f4s em [&hellip;]\" \/>\n<meta property=\"og:url\" content=\"https:\/\/solardorosario.com.br\/galeria\/produto\/krishnamurti-silva-santo-antonio\/\" \/>\n<meta property=\"og:site_name\" content=\"Solar do Ros\u00e1rio Galeria \\\\\\\\Nova\" \/>\n<meta property=\"article:modified_time\" content=\"2026-03-26T20:34:10+00:00\" \/>\n<meta property=\"og:image\" content=\"https:\/\/solardorosario.com.br\/galeria\/wp-content\/uploads\/2024\/06\/Krishnamurti-Silva-desatadora-de-nos.png\" \/>\n\t<meta property=\"og:image:width\" content=\"433\" \/>\n\t<meta property=\"og:image:height\" content=\"577\" \/>\n\t<meta property=\"og:image:type\" content=\"image\/png\" \/>\n<meta name=\"twitter:card\" content=\"summary_large_image\" \/>\n<meta name=\"twitter:label1\" content=\"Est. tempo de leitura\" \/>\n\t<meta name=\"twitter:data1\" content=\"1 minuto\" \/>\n<script type=\"application\/ld+json\" class=\"yoast-schema-graph\">{\"@context\":\"https:\\\/\\\/schema.org\",\"@graph\":[{\"@type\":\"WebPage\",\"@id\":\"https:\\\/\\\/solardorosario.com.br\\\/galeria\\\/produto\\\/krishnamurti-silva-santo-antonio\\\/\",\"url\":\"https:\\\/\\\/solardorosario.com.br\\\/galeria\\\/produto\\\/krishnamurti-silva-santo-antonio\\\/\",\"name\":\"Krishnamurti Silva - Santo Ant\u00f4nio - Solar do Ros\u00e1rio Galeria \\\\\\\\\\\\\\\\Nova\",\"isPartOf\":{\"@id\":\"https:\\\/\\\/solardorosario.com.br\\\/galeria\\\/#website\"},\"primaryImageOfPage\":{\"@id\":\"https:\\\/\\\/solardorosario.com.br\\\/galeria\\\/produto\\\/krishnamurti-silva-santo-antonio\\\/#primaryimage\"},\"image\":{\"@id\":\"https:\\\/\\\/solardorosario.com.br\\\/galeria\\\/produto\\\/krishnamurti-silva-santo-antonio\\\/#primaryimage\"},\"thumbnailUrl\":\"https:\\\/\\\/solardorosario.com.br\\\/galeria\\\/wp-content\\\/uploads\\\/2024\\\/06\\\/Krishnamurti-Silva-desatadora-de-nos.png\",\"datePublished\":\"2024-06-10T19:33:06+00:00\",\"dateModified\":\"2026-03-26T20:34:10+00:00\",\"breadcrumb\":{\"@id\":\"https:\\\/\\\/solardorosario.com.br\\\/galeria\\\/produto\\\/krishnamurti-silva-santo-antonio\\\/#breadcrumb\"},\"inLanguage\":\"pt-BR\",\"potentialAction\":[{\"@type\":\"ReadAction\",\"target\":[\"https:\\\/\\\/solardorosario.com.br\\\/galeria\\\/produto\\\/krishnamurti-silva-santo-antonio\\\/\"]}]},{\"@type\":\"ImageObject\",\"inLanguage\":\"pt-BR\",\"@id\":\"https:\\\/\\\/solardorosario.com.br\\\/galeria\\\/produto\\\/krishnamurti-silva-santo-antonio\\\/#primaryimage\",\"url\":\"https:\\\/\\\/solardorosario.com.br\\\/galeria\\\/wp-content\\\/uploads\\\/2024\\\/06\\\/Krishnamurti-Silva-desatadora-de-nos.png\",\"contentUrl\":\"https:\\\/\\\/solardorosario.com.br\\\/galeria\\\/wp-content\\\/uploads\\\/2024\\\/06\\\/Krishnamurti-Silva-desatadora-de-nos.png\",\"width\":433,\"height\":577},{\"@type\":\"BreadcrumbList\",\"@id\":\"https:\\\/\\\/solardorosario.com.br\\\/galeria\\\/produto\\\/krishnamurti-silva-santo-antonio\\\/#breadcrumb\",\"itemListElement\":[{\"@type\":\"ListItem\",\"position\":1,\"name\":\"In\u00edcio\",\"item\":\"https:\\\/\\\/solardorosario.com.br\\\/galeria\\\/\"},{\"@type\":\"ListItem\",\"position\":2,\"name\":\"galeria\",\"item\":\"https:\\\/\\\/solardorosario.com.br\\\/galeria\\\/galeria\\\/\"},{\"@type\":\"ListItem\",\"position\":3,\"name\":\"Krishnamurti Silva - Santo Ant\u00f4nio\"}]},{\"@type\":\"WebSite\",\"@id\":\"https:\\\/\\\/solardorosario.com.br\\\/galeria\\\/#website\",\"url\":\"https:\\\/\\\/solardorosario.com.br\\\/galeria\\\/\",\"name\":\"Solar do Ros\u00e1rio Galeria \\\\\\\\\\\\\\\\Nova\",\"description\":\"\",\"potentialAction\":[{\"@type\":\"SearchAction\",\"target\":{\"@type\":\"EntryPoint\",\"urlTemplate\":\"https:\\\/\\\/solardorosario.com.br\\\/galeria\\\/?s={search_term_string}\"},\"query-input\":{\"@type\":\"PropertyValueSpecification\",\"valueRequired\":true,\"valueName\":\"search_term_string\"}}],\"inLanguage\":\"pt-BR\"}]}<\/script>\n<!-- \/ Yoast SEO plugin. -->","yoast_head_json":{"title":"Krishnamurti Silva - Santo Ant\u00f4nio - Solar do Ros\u00e1rio Galeria \\\\\\\\Nova","robots":{"index":"index","follow":"follow","max-snippet":"max-snippet:-1","max-image-preview":"max-image-preview:large","max-video-preview":"max-video-preview:-1"},"canonical":"https:\/\/solardorosario.com.br\/galeria\/produto\/krishnamurti-silva-santo-antonio\/","og_locale":"pt_BR","og_type":"article","og_title":"Krishnamurti Silva - Santo Ant\u00f4nio - Solar do Ros\u00e1rio Galeria \\\\\\\\Nova","og_description":"Artista: Krishnamurti Silva T\u00edtulo: Santo Ant\u00f4nio Dimens\u00e3o: 52x14cm T\u00e9cnica: Escultura em Madeira &nbsp; &nbsp; Krishnamurti Silva nasceu em An\u00e1polis - GO, em 1948. \u00c9 um artes\u00e3o autodidata, que aprendeu o of\u00edcio com seu pai, que tamb\u00e9m esculpia em madeira. H\u00e1 mais de 30 anos cria esculturas, principalmente de santos e figuras regionais. J\u00e1 exp\u00f4s em [&hellip;]","og_url":"https:\/\/solardorosario.com.br\/galeria\/produto\/krishnamurti-silva-santo-antonio\/","og_site_name":"Solar do Ros\u00e1rio Galeria \\\\\\\\Nova","article_modified_time":"2026-03-26T20:34:10+00:00","og_image":[{"width":433,"height":577,"url":"https:\/\/solardorosario.com.br\/galeria\/wp-content\/uploads\/2024\/06\/Krishnamurti-Silva-desatadora-de-nos.png","type":"image\/png"}],"twitter_card":"summary_large_image","twitter_misc":{"Est. tempo de leitura":"1 minuto"},"schema":{"@context":"https:\/\/schema.org","@graph":[{"@type":"WebPage","@id":"https:\/\/solardorosario.com.br\/galeria\/produto\/krishnamurti-silva-santo-antonio\/","url":"https:\/\/solardorosario.com.br\/galeria\/produto\/krishnamurti-silva-santo-antonio\/","name":"Krishnamurti Silva - Santo Ant\u00f4nio - Solar do Ros\u00e1rio Galeria \\\\\\\\Nova","isPartOf":{"@id":"https:\/\/solardorosario.com.br\/galeria\/#website"},"primaryImageOfPage":{"@id":"https:\/\/solardorosario.com.br\/galeria\/produto\/krishnamurti-silva-santo-antonio\/#primaryimage"},"image":{"@id":"https:\/\/solardorosario.com.br\/galeria\/produto\/krishnamurti-silva-santo-antonio\/#primaryimage"},"thumbnailUrl":"https:\/\/solardorosario.com.br\/galeria\/wp-content\/uploads\/2024\/06\/Krishnamurti-Silva-desatadora-de-nos.png","datePublished":"2024-06-10T19:33:06+00:00","dateModified":"2026-03-26T20:34:10+00:00","breadcrumb":{"@id":"https:\/\/solardorosario.com.br\/galeria\/produto\/krishnamurti-silva-santo-antonio\/#breadcrumb"},"inLanguage":"pt-BR","potentialAction":[{"@type":"ReadAction","target":["https:\/\/solardorosario.com.br\/galeria\/produto\/krishnamurti-silva-santo-antonio\/"]}]},{"@type":"ImageObject","inLanguage":"pt-BR","@id":"https:\/\/solardorosario.com.br\/galeria\/produto\/krishnamurti-silva-santo-antonio\/#primaryimage","url":"https:\/\/solardorosario.com.br\/galeria\/wp-content\/uploads\/2024\/06\/Krishnamurti-Silva-desatadora-de-nos.png","contentUrl":"https:\/\/solardorosario.com.br\/galeria\/wp-content\/uploads\/2024\/06\/Krishnamurti-Silva-desatadora-de-nos.png","width":433,"height":577},{"@type":"BreadcrumbList","@id":"https:\/\/solardorosario.com.br\/galeria\/produto\/krishnamurti-silva-santo-antonio\/#breadcrumb","itemListElement":[{"@type":"ListItem","position":1,"name":"In\u00edcio","item":"https:\/\/solardorosario.com.br\/galeria\/"},{"@type":"ListItem","position":2,"name":"galeria","item":"https:\/\/solardorosario.com.br\/galeria\/galeria\/"},{"@type":"ListItem","position":3,"name":"Krishnamurti Silva - Santo Ant\u00f4nio"}]},{"@type":"WebSite","@id":"https:\/\/solardorosario.com.br\/galeria\/#website","url":"https:\/\/solardorosario.com.br\/galeria\/","name":"Solar do Ros\u00e1rio Galeria \\\\\\\\Nova","description":"","potentialAction":[{"@type":"SearchAction","target":{"@type":"EntryPoint","urlTemplate":"https:\/\/solardorosario.com.br\/galeria\/?s={search_term_string}"},"query-input":{"@type":"PropertyValueSpecification","valueRequired":true,"valueName":"search_term_string"}}],"inLanguage":"pt-BR"}]}},"_links":{"self":[{"href":"https:\/\/solardorosario.com.br\/galeria\/wp-json\/wp\/v2\/product\/4915","targetHints":{"allow":["GET"]}}],"collection":[{"href":"https:\/\/solardorosario.com.br\/galeria\/wp-json\/wp\/v2\/product"}],"about":[{"href":"https:\/\/solardorosario.com.br\/galeria\/wp-json\/wp\/v2\/types\/product"}],"wp:featuredmedia":[{"embeddable":true,"href":"https:\/\/solardorosario.com.br\/galeria\/wp-json\/wp\/v2\/media\/4916"}],"wp:attachment":[{"href":"https:\/\/solardorosario.com.br\/galeria\/wp-json\/wp\/v2\/media?parent=4915"}],"wp:term":[{"taxonomy":"product_brand","embeddable":true,"href":"https:\/\/solardorosario.com.br\/galeria\/wp-json\/wp\/v2\/product_brand?post=4915"},{"taxonomy":"product_cat","embeddable":true,"href":"https:\/\/solardorosario.com.br\/galeria\/wp-json\/wp\/v2\/product_cat?post=4915"},{"taxonomy":"product_tag","embeddable":true,"href":"https:\/\/solardorosario.com.br\/galeria\/wp-json\/wp\/v2\/product_tag?post=4915"}],"curies":[{"name":"wp","href":"https:\/\/api.w.org\/{rel}","templated":true}]}}