{"id":4907,"date":"2024-06-04T14:39:43","date_gmt":"2024-06-04T17:39:43","guid":{"rendered":"https:\/\/solardorosario.com.br\/galeria\/?post_type=product&#038;p=4907"},"modified":"2026-01-22T16:07:07","modified_gmt":"2026-01-22T19:07:07","slug":"vivian-vidal-serie-muros-curitibanos-campo-do-siqueira","status":"publish","type":"product","link":"https:\/\/solardorosario.com.br\/galeria\/produto\/vivian-vidal-serie-muros-curitibanos-campo-do-siqueira\/","title":{"rendered":"Vivian Vidal - S\u00e9rie Muros Curitibanos Campo do Siqueira"},"content":{"rendered":"<p><strong>Artista:<\/strong> Vivian Vidal<\/p>\n<p><strong>T\u00edtulo:<\/strong> S\u00e9rie Muros Curitibanos - Campina do Siqueira \"Final da Ferdinando Darif\"<\/p>\n<p><strong>Dimens\u00e3o:<\/strong> 110x60cm<\/p>\n<p><strong>T\u00e9cnica:<\/strong> \u00d3leo sobre tela<\/p>\n<p>&nbsp;<\/p>\n<p>&nbsp;<\/p>\n<p><span class=\"cf0\">Vivian Vidal era uma artista visual nascida no Rio de Janeiro, em 1951 (1951-2015). Era pintora, desenhista, gravadora. Em 1972, se mudou para Curitiba - Paran\u00e1, e se graduou em Pintura. Em 1975, formou-se em Desenho, Hist\u00f3ria da Arte e Modelagem, pela Escola de M\u00fasica e Belas Artes do Paran\u00e1 (EMBAP). Foi aluna de nomes relevantes como\u00a0<\/span><span class=\"cf0\">Erbo<\/span>\u00a0<span class=\"cf0\">Stenzel<\/span><span class=\"cf0\">, Leonor\u00a0<\/span><span class=\"cf0\">Botteri<\/span><span class=\"cf0\">, Artur\u00a0<\/span><span class=\"cf0\">N\u00edsio<\/span><span class=\"cf0\">, Luiz Carlos de Andrade Lima, Fernando\u00a0<\/span><span class=\"cf0\">Calderari<\/span><span class=\"cf0\">, Jo\u00e3o Os\u00f3rio\u00a0<\/span><span class=\"cf0\">Brzezinski<\/span><span class=\"cf0\">, entre outros. Foi catalogada no Anu\u00e1rio Latino Americano de Artes Pl\u00e1sticas, em 1987. Seu nome consta no Dicion\u00e1rio de Artes Pl\u00e1sticas no Brasil, de J\u00falio Louzada. Em 1973, participou do XX Sal\u00e3o Nacional de Belas Artes do MEC - RJ, recebendo o pr\u00eamio de Men\u00e7\u00e3o Honrosa. No ano seguinte, participou do IX Sal\u00e3o de Maio da Sociedade Brasileira de Belas Artes, no Rio de Janeiro. Em 1979, participou da sua primeira exposi\u00e7\u00e3o individual, em Curitiba. Em 1983, participou do XVIII Sal\u00e3o de Primavera do Clube Concordia. Fez outras exposi\u00e7\u00f5es individuais, coletivas e sal\u00f5es de arte em Curitiba, no Rio de Janeiro, S\u00e3o Paulo e em Foz do Igua\u00e7u.<\/span><\/p>\n","protected":false},"excerpt":{"rendered":"<p>Artista: Vivian Vidal T\u00edtulo: S\u00e9rie Muros Curitibanos - Campina do Siqueira \"Final da Ferdinando Darif\" Dimens\u00e3o: 110x60cm T\u00e9cnica: \u00d3leo sobre tela &nbsp; &nbsp; Vivian Vidal era uma artista visual nascida no Rio de Janeiro, em 1951 (1951-2015). Era pintora, desenhista, gravadora. Em 1972, se mudou para Curitiba - Paran\u00e1, e se graduou em Pintura. Em [&hellip;]<\/p>\n","protected":false},"featured_media":4908,"template":"","meta":[],"product_brand":[],"product_cat":[117],"product_tag":[],"class_list":{"0":"post-4907","1":"product","2":"type-product","3":"status-publish","4":"has-post-thumbnail","6":"product_cat-galeria","7":"pa_artista-vivian-vidal","8":"pa_estilo-figurativo","9":"pa_estilo-figurativo-paisagem","10":"pa_tecnica-oleo-sobre-tela","12":"first","13":"instock","14":"shipping-taxable","15":"purchasable","16":"product-type-simple"},"yoast_head":"<!-- This site is optimized with the Yoast SEO plugin v27.4 - https:\/\/yoast.com\/product\/yoast-seo-wordpress\/ -->\n<title>Vivian Vidal - S\u00e9rie Muros Curitibanos Campo do Siqueira - Solar do Ros\u00e1rio Galeria \\\\\\\\Nova<\/title>\n<meta name=\"robots\" content=\"index, follow, max-snippet:-1, max-image-preview:large, max-video-preview:-1\" \/>\n<link rel=\"canonical\" href=\"https:\/\/solardorosario.com.br\/galeria\/produto\/vivian-vidal-serie-muros-curitibanos-campo-do-siqueira\/\" \/>\n<meta property=\"og:locale\" content=\"pt_BR\" \/>\n<meta property=\"og:type\" content=\"article\" \/>\n<meta property=\"og:title\" content=\"Vivian Vidal - S\u00e9rie Muros Curitibanos Campo do Siqueira - Solar do Ros\u00e1rio Galeria \\\\\\\\Nova\" \/>\n<meta property=\"og:description\" content=\"Artista: Vivian Vidal T\u00edtulo: S\u00e9rie Muros Curitibanos - Campina do Siqueira &quot;Final da Ferdinando Darif&quot; Dimens\u00e3o: 110x60cm T\u00e9cnica: \u00d3leo sobre tela &nbsp; &nbsp; Vivian Vidal era uma artista visual nascida no Rio de Janeiro, em 1951 (1951-2015). Era pintora, desenhista, gravadora. Em 1972, se mudou para Curitiba - Paran\u00e1, e se graduou em Pintura. Em [&hellip;]\" \/>\n<meta property=\"og:url\" content=\"https:\/\/solardorosario.com.br\/galeria\/produto\/vivian-vidal-serie-muros-curitibanos-campo-do-siqueira\/\" \/>\n<meta property=\"og:site_name\" content=\"Solar do Ros\u00e1rio Galeria \\\\\\\\Nova\" \/>\n<meta property=\"article:modified_time\" content=\"2026-01-22T19:07:07+00:00\" \/>\n<meta property=\"og:image\" content=\"https:\/\/solardorosario.com.br\/galeria\/wp-content\/uploads\/2024\/06\/Imagem-do-WhatsApp-de-2024-04-19-as-10.33.48_25e3e3dd.jpg\" \/>\n\t<meta property=\"og:image:width\" content=\"1280\" \/>\n\t<meta property=\"og:image:height\" content=\"735\" \/>\n\t<meta property=\"og:image:type\" content=\"image\/jpeg\" \/>\n<meta name=\"twitter:card\" content=\"summary_large_image\" \/>\n<meta name=\"twitter:label1\" content=\"Est. tempo de leitura\" \/>\n\t<meta name=\"twitter:data1\" content=\"2 minutos\" \/>\n<script type=\"application\/ld+json\" class=\"yoast-schema-graph\">{\"@context\":\"https:\\\/\\\/schema.org\",\"@graph\":[{\"@type\":\"WebPage\",\"@id\":\"https:\\\/\\\/solardorosario.com.br\\\/galeria\\\/produto\\\/vivian-vidal-serie-muros-curitibanos-campo-do-siqueira\\\/\",\"url\":\"https:\\\/\\\/solardorosario.com.br\\\/galeria\\\/produto\\\/vivian-vidal-serie-muros-curitibanos-campo-do-siqueira\\\/\",\"name\":\"Vivian Vidal - S\u00e9rie Muros Curitibanos Campo do Siqueira - Solar do Ros\u00e1rio Galeria \\\\\\\\\\\\\\\\Nova\",\"isPartOf\":{\"@id\":\"https:\\\/\\\/solardorosario.com.br\\\/galeria\\\/#website\"},\"primaryImageOfPage\":{\"@id\":\"https:\\\/\\\/solardorosario.com.br\\\/galeria\\\/produto\\\/vivian-vidal-serie-muros-curitibanos-campo-do-siqueira\\\/#primaryimage\"},\"image\":{\"@id\":\"https:\\\/\\\/solardorosario.com.br\\\/galeria\\\/produto\\\/vivian-vidal-serie-muros-curitibanos-campo-do-siqueira\\\/#primaryimage\"},\"thumbnailUrl\":\"https:\\\/\\\/solardorosario.com.br\\\/galeria\\\/wp-content\\\/uploads\\\/2024\\\/06\\\/Imagem-do-WhatsApp-de-2024-04-19-as-10.33.48_25e3e3dd.jpg\",\"datePublished\":\"2024-06-04T17:39:43+00:00\",\"dateModified\":\"2026-01-22T19:07:07+00:00\",\"breadcrumb\":{\"@id\":\"https:\\\/\\\/solardorosario.com.br\\\/galeria\\\/produto\\\/vivian-vidal-serie-muros-curitibanos-campo-do-siqueira\\\/#breadcrumb\"},\"inLanguage\":\"pt-BR\",\"potentialAction\":[{\"@type\":\"ReadAction\",\"target\":[\"https:\\\/\\\/solardorosario.com.br\\\/galeria\\\/produto\\\/vivian-vidal-serie-muros-curitibanos-campo-do-siqueira\\\/\"]}]},{\"@type\":\"ImageObject\",\"inLanguage\":\"pt-BR\",\"@id\":\"https:\\\/\\\/solardorosario.com.br\\\/galeria\\\/produto\\\/vivian-vidal-serie-muros-curitibanos-campo-do-siqueira\\\/#primaryimage\",\"url\":\"https:\\\/\\\/solardorosario.com.br\\\/galeria\\\/wp-content\\\/uploads\\\/2024\\\/06\\\/Imagem-do-WhatsApp-de-2024-04-19-as-10.33.48_25e3e3dd.jpg\",\"contentUrl\":\"https:\\\/\\\/solardorosario.com.br\\\/galeria\\\/wp-content\\\/uploads\\\/2024\\\/06\\\/Imagem-do-WhatsApp-de-2024-04-19-as-10.33.48_25e3e3dd.jpg\",\"width\":1280,\"height\":735},{\"@type\":\"BreadcrumbList\",\"@id\":\"https:\\\/\\\/solardorosario.com.br\\\/galeria\\\/produto\\\/vivian-vidal-serie-muros-curitibanos-campo-do-siqueira\\\/#breadcrumb\",\"itemListElement\":[{\"@type\":\"ListItem\",\"position\":1,\"name\":\"In\u00edcio\",\"item\":\"https:\\\/\\\/solardorosario.com.br\\\/galeria\\\/\"},{\"@type\":\"ListItem\",\"position\":2,\"name\":\"galeria\",\"item\":\"https:\\\/\\\/solardorosario.com.br\\\/galeria\\\/galeria\\\/\"},{\"@type\":\"ListItem\",\"position\":3,\"name\":\"Vivian Vidal - S\u00e9rie Muros Curitibanos Campo do Siqueira\"}]},{\"@type\":\"WebSite\",\"@id\":\"https:\\\/\\\/solardorosario.com.br\\\/galeria\\\/#website\",\"url\":\"https:\\\/\\\/solardorosario.com.br\\\/galeria\\\/\",\"name\":\"Solar do Ros\u00e1rio Galeria \\\\\\\\\\\\\\\\Nova\",\"description\":\"\",\"potentialAction\":[{\"@type\":\"SearchAction\",\"target\":{\"@type\":\"EntryPoint\",\"urlTemplate\":\"https:\\\/\\\/solardorosario.com.br\\\/galeria\\\/?s={search_term_string}\"},\"query-input\":{\"@type\":\"PropertyValueSpecification\",\"valueRequired\":true,\"valueName\":\"search_term_string\"}}],\"inLanguage\":\"pt-BR\"}]}<\/script>\n<!-- \/ Yoast SEO plugin. -->","yoast_head_json":{"title":"Vivian Vidal - S\u00e9rie Muros Curitibanos Campo do Siqueira - Solar do Ros\u00e1rio Galeria \\\\\\\\Nova","robots":{"index":"index","follow":"follow","max-snippet":"max-snippet:-1","max-image-preview":"max-image-preview:large","max-video-preview":"max-video-preview:-1"},"canonical":"https:\/\/solardorosario.com.br\/galeria\/produto\/vivian-vidal-serie-muros-curitibanos-campo-do-siqueira\/","og_locale":"pt_BR","og_type":"article","og_title":"Vivian Vidal - S\u00e9rie Muros Curitibanos Campo do Siqueira - Solar do Ros\u00e1rio Galeria \\\\\\\\Nova","og_description":"Artista: Vivian Vidal T\u00edtulo: S\u00e9rie Muros Curitibanos - Campina do Siqueira \"Final da Ferdinando Darif\" Dimens\u00e3o: 110x60cm T\u00e9cnica: \u00d3leo sobre tela &nbsp; &nbsp; Vivian Vidal era uma artista visual nascida no Rio de Janeiro, em 1951 (1951-2015). Era pintora, desenhista, gravadora. Em 1972, se mudou para Curitiba - Paran\u00e1, e se graduou em Pintura. Em [&hellip;]","og_url":"https:\/\/solardorosario.com.br\/galeria\/produto\/vivian-vidal-serie-muros-curitibanos-campo-do-siqueira\/","og_site_name":"Solar do Ros\u00e1rio Galeria \\\\\\\\Nova","article_modified_time":"2026-01-22T19:07:07+00:00","og_image":[{"width":1280,"height":735,"url":"https:\/\/solardorosario.com.br\/galeria\/wp-content\/uploads\/2024\/06\/Imagem-do-WhatsApp-de-2024-04-19-as-10.33.48_25e3e3dd.jpg","type":"image\/jpeg"}],"twitter_card":"summary_large_image","twitter_misc":{"Est. tempo de leitura":"2 minutos"},"schema":{"@context":"https:\/\/schema.org","@graph":[{"@type":"WebPage","@id":"https:\/\/solardorosario.com.br\/galeria\/produto\/vivian-vidal-serie-muros-curitibanos-campo-do-siqueira\/","url":"https:\/\/solardorosario.com.br\/galeria\/produto\/vivian-vidal-serie-muros-curitibanos-campo-do-siqueira\/","name":"Vivian Vidal - S\u00e9rie Muros Curitibanos Campo do Siqueira - Solar do Ros\u00e1rio Galeria \\\\\\\\Nova","isPartOf":{"@id":"https:\/\/solardorosario.com.br\/galeria\/#website"},"primaryImageOfPage":{"@id":"https:\/\/solardorosario.com.br\/galeria\/produto\/vivian-vidal-serie-muros-curitibanos-campo-do-siqueira\/#primaryimage"},"image":{"@id":"https:\/\/solardorosario.com.br\/galeria\/produto\/vivian-vidal-serie-muros-curitibanos-campo-do-siqueira\/#primaryimage"},"thumbnailUrl":"https:\/\/solardorosario.com.br\/galeria\/wp-content\/uploads\/2024\/06\/Imagem-do-WhatsApp-de-2024-04-19-as-10.33.48_25e3e3dd.jpg","datePublished":"2024-06-04T17:39:43+00:00","dateModified":"2026-01-22T19:07:07+00:00","breadcrumb":{"@id":"https:\/\/solardorosario.com.br\/galeria\/produto\/vivian-vidal-serie-muros-curitibanos-campo-do-siqueira\/#breadcrumb"},"inLanguage":"pt-BR","potentialAction":[{"@type":"ReadAction","target":["https:\/\/solardorosario.com.br\/galeria\/produto\/vivian-vidal-serie-muros-curitibanos-campo-do-siqueira\/"]}]},{"@type":"ImageObject","inLanguage":"pt-BR","@id":"https:\/\/solardorosario.com.br\/galeria\/produto\/vivian-vidal-serie-muros-curitibanos-campo-do-siqueira\/#primaryimage","url":"https:\/\/solardorosario.com.br\/galeria\/wp-content\/uploads\/2024\/06\/Imagem-do-WhatsApp-de-2024-04-19-as-10.33.48_25e3e3dd.jpg","contentUrl":"https:\/\/solardorosario.com.br\/galeria\/wp-content\/uploads\/2024\/06\/Imagem-do-WhatsApp-de-2024-04-19-as-10.33.48_25e3e3dd.jpg","width":1280,"height":735},{"@type":"BreadcrumbList","@id":"https:\/\/solardorosario.com.br\/galeria\/produto\/vivian-vidal-serie-muros-curitibanos-campo-do-siqueira\/#breadcrumb","itemListElement":[{"@type":"ListItem","position":1,"name":"In\u00edcio","item":"https:\/\/solardorosario.com.br\/galeria\/"},{"@type":"ListItem","position":2,"name":"galeria","item":"https:\/\/solardorosario.com.br\/galeria\/galeria\/"},{"@type":"ListItem","position":3,"name":"Vivian Vidal - S\u00e9rie Muros Curitibanos Campo do Siqueira"}]},{"@type":"WebSite","@id":"https:\/\/solardorosario.com.br\/galeria\/#website","url":"https:\/\/solardorosario.com.br\/galeria\/","name":"Solar do Ros\u00e1rio Galeria \\\\\\\\Nova","description":"","potentialAction":[{"@type":"SearchAction","target":{"@type":"EntryPoint","urlTemplate":"https:\/\/solardorosario.com.br\/galeria\/?s={search_term_string}"},"query-input":{"@type":"PropertyValueSpecification","valueRequired":true,"valueName":"search_term_string"}}],"inLanguage":"pt-BR"}]}},"_links":{"self":[{"href":"https:\/\/solardorosario.com.br\/galeria\/wp-json\/wp\/v2\/product\/4907","targetHints":{"allow":["GET"]}}],"collection":[{"href":"https:\/\/solardorosario.com.br\/galeria\/wp-json\/wp\/v2\/product"}],"about":[{"href":"https:\/\/solardorosario.com.br\/galeria\/wp-json\/wp\/v2\/types\/product"}],"wp:featuredmedia":[{"embeddable":true,"href":"https:\/\/solardorosario.com.br\/galeria\/wp-json\/wp\/v2\/media\/4908"}],"wp:attachment":[{"href":"https:\/\/solardorosario.com.br\/galeria\/wp-json\/wp\/v2\/media?parent=4907"}],"wp:term":[{"taxonomy":"product_brand","embeddable":true,"href":"https:\/\/solardorosario.com.br\/galeria\/wp-json\/wp\/v2\/product_brand?post=4907"},{"taxonomy":"product_cat","embeddable":true,"href":"https:\/\/solardorosario.com.br\/galeria\/wp-json\/wp\/v2\/product_cat?post=4907"},{"taxonomy":"product_tag","embeddable":true,"href":"https:\/\/solardorosario.com.br\/galeria\/wp-json\/wp\/v2\/product_tag?post=4907"}],"curies":[{"name":"wp","href":"https:\/\/api.w.org\/{rel}","templated":true}]}}