{"id":4867,"date":"2024-05-03T11:02:44","date_gmt":"2024-05-03T14:02:44","guid":{"rendered":"https:\/\/solardorosario.com.br\/galeria\/?post_type=product&#038;p=4867"},"modified":"2026-04-20T18:08:00","modified_gmt":"2026-04-20T21:08:00","slug":"yugo-mabe-ikebana","status":"publish","type":"product","link":"https:\/\/solardorosario.com.br\/galeria\/produto\/yugo-mabe-ikebana\/","title":{"rendered":"Yugo Mabe - Ikebana"},"content":{"rendered":"<p><strong>Artista:<\/strong> Yugo Mabe<\/p>\n<p><strong>T\u00edtulo:<\/strong> Ikebana<\/p>\n<p><strong>Dimens\u00e3o:<\/strong> 70x60cm<\/p>\n<p><strong>T\u00e9cnica:<\/strong> Gravura (com moldura)<\/p>\n<p>&nbsp;<\/p>\n<p>&nbsp;<\/p>\n<p><!--StartFragment --><span class=\"cf0\">Yugo<\/span> <span class=\"cf0\">Mabe<\/span><span class=\"cf0\"> nasceu em Lins, em S\u00e3o Paulo em 1955. \u00c9 artista visual e pintor. \u00c9 formado em Comunica\u00e7\u00e3o, pelas Faculdades Integradas Alc\u00e2ntara Machado (FIAM), em 1977, sem exercer a profiss\u00e3o de publicit\u00e1rio. Conviveu no meio art\u00edstico desde novo, por ser filho do artista nipo-brasileiro, <\/span><span class=\"cf0\">Manabu<\/span> <span class=\"cf0\">Mabe<\/span><span class=\"cf0\">. A partir da d\u00e9cada de 1970, exp\u00f4s coletivamente pela primeira vez. Foi premiado nos Sal\u00f5es <\/span><span class=\"cf0\">Bunkyo<\/span><span class=\"cf0\"> em 1972 e 1975, al\u00e9m do Sal\u00e3o Paulista de Belas Artes em 1975 e em 1982, o que o consolidou no cen\u00e1rio art\u00edstico do pa\u00eds. Suas exposi\u00e7\u00f5es individuais, a partir de 1982, aconteceram em S\u00e3o Paulo e no Rio de Janeiro. Participou das exposi\u00e7\u00f5es coletivas como a de 70 e de 75 Anos da Imigra\u00e7\u00e3o Japonesa no Brasil, pelo SESC S\u00e3o Paulo, em 1979 e 1983, respectivamente. <\/span><!--EndFragment --><\/p>\n","protected":false},"excerpt":{"rendered":"<p>Artista: Yugo Mabe T\u00edtulo: Ikebana Dimens\u00e3o: 70x60cm T\u00e9cnica: Gravura (com moldura) &nbsp; &nbsp; Yugo Mabe nasceu em Lins, em S\u00e3o Paulo em 1955. \u00c9 artista visual e pintor. \u00c9 formado em Comunica\u00e7\u00e3o, pelas Faculdades Integradas Alc\u00e2ntara Machado (FIAM), em 1977, sem exercer a profiss\u00e3o de publicit\u00e1rio. Conviveu no meio art\u00edstico desde novo, por ser filho [&hellip;]<\/p>\n","protected":false},"featured_media":4868,"template":"","meta":[],"product_brand":[],"product_cat":[117],"product_tag":[],"class_list":{"0":"post-4867","1":"product","2":"type-product","3":"status-publish","4":"has-post-thumbnail","6":"product_cat-galeria","7":"pa_artista-yugo-mabe","8":"pa_estilo-natureza-morta","9":"pa_tecnica-gravura","11":"first","12":"instock","13":"shipping-taxable","14":"purchasable","15":"product-type-simple"},"yoast_head":"<!-- This site is optimized with the Yoast SEO plugin v27.4 - https:\/\/yoast.com\/product\/yoast-seo-wordpress\/ -->\n<title>Yugo Mabe - Ikebana - Solar do Ros\u00e1rio Galeria \\\\\\\\Nova<\/title>\n<meta name=\"robots\" content=\"index, follow, max-snippet:-1, max-image-preview:large, max-video-preview:-1\" \/>\n<link rel=\"canonical\" href=\"https:\/\/solardorosario.com.br\/galeria\/produto\/yugo-mabe-ikebana\/\" \/>\n<meta property=\"og:locale\" content=\"pt_BR\" \/>\n<meta property=\"og:type\" content=\"article\" \/>\n<meta property=\"og:title\" content=\"Yugo Mabe - Ikebana - Solar do Ros\u00e1rio Galeria \\\\\\\\Nova\" \/>\n<meta property=\"og:description\" content=\"Artista: Yugo Mabe T\u00edtulo: Ikebana Dimens\u00e3o: 70x60cm T\u00e9cnica: Gravura (com moldura) &nbsp; &nbsp; Yugo Mabe nasceu em Lins, em S\u00e3o Paulo em 1955. \u00c9 artista visual e pintor. \u00c9 formado em Comunica\u00e7\u00e3o, pelas Faculdades Integradas Alc\u00e2ntara Machado (FIAM), em 1977, sem exercer a profiss\u00e3o de publicit\u00e1rio. Conviveu no meio art\u00edstico desde novo, por ser filho [&hellip;]\" \/>\n<meta property=\"og:url\" content=\"https:\/\/solardorosario.com.br\/galeria\/produto\/yugo-mabe-ikebana\/\" \/>\n<meta property=\"og:site_name\" content=\"Solar do Ros\u00e1rio Galeria \\\\\\\\Nova\" \/>\n<meta property=\"article:modified_time\" content=\"2026-04-20T21:08:00+00:00\" \/>\n<meta property=\"og:image\" content=\"https:\/\/solardorosario.com.br\/galeria\/wp-content\/uploads\/2024\/05\/Imagem-do-WhatsApp-de-2024-04-19-as-10.31.39_fcded554.jpg\" \/>\n\t<meta property=\"og:image:width\" content=\"1280\" \/>\n\t<meta property=\"og:image:height\" content=\"1081\" \/>\n\t<meta property=\"og:image:type\" content=\"image\/jpeg\" \/>\n<meta name=\"twitter:card\" content=\"summary_large_image\" \/>\n<meta name=\"twitter:label1\" content=\"Est. tempo de leitura\" \/>\n\t<meta name=\"twitter:data1\" content=\"1 minuto\" \/>\n<script type=\"application\/ld+json\" class=\"yoast-schema-graph\">{\"@context\":\"https:\\\/\\\/schema.org\",\"@graph\":[{\"@type\":\"WebPage\",\"@id\":\"https:\\\/\\\/solardorosario.com.br\\\/galeria\\\/produto\\\/yugo-mabe-ikebana\\\/\",\"url\":\"https:\\\/\\\/solardorosario.com.br\\\/galeria\\\/produto\\\/yugo-mabe-ikebana\\\/\",\"name\":\"Yugo Mabe - Ikebana - Solar do Ros\u00e1rio Galeria \\\\\\\\\\\\\\\\Nova\",\"isPartOf\":{\"@id\":\"https:\\\/\\\/solardorosario.com.br\\\/galeria\\\/#website\"},\"primaryImageOfPage\":{\"@id\":\"https:\\\/\\\/solardorosario.com.br\\\/galeria\\\/produto\\\/yugo-mabe-ikebana\\\/#primaryimage\"},\"image\":{\"@id\":\"https:\\\/\\\/solardorosario.com.br\\\/galeria\\\/produto\\\/yugo-mabe-ikebana\\\/#primaryimage\"},\"thumbnailUrl\":\"https:\\\/\\\/solardorosario.com.br\\\/galeria\\\/wp-content\\\/uploads\\\/2024\\\/05\\\/Imagem-do-WhatsApp-de-2024-04-19-as-10.31.39_fcded554.jpg\",\"datePublished\":\"2024-05-03T14:02:44+00:00\",\"dateModified\":\"2026-04-20T21:08:00+00:00\",\"breadcrumb\":{\"@id\":\"https:\\\/\\\/solardorosario.com.br\\\/galeria\\\/produto\\\/yugo-mabe-ikebana\\\/#breadcrumb\"},\"inLanguage\":\"pt-BR\",\"potentialAction\":[{\"@type\":\"ReadAction\",\"target\":[\"https:\\\/\\\/solardorosario.com.br\\\/galeria\\\/produto\\\/yugo-mabe-ikebana\\\/\"]}]},{\"@type\":\"ImageObject\",\"inLanguage\":\"pt-BR\",\"@id\":\"https:\\\/\\\/solardorosario.com.br\\\/galeria\\\/produto\\\/yugo-mabe-ikebana\\\/#primaryimage\",\"url\":\"https:\\\/\\\/solardorosario.com.br\\\/galeria\\\/wp-content\\\/uploads\\\/2024\\\/05\\\/Imagem-do-WhatsApp-de-2024-04-19-as-10.31.39_fcded554.jpg\",\"contentUrl\":\"https:\\\/\\\/solardorosario.com.br\\\/galeria\\\/wp-content\\\/uploads\\\/2024\\\/05\\\/Imagem-do-WhatsApp-de-2024-04-19-as-10.31.39_fcded554.jpg\",\"width\":1280,\"height\":1081},{\"@type\":\"BreadcrumbList\",\"@id\":\"https:\\\/\\\/solardorosario.com.br\\\/galeria\\\/produto\\\/yugo-mabe-ikebana\\\/#breadcrumb\",\"itemListElement\":[{\"@type\":\"ListItem\",\"position\":1,\"name\":\"In\u00edcio\",\"item\":\"https:\\\/\\\/solardorosario.com.br\\\/galeria\\\/\"},{\"@type\":\"ListItem\",\"position\":2,\"name\":\"galeria\",\"item\":\"https:\\\/\\\/solardorosario.com.br\\\/galeria\\\/galeria\\\/\"},{\"@type\":\"ListItem\",\"position\":3,\"name\":\"Yugo Mabe - Ikebana\"}]},{\"@type\":\"WebSite\",\"@id\":\"https:\\\/\\\/solardorosario.com.br\\\/galeria\\\/#website\",\"url\":\"https:\\\/\\\/solardorosario.com.br\\\/galeria\\\/\",\"name\":\"Solar do Ros\u00e1rio Galeria \\\\\\\\\\\\\\\\Nova\",\"description\":\"\",\"potentialAction\":[{\"@type\":\"SearchAction\",\"target\":{\"@type\":\"EntryPoint\",\"urlTemplate\":\"https:\\\/\\\/solardorosario.com.br\\\/galeria\\\/?s={search_term_string}\"},\"query-input\":{\"@type\":\"PropertyValueSpecification\",\"valueRequired\":true,\"valueName\":\"search_term_string\"}}],\"inLanguage\":\"pt-BR\"}]}<\/script>\n<!-- \/ Yoast SEO plugin. -->","yoast_head_json":{"title":"Yugo Mabe - Ikebana - Solar do Ros\u00e1rio Galeria \\\\\\\\Nova","robots":{"index":"index","follow":"follow","max-snippet":"max-snippet:-1","max-image-preview":"max-image-preview:large","max-video-preview":"max-video-preview:-1"},"canonical":"https:\/\/solardorosario.com.br\/galeria\/produto\/yugo-mabe-ikebana\/","og_locale":"pt_BR","og_type":"article","og_title":"Yugo Mabe - Ikebana - Solar do Ros\u00e1rio Galeria \\\\\\\\Nova","og_description":"Artista: Yugo Mabe T\u00edtulo: Ikebana Dimens\u00e3o: 70x60cm T\u00e9cnica: Gravura (com moldura) &nbsp; &nbsp; Yugo Mabe nasceu em Lins, em S\u00e3o Paulo em 1955. \u00c9 artista visual e pintor. \u00c9 formado em Comunica\u00e7\u00e3o, pelas Faculdades Integradas Alc\u00e2ntara Machado (FIAM), em 1977, sem exercer a profiss\u00e3o de publicit\u00e1rio. Conviveu no meio art\u00edstico desde novo, por ser filho [&hellip;]","og_url":"https:\/\/solardorosario.com.br\/galeria\/produto\/yugo-mabe-ikebana\/","og_site_name":"Solar do Ros\u00e1rio Galeria \\\\\\\\Nova","article_modified_time":"2026-04-20T21:08:00+00:00","og_image":[{"width":1280,"height":1081,"url":"https:\/\/solardorosario.com.br\/galeria\/wp-content\/uploads\/2024\/05\/Imagem-do-WhatsApp-de-2024-04-19-as-10.31.39_fcded554.jpg","type":"image\/jpeg"}],"twitter_card":"summary_large_image","twitter_misc":{"Est. tempo de leitura":"1 minuto"},"schema":{"@context":"https:\/\/schema.org","@graph":[{"@type":"WebPage","@id":"https:\/\/solardorosario.com.br\/galeria\/produto\/yugo-mabe-ikebana\/","url":"https:\/\/solardorosario.com.br\/galeria\/produto\/yugo-mabe-ikebana\/","name":"Yugo Mabe - Ikebana - Solar do Ros\u00e1rio Galeria \\\\\\\\Nova","isPartOf":{"@id":"https:\/\/solardorosario.com.br\/galeria\/#website"},"primaryImageOfPage":{"@id":"https:\/\/solardorosario.com.br\/galeria\/produto\/yugo-mabe-ikebana\/#primaryimage"},"image":{"@id":"https:\/\/solardorosario.com.br\/galeria\/produto\/yugo-mabe-ikebana\/#primaryimage"},"thumbnailUrl":"https:\/\/solardorosario.com.br\/galeria\/wp-content\/uploads\/2024\/05\/Imagem-do-WhatsApp-de-2024-04-19-as-10.31.39_fcded554.jpg","datePublished":"2024-05-03T14:02:44+00:00","dateModified":"2026-04-20T21:08:00+00:00","breadcrumb":{"@id":"https:\/\/solardorosario.com.br\/galeria\/produto\/yugo-mabe-ikebana\/#breadcrumb"},"inLanguage":"pt-BR","potentialAction":[{"@type":"ReadAction","target":["https:\/\/solardorosario.com.br\/galeria\/produto\/yugo-mabe-ikebana\/"]}]},{"@type":"ImageObject","inLanguage":"pt-BR","@id":"https:\/\/solardorosario.com.br\/galeria\/produto\/yugo-mabe-ikebana\/#primaryimage","url":"https:\/\/solardorosario.com.br\/galeria\/wp-content\/uploads\/2024\/05\/Imagem-do-WhatsApp-de-2024-04-19-as-10.31.39_fcded554.jpg","contentUrl":"https:\/\/solardorosario.com.br\/galeria\/wp-content\/uploads\/2024\/05\/Imagem-do-WhatsApp-de-2024-04-19-as-10.31.39_fcded554.jpg","width":1280,"height":1081},{"@type":"BreadcrumbList","@id":"https:\/\/solardorosario.com.br\/galeria\/produto\/yugo-mabe-ikebana\/#breadcrumb","itemListElement":[{"@type":"ListItem","position":1,"name":"In\u00edcio","item":"https:\/\/solardorosario.com.br\/galeria\/"},{"@type":"ListItem","position":2,"name":"galeria","item":"https:\/\/solardorosario.com.br\/galeria\/galeria\/"},{"@type":"ListItem","position":3,"name":"Yugo Mabe - Ikebana"}]},{"@type":"WebSite","@id":"https:\/\/solardorosario.com.br\/galeria\/#website","url":"https:\/\/solardorosario.com.br\/galeria\/","name":"Solar do Ros\u00e1rio Galeria \\\\\\\\Nova","description":"","potentialAction":[{"@type":"SearchAction","target":{"@type":"EntryPoint","urlTemplate":"https:\/\/solardorosario.com.br\/galeria\/?s={search_term_string}"},"query-input":{"@type":"PropertyValueSpecification","valueRequired":true,"valueName":"search_term_string"}}],"inLanguage":"pt-BR"}]}},"_links":{"self":[{"href":"https:\/\/solardorosario.com.br\/galeria\/wp-json\/wp\/v2\/product\/4867","targetHints":{"allow":["GET"]}}],"collection":[{"href":"https:\/\/solardorosario.com.br\/galeria\/wp-json\/wp\/v2\/product"}],"about":[{"href":"https:\/\/solardorosario.com.br\/galeria\/wp-json\/wp\/v2\/types\/product"}],"wp:featuredmedia":[{"embeddable":true,"href":"https:\/\/solardorosario.com.br\/galeria\/wp-json\/wp\/v2\/media\/4868"}],"wp:attachment":[{"href":"https:\/\/solardorosario.com.br\/galeria\/wp-json\/wp\/v2\/media?parent=4867"}],"wp:term":[{"taxonomy":"product_brand","embeddable":true,"href":"https:\/\/solardorosario.com.br\/galeria\/wp-json\/wp\/v2\/product_brand?post=4867"},{"taxonomy":"product_cat","embeddable":true,"href":"https:\/\/solardorosario.com.br\/galeria\/wp-json\/wp\/v2\/product_cat?post=4867"},{"taxonomy":"product_tag","embeddable":true,"href":"https:\/\/solardorosario.com.br\/galeria\/wp-json\/wp\/v2\/product_tag?post=4867"}],"curies":[{"name":"wp","href":"https:\/\/api.w.org\/{rel}","templated":true}]}}