{"id":4809,"date":"2024-04-30T16:16:08","date_gmt":"2024-04-30T19:16:08","guid":{"rendered":"https:\/\/solardorosario.com.br\/galeria\/?post_type=product&#038;p=4809"},"modified":"2026-01-05T15:37:09","modified_gmt":"2026-01-05T18:37:09","slug":"rones-dumke-sem-titulo-2","status":"publish","type":"product","link":"https:\/\/solardorosario.com.br\/galeria\/produto\/rones-dumke-sem-titulo-2\/","title":{"rendered":"Rones Dumke - Sem t\u00edtulo"},"content":{"rendered":"<p><strong>Artista:<\/strong> Rones Dumke<\/p>\n<p><strong>T\u00edtulo:<\/strong> Sem t\u00edtulo<\/p>\n<p><strong>Dimens\u00e3o:<\/strong> 40x29cm<\/p>\n<p><strong>T\u00e9cnica:<\/strong> Gravura digital (com moldura)<\/p>\n<p>&nbsp;<\/p>\n<p>&nbsp;<\/p>\n<p>Rones Dumke nasceu em 29 de novembro de 1949, em Curitiba - Paran\u00e1 (1949-2020). Frequentava o ateli\u00ea de Carlos Scliar. Desde o in\u00edcio dos anos 1970, participava do Sal\u00e3o Paranaense, e no 37\u00ba recebeu o Pr\u00eamio da Secretaria da Cultura e do Esporte como Melhor Artista, em 1980. Em 1976, exp\u00f4s na Galeria Paulo Prado em S\u00e3o Paulo e a convite de Roberto Pontual exp\u00f4s no Arte Agora I, no Museu de Arte Contempor\u00e2nea do Rio de Janeiro (MAC-RJ). Em 1979, participou da mostra \"Artistas do Brasil\", na embaixada do M\u00e9xico em Bras\u00edlia, e no mesmo ano recebeu o pr\u00eamio no Museu de Arte Contempor\u00e2nea do Paran\u00e1 (MAC-PR), na 1\u00aa Mostra do Desenho Brasileiro (SEC\/DAC - Curitiba). Realizou exposi\u00e7\u00f5es individuais em galerias em Curitiba desde 1974, e em 1976 em S\u00e3o Paulo. Suas obras se encontram em cole\u00e7\u00f5es particulares no Brasil, Estados Unidos, Fran\u00e7a e Gr\u00e3-Bretanha.<\/p>\n","protected":false},"excerpt":{"rendered":"<p>Artista: Rones Dumke T\u00edtulo: Sem t\u00edtulo Dimens\u00e3o: 40x29cm T\u00e9cnica: Gravura digital (com moldura) &nbsp; &nbsp; Rones Dumke nasceu em 29 de novembro de 1949, em Curitiba - Paran\u00e1 (1949-2020). Frequentava o ateli\u00ea de Carlos Scliar. Desde o in\u00edcio dos anos 1970, participava do Sal\u00e3o Paranaense, e no 37\u00ba recebeu o Pr\u00eamio da Secretaria da Cultura [&hellip;]<\/p>\n","protected":false},"featured_media":4810,"template":"","meta":[],"product_brand":[],"product_cat":[117],"product_tag":[],"class_list":{"0":"post-4809","1":"product","2":"type-product","3":"status-publish","4":"has-post-thumbnail","6":"product_cat-galeria","7":"pa_artista-rones-dumke","8":"pa_estilo-figura-humana","9":"pa_estilo-figurativo","10":"pa_tecnica-gravura","11":"pa_tecnica-gravura-digital","13":"first","14":"instock","15":"shipping-taxable","16":"purchasable","17":"product-type-simple"},"yoast_head":"<!-- This site is optimized with the Yoast SEO plugin v27.4 - https:\/\/yoast.com\/product\/yoast-seo-wordpress\/ -->\n<title>Rones Dumke - Sem t\u00edtulo - Solar do Ros\u00e1rio Galeria \\\\\\\\Nova<\/title>\n<meta name=\"robots\" content=\"index, follow, max-snippet:-1, max-image-preview:large, max-video-preview:-1\" \/>\n<link rel=\"canonical\" href=\"https:\/\/solardorosario.com.br\/galeria\/produto\/rones-dumke-sem-titulo-2\/\" \/>\n<meta property=\"og:locale\" content=\"pt_BR\" \/>\n<meta property=\"og:type\" content=\"article\" \/>\n<meta property=\"og:title\" content=\"Rones Dumke - Sem t\u00edtulo - Solar do Ros\u00e1rio Galeria \\\\\\\\Nova\" \/>\n<meta property=\"og:description\" content=\"Artista: Rones Dumke T\u00edtulo: Sem t\u00edtulo Dimens\u00e3o: 40x29cm T\u00e9cnica: Gravura digital (com moldura) &nbsp; &nbsp; Rones Dumke nasceu em 29 de novembro de 1949, em Curitiba - Paran\u00e1 (1949-2020). Frequentava o ateli\u00ea de Carlos Scliar. Desde o in\u00edcio dos anos 1970, participava do Sal\u00e3o Paranaense, e no 37\u00ba recebeu o Pr\u00eamio da Secretaria da Cultura [&hellip;]\" \/>\n<meta property=\"og:url\" content=\"https:\/\/solardorosario.com.br\/galeria\/produto\/rones-dumke-sem-titulo-2\/\" \/>\n<meta property=\"og:site_name\" content=\"Solar do Ros\u00e1rio Galeria \\\\\\\\Nova\" \/>\n<meta property=\"article:modified_time\" content=\"2026-01-05T18:37:09+00:00\" \/>\n<meta property=\"og:image\" content=\"https:\/\/solardorosario.com.br\/galeria\/wp-content\/uploads\/2024\/04\/Rones-Dumke_01488_6_OK.jpg\" \/>\n\t<meta property=\"og:image:width\" content=\"1004\" \/>\n\t<meta property=\"og:image:height\" content=\"1308\" \/>\n\t<meta property=\"og:image:type\" content=\"image\/jpeg\" \/>\n<meta name=\"twitter:card\" content=\"summary_large_image\" \/>\n<meta name=\"twitter:label1\" content=\"Est. tempo de leitura\" \/>\n\t<meta name=\"twitter:data1\" content=\"2 minutos\" \/>\n<script type=\"application\/ld+json\" class=\"yoast-schema-graph\">{\"@context\":\"https:\\\/\\\/schema.org\",\"@graph\":[{\"@type\":\"WebPage\",\"@id\":\"https:\\\/\\\/solardorosario.com.br\\\/galeria\\\/produto\\\/rones-dumke-sem-titulo-2\\\/\",\"url\":\"https:\\\/\\\/solardorosario.com.br\\\/galeria\\\/produto\\\/rones-dumke-sem-titulo-2\\\/\",\"name\":\"Rones Dumke - Sem t\u00edtulo - Solar do Ros\u00e1rio Galeria \\\\\\\\\\\\\\\\Nova\",\"isPartOf\":{\"@id\":\"https:\\\/\\\/solardorosario.com.br\\\/galeria\\\/#website\"},\"primaryImageOfPage\":{\"@id\":\"https:\\\/\\\/solardorosario.com.br\\\/galeria\\\/produto\\\/rones-dumke-sem-titulo-2\\\/#primaryimage\"},\"image\":{\"@id\":\"https:\\\/\\\/solardorosario.com.br\\\/galeria\\\/produto\\\/rones-dumke-sem-titulo-2\\\/#primaryimage\"},\"thumbnailUrl\":\"https:\\\/\\\/solardorosario.com.br\\\/galeria\\\/wp-content\\\/uploads\\\/2024\\\/04\\\/Rones-Dumke_01488_6_OK.jpg\",\"datePublished\":\"2024-04-30T19:16:08+00:00\",\"dateModified\":\"2026-01-05T18:37:09+00:00\",\"breadcrumb\":{\"@id\":\"https:\\\/\\\/solardorosario.com.br\\\/galeria\\\/produto\\\/rones-dumke-sem-titulo-2\\\/#breadcrumb\"},\"inLanguage\":\"pt-BR\",\"potentialAction\":[{\"@type\":\"ReadAction\",\"target\":[\"https:\\\/\\\/solardorosario.com.br\\\/galeria\\\/produto\\\/rones-dumke-sem-titulo-2\\\/\"]}]},{\"@type\":\"ImageObject\",\"inLanguage\":\"pt-BR\",\"@id\":\"https:\\\/\\\/solardorosario.com.br\\\/galeria\\\/produto\\\/rones-dumke-sem-titulo-2\\\/#primaryimage\",\"url\":\"https:\\\/\\\/solardorosario.com.br\\\/galeria\\\/wp-content\\\/uploads\\\/2024\\\/04\\\/Rones-Dumke_01488_6_OK.jpg\",\"contentUrl\":\"https:\\\/\\\/solardorosario.com.br\\\/galeria\\\/wp-content\\\/uploads\\\/2024\\\/04\\\/Rones-Dumke_01488_6_OK.jpg\",\"width\":1004,\"height\":1308},{\"@type\":\"BreadcrumbList\",\"@id\":\"https:\\\/\\\/solardorosario.com.br\\\/galeria\\\/produto\\\/rones-dumke-sem-titulo-2\\\/#breadcrumb\",\"itemListElement\":[{\"@type\":\"ListItem\",\"position\":1,\"name\":\"In\u00edcio\",\"item\":\"https:\\\/\\\/solardorosario.com.br\\\/galeria\\\/\"},{\"@type\":\"ListItem\",\"position\":2,\"name\":\"galeria\",\"item\":\"https:\\\/\\\/solardorosario.com.br\\\/galeria\\\/galeria\\\/\"},{\"@type\":\"ListItem\",\"position\":3,\"name\":\"Rones Dumke - Sem t\u00edtulo\"}]},{\"@type\":\"WebSite\",\"@id\":\"https:\\\/\\\/solardorosario.com.br\\\/galeria\\\/#website\",\"url\":\"https:\\\/\\\/solardorosario.com.br\\\/galeria\\\/\",\"name\":\"Solar do Ros\u00e1rio Galeria \\\\\\\\\\\\\\\\Nova\",\"description\":\"\",\"potentialAction\":[{\"@type\":\"SearchAction\",\"target\":{\"@type\":\"EntryPoint\",\"urlTemplate\":\"https:\\\/\\\/solardorosario.com.br\\\/galeria\\\/?s={search_term_string}\"},\"query-input\":{\"@type\":\"PropertyValueSpecification\",\"valueRequired\":true,\"valueName\":\"search_term_string\"}}],\"inLanguage\":\"pt-BR\"}]}<\/script>\n<!-- \/ Yoast SEO plugin. -->","yoast_head_json":{"title":"Rones Dumke - Sem t\u00edtulo - Solar do Ros\u00e1rio Galeria \\\\\\\\Nova","robots":{"index":"index","follow":"follow","max-snippet":"max-snippet:-1","max-image-preview":"max-image-preview:large","max-video-preview":"max-video-preview:-1"},"canonical":"https:\/\/solardorosario.com.br\/galeria\/produto\/rones-dumke-sem-titulo-2\/","og_locale":"pt_BR","og_type":"article","og_title":"Rones Dumke - Sem t\u00edtulo - Solar do Ros\u00e1rio Galeria \\\\\\\\Nova","og_description":"Artista: Rones Dumke T\u00edtulo: Sem t\u00edtulo Dimens\u00e3o: 40x29cm T\u00e9cnica: Gravura digital (com moldura) &nbsp; &nbsp; Rones Dumke nasceu em 29 de novembro de 1949, em Curitiba - Paran\u00e1 (1949-2020). Frequentava o ateli\u00ea de Carlos Scliar. Desde o in\u00edcio dos anos 1970, participava do Sal\u00e3o Paranaense, e no 37\u00ba recebeu o Pr\u00eamio da Secretaria da Cultura [&hellip;]","og_url":"https:\/\/solardorosario.com.br\/galeria\/produto\/rones-dumke-sem-titulo-2\/","og_site_name":"Solar do Ros\u00e1rio Galeria \\\\\\\\Nova","article_modified_time":"2026-01-05T18:37:09+00:00","og_image":[{"width":1004,"height":1308,"url":"https:\/\/solardorosario.com.br\/galeria\/wp-content\/uploads\/2024\/04\/Rones-Dumke_01488_6_OK.jpg","type":"image\/jpeg"}],"twitter_card":"summary_large_image","twitter_misc":{"Est. tempo de leitura":"2 minutos"},"schema":{"@context":"https:\/\/schema.org","@graph":[{"@type":"WebPage","@id":"https:\/\/solardorosario.com.br\/galeria\/produto\/rones-dumke-sem-titulo-2\/","url":"https:\/\/solardorosario.com.br\/galeria\/produto\/rones-dumke-sem-titulo-2\/","name":"Rones Dumke - Sem t\u00edtulo - Solar do Ros\u00e1rio Galeria \\\\\\\\Nova","isPartOf":{"@id":"https:\/\/solardorosario.com.br\/galeria\/#website"},"primaryImageOfPage":{"@id":"https:\/\/solardorosario.com.br\/galeria\/produto\/rones-dumke-sem-titulo-2\/#primaryimage"},"image":{"@id":"https:\/\/solardorosario.com.br\/galeria\/produto\/rones-dumke-sem-titulo-2\/#primaryimage"},"thumbnailUrl":"https:\/\/solardorosario.com.br\/galeria\/wp-content\/uploads\/2024\/04\/Rones-Dumke_01488_6_OK.jpg","datePublished":"2024-04-30T19:16:08+00:00","dateModified":"2026-01-05T18:37:09+00:00","breadcrumb":{"@id":"https:\/\/solardorosario.com.br\/galeria\/produto\/rones-dumke-sem-titulo-2\/#breadcrumb"},"inLanguage":"pt-BR","potentialAction":[{"@type":"ReadAction","target":["https:\/\/solardorosario.com.br\/galeria\/produto\/rones-dumke-sem-titulo-2\/"]}]},{"@type":"ImageObject","inLanguage":"pt-BR","@id":"https:\/\/solardorosario.com.br\/galeria\/produto\/rones-dumke-sem-titulo-2\/#primaryimage","url":"https:\/\/solardorosario.com.br\/galeria\/wp-content\/uploads\/2024\/04\/Rones-Dumke_01488_6_OK.jpg","contentUrl":"https:\/\/solardorosario.com.br\/galeria\/wp-content\/uploads\/2024\/04\/Rones-Dumke_01488_6_OK.jpg","width":1004,"height":1308},{"@type":"BreadcrumbList","@id":"https:\/\/solardorosario.com.br\/galeria\/produto\/rones-dumke-sem-titulo-2\/#breadcrumb","itemListElement":[{"@type":"ListItem","position":1,"name":"In\u00edcio","item":"https:\/\/solardorosario.com.br\/galeria\/"},{"@type":"ListItem","position":2,"name":"galeria","item":"https:\/\/solardorosario.com.br\/galeria\/galeria\/"},{"@type":"ListItem","position":3,"name":"Rones Dumke - Sem t\u00edtulo"}]},{"@type":"WebSite","@id":"https:\/\/solardorosario.com.br\/galeria\/#website","url":"https:\/\/solardorosario.com.br\/galeria\/","name":"Solar do Ros\u00e1rio Galeria \\\\\\\\Nova","description":"","potentialAction":[{"@type":"SearchAction","target":{"@type":"EntryPoint","urlTemplate":"https:\/\/solardorosario.com.br\/galeria\/?s={search_term_string}"},"query-input":{"@type":"PropertyValueSpecification","valueRequired":true,"valueName":"search_term_string"}}],"inLanguage":"pt-BR"}]}},"_links":{"self":[{"href":"https:\/\/solardorosario.com.br\/galeria\/wp-json\/wp\/v2\/product\/4809","targetHints":{"allow":["GET"]}}],"collection":[{"href":"https:\/\/solardorosario.com.br\/galeria\/wp-json\/wp\/v2\/product"}],"about":[{"href":"https:\/\/solardorosario.com.br\/galeria\/wp-json\/wp\/v2\/types\/product"}],"wp:featuredmedia":[{"embeddable":true,"href":"https:\/\/solardorosario.com.br\/galeria\/wp-json\/wp\/v2\/media\/4810"}],"wp:attachment":[{"href":"https:\/\/solardorosario.com.br\/galeria\/wp-json\/wp\/v2\/media?parent=4809"}],"wp:term":[{"taxonomy":"product_brand","embeddable":true,"href":"https:\/\/solardorosario.com.br\/galeria\/wp-json\/wp\/v2\/product_brand?post=4809"},{"taxonomy":"product_cat","embeddable":true,"href":"https:\/\/solardorosario.com.br\/galeria\/wp-json\/wp\/v2\/product_cat?post=4809"},{"taxonomy":"product_tag","embeddable":true,"href":"https:\/\/solardorosario.com.br\/galeria\/wp-json\/wp\/v2\/product_tag?post=4809"}],"curies":[{"name":"wp","href":"https:\/\/api.w.org\/{rel}","templated":true}]}}