{"id":4792,"date":"2024-04-26T16:53:28","date_gmt":"2024-04-26T19:53:28","guid":{"rendered":"https:\/\/solardorosario.com.br\/galeria\/?post_type=product&#038;p=4792"},"modified":"2026-04-07T17:17:47","modified_gmt":"2026-04-07T20:17:47","slug":"maze-mendes-paisagem","status":"publish","type":"product","link":"https:\/\/solardorosario.com.br\/galeria\/produto\/maze-mendes-paisagem\/","title":{"rendered":"Maz\u00e9 Mendes - Paisagem"},"content":{"rendered":"<p><strong>Artista:<\/strong> Maz\u00e9 Mendes<\/p>\n<p><strong>T\u00edtulo:<\/strong> Paisagem<\/p>\n<p><strong>Dimens\u00e3o:<\/strong> 80x80cm<\/p>\n<p><strong>T\u00e9cnica:<\/strong> Acr\u00edlica sobre tela<\/p>\n<p>&nbsp;<\/p>\n<p>&nbsp;<\/p>\n<p>Maz\u00e9 Mendes \u00e9 artista visual paranaense, Bacharel em Pintura, Licenciatura em Desenho pela Escola de M\u00fasica e Belas Artes do Paran\u00e1 (EMBAP) em 1975, e p\u00f3s-gradua\u00e7\u00e3o em Metodologia da Educa\u00e7\u00e3o em 1986. Trabalhou como professora da Faculdade de Artes do Paran\u00e1 (FAP)\/Universidade Estadual do Paran\u00e1 (UNESPAR) por muitos anos. Desde 1977 participa ativamente de exposi\u00e7\u00f5es individuais, coletivas e sal\u00f5es de arte. Em 1977, participou com pinturas e desenhos na exposi\u00e7\u00e3o individual na Galeria do Inter (Centro Cultural Brasil-Estados Unidos) e em 1991, com lan\u00e7amento de \u00e1lbum de litogravuras, na individual no Museu de Gravura em 1991. Participou dos Sal\u00f5es Paranaenses de 1976 a 1984, al\u00e9m da Mostra de Desenho Brasileiro, da Coletiva de Gravadores da Casa da Gravura, em Joinville, Blumenau, Lages, Florian\u00f3polis, Londrina e S\u00e3o Paulo. Suas obras fazem parte de acervos de museus como o Museu de Arte Contempor\u00e2nea do Paran\u00e1, a Pinacoteca do Rio Grande do Norte, Museu Metropolitano de Curitiba (MuMa).<\/p>\n","protected":false},"excerpt":{"rendered":"<p>Artista: Maz\u00e9 Mendes T\u00edtulo: Paisagem Dimens\u00e3o: 80x80cm T\u00e9cnica: Acr\u00edlica sobre tela &nbsp; &nbsp; Maz\u00e9 Mendes \u00e9 artista visual paranaense, Bacharel em Pintura, Licenciatura em Desenho pela Escola de M\u00fasica e Belas Artes do Paran\u00e1 (EMBAP) em 1975, e p\u00f3s-gradua\u00e7\u00e3o em Metodologia da Educa\u00e7\u00e3o em 1986. Trabalhou como professora da Faculdade de Artes do Paran\u00e1 (FAP)\/Universidade [&hellip;]<\/p>\n","protected":false},"featured_media":4793,"template":"","meta":[],"product_brand":[],"product_cat":[117],"product_tag":[],"class_list":{"0":"post-4792","1":"product","2":"type-product","3":"status-publish","4":"has-post-thumbnail","6":"product_cat-galeria","7":"pa_artista-maze-mendes","8":"pa_estilo-figurativo","9":"pa_tecnica-acrilica-sobre-tela","11":"first","12":"instock","13":"shipping-taxable","14":"purchasable","15":"product-type-simple"},"yoast_head":"<!-- This site is optimized with the Yoast SEO plugin v27.4 - https:\/\/yoast.com\/product\/yoast-seo-wordpress\/ -->\n<title>Maz\u00e9 Mendes - Paisagem - Solar do Ros\u00e1rio Galeria \\\\\\\\Nova<\/title>\n<meta name=\"robots\" content=\"index, follow, max-snippet:-1, max-image-preview:large, max-video-preview:-1\" \/>\n<link rel=\"canonical\" href=\"https:\/\/solardorosario.com.br\/galeria\/produto\/maze-mendes-paisagem\/\" \/>\n<meta property=\"og:locale\" content=\"pt_BR\" \/>\n<meta property=\"og:type\" content=\"article\" \/>\n<meta property=\"og:title\" content=\"Maz\u00e9 Mendes - Paisagem - Solar do Ros\u00e1rio Galeria \\\\\\\\Nova\" \/>\n<meta property=\"og:description\" content=\"Artista: Maz\u00e9 Mendes T\u00edtulo: Paisagem Dimens\u00e3o: 80x80cm T\u00e9cnica: Acr\u00edlica sobre tela &nbsp; &nbsp; Maz\u00e9 Mendes \u00e9 artista visual paranaense, Bacharel em Pintura, Licenciatura em Desenho pela Escola de M\u00fasica e Belas Artes do Paran\u00e1 (EMBAP) em 1975, e p\u00f3s-gradua\u00e7\u00e3o em Metodologia da Educa\u00e7\u00e3o em 1986. Trabalhou como professora da Faculdade de Artes do Paran\u00e1 (FAP)\/Universidade [&hellip;]\" \/>\n<meta property=\"og:url\" content=\"https:\/\/solardorosario.com.br\/galeria\/produto\/maze-mendes-paisagem\/\" \/>\n<meta property=\"og:site_name\" content=\"Solar do Ros\u00e1rio Galeria \\\\\\\\Nova\" \/>\n<meta property=\"article:modified_time\" content=\"2026-04-07T20:17:47+00:00\" \/>\n<meta property=\"og:image\" content=\"https:\/\/solardorosario.com.br\/galeria\/wp-content\/uploads\/2024\/04\/Imagem-do-WhatsApp-de-2024-03-27-as-18.19.31_394e2454.jpg\" \/>\n\t<meta property=\"og:image:width\" content=\"1280\" \/>\n\t<meta property=\"og:image:height\" content=\"1058\" \/>\n\t<meta property=\"og:image:type\" content=\"image\/jpeg\" \/>\n<meta name=\"twitter:card\" content=\"summary_large_image\" \/>\n<meta name=\"twitter:label1\" content=\"Est. tempo de leitura\" \/>\n\t<meta name=\"twitter:data1\" content=\"2 minutos\" \/>\n<script type=\"application\/ld+json\" class=\"yoast-schema-graph\">{\"@context\":\"https:\\\/\\\/schema.org\",\"@graph\":[{\"@type\":\"WebPage\",\"@id\":\"https:\\\/\\\/solardorosario.com.br\\\/galeria\\\/produto\\\/maze-mendes-paisagem\\\/\",\"url\":\"https:\\\/\\\/solardorosario.com.br\\\/galeria\\\/produto\\\/maze-mendes-paisagem\\\/\",\"name\":\"Maz\u00e9 Mendes - Paisagem - Solar do Ros\u00e1rio Galeria \\\\\\\\\\\\\\\\Nova\",\"isPartOf\":{\"@id\":\"https:\\\/\\\/solardorosario.com.br\\\/galeria\\\/#website\"},\"primaryImageOfPage\":{\"@id\":\"https:\\\/\\\/solardorosario.com.br\\\/galeria\\\/produto\\\/maze-mendes-paisagem\\\/#primaryimage\"},\"image\":{\"@id\":\"https:\\\/\\\/solardorosario.com.br\\\/galeria\\\/produto\\\/maze-mendes-paisagem\\\/#primaryimage\"},\"thumbnailUrl\":\"https:\\\/\\\/solardorosario.com.br\\\/galeria\\\/wp-content\\\/uploads\\\/2024\\\/04\\\/Imagem-do-WhatsApp-de-2024-03-27-as-18.19.31_394e2454.jpg\",\"datePublished\":\"2024-04-26T19:53:28+00:00\",\"dateModified\":\"2026-04-07T20:17:47+00:00\",\"breadcrumb\":{\"@id\":\"https:\\\/\\\/solardorosario.com.br\\\/galeria\\\/produto\\\/maze-mendes-paisagem\\\/#breadcrumb\"},\"inLanguage\":\"pt-BR\",\"potentialAction\":[{\"@type\":\"ReadAction\",\"target\":[\"https:\\\/\\\/solardorosario.com.br\\\/galeria\\\/produto\\\/maze-mendes-paisagem\\\/\"]}]},{\"@type\":\"ImageObject\",\"inLanguage\":\"pt-BR\",\"@id\":\"https:\\\/\\\/solardorosario.com.br\\\/galeria\\\/produto\\\/maze-mendes-paisagem\\\/#primaryimage\",\"url\":\"https:\\\/\\\/solardorosario.com.br\\\/galeria\\\/wp-content\\\/uploads\\\/2024\\\/04\\\/Imagem-do-WhatsApp-de-2024-03-27-as-18.19.31_394e2454.jpg\",\"contentUrl\":\"https:\\\/\\\/solardorosario.com.br\\\/galeria\\\/wp-content\\\/uploads\\\/2024\\\/04\\\/Imagem-do-WhatsApp-de-2024-03-27-as-18.19.31_394e2454.jpg\",\"width\":1280,\"height\":1058},{\"@type\":\"BreadcrumbList\",\"@id\":\"https:\\\/\\\/solardorosario.com.br\\\/galeria\\\/produto\\\/maze-mendes-paisagem\\\/#breadcrumb\",\"itemListElement\":[{\"@type\":\"ListItem\",\"position\":1,\"name\":\"In\u00edcio\",\"item\":\"https:\\\/\\\/solardorosario.com.br\\\/galeria\\\/\"},{\"@type\":\"ListItem\",\"position\":2,\"name\":\"galeria\",\"item\":\"https:\\\/\\\/solardorosario.com.br\\\/galeria\\\/galeria\\\/\"},{\"@type\":\"ListItem\",\"position\":3,\"name\":\"Maz\u00e9 Mendes - Paisagem\"}]},{\"@type\":\"WebSite\",\"@id\":\"https:\\\/\\\/solardorosario.com.br\\\/galeria\\\/#website\",\"url\":\"https:\\\/\\\/solardorosario.com.br\\\/galeria\\\/\",\"name\":\"Solar do Ros\u00e1rio Galeria \\\\\\\\\\\\\\\\Nova\",\"description\":\"\",\"potentialAction\":[{\"@type\":\"SearchAction\",\"target\":{\"@type\":\"EntryPoint\",\"urlTemplate\":\"https:\\\/\\\/solardorosario.com.br\\\/galeria\\\/?s={search_term_string}\"},\"query-input\":{\"@type\":\"PropertyValueSpecification\",\"valueRequired\":true,\"valueName\":\"search_term_string\"}}],\"inLanguage\":\"pt-BR\"}]}<\/script>\n<!-- \/ Yoast SEO plugin. -->","yoast_head_json":{"title":"Maz\u00e9 Mendes - Paisagem - Solar do Ros\u00e1rio Galeria \\\\\\\\Nova","robots":{"index":"index","follow":"follow","max-snippet":"max-snippet:-1","max-image-preview":"max-image-preview:large","max-video-preview":"max-video-preview:-1"},"canonical":"https:\/\/solardorosario.com.br\/galeria\/produto\/maze-mendes-paisagem\/","og_locale":"pt_BR","og_type":"article","og_title":"Maz\u00e9 Mendes - Paisagem - Solar do Ros\u00e1rio Galeria \\\\\\\\Nova","og_description":"Artista: Maz\u00e9 Mendes T\u00edtulo: Paisagem Dimens\u00e3o: 80x80cm T\u00e9cnica: Acr\u00edlica sobre tela &nbsp; &nbsp; Maz\u00e9 Mendes \u00e9 artista visual paranaense, Bacharel em Pintura, Licenciatura em Desenho pela Escola de M\u00fasica e Belas Artes do Paran\u00e1 (EMBAP) em 1975, e p\u00f3s-gradua\u00e7\u00e3o em Metodologia da Educa\u00e7\u00e3o em 1986. Trabalhou como professora da Faculdade de Artes do Paran\u00e1 (FAP)\/Universidade [&hellip;]","og_url":"https:\/\/solardorosario.com.br\/galeria\/produto\/maze-mendes-paisagem\/","og_site_name":"Solar do Ros\u00e1rio Galeria \\\\\\\\Nova","article_modified_time":"2026-04-07T20:17:47+00:00","og_image":[{"width":1280,"height":1058,"url":"https:\/\/solardorosario.com.br\/galeria\/wp-content\/uploads\/2024\/04\/Imagem-do-WhatsApp-de-2024-03-27-as-18.19.31_394e2454.jpg","type":"image\/jpeg"}],"twitter_card":"summary_large_image","twitter_misc":{"Est. tempo de leitura":"2 minutos"},"schema":{"@context":"https:\/\/schema.org","@graph":[{"@type":"WebPage","@id":"https:\/\/solardorosario.com.br\/galeria\/produto\/maze-mendes-paisagem\/","url":"https:\/\/solardorosario.com.br\/galeria\/produto\/maze-mendes-paisagem\/","name":"Maz\u00e9 Mendes - Paisagem - Solar do Ros\u00e1rio Galeria \\\\\\\\Nova","isPartOf":{"@id":"https:\/\/solardorosario.com.br\/galeria\/#website"},"primaryImageOfPage":{"@id":"https:\/\/solardorosario.com.br\/galeria\/produto\/maze-mendes-paisagem\/#primaryimage"},"image":{"@id":"https:\/\/solardorosario.com.br\/galeria\/produto\/maze-mendes-paisagem\/#primaryimage"},"thumbnailUrl":"https:\/\/solardorosario.com.br\/galeria\/wp-content\/uploads\/2024\/04\/Imagem-do-WhatsApp-de-2024-03-27-as-18.19.31_394e2454.jpg","datePublished":"2024-04-26T19:53:28+00:00","dateModified":"2026-04-07T20:17:47+00:00","breadcrumb":{"@id":"https:\/\/solardorosario.com.br\/galeria\/produto\/maze-mendes-paisagem\/#breadcrumb"},"inLanguage":"pt-BR","potentialAction":[{"@type":"ReadAction","target":["https:\/\/solardorosario.com.br\/galeria\/produto\/maze-mendes-paisagem\/"]}]},{"@type":"ImageObject","inLanguage":"pt-BR","@id":"https:\/\/solardorosario.com.br\/galeria\/produto\/maze-mendes-paisagem\/#primaryimage","url":"https:\/\/solardorosario.com.br\/galeria\/wp-content\/uploads\/2024\/04\/Imagem-do-WhatsApp-de-2024-03-27-as-18.19.31_394e2454.jpg","contentUrl":"https:\/\/solardorosario.com.br\/galeria\/wp-content\/uploads\/2024\/04\/Imagem-do-WhatsApp-de-2024-03-27-as-18.19.31_394e2454.jpg","width":1280,"height":1058},{"@type":"BreadcrumbList","@id":"https:\/\/solardorosario.com.br\/galeria\/produto\/maze-mendes-paisagem\/#breadcrumb","itemListElement":[{"@type":"ListItem","position":1,"name":"In\u00edcio","item":"https:\/\/solardorosario.com.br\/galeria\/"},{"@type":"ListItem","position":2,"name":"galeria","item":"https:\/\/solardorosario.com.br\/galeria\/galeria\/"},{"@type":"ListItem","position":3,"name":"Maz\u00e9 Mendes - Paisagem"}]},{"@type":"WebSite","@id":"https:\/\/solardorosario.com.br\/galeria\/#website","url":"https:\/\/solardorosario.com.br\/galeria\/","name":"Solar do Ros\u00e1rio Galeria \\\\\\\\Nova","description":"","potentialAction":[{"@type":"SearchAction","target":{"@type":"EntryPoint","urlTemplate":"https:\/\/solardorosario.com.br\/galeria\/?s={search_term_string}"},"query-input":{"@type":"PropertyValueSpecification","valueRequired":true,"valueName":"search_term_string"}}],"inLanguage":"pt-BR"}]}},"_links":{"self":[{"href":"https:\/\/solardorosario.com.br\/galeria\/wp-json\/wp\/v2\/product\/4792","targetHints":{"allow":["GET"]}}],"collection":[{"href":"https:\/\/solardorosario.com.br\/galeria\/wp-json\/wp\/v2\/product"}],"about":[{"href":"https:\/\/solardorosario.com.br\/galeria\/wp-json\/wp\/v2\/types\/product"}],"wp:featuredmedia":[{"embeddable":true,"href":"https:\/\/solardorosario.com.br\/galeria\/wp-json\/wp\/v2\/media\/4793"}],"wp:attachment":[{"href":"https:\/\/solardorosario.com.br\/galeria\/wp-json\/wp\/v2\/media?parent=4792"}],"wp:term":[{"taxonomy":"product_brand","embeddable":true,"href":"https:\/\/solardorosario.com.br\/galeria\/wp-json\/wp\/v2\/product_brand?post=4792"},{"taxonomy":"product_cat","embeddable":true,"href":"https:\/\/solardorosario.com.br\/galeria\/wp-json\/wp\/v2\/product_cat?post=4792"},{"taxonomy":"product_tag","embeddable":true,"href":"https:\/\/solardorosario.com.br\/galeria\/wp-json\/wp\/v2\/product_tag?post=4792"}],"curies":[{"name":"wp","href":"https:\/\/api.w.org\/{rel}","templated":true}]}}