{"id":4777,"date":"2024-04-26T16:20:32","date_gmt":"2024-04-26T19:20:32","guid":{"rendered":"https:\/\/solardorosario.com.br\/galeria\/?post_type=product&#038;p=4777"},"modified":"2026-01-21T17:13:44","modified_gmt":"2026-01-21T20:13:44","slug":"violeta-franco-abstrato","status":"publish","type":"product","link":"https:\/\/solardorosario.com.br\/galeria\/produto\/violeta-franco-abstrato\/","title":{"rendered":"Violeta Franco - Abstrato"},"content":{"rendered":"<p><strong>Artista:<\/strong> Violeta Franco<\/p>\n<p><strong>T\u00edtulo:<\/strong> Abstrato<\/p>\n<p><strong>Dimens\u00e3o:<\/strong> 50x70cm<\/p>\n<p><strong>T\u00e9cnica:<\/strong> Acr\u00edlica sobre tela<\/p>\n<p>&nbsp;<\/p>\n<p>&nbsp;<\/p>\n<p><!--StartFragment --><\/p>\n<p><span class=\"cf0\">Maria Violeta Franco de Carvalho (1931-2006) era artista visual, pintora, desenhista e gravadora, nascida em Curitiba, em 21\/02\/1931. Em 1948, estudou pintura com o mestre Guido <\/span><span class=\"cf0\">Viaro<\/span><span class=\"cf0\"> e nos anos seguintes, frequenta o curso de gravura com <\/span><span class=\"cf0\">Poty<\/span> <span class=\"cf0\">Lazzarotto<\/span><span class=\"cf0\">. Em 1949, funda o Est\u00fadio <\/span><span class=\"cf0\">Garaginha<\/span><span class=\"cf0\">, em Curitiba, que foi respons\u00e1vel por um local que circulava nomes importantes da arte e cultura modernista no pa\u00eds. Participou de 3 edi\u00e7\u00f5es do Sal\u00e3o Nacional de Belas Artes, no Rio de Janeiro, e em 1949, recebeu Men\u00e7\u00e3o Honrosa, al\u00e9m do pr\u00eamio de Gravura, em 1952. Em 1953, fundou com Fernando Velloso, <\/span><span class=\"cf0\">Alcy<\/span><span class=\"cf0\"> Xavier, Nilo <\/span><span class=\"cf0\">Previdi<\/span><span class=\"cf0\"> e <\/span><span class=\"cf0\">Loio-P\u00e9rsio<\/span><span class=\"cf0\"> o Clube de Gravura do Paran\u00e1, e \u00e9 diretora at\u00e9 1956. Mudou para S\u00e3o Paulo em 1957, e em 1958, fez curso de Hist\u00f3ria da Arte do Instituto de Arte e Decora\u00e7\u00e3o do Museu de Arte de S\u00e3o Paulo Assis Chateaubriand (MASP). Em 1970, retorna para Curitiba e em 1976, se torna diretora do Centro de Pesquisas e Informa\u00e7\u00f5es do Museu Guido <\/span><span class=\"cf0\">Viaro<\/span><span class=\"cf0\">. Em 1979, dirigiu o Ateli\u00ea de Gravura do Centro de Criatividade de Curitiba. Em 1981, coordenava a documenta\u00e7\u00e3o do Centro de Pesquisa da Casa da Gravura, no Solar do Bar\u00e3o. Em 1984, realizou uma exposi\u00e7\u00e3o individual no MASP e em 1986, foi convidada a participar do Conselho de Artes Gr\u00e1ficas do Museu de Arte Moderna de S\u00e3o Paulo (MAM-SP). Desde 1966 participou de exposi\u00e7\u00f5es individuais em Curitiba, Bras\u00edlia, S\u00e3o Paulo e Santo Andr\u00e9. As exposi\u00e7\u00f5es coletivas, mostras e sal\u00f5es que participou foram em Curitiba, S\u00e3o Paulo, Bras\u00edlia, Rio de Janeiro, Lages e Londrina. <\/span><\/p>\n<p><!--EndFragment --><\/p>\n","protected":false},"excerpt":{"rendered":"<p>Artista: Violeta Franco T\u00edtulo: Abstrato Dimens\u00e3o: 50x70cm T\u00e9cnica: Acr\u00edlica sobre tela &nbsp; &nbsp; Maria Violeta Franco de Carvalho (1931-2006) era artista visual, pintora, desenhista e gravadora, nascida em Curitiba, em 21\/02\/1931. Em 1948, estudou pintura com o mestre Guido Viaro e nos anos seguintes, frequenta o curso de gravura com Poty Lazzarotto. Em 1949, funda [&hellip;]<\/p>\n","protected":false},"featured_media":4778,"template":"","meta":[],"product_brand":[],"product_cat":[117],"product_tag":[],"class_list":{"0":"post-4777","1":"product","2":"type-product","3":"status-publish","4":"has-post-thumbnail","6":"product_cat-galeria","7":"pa_artista-violeta-franco","8":"pa_estilo-abstrato","9":"pa_tecnica-acrilica-sobre-tela","11":"first","12":"instock","13":"shipping-taxable","14":"purchasable","15":"product-type-simple"},"yoast_head":"<!-- This site is optimized with the Yoast SEO plugin v27.4 - https:\/\/yoast.com\/product\/yoast-seo-wordpress\/ -->\n<title>Violeta Franco - Abstrato - Solar do Ros\u00e1rio Galeria \\\\\\\\Nova<\/title>\n<meta name=\"robots\" content=\"index, follow, max-snippet:-1, max-image-preview:large, max-video-preview:-1\" \/>\n<link rel=\"canonical\" href=\"https:\/\/solardorosario.com.br\/galeria\/produto\/violeta-franco-abstrato\/\" \/>\n<meta property=\"og:locale\" content=\"pt_BR\" \/>\n<meta property=\"og:type\" content=\"article\" \/>\n<meta property=\"og:title\" content=\"Violeta Franco - Abstrato - Solar do Ros\u00e1rio Galeria \\\\\\\\Nova\" \/>\n<meta property=\"og:description\" content=\"Artista: Violeta Franco T\u00edtulo: Abstrato Dimens\u00e3o: 50x70cm T\u00e9cnica: Acr\u00edlica sobre tela &nbsp; &nbsp; Maria Violeta Franco de Carvalho (1931-2006) era artista visual, pintora, desenhista e gravadora, nascida em Curitiba, em 21\/02\/1931. Em 1948, estudou pintura com o mestre Guido Viaro e nos anos seguintes, frequenta o curso de gravura com Poty Lazzarotto. Em 1949, funda [&hellip;]\" \/>\n<meta property=\"og:url\" content=\"https:\/\/solardorosario.com.br\/galeria\/produto\/violeta-franco-abstrato\/\" \/>\n<meta property=\"og:site_name\" content=\"Solar do Ros\u00e1rio Galeria \\\\\\\\Nova\" \/>\n<meta property=\"article:modified_time\" content=\"2026-01-21T20:13:44+00:00\" \/>\n<meta property=\"og:image\" content=\"https:\/\/solardorosario.com.br\/galeria\/wp-content\/uploads\/2024\/04\/2509.jpeg\" \/>\n\t<meta property=\"og:image:width\" content=\"1695\" \/>\n\t<meta property=\"og:image:height\" content=\"1853\" \/>\n\t<meta property=\"og:image:type\" content=\"image\/jpeg\" \/>\n<meta name=\"twitter:card\" content=\"summary_large_image\" \/>\n<meta name=\"twitter:label1\" content=\"Est. tempo de leitura\" \/>\n\t<meta name=\"twitter:data1\" content=\"2 minutos\" \/>\n<script type=\"application\/ld+json\" class=\"yoast-schema-graph\">{\"@context\":\"https:\\\/\\\/schema.org\",\"@graph\":[{\"@type\":\"WebPage\",\"@id\":\"https:\\\/\\\/solardorosario.com.br\\\/galeria\\\/produto\\\/violeta-franco-abstrato\\\/\",\"url\":\"https:\\\/\\\/solardorosario.com.br\\\/galeria\\\/produto\\\/violeta-franco-abstrato\\\/\",\"name\":\"Violeta Franco - Abstrato - Solar do Ros\u00e1rio Galeria \\\\\\\\\\\\\\\\Nova\",\"isPartOf\":{\"@id\":\"https:\\\/\\\/solardorosario.com.br\\\/galeria\\\/#website\"},\"primaryImageOfPage\":{\"@id\":\"https:\\\/\\\/solardorosario.com.br\\\/galeria\\\/produto\\\/violeta-franco-abstrato\\\/#primaryimage\"},\"image\":{\"@id\":\"https:\\\/\\\/solardorosario.com.br\\\/galeria\\\/produto\\\/violeta-franco-abstrato\\\/#primaryimage\"},\"thumbnailUrl\":\"https:\\\/\\\/solardorosario.com.br\\\/galeria\\\/wp-content\\\/uploads\\\/2024\\\/04\\\/2509.jpeg\",\"datePublished\":\"2024-04-26T19:20:32+00:00\",\"dateModified\":\"2026-01-21T20:13:44+00:00\",\"breadcrumb\":{\"@id\":\"https:\\\/\\\/solardorosario.com.br\\\/galeria\\\/produto\\\/violeta-franco-abstrato\\\/#breadcrumb\"},\"inLanguage\":\"pt-BR\",\"potentialAction\":[{\"@type\":\"ReadAction\",\"target\":[\"https:\\\/\\\/solardorosario.com.br\\\/galeria\\\/produto\\\/violeta-franco-abstrato\\\/\"]}]},{\"@type\":\"ImageObject\",\"inLanguage\":\"pt-BR\",\"@id\":\"https:\\\/\\\/solardorosario.com.br\\\/galeria\\\/produto\\\/violeta-franco-abstrato\\\/#primaryimage\",\"url\":\"https:\\\/\\\/solardorosario.com.br\\\/galeria\\\/wp-content\\\/uploads\\\/2024\\\/04\\\/2509.jpeg\",\"contentUrl\":\"https:\\\/\\\/solardorosario.com.br\\\/galeria\\\/wp-content\\\/uploads\\\/2024\\\/04\\\/2509.jpeg\",\"width\":1695,\"height\":1853},{\"@type\":\"BreadcrumbList\",\"@id\":\"https:\\\/\\\/solardorosario.com.br\\\/galeria\\\/produto\\\/violeta-franco-abstrato\\\/#breadcrumb\",\"itemListElement\":[{\"@type\":\"ListItem\",\"position\":1,\"name\":\"In\u00edcio\",\"item\":\"https:\\\/\\\/solardorosario.com.br\\\/galeria\\\/\"},{\"@type\":\"ListItem\",\"position\":2,\"name\":\"galeria\",\"item\":\"https:\\\/\\\/solardorosario.com.br\\\/galeria\\\/galeria\\\/\"},{\"@type\":\"ListItem\",\"position\":3,\"name\":\"Violeta Franco - Abstrato\"}]},{\"@type\":\"WebSite\",\"@id\":\"https:\\\/\\\/solardorosario.com.br\\\/galeria\\\/#website\",\"url\":\"https:\\\/\\\/solardorosario.com.br\\\/galeria\\\/\",\"name\":\"Solar do Ros\u00e1rio Galeria \\\\\\\\\\\\\\\\Nova\",\"description\":\"\",\"potentialAction\":[{\"@type\":\"SearchAction\",\"target\":{\"@type\":\"EntryPoint\",\"urlTemplate\":\"https:\\\/\\\/solardorosario.com.br\\\/galeria\\\/?s={search_term_string}\"},\"query-input\":{\"@type\":\"PropertyValueSpecification\",\"valueRequired\":true,\"valueName\":\"search_term_string\"}}],\"inLanguage\":\"pt-BR\"}]}<\/script>\n<!-- \/ Yoast SEO plugin. -->","yoast_head_json":{"title":"Violeta Franco - Abstrato - Solar do Ros\u00e1rio Galeria \\\\\\\\Nova","robots":{"index":"index","follow":"follow","max-snippet":"max-snippet:-1","max-image-preview":"max-image-preview:large","max-video-preview":"max-video-preview:-1"},"canonical":"https:\/\/solardorosario.com.br\/galeria\/produto\/violeta-franco-abstrato\/","og_locale":"pt_BR","og_type":"article","og_title":"Violeta Franco - Abstrato - Solar do Ros\u00e1rio Galeria \\\\\\\\Nova","og_description":"Artista: Violeta Franco T\u00edtulo: Abstrato Dimens\u00e3o: 50x70cm T\u00e9cnica: Acr\u00edlica sobre tela &nbsp; &nbsp; Maria Violeta Franco de Carvalho (1931-2006) era artista visual, pintora, desenhista e gravadora, nascida em Curitiba, em 21\/02\/1931. Em 1948, estudou pintura com o mestre Guido Viaro e nos anos seguintes, frequenta o curso de gravura com Poty Lazzarotto. Em 1949, funda [&hellip;]","og_url":"https:\/\/solardorosario.com.br\/galeria\/produto\/violeta-franco-abstrato\/","og_site_name":"Solar do Ros\u00e1rio Galeria \\\\\\\\Nova","article_modified_time":"2026-01-21T20:13:44+00:00","og_image":[{"width":1695,"height":1853,"url":"https:\/\/solardorosario.com.br\/galeria\/wp-content\/uploads\/2024\/04\/2509.jpeg","type":"image\/jpeg"}],"twitter_card":"summary_large_image","twitter_misc":{"Est. tempo de leitura":"2 minutos"},"schema":{"@context":"https:\/\/schema.org","@graph":[{"@type":"WebPage","@id":"https:\/\/solardorosario.com.br\/galeria\/produto\/violeta-franco-abstrato\/","url":"https:\/\/solardorosario.com.br\/galeria\/produto\/violeta-franco-abstrato\/","name":"Violeta Franco - Abstrato - Solar do Ros\u00e1rio Galeria \\\\\\\\Nova","isPartOf":{"@id":"https:\/\/solardorosario.com.br\/galeria\/#website"},"primaryImageOfPage":{"@id":"https:\/\/solardorosario.com.br\/galeria\/produto\/violeta-franco-abstrato\/#primaryimage"},"image":{"@id":"https:\/\/solardorosario.com.br\/galeria\/produto\/violeta-franco-abstrato\/#primaryimage"},"thumbnailUrl":"https:\/\/solardorosario.com.br\/galeria\/wp-content\/uploads\/2024\/04\/2509.jpeg","datePublished":"2024-04-26T19:20:32+00:00","dateModified":"2026-01-21T20:13:44+00:00","breadcrumb":{"@id":"https:\/\/solardorosario.com.br\/galeria\/produto\/violeta-franco-abstrato\/#breadcrumb"},"inLanguage":"pt-BR","potentialAction":[{"@type":"ReadAction","target":["https:\/\/solardorosario.com.br\/galeria\/produto\/violeta-franco-abstrato\/"]}]},{"@type":"ImageObject","inLanguage":"pt-BR","@id":"https:\/\/solardorosario.com.br\/galeria\/produto\/violeta-franco-abstrato\/#primaryimage","url":"https:\/\/solardorosario.com.br\/galeria\/wp-content\/uploads\/2024\/04\/2509.jpeg","contentUrl":"https:\/\/solardorosario.com.br\/galeria\/wp-content\/uploads\/2024\/04\/2509.jpeg","width":1695,"height":1853},{"@type":"BreadcrumbList","@id":"https:\/\/solardorosario.com.br\/galeria\/produto\/violeta-franco-abstrato\/#breadcrumb","itemListElement":[{"@type":"ListItem","position":1,"name":"In\u00edcio","item":"https:\/\/solardorosario.com.br\/galeria\/"},{"@type":"ListItem","position":2,"name":"galeria","item":"https:\/\/solardorosario.com.br\/galeria\/galeria\/"},{"@type":"ListItem","position":3,"name":"Violeta Franco - Abstrato"}]},{"@type":"WebSite","@id":"https:\/\/solardorosario.com.br\/galeria\/#website","url":"https:\/\/solardorosario.com.br\/galeria\/","name":"Solar do Ros\u00e1rio Galeria \\\\\\\\Nova","description":"","potentialAction":[{"@type":"SearchAction","target":{"@type":"EntryPoint","urlTemplate":"https:\/\/solardorosario.com.br\/galeria\/?s={search_term_string}"},"query-input":{"@type":"PropertyValueSpecification","valueRequired":true,"valueName":"search_term_string"}}],"inLanguage":"pt-BR"}]}},"_links":{"self":[{"href":"https:\/\/solardorosario.com.br\/galeria\/wp-json\/wp\/v2\/product\/4777","targetHints":{"allow":["GET"]}}],"collection":[{"href":"https:\/\/solardorosario.com.br\/galeria\/wp-json\/wp\/v2\/product"}],"about":[{"href":"https:\/\/solardorosario.com.br\/galeria\/wp-json\/wp\/v2\/types\/product"}],"wp:featuredmedia":[{"embeddable":true,"href":"https:\/\/solardorosario.com.br\/galeria\/wp-json\/wp\/v2\/media\/4778"}],"wp:attachment":[{"href":"https:\/\/solardorosario.com.br\/galeria\/wp-json\/wp\/v2\/media?parent=4777"}],"wp:term":[{"taxonomy":"product_brand","embeddable":true,"href":"https:\/\/solardorosario.com.br\/galeria\/wp-json\/wp\/v2\/product_brand?post=4777"},{"taxonomy":"product_cat","embeddable":true,"href":"https:\/\/solardorosario.com.br\/galeria\/wp-json\/wp\/v2\/product_cat?post=4777"},{"taxonomy":"product_tag","embeddable":true,"href":"https:\/\/solardorosario.com.br\/galeria\/wp-json\/wp\/v2\/product_tag?post=4777"}],"curies":[{"name":"wp","href":"https:\/\/api.w.org\/{rel}","templated":true}]}}