{"id":4767,"date":"2024-04-25T15:41:23","date_gmt":"2024-04-25T18:41:23","guid":{"rendered":"https:\/\/solardorosario.com.br\/galeria\/?post_type=product&#038;p=4767"},"modified":"2026-03-30T16:40:12","modified_gmt":"2026-03-30T19:40:12","slug":"lacek-natureza-morta-com-tomate","status":"publish","type":"product","link":"https:\/\/solardorosario.com.br\/galeria\/produto\/lacek-natureza-morta-com-tomate\/","title":{"rendered":"Lacek - Natureza Morta com tomate"},"content":{"rendered":"<p><strong>Artista:<\/strong> Lacek<\/p>\n<p><strong>T\u00edtulo:<\/strong> Natureza Morta com tomate<\/p>\n<p><strong>Dimens\u00e3o:<\/strong> 18x24cm<\/p>\n<p><strong>T\u00e9cnica:<\/strong> \u00d3leo sobre tela (sem moldura)<\/p>\n<p>&nbsp;<\/p>\n<p>&nbsp;<\/p>\n<p>Carlos Lacek nasceu no Rio de Janeiro. \u00c9 artista visual e pintor. A partir de 1986, passou a se dedicar exclusivamente \u00e0 pintura. Nessa mesma \u00e9poca, exp\u00f4s individualmente pela primeira vez, na SEAE\/RJ e na Galeria Alo\u00edsio Magalh\u00e3es, em Petr\u00f3polis. Exp\u00f4s coletivamente no Ateli\u00ea Flutuante e Espa\u00e7o Cultural do Rio Sheraton Hotel, no Rio e em 1987 na Galeria Maria Portugal, tamb\u00e9m no RJ. Posteriormente, viajou para Europa, para aprimorar seus trabalhos, fixando-se na Alemanha.<\/p>\n","protected":false},"excerpt":{"rendered":"<p>Artista: Lacek T\u00edtulo: Natureza Morta com tomate Dimens\u00e3o: 18x24cm T\u00e9cnica: \u00d3leo sobre tela (sem moldura) &nbsp; &nbsp; Carlos Lacek nasceu no Rio de Janeiro. \u00c9 artista visual e pintor. A partir de 1986, passou a se dedicar exclusivamente \u00e0 pintura. Nessa mesma \u00e9poca, exp\u00f4s individualmente pela primeira vez, na SEAE\/RJ e na Galeria Alo\u00edsio Magalh\u00e3es, [&hellip;]<\/p>\n","protected":false},"featured_media":4768,"template":"","meta":[],"product_brand":[],"product_cat":[117],"product_tag":[],"class_list":{"0":"post-4767","1":"product","2":"type-product","3":"status-publish","4":"has-post-thumbnail","6":"product_cat-galeria","7":"pa_artista-lacek","8":"pa_estilo-natureza-morta","9":"pa_tecnica-oleo-sobre-tela","11":"first","12":"instock","13":"shipping-taxable","14":"purchasable","15":"product-type-simple"},"yoast_head":"<!-- This site is optimized with the Yoast SEO plugin v27.4 - https:\/\/yoast.com\/product\/yoast-seo-wordpress\/ -->\n<title>Lacek - Natureza Morta com tomate - Solar do Ros\u00e1rio Galeria \\\\\\\\Nova<\/title>\n<meta name=\"robots\" content=\"index, follow, max-snippet:-1, max-image-preview:large, max-video-preview:-1\" \/>\n<link rel=\"canonical\" href=\"https:\/\/solardorosario.com.br\/galeria\/produto\/lacek-natureza-morta-com-tomate\/\" \/>\n<meta property=\"og:locale\" content=\"pt_BR\" \/>\n<meta property=\"og:type\" content=\"article\" \/>\n<meta property=\"og:title\" content=\"Lacek - Natureza Morta com tomate - Solar do Ros\u00e1rio Galeria \\\\\\\\Nova\" \/>\n<meta property=\"og:description\" content=\"Artista: Lacek T\u00edtulo: Natureza Morta com tomate Dimens\u00e3o: 18x24cm T\u00e9cnica: \u00d3leo sobre tela (sem moldura) &nbsp; &nbsp; Carlos Lacek nasceu no Rio de Janeiro. \u00c9 artista visual e pintor. A partir de 1986, passou a se dedicar exclusivamente \u00e0 pintura. Nessa mesma \u00e9poca, exp\u00f4s individualmente pela primeira vez, na SEAE\/RJ e na Galeria Alo\u00edsio Magalh\u00e3es, [&hellip;]\" \/>\n<meta property=\"og:url\" content=\"https:\/\/solardorosario.com.br\/galeria\/produto\/lacek-natureza-morta-com-tomate\/\" \/>\n<meta property=\"og:site_name\" content=\"Solar do Ros\u00e1rio Galeria \\\\\\\\Nova\" \/>\n<meta property=\"article:modified_time\" content=\"2026-03-30T19:40:12+00:00\" \/>\n<meta property=\"og:image\" content=\"https:\/\/solardorosario.com.br\/galeria\/wp-content\/uploads\/2024\/04\/Imagem-do-WhatsApp-de-2024-04-25-as-15.39.24_7db1f38c.jpg\" \/>\n\t<meta property=\"og:image:width\" content=\"1280\" \/>\n\t<meta property=\"og:image:height\" content=\"950\" \/>\n\t<meta property=\"og:image:type\" content=\"image\/jpeg\" \/>\n<meta name=\"twitter:card\" content=\"summary_large_image\" \/>\n<meta name=\"twitter:label1\" content=\"Est. tempo de leitura\" \/>\n\t<meta name=\"twitter:data1\" content=\"1 minuto\" \/>\n<script type=\"application\/ld+json\" class=\"yoast-schema-graph\">{\"@context\":\"https:\\\/\\\/schema.org\",\"@graph\":[{\"@type\":\"WebPage\",\"@id\":\"https:\\\/\\\/solardorosario.com.br\\\/galeria\\\/produto\\\/lacek-natureza-morta-com-tomate\\\/\",\"url\":\"https:\\\/\\\/solardorosario.com.br\\\/galeria\\\/produto\\\/lacek-natureza-morta-com-tomate\\\/\",\"name\":\"Lacek - Natureza Morta com tomate - Solar do Ros\u00e1rio Galeria \\\\\\\\\\\\\\\\Nova\",\"isPartOf\":{\"@id\":\"https:\\\/\\\/solardorosario.com.br\\\/galeria\\\/#website\"},\"primaryImageOfPage\":{\"@id\":\"https:\\\/\\\/solardorosario.com.br\\\/galeria\\\/produto\\\/lacek-natureza-morta-com-tomate\\\/#primaryimage\"},\"image\":{\"@id\":\"https:\\\/\\\/solardorosario.com.br\\\/galeria\\\/produto\\\/lacek-natureza-morta-com-tomate\\\/#primaryimage\"},\"thumbnailUrl\":\"https:\\\/\\\/solardorosario.com.br\\\/galeria\\\/wp-content\\\/uploads\\\/2024\\\/04\\\/Imagem-do-WhatsApp-de-2024-04-25-as-15.39.24_7db1f38c.jpg\",\"datePublished\":\"2024-04-25T18:41:23+00:00\",\"dateModified\":\"2026-03-30T19:40:12+00:00\",\"breadcrumb\":{\"@id\":\"https:\\\/\\\/solardorosario.com.br\\\/galeria\\\/produto\\\/lacek-natureza-morta-com-tomate\\\/#breadcrumb\"},\"inLanguage\":\"pt-BR\",\"potentialAction\":[{\"@type\":\"ReadAction\",\"target\":[\"https:\\\/\\\/solardorosario.com.br\\\/galeria\\\/produto\\\/lacek-natureza-morta-com-tomate\\\/\"]}]},{\"@type\":\"ImageObject\",\"inLanguage\":\"pt-BR\",\"@id\":\"https:\\\/\\\/solardorosario.com.br\\\/galeria\\\/produto\\\/lacek-natureza-morta-com-tomate\\\/#primaryimage\",\"url\":\"https:\\\/\\\/solardorosario.com.br\\\/galeria\\\/wp-content\\\/uploads\\\/2024\\\/04\\\/Imagem-do-WhatsApp-de-2024-04-25-as-15.39.24_7db1f38c.jpg\",\"contentUrl\":\"https:\\\/\\\/solardorosario.com.br\\\/galeria\\\/wp-content\\\/uploads\\\/2024\\\/04\\\/Imagem-do-WhatsApp-de-2024-04-25-as-15.39.24_7db1f38c.jpg\",\"width\":1280,\"height\":950},{\"@type\":\"BreadcrumbList\",\"@id\":\"https:\\\/\\\/solardorosario.com.br\\\/galeria\\\/produto\\\/lacek-natureza-morta-com-tomate\\\/#breadcrumb\",\"itemListElement\":[{\"@type\":\"ListItem\",\"position\":1,\"name\":\"In\u00edcio\",\"item\":\"https:\\\/\\\/solardorosario.com.br\\\/galeria\\\/\"},{\"@type\":\"ListItem\",\"position\":2,\"name\":\"galeria\",\"item\":\"https:\\\/\\\/solardorosario.com.br\\\/galeria\\\/galeria\\\/\"},{\"@type\":\"ListItem\",\"position\":3,\"name\":\"Lacek - Natureza Morta com tomate\"}]},{\"@type\":\"WebSite\",\"@id\":\"https:\\\/\\\/solardorosario.com.br\\\/galeria\\\/#website\",\"url\":\"https:\\\/\\\/solardorosario.com.br\\\/galeria\\\/\",\"name\":\"Solar do Ros\u00e1rio Galeria \\\\\\\\\\\\\\\\Nova\",\"description\":\"\",\"potentialAction\":[{\"@type\":\"SearchAction\",\"target\":{\"@type\":\"EntryPoint\",\"urlTemplate\":\"https:\\\/\\\/solardorosario.com.br\\\/galeria\\\/?s={search_term_string}\"},\"query-input\":{\"@type\":\"PropertyValueSpecification\",\"valueRequired\":true,\"valueName\":\"search_term_string\"}}],\"inLanguage\":\"pt-BR\"}]}<\/script>\n<!-- \/ Yoast SEO plugin. -->","yoast_head_json":{"title":"Lacek - Natureza Morta com tomate - Solar do Ros\u00e1rio Galeria \\\\\\\\Nova","robots":{"index":"index","follow":"follow","max-snippet":"max-snippet:-1","max-image-preview":"max-image-preview:large","max-video-preview":"max-video-preview:-1"},"canonical":"https:\/\/solardorosario.com.br\/galeria\/produto\/lacek-natureza-morta-com-tomate\/","og_locale":"pt_BR","og_type":"article","og_title":"Lacek - Natureza Morta com tomate - Solar do Ros\u00e1rio Galeria \\\\\\\\Nova","og_description":"Artista: Lacek T\u00edtulo: Natureza Morta com tomate Dimens\u00e3o: 18x24cm T\u00e9cnica: \u00d3leo sobre tela (sem moldura) &nbsp; &nbsp; Carlos Lacek nasceu no Rio de Janeiro. \u00c9 artista visual e pintor. A partir de 1986, passou a se dedicar exclusivamente \u00e0 pintura. Nessa mesma \u00e9poca, exp\u00f4s individualmente pela primeira vez, na SEAE\/RJ e na Galeria Alo\u00edsio Magalh\u00e3es, [&hellip;]","og_url":"https:\/\/solardorosario.com.br\/galeria\/produto\/lacek-natureza-morta-com-tomate\/","og_site_name":"Solar do Ros\u00e1rio Galeria \\\\\\\\Nova","article_modified_time":"2026-03-30T19:40:12+00:00","og_image":[{"width":1280,"height":950,"url":"https:\/\/solardorosario.com.br\/galeria\/wp-content\/uploads\/2024\/04\/Imagem-do-WhatsApp-de-2024-04-25-as-15.39.24_7db1f38c.jpg","type":"image\/jpeg"}],"twitter_card":"summary_large_image","twitter_misc":{"Est. tempo de leitura":"1 minuto"},"schema":{"@context":"https:\/\/schema.org","@graph":[{"@type":"WebPage","@id":"https:\/\/solardorosario.com.br\/galeria\/produto\/lacek-natureza-morta-com-tomate\/","url":"https:\/\/solardorosario.com.br\/galeria\/produto\/lacek-natureza-morta-com-tomate\/","name":"Lacek - Natureza Morta com tomate - Solar do Ros\u00e1rio Galeria \\\\\\\\Nova","isPartOf":{"@id":"https:\/\/solardorosario.com.br\/galeria\/#website"},"primaryImageOfPage":{"@id":"https:\/\/solardorosario.com.br\/galeria\/produto\/lacek-natureza-morta-com-tomate\/#primaryimage"},"image":{"@id":"https:\/\/solardorosario.com.br\/galeria\/produto\/lacek-natureza-morta-com-tomate\/#primaryimage"},"thumbnailUrl":"https:\/\/solardorosario.com.br\/galeria\/wp-content\/uploads\/2024\/04\/Imagem-do-WhatsApp-de-2024-04-25-as-15.39.24_7db1f38c.jpg","datePublished":"2024-04-25T18:41:23+00:00","dateModified":"2026-03-30T19:40:12+00:00","breadcrumb":{"@id":"https:\/\/solardorosario.com.br\/galeria\/produto\/lacek-natureza-morta-com-tomate\/#breadcrumb"},"inLanguage":"pt-BR","potentialAction":[{"@type":"ReadAction","target":["https:\/\/solardorosario.com.br\/galeria\/produto\/lacek-natureza-morta-com-tomate\/"]}]},{"@type":"ImageObject","inLanguage":"pt-BR","@id":"https:\/\/solardorosario.com.br\/galeria\/produto\/lacek-natureza-morta-com-tomate\/#primaryimage","url":"https:\/\/solardorosario.com.br\/galeria\/wp-content\/uploads\/2024\/04\/Imagem-do-WhatsApp-de-2024-04-25-as-15.39.24_7db1f38c.jpg","contentUrl":"https:\/\/solardorosario.com.br\/galeria\/wp-content\/uploads\/2024\/04\/Imagem-do-WhatsApp-de-2024-04-25-as-15.39.24_7db1f38c.jpg","width":1280,"height":950},{"@type":"BreadcrumbList","@id":"https:\/\/solardorosario.com.br\/galeria\/produto\/lacek-natureza-morta-com-tomate\/#breadcrumb","itemListElement":[{"@type":"ListItem","position":1,"name":"In\u00edcio","item":"https:\/\/solardorosario.com.br\/galeria\/"},{"@type":"ListItem","position":2,"name":"galeria","item":"https:\/\/solardorosario.com.br\/galeria\/galeria\/"},{"@type":"ListItem","position":3,"name":"Lacek - Natureza Morta com tomate"}]},{"@type":"WebSite","@id":"https:\/\/solardorosario.com.br\/galeria\/#website","url":"https:\/\/solardorosario.com.br\/galeria\/","name":"Solar do Ros\u00e1rio Galeria \\\\\\\\Nova","description":"","potentialAction":[{"@type":"SearchAction","target":{"@type":"EntryPoint","urlTemplate":"https:\/\/solardorosario.com.br\/galeria\/?s={search_term_string}"},"query-input":{"@type":"PropertyValueSpecification","valueRequired":true,"valueName":"search_term_string"}}],"inLanguage":"pt-BR"}]}},"_links":{"self":[{"href":"https:\/\/solardorosario.com.br\/galeria\/wp-json\/wp\/v2\/product\/4767","targetHints":{"allow":["GET"]}}],"collection":[{"href":"https:\/\/solardorosario.com.br\/galeria\/wp-json\/wp\/v2\/product"}],"about":[{"href":"https:\/\/solardorosario.com.br\/galeria\/wp-json\/wp\/v2\/types\/product"}],"wp:featuredmedia":[{"embeddable":true,"href":"https:\/\/solardorosario.com.br\/galeria\/wp-json\/wp\/v2\/media\/4768"}],"wp:attachment":[{"href":"https:\/\/solardorosario.com.br\/galeria\/wp-json\/wp\/v2\/media?parent=4767"}],"wp:term":[{"taxonomy":"product_brand","embeddable":true,"href":"https:\/\/solardorosario.com.br\/galeria\/wp-json\/wp\/v2\/product_brand?post=4767"},{"taxonomy":"product_cat","embeddable":true,"href":"https:\/\/solardorosario.com.br\/galeria\/wp-json\/wp\/v2\/product_cat?post=4767"},{"taxonomy":"product_tag","embeddable":true,"href":"https:\/\/solardorosario.com.br\/galeria\/wp-json\/wp\/v2\/product_tag?post=4767"}],"curies":[{"name":"wp","href":"https:\/\/api.w.org\/{rel}","templated":true}]}}