{"id":4711,"date":"2024-04-22T16:39:53","date_gmt":"2024-04-22T19:39:53","guid":{"rendered":"https:\/\/solardorosario.com.br\/galeria\/?post_type=product&#038;p=4711"},"modified":"2026-04-06T17:11:34","modified_gmt":"2026-04-06T20:11:34","slug":"malu-brandao-esperando-visita","status":"publish","type":"product","link":"https:\/\/solardorosario.com.br\/galeria\/produto\/malu-brandao-esperando-visita\/","title":{"rendered":"Malu Brand\u00e3o - Esperando Visita"},"content":{"rendered":"<p><strong>Artista:<\/strong> Malu Brand\u00e3o<\/p>\n<p><strong>T\u00edtulo:<\/strong> Esperando Visita<\/p>\n<p><strong>Dimens\u00e3o:<\/strong> 40x50cm<\/p>\n<p><strong>T\u00e9cnica:<\/strong> Mista sobre tela (com moldura)<\/p>\n<p>&nbsp;<\/p>\n<p>&nbsp;<\/p>\n<p>Malu Brand\u00e3o nasceu em Francisco Beltr\u00e3o - PR, em 1949. \u00c9 radicada em Curitiba desde a d\u00e9cada de 1970. Entre 1988 e 1991, cursou Pintura na Escola de M\u00fasica e Belas Artes do Paran\u00e1 (EMBAP). Fez diversos cursos livres a partir dos anos 1980, como curso livre de gravura em metal, no Alfredo Andersen, curso de desenho com Uiara Bartira, gravura em metal com Dulce Osinski, serigrafia com Rossana Fabri e Andrea Las. Participou de diversas exposi\u00e7\u00f5es coletivas em Curitiba, como a Coletiva do Museu Alfredo Andersen, em 1984, a coletiva Gua\u00edra 85, no hall do Teatro Gua\u00edra, em 1985, Coletiva de Gravadores Paranaenses, no Solar do Bar\u00e3o, em 1987 e na Sala Waldemar Curt Freysleben, no hall da EMBAP, em 1990. Tamb\u00e9m participou de diversos sal\u00f5es no Brasil todo, em Curitiba, Maring\u00e1, Jacarezinho, Antonina, Goior\u00e9. Fez uma exposi\u00e7\u00e3o individual no SESC da Esquina, em Curitiba, em 1985.<\/p>\n","protected":false},"excerpt":{"rendered":"<p>Artista: Malu Brand\u00e3o T\u00edtulo: Esperando Visita Dimens\u00e3o: 40x50cm T\u00e9cnica: Mista sobre tela (com moldura) &nbsp; &nbsp; Malu Brand\u00e3o nasceu em Francisco Beltr\u00e3o - PR, em 1949. \u00c9 radicada em Curitiba desde a d\u00e9cada de 1970. Entre 1988 e 1991, cursou Pintura na Escola de M\u00fasica e Belas Artes do Paran\u00e1 (EMBAP). Fez diversos cursos livres [&hellip;]<\/p>\n","protected":false},"featured_media":4713,"template":"","meta":[],"product_brand":[],"product_cat":[117],"product_tag":[],"class_list":{"0":"post-4711","1":"product","2":"type-product","3":"status-publish","4":"has-post-thumbnail","6":"product_cat-galeria","7":"pa_artista-malu-brandao","8":"pa_estilo-figurativo","9":"pa_tecnica-mista-sobre-tela","11":"first","12":"instock","13":"shipping-taxable","14":"purchasable","15":"product-type-simple"},"yoast_head":"<!-- This site is optimized with the Yoast SEO plugin v27.4 - https:\/\/yoast.com\/product\/yoast-seo-wordpress\/ -->\n<title>Malu Brand\u00e3o - Esperando Visita - Solar do Ros\u00e1rio Galeria \\\\\\\\Nova<\/title>\n<meta name=\"robots\" content=\"index, follow, max-snippet:-1, max-image-preview:large, max-video-preview:-1\" \/>\n<link rel=\"canonical\" href=\"https:\/\/solardorosario.com.br\/galeria\/produto\/malu-brandao-esperando-visita\/\" \/>\n<meta property=\"og:locale\" content=\"pt_BR\" \/>\n<meta property=\"og:type\" content=\"article\" \/>\n<meta property=\"og:title\" content=\"Malu Brand\u00e3o - Esperando Visita - Solar do Ros\u00e1rio Galeria \\\\\\\\Nova\" \/>\n<meta property=\"og:description\" content=\"Artista: Malu Brand\u00e3o T\u00edtulo: Esperando Visita Dimens\u00e3o: 40x50cm T\u00e9cnica: Mista sobre tela (com moldura) &nbsp; &nbsp; Malu Brand\u00e3o nasceu em Francisco Beltr\u00e3o - PR, em 1949. \u00c9 radicada em Curitiba desde a d\u00e9cada de 1970. Entre 1988 e 1991, cursou Pintura na Escola de M\u00fasica e Belas Artes do Paran\u00e1 (EMBAP). Fez diversos cursos livres [&hellip;]\" \/>\n<meta property=\"og:url\" content=\"https:\/\/solardorosario.com.br\/galeria\/produto\/malu-brandao-esperando-visita\/\" \/>\n<meta property=\"og:site_name\" content=\"Solar do Ros\u00e1rio Galeria \\\\\\\\Nova\" \/>\n<meta property=\"article:modified_time\" content=\"2026-04-06T20:11:34+00:00\" \/>\n<meta property=\"og:image\" content=\"https:\/\/solardorosario.com.br\/galeria\/wp-content\/uploads\/2024\/04\/Imagem-do-WhatsApp-de-2024-04-22-as-16.39.09_f9d9299c.jpg\" \/>\n\t<meta property=\"og:image:width\" content=\"1021\" \/>\n\t<meta property=\"og:image:height\" content=\"1280\" \/>\n\t<meta property=\"og:image:type\" content=\"image\/jpeg\" \/>\n<meta name=\"twitter:card\" content=\"summary_large_image\" \/>\n<meta name=\"twitter:label1\" content=\"Est. tempo de leitura\" \/>\n\t<meta name=\"twitter:data1\" content=\"2 minutos\" \/>\n<script type=\"application\/ld+json\" class=\"yoast-schema-graph\">{\"@context\":\"https:\\\/\\\/schema.org\",\"@graph\":[{\"@type\":\"WebPage\",\"@id\":\"https:\\\/\\\/solardorosario.com.br\\\/galeria\\\/produto\\\/malu-brandao-esperando-visita\\\/\",\"url\":\"https:\\\/\\\/solardorosario.com.br\\\/galeria\\\/produto\\\/malu-brandao-esperando-visita\\\/\",\"name\":\"Malu Brand\u00e3o - Esperando Visita - Solar do Ros\u00e1rio Galeria \\\\\\\\\\\\\\\\Nova\",\"isPartOf\":{\"@id\":\"https:\\\/\\\/solardorosario.com.br\\\/galeria\\\/#website\"},\"primaryImageOfPage\":{\"@id\":\"https:\\\/\\\/solardorosario.com.br\\\/galeria\\\/produto\\\/malu-brandao-esperando-visita\\\/#primaryimage\"},\"image\":{\"@id\":\"https:\\\/\\\/solardorosario.com.br\\\/galeria\\\/produto\\\/malu-brandao-esperando-visita\\\/#primaryimage\"},\"thumbnailUrl\":\"https:\\\/\\\/solardorosario.com.br\\\/galeria\\\/wp-content\\\/uploads\\\/2024\\\/04\\\/Imagem-do-WhatsApp-de-2024-04-22-as-16.39.09_f9d9299c.jpg\",\"datePublished\":\"2024-04-22T19:39:53+00:00\",\"dateModified\":\"2026-04-06T20:11:34+00:00\",\"breadcrumb\":{\"@id\":\"https:\\\/\\\/solardorosario.com.br\\\/galeria\\\/produto\\\/malu-brandao-esperando-visita\\\/#breadcrumb\"},\"inLanguage\":\"pt-BR\",\"potentialAction\":[{\"@type\":\"ReadAction\",\"target\":[\"https:\\\/\\\/solardorosario.com.br\\\/galeria\\\/produto\\\/malu-brandao-esperando-visita\\\/\"]}]},{\"@type\":\"ImageObject\",\"inLanguage\":\"pt-BR\",\"@id\":\"https:\\\/\\\/solardorosario.com.br\\\/galeria\\\/produto\\\/malu-brandao-esperando-visita\\\/#primaryimage\",\"url\":\"https:\\\/\\\/solardorosario.com.br\\\/galeria\\\/wp-content\\\/uploads\\\/2024\\\/04\\\/Imagem-do-WhatsApp-de-2024-04-22-as-16.39.09_f9d9299c.jpg\",\"contentUrl\":\"https:\\\/\\\/solardorosario.com.br\\\/galeria\\\/wp-content\\\/uploads\\\/2024\\\/04\\\/Imagem-do-WhatsApp-de-2024-04-22-as-16.39.09_f9d9299c.jpg\",\"width\":1021,\"height\":1280},{\"@type\":\"BreadcrumbList\",\"@id\":\"https:\\\/\\\/solardorosario.com.br\\\/galeria\\\/produto\\\/malu-brandao-esperando-visita\\\/#breadcrumb\",\"itemListElement\":[{\"@type\":\"ListItem\",\"position\":1,\"name\":\"In\u00edcio\",\"item\":\"https:\\\/\\\/solardorosario.com.br\\\/galeria\\\/\"},{\"@type\":\"ListItem\",\"position\":2,\"name\":\"galeria\",\"item\":\"https:\\\/\\\/solardorosario.com.br\\\/galeria\\\/galeria\\\/\"},{\"@type\":\"ListItem\",\"position\":3,\"name\":\"Malu Brand\u00e3o - Esperando Visita\"}]},{\"@type\":\"WebSite\",\"@id\":\"https:\\\/\\\/solardorosario.com.br\\\/galeria\\\/#website\",\"url\":\"https:\\\/\\\/solardorosario.com.br\\\/galeria\\\/\",\"name\":\"Solar do Ros\u00e1rio Galeria \\\\\\\\\\\\\\\\Nova\",\"description\":\"\",\"potentialAction\":[{\"@type\":\"SearchAction\",\"target\":{\"@type\":\"EntryPoint\",\"urlTemplate\":\"https:\\\/\\\/solardorosario.com.br\\\/galeria\\\/?s={search_term_string}\"},\"query-input\":{\"@type\":\"PropertyValueSpecification\",\"valueRequired\":true,\"valueName\":\"search_term_string\"}}],\"inLanguage\":\"pt-BR\"}]}<\/script>\n<!-- \/ Yoast SEO plugin. -->","yoast_head_json":{"title":"Malu Brand\u00e3o - Esperando Visita - Solar do Ros\u00e1rio Galeria \\\\\\\\Nova","robots":{"index":"index","follow":"follow","max-snippet":"max-snippet:-1","max-image-preview":"max-image-preview:large","max-video-preview":"max-video-preview:-1"},"canonical":"https:\/\/solardorosario.com.br\/galeria\/produto\/malu-brandao-esperando-visita\/","og_locale":"pt_BR","og_type":"article","og_title":"Malu Brand\u00e3o - Esperando Visita - Solar do Ros\u00e1rio Galeria \\\\\\\\Nova","og_description":"Artista: Malu Brand\u00e3o T\u00edtulo: Esperando Visita Dimens\u00e3o: 40x50cm T\u00e9cnica: Mista sobre tela (com moldura) &nbsp; &nbsp; Malu Brand\u00e3o nasceu em Francisco Beltr\u00e3o - PR, em 1949. \u00c9 radicada em Curitiba desde a d\u00e9cada de 1970. Entre 1988 e 1991, cursou Pintura na Escola de M\u00fasica e Belas Artes do Paran\u00e1 (EMBAP). Fez diversos cursos livres [&hellip;]","og_url":"https:\/\/solardorosario.com.br\/galeria\/produto\/malu-brandao-esperando-visita\/","og_site_name":"Solar do Ros\u00e1rio Galeria \\\\\\\\Nova","article_modified_time":"2026-04-06T20:11:34+00:00","og_image":[{"width":1021,"height":1280,"url":"https:\/\/solardorosario.com.br\/galeria\/wp-content\/uploads\/2024\/04\/Imagem-do-WhatsApp-de-2024-04-22-as-16.39.09_f9d9299c.jpg","type":"image\/jpeg"}],"twitter_card":"summary_large_image","twitter_misc":{"Est. tempo de leitura":"2 minutos"},"schema":{"@context":"https:\/\/schema.org","@graph":[{"@type":"WebPage","@id":"https:\/\/solardorosario.com.br\/galeria\/produto\/malu-brandao-esperando-visita\/","url":"https:\/\/solardorosario.com.br\/galeria\/produto\/malu-brandao-esperando-visita\/","name":"Malu Brand\u00e3o - Esperando Visita - Solar do Ros\u00e1rio Galeria \\\\\\\\Nova","isPartOf":{"@id":"https:\/\/solardorosario.com.br\/galeria\/#website"},"primaryImageOfPage":{"@id":"https:\/\/solardorosario.com.br\/galeria\/produto\/malu-brandao-esperando-visita\/#primaryimage"},"image":{"@id":"https:\/\/solardorosario.com.br\/galeria\/produto\/malu-brandao-esperando-visita\/#primaryimage"},"thumbnailUrl":"https:\/\/solardorosario.com.br\/galeria\/wp-content\/uploads\/2024\/04\/Imagem-do-WhatsApp-de-2024-04-22-as-16.39.09_f9d9299c.jpg","datePublished":"2024-04-22T19:39:53+00:00","dateModified":"2026-04-06T20:11:34+00:00","breadcrumb":{"@id":"https:\/\/solardorosario.com.br\/galeria\/produto\/malu-brandao-esperando-visita\/#breadcrumb"},"inLanguage":"pt-BR","potentialAction":[{"@type":"ReadAction","target":["https:\/\/solardorosario.com.br\/galeria\/produto\/malu-brandao-esperando-visita\/"]}]},{"@type":"ImageObject","inLanguage":"pt-BR","@id":"https:\/\/solardorosario.com.br\/galeria\/produto\/malu-brandao-esperando-visita\/#primaryimage","url":"https:\/\/solardorosario.com.br\/galeria\/wp-content\/uploads\/2024\/04\/Imagem-do-WhatsApp-de-2024-04-22-as-16.39.09_f9d9299c.jpg","contentUrl":"https:\/\/solardorosario.com.br\/galeria\/wp-content\/uploads\/2024\/04\/Imagem-do-WhatsApp-de-2024-04-22-as-16.39.09_f9d9299c.jpg","width":1021,"height":1280},{"@type":"BreadcrumbList","@id":"https:\/\/solardorosario.com.br\/galeria\/produto\/malu-brandao-esperando-visita\/#breadcrumb","itemListElement":[{"@type":"ListItem","position":1,"name":"In\u00edcio","item":"https:\/\/solardorosario.com.br\/galeria\/"},{"@type":"ListItem","position":2,"name":"galeria","item":"https:\/\/solardorosario.com.br\/galeria\/galeria\/"},{"@type":"ListItem","position":3,"name":"Malu Brand\u00e3o - Esperando Visita"}]},{"@type":"WebSite","@id":"https:\/\/solardorosario.com.br\/galeria\/#website","url":"https:\/\/solardorosario.com.br\/galeria\/","name":"Solar do Ros\u00e1rio Galeria \\\\\\\\Nova","description":"","potentialAction":[{"@type":"SearchAction","target":{"@type":"EntryPoint","urlTemplate":"https:\/\/solardorosario.com.br\/galeria\/?s={search_term_string}"},"query-input":{"@type":"PropertyValueSpecification","valueRequired":true,"valueName":"search_term_string"}}],"inLanguage":"pt-BR"}]}},"_links":{"self":[{"href":"https:\/\/solardorosario.com.br\/galeria\/wp-json\/wp\/v2\/product\/4711","targetHints":{"allow":["GET"]}}],"collection":[{"href":"https:\/\/solardorosario.com.br\/galeria\/wp-json\/wp\/v2\/product"}],"about":[{"href":"https:\/\/solardorosario.com.br\/galeria\/wp-json\/wp\/v2\/types\/product"}],"wp:featuredmedia":[{"embeddable":true,"href":"https:\/\/solardorosario.com.br\/galeria\/wp-json\/wp\/v2\/media\/4713"}],"wp:attachment":[{"href":"https:\/\/solardorosario.com.br\/galeria\/wp-json\/wp\/v2\/media?parent=4711"}],"wp:term":[{"taxonomy":"product_brand","embeddable":true,"href":"https:\/\/solardorosario.com.br\/galeria\/wp-json\/wp\/v2\/product_brand?post=4711"},{"taxonomy":"product_cat","embeddable":true,"href":"https:\/\/solardorosario.com.br\/galeria\/wp-json\/wp\/v2\/product_cat?post=4711"},{"taxonomy":"product_tag","embeddable":true,"href":"https:\/\/solardorosario.com.br\/galeria\/wp-json\/wp\/v2\/product_tag?post=4711"}],"curies":[{"name":"wp","href":"https:\/\/api.w.org\/{rel}","templated":true}]}}