{"id":4708,"date":"2024-04-22T16:18:42","date_gmt":"2024-04-22T19:18:42","guid":{"rendered":"https:\/\/solardorosario.com.br\/galeria\/?post_type=product&#038;p=4708"},"modified":"2026-04-07T10:12:39","modified_gmt":"2026-04-07T13:12:39","slug":"marcia-literio-janela-com-arco-canga-de-boi","status":"publish","type":"product","link":"https:\/\/solardorosario.com.br\/galeria\/produto\/marcia-literio-janela-com-arco-canga-de-boi\/","title":{"rendered":"M\u00e1rcia Lit\u00e9rio - Janela com Arco Canga de Boi"},"content":{"rendered":"<p><strong>Artista:<\/strong> Marcia Lit\u00e9rio<\/p>\n<p><strong>T\u00edtulo:<\/strong> Janela com Arco Canga de Boi<\/p>\n<p><strong>Dimens\u00e3o:<\/strong> 34x23cm<\/p>\n<p><strong>T\u00e9cnica:<\/strong> Acr\u00edlica sobre tela<\/p>\n<p>&nbsp;<\/p>\n<p>&nbsp;<\/p>\n<p>M\u00e1rcia Lit\u00e9rio \u00e9 formada em Desenho Pedag\u00f3gico. Fez cursos de Desenho e Composi\u00e7\u00e3o, com I. Zaminski, workshop de figura humana com Leila Pugnaloni, t\u00e9cnicas pict\u00f3ricas integradas com Jo\u00e3o Rossi, entre outros cursos. Participa de exposi\u00e7\u00f5es individuais e coletivas, sal\u00f5es e mostras coletivas desde 1988, em S\u00e3o Paulo, Curitiba, Goi\u00e2nia, Uni\u00e3o da Vit\u00f3ria, Blumenau, Goioer\u00ea, Tibagi, Jundiai, Sorocaba. Recebeu pr\u00eamios como Destaque para Individual no Museu de Arte de Goi\u00e2nia, no Pr\u00eamio Incentivo, do Sal\u00e3o de Arte do Butant\u00e3, em S\u00e3o Paulo e medalha na categoria Desenho, no Sal\u00e3o de Arte Contempor\u00e2nea, de Sorocaba.<\/p>\n","protected":false},"excerpt":{"rendered":"<p>Artista: Marcia Lit\u00e9rio T\u00edtulo: Janela com Arco Canga de Boi Dimens\u00e3o: 34x23cm T\u00e9cnica: Acr\u00edlica sobre tela &nbsp; &nbsp; M\u00e1rcia Lit\u00e9rio \u00e9 formada em Desenho Pedag\u00f3gico. Fez cursos de Desenho e Composi\u00e7\u00e3o, com I. Zaminski, workshop de figura humana com Leila Pugnaloni, t\u00e9cnicas pict\u00f3ricas integradas com Jo\u00e3o Rossi, entre outros cursos. Participa de exposi\u00e7\u00f5es individuais e [&hellip;]<\/p>\n","protected":false},"featured_media":4709,"template":"","meta":[],"product_brand":[],"product_cat":[117],"product_tag":[],"class_list":{"0":"post-4708","1":"product","2":"type-product","3":"status-publish","4":"has-post-thumbnail","6":"product_cat-galeria","7":"pa_artista-marcia-literio","8":"pa_estilo-figurativo","9":"pa_tecnica-acrilica-sobre-tela","11":"first","12":"instock","13":"shipping-taxable","14":"purchasable","15":"product-type-simple"},"yoast_head":"<!-- This site is optimized with the Yoast SEO plugin v27.4 - https:\/\/yoast.com\/product\/yoast-seo-wordpress\/ -->\n<title>M\u00e1rcia Lit\u00e9rio - Janela com Arco Canga de Boi - Solar do Ros\u00e1rio Galeria \\\\\\\\Nova<\/title>\n<meta name=\"robots\" content=\"index, follow, max-snippet:-1, max-image-preview:large, max-video-preview:-1\" \/>\n<link rel=\"canonical\" href=\"https:\/\/solardorosario.com.br\/galeria\/produto\/marcia-literio-janela-com-arco-canga-de-boi\/\" \/>\n<meta property=\"og:locale\" content=\"pt_BR\" \/>\n<meta property=\"og:type\" content=\"article\" \/>\n<meta property=\"og:title\" content=\"M\u00e1rcia Lit\u00e9rio - Janela com Arco Canga de Boi - Solar do Ros\u00e1rio Galeria \\\\\\\\Nova\" \/>\n<meta property=\"og:description\" content=\"Artista: Marcia Lit\u00e9rio T\u00edtulo: Janela com Arco Canga de Boi Dimens\u00e3o: 34x23cm T\u00e9cnica: Acr\u00edlica sobre tela &nbsp; &nbsp; M\u00e1rcia Lit\u00e9rio \u00e9 formada em Desenho Pedag\u00f3gico. Fez cursos de Desenho e Composi\u00e7\u00e3o, com I. Zaminski, workshop de figura humana com Leila Pugnaloni, t\u00e9cnicas pict\u00f3ricas integradas com Jo\u00e3o Rossi, entre outros cursos. Participa de exposi\u00e7\u00f5es individuais e [&hellip;]\" \/>\n<meta property=\"og:url\" content=\"https:\/\/solardorosario.com.br\/galeria\/produto\/marcia-literio-janela-com-arco-canga-de-boi\/\" \/>\n<meta property=\"og:site_name\" content=\"Solar do Ros\u00e1rio Galeria \\\\\\\\Nova\" \/>\n<meta property=\"article:modified_time\" content=\"2026-04-07T13:12:39+00:00\" \/>\n<meta property=\"og:image\" content=\"https:\/\/solardorosario.com.br\/galeria\/wp-content\/uploads\/2024\/04\/4326.jpg\" \/>\n\t<meta property=\"og:image:width\" content=\"1429\" \/>\n\t<meta property=\"og:image:height\" content=\"1500\" \/>\n\t<meta property=\"og:image:type\" content=\"image\/jpeg\" \/>\n<meta name=\"twitter:card\" content=\"summary_large_image\" \/>\n<meta name=\"twitter:label1\" content=\"Est. tempo de leitura\" \/>\n\t<meta name=\"twitter:data1\" content=\"1 minuto\" \/>\n<script type=\"application\/ld+json\" class=\"yoast-schema-graph\">{\"@context\":\"https:\\\/\\\/schema.org\",\"@graph\":[{\"@type\":\"WebPage\",\"@id\":\"https:\\\/\\\/solardorosario.com.br\\\/galeria\\\/produto\\\/marcia-literio-janela-com-arco-canga-de-boi\\\/\",\"url\":\"https:\\\/\\\/solardorosario.com.br\\\/galeria\\\/produto\\\/marcia-literio-janela-com-arco-canga-de-boi\\\/\",\"name\":\"M\u00e1rcia Lit\u00e9rio - Janela com Arco Canga de Boi - Solar do Ros\u00e1rio Galeria \\\\\\\\\\\\\\\\Nova\",\"isPartOf\":{\"@id\":\"https:\\\/\\\/solardorosario.com.br\\\/galeria\\\/#website\"},\"primaryImageOfPage\":{\"@id\":\"https:\\\/\\\/solardorosario.com.br\\\/galeria\\\/produto\\\/marcia-literio-janela-com-arco-canga-de-boi\\\/#primaryimage\"},\"image\":{\"@id\":\"https:\\\/\\\/solardorosario.com.br\\\/galeria\\\/produto\\\/marcia-literio-janela-com-arco-canga-de-boi\\\/#primaryimage\"},\"thumbnailUrl\":\"https:\\\/\\\/solardorosario.com.br\\\/galeria\\\/wp-content\\\/uploads\\\/2024\\\/04\\\/4326.jpg\",\"datePublished\":\"2024-04-22T19:18:42+00:00\",\"dateModified\":\"2026-04-07T13:12:39+00:00\",\"breadcrumb\":{\"@id\":\"https:\\\/\\\/solardorosario.com.br\\\/galeria\\\/produto\\\/marcia-literio-janela-com-arco-canga-de-boi\\\/#breadcrumb\"},\"inLanguage\":\"pt-BR\",\"potentialAction\":[{\"@type\":\"ReadAction\",\"target\":[\"https:\\\/\\\/solardorosario.com.br\\\/galeria\\\/produto\\\/marcia-literio-janela-com-arco-canga-de-boi\\\/\"]}]},{\"@type\":\"ImageObject\",\"inLanguage\":\"pt-BR\",\"@id\":\"https:\\\/\\\/solardorosario.com.br\\\/galeria\\\/produto\\\/marcia-literio-janela-com-arco-canga-de-boi\\\/#primaryimage\",\"url\":\"https:\\\/\\\/solardorosario.com.br\\\/galeria\\\/wp-content\\\/uploads\\\/2024\\\/04\\\/4326.jpg\",\"contentUrl\":\"https:\\\/\\\/solardorosario.com.br\\\/galeria\\\/wp-content\\\/uploads\\\/2024\\\/04\\\/4326.jpg\",\"width\":1429,\"height\":1500},{\"@type\":\"BreadcrumbList\",\"@id\":\"https:\\\/\\\/solardorosario.com.br\\\/galeria\\\/produto\\\/marcia-literio-janela-com-arco-canga-de-boi\\\/#breadcrumb\",\"itemListElement\":[{\"@type\":\"ListItem\",\"position\":1,\"name\":\"In\u00edcio\",\"item\":\"https:\\\/\\\/solardorosario.com.br\\\/galeria\\\/\"},{\"@type\":\"ListItem\",\"position\":2,\"name\":\"galeria\",\"item\":\"https:\\\/\\\/solardorosario.com.br\\\/galeria\\\/galeria\\\/\"},{\"@type\":\"ListItem\",\"position\":3,\"name\":\"M\u00e1rcia Lit\u00e9rio - Janela com Arco Canga de Boi\"}]},{\"@type\":\"WebSite\",\"@id\":\"https:\\\/\\\/solardorosario.com.br\\\/galeria\\\/#website\",\"url\":\"https:\\\/\\\/solardorosario.com.br\\\/galeria\\\/\",\"name\":\"Solar do Ros\u00e1rio Galeria \\\\\\\\\\\\\\\\Nova\",\"description\":\"\",\"potentialAction\":[{\"@type\":\"SearchAction\",\"target\":{\"@type\":\"EntryPoint\",\"urlTemplate\":\"https:\\\/\\\/solardorosario.com.br\\\/galeria\\\/?s={search_term_string}\"},\"query-input\":{\"@type\":\"PropertyValueSpecification\",\"valueRequired\":true,\"valueName\":\"search_term_string\"}}],\"inLanguage\":\"pt-BR\"}]}<\/script>\n<!-- \/ Yoast SEO plugin. -->","yoast_head_json":{"title":"M\u00e1rcia Lit\u00e9rio - Janela com Arco Canga de Boi - Solar do Ros\u00e1rio Galeria \\\\\\\\Nova","robots":{"index":"index","follow":"follow","max-snippet":"max-snippet:-1","max-image-preview":"max-image-preview:large","max-video-preview":"max-video-preview:-1"},"canonical":"https:\/\/solardorosario.com.br\/galeria\/produto\/marcia-literio-janela-com-arco-canga-de-boi\/","og_locale":"pt_BR","og_type":"article","og_title":"M\u00e1rcia Lit\u00e9rio - Janela com Arco Canga de Boi - Solar do Ros\u00e1rio Galeria \\\\\\\\Nova","og_description":"Artista: Marcia Lit\u00e9rio T\u00edtulo: Janela com Arco Canga de Boi Dimens\u00e3o: 34x23cm T\u00e9cnica: Acr\u00edlica sobre tela &nbsp; &nbsp; M\u00e1rcia Lit\u00e9rio \u00e9 formada em Desenho Pedag\u00f3gico. Fez cursos de Desenho e Composi\u00e7\u00e3o, com I. Zaminski, workshop de figura humana com Leila Pugnaloni, t\u00e9cnicas pict\u00f3ricas integradas com Jo\u00e3o Rossi, entre outros cursos. Participa de exposi\u00e7\u00f5es individuais e [&hellip;]","og_url":"https:\/\/solardorosario.com.br\/galeria\/produto\/marcia-literio-janela-com-arco-canga-de-boi\/","og_site_name":"Solar do Ros\u00e1rio Galeria \\\\\\\\Nova","article_modified_time":"2026-04-07T13:12:39+00:00","og_image":[{"width":1429,"height":1500,"url":"https:\/\/solardorosario.com.br\/galeria\/wp-content\/uploads\/2024\/04\/4326.jpg","type":"image\/jpeg"}],"twitter_card":"summary_large_image","twitter_misc":{"Est. tempo de leitura":"1 minuto"},"schema":{"@context":"https:\/\/schema.org","@graph":[{"@type":"WebPage","@id":"https:\/\/solardorosario.com.br\/galeria\/produto\/marcia-literio-janela-com-arco-canga-de-boi\/","url":"https:\/\/solardorosario.com.br\/galeria\/produto\/marcia-literio-janela-com-arco-canga-de-boi\/","name":"M\u00e1rcia Lit\u00e9rio - Janela com Arco Canga de Boi - Solar do Ros\u00e1rio Galeria \\\\\\\\Nova","isPartOf":{"@id":"https:\/\/solardorosario.com.br\/galeria\/#website"},"primaryImageOfPage":{"@id":"https:\/\/solardorosario.com.br\/galeria\/produto\/marcia-literio-janela-com-arco-canga-de-boi\/#primaryimage"},"image":{"@id":"https:\/\/solardorosario.com.br\/galeria\/produto\/marcia-literio-janela-com-arco-canga-de-boi\/#primaryimage"},"thumbnailUrl":"https:\/\/solardorosario.com.br\/galeria\/wp-content\/uploads\/2024\/04\/4326.jpg","datePublished":"2024-04-22T19:18:42+00:00","dateModified":"2026-04-07T13:12:39+00:00","breadcrumb":{"@id":"https:\/\/solardorosario.com.br\/galeria\/produto\/marcia-literio-janela-com-arco-canga-de-boi\/#breadcrumb"},"inLanguage":"pt-BR","potentialAction":[{"@type":"ReadAction","target":["https:\/\/solardorosario.com.br\/galeria\/produto\/marcia-literio-janela-com-arco-canga-de-boi\/"]}]},{"@type":"ImageObject","inLanguage":"pt-BR","@id":"https:\/\/solardorosario.com.br\/galeria\/produto\/marcia-literio-janela-com-arco-canga-de-boi\/#primaryimage","url":"https:\/\/solardorosario.com.br\/galeria\/wp-content\/uploads\/2024\/04\/4326.jpg","contentUrl":"https:\/\/solardorosario.com.br\/galeria\/wp-content\/uploads\/2024\/04\/4326.jpg","width":1429,"height":1500},{"@type":"BreadcrumbList","@id":"https:\/\/solardorosario.com.br\/galeria\/produto\/marcia-literio-janela-com-arco-canga-de-boi\/#breadcrumb","itemListElement":[{"@type":"ListItem","position":1,"name":"In\u00edcio","item":"https:\/\/solardorosario.com.br\/galeria\/"},{"@type":"ListItem","position":2,"name":"galeria","item":"https:\/\/solardorosario.com.br\/galeria\/galeria\/"},{"@type":"ListItem","position":3,"name":"M\u00e1rcia Lit\u00e9rio - Janela com Arco Canga de Boi"}]},{"@type":"WebSite","@id":"https:\/\/solardorosario.com.br\/galeria\/#website","url":"https:\/\/solardorosario.com.br\/galeria\/","name":"Solar do Ros\u00e1rio Galeria \\\\\\\\Nova","description":"","potentialAction":[{"@type":"SearchAction","target":{"@type":"EntryPoint","urlTemplate":"https:\/\/solardorosario.com.br\/galeria\/?s={search_term_string}"},"query-input":{"@type":"PropertyValueSpecification","valueRequired":true,"valueName":"search_term_string"}}],"inLanguage":"pt-BR"}]}},"_links":{"self":[{"href":"https:\/\/solardorosario.com.br\/galeria\/wp-json\/wp\/v2\/product\/4708","targetHints":{"allow":["GET"]}}],"collection":[{"href":"https:\/\/solardorosario.com.br\/galeria\/wp-json\/wp\/v2\/product"}],"about":[{"href":"https:\/\/solardorosario.com.br\/galeria\/wp-json\/wp\/v2\/types\/product"}],"wp:featuredmedia":[{"embeddable":true,"href":"https:\/\/solardorosario.com.br\/galeria\/wp-json\/wp\/v2\/media\/4709"}],"wp:attachment":[{"href":"https:\/\/solardorosario.com.br\/galeria\/wp-json\/wp\/v2\/media?parent=4708"}],"wp:term":[{"taxonomy":"product_brand","embeddable":true,"href":"https:\/\/solardorosario.com.br\/galeria\/wp-json\/wp\/v2\/product_brand?post=4708"},{"taxonomy":"product_cat","embeddable":true,"href":"https:\/\/solardorosario.com.br\/galeria\/wp-json\/wp\/v2\/product_cat?post=4708"},{"taxonomy":"product_tag","embeddable":true,"href":"https:\/\/solardorosario.com.br\/galeria\/wp-json\/wp\/v2\/product_tag?post=4708"}],"curies":[{"name":"wp","href":"https:\/\/api.w.org\/{rel}","templated":true}]}}