{"id":4619,"date":"2024-04-16T11:15:39","date_gmt":"2024-04-16T14:15:39","guid":{"rendered":"https:\/\/solardorosario.com.br\/galeria\/?post_type=product&#038;p=4619"},"modified":"2026-04-15T14:03:45","modified_gmt":"2026-04-15T17:03:45","slug":"rogerio-borges-corpo-flutuante","status":"publish","type":"product","link":"https:\/\/solardorosario.com.br\/galeria\/produto\/rogerio-borges-corpo-flutuante\/","title":{"rendered":"Rog\u00e9rio Borges - Corpo Flutuante"},"content":{"rendered":"<p><strong>Artista:<\/strong> Rog\u00e9rio Borges<\/p>\n<p><strong>T\u00edtulo:<\/strong> Corpo Flutuante<\/p>\n<p><strong>Dimens\u00e3o:<\/strong> 80x60cm<\/p>\n<p><strong>T\u00e9cnica:<\/strong> Mista sobre tela (sem moldura)<\/p>\n<p>&nbsp;<\/p>\n<p>&nbsp;<\/p>\n<p>Rog\u00e9rio Borges \u00e9 um artista visual e escritor, e nasceu em Curitiba, em 1951. Em 1971, fez o curso de Comunica\u00e7\u00e3o Visual na Faculdade Armando \u00c1lvares Penteado (FAAP). Entre 1972 e 1974, trabalhou como diretor de arte e desenvolvimento de projetos e cria\u00e7\u00e3o gr\u00e1ficas da editora Bloch e do grupo Sesame Street. E em 1978, participou na 1\u00aa Exposi\u00e7\u00e3o do Clube dos Ilustradores do Brasil no Museu de Arte de S\u00e3o Paulo Assis Chateaubriand (MASP). Em 1983, participou da exposi\u00e7\u00e3o dos ilustradores da Arte Fant\u00e1stica, no Museu da Imagem e do Som (MIS) em S\u00e3o Paulo. No ano seguinte, exp\u00f4s \"A Ilustra\u00e7\u00e3o e seus processos\" no Sal\u00e3o de Mostras do SESC-SP. Em 1987, recebeu o Pr\u00eamio Associa\u00e7\u00e3o Paulista dos Cr\u00edticos de Arte (APCA), pela Melhor Cole\u00e7\u00e3o de Livros sem Texto - S\u00e9rie \"Bons Tempos\". Em 1994, participou da uma exposi\u00e7\u00e3o de ilustradores e designers gr\u00e1ficos brasileiros em Frankfurt, na Alemanha. Em 1995, participou no 51\u00ba Sal\u00e3o Paranaense do Museu de Arte Contempor\u00e2nea do Paran\u00e1 (MAC-PR), em Curitiba.<\/p>\n","protected":false},"excerpt":{"rendered":"<p>Artista: Rog\u00e9rio Borges T\u00edtulo: Corpo Flutuante Dimens\u00e3o: 80x60cm T\u00e9cnica: Mista sobre tela (sem moldura) &nbsp; &nbsp; Rog\u00e9rio Borges \u00e9 um artista visual e escritor, e nasceu em Curitiba, em 1951. Em 1971, fez o curso de Comunica\u00e7\u00e3o Visual na Faculdade Armando \u00c1lvares Penteado (FAAP). Entre 1972 e 1974, trabalhou como diretor de arte e desenvolvimento [&hellip;]<\/p>\n","protected":false},"featured_media":4620,"template":"","meta":[],"product_brand":[],"product_cat":[117],"product_tag":[],"class_list":{"0":"post-4619","1":"product","2":"type-product","3":"status-publish","4":"has-post-thumbnail","6":"product_cat-galeria","7":"pa_artista-rogerio-borges","8":"pa_estilo-figura-humana","9":"pa_estilo-figurativo","10":"pa_tecnica-mista-sobre-tela","12":"first","13":"instock","14":"shipping-taxable","15":"purchasable","16":"product-type-simple"},"yoast_head":"<!-- This site is optimized with the Yoast SEO plugin v27.4 - https:\/\/yoast.com\/product\/yoast-seo-wordpress\/ -->\n<title>Rog\u00e9rio Borges - Corpo Flutuante - Solar do Ros\u00e1rio Galeria \\\\\\\\Nova<\/title>\n<meta name=\"robots\" content=\"index, follow, max-snippet:-1, max-image-preview:large, max-video-preview:-1\" \/>\n<link rel=\"canonical\" href=\"https:\/\/solardorosario.com.br\/galeria\/produto\/rogerio-borges-corpo-flutuante\/\" \/>\n<meta property=\"og:locale\" content=\"pt_BR\" \/>\n<meta property=\"og:type\" content=\"article\" \/>\n<meta property=\"og:title\" content=\"Rog\u00e9rio Borges - Corpo Flutuante - Solar do Ros\u00e1rio Galeria \\\\\\\\Nova\" \/>\n<meta property=\"og:description\" content=\"Artista: Rog\u00e9rio Borges T\u00edtulo: Corpo Flutuante Dimens\u00e3o: 80x60cm T\u00e9cnica: Mista sobre tela (sem moldura) &nbsp; &nbsp; Rog\u00e9rio Borges \u00e9 um artista visual e escritor, e nasceu em Curitiba, em 1951. Em 1971, fez o curso de Comunica\u00e7\u00e3o Visual na Faculdade Armando \u00c1lvares Penteado (FAAP). Entre 1972 e 1974, trabalhou como diretor de arte e desenvolvimento [&hellip;]\" \/>\n<meta property=\"og:url\" content=\"https:\/\/solardorosario.com.br\/galeria\/produto\/rogerio-borges-corpo-flutuante\/\" \/>\n<meta property=\"og:site_name\" content=\"Solar do Ros\u00e1rio Galeria \\\\\\\\Nova\" \/>\n<meta property=\"article:modified_time\" content=\"2026-04-15T17:03:45+00:00\" \/>\n<meta property=\"og:image\" content=\"https:\/\/solardorosario.com.br\/galeria\/wp-content\/uploads\/2024\/04\/2170.jpg\" \/>\n\t<meta property=\"og:image:width\" content=\"1477\" \/>\n\t<meta property=\"og:image:height\" content=\"1500\" \/>\n\t<meta property=\"og:image:type\" content=\"image\/jpeg\" \/>\n<meta name=\"twitter:card\" content=\"summary_large_image\" \/>\n<meta name=\"twitter:label1\" content=\"Est. tempo de leitura\" \/>\n\t<meta name=\"twitter:data1\" content=\"2 minutos\" \/>\n<script type=\"application\/ld+json\" class=\"yoast-schema-graph\">{\"@context\":\"https:\\\/\\\/schema.org\",\"@graph\":[{\"@type\":\"WebPage\",\"@id\":\"https:\\\/\\\/solardorosario.com.br\\\/galeria\\\/produto\\\/rogerio-borges-corpo-flutuante\\\/\",\"url\":\"https:\\\/\\\/solardorosario.com.br\\\/galeria\\\/produto\\\/rogerio-borges-corpo-flutuante\\\/\",\"name\":\"Rog\u00e9rio Borges - Corpo Flutuante - Solar do Ros\u00e1rio Galeria \\\\\\\\\\\\\\\\Nova\",\"isPartOf\":{\"@id\":\"https:\\\/\\\/solardorosario.com.br\\\/galeria\\\/#website\"},\"primaryImageOfPage\":{\"@id\":\"https:\\\/\\\/solardorosario.com.br\\\/galeria\\\/produto\\\/rogerio-borges-corpo-flutuante\\\/#primaryimage\"},\"image\":{\"@id\":\"https:\\\/\\\/solardorosario.com.br\\\/galeria\\\/produto\\\/rogerio-borges-corpo-flutuante\\\/#primaryimage\"},\"thumbnailUrl\":\"https:\\\/\\\/solardorosario.com.br\\\/galeria\\\/wp-content\\\/uploads\\\/2024\\\/04\\\/2170.jpg\",\"datePublished\":\"2024-04-16T14:15:39+00:00\",\"dateModified\":\"2026-04-15T17:03:45+00:00\",\"breadcrumb\":{\"@id\":\"https:\\\/\\\/solardorosario.com.br\\\/galeria\\\/produto\\\/rogerio-borges-corpo-flutuante\\\/#breadcrumb\"},\"inLanguage\":\"pt-BR\",\"potentialAction\":[{\"@type\":\"ReadAction\",\"target\":[\"https:\\\/\\\/solardorosario.com.br\\\/galeria\\\/produto\\\/rogerio-borges-corpo-flutuante\\\/\"]}]},{\"@type\":\"ImageObject\",\"inLanguage\":\"pt-BR\",\"@id\":\"https:\\\/\\\/solardorosario.com.br\\\/galeria\\\/produto\\\/rogerio-borges-corpo-flutuante\\\/#primaryimage\",\"url\":\"https:\\\/\\\/solardorosario.com.br\\\/galeria\\\/wp-content\\\/uploads\\\/2024\\\/04\\\/2170.jpg\",\"contentUrl\":\"https:\\\/\\\/solardorosario.com.br\\\/galeria\\\/wp-content\\\/uploads\\\/2024\\\/04\\\/2170.jpg\",\"width\":1477,\"height\":1500},{\"@type\":\"BreadcrumbList\",\"@id\":\"https:\\\/\\\/solardorosario.com.br\\\/galeria\\\/produto\\\/rogerio-borges-corpo-flutuante\\\/#breadcrumb\",\"itemListElement\":[{\"@type\":\"ListItem\",\"position\":1,\"name\":\"In\u00edcio\",\"item\":\"https:\\\/\\\/solardorosario.com.br\\\/galeria\\\/\"},{\"@type\":\"ListItem\",\"position\":2,\"name\":\"galeria\",\"item\":\"https:\\\/\\\/solardorosario.com.br\\\/galeria\\\/galeria\\\/\"},{\"@type\":\"ListItem\",\"position\":3,\"name\":\"Rog\u00e9rio Borges - Corpo Flutuante\"}]},{\"@type\":\"WebSite\",\"@id\":\"https:\\\/\\\/solardorosario.com.br\\\/galeria\\\/#website\",\"url\":\"https:\\\/\\\/solardorosario.com.br\\\/galeria\\\/\",\"name\":\"Solar do Ros\u00e1rio Galeria \\\\\\\\\\\\\\\\Nova\",\"description\":\"\",\"potentialAction\":[{\"@type\":\"SearchAction\",\"target\":{\"@type\":\"EntryPoint\",\"urlTemplate\":\"https:\\\/\\\/solardorosario.com.br\\\/galeria\\\/?s={search_term_string}\"},\"query-input\":{\"@type\":\"PropertyValueSpecification\",\"valueRequired\":true,\"valueName\":\"search_term_string\"}}],\"inLanguage\":\"pt-BR\"}]}<\/script>\n<!-- \/ Yoast SEO plugin. -->","yoast_head_json":{"title":"Rog\u00e9rio Borges - Corpo Flutuante - Solar do Ros\u00e1rio Galeria \\\\\\\\Nova","robots":{"index":"index","follow":"follow","max-snippet":"max-snippet:-1","max-image-preview":"max-image-preview:large","max-video-preview":"max-video-preview:-1"},"canonical":"https:\/\/solardorosario.com.br\/galeria\/produto\/rogerio-borges-corpo-flutuante\/","og_locale":"pt_BR","og_type":"article","og_title":"Rog\u00e9rio Borges - Corpo Flutuante - Solar do Ros\u00e1rio Galeria \\\\\\\\Nova","og_description":"Artista: Rog\u00e9rio Borges T\u00edtulo: Corpo Flutuante Dimens\u00e3o: 80x60cm T\u00e9cnica: Mista sobre tela (sem moldura) &nbsp; &nbsp; Rog\u00e9rio Borges \u00e9 um artista visual e escritor, e nasceu em Curitiba, em 1951. Em 1971, fez o curso de Comunica\u00e7\u00e3o Visual na Faculdade Armando \u00c1lvares Penteado (FAAP). Entre 1972 e 1974, trabalhou como diretor de arte e desenvolvimento [&hellip;]","og_url":"https:\/\/solardorosario.com.br\/galeria\/produto\/rogerio-borges-corpo-flutuante\/","og_site_name":"Solar do Ros\u00e1rio Galeria \\\\\\\\Nova","article_modified_time":"2026-04-15T17:03:45+00:00","og_image":[{"width":1477,"height":1500,"url":"https:\/\/solardorosario.com.br\/galeria\/wp-content\/uploads\/2024\/04\/2170.jpg","type":"image\/jpeg"}],"twitter_card":"summary_large_image","twitter_misc":{"Est. tempo de leitura":"2 minutos"},"schema":{"@context":"https:\/\/schema.org","@graph":[{"@type":"WebPage","@id":"https:\/\/solardorosario.com.br\/galeria\/produto\/rogerio-borges-corpo-flutuante\/","url":"https:\/\/solardorosario.com.br\/galeria\/produto\/rogerio-borges-corpo-flutuante\/","name":"Rog\u00e9rio Borges - Corpo Flutuante - Solar do Ros\u00e1rio Galeria \\\\\\\\Nova","isPartOf":{"@id":"https:\/\/solardorosario.com.br\/galeria\/#website"},"primaryImageOfPage":{"@id":"https:\/\/solardorosario.com.br\/galeria\/produto\/rogerio-borges-corpo-flutuante\/#primaryimage"},"image":{"@id":"https:\/\/solardorosario.com.br\/galeria\/produto\/rogerio-borges-corpo-flutuante\/#primaryimage"},"thumbnailUrl":"https:\/\/solardorosario.com.br\/galeria\/wp-content\/uploads\/2024\/04\/2170.jpg","datePublished":"2024-04-16T14:15:39+00:00","dateModified":"2026-04-15T17:03:45+00:00","breadcrumb":{"@id":"https:\/\/solardorosario.com.br\/galeria\/produto\/rogerio-borges-corpo-flutuante\/#breadcrumb"},"inLanguage":"pt-BR","potentialAction":[{"@type":"ReadAction","target":["https:\/\/solardorosario.com.br\/galeria\/produto\/rogerio-borges-corpo-flutuante\/"]}]},{"@type":"ImageObject","inLanguage":"pt-BR","@id":"https:\/\/solardorosario.com.br\/galeria\/produto\/rogerio-borges-corpo-flutuante\/#primaryimage","url":"https:\/\/solardorosario.com.br\/galeria\/wp-content\/uploads\/2024\/04\/2170.jpg","contentUrl":"https:\/\/solardorosario.com.br\/galeria\/wp-content\/uploads\/2024\/04\/2170.jpg","width":1477,"height":1500},{"@type":"BreadcrumbList","@id":"https:\/\/solardorosario.com.br\/galeria\/produto\/rogerio-borges-corpo-flutuante\/#breadcrumb","itemListElement":[{"@type":"ListItem","position":1,"name":"In\u00edcio","item":"https:\/\/solardorosario.com.br\/galeria\/"},{"@type":"ListItem","position":2,"name":"galeria","item":"https:\/\/solardorosario.com.br\/galeria\/galeria\/"},{"@type":"ListItem","position":3,"name":"Rog\u00e9rio Borges - Corpo Flutuante"}]},{"@type":"WebSite","@id":"https:\/\/solardorosario.com.br\/galeria\/#website","url":"https:\/\/solardorosario.com.br\/galeria\/","name":"Solar do Ros\u00e1rio Galeria \\\\\\\\Nova","description":"","potentialAction":[{"@type":"SearchAction","target":{"@type":"EntryPoint","urlTemplate":"https:\/\/solardorosario.com.br\/galeria\/?s={search_term_string}"},"query-input":{"@type":"PropertyValueSpecification","valueRequired":true,"valueName":"search_term_string"}}],"inLanguage":"pt-BR"}]}},"_links":{"self":[{"href":"https:\/\/solardorosario.com.br\/galeria\/wp-json\/wp\/v2\/product\/4619","targetHints":{"allow":["GET"]}}],"collection":[{"href":"https:\/\/solardorosario.com.br\/galeria\/wp-json\/wp\/v2\/product"}],"about":[{"href":"https:\/\/solardorosario.com.br\/galeria\/wp-json\/wp\/v2\/types\/product"}],"wp:featuredmedia":[{"embeddable":true,"href":"https:\/\/solardorosario.com.br\/galeria\/wp-json\/wp\/v2\/media\/4620"}],"wp:attachment":[{"href":"https:\/\/solardorosario.com.br\/galeria\/wp-json\/wp\/v2\/media?parent=4619"}],"wp:term":[{"taxonomy":"product_brand","embeddable":true,"href":"https:\/\/solardorosario.com.br\/galeria\/wp-json\/wp\/v2\/product_brand?post=4619"},{"taxonomy":"product_cat","embeddable":true,"href":"https:\/\/solardorosario.com.br\/galeria\/wp-json\/wp\/v2\/product_cat?post=4619"},{"taxonomy":"product_tag","embeddable":true,"href":"https:\/\/solardorosario.com.br\/galeria\/wp-json\/wp\/v2\/product_tag?post=4619"}],"curies":[{"name":"wp","href":"https:\/\/api.w.org\/{rel}","templated":true}]}}