{"id":4590,"date":"2024-04-08T11:33:30","date_gmt":"2024-04-08T14:33:30","guid":{"rendered":"https:\/\/solardorosario.com.br\/galeria\/?post_type=product&#038;p=4590"},"modified":"2026-03-23T14:28:42","modified_gmt":"2026-03-23T17:28:42","slug":"erico-da-silva-cercanias","status":"publish","type":"product","link":"https:\/\/solardorosario.com.br\/galeria\/produto\/erico-da-silva-cercanias\/","title":{"rendered":"Erico da Silva - Cercanias"},"content":{"rendered":"<p><strong>Artista:<\/strong> Erico da Silva<\/p>\n<p><strong>T\u00edtulo:<\/strong> Cercanias<\/p>\n<p><strong>Dimens\u00e3o:<\/strong> 70x50cm<\/p>\n<p><strong>T\u00e9cnica:<\/strong> Acr\u00edlica sobre tela<\/p>\n<p>&nbsp;<\/p>\n<p>&nbsp;<\/p>\n<p>Nasceu em Itaja\u00ed - SC, em 1932. \u00c9 artista visual, pintor, cen\u00f3grafo, vitrinista, ourives, cartazista e ilustrador. Radicado em Curitiba a partir de 1949, e frequenta o c\u00edrculo das artes visuais e o Centro de Gravura do Paran\u00e1, a partir de 1959. Em 1960, faz sua primeira exposi\u00e7\u00e3o individual e integra o Grupo Um, junto com artistas renomados como Alberto Massuda, Ren\u00e9 Bittencourt e Waldemar Rosa. Participa de diversas exposi\u00e7\u00f5es individuais em Curitiba, Rio de Janeiro, Florian\u00f3polis, Londrina, Bras\u00edlia, Blumenau, Joinville, Lisboa (Portugal), San Diego (EUA), Frankfurt e Bonn (Alemanha). As exposi\u00e7\u00f5es coletivas foram em Curitiba, S\u00e3o Paulo, Porto Alegre, Rio de Janeiro, Santos, Londrina, Paranagu\u00e1, Campinas, Bras\u00edlia e Florian\u00f3polis. Recebeu o 1\u00ba lugar no Sal\u00e3o dos Novos e o 2\u00ba pr\u00eamio no Sal\u00e3o de Belas Artes de Curitiba.<\/p>\n","protected":false},"excerpt":{"rendered":"<p>Artista: Erico da Silva T\u00edtulo: Cercanias Dimens\u00e3o: 70x50cm T\u00e9cnica: Acr\u00edlica sobre tela &nbsp; &nbsp; Nasceu em Itaja\u00ed - SC, em 1932. \u00c9 artista visual, pintor, cen\u00f3grafo, vitrinista, ourives, cartazista e ilustrador. Radicado em Curitiba a partir de 1949, e frequenta o c\u00edrculo das artes visuais e o Centro de Gravura do Paran\u00e1, a partir de [&hellip;]<\/p>\n","protected":false},"featured_media":4591,"template":"","meta":[],"product_brand":[],"product_cat":[117],"product_tag":[],"class_list":{"0":"post-4590","1":"product","2":"type-product","3":"status-publish","4":"has-post-thumbnail","6":"product_cat-galeria","7":"pa_artista-erico-da-silva","8":"pa_estilo-figurativo-paisagem","9":"pa_tecnica-acrilica-sobre-tela","11":"first","12":"instock","13":"shipping-taxable","14":"purchasable","15":"product-type-simple"},"yoast_head":"<!-- This site is optimized with the Yoast SEO plugin v27.4 - https:\/\/yoast.com\/product\/yoast-seo-wordpress\/ -->\n<title>Erico da Silva - Cercanias - Solar do Ros\u00e1rio Galeria \\\\\\\\Nova<\/title>\n<meta name=\"robots\" content=\"index, follow, max-snippet:-1, max-image-preview:large, max-video-preview:-1\" \/>\n<link rel=\"canonical\" href=\"https:\/\/solardorosario.com.br\/galeria\/produto\/erico-da-silva-cercanias\/\" \/>\n<meta property=\"og:locale\" content=\"pt_BR\" \/>\n<meta property=\"og:type\" content=\"article\" \/>\n<meta property=\"og:title\" content=\"Erico da Silva - Cercanias - Solar do Ros\u00e1rio Galeria \\\\\\\\Nova\" \/>\n<meta property=\"og:description\" content=\"Artista: Erico da Silva T\u00edtulo: Cercanias Dimens\u00e3o: 70x50cm T\u00e9cnica: Acr\u00edlica sobre tela &nbsp; &nbsp; Nasceu em Itaja\u00ed - SC, em 1932. \u00c9 artista visual, pintor, cen\u00f3grafo, vitrinista, ourives, cartazista e ilustrador. Radicado em Curitiba a partir de 1949, e frequenta o c\u00edrculo das artes visuais e o Centro de Gravura do Paran\u00e1, a partir de [&hellip;]\" \/>\n<meta property=\"og:url\" content=\"https:\/\/solardorosario.com.br\/galeria\/produto\/erico-da-silva-cercanias\/\" \/>\n<meta property=\"og:site_name\" content=\"Solar do Ros\u00e1rio Galeria \\\\\\\\Nova\" \/>\n<meta property=\"article:modified_time\" content=\"2026-03-23T17:28:42+00:00\" \/>\n<meta property=\"og:image\" content=\"https:\/\/solardorosario.com.br\/galeria\/wp-content\/uploads\/2024\/04\/Imagem-do-WhatsApp-de-2024-04-08-as-10.45.27_6f78ba64.jpg\" \/>\n\t<meta property=\"og:image:width\" content=\"997\" \/>\n\t<meta property=\"og:image:height\" content=\"1280\" \/>\n\t<meta property=\"og:image:type\" content=\"image\/jpeg\" \/>\n<meta name=\"twitter:card\" content=\"summary_large_image\" \/>\n<meta name=\"twitter:label1\" content=\"Est. tempo de leitura\" \/>\n\t<meta name=\"twitter:data1\" content=\"1 minuto\" \/>\n<script type=\"application\/ld+json\" class=\"yoast-schema-graph\">{\"@context\":\"https:\\\/\\\/schema.org\",\"@graph\":[{\"@type\":\"WebPage\",\"@id\":\"https:\\\/\\\/solardorosario.com.br\\\/galeria\\\/produto\\\/erico-da-silva-cercanias\\\/\",\"url\":\"https:\\\/\\\/solardorosario.com.br\\\/galeria\\\/produto\\\/erico-da-silva-cercanias\\\/\",\"name\":\"Erico da Silva - Cercanias - Solar do Ros\u00e1rio Galeria \\\\\\\\\\\\\\\\Nova\",\"isPartOf\":{\"@id\":\"https:\\\/\\\/solardorosario.com.br\\\/galeria\\\/#website\"},\"primaryImageOfPage\":{\"@id\":\"https:\\\/\\\/solardorosario.com.br\\\/galeria\\\/produto\\\/erico-da-silva-cercanias\\\/#primaryimage\"},\"image\":{\"@id\":\"https:\\\/\\\/solardorosario.com.br\\\/galeria\\\/produto\\\/erico-da-silva-cercanias\\\/#primaryimage\"},\"thumbnailUrl\":\"https:\\\/\\\/solardorosario.com.br\\\/galeria\\\/wp-content\\\/uploads\\\/2024\\\/04\\\/Imagem-do-WhatsApp-de-2024-04-08-as-10.45.27_6f78ba64.jpg\",\"datePublished\":\"2024-04-08T14:33:30+00:00\",\"dateModified\":\"2026-03-23T17:28:42+00:00\",\"breadcrumb\":{\"@id\":\"https:\\\/\\\/solardorosario.com.br\\\/galeria\\\/produto\\\/erico-da-silva-cercanias\\\/#breadcrumb\"},\"inLanguage\":\"pt-BR\",\"potentialAction\":[{\"@type\":\"ReadAction\",\"target\":[\"https:\\\/\\\/solardorosario.com.br\\\/galeria\\\/produto\\\/erico-da-silva-cercanias\\\/\"]}]},{\"@type\":\"ImageObject\",\"inLanguage\":\"pt-BR\",\"@id\":\"https:\\\/\\\/solardorosario.com.br\\\/galeria\\\/produto\\\/erico-da-silva-cercanias\\\/#primaryimage\",\"url\":\"https:\\\/\\\/solardorosario.com.br\\\/galeria\\\/wp-content\\\/uploads\\\/2024\\\/04\\\/Imagem-do-WhatsApp-de-2024-04-08-as-10.45.27_6f78ba64.jpg\",\"contentUrl\":\"https:\\\/\\\/solardorosario.com.br\\\/galeria\\\/wp-content\\\/uploads\\\/2024\\\/04\\\/Imagem-do-WhatsApp-de-2024-04-08-as-10.45.27_6f78ba64.jpg\",\"width\":997,\"height\":1280},{\"@type\":\"BreadcrumbList\",\"@id\":\"https:\\\/\\\/solardorosario.com.br\\\/galeria\\\/produto\\\/erico-da-silva-cercanias\\\/#breadcrumb\",\"itemListElement\":[{\"@type\":\"ListItem\",\"position\":1,\"name\":\"In\u00edcio\",\"item\":\"https:\\\/\\\/solardorosario.com.br\\\/galeria\\\/\"},{\"@type\":\"ListItem\",\"position\":2,\"name\":\"galeria\",\"item\":\"https:\\\/\\\/solardorosario.com.br\\\/galeria\\\/galeria\\\/\"},{\"@type\":\"ListItem\",\"position\":3,\"name\":\"Erico da Silva - Cercanias\"}]},{\"@type\":\"WebSite\",\"@id\":\"https:\\\/\\\/solardorosario.com.br\\\/galeria\\\/#website\",\"url\":\"https:\\\/\\\/solardorosario.com.br\\\/galeria\\\/\",\"name\":\"Solar do Ros\u00e1rio Galeria \\\\\\\\\\\\\\\\Nova\",\"description\":\"\",\"potentialAction\":[{\"@type\":\"SearchAction\",\"target\":{\"@type\":\"EntryPoint\",\"urlTemplate\":\"https:\\\/\\\/solardorosario.com.br\\\/galeria\\\/?s={search_term_string}\"},\"query-input\":{\"@type\":\"PropertyValueSpecification\",\"valueRequired\":true,\"valueName\":\"search_term_string\"}}],\"inLanguage\":\"pt-BR\"}]}<\/script>\n<!-- \/ Yoast SEO plugin. -->","yoast_head_json":{"title":"Erico da Silva - Cercanias - Solar do Ros\u00e1rio Galeria \\\\\\\\Nova","robots":{"index":"index","follow":"follow","max-snippet":"max-snippet:-1","max-image-preview":"max-image-preview:large","max-video-preview":"max-video-preview:-1"},"canonical":"https:\/\/solardorosario.com.br\/galeria\/produto\/erico-da-silva-cercanias\/","og_locale":"pt_BR","og_type":"article","og_title":"Erico da Silva - Cercanias - Solar do Ros\u00e1rio Galeria \\\\\\\\Nova","og_description":"Artista: Erico da Silva T\u00edtulo: Cercanias Dimens\u00e3o: 70x50cm T\u00e9cnica: Acr\u00edlica sobre tela &nbsp; &nbsp; Nasceu em Itaja\u00ed - SC, em 1932. \u00c9 artista visual, pintor, cen\u00f3grafo, vitrinista, ourives, cartazista e ilustrador. Radicado em Curitiba a partir de 1949, e frequenta o c\u00edrculo das artes visuais e o Centro de Gravura do Paran\u00e1, a partir de [&hellip;]","og_url":"https:\/\/solardorosario.com.br\/galeria\/produto\/erico-da-silva-cercanias\/","og_site_name":"Solar do Ros\u00e1rio Galeria \\\\\\\\Nova","article_modified_time":"2026-03-23T17:28:42+00:00","og_image":[{"width":997,"height":1280,"url":"https:\/\/solardorosario.com.br\/galeria\/wp-content\/uploads\/2024\/04\/Imagem-do-WhatsApp-de-2024-04-08-as-10.45.27_6f78ba64.jpg","type":"image\/jpeg"}],"twitter_card":"summary_large_image","twitter_misc":{"Est. tempo de leitura":"1 minuto"},"schema":{"@context":"https:\/\/schema.org","@graph":[{"@type":"WebPage","@id":"https:\/\/solardorosario.com.br\/galeria\/produto\/erico-da-silva-cercanias\/","url":"https:\/\/solardorosario.com.br\/galeria\/produto\/erico-da-silva-cercanias\/","name":"Erico da Silva - Cercanias - Solar do Ros\u00e1rio Galeria \\\\\\\\Nova","isPartOf":{"@id":"https:\/\/solardorosario.com.br\/galeria\/#website"},"primaryImageOfPage":{"@id":"https:\/\/solardorosario.com.br\/galeria\/produto\/erico-da-silva-cercanias\/#primaryimage"},"image":{"@id":"https:\/\/solardorosario.com.br\/galeria\/produto\/erico-da-silva-cercanias\/#primaryimage"},"thumbnailUrl":"https:\/\/solardorosario.com.br\/galeria\/wp-content\/uploads\/2024\/04\/Imagem-do-WhatsApp-de-2024-04-08-as-10.45.27_6f78ba64.jpg","datePublished":"2024-04-08T14:33:30+00:00","dateModified":"2026-03-23T17:28:42+00:00","breadcrumb":{"@id":"https:\/\/solardorosario.com.br\/galeria\/produto\/erico-da-silva-cercanias\/#breadcrumb"},"inLanguage":"pt-BR","potentialAction":[{"@type":"ReadAction","target":["https:\/\/solardorosario.com.br\/galeria\/produto\/erico-da-silva-cercanias\/"]}]},{"@type":"ImageObject","inLanguage":"pt-BR","@id":"https:\/\/solardorosario.com.br\/galeria\/produto\/erico-da-silva-cercanias\/#primaryimage","url":"https:\/\/solardorosario.com.br\/galeria\/wp-content\/uploads\/2024\/04\/Imagem-do-WhatsApp-de-2024-04-08-as-10.45.27_6f78ba64.jpg","contentUrl":"https:\/\/solardorosario.com.br\/galeria\/wp-content\/uploads\/2024\/04\/Imagem-do-WhatsApp-de-2024-04-08-as-10.45.27_6f78ba64.jpg","width":997,"height":1280},{"@type":"BreadcrumbList","@id":"https:\/\/solardorosario.com.br\/galeria\/produto\/erico-da-silva-cercanias\/#breadcrumb","itemListElement":[{"@type":"ListItem","position":1,"name":"In\u00edcio","item":"https:\/\/solardorosario.com.br\/galeria\/"},{"@type":"ListItem","position":2,"name":"galeria","item":"https:\/\/solardorosario.com.br\/galeria\/galeria\/"},{"@type":"ListItem","position":3,"name":"Erico da Silva - Cercanias"}]},{"@type":"WebSite","@id":"https:\/\/solardorosario.com.br\/galeria\/#website","url":"https:\/\/solardorosario.com.br\/galeria\/","name":"Solar do Ros\u00e1rio Galeria \\\\\\\\Nova","description":"","potentialAction":[{"@type":"SearchAction","target":{"@type":"EntryPoint","urlTemplate":"https:\/\/solardorosario.com.br\/galeria\/?s={search_term_string}"},"query-input":{"@type":"PropertyValueSpecification","valueRequired":true,"valueName":"search_term_string"}}],"inLanguage":"pt-BR"}]}},"_links":{"self":[{"href":"https:\/\/solardorosario.com.br\/galeria\/wp-json\/wp\/v2\/product\/4590","targetHints":{"allow":["GET"]}}],"collection":[{"href":"https:\/\/solardorosario.com.br\/galeria\/wp-json\/wp\/v2\/product"}],"about":[{"href":"https:\/\/solardorosario.com.br\/galeria\/wp-json\/wp\/v2\/types\/product"}],"wp:featuredmedia":[{"embeddable":true,"href":"https:\/\/solardorosario.com.br\/galeria\/wp-json\/wp\/v2\/media\/4591"}],"wp:attachment":[{"href":"https:\/\/solardorosario.com.br\/galeria\/wp-json\/wp\/v2\/media?parent=4590"}],"wp:term":[{"taxonomy":"product_brand","embeddable":true,"href":"https:\/\/solardorosario.com.br\/galeria\/wp-json\/wp\/v2\/product_brand?post=4590"},{"taxonomy":"product_cat","embeddable":true,"href":"https:\/\/solardorosario.com.br\/galeria\/wp-json\/wp\/v2\/product_cat?post=4590"},{"taxonomy":"product_tag","embeddable":true,"href":"https:\/\/solardorosario.com.br\/galeria\/wp-json\/wp\/v2\/product_tag?post=4590"}],"curies":[{"name":"wp","href":"https:\/\/api.w.org\/{rel}","templated":true}]}}