{"id":4547,"date":"2024-04-02T18:25:40","date_gmt":"2024-04-02T21:25:40","guid":{"rendered":"https:\/\/solardorosario.com.br\/galeria\/?post_type=product&#038;p=4547"},"modified":"2026-04-06T17:40:57","modified_gmt":"2026-04-06T20:40:57","slug":"mara-toledo-empinando-pipa","status":"publish","type":"product","link":"https:\/\/solardorosario.com.br\/galeria\/produto\/mara-toledo-empinando-pipa\/","title":{"rendered":"Mara Toledo - Empinando Pipa"},"content":{"rendered":"<p><strong>Artista:<\/strong> Mara de Toledo<\/p>\n<p><strong>T\u00edtulo:<\/strong> Empinando Pipa<\/p>\n<p><strong>Dimens\u00e3o:<\/strong> 20x30cm<\/p>\n<p><strong>T\u00e9cnica:<\/strong> \u00d3leo sobre tela (com moldura)<\/p>\n<p>&nbsp;<\/p>\n<p>&nbsp;<\/p>\n<p>Mara Toledo nasceu em Passo Fundo - RS, em 1953. \u00c9 autodidata, sempre demonstrou aptid\u00e3o para desenhos e pinturas. A partir de 1973, exp\u00f4s em exposi\u00e7\u00f5es coletivas, como a da Uni\u00e3o Cultural Brasil\/Estados Unidos, em S\u00e3o Paulo, Espa\u00e7o Ara\u00e7atuba, em 1986, em Ara\u00e7atuba, ou o 31\u00ba Sal\u00e3o de Artistas Pl\u00e1sticos para Novos, em Antonina - PR. Sua primeira exposi\u00e7\u00e3o individual foi no Museu de Arte de S\u00e3o Paulo Assis Chateaubriand, em 1983. Outras aconteceram tamb\u00e9m em S\u00e3o Paulo e em Curitiba. Recebeu medalha de ouro no 3\u00ba Encontro de Artes de Osasco\/SP em 1986, e medalha de prata no 1\u00ba Sal\u00e3o de A.P Jornalista \"Jos\u00e9 do Patroc\u00ednio\", em S\u00e3o Paulo, em 1987. Suas obras fazem parte de acervos oficiais no Museu de Pintura de Assis, e na Galeria de Arte Brasileira, ambos em S\u00e3o Paulo.<\/p>\n<p>&nbsp;<\/p>\n<p>&nbsp;<\/p>\n","protected":false},"excerpt":{"rendered":"<p>Artista: Mara de Toledo T\u00edtulo: Empinando Pipa Dimens\u00e3o: 20x30cm T\u00e9cnica: \u00d3leo sobre tela (com moldura) &nbsp; &nbsp; Mara Toledo nasceu em Passo Fundo - RS, em 1953. \u00c9 autodidata, sempre demonstrou aptid\u00e3o para desenhos e pinturas. A partir de 1973, exp\u00f4s em exposi\u00e7\u00f5es coletivas, como a da Uni\u00e3o Cultural Brasil\/Estados Unidos, em S\u00e3o Paulo, Espa\u00e7o [&hellip;]<\/p>\n","protected":false},"featured_media":4762,"template":"","meta":[],"product_brand":[],"product_cat":[117],"product_tag":[],"class_list":{"0":"post-4547","1":"product","2":"type-product","3":"status-publish","4":"has-post-thumbnail","6":"product_cat-galeria","7":"pa_artista-mara-toledo","8":"pa_estilo-naif","9":"pa_tecnica-oleo-sobre-tela","11":"first","12":"instock","13":"shipping-taxable","14":"purchasable","15":"product-type-simple"},"yoast_head":"<!-- This site is optimized with the Yoast SEO plugin v27.4 - https:\/\/yoast.com\/product\/yoast-seo-wordpress\/ -->\n<title>Mara Toledo - Empinando Pipa - Solar do Ros\u00e1rio Galeria \\\\\\\\Nova<\/title>\n<meta name=\"robots\" content=\"index, follow, max-snippet:-1, max-image-preview:large, max-video-preview:-1\" \/>\n<link rel=\"canonical\" href=\"https:\/\/solardorosario.com.br\/galeria\/produto\/mara-toledo-empinando-pipa\/\" \/>\n<meta property=\"og:locale\" content=\"pt_BR\" \/>\n<meta property=\"og:type\" content=\"article\" \/>\n<meta property=\"og:title\" content=\"Mara Toledo - Empinando Pipa - Solar do Ros\u00e1rio Galeria \\\\\\\\Nova\" \/>\n<meta property=\"og:description\" content=\"Artista: Mara de Toledo T\u00edtulo: Empinando Pipa Dimens\u00e3o: 20x30cm T\u00e9cnica: \u00d3leo sobre tela (com moldura) &nbsp; &nbsp; Mara Toledo nasceu em Passo Fundo - RS, em 1953. \u00c9 autodidata, sempre demonstrou aptid\u00e3o para desenhos e pinturas. A partir de 1973, exp\u00f4s em exposi\u00e7\u00f5es coletivas, como a da Uni\u00e3o Cultural Brasil\/Estados Unidos, em S\u00e3o Paulo, Espa\u00e7o [&hellip;]\" \/>\n<meta property=\"og:url\" content=\"https:\/\/solardorosario.com.br\/galeria\/produto\/mara-toledo-empinando-pipa\/\" \/>\n<meta property=\"og:site_name\" content=\"Solar do Ros\u00e1rio Galeria \\\\\\\\Nova\" \/>\n<meta property=\"article:modified_time\" content=\"2026-04-06T20:40:57+00:00\" \/>\n<meta property=\"og:image\" content=\"https:\/\/solardorosario.com.br\/galeria\/wp-content\/uploads\/2024\/04\/Imagem-do-WhatsApp-de-2024-04-25-as-12.22.29_e97610ac.jpg\" \/>\n\t<meta property=\"og:image:width\" content=\"1280\" \/>\n\t<meta property=\"og:image:height\" content=\"1201\" \/>\n\t<meta property=\"og:image:type\" content=\"image\/jpeg\" \/>\n<meta name=\"twitter:card\" content=\"summary_large_image\" \/>\n<meta name=\"twitter:label1\" content=\"Est. tempo de leitura\" \/>\n\t<meta name=\"twitter:data1\" content=\"2 minutos\" \/>\n<script type=\"application\/ld+json\" class=\"yoast-schema-graph\">{\"@context\":\"https:\\\/\\\/schema.org\",\"@graph\":[{\"@type\":\"WebPage\",\"@id\":\"https:\\\/\\\/solardorosario.com.br\\\/galeria\\\/produto\\\/mara-toledo-empinando-pipa\\\/\",\"url\":\"https:\\\/\\\/solardorosario.com.br\\\/galeria\\\/produto\\\/mara-toledo-empinando-pipa\\\/\",\"name\":\"Mara Toledo - Empinando Pipa - Solar do Ros\u00e1rio Galeria \\\\\\\\\\\\\\\\Nova\",\"isPartOf\":{\"@id\":\"https:\\\/\\\/solardorosario.com.br\\\/galeria\\\/#website\"},\"primaryImageOfPage\":{\"@id\":\"https:\\\/\\\/solardorosario.com.br\\\/galeria\\\/produto\\\/mara-toledo-empinando-pipa\\\/#primaryimage\"},\"image\":{\"@id\":\"https:\\\/\\\/solardorosario.com.br\\\/galeria\\\/produto\\\/mara-toledo-empinando-pipa\\\/#primaryimage\"},\"thumbnailUrl\":\"https:\\\/\\\/solardorosario.com.br\\\/galeria\\\/wp-content\\\/uploads\\\/2024\\\/04\\\/Imagem-do-WhatsApp-de-2024-04-25-as-12.22.29_e97610ac.jpg\",\"datePublished\":\"2024-04-02T21:25:40+00:00\",\"dateModified\":\"2026-04-06T20:40:57+00:00\",\"breadcrumb\":{\"@id\":\"https:\\\/\\\/solardorosario.com.br\\\/galeria\\\/produto\\\/mara-toledo-empinando-pipa\\\/#breadcrumb\"},\"inLanguage\":\"pt-BR\",\"potentialAction\":[{\"@type\":\"ReadAction\",\"target\":[\"https:\\\/\\\/solardorosario.com.br\\\/galeria\\\/produto\\\/mara-toledo-empinando-pipa\\\/\"]}]},{\"@type\":\"ImageObject\",\"inLanguage\":\"pt-BR\",\"@id\":\"https:\\\/\\\/solardorosario.com.br\\\/galeria\\\/produto\\\/mara-toledo-empinando-pipa\\\/#primaryimage\",\"url\":\"https:\\\/\\\/solardorosario.com.br\\\/galeria\\\/wp-content\\\/uploads\\\/2024\\\/04\\\/Imagem-do-WhatsApp-de-2024-04-25-as-12.22.29_e97610ac.jpg\",\"contentUrl\":\"https:\\\/\\\/solardorosario.com.br\\\/galeria\\\/wp-content\\\/uploads\\\/2024\\\/04\\\/Imagem-do-WhatsApp-de-2024-04-25-as-12.22.29_e97610ac.jpg\",\"width\":1280,\"height\":1201},{\"@type\":\"BreadcrumbList\",\"@id\":\"https:\\\/\\\/solardorosario.com.br\\\/galeria\\\/produto\\\/mara-toledo-empinando-pipa\\\/#breadcrumb\",\"itemListElement\":[{\"@type\":\"ListItem\",\"position\":1,\"name\":\"In\u00edcio\",\"item\":\"https:\\\/\\\/solardorosario.com.br\\\/galeria\\\/\"},{\"@type\":\"ListItem\",\"position\":2,\"name\":\"galeria\",\"item\":\"https:\\\/\\\/solardorosario.com.br\\\/galeria\\\/galeria\\\/\"},{\"@type\":\"ListItem\",\"position\":3,\"name\":\"Mara Toledo - Empinando Pipa\"}]},{\"@type\":\"WebSite\",\"@id\":\"https:\\\/\\\/solardorosario.com.br\\\/galeria\\\/#website\",\"url\":\"https:\\\/\\\/solardorosario.com.br\\\/galeria\\\/\",\"name\":\"Solar do Ros\u00e1rio Galeria \\\\\\\\\\\\\\\\Nova\",\"description\":\"\",\"potentialAction\":[{\"@type\":\"SearchAction\",\"target\":{\"@type\":\"EntryPoint\",\"urlTemplate\":\"https:\\\/\\\/solardorosario.com.br\\\/galeria\\\/?s={search_term_string}\"},\"query-input\":{\"@type\":\"PropertyValueSpecification\",\"valueRequired\":true,\"valueName\":\"search_term_string\"}}],\"inLanguage\":\"pt-BR\"}]}<\/script>\n<!-- \/ Yoast SEO plugin. -->","yoast_head_json":{"title":"Mara Toledo - Empinando Pipa - Solar do Ros\u00e1rio Galeria \\\\\\\\Nova","robots":{"index":"index","follow":"follow","max-snippet":"max-snippet:-1","max-image-preview":"max-image-preview:large","max-video-preview":"max-video-preview:-1"},"canonical":"https:\/\/solardorosario.com.br\/galeria\/produto\/mara-toledo-empinando-pipa\/","og_locale":"pt_BR","og_type":"article","og_title":"Mara Toledo - Empinando Pipa - Solar do Ros\u00e1rio Galeria \\\\\\\\Nova","og_description":"Artista: Mara de Toledo T\u00edtulo: Empinando Pipa Dimens\u00e3o: 20x30cm T\u00e9cnica: \u00d3leo sobre tela (com moldura) &nbsp; &nbsp; Mara Toledo nasceu em Passo Fundo - RS, em 1953. \u00c9 autodidata, sempre demonstrou aptid\u00e3o para desenhos e pinturas. A partir de 1973, exp\u00f4s em exposi\u00e7\u00f5es coletivas, como a da Uni\u00e3o Cultural Brasil\/Estados Unidos, em S\u00e3o Paulo, Espa\u00e7o [&hellip;]","og_url":"https:\/\/solardorosario.com.br\/galeria\/produto\/mara-toledo-empinando-pipa\/","og_site_name":"Solar do Ros\u00e1rio Galeria \\\\\\\\Nova","article_modified_time":"2026-04-06T20:40:57+00:00","og_image":[{"width":1280,"height":1201,"url":"https:\/\/solardorosario.com.br\/galeria\/wp-content\/uploads\/2024\/04\/Imagem-do-WhatsApp-de-2024-04-25-as-12.22.29_e97610ac.jpg","type":"image\/jpeg"}],"twitter_card":"summary_large_image","twitter_misc":{"Est. tempo de leitura":"2 minutos"},"schema":{"@context":"https:\/\/schema.org","@graph":[{"@type":"WebPage","@id":"https:\/\/solardorosario.com.br\/galeria\/produto\/mara-toledo-empinando-pipa\/","url":"https:\/\/solardorosario.com.br\/galeria\/produto\/mara-toledo-empinando-pipa\/","name":"Mara Toledo - Empinando Pipa - Solar do Ros\u00e1rio Galeria \\\\\\\\Nova","isPartOf":{"@id":"https:\/\/solardorosario.com.br\/galeria\/#website"},"primaryImageOfPage":{"@id":"https:\/\/solardorosario.com.br\/galeria\/produto\/mara-toledo-empinando-pipa\/#primaryimage"},"image":{"@id":"https:\/\/solardorosario.com.br\/galeria\/produto\/mara-toledo-empinando-pipa\/#primaryimage"},"thumbnailUrl":"https:\/\/solardorosario.com.br\/galeria\/wp-content\/uploads\/2024\/04\/Imagem-do-WhatsApp-de-2024-04-25-as-12.22.29_e97610ac.jpg","datePublished":"2024-04-02T21:25:40+00:00","dateModified":"2026-04-06T20:40:57+00:00","breadcrumb":{"@id":"https:\/\/solardorosario.com.br\/galeria\/produto\/mara-toledo-empinando-pipa\/#breadcrumb"},"inLanguage":"pt-BR","potentialAction":[{"@type":"ReadAction","target":["https:\/\/solardorosario.com.br\/galeria\/produto\/mara-toledo-empinando-pipa\/"]}]},{"@type":"ImageObject","inLanguage":"pt-BR","@id":"https:\/\/solardorosario.com.br\/galeria\/produto\/mara-toledo-empinando-pipa\/#primaryimage","url":"https:\/\/solardorosario.com.br\/galeria\/wp-content\/uploads\/2024\/04\/Imagem-do-WhatsApp-de-2024-04-25-as-12.22.29_e97610ac.jpg","contentUrl":"https:\/\/solardorosario.com.br\/galeria\/wp-content\/uploads\/2024\/04\/Imagem-do-WhatsApp-de-2024-04-25-as-12.22.29_e97610ac.jpg","width":1280,"height":1201},{"@type":"BreadcrumbList","@id":"https:\/\/solardorosario.com.br\/galeria\/produto\/mara-toledo-empinando-pipa\/#breadcrumb","itemListElement":[{"@type":"ListItem","position":1,"name":"In\u00edcio","item":"https:\/\/solardorosario.com.br\/galeria\/"},{"@type":"ListItem","position":2,"name":"galeria","item":"https:\/\/solardorosario.com.br\/galeria\/galeria\/"},{"@type":"ListItem","position":3,"name":"Mara Toledo - Empinando Pipa"}]},{"@type":"WebSite","@id":"https:\/\/solardorosario.com.br\/galeria\/#website","url":"https:\/\/solardorosario.com.br\/galeria\/","name":"Solar do Ros\u00e1rio Galeria \\\\\\\\Nova","description":"","potentialAction":[{"@type":"SearchAction","target":{"@type":"EntryPoint","urlTemplate":"https:\/\/solardorosario.com.br\/galeria\/?s={search_term_string}"},"query-input":{"@type":"PropertyValueSpecification","valueRequired":true,"valueName":"search_term_string"}}],"inLanguage":"pt-BR"}]}},"_links":{"self":[{"href":"https:\/\/solardorosario.com.br\/galeria\/wp-json\/wp\/v2\/product\/4547","targetHints":{"allow":["GET"]}}],"collection":[{"href":"https:\/\/solardorosario.com.br\/galeria\/wp-json\/wp\/v2\/product"}],"about":[{"href":"https:\/\/solardorosario.com.br\/galeria\/wp-json\/wp\/v2\/types\/product"}],"wp:featuredmedia":[{"embeddable":true,"href":"https:\/\/solardorosario.com.br\/galeria\/wp-json\/wp\/v2\/media\/4762"}],"wp:attachment":[{"href":"https:\/\/solardorosario.com.br\/galeria\/wp-json\/wp\/v2\/media?parent=4547"}],"wp:term":[{"taxonomy":"product_brand","embeddable":true,"href":"https:\/\/solardorosario.com.br\/galeria\/wp-json\/wp\/v2\/product_brand?post=4547"},{"taxonomy":"product_cat","embeddable":true,"href":"https:\/\/solardorosario.com.br\/galeria\/wp-json\/wp\/v2\/product_cat?post=4547"},{"taxonomy":"product_tag","embeddable":true,"href":"https:\/\/solardorosario.com.br\/galeria\/wp-json\/wp\/v2\/product_tag?post=4547"}],"curies":[{"name":"wp","href":"https:\/\/api.w.org\/{rel}","templated":true}]}}