{"id":4537,"date":"2024-04-02T16:41:56","date_gmt":"2024-04-02T19:41:56","guid":{"rendered":"https:\/\/solardorosario.com.br\/galeria\/?post_type=product&#038;p=4537"},"modified":"2026-03-19T15:17:56","modified_gmt":"2026-03-19T18:17:56","slug":"dallwa-lobo-windows-gw-1","status":"publish","type":"product","link":"https:\/\/solardorosario.com.br\/galeria\/produto\/dallwa-lobo-windows-gw-1\/","title":{"rendered":"Dallwa Lobo - Windows GW.1"},"content":{"rendered":"<p><strong>Artista:<\/strong> Dallwa Lobo<\/p>\n<p><strong>T\u00edtulo:<\/strong> Windows GW.1<\/p>\n<p><strong>Dimens\u00e3o:<\/strong> 100x100cm<\/p>\n<p><strong>T\u00e9cnica:<\/strong> Mista sobre tela<\/p>\n<p>&nbsp;<\/p>\n<p>&nbsp;<\/p>\n<p>Artista visual, pintora, muralista, ilustradora e escritora paranaense, graduada pela Escola de M\u00fasica e Belas Artes do Paran\u00e1 (EMBAP). Foi orientadora no Museu Alfredo Andersen e Museu de Arte Contempor\u00e2nea do Paran\u00e1 (MAC-PR), al\u00e9m da organiza\u00e7\u00e3o de mostras, jurada em sal\u00f5es de arte. Foi diretora cultural da Associa\u00e7\u00e3o Profissional de Artistas Pl\u00e1sticos do Paran\u00e1 em 1988 e presidente em 1991. Participou de mais de 20 exposi\u00e7\u00f5es coletivas e individuais.<\/p>\n","protected":false},"excerpt":{"rendered":"<p>Artista: Dallwa Lobo T\u00edtulo: Windows GW.1 Dimens\u00e3o: 100x100cm T\u00e9cnica: Mista sobre tela &nbsp; &nbsp; Artista visual, pintora, muralista, ilustradora e escritora paranaense, graduada pela Escola de M\u00fasica e Belas Artes do Paran\u00e1 (EMBAP). Foi orientadora no Museu Alfredo Andersen e Museu de Arte Contempor\u00e2nea do Paran\u00e1 (MAC-PR), al\u00e9m da organiza\u00e7\u00e3o de mostras, jurada em sal\u00f5es [&hellip;]<\/p>\n","protected":false},"featured_media":4538,"template":"","meta":[],"product_brand":[],"product_cat":[117],"product_tag":[],"class_list":{"0":"post-4537","1":"product","2":"type-product","3":"status-publish","4":"has-post-thumbnail","6":"product_cat-galeria","7":"pa_artista-dallwa-lobo","8":"pa_estilo-abstrato","9":"pa_tecnica-mista-sobre-tela","11":"first","12":"instock","13":"shipping-taxable","14":"purchasable","15":"product-type-simple"},"yoast_head":"<!-- This site is optimized with the Yoast SEO plugin v27.4 - https:\/\/yoast.com\/product\/yoast-seo-wordpress\/ -->\n<title>Dallwa Lobo - Windows GW.1 - Solar do Ros\u00e1rio Galeria \\\\\\\\Nova<\/title>\n<meta name=\"robots\" content=\"index, follow, max-snippet:-1, max-image-preview:large, max-video-preview:-1\" \/>\n<link rel=\"canonical\" href=\"https:\/\/solardorosario.com.br\/galeria\/produto\/dallwa-lobo-windows-gw-1\/\" \/>\n<meta property=\"og:locale\" content=\"pt_BR\" \/>\n<meta property=\"og:type\" content=\"article\" \/>\n<meta property=\"og:title\" content=\"Dallwa Lobo - Windows GW.1 - Solar do Ros\u00e1rio Galeria \\\\\\\\Nova\" \/>\n<meta property=\"og:description\" content=\"Artista: Dallwa Lobo T\u00edtulo: Windows GW.1 Dimens\u00e3o: 100x100cm T\u00e9cnica: Mista sobre tela &nbsp; &nbsp; Artista visual, pintora, muralista, ilustradora e escritora paranaense, graduada pela Escola de M\u00fasica e Belas Artes do Paran\u00e1 (EMBAP). Foi orientadora no Museu Alfredo Andersen e Museu de Arte Contempor\u00e2nea do Paran\u00e1 (MAC-PR), al\u00e9m da organiza\u00e7\u00e3o de mostras, jurada em sal\u00f5es [&hellip;]\" \/>\n<meta property=\"og:url\" content=\"https:\/\/solardorosario.com.br\/galeria\/produto\/dallwa-lobo-windows-gw-1\/\" \/>\n<meta property=\"og:site_name\" content=\"Solar do Ros\u00e1rio Galeria \\\\\\\\Nova\" \/>\n<meta property=\"article:modified_time\" content=\"2026-03-19T18:17:56+00:00\" \/>\n<meta property=\"og:image\" content=\"https:\/\/solardorosario.com.br\/galeria\/wp-content\/uploads\/2024\/04\/Dallwa-Lobo_00572_OK.jpg\" \/>\n\t<meta property=\"og:image:width\" content=\"1300\" \/>\n\t<meta property=\"og:image:height\" content=\"1256\" \/>\n\t<meta property=\"og:image:type\" content=\"image\/jpeg\" \/>\n<meta name=\"twitter:card\" content=\"summary_large_image\" \/>\n<meta name=\"twitter:label1\" content=\"Est. tempo de leitura\" \/>\n\t<meta name=\"twitter:data1\" content=\"1 minuto\" \/>\n<script type=\"application\/ld+json\" class=\"yoast-schema-graph\">{\"@context\":\"https:\\\/\\\/schema.org\",\"@graph\":[{\"@type\":\"WebPage\",\"@id\":\"https:\\\/\\\/solardorosario.com.br\\\/galeria\\\/produto\\\/dallwa-lobo-windows-gw-1\\\/\",\"url\":\"https:\\\/\\\/solardorosario.com.br\\\/galeria\\\/produto\\\/dallwa-lobo-windows-gw-1\\\/\",\"name\":\"Dallwa Lobo - Windows GW.1 - Solar do Ros\u00e1rio Galeria \\\\\\\\\\\\\\\\Nova\",\"isPartOf\":{\"@id\":\"https:\\\/\\\/solardorosario.com.br\\\/galeria\\\/#website\"},\"primaryImageOfPage\":{\"@id\":\"https:\\\/\\\/solardorosario.com.br\\\/galeria\\\/produto\\\/dallwa-lobo-windows-gw-1\\\/#primaryimage\"},\"image\":{\"@id\":\"https:\\\/\\\/solardorosario.com.br\\\/galeria\\\/produto\\\/dallwa-lobo-windows-gw-1\\\/#primaryimage\"},\"thumbnailUrl\":\"https:\\\/\\\/solardorosario.com.br\\\/galeria\\\/wp-content\\\/uploads\\\/2024\\\/04\\\/Dallwa-Lobo_00572_OK.jpg\",\"datePublished\":\"2024-04-02T19:41:56+00:00\",\"dateModified\":\"2026-03-19T18:17:56+00:00\",\"breadcrumb\":{\"@id\":\"https:\\\/\\\/solardorosario.com.br\\\/galeria\\\/produto\\\/dallwa-lobo-windows-gw-1\\\/#breadcrumb\"},\"inLanguage\":\"pt-BR\",\"potentialAction\":[{\"@type\":\"ReadAction\",\"target\":[\"https:\\\/\\\/solardorosario.com.br\\\/galeria\\\/produto\\\/dallwa-lobo-windows-gw-1\\\/\"]}]},{\"@type\":\"ImageObject\",\"inLanguage\":\"pt-BR\",\"@id\":\"https:\\\/\\\/solardorosario.com.br\\\/galeria\\\/produto\\\/dallwa-lobo-windows-gw-1\\\/#primaryimage\",\"url\":\"https:\\\/\\\/solardorosario.com.br\\\/galeria\\\/wp-content\\\/uploads\\\/2024\\\/04\\\/Dallwa-Lobo_00572_OK.jpg\",\"contentUrl\":\"https:\\\/\\\/solardorosario.com.br\\\/galeria\\\/wp-content\\\/uploads\\\/2024\\\/04\\\/Dallwa-Lobo_00572_OK.jpg\",\"width\":1300,\"height\":1256},{\"@type\":\"BreadcrumbList\",\"@id\":\"https:\\\/\\\/solardorosario.com.br\\\/galeria\\\/produto\\\/dallwa-lobo-windows-gw-1\\\/#breadcrumb\",\"itemListElement\":[{\"@type\":\"ListItem\",\"position\":1,\"name\":\"In\u00edcio\",\"item\":\"https:\\\/\\\/solardorosario.com.br\\\/galeria\\\/\"},{\"@type\":\"ListItem\",\"position\":2,\"name\":\"galeria\",\"item\":\"https:\\\/\\\/solardorosario.com.br\\\/galeria\\\/galeria\\\/\"},{\"@type\":\"ListItem\",\"position\":3,\"name\":\"Dallwa Lobo - Windows GW.1\"}]},{\"@type\":\"WebSite\",\"@id\":\"https:\\\/\\\/solardorosario.com.br\\\/galeria\\\/#website\",\"url\":\"https:\\\/\\\/solardorosario.com.br\\\/galeria\\\/\",\"name\":\"Solar do Ros\u00e1rio Galeria \\\\\\\\\\\\\\\\Nova\",\"description\":\"\",\"potentialAction\":[{\"@type\":\"SearchAction\",\"target\":{\"@type\":\"EntryPoint\",\"urlTemplate\":\"https:\\\/\\\/solardorosario.com.br\\\/galeria\\\/?s={search_term_string}\"},\"query-input\":{\"@type\":\"PropertyValueSpecification\",\"valueRequired\":true,\"valueName\":\"search_term_string\"}}],\"inLanguage\":\"pt-BR\"}]}<\/script>\n<!-- \/ Yoast SEO plugin. -->","yoast_head_json":{"title":"Dallwa Lobo - Windows GW.1 - Solar do Ros\u00e1rio Galeria \\\\\\\\Nova","robots":{"index":"index","follow":"follow","max-snippet":"max-snippet:-1","max-image-preview":"max-image-preview:large","max-video-preview":"max-video-preview:-1"},"canonical":"https:\/\/solardorosario.com.br\/galeria\/produto\/dallwa-lobo-windows-gw-1\/","og_locale":"pt_BR","og_type":"article","og_title":"Dallwa Lobo - Windows GW.1 - Solar do Ros\u00e1rio Galeria \\\\\\\\Nova","og_description":"Artista: Dallwa Lobo T\u00edtulo: Windows GW.1 Dimens\u00e3o: 100x100cm T\u00e9cnica: Mista sobre tela &nbsp; &nbsp; Artista visual, pintora, muralista, ilustradora e escritora paranaense, graduada pela Escola de M\u00fasica e Belas Artes do Paran\u00e1 (EMBAP). Foi orientadora no Museu Alfredo Andersen e Museu de Arte Contempor\u00e2nea do Paran\u00e1 (MAC-PR), al\u00e9m da organiza\u00e7\u00e3o de mostras, jurada em sal\u00f5es [&hellip;]","og_url":"https:\/\/solardorosario.com.br\/galeria\/produto\/dallwa-lobo-windows-gw-1\/","og_site_name":"Solar do Ros\u00e1rio Galeria \\\\\\\\Nova","article_modified_time":"2026-03-19T18:17:56+00:00","og_image":[{"width":1300,"height":1256,"url":"https:\/\/solardorosario.com.br\/galeria\/wp-content\/uploads\/2024\/04\/Dallwa-Lobo_00572_OK.jpg","type":"image\/jpeg"}],"twitter_card":"summary_large_image","twitter_misc":{"Est. tempo de leitura":"1 minuto"},"schema":{"@context":"https:\/\/schema.org","@graph":[{"@type":"WebPage","@id":"https:\/\/solardorosario.com.br\/galeria\/produto\/dallwa-lobo-windows-gw-1\/","url":"https:\/\/solardorosario.com.br\/galeria\/produto\/dallwa-lobo-windows-gw-1\/","name":"Dallwa Lobo - Windows GW.1 - Solar do Ros\u00e1rio Galeria \\\\\\\\Nova","isPartOf":{"@id":"https:\/\/solardorosario.com.br\/galeria\/#website"},"primaryImageOfPage":{"@id":"https:\/\/solardorosario.com.br\/galeria\/produto\/dallwa-lobo-windows-gw-1\/#primaryimage"},"image":{"@id":"https:\/\/solardorosario.com.br\/galeria\/produto\/dallwa-lobo-windows-gw-1\/#primaryimage"},"thumbnailUrl":"https:\/\/solardorosario.com.br\/galeria\/wp-content\/uploads\/2024\/04\/Dallwa-Lobo_00572_OK.jpg","datePublished":"2024-04-02T19:41:56+00:00","dateModified":"2026-03-19T18:17:56+00:00","breadcrumb":{"@id":"https:\/\/solardorosario.com.br\/galeria\/produto\/dallwa-lobo-windows-gw-1\/#breadcrumb"},"inLanguage":"pt-BR","potentialAction":[{"@type":"ReadAction","target":["https:\/\/solardorosario.com.br\/galeria\/produto\/dallwa-lobo-windows-gw-1\/"]}]},{"@type":"ImageObject","inLanguage":"pt-BR","@id":"https:\/\/solardorosario.com.br\/galeria\/produto\/dallwa-lobo-windows-gw-1\/#primaryimage","url":"https:\/\/solardorosario.com.br\/galeria\/wp-content\/uploads\/2024\/04\/Dallwa-Lobo_00572_OK.jpg","contentUrl":"https:\/\/solardorosario.com.br\/galeria\/wp-content\/uploads\/2024\/04\/Dallwa-Lobo_00572_OK.jpg","width":1300,"height":1256},{"@type":"BreadcrumbList","@id":"https:\/\/solardorosario.com.br\/galeria\/produto\/dallwa-lobo-windows-gw-1\/#breadcrumb","itemListElement":[{"@type":"ListItem","position":1,"name":"In\u00edcio","item":"https:\/\/solardorosario.com.br\/galeria\/"},{"@type":"ListItem","position":2,"name":"galeria","item":"https:\/\/solardorosario.com.br\/galeria\/galeria\/"},{"@type":"ListItem","position":3,"name":"Dallwa Lobo - Windows GW.1"}]},{"@type":"WebSite","@id":"https:\/\/solardorosario.com.br\/galeria\/#website","url":"https:\/\/solardorosario.com.br\/galeria\/","name":"Solar do Ros\u00e1rio Galeria \\\\\\\\Nova","description":"","potentialAction":[{"@type":"SearchAction","target":{"@type":"EntryPoint","urlTemplate":"https:\/\/solardorosario.com.br\/galeria\/?s={search_term_string}"},"query-input":{"@type":"PropertyValueSpecification","valueRequired":true,"valueName":"search_term_string"}}],"inLanguage":"pt-BR"}]}},"_links":{"self":[{"href":"https:\/\/solardorosario.com.br\/galeria\/wp-json\/wp\/v2\/product\/4537","targetHints":{"allow":["GET"]}}],"collection":[{"href":"https:\/\/solardorosario.com.br\/galeria\/wp-json\/wp\/v2\/product"}],"about":[{"href":"https:\/\/solardorosario.com.br\/galeria\/wp-json\/wp\/v2\/types\/product"}],"wp:featuredmedia":[{"embeddable":true,"href":"https:\/\/solardorosario.com.br\/galeria\/wp-json\/wp\/v2\/media\/4538"}],"wp:attachment":[{"href":"https:\/\/solardorosario.com.br\/galeria\/wp-json\/wp\/v2\/media?parent=4537"}],"wp:term":[{"taxonomy":"product_brand","embeddable":true,"href":"https:\/\/solardorosario.com.br\/galeria\/wp-json\/wp\/v2\/product_brand?post=4537"},{"taxonomy":"product_cat","embeddable":true,"href":"https:\/\/solardorosario.com.br\/galeria\/wp-json\/wp\/v2\/product_cat?post=4537"},{"taxonomy":"product_tag","embeddable":true,"href":"https:\/\/solardorosario.com.br\/galeria\/wp-json\/wp\/v2\/product_tag?post=4537"}],"curies":[{"name":"wp","href":"https:\/\/api.w.org\/{rel}","templated":true}]}}