{"id":4529,"date":"2024-04-02T15:57:06","date_gmt":"2024-04-02T18:57:06","guid":{"rendered":"https:\/\/solardorosario.com.br\/galeria\/?post_type=product&#038;p=4529"},"modified":"2026-03-23T14:26:08","modified_gmt":"2026-03-23T17:26:08","slug":"eloir-serie-festas-populares-festa-polonesa","status":"publish","type":"product","link":"https:\/\/solardorosario.com.br\/galeria\/produto\/eloir-serie-festas-populares-festa-polonesa\/","title":{"rendered":"Eloir Jr - S\u00e9rie: Festas Populares - Festa Polonesa"},"content":{"rendered":"<p><strong>Artista:<\/strong> Eloir Jr<\/p>\n<p><strong>T\u00edtulo:<\/strong> S\u00e9rie Festas Populares - Festa Polonesa<\/p>\n<p><strong>Dimens\u00e3o:<\/strong> 20x30cm<\/p>\n<p><strong>T\u00e9cnica:<\/strong> Acr\u00edlica sobre tela<\/p>\n<p>&nbsp;<\/p>\n<p>&nbsp;<\/p>\n<p>Nasceu em 1969, em Curitiba - PR. Graduado em Design de Moda, em 2003 pela Universidade Tuiuti do Paran\u00e1 \u2013 Curitiba \u2013 PR, e Bacharel em gravura, pela Escola de M\u00fasica e Belas Artes do Paran\u00e1, em 2004, fez P\u00f3s-gradua\u00e7\u00e3o em Hist\u00f3ria da Arte do s\u00e9culo XX, pela EMBAP, tamb\u00e9m em 2004. Em suas obras, retrata p\u00eassankas, matrioskas, sempre abordando a tem\u00e1tica das diferentes culturas que formaram o Paran\u00e1. Fez ateli\u00eas e cursos diversos, incluindo aulas com a Mst.Profa. Maria Cec\u00edlia de Noronha e Mst. Rafael Grecca de Macedo. Exposi\u00e7\u00f5es individuais e coletivas em locais diversos de Curitiba - PR.<\/p>\n","protected":false},"excerpt":{"rendered":"<p>Artista: Eloir Jr T\u00edtulo: S\u00e9rie Festas Populares - Festa Polonesa Dimens\u00e3o: 20x30cm T\u00e9cnica: Acr\u00edlica sobre tela &nbsp; &nbsp; Nasceu em 1969, em Curitiba - PR. Graduado em Design de Moda, em 2003 pela Universidade Tuiuti do Paran\u00e1 \u2013 Curitiba \u2013 PR, e Bacharel em gravura, pela Escola de M\u00fasica e Belas Artes do Paran\u00e1, em [&hellip;]<\/p>\n","protected":false},"featured_media":4530,"template":"","meta":[],"product_brand":[],"product_cat":[117],"product_tag":[],"class_list":{"0":"post-4529","1":"product","2":"type-product","3":"status-publish","4":"has-post-thumbnail","6":"product_cat-galeria","7":"pa_artista-eloir-jr","8":"pa_estilo-figura-humana","9":"pa_estilo-figurativo","10":"pa_tecnica-acrilica-sobre-tela","12":"first","13":"instock","14":"shipping-taxable","15":"purchasable","16":"product-type-simple"},"yoast_head":"<!-- This site is optimized with the Yoast SEO plugin v27.4 - https:\/\/yoast.com\/product\/yoast-seo-wordpress\/ -->\n<title>Eloir Jr - S\u00e9rie: Festas Populares - Festa Polonesa - Solar do Ros\u00e1rio Galeria \\\\\\\\Nova<\/title>\n<meta name=\"robots\" content=\"index, follow, max-snippet:-1, max-image-preview:large, max-video-preview:-1\" \/>\n<link rel=\"canonical\" href=\"https:\/\/solardorosario.com.br\/galeria\/produto\/eloir-serie-festas-populares-festa-polonesa\/\" \/>\n<meta property=\"og:locale\" content=\"pt_BR\" \/>\n<meta property=\"og:type\" content=\"article\" \/>\n<meta property=\"og:title\" content=\"Eloir Jr - S\u00e9rie: Festas Populares - Festa Polonesa - Solar do Ros\u00e1rio Galeria \\\\\\\\Nova\" \/>\n<meta property=\"og:description\" content=\"Artista: Eloir Jr T\u00edtulo: S\u00e9rie Festas Populares - Festa Polonesa Dimens\u00e3o: 20x30cm T\u00e9cnica: Acr\u00edlica sobre tela &nbsp; &nbsp; Nasceu em 1969, em Curitiba - PR. Graduado em Design de Moda, em 2003 pela Universidade Tuiuti do Paran\u00e1 \u2013 Curitiba \u2013 PR, e Bacharel em gravura, pela Escola de M\u00fasica e Belas Artes do Paran\u00e1, em [&hellip;]\" \/>\n<meta property=\"og:url\" content=\"https:\/\/solardorosario.com.br\/galeria\/produto\/eloir-serie-festas-populares-festa-polonesa\/\" \/>\n<meta property=\"og:site_name\" content=\"Solar do Ros\u00e1rio Galeria \\\\\\\\Nova\" \/>\n<meta property=\"article:modified_time\" content=\"2026-03-23T17:26:08+00:00\" \/>\n<meta property=\"og:image\" content=\"https:\/\/solardorosario.com.br\/galeria\/wp-content\/uploads\/2024\/04\/Imagem-do-WhatsApp-de-2024-04-02-as-15.48.02_664cbfe1.jpg\" \/>\n\t<meta property=\"og:image:width\" content=\"1280\" \/>\n\t<meta property=\"og:image:height\" content=\"854\" \/>\n\t<meta property=\"og:image:type\" content=\"image\/jpeg\" \/>\n<meta name=\"twitter:card\" content=\"summary_large_image\" \/>\n<meta name=\"twitter:label1\" content=\"Est. tempo de leitura\" \/>\n\t<meta name=\"twitter:data1\" content=\"1 minuto\" \/>\n<script type=\"application\/ld+json\" class=\"yoast-schema-graph\">{\"@context\":\"https:\\\/\\\/schema.org\",\"@graph\":[{\"@type\":\"WebPage\",\"@id\":\"https:\\\/\\\/solardorosario.com.br\\\/galeria\\\/produto\\\/eloir-serie-festas-populares-festa-polonesa\\\/\",\"url\":\"https:\\\/\\\/solardorosario.com.br\\\/galeria\\\/produto\\\/eloir-serie-festas-populares-festa-polonesa\\\/\",\"name\":\"Eloir Jr - S\u00e9rie: Festas Populares - Festa Polonesa - Solar do Ros\u00e1rio Galeria \\\\\\\\\\\\\\\\Nova\",\"isPartOf\":{\"@id\":\"https:\\\/\\\/solardorosario.com.br\\\/galeria\\\/#website\"},\"primaryImageOfPage\":{\"@id\":\"https:\\\/\\\/solardorosario.com.br\\\/galeria\\\/produto\\\/eloir-serie-festas-populares-festa-polonesa\\\/#primaryimage\"},\"image\":{\"@id\":\"https:\\\/\\\/solardorosario.com.br\\\/galeria\\\/produto\\\/eloir-serie-festas-populares-festa-polonesa\\\/#primaryimage\"},\"thumbnailUrl\":\"https:\\\/\\\/solardorosario.com.br\\\/galeria\\\/wp-content\\\/uploads\\\/2024\\\/04\\\/Imagem-do-WhatsApp-de-2024-04-02-as-15.48.02_664cbfe1.jpg\",\"datePublished\":\"2024-04-02T18:57:06+00:00\",\"dateModified\":\"2026-03-23T17:26:08+00:00\",\"breadcrumb\":{\"@id\":\"https:\\\/\\\/solardorosario.com.br\\\/galeria\\\/produto\\\/eloir-serie-festas-populares-festa-polonesa\\\/#breadcrumb\"},\"inLanguage\":\"pt-BR\",\"potentialAction\":[{\"@type\":\"ReadAction\",\"target\":[\"https:\\\/\\\/solardorosario.com.br\\\/galeria\\\/produto\\\/eloir-serie-festas-populares-festa-polonesa\\\/\"]}]},{\"@type\":\"ImageObject\",\"inLanguage\":\"pt-BR\",\"@id\":\"https:\\\/\\\/solardorosario.com.br\\\/galeria\\\/produto\\\/eloir-serie-festas-populares-festa-polonesa\\\/#primaryimage\",\"url\":\"https:\\\/\\\/solardorosario.com.br\\\/galeria\\\/wp-content\\\/uploads\\\/2024\\\/04\\\/Imagem-do-WhatsApp-de-2024-04-02-as-15.48.02_664cbfe1.jpg\",\"contentUrl\":\"https:\\\/\\\/solardorosario.com.br\\\/galeria\\\/wp-content\\\/uploads\\\/2024\\\/04\\\/Imagem-do-WhatsApp-de-2024-04-02-as-15.48.02_664cbfe1.jpg\",\"width\":1280,\"height\":854},{\"@type\":\"BreadcrumbList\",\"@id\":\"https:\\\/\\\/solardorosario.com.br\\\/galeria\\\/produto\\\/eloir-serie-festas-populares-festa-polonesa\\\/#breadcrumb\",\"itemListElement\":[{\"@type\":\"ListItem\",\"position\":1,\"name\":\"In\u00edcio\",\"item\":\"https:\\\/\\\/solardorosario.com.br\\\/galeria\\\/\"},{\"@type\":\"ListItem\",\"position\":2,\"name\":\"galeria\",\"item\":\"https:\\\/\\\/solardorosario.com.br\\\/galeria\\\/galeria\\\/\"},{\"@type\":\"ListItem\",\"position\":3,\"name\":\"Eloir Jr - S\u00e9rie: Festas Populares - Festa Polonesa\"}]},{\"@type\":\"WebSite\",\"@id\":\"https:\\\/\\\/solardorosario.com.br\\\/galeria\\\/#website\",\"url\":\"https:\\\/\\\/solardorosario.com.br\\\/galeria\\\/\",\"name\":\"Solar do Ros\u00e1rio Galeria \\\\\\\\\\\\\\\\Nova\",\"description\":\"\",\"potentialAction\":[{\"@type\":\"SearchAction\",\"target\":{\"@type\":\"EntryPoint\",\"urlTemplate\":\"https:\\\/\\\/solardorosario.com.br\\\/galeria\\\/?s={search_term_string}\"},\"query-input\":{\"@type\":\"PropertyValueSpecification\",\"valueRequired\":true,\"valueName\":\"search_term_string\"}}],\"inLanguage\":\"pt-BR\"}]}<\/script>\n<!-- \/ Yoast SEO plugin. -->","yoast_head_json":{"title":"Eloir Jr - S\u00e9rie: Festas Populares - Festa Polonesa - Solar do Ros\u00e1rio Galeria \\\\\\\\Nova","robots":{"index":"index","follow":"follow","max-snippet":"max-snippet:-1","max-image-preview":"max-image-preview:large","max-video-preview":"max-video-preview:-1"},"canonical":"https:\/\/solardorosario.com.br\/galeria\/produto\/eloir-serie-festas-populares-festa-polonesa\/","og_locale":"pt_BR","og_type":"article","og_title":"Eloir Jr - S\u00e9rie: Festas Populares - Festa Polonesa - Solar do Ros\u00e1rio Galeria \\\\\\\\Nova","og_description":"Artista: Eloir Jr T\u00edtulo: S\u00e9rie Festas Populares - Festa Polonesa Dimens\u00e3o: 20x30cm T\u00e9cnica: Acr\u00edlica sobre tela &nbsp; &nbsp; Nasceu em 1969, em Curitiba - PR. Graduado em Design de Moda, em 2003 pela Universidade Tuiuti do Paran\u00e1 \u2013 Curitiba \u2013 PR, e Bacharel em gravura, pela Escola de M\u00fasica e Belas Artes do Paran\u00e1, em [&hellip;]","og_url":"https:\/\/solardorosario.com.br\/galeria\/produto\/eloir-serie-festas-populares-festa-polonesa\/","og_site_name":"Solar do Ros\u00e1rio Galeria \\\\\\\\Nova","article_modified_time":"2026-03-23T17:26:08+00:00","og_image":[{"width":1280,"height":854,"url":"https:\/\/solardorosario.com.br\/galeria\/wp-content\/uploads\/2024\/04\/Imagem-do-WhatsApp-de-2024-04-02-as-15.48.02_664cbfe1.jpg","type":"image\/jpeg"}],"twitter_card":"summary_large_image","twitter_misc":{"Est. tempo de leitura":"1 minuto"},"schema":{"@context":"https:\/\/schema.org","@graph":[{"@type":"WebPage","@id":"https:\/\/solardorosario.com.br\/galeria\/produto\/eloir-serie-festas-populares-festa-polonesa\/","url":"https:\/\/solardorosario.com.br\/galeria\/produto\/eloir-serie-festas-populares-festa-polonesa\/","name":"Eloir Jr - S\u00e9rie: Festas Populares - Festa Polonesa - Solar do Ros\u00e1rio Galeria \\\\\\\\Nova","isPartOf":{"@id":"https:\/\/solardorosario.com.br\/galeria\/#website"},"primaryImageOfPage":{"@id":"https:\/\/solardorosario.com.br\/galeria\/produto\/eloir-serie-festas-populares-festa-polonesa\/#primaryimage"},"image":{"@id":"https:\/\/solardorosario.com.br\/galeria\/produto\/eloir-serie-festas-populares-festa-polonesa\/#primaryimage"},"thumbnailUrl":"https:\/\/solardorosario.com.br\/galeria\/wp-content\/uploads\/2024\/04\/Imagem-do-WhatsApp-de-2024-04-02-as-15.48.02_664cbfe1.jpg","datePublished":"2024-04-02T18:57:06+00:00","dateModified":"2026-03-23T17:26:08+00:00","breadcrumb":{"@id":"https:\/\/solardorosario.com.br\/galeria\/produto\/eloir-serie-festas-populares-festa-polonesa\/#breadcrumb"},"inLanguage":"pt-BR","potentialAction":[{"@type":"ReadAction","target":["https:\/\/solardorosario.com.br\/galeria\/produto\/eloir-serie-festas-populares-festa-polonesa\/"]}]},{"@type":"ImageObject","inLanguage":"pt-BR","@id":"https:\/\/solardorosario.com.br\/galeria\/produto\/eloir-serie-festas-populares-festa-polonesa\/#primaryimage","url":"https:\/\/solardorosario.com.br\/galeria\/wp-content\/uploads\/2024\/04\/Imagem-do-WhatsApp-de-2024-04-02-as-15.48.02_664cbfe1.jpg","contentUrl":"https:\/\/solardorosario.com.br\/galeria\/wp-content\/uploads\/2024\/04\/Imagem-do-WhatsApp-de-2024-04-02-as-15.48.02_664cbfe1.jpg","width":1280,"height":854},{"@type":"BreadcrumbList","@id":"https:\/\/solardorosario.com.br\/galeria\/produto\/eloir-serie-festas-populares-festa-polonesa\/#breadcrumb","itemListElement":[{"@type":"ListItem","position":1,"name":"In\u00edcio","item":"https:\/\/solardorosario.com.br\/galeria\/"},{"@type":"ListItem","position":2,"name":"galeria","item":"https:\/\/solardorosario.com.br\/galeria\/galeria\/"},{"@type":"ListItem","position":3,"name":"Eloir Jr - S\u00e9rie: Festas Populares - Festa Polonesa"}]},{"@type":"WebSite","@id":"https:\/\/solardorosario.com.br\/galeria\/#website","url":"https:\/\/solardorosario.com.br\/galeria\/","name":"Solar do Ros\u00e1rio Galeria \\\\\\\\Nova","description":"","potentialAction":[{"@type":"SearchAction","target":{"@type":"EntryPoint","urlTemplate":"https:\/\/solardorosario.com.br\/galeria\/?s={search_term_string}"},"query-input":{"@type":"PropertyValueSpecification","valueRequired":true,"valueName":"search_term_string"}}],"inLanguage":"pt-BR"}]}},"_links":{"self":[{"href":"https:\/\/solardorosario.com.br\/galeria\/wp-json\/wp\/v2\/product\/4529","targetHints":{"allow":["GET"]}}],"collection":[{"href":"https:\/\/solardorosario.com.br\/galeria\/wp-json\/wp\/v2\/product"}],"about":[{"href":"https:\/\/solardorosario.com.br\/galeria\/wp-json\/wp\/v2\/types\/product"}],"wp:featuredmedia":[{"embeddable":true,"href":"https:\/\/solardorosario.com.br\/galeria\/wp-json\/wp\/v2\/media\/4530"}],"wp:attachment":[{"href":"https:\/\/solardorosario.com.br\/galeria\/wp-json\/wp\/v2\/media?parent=4529"}],"wp:term":[{"taxonomy":"product_brand","embeddable":true,"href":"https:\/\/solardorosario.com.br\/galeria\/wp-json\/wp\/v2\/product_brand?post=4529"},{"taxonomy":"product_cat","embeddable":true,"href":"https:\/\/solardorosario.com.br\/galeria\/wp-json\/wp\/v2\/product_cat?post=4529"},{"taxonomy":"product_tag","embeddable":true,"href":"https:\/\/solardorosario.com.br\/galeria\/wp-json\/wp\/v2\/product_tag?post=4529"}],"curies":[{"name":"wp","href":"https:\/\/api.w.org\/{rel}","templated":true}]}}