{"id":4492,"date":"2024-04-02T11:05:08","date_gmt":"2024-04-02T14:05:08","guid":{"rendered":"https:\/\/solardorosario.com.br\/galeria\/?post_type=product&#038;p=4492"},"modified":"2026-03-13T14:23:46","modified_gmt":"2026-03-13T17:23:46","slug":"corina-ferraz-o-dia-em-que-o-caminhao-virou-enfeite","status":"publish","type":"product","link":"https:\/\/solardorosario.com.br\/galeria\/produto\/corina-ferraz-o-dia-em-que-o-caminhao-virou-enfeite\/","title":{"rendered":"Corina Ferraz - O dia em que o caminh\u00e3o virou enfeite"},"content":{"rendered":"<p><strong>Artista:<\/strong> Corina Ferraz<\/p>\n<p><strong>T\u00edtulo:<\/strong> (n\u00ba 297) O dia em que o canh\u00e3o virou enfeite<\/p>\n<p><strong>Dimens\u00e3o:<\/strong> 30x40cm<\/p>\n<p><strong>T\u00e9cnica:<\/strong> Acr\u00edlica sobre tela (sem moldura)<\/p>\n<p>&nbsp;<\/p>\n<p>&nbsp;<\/p>\n<p>Nascida em Leme - SP, em 1948. Formada pela Faculdade de Artes de Ribeir\u00e3o preto (SP) e em 1971 se mudou para Curitiba e se formou em Pintura na Escola de M\u00fasica e Belas Artes do Paran\u00e1 (EMBAP). Apesar de ser formada, se descobre artista naif, inspirada por elementos da cultura popular, como m\u00fasica, festivais, religi\u00e3o e festas t\u00edpicas. Recebeu diversos pr\u00eamios como a premia\u00e7\u00e3o\/publica\u00e7\u00e3o de cartum da editora Graphipar, o pr\u00eamio \"Sal\u00e3o do mini quadro\", do Clube S\u00edrio-Liban\u00eas e tamb\u00e9m o pr\u00eamio no XX Sal\u00e3o de Jacarezinho\". Participou de v\u00e1rias exposi\u00e7\u00f5es individuais como no Espa\u00e7o Cultural do Banco do Brasil, em Curitiba, em 1992, e no Solar do Ros\u00e1rio em 1995. Participou de exposi\u00e7\u00f5es coletivas e sal\u00f5es de arte em Curitiba, Rio de Janeiro, Jacarezinho, Maring\u00e1, Buenos Aires, Chicago, Nova York.<\/p>\n","protected":false},"excerpt":{"rendered":"<p>Artista: Corina Ferraz T\u00edtulo: (n\u00ba 297) O dia em que o canh\u00e3o virou enfeite Dimens\u00e3o: 30x40cm T\u00e9cnica: Acr\u00edlica sobre tela (sem moldura) &nbsp; &nbsp; Nascida em Leme - SP, em 1948. Formada pela Faculdade de Artes de Ribeir\u00e3o preto (SP) e em 1971 se mudou para Curitiba e se formou em Pintura na Escola de [&hellip;]<\/p>\n","protected":false},"featured_media":4493,"template":"","meta":[],"product_brand":[],"product_cat":[117],"product_tag":[],"class_list":{"0":"post-4492","1":"product","2":"type-product","3":"status-publish","4":"has-post-thumbnail","6":"product_cat-galeria","7":"pa_artista-corina-ferraz","8":"pa_estilo-abstrato","9":"pa_estilo-naif","10":"pa_tecnica-acrilica-sobre-tela","12":"first","13":"instock","14":"shipping-taxable","15":"purchasable","16":"product-type-simple"},"yoast_head":"<!-- This site is optimized with the Yoast SEO plugin v27.4 - https:\/\/yoast.com\/product\/yoast-seo-wordpress\/ -->\n<title>Corina Ferraz - O dia em que o caminh\u00e3o virou enfeite - Solar do Ros\u00e1rio Galeria \\\\\\\\Nova<\/title>\n<meta name=\"robots\" content=\"index, follow, max-snippet:-1, max-image-preview:large, max-video-preview:-1\" \/>\n<link rel=\"canonical\" href=\"https:\/\/solardorosario.com.br\/galeria\/produto\/corina-ferraz-o-dia-em-que-o-caminhao-virou-enfeite\/\" \/>\n<meta property=\"og:locale\" content=\"pt_BR\" \/>\n<meta property=\"og:type\" content=\"article\" \/>\n<meta property=\"og:title\" content=\"Corina Ferraz - O dia em que o caminh\u00e3o virou enfeite - Solar do Ros\u00e1rio Galeria \\\\\\\\Nova\" \/>\n<meta property=\"og:description\" content=\"Artista: Corina Ferraz T\u00edtulo: (n\u00ba 297) O dia em que o canh\u00e3o virou enfeite Dimens\u00e3o: 30x40cm T\u00e9cnica: Acr\u00edlica sobre tela (sem moldura) &nbsp; &nbsp; Nascida em Leme - SP, em 1948. Formada pela Faculdade de Artes de Ribeir\u00e3o preto (SP) e em 1971 se mudou para Curitiba e se formou em Pintura na Escola de [&hellip;]\" \/>\n<meta property=\"og:url\" content=\"https:\/\/solardorosario.com.br\/galeria\/produto\/corina-ferraz-o-dia-em-que-o-caminhao-virou-enfeite\/\" \/>\n<meta property=\"og:site_name\" content=\"Solar do Ros\u00e1rio Galeria \\\\\\\\Nova\" \/>\n<meta property=\"article:modified_time\" content=\"2026-03-13T17:23:46+00:00\" \/>\n<meta property=\"og:image\" content=\"https:\/\/solardorosario.com.br\/galeria\/wp-content\/uploads\/2024\/04\/Imagem-do-WhatsApp-de-2024-04-02-as-10.59.17_1ca75bc5.jpg\" \/>\n\t<meta property=\"og:image:width\" content=\"1280\" \/>\n\t<meta property=\"og:image:height\" content=\"970\" \/>\n\t<meta property=\"og:image:type\" content=\"image\/jpeg\" \/>\n<meta name=\"twitter:card\" content=\"summary_large_image\" \/>\n<meta name=\"twitter:label1\" content=\"Est. tempo de leitura\" \/>\n\t<meta name=\"twitter:data1\" content=\"2 minutos\" \/>\n<script type=\"application\/ld+json\" class=\"yoast-schema-graph\">{\"@context\":\"https:\\\/\\\/schema.org\",\"@graph\":[{\"@type\":\"WebPage\",\"@id\":\"https:\\\/\\\/solardorosario.com.br\\\/galeria\\\/produto\\\/corina-ferraz-o-dia-em-que-o-caminhao-virou-enfeite\\\/\",\"url\":\"https:\\\/\\\/solardorosario.com.br\\\/galeria\\\/produto\\\/corina-ferraz-o-dia-em-que-o-caminhao-virou-enfeite\\\/\",\"name\":\"Corina Ferraz - O dia em que o caminh\u00e3o virou enfeite - Solar do Ros\u00e1rio Galeria \\\\\\\\\\\\\\\\Nova\",\"isPartOf\":{\"@id\":\"https:\\\/\\\/solardorosario.com.br\\\/galeria\\\/#website\"},\"primaryImageOfPage\":{\"@id\":\"https:\\\/\\\/solardorosario.com.br\\\/galeria\\\/produto\\\/corina-ferraz-o-dia-em-que-o-caminhao-virou-enfeite\\\/#primaryimage\"},\"image\":{\"@id\":\"https:\\\/\\\/solardorosario.com.br\\\/galeria\\\/produto\\\/corina-ferraz-o-dia-em-que-o-caminhao-virou-enfeite\\\/#primaryimage\"},\"thumbnailUrl\":\"https:\\\/\\\/solardorosario.com.br\\\/galeria\\\/wp-content\\\/uploads\\\/2024\\\/04\\\/Imagem-do-WhatsApp-de-2024-04-02-as-10.59.17_1ca75bc5.jpg\",\"datePublished\":\"2024-04-02T14:05:08+00:00\",\"dateModified\":\"2026-03-13T17:23:46+00:00\",\"breadcrumb\":{\"@id\":\"https:\\\/\\\/solardorosario.com.br\\\/galeria\\\/produto\\\/corina-ferraz-o-dia-em-que-o-caminhao-virou-enfeite\\\/#breadcrumb\"},\"inLanguage\":\"pt-BR\",\"potentialAction\":[{\"@type\":\"ReadAction\",\"target\":[\"https:\\\/\\\/solardorosario.com.br\\\/galeria\\\/produto\\\/corina-ferraz-o-dia-em-que-o-caminhao-virou-enfeite\\\/\"]}]},{\"@type\":\"ImageObject\",\"inLanguage\":\"pt-BR\",\"@id\":\"https:\\\/\\\/solardorosario.com.br\\\/galeria\\\/produto\\\/corina-ferraz-o-dia-em-que-o-caminhao-virou-enfeite\\\/#primaryimage\",\"url\":\"https:\\\/\\\/solardorosario.com.br\\\/galeria\\\/wp-content\\\/uploads\\\/2024\\\/04\\\/Imagem-do-WhatsApp-de-2024-04-02-as-10.59.17_1ca75bc5.jpg\",\"contentUrl\":\"https:\\\/\\\/solardorosario.com.br\\\/galeria\\\/wp-content\\\/uploads\\\/2024\\\/04\\\/Imagem-do-WhatsApp-de-2024-04-02-as-10.59.17_1ca75bc5.jpg\",\"width\":1280,\"height\":970},{\"@type\":\"BreadcrumbList\",\"@id\":\"https:\\\/\\\/solardorosario.com.br\\\/galeria\\\/produto\\\/corina-ferraz-o-dia-em-que-o-caminhao-virou-enfeite\\\/#breadcrumb\",\"itemListElement\":[{\"@type\":\"ListItem\",\"position\":1,\"name\":\"In\u00edcio\",\"item\":\"https:\\\/\\\/solardorosario.com.br\\\/galeria\\\/\"},{\"@type\":\"ListItem\",\"position\":2,\"name\":\"galeria\",\"item\":\"https:\\\/\\\/solardorosario.com.br\\\/galeria\\\/galeria\\\/\"},{\"@type\":\"ListItem\",\"position\":3,\"name\":\"Corina Ferraz - O dia em que o caminh\u00e3o virou enfeite\"}]},{\"@type\":\"WebSite\",\"@id\":\"https:\\\/\\\/solardorosario.com.br\\\/galeria\\\/#website\",\"url\":\"https:\\\/\\\/solardorosario.com.br\\\/galeria\\\/\",\"name\":\"Solar do Ros\u00e1rio Galeria \\\\\\\\\\\\\\\\Nova\",\"description\":\"\",\"potentialAction\":[{\"@type\":\"SearchAction\",\"target\":{\"@type\":\"EntryPoint\",\"urlTemplate\":\"https:\\\/\\\/solardorosario.com.br\\\/galeria\\\/?s={search_term_string}\"},\"query-input\":{\"@type\":\"PropertyValueSpecification\",\"valueRequired\":true,\"valueName\":\"search_term_string\"}}],\"inLanguage\":\"pt-BR\"}]}<\/script>\n<!-- \/ Yoast SEO plugin. -->","yoast_head_json":{"title":"Corina Ferraz - O dia em que o caminh\u00e3o virou enfeite - Solar do Ros\u00e1rio Galeria \\\\\\\\Nova","robots":{"index":"index","follow":"follow","max-snippet":"max-snippet:-1","max-image-preview":"max-image-preview:large","max-video-preview":"max-video-preview:-1"},"canonical":"https:\/\/solardorosario.com.br\/galeria\/produto\/corina-ferraz-o-dia-em-que-o-caminhao-virou-enfeite\/","og_locale":"pt_BR","og_type":"article","og_title":"Corina Ferraz - O dia em que o caminh\u00e3o virou enfeite - Solar do Ros\u00e1rio Galeria \\\\\\\\Nova","og_description":"Artista: Corina Ferraz T\u00edtulo: (n\u00ba 297) O dia em que o canh\u00e3o virou enfeite Dimens\u00e3o: 30x40cm T\u00e9cnica: Acr\u00edlica sobre tela (sem moldura) &nbsp; &nbsp; Nascida em Leme - SP, em 1948. Formada pela Faculdade de Artes de Ribeir\u00e3o preto (SP) e em 1971 se mudou para Curitiba e se formou em Pintura na Escola de [&hellip;]","og_url":"https:\/\/solardorosario.com.br\/galeria\/produto\/corina-ferraz-o-dia-em-que-o-caminhao-virou-enfeite\/","og_site_name":"Solar do Ros\u00e1rio Galeria \\\\\\\\Nova","article_modified_time":"2026-03-13T17:23:46+00:00","og_image":[{"width":1280,"height":970,"url":"https:\/\/solardorosario.com.br\/galeria\/wp-content\/uploads\/2024\/04\/Imagem-do-WhatsApp-de-2024-04-02-as-10.59.17_1ca75bc5.jpg","type":"image\/jpeg"}],"twitter_card":"summary_large_image","twitter_misc":{"Est. tempo de leitura":"2 minutos"},"schema":{"@context":"https:\/\/schema.org","@graph":[{"@type":"WebPage","@id":"https:\/\/solardorosario.com.br\/galeria\/produto\/corina-ferraz-o-dia-em-que-o-caminhao-virou-enfeite\/","url":"https:\/\/solardorosario.com.br\/galeria\/produto\/corina-ferraz-o-dia-em-que-o-caminhao-virou-enfeite\/","name":"Corina Ferraz - O dia em que o caminh\u00e3o virou enfeite - Solar do Ros\u00e1rio Galeria \\\\\\\\Nova","isPartOf":{"@id":"https:\/\/solardorosario.com.br\/galeria\/#website"},"primaryImageOfPage":{"@id":"https:\/\/solardorosario.com.br\/galeria\/produto\/corina-ferraz-o-dia-em-que-o-caminhao-virou-enfeite\/#primaryimage"},"image":{"@id":"https:\/\/solardorosario.com.br\/galeria\/produto\/corina-ferraz-o-dia-em-que-o-caminhao-virou-enfeite\/#primaryimage"},"thumbnailUrl":"https:\/\/solardorosario.com.br\/galeria\/wp-content\/uploads\/2024\/04\/Imagem-do-WhatsApp-de-2024-04-02-as-10.59.17_1ca75bc5.jpg","datePublished":"2024-04-02T14:05:08+00:00","dateModified":"2026-03-13T17:23:46+00:00","breadcrumb":{"@id":"https:\/\/solardorosario.com.br\/galeria\/produto\/corina-ferraz-o-dia-em-que-o-caminhao-virou-enfeite\/#breadcrumb"},"inLanguage":"pt-BR","potentialAction":[{"@type":"ReadAction","target":["https:\/\/solardorosario.com.br\/galeria\/produto\/corina-ferraz-o-dia-em-que-o-caminhao-virou-enfeite\/"]}]},{"@type":"ImageObject","inLanguage":"pt-BR","@id":"https:\/\/solardorosario.com.br\/galeria\/produto\/corina-ferraz-o-dia-em-que-o-caminhao-virou-enfeite\/#primaryimage","url":"https:\/\/solardorosario.com.br\/galeria\/wp-content\/uploads\/2024\/04\/Imagem-do-WhatsApp-de-2024-04-02-as-10.59.17_1ca75bc5.jpg","contentUrl":"https:\/\/solardorosario.com.br\/galeria\/wp-content\/uploads\/2024\/04\/Imagem-do-WhatsApp-de-2024-04-02-as-10.59.17_1ca75bc5.jpg","width":1280,"height":970},{"@type":"BreadcrumbList","@id":"https:\/\/solardorosario.com.br\/galeria\/produto\/corina-ferraz-o-dia-em-que-o-caminhao-virou-enfeite\/#breadcrumb","itemListElement":[{"@type":"ListItem","position":1,"name":"In\u00edcio","item":"https:\/\/solardorosario.com.br\/galeria\/"},{"@type":"ListItem","position":2,"name":"galeria","item":"https:\/\/solardorosario.com.br\/galeria\/galeria\/"},{"@type":"ListItem","position":3,"name":"Corina Ferraz - O dia em que o caminh\u00e3o virou enfeite"}]},{"@type":"WebSite","@id":"https:\/\/solardorosario.com.br\/galeria\/#website","url":"https:\/\/solardorosario.com.br\/galeria\/","name":"Solar do Ros\u00e1rio Galeria \\\\\\\\Nova","description":"","potentialAction":[{"@type":"SearchAction","target":{"@type":"EntryPoint","urlTemplate":"https:\/\/solardorosario.com.br\/galeria\/?s={search_term_string}"},"query-input":{"@type":"PropertyValueSpecification","valueRequired":true,"valueName":"search_term_string"}}],"inLanguage":"pt-BR"}]}},"_links":{"self":[{"href":"https:\/\/solardorosario.com.br\/galeria\/wp-json\/wp\/v2\/product\/4492","targetHints":{"allow":["GET"]}}],"collection":[{"href":"https:\/\/solardorosario.com.br\/galeria\/wp-json\/wp\/v2\/product"}],"about":[{"href":"https:\/\/solardorosario.com.br\/galeria\/wp-json\/wp\/v2\/types\/product"}],"wp:featuredmedia":[{"embeddable":true,"href":"https:\/\/solardorosario.com.br\/galeria\/wp-json\/wp\/v2\/media\/4493"}],"wp:attachment":[{"href":"https:\/\/solardorosario.com.br\/galeria\/wp-json\/wp\/v2\/media?parent=4492"}],"wp:term":[{"taxonomy":"product_brand","embeddable":true,"href":"https:\/\/solardorosario.com.br\/galeria\/wp-json\/wp\/v2\/product_brand?post=4492"},{"taxonomy":"product_cat","embeddable":true,"href":"https:\/\/solardorosario.com.br\/galeria\/wp-json\/wp\/v2\/product_cat?post=4492"},{"taxonomy":"product_tag","embeddable":true,"href":"https:\/\/solardorosario.com.br\/galeria\/wp-json\/wp\/v2\/product_tag?post=4492"}],"curies":[{"name":"wp","href":"https:\/\/api.w.org\/{rel}","templated":true}]}}