{"id":4389,"date":"2024-03-26T10:54:02","date_gmt":"2024-03-26T13:54:02","guid":{"rendered":"https:\/\/solardorosario.com.br\/galeria\/?post_type=product&#038;p=4389"},"modified":"2025-12-02T12:00:47","modified_gmt":"2025-12-02T15:00:47","slug":"domicio-pedroso-no-94","status":"publish","type":"product","link":"https:\/\/solardorosario.com.br\/galeria\/produto\/domicio-pedroso-no-94\/","title":{"rendered":"Dom\u00edcio Pedroso - n\u00ba 94"},"content":{"rendered":"<p><strong>Artista:<\/strong> Dom\u00edcio Pedroso<\/p>\n<p><strong>T\u00edtulo:<\/strong> n\u00ba 94<\/p>\n<p><strong>Dimens\u00e3o:<\/strong> 79x99cm<\/p>\n<p><strong>T\u00e9cnica:<\/strong> \u00d3leo sobre tela (com moldura)<\/p>\n<p><strong>Ano:<\/strong> 1986<\/p>\n<p>&nbsp;<\/p>\n<p>Nasceu em Curitiba - PR, em 1930. Seu pai era colecionador de obras de artes e trabalhava na Secretaria da Educa\u00e7\u00e3o e Cultura do Paran\u00e1. Estudou na 1\u00aa turma da Escola de M\u00fasica e Belas Artes do Paran\u00e1, em Pintura, em 1948, apesar de j\u00e1 ter iniciado seus estudos art\u00edsticos com o professor Guido Viaro. Em 1949, participou do 1 sal\u00e3o, o II Sal\u00e3o de Belas Artes da Primavera do Clube Conc\u00f3rdia e recebeu uma men\u00e7\u00e3o honrosa por sua obra. Em 1958 realiza sua primeira exposi\u00e7\u00e3o individual, na Biblioteca P\u00fablica do Paran\u00e1. De 1959 a 1962, permanece em Paris, onde se tornou o primeiro brasileiro formado com t\u00e9cnicas audiovisuais no Centre \u00c1udio Visuel de Saint Cloud, com diploma homologado pela UNESCO. Participou de exposi\u00e7\u00f5es, coletivas e individuais e mostras pelo Brasil como Curitiba, Porto Alegre, S\u00e3o Paulo, Rio de Janeiro, Foz do Igua\u00e7u e pelo mundo como na Su\u00ed\u00e7a, Estados Unidos e Jap\u00e3o. Fez parte de comiss\u00f5es j\u00faris, curadorias e deu aulas de planejamento e curadoria.<\/p>\n","protected":false},"excerpt":{"rendered":"<p>Artista: Dom\u00edcio Pedroso T\u00edtulo: n\u00ba 94 Dimens\u00e3o: 79x99cm T\u00e9cnica: \u00d3leo sobre tela (com moldura) Ano: 1986 &nbsp; Nasceu em Curitiba - PR, em 1930. Seu pai era colecionador de obras de artes e trabalhava na Secretaria da Educa\u00e7\u00e3o e Cultura do Paran\u00e1. Estudou na 1\u00aa turma da Escola de M\u00fasica e Belas Artes do Paran\u00e1, [&hellip;]<\/p>\n","protected":false},"featured_media":4390,"template":"","meta":[],"product_brand":[],"product_cat":[16],"product_tag":[],"class_list":{"0":"post-4389","1":"product","2":"type-product","3":"status-publish","4":"has-post-thumbnail","6":"product_cat-sem-categoria","7":"pa_artista-domicio-pedroso","8":"pa_estilo-abstrato","9":"pa_tecnica-oleo-sobre-tela","11":"first","12":"instock","13":"shipping-taxable","14":"product-type-simple"},"yoast_head":"<!-- This site is optimized with the Yoast SEO plugin v27.4 - https:\/\/yoast.com\/product\/yoast-seo-wordpress\/ -->\n<title>Dom\u00edcio Pedroso - n\u00ba 94 - Solar do Ros\u00e1rio Galeria \\\\\\\\Nova<\/title>\n<meta name=\"robots\" content=\"index, follow, max-snippet:-1, max-image-preview:large, max-video-preview:-1\" \/>\n<link rel=\"canonical\" href=\"https:\/\/solardorosario.com.br\/galeria\/produto\/domicio-pedroso-no-94\/\" \/>\n<meta property=\"og:locale\" content=\"pt_BR\" \/>\n<meta property=\"og:type\" content=\"article\" \/>\n<meta property=\"og:title\" content=\"Dom\u00edcio Pedroso - n\u00ba 94 - Solar do Ros\u00e1rio Galeria \\\\\\\\Nova\" \/>\n<meta property=\"og:description\" content=\"Artista: Dom\u00edcio Pedroso T\u00edtulo: n\u00ba 94 Dimens\u00e3o: 79x99cm T\u00e9cnica: \u00d3leo sobre tela (com moldura) Ano: 1986 &nbsp; Nasceu em Curitiba - PR, em 1930. Seu pai era colecionador de obras de artes e trabalhava na Secretaria da Educa\u00e7\u00e3o e Cultura do Paran\u00e1. Estudou na 1\u00aa turma da Escola de M\u00fasica e Belas Artes do Paran\u00e1, [&hellip;]\" \/>\n<meta property=\"og:url\" content=\"https:\/\/solardorosario.com.br\/galeria\/produto\/domicio-pedroso-no-94\/\" \/>\n<meta property=\"og:site_name\" content=\"Solar do Ros\u00e1rio Galeria \\\\\\\\Nova\" \/>\n<meta property=\"article:modified_time\" content=\"2025-12-02T15:00:47+00:00\" \/>\n<meta property=\"og:image\" content=\"https:\/\/solardorosario.com.br\/galeria\/wp-content\/uploads\/2024\/03\/Imagem-do-WhatsApp-de-2024-03-26-as-10.00.24_74ca7703.jpg\" \/>\n\t<meta property=\"og:image:width\" content=\"1280\" \/>\n\t<meta property=\"og:image:height\" content=\"1055\" \/>\n\t<meta property=\"og:image:type\" content=\"image\/jpeg\" \/>\n<meta name=\"twitter:card\" content=\"summary_large_image\" \/>\n<meta name=\"twitter:label1\" content=\"Est. tempo de leitura\" \/>\n\t<meta name=\"twitter:data1\" content=\"2 minutos\" \/>\n<script type=\"application\/ld+json\" class=\"yoast-schema-graph\">{\"@context\":\"https:\\\/\\\/schema.org\",\"@graph\":[{\"@type\":\"WebPage\",\"@id\":\"https:\\\/\\\/solardorosario.com.br\\\/galeria\\\/produto\\\/domicio-pedroso-no-94\\\/\",\"url\":\"https:\\\/\\\/solardorosario.com.br\\\/galeria\\\/produto\\\/domicio-pedroso-no-94\\\/\",\"name\":\"Dom\u00edcio Pedroso - n\u00ba 94 - Solar do Ros\u00e1rio Galeria \\\\\\\\\\\\\\\\Nova\",\"isPartOf\":{\"@id\":\"https:\\\/\\\/solardorosario.com.br\\\/galeria\\\/#website\"},\"primaryImageOfPage\":{\"@id\":\"https:\\\/\\\/solardorosario.com.br\\\/galeria\\\/produto\\\/domicio-pedroso-no-94\\\/#primaryimage\"},\"image\":{\"@id\":\"https:\\\/\\\/solardorosario.com.br\\\/galeria\\\/produto\\\/domicio-pedroso-no-94\\\/#primaryimage\"},\"thumbnailUrl\":\"https:\\\/\\\/solardorosario.com.br\\\/galeria\\\/wp-content\\\/uploads\\\/2024\\\/03\\\/Imagem-do-WhatsApp-de-2024-03-26-as-10.00.24_74ca7703.jpg\",\"datePublished\":\"2024-03-26T13:54:02+00:00\",\"dateModified\":\"2025-12-02T15:00:47+00:00\",\"breadcrumb\":{\"@id\":\"https:\\\/\\\/solardorosario.com.br\\\/galeria\\\/produto\\\/domicio-pedroso-no-94\\\/#breadcrumb\"},\"inLanguage\":\"pt-BR\",\"potentialAction\":[{\"@type\":\"ReadAction\",\"target\":[\"https:\\\/\\\/solardorosario.com.br\\\/galeria\\\/produto\\\/domicio-pedroso-no-94\\\/\"]}]},{\"@type\":\"ImageObject\",\"inLanguage\":\"pt-BR\",\"@id\":\"https:\\\/\\\/solardorosario.com.br\\\/galeria\\\/produto\\\/domicio-pedroso-no-94\\\/#primaryimage\",\"url\":\"https:\\\/\\\/solardorosario.com.br\\\/galeria\\\/wp-content\\\/uploads\\\/2024\\\/03\\\/Imagem-do-WhatsApp-de-2024-03-26-as-10.00.24_74ca7703.jpg\",\"contentUrl\":\"https:\\\/\\\/solardorosario.com.br\\\/galeria\\\/wp-content\\\/uploads\\\/2024\\\/03\\\/Imagem-do-WhatsApp-de-2024-03-26-as-10.00.24_74ca7703.jpg\",\"width\":1280,\"height\":1055},{\"@type\":\"BreadcrumbList\",\"@id\":\"https:\\\/\\\/solardorosario.com.br\\\/galeria\\\/produto\\\/domicio-pedroso-no-94\\\/#breadcrumb\",\"itemListElement\":[{\"@type\":\"ListItem\",\"position\":1,\"name\":\"In\u00edcio\",\"item\":\"https:\\\/\\\/solardorosario.com.br\\\/galeria\\\/\"},{\"@type\":\"ListItem\",\"position\":2,\"name\":\"galeria\",\"item\":\"https:\\\/\\\/solardorosario.com.br\\\/galeria\\\/galeria\\\/\"},{\"@type\":\"ListItem\",\"position\":3,\"name\":\"Dom\u00edcio Pedroso - n\u00ba 94\"}]},{\"@type\":\"WebSite\",\"@id\":\"https:\\\/\\\/solardorosario.com.br\\\/galeria\\\/#website\",\"url\":\"https:\\\/\\\/solardorosario.com.br\\\/galeria\\\/\",\"name\":\"Solar do Ros\u00e1rio Galeria \\\\\\\\\\\\\\\\Nova\",\"description\":\"\",\"potentialAction\":[{\"@type\":\"SearchAction\",\"target\":{\"@type\":\"EntryPoint\",\"urlTemplate\":\"https:\\\/\\\/solardorosario.com.br\\\/galeria\\\/?s={search_term_string}\"},\"query-input\":{\"@type\":\"PropertyValueSpecification\",\"valueRequired\":true,\"valueName\":\"search_term_string\"}}],\"inLanguage\":\"pt-BR\"}]}<\/script>\n<!-- \/ Yoast SEO plugin. -->","yoast_head_json":{"title":"Dom\u00edcio Pedroso - n\u00ba 94 - Solar do Ros\u00e1rio Galeria \\\\\\\\Nova","robots":{"index":"index","follow":"follow","max-snippet":"max-snippet:-1","max-image-preview":"max-image-preview:large","max-video-preview":"max-video-preview:-1"},"canonical":"https:\/\/solardorosario.com.br\/galeria\/produto\/domicio-pedroso-no-94\/","og_locale":"pt_BR","og_type":"article","og_title":"Dom\u00edcio Pedroso - n\u00ba 94 - Solar do Ros\u00e1rio Galeria \\\\\\\\Nova","og_description":"Artista: Dom\u00edcio Pedroso T\u00edtulo: n\u00ba 94 Dimens\u00e3o: 79x99cm T\u00e9cnica: \u00d3leo sobre tela (com moldura) Ano: 1986 &nbsp; Nasceu em Curitiba - PR, em 1930. Seu pai era colecionador de obras de artes e trabalhava na Secretaria da Educa\u00e7\u00e3o e Cultura do Paran\u00e1. Estudou na 1\u00aa turma da Escola de M\u00fasica e Belas Artes do Paran\u00e1, [&hellip;]","og_url":"https:\/\/solardorosario.com.br\/galeria\/produto\/domicio-pedroso-no-94\/","og_site_name":"Solar do Ros\u00e1rio Galeria \\\\\\\\Nova","article_modified_time":"2025-12-02T15:00:47+00:00","og_image":[{"width":1280,"height":1055,"url":"https:\/\/solardorosario.com.br\/galeria\/wp-content\/uploads\/2024\/03\/Imagem-do-WhatsApp-de-2024-03-26-as-10.00.24_74ca7703.jpg","type":"image\/jpeg"}],"twitter_card":"summary_large_image","twitter_misc":{"Est. tempo de leitura":"2 minutos"},"schema":{"@context":"https:\/\/schema.org","@graph":[{"@type":"WebPage","@id":"https:\/\/solardorosario.com.br\/galeria\/produto\/domicio-pedroso-no-94\/","url":"https:\/\/solardorosario.com.br\/galeria\/produto\/domicio-pedroso-no-94\/","name":"Dom\u00edcio Pedroso - n\u00ba 94 - Solar do Ros\u00e1rio Galeria \\\\\\\\Nova","isPartOf":{"@id":"https:\/\/solardorosario.com.br\/galeria\/#website"},"primaryImageOfPage":{"@id":"https:\/\/solardorosario.com.br\/galeria\/produto\/domicio-pedroso-no-94\/#primaryimage"},"image":{"@id":"https:\/\/solardorosario.com.br\/galeria\/produto\/domicio-pedroso-no-94\/#primaryimage"},"thumbnailUrl":"https:\/\/solardorosario.com.br\/galeria\/wp-content\/uploads\/2024\/03\/Imagem-do-WhatsApp-de-2024-03-26-as-10.00.24_74ca7703.jpg","datePublished":"2024-03-26T13:54:02+00:00","dateModified":"2025-12-02T15:00:47+00:00","breadcrumb":{"@id":"https:\/\/solardorosario.com.br\/galeria\/produto\/domicio-pedroso-no-94\/#breadcrumb"},"inLanguage":"pt-BR","potentialAction":[{"@type":"ReadAction","target":["https:\/\/solardorosario.com.br\/galeria\/produto\/domicio-pedroso-no-94\/"]}]},{"@type":"ImageObject","inLanguage":"pt-BR","@id":"https:\/\/solardorosario.com.br\/galeria\/produto\/domicio-pedroso-no-94\/#primaryimage","url":"https:\/\/solardorosario.com.br\/galeria\/wp-content\/uploads\/2024\/03\/Imagem-do-WhatsApp-de-2024-03-26-as-10.00.24_74ca7703.jpg","contentUrl":"https:\/\/solardorosario.com.br\/galeria\/wp-content\/uploads\/2024\/03\/Imagem-do-WhatsApp-de-2024-03-26-as-10.00.24_74ca7703.jpg","width":1280,"height":1055},{"@type":"BreadcrumbList","@id":"https:\/\/solardorosario.com.br\/galeria\/produto\/domicio-pedroso-no-94\/#breadcrumb","itemListElement":[{"@type":"ListItem","position":1,"name":"In\u00edcio","item":"https:\/\/solardorosario.com.br\/galeria\/"},{"@type":"ListItem","position":2,"name":"galeria","item":"https:\/\/solardorosario.com.br\/galeria\/galeria\/"},{"@type":"ListItem","position":3,"name":"Dom\u00edcio Pedroso - n\u00ba 94"}]},{"@type":"WebSite","@id":"https:\/\/solardorosario.com.br\/galeria\/#website","url":"https:\/\/solardorosario.com.br\/galeria\/","name":"Solar do Ros\u00e1rio Galeria \\\\\\\\Nova","description":"","potentialAction":[{"@type":"SearchAction","target":{"@type":"EntryPoint","urlTemplate":"https:\/\/solardorosario.com.br\/galeria\/?s={search_term_string}"},"query-input":{"@type":"PropertyValueSpecification","valueRequired":true,"valueName":"search_term_string"}}],"inLanguage":"pt-BR"}]}},"_links":{"self":[{"href":"https:\/\/solardorosario.com.br\/galeria\/wp-json\/wp\/v2\/product\/4389","targetHints":{"allow":["GET"]}}],"collection":[{"href":"https:\/\/solardorosario.com.br\/galeria\/wp-json\/wp\/v2\/product"}],"about":[{"href":"https:\/\/solardorosario.com.br\/galeria\/wp-json\/wp\/v2\/types\/product"}],"wp:featuredmedia":[{"embeddable":true,"href":"https:\/\/solardorosario.com.br\/galeria\/wp-json\/wp\/v2\/media\/4390"}],"wp:attachment":[{"href":"https:\/\/solardorosario.com.br\/galeria\/wp-json\/wp\/v2\/media?parent=4389"}],"wp:term":[{"taxonomy":"product_brand","embeddable":true,"href":"https:\/\/solardorosario.com.br\/galeria\/wp-json\/wp\/v2\/product_brand?post=4389"},{"taxonomy":"product_cat","embeddable":true,"href":"https:\/\/solardorosario.com.br\/galeria\/wp-json\/wp\/v2\/product_cat?post=4389"},{"taxonomy":"product_tag","embeddable":true,"href":"https:\/\/solardorosario.com.br\/galeria\/wp-json\/wp\/v2\/product_tag?post=4389"}],"curies":[{"name":"wp","href":"https:\/\/api.w.org\/{rel}","templated":true}]}}