{"id":4388,"date":"2024-03-26T10:44:51","date_gmt":"2024-03-26T13:44:51","guid":{"rendered":"https:\/\/solardorosario.com.br\/galeria\/?post_type=product&#038;p=4388"},"modified":"2026-03-18T18:11:40","modified_gmt":"2026-03-18T21:11:40","slug":"carla-schwab-movimento-xxii","status":"publish","type":"product","link":"https:\/\/solardorosario.com.br\/galeria\/produto\/carla-schwab-movimento-xxii\/","title":{"rendered":"Carla Schwab - Movimento XXII"},"content":{"rendered":"<p><strong>Artista:<\/strong> Carla Schwab<\/p>\n<p><strong>T\u00edtulo:<\/strong> S\u00e9rie Movimento - Movimento XXII<\/p>\n<p><strong>T\u00e9cnica:<\/strong> Mista sobre tela PET<\/p>\n<p><strong>Dimens\u00e3o:<\/strong> 100x100cm (sem moldura)<\/p>\n<p>&nbsp;<\/p>\n<p>&nbsp;<\/p>\n<p><em><strong>Carla Schwab<\/strong><\/em>\u00a0\u00e9 Artista Visual graduada pela UFPel-RS e Professora de Artes em estudos de materiais e t\u00e9cnicas de pintura. Sua s\u00e9rie \u201cRendados\u201d \u00e9 uma produ\u00e7\u00e3o atemporal, premiada, com participa\u00e7\u00f5es em edi\u00e7\u00f5es da Casa Cor pelo Brasil, Carrousel Du Louvre em Paris, entre outras. Suas obras oferecem teor contempor\u00e2neo sustent\u00e1vel, onde a artista utiliza o pincel como se fosse uma agulha de croch\u00ea.<\/p>\n","protected":false},"excerpt":{"rendered":"<p>Artista: Carla Schwab T\u00edtulo: S\u00e9rie Movimento - Movimento XXII T\u00e9cnica: Mista sobre tela PET Dimens\u00e3o: 100x100cm (sem moldura) &nbsp; &nbsp; Carla Schwab\u00a0\u00e9 Artista Visual graduada pela UFPel-RS e Professora de Artes em estudos de materiais e t\u00e9cnicas de pintura. Sua s\u00e9rie \u201cRendados\u201d \u00e9 uma produ\u00e7\u00e3o atemporal, premiada, com participa\u00e7\u00f5es em edi\u00e7\u00f5es da Casa Cor pelo [&hellip;]<\/p>\n","protected":false},"featured_media":4386,"template":"","meta":[],"product_brand":[],"product_cat":[117],"product_tag":[],"class_list":{"0":"post-4388","1":"product","2":"type-product","3":"status-publish","4":"has-post-thumbnail","6":"product_cat-galeria","7":"pa_artista-carla-schwab","8":"pa_estilo-mandala","9":"pa_tecnica-mista-sobre-tela","11":"first","12":"instock","13":"shipping-taxable","14":"purchasable","15":"product-type-simple"},"yoast_head":"<!-- This site is optimized with the Yoast SEO plugin v27.4 - https:\/\/yoast.com\/product\/yoast-seo-wordpress\/ -->\n<title>Carla Schwab - Movimento XXII - Solar do Ros\u00e1rio Galeria \\\\\\\\Nova<\/title>\n<meta name=\"robots\" content=\"index, follow, max-snippet:-1, max-image-preview:large, max-video-preview:-1\" \/>\n<link rel=\"canonical\" href=\"https:\/\/solardorosario.com.br\/galeria\/produto\/carla-schwab-movimento-xxii\/\" \/>\n<meta property=\"og:locale\" content=\"pt_BR\" \/>\n<meta property=\"og:type\" content=\"article\" \/>\n<meta property=\"og:title\" content=\"Carla Schwab - Movimento XXII - Solar do Ros\u00e1rio Galeria \\\\\\\\Nova\" \/>\n<meta property=\"og:description\" content=\"Artista: Carla Schwab T\u00edtulo: S\u00e9rie Movimento - Movimento XXII T\u00e9cnica: Mista sobre tela PET Dimens\u00e3o: 100x100cm (sem moldura) &nbsp; &nbsp; Carla Schwab\u00a0\u00e9 Artista Visual graduada pela UFPel-RS e Professora de Artes em estudos de materiais e t\u00e9cnicas de pintura. Sua s\u00e9rie \u201cRendados\u201d \u00e9 uma produ\u00e7\u00e3o atemporal, premiada, com participa\u00e7\u00f5es em edi\u00e7\u00f5es da Casa Cor pelo [&hellip;]\" \/>\n<meta property=\"og:url\" content=\"https:\/\/solardorosario.com.br\/galeria\/produto\/carla-schwab-movimento-xxii\/\" \/>\n<meta property=\"og:site_name\" content=\"Solar do Ros\u00e1rio Galeria \\\\\\\\Nova\" \/>\n<meta property=\"article:modified_time\" content=\"2026-03-18T21:11:40+00:00\" \/>\n<meta property=\"og:image\" content=\"https:\/\/solardorosario.com.br\/galeria\/wp-content\/uploads\/2024\/03\/Imagem-do-WhatsApp-de-2024-03-26-as-10.36.05_58f3a93b.jpg\" \/>\n\t<meta property=\"og:image:width\" content=\"1277\" \/>\n\t<meta property=\"og:image:height\" content=\"1280\" \/>\n\t<meta property=\"og:image:type\" content=\"image\/jpeg\" \/>\n<meta name=\"twitter:card\" content=\"summary_large_image\" \/>\n<meta name=\"twitter:label1\" content=\"Est. tempo de leitura\" \/>\n\t<meta name=\"twitter:data1\" content=\"1 minuto\" \/>\n<script type=\"application\/ld+json\" class=\"yoast-schema-graph\">{\"@context\":\"https:\\\/\\\/schema.org\",\"@graph\":[{\"@type\":\"WebPage\",\"@id\":\"https:\\\/\\\/solardorosario.com.br\\\/galeria\\\/produto\\\/carla-schwab-movimento-xxii\\\/\",\"url\":\"https:\\\/\\\/solardorosario.com.br\\\/galeria\\\/produto\\\/carla-schwab-movimento-xxii\\\/\",\"name\":\"Carla Schwab - Movimento XXII - Solar do Ros\u00e1rio Galeria \\\\\\\\\\\\\\\\Nova\",\"isPartOf\":{\"@id\":\"https:\\\/\\\/solardorosario.com.br\\\/galeria\\\/#website\"},\"primaryImageOfPage\":{\"@id\":\"https:\\\/\\\/solardorosario.com.br\\\/galeria\\\/produto\\\/carla-schwab-movimento-xxii\\\/#primaryimage\"},\"image\":{\"@id\":\"https:\\\/\\\/solardorosario.com.br\\\/galeria\\\/produto\\\/carla-schwab-movimento-xxii\\\/#primaryimage\"},\"thumbnailUrl\":\"https:\\\/\\\/solardorosario.com.br\\\/galeria\\\/wp-content\\\/uploads\\\/2024\\\/03\\\/Imagem-do-WhatsApp-de-2024-03-26-as-10.36.05_58f3a93b.jpg\",\"datePublished\":\"2024-03-26T13:44:51+00:00\",\"dateModified\":\"2026-03-18T21:11:40+00:00\",\"breadcrumb\":{\"@id\":\"https:\\\/\\\/solardorosario.com.br\\\/galeria\\\/produto\\\/carla-schwab-movimento-xxii\\\/#breadcrumb\"},\"inLanguage\":\"pt-BR\",\"potentialAction\":[{\"@type\":\"ReadAction\",\"target\":[\"https:\\\/\\\/solardorosario.com.br\\\/galeria\\\/produto\\\/carla-schwab-movimento-xxii\\\/\"]}]},{\"@type\":\"ImageObject\",\"inLanguage\":\"pt-BR\",\"@id\":\"https:\\\/\\\/solardorosario.com.br\\\/galeria\\\/produto\\\/carla-schwab-movimento-xxii\\\/#primaryimage\",\"url\":\"https:\\\/\\\/solardorosario.com.br\\\/galeria\\\/wp-content\\\/uploads\\\/2024\\\/03\\\/Imagem-do-WhatsApp-de-2024-03-26-as-10.36.05_58f3a93b.jpg\",\"contentUrl\":\"https:\\\/\\\/solardorosario.com.br\\\/galeria\\\/wp-content\\\/uploads\\\/2024\\\/03\\\/Imagem-do-WhatsApp-de-2024-03-26-as-10.36.05_58f3a93b.jpg\",\"width\":1277,\"height\":1280},{\"@type\":\"BreadcrumbList\",\"@id\":\"https:\\\/\\\/solardorosario.com.br\\\/galeria\\\/produto\\\/carla-schwab-movimento-xxii\\\/#breadcrumb\",\"itemListElement\":[{\"@type\":\"ListItem\",\"position\":1,\"name\":\"In\u00edcio\",\"item\":\"https:\\\/\\\/solardorosario.com.br\\\/galeria\\\/\"},{\"@type\":\"ListItem\",\"position\":2,\"name\":\"galeria\",\"item\":\"https:\\\/\\\/solardorosario.com.br\\\/galeria\\\/galeria\\\/\"},{\"@type\":\"ListItem\",\"position\":3,\"name\":\"Carla Schwab - Movimento XXII\"}]},{\"@type\":\"WebSite\",\"@id\":\"https:\\\/\\\/solardorosario.com.br\\\/galeria\\\/#website\",\"url\":\"https:\\\/\\\/solardorosario.com.br\\\/galeria\\\/\",\"name\":\"Solar do Ros\u00e1rio Galeria \\\\\\\\\\\\\\\\Nova\",\"description\":\"\",\"potentialAction\":[{\"@type\":\"SearchAction\",\"target\":{\"@type\":\"EntryPoint\",\"urlTemplate\":\"https:\\\/\\\/solardorosario.com.br\\\/galeria\\\/?s={search_term_string}\"},\"query-input\":{\"@type\":\"PropertyValueSpecification\",\"valueRequired\":true,\"valueName\":\"search_term_string\"}}],\"inLanguage\":\"pt-BR\"}]}<\/script>\n<!-- \/ Yoast SEO plugin. -->","yoast_head_json":{"title":"Carla Schwab - Movimento XXII - Solar do Ros\u00e1rio Galeria \\\\\\\\Nova","robots":{"index":"index","follow":"follow","max-snippet":"max-snippet:-1","max-image-preview":"max-image-preview:large","max-video-preview":"max-video-preview:-1"},"canonical":"https:\/\/solardorosario.com.br\/galeria\/produto\/carla-schwab-movimento-xxii\/","og_locale":"pt_BR","og_type":"article","og_title":"Carla Schwab - Movimento XXII - Solar do Ros\u00e1rio Galeria \\\\\\\\Nova","og_description":"Artista: Carla Schwab T\u00edtulo: S\u00e9rie Movimento - Movimento XXII T\u00e9cnica: Mista sobre tela PET Dimens\u00e3o: 100x100cm (sem moldura) &nbsp; &nbsp; Carla Schwab\u00a0\u00e9 Artista Visual graduada pela UFPel-RS e Professora de Artes em estudos de materiais e t\u00e9cnicas de pintura. Sua s\u00e9rie \u201cRendados\u201d \u00e9 uma produ\u00e7\u00e3o atemporal, premiada, com participa\u00e7\u00f5es em edi\u00e7\u00f5es da Casa Cor pelo [&hellip;]","og_url":"https:\/\/solardorosario.com.br\/galeria\/produto\/carla-schwab-movimento-xxii\/","og_site_name":"Solar do Ros\u00e1rio Galeria \\\\\\\\Nova","article_modified_time":"2026-03-18T21:11:40+00:00","og_image":[{"width":1277,"height":1280,"url":"https:\/\/solardorosario.com.br\/galeria\/wp-content\/uploads\/2024\/03\/Imagem-do-WhatsApp-de-2024-03-26-as-10.36.05_58f3a93b.jpg","type":"image\/jpeg"}],"twitter_card":"summary_large_image","twitter_misc":{"Est. tempo de leitura":"1 minuto"},"schema":{"@context":"https:\/\/schema.org","@graph":[{"@type":"WebPage","@id":"https:\/\/solardorosario.com.br\/galeria\/produto\/carla-schwab-movimento-xxii\/","url":"https:\/\/solardorosario.com.br\/galeria\/produto\/carla-schwab-movimento-xxii\/","name":"Carla Schwab - Movimento XXII - Solar do Ros\u00e1rio Galeria \\\\\\\\Nova","isPartOf":{"@id":"https:\/\/solardorosario.com.br\/galeria\/#website"},"primaryImageOfPage":{"@id":"https:\/\/solardorosario.com.br\/galeria\/produto\/carla-schwab-movimento-xxii\/#primaryimage"},"image":{"@id":"https:\/\/solardorosario.com.br\/galeria\/produto\/carla-schwab-movimento-xxii\/#primaryimage"},"thumbnailUrl":"https:\/\/solardorosario.com.br\/galeria\/wp-content\/uploads\/2024\/03\/Imagem-do-WhatsApp-de-2024-03-26-as-10.36.05_58f3a93b.jpg","datePublished":"2024-03-26T13:44:51+00:00","dateModified":"2026-03-18T21:11:40+00:00","breadcrumb":{"@id":"https:\/\/solardorosario.com.br\/galeria\/produto\/carla-schwab-movimento-xxii\/#breadcrumb"},"inLanguage":"pt-BR","potentialAction":[{"@type":"ReadAction","target":["https:\/\/solardorosario.com.br\/galeria\/produto\/carla-schwab-movimento-xxii\/"]}]},{"@type":"ImageObject","inLanguage":"pt-BR","@id":"https:\/\/solardorosario.com.br\/galeria\/produto\/carla-schwab-movimento-xxii\/#primaryimage","url":"https:\/\/solardorosario.com.br\/galeria\/wp-content\/uploads\/2024\/03\/Imagem-do-WhatsApp-de-2024-03-26-as-10.36.05_58f3a93b.jpg","contentUrl":"https:\/\/solardorosario.com.br\/galeria\/wp-content\/uploads\/2024\/03\/Imagem-do-WhatsApp-de-2024-03-26-as-10.36.05_58f3a93b.jpg","width":1277,"height":1280},{"@type":"BreadcrumbList","@id":"https:\/\/solardorosario.com.br\/galeria\/produto\/carla-schwab-movimento-xxii\/#breadcrumb","itemListElement":[{"@type":"ListItem","position":1,"name":"In\u00edcio","item":"https:\/\/solardorosario.com.br\/galeria\/"},{"@type":"ListItem","position":2,"name":"galeria","item":"https:\/\/solardorosario.com.br\/galeria\/galeria\/"},{"@type":"ListItem","position":3,"name":"Carla Schwab - Movimento XXII"}]},{"@type":"WebSite","@id":"https:\/\/solardorosario.com.br\/galeria\/#website","url":"https:\/\/solardorosario.com.br\/galeria\/","name":"Solar do Ros\u00e1rio Galeria \\\\\\\\Nova","description":"","potentialAction":[{"@type":"SearchAction","target":{"@type":"EntryPoint","urlTemplate":"https:\/\/solardorosario.com.br\/galeria\/?s={search_term_string}"},"query-input":{"@type":"PropertyValueSpecification","valueRequired":true,"valueName":"search_term_string"}}],"inLanguage":"pt-BR"}]}},"_links":{"self":[{"href":"https:\/\/solardorosario.com.br\/galeria\/wp-json\/wp\/v2\/product\/4388","targetHints":{"allow":["GET"]}}],"collection":[{"href":"https:\/\/solardorosario.com.br\/galeria\/wp-json\/wp\/v2\/product"}],"about":[{"href":"https:\/\/solardorosario.com.br\/galeria\/wp-json\/wp\/v2\/types\/product"}],"wp:featuredmedia":[{"embeddable":true,"href":"https:\/\/solardorosario.com.br\/galeria\/wp-json\/wp\/v2\/media\/4386"}],"wp:attachment":[{"href":"https:\/\/solardorosario.com.br\/galeria\/wp-json\/wp\/v2\/media?parent=4388"}],"wp:term":[{"taxonomy":"product_brand","embeddable":true,"href":"https:\/\/solardorosario.com.br\/galeria\/wp-json\/wp\/v2\/product_brand?post=4388"},{"taxonomy":"product_cat","embeddable":true,"href":"https:\/\/solardorosario.com.br\/galeria\/wp-json\/wp\/v2\/product_cat?post=4388"},{"taxonomy":"product_tag","embeddable":true,"href":"https:\/\/solardorosario.com.br\/galeria\/wp-json\/wp\/v2\/product_tag?post=4388"}],"curies":[{"name":"wp","href":"https:\/\/api.w.org\/{rel}","templated":true}]}}