{"id":4339,"date":"2024-03-25T11:22:00","date_gmt":"2024-03-25T14:22:00","guid":{"rendered":"https:\/\/solardorosario.com.br\/galeria\/?post_type=product&#038;p=4339"},"modified":"2026-03-18T18:13:59","modified_gmt":"2026-03-18T21:13:59","slug":"carla-schwab-ornato-rendado-v","status":"publish","type":"product","link":"https:\/\/solardorosario.com.br\/galeria\/produto\/carla-schwab-ornato-rendado-v\/","title":{"rendered":"Carla Schwab - Ornato Rendado V"},"content":{"rendered":"<p><strong>Artista:<\/strong> Carla Schwab<\/p>\n<p><strong>T\u00edtulo:<\/strong> Ornatos Rendados V - S\u00e9rie Ornatos Rendados<\/p>\n<p><strong>T\u00e9cnica:<\/strong> Mista (colagem de moldes de costura e mapas) sobre tela PET<\/p>\n<p><strong>Dimens\u00e3o:<\/strong> 120x129cm (com moldura)<\/p>\n<p>&nbsp;<\/p>\n<p>&nbsp;<\/p>\n<p><em><strong>Carla Schwab<\/strong><\/em>\u00a0\u00e9 Artista Visual graduada pela UFPel-RS e Professora de Artes em estudos de materiais e t\u00e9cnicas de pintura. Sua s\u00e9rie \u201cRendados\u201d \u00e9 uma produ\u00e7\u00e3o atemporal, premiada, com participa\u00e7\u00f5es em edi\u00e7\u00f5es da Casa Cor pelo Brasil, Carrousel Du Louvre em Paris, entre outras. Suas obras oferecem teor contempor\u00e2neo sustent\u00e1vel, onde a artista utiliza o pincel como se fosse uma agulha de croch\u00ea.<\/p>\n","protected":false},"excerpt":{"rendered":"<p>Artista: Carla Schwab T\u00edtulo: Ornatos Rendados V - S\u00e9rie Ornatos Rendados T\u00e9cnica: Mista (colagem de moldes de costura e mapas) sobre tela PET Dimens\u00e3o: 120x129cm (com moldura) &nbsp; &nbsp; Carla Schwab\u00a0\u00e9 Artista Visual graduada pela UFPel-RS e Professora de Artes em estudos de materiais e t\u00e9cnicas de pintura. Sua s\u00e9rie \u201cRendados\u201d \u00e9 uma produ\u00e7\u00e3o atemporal, [&hellip;]<\/p>\n","protected":false},"featured_media":4340,"template":"","meta":[],"product_brand":[],"product_cat":[117],"product_tag":[],"class_list":{"0":"post-4339","1":"product","2":"type-product","3":"status-publish","4":"has-post-thumbnail","6":"product_cat-galeria","7":"pa_artista-carla-schwab","8":"pa_estilo-mandala","9":"pa_tecnica-mista","10":"pa_tecnica-mista-sobre-tela","12":"first","13":"instock","14":"shipping-taxable","15":"purchasable","16":"product-type-simple"},"yoast_head":"<!-- This site is optimized with the Yoast SEO plugin v27.4 - https:\/\/yoast.com\/product\/yoast-seo-wordpress\/ -->\n<title>Carla Schwab - Ornato Rendado V - Solar do Ros\u00e1rio Galeria \\\\\\\\Nova<\/title>\n<meta name=\"robots\" content=\"index, follow, max-snippet:-1, max-image-preview:large, max-video-preview:-1\" \/>\n<link rel=\"canonical\" href=\"https:\/\/solardorosario.com.br\/galeria\/produto\/carla-schwab-ornato-rendado-v\/\" \/>\n<meta property=\"og:locale\" content=\"pt_BR\" \/>\n<meta property=\"og:type\" content=\"article\" \/>\n<meta property=\"og:title\" content=\"Carla Schwab - Ornato Rendado V - Solar do Ros\u00e1rio Galeria \\\\\\\\Nova\" \/>\n<meta property=\"og:description\" content=\"Artista: Carla Schwab T\u00edtulo: Ornatos Rendados V - S\u00e9rie Ornatos Rendados T\u00e9cnica: Mista (colagem de moldes de costura e mapas) sobre tela PET Dimens\u00e3o: 120x129cm (com moldura) &nbsp; &nbsp; Carla Schwab\u00a0\u00e9 Artista Visual graduada pela UFPel-RS e Professora de Artes em estudos de materiais e t\u00e9cnicas de pintura. Sua s\u00e9rie \u201cRendados\u201d \u00e9 uma produ\u00e7\u00e3o atemporal, [&hellip;]\" \/>\n<meta property=\"og:url\" content=\"https:\/\/solardorosario.com.br\/galeria\/produto\/carla-schwab-ornato-rendado-v\/\" \/>\n<meta property=\"og:site_name\" content=\"Solar do Ros\u00e1rio Galeria \\\\\\\\Nova\" \/>\n<meta property=\"article:modified_time\" content=\"2026-03-18T21:13:59+00:00\" \/>\n<meta property=\"og:image\" content=\"https:\/\/solardorosario.com.br\/galeria\/wp-content\/uploads\/2024\/03\/Imagem-do-WhatsApp-de-2024-03-25-as-11.15.31_5d81ca96.jpg\" \/>\n\t<meta property=\"og:image:width\" content=\"1280\" \/>\n\t<meta property=\"og:image:height\" content=\"1193\" \/>\n\t<meta property=\"og:image:type\" content=\"image\/jpeg\" \/>\n<meta name=\"twitter:card\" content=\"summary_large_image\" \/>\n<meta name=\"twitter:label1\" content=\"Est. tempo de leitura\" \/>\n\t<meta name=\"twitter:data1\" content=\"1 minuto\" \/>\n<script type=\"application\/ld+json\" class=\"yoast-schema-graph\">{\"@context\":\"https:\\\/\\\/schema.org\",\"@graph\":[{\"@type\":\"WebPage\",\"@id\":\"https:\\\/\\\/solardorosario.com.br\\\/galeria\\\/produto\\\/carla-schwab-ornato-rendado-v\\\/\",\"url\":\"https:\\\/\\\/solardorosario.com.br\\\/galeria\\\/produto\\\/carla-schwab-ornato-rendado-v\\\/\",\"name\":\"Carla Schwab - Ornato Rendado V - Solar do Ros\u00e1rio Galeria \\\\\\\\\\\\\\\\Nova\",\"isPartOf\":{\"@id\":\"https:\\\/\\\/solardorosario.com.br\\\/galeria\\\/#website\"},\"primaryImageOfPage\":{\"@id\":\"https:\\\/\\\/solardorosario.com.br\\\/galeria\\\/produto\\\/carla-schwab-ornato-rendado-v\\\/#primaryimage\"},\"image\":{\"@id\":\"https:\\\/\\\/solardorosario.com.br\\\/galeria\\\/produto\\\/carla-schwab-ornato-rendado-v\\\/#primaryimage\"},\"thumbnailUrl\":\"https:\\\/\\\/solardorosario.com.br\\\/galeria\\\/wp-content\\\/uploads\\\/2024\\\/03\\\/Imagem-do-WhatsApp-de-2024-03-25-as-11.15.31_5d81ca96.jpg\",\"datePublished\":\"2024-03-25T14:22:00+00:00\",\"dateModified\":\"2026-03-18T21:13:59+00:00\",\"breadcrumb\":{\"@id\":\"https:\\\/\\\/solardorosario.com.br\\\/galeria\\\/produto\\\/carla-schwab-ornato-rendado-v\\\/#breadcrumb\"},\"inLanguage\":\"pt-BR\",\"potentialAction\":[{\"@type\":\"ReadAction\",\"target\":[\"https:\\\/\\\/solardorosario.com.br\\\/galeria\\\/produto\\\/carla-schwab-ornato-rendado-v\\\/\"]}]},{\"@type\":\"ImageObject\",\"inLanguage\":\"pt-BR\",\"@id\":\"https:\\\/\\\/solardorosario.com.br\\\/galeria\\\/produto\\\/carla-schwab-ornato-rendado-v\\\/#primaryimage\",\"url\":\"https:\\\/\\\/solardorosario.com.br\\\/galeria\\\/wp-content\\\/uploads\\\/2024\\\/03\\\/Imagem-do-WhatsApp-de-2024-03-25-as-11.15.31_5d81ca96.jpg\",\"contentUrl\":\"https:\\\/\\\/solardorosario.com.br\\\/galeria\\\/wp-content\\\/uploads\\\/2024\\\/03\\\/Imagem-do-WhatsApp-de-2024-03-25-as-11.15.31_5d81ca96.jpg\",\"width\":1280,\"height\":1193},{\"@type\":\"BreadcrumbList\",\"@id\":\"https:\\\/\\\/solardorosario.com.br\\\/galeria\\\/produto\\\/carla-schwab-ornato-rendado-v\\\/#breadcrumb\",\"itemListElement\":[{\"@type\":\"ListItem\",\"position\":1,\"name\":\"In\u00edcio\",\"item\":\"https:\\\/\\\/solardorosario.com.br\\\/galeria\\\/\"},{\"@type\":\"ListItem\",\"position\":2,\"name\":\"galeria\",\"item\":\"https:\\\/\\\/solardorosario.com.br\\\/galeria\\\/galeria\\\/\"},{\"@type\":\"ListItem\",\"position\":3,\"name\":\"Carla Schwab - Ornato Rendado V\"}]},{\"@type\":\"WebSite\",\"@id\":\"https:\\\/\\\/solardorosario.com.br\\\/galeria\\\/#website\",\"url\":\"https:\\\/\\\/solardorosario.com.br\\\/galeria\\\/\",\"name\":\"Solar do Ros\u00e1rio Galeria \\\\\\\\\\\\\\\\Nova\",\"description\":\"\",\"potentialAction\":[{\"@type\":\"SearchAction\",\"target\":{\"@type\":\"EntryPoint\",\"urlTemplate\":\"https:\\\/\\\/solardorosario.com.br\\\/galeria\\\/?s={search_term_string}\"},\"query-input\":{\"@type\":\"PropertyValueSpecification\",\"valueRequired\":true,\"valueName\":\"search_term_string\"}}],\"inLanguage\":\"pt-BR\"}]}<\/script>\n<!-- \/ Yoast SEO plugin. -->","yoast_head_json":{"title":"Carla Schwab - Ornato Rendado V - Solar do Ros\u00e1rio Galeria \\\\\\\\Nova","robots":{"index":"index","follow":"follow","max-snippet":"max-snippet:-1","max-image-preview":"max-image-preview:large","max-video-preview":"max-video-preview:-1"},"canonical":"https:\/\/solardorosario.com.br\/galeria\/produto\/carla-schwab-ornato-rendado-v\/","og_locale":"pt_BR","og_type":"article","og_title":"Carla Schwab - Ornato Rendado V - Solar do Ros\u00e1rio Galeria \\\\\\\\Nova","og_description":"Artista: Carla Schwab T\u00edtulo: Ornatos Rendados V - S\u00e9rie Ornatos Rendados T\u00e9cnica: Mista (colagem de moldes de costura e mapas) sobre tela PET Dimens\u00e3o: 120x129cm (com moldura) &nbsp; &nbsp; Carla Schwab\u00a0\u00e9 Artista Visual graduada pela UFPel-RS e Professora de Artes em estudos de materiais e t\u00e9cnicas de pintura. Sua s\u00e9rie \u201cRendados\u201d \u00e9 uma produ\u00e7\u00e3o atemporal, [&hellip;]","og_url":"https:\/\/solardorosario.com.br\/galeria\/produto\/carla-schwab-ornato-rendado-v\/","og_site_name":"Solar do Ros\u00e1rio Galeria \\\\\\\\Nova","article_modified_time":"2026-03-18T21:13:59+00:00","og_image":[{"width":1280,"height":1193,"url":"https:\/\/solardorosario.com.br\/galeria\/wp-content\/uploads\/2024\/03\/Imagem-do-WhatsApp-de-2024-03-25-as-11.15.31_5d81ca96.jpg","type":"image\/jpeg"}],"twitter_card":"summary_large_image","twitter_misc":{"Est. tempo de leitura":"1 minuto"},"schema":{"@context":"https:\/\/schema.org","@graph":[{"@type":"WebPage","@id":"https:\/\/solardorosario.com.br\/galeria\/produto\/carla-schwab-ornato-rendado-v\/","url":"https:\/\/solardorosario.com.br\/galeria\/produto\/carla-schwab-ornato-rendado-v\/","name":"Carla Schwab - Ornato Rendado V - Solar do Ros\u00e1rio Galeria \\\\\\\\Nova","isPartOf":{"@id":"https:\/\/solardorosario.com.br\/galeria\/#website"},"primaryImageOfPage":{"@id":"https:\/\/solardorosario.com.br\/galeria\/produto\/carla-schwab-ornato-rendado-v\/#primaryimage"},"image":{"@id":"https:\/\/solardorosario.com.br\/galeria\/produto\/carla-schwab-ornato-rendado-v\/#primaryimage"},"thumbnailUrl":"https:\/\/solardorosario.com.br\/galeria\/wp-content\/uploads\/2024\/03\/Imagem-do-WhatsApp-de-2024-03-25-as-11.15.31_5d81ca96.jpg","datePublished":"2024-03-25T14:22:00+00:00","dateModified":"2026-03-18T21:13:59+00:00","breadcrumb":{"@id":"https:\/\/solardorosario.com.br\/galeria\/produto\/carla-schwab-ornato-rendado-v\/#breadcrumb"},"inLanguage":"pt-BR","potentialAction":[{"@type":"ReadAction","target":["https:\/\/solardorosario.com.br\/galeria\/produto\/carla-schwab-ornato-rendado-v\/"]}]},{"@type":"ImageObject","inLanguage":"pt-BR","@id":"https:\/\/solardorosario.com.br\/galeria\/produto\/carla-schwab-ornato-rendado-v\/#primaryimage","url":"https:\/\/solardorosario.com.br\/galeria\/wp-content\/uploads\/2024\/03\/Imagem-do-WhatsApp-de-2024-03-25-as-11.15.31_5d81ca96.jpg","contentUrl":"https:\/\/solardorosario.com.br\/galeria\/wp-content\/uploads\/2024\/03\/Imagem-do-WhatsApp-de-2024-03-25-as-11.15.31_5d81ca96.jpg","width":1280,"height":1193},{"@type":"BreadcrumbList","@id":"https:\/\/solardorosario.com.br\/galeria\/produto\/carla-schwab-ornato-rendado-v\/#breadcrumb","itemListElement":[{"@type":"ListItem","position":1,"name":"In\u00edcio","item":"https:\/\/solardorosario.com.br\/galeria\/"},{"@type":"ListItem","position":2,"name":"galeria","item":"https:\/\/solardorosario.com.br\/galeria\/galeria\/"},{"@type":"ListItem","position":3,"name":"Carla Schwab - Ornato Rendado V"}]},{"@type":"WebSite","@id":"https:\/\/solardorosario.com.br\/galeria\/#website","url":"https:\/\/solardorosario.com.br\/galeria\/","name":"Solar do Ros\u00e1rio Galeria \\\\\\\\Nova","description":"","potentialAction":[{"@type":"SearchAction","target":{"@type":"EntryPoint","urlTemplate":"https:\/\/solardorosario.com.br\/galeria\/?s={search_term_string}"},"query-input":{"@type":"PropertyValueSpecification","valueRequired":true,"valueName":"search_term_string"}}],"inLanguage":"pt-BR"}]}},"_links":{"self":[{"href":"https:\/\/solardorosario.com.br\/galeria\/wp-json\/wp\/v2\/product\/4339","targetHints":{"allow":["GET"]}}],"collection":[{"href":"https:\/\/solardorosario.com.br\/galeria\/wp-json\/wp\/v2\/product"}],"about":[{"href":"https:\/\/solardorosario.com.br\/galeria\/wp-json\/wp\/v2\/types\/product"}],"wp:featuredmedia":[{"embeddable":true,"href":"https:\/\/solardorosario.com.br\/galeria\/wp-json\/wp\/v2\/media\/4340"}],"wp:attachment":[{"href":"https:\/\/solardorosario.com.br\/galeria\/wp-json\/wp\/v2\/media?parent=4339"}],"wp:term":[{"taxonomy":"product_brand","embeddable":true,"href":"https:\/\/solardorosario.com.br\/galeria\/wp-json\/wp\/v2\/product_brand?post=4339"},{"taxonomy":"product_cat","embeddable":true,"href":"https:\/\/solardorosario.com.br\/galeria\/wp-json\/wp\/v2\/product_cat?post=4339"},{"taxonomy":"product_tag","embeddable":true,"href":"https:\/\/solardorosario.com.br\/galeria\/wp-json\/wp\/v2\/product_tag?post=4339"}],"curies":[{"name":"wp","href":"https:\/\/api.w.org\/{rel}","templated":true}]}}