{"id":4328,"date":"2024-03-23T11:48:27","date_gmt":"2024-03-23T14:48:27","guid":{"rendered":"https:\/\/solardorosario.com.br\/galeria\/?post_type=product&#038;p=4328"},"modified":"2026-02-04T14:53:03","modified_gmt":"2026-02-04T17:53:03","slug":"olimpia-couto-sem-titulo","status":"publish","type":"product","link":"https:\/\/solardorosario.com.br\/galeria\/produto\/olimpia-couto-sem-titulo\/","title":{"rendered":"Ol\u00edmpia Couto - Sem T\u00edtulo"},"content":{"rendered":"<p><strong>Artista:<\/strong> Ol\u00edmpia Couto<\/p>\n<p><strong>T\u00edtulo:<\/strong> Sem T\u00edtulo<\/p>\n<p><strong>Dimens\u00e3o:<\/strong> 70x100cm<\/p>\n<p><strong>T\u00e9cnica:<\/strong> Serigrafia (sem moldura)<\/p>\n<p>&nbsp;<\/p>\n<p>&nbsp;<\/p>\n<p>Ol\u00edmpia Couto nasceu em Estrela do Indai\u00e1 - MG, em 1947. \u00c9 artista visual, pintora, muralista e gravadora. \u00c9 formada pela Escola de Belas Artes da Universidade Federal de Minas Gerais (UFMG), em Belo Horizonte. Trabalhou como assistente da artista Yara Tupynamb\u00e1. Executou pain\u00e9is na Igreja de Ferros, em Minas e na C\u00e2mara Municipal de Belo Horizonte. Em 1971, recebeu o 1\u00ba Pr\u00eamio no Sal\u00e3o do Artista Pl\u00e1stico Mineiro. Na sequ\u00eancia, em 1973 realizou sua primeira exposi\u00e7\u00e3o individual. Em 1979, na 15\u00aa Bienal, teve o destaque com uma sala especial dedicada a suas obras. Em 1982, foi respons\u00e1vel pela cria\u00e7\u00e3o de pain\u00e9is para a Associa\u00e7\u00e3o dos Servidores e para a Prefeitura da UFMG. Em 1997, recebeu o Trof\u00e9u Alto S\u00e3o Francisco. Suas exposi\u00e7\u00f5es individuais e coletivas aconteceram em diversas cidades do Brasil, como em Belo Horizonte, Bras\u00edlia, Rio de Janeiro, Passos, Florian\u00f3polis, S\u00e3o Paulo, Niter\u00f3i, Bras\u00edlia, Goi\u00e2nia e Tim\u00f3teo. Fora do Brasil, exp\u00f4s tamb\u00e9m na Costa Rica e no Paraguai.<\/p>\n<p>&nbsp;<\/p>\n","protected":false},"excerpt":{"rendered":"<p>Artista: Ol\u00edmpia Couto T\u00edtulo: Sem T\u00edtulo Dimens\u00e3o: 70x100cm T\u00e9cnica: Serigrafia (sem moldura) &nbsp; &nbsp; Ol\u00edmpia Couto nasceu em Estrela do Indai\u00e1 - MG, em 1947. \u00c9 artista visual, pintora, muralista e gravadora. \u00c9 formada pela Escola de Belas Artes da Universidade Federal de Minas Gerais (UFMG), em Belo Horizonte. Trabalhou como assistente da artista Yara [&hellip;]<\/p>\n","protected":false},"featured_media":6734,"template":"","meta":[],"product_brand":[],"product_cat":[117],"product_tag":[],"class_list":{"0":"post-4328","1":"product","2":"type-product","3":"status-publish","4":"has-post-thumbnail","6":"product_cat-galeria","7":"pa_artista-olimpia-couto","8":"pa_estilo-figurativo","9":"pa_tecnica-serigrafia","11":"first","12":"instock","13":"shipping-taxable","14":"product-type-simple"},"yoast_head":"<!-- This site is optimized with the Yoast SEO plugin v27.4 - https:\/\/yoast.com\/product\/yoast-seo-wordpress\/ -->\n<title>Ol\u00edmpia Couto - Sem T\u00edtulo - Solar do Ros\u00e1rio Galeria \\\\\\\\Nova<\/title>\n<meta name=\"robots\" content=\"index, follow, max-snippet:-1, max-image-preview:large, max-video-preview:-1\" \/>\n<link rel=\"canonical\" href=\"https:\/\/solardorosario.com.br\/galeria\/produto\/olimpia-couto-sem-titulo\/\" \/>\n<meta property=\"og:locale\" content=\"pt_BR\" \/>\n<meta property=\"og:type\" content=\"article\" \/>\n<meta property=\"og:title\" content=\"Ol\u00edmpia Couto - Sem T\u00edtulo - Solar do Ros\u00e1rio Galeria \\\\\\\\Nova\" \/>\n<meta property=\"og:description\" content=\"Artista: Ol\u00edmpia Couto T\u00edtulo: Sem T\u00edtulo Dimens\u00e3o: 70x100cm T\u00e9cnica: Serigrafia (sem moldura) &nbsp; &nbsp; Ol\u00edmpia Couto nasceu em Estrela do Indai\u00e1 - MG, em 1947. \u00c9 artista visual, pintora, muralista e gravadora. \u00c9 formada pela Escola de Belas Artes da Universidade Federal de Minas Gerais (UFMG), em Belo Horizonte. Trabalhou como assistente da artista Yara [&hellip;]\" \/>\n<meta property=\"og:url\" content=\"https:\/\/solardorosario.com.br\/galeria\/produto\/olimpia-couto-sem-titulo\/\" \/>\n<meta property=\"og:site_name\" content=\"Solar do Ros\u00e1rio Galeria \\\\\\\\Nova\" \/>\n<meta property=\"article:modified_time\" content=\"2026-02-04T17:53:03+00:00\" \/>\n<meta property=\"og:image\" content=\"https:\/\/solardorosario.com.br\/galeria\/wp-content\/uploads\/2024\/03\/WhatsApp-Image-2026-02-04-at-14.43.36.jpeg\" \/>\n\t<meta property=\"og:image:width\" content=\"935\" \/>\n\t<meta property=\"og:image:height\" content=\"1280\" \/>\n\t<meta property=\"og:image:type\" content=\"image\/jpeg\" \/>\n<meta name=\"twitter:card\" content=\"summary_large_image\" \/>\n<meta name=\"twitter:label1\" content=\"Est. tempo de leitura\" \/>\n\t<meta name=\"twitter:data1\" content=\"2 minutos\" \/>\n<script type=\"application\/ld+json\" class=\"yoast-schema-graph\">{\"@context\":\"https:\\\/\\\/schema.org\",\"@graph\":[{\"@type\":\"WebPage\",\"@id\":\"https:\\\/\\\/solardorosario.com.br\\\/galeria\\\/produto\\\/olimpia-couto-sem-titulo\\\/\",\"url\":\"https:\\\/\\\/solardorosario.com.br\\\/galeria\\\/produto\\\/olimpia-couto-sem-titulo\\\/\",\"name\":\"Ol\u00edmpia Couto - Sem T\u00edtulo - Solar do Ros\u00e1rio Galeria \\\\\\\\\\\\\\\\Nova\",\"isPartOf\":{\"@id\":\"https:\\\/\\\/solardorosario.com.br\\\/galeria\\\/#website\"},\"primaryImageOfPage\":{\"@id\":\"https:\\\/\\\/solardorosario.com.br\\\/galeria\\\/produto\\\/olimpia-couto-sem-titulo\\\/#primaryimage\"},\"image\":{\"@id\":\"https:\\\/\\\/solardorosario.com.br\\\/galeria\\\/produto\\\/olimpia-couto-sem-titulo\\\/#primaryimage\"},\"thumbnailUrl\":\"https:\\\/\\\/solardorosario.com.br\\\/galeria\\\/wp-content\\\/uploads\\\/2024\\\/03\\\/WhatsApp-Image-2026-02-04-at-14.43.36.jpeg\",\"datePublished\":\"2024-03-23T14:48:27+00:00\",\"dateModified\":\"2026-02-04T17:53:03+00:00\",\"breadcrumb\":{\"@id\":\"https:\\\/\\\/solardorosario.com.br\\\/galeria\\\/produto\\\/olimpia-couto-sem-titulo\\\/#breadcrumb\"},\"inLanguage\":\"pt-BR\",\"potentialAction\":[{\"@type\":\"ReadAction\",\"target\":[\"https:\\\/\\\/solardorosario.com.br\\\/galeria\\\/produto\\\/olimpia-couto-sem-titulo\\\/\"]}]},{\"@type\":\"ImageObject\",\"inLanguage\":\"pt-BR\",\"@id\":\"https:\\\/\\\/solardorosario.com.br\\\/galeria\\\/produto\\\/olimpia-couto-sem-titulo\\\/#primaryimage\",\"url\":\"https:\\\/\\\/solardorosario.com.br\\\/galeria\\\/wp-content\\\/uploads\\\/2024\\\/03\\\/WhatsApp-Image-2026-02-04-at-14.43.36.jpeg\",\"contentUrl\":\"https:\\\/\\\/solardorosario.com.br\\\/galeria\\\/wp-content\\\/uploads\\\/2024\\\/03\\\/WhatsApp-Image-2026-02-04-at-14.43.36.jpeg\",\"width\":935,\"height\":1280},{\"@type\":\"BreadcrumbList\",\"@id\":\"https:\\\/\\\/solardorosario.com.br\\\/galeria\\\/produto\\\/olimpia-couto-sem-titulo\\\/#breadcrumb\",\"itemListElement\":[{\"@type\":\"ListItem\",\"position\":1,\"name\":\"In\u00edcio\",\"item\":\"https:\\\/\\\/solardorosario.com.br\\\/galeria\\\/\"},{\"@type\":\"ListItem\",\"position\":2,\"name\":\"galeria\",\"item\":\"https:\\\/\\\/solardorosario.com.br\\\/galeria\\\/galeria\\\/\"},{\"@type\":\"ListItem\",\"position\":3,\"name\":\"Ol\u00edmpia Couto - Sem T\u00edtulo\"}]},{\"@type\":\"WebSite\",\"@id\":\"https:\\\/\\\/solardorosario.com.br\\\/galeria\\\/#website\",\"url\":\"https:\\\/\\\/solardorosario.com.br\\\/galeria\\\/\",\"name\":\"Solar do Ros\u00e1rio Galeria \\\\\\\\\\\\\\\\Nova\",\"description\":\"\",\"potentialAction\":[{\"@type\":\"SearchAction\",\"target\":{\"@type\":\"EntryPoint\",\"urlTemplate\":\"https:\\\/\\\/solardorosario.com.br\\\/galeria\\\/?s={search_term_string}\"},\"query-input\":{\"@type\":\"PropertyValueSpecification\",\"valueRequired\":true,\"valueName\":\"search_term_string\"}}],\"inLanguage\":\"pt-BR\"}]}<\/script>\n<!-- \/ Yoast SEO plugin. -->","yoast_head_json":{"title":"Ol\u00edmpia Couto - Sem T\u00edtulo - Solar do Ros\u00e1rio Galeria \\\\\\\\Nova","robots":{"index":"index","follow":"follow","max-snippet":"max-snippet:-1","max-image-preview":"max-image-preview:large","max-video-preview":"max-video-preview:-1"},"canonical":"https:\/\/solardorosario.com.br\/galeria\/produto\/olimpia-couto-sem-titulo\/","og_locale":"pt_BR","og_type":"article","og_title":"Ol\u00edmpia Couto - Sem T\u00edtulo - Solar do Ros\u00e1rio Galeria \\\\\\\\Nova","og_description":"Artista: Ol\u00edmpia Couto T\u00edtulo: Sem T\u00edtulo Dimens\u00e3o: 70x100cm T\u00e9cnica: Serigrafia (sem moldura) &nbsp; &nbsp; Ol\u00edmpia Couto nasceu em Estrela do Indai\u00e1 - MG, em 1947. \u00c9 artista visual, pintora, muralista e gravadora. \u00c9 formada pela Escola de Belas Artes da Universidade Federal de Minas Gerais (UFMG), em Belo Horizonte. Trabalhou como assistente da artista Yara [&hellip;]","og_url":"https:\/\/solardorosario.com.br\/galeria\/produto\/olimpia-couto-sem-titulo\/","og_site_name":"Solar do Ros\u00e1rio Galeria \\\\\\\\Nova","article_modified_time":"2026-02-04T17:53:03+00:00","og_image":[{"width":935,"height":1280,"url":"https:\/\/solardorosario.com.br\/galeria\/wp-content\/uploads\/2024\/03\/WhatsApp-Image-2026-02-04-at-14.43.36.jpeg","type":"image\/jpeg"}],"twitter_card":"summary_large_image","twitter_misc":{"Est. tempo de leitura":"2 minutos"},"schema":{"@context":"https:\/\/schema.org","@graph":[{"@type":"WebPage","@id":"https:\/\/solardorosario.com.br\/galeria\/produto\/olimpia-couto-sem-titulo\/","url":"https:\/\/solardorosario.com.br\/galeria\/produto\/olimpia-couto-sem-titulo\/","name":"Ol\u00edmpia Couto - Sem T\u00edtulo - Solar do Ros\u00e1rio Galeria \\\\\\\\Nova","isPartOf":{"@id":"https:\/\/solardorosario.com.br\/galeria\/#website"},"primaryImageOfPage":{"@id":"https:\/\/solardorosario.com.br\/galeria\/produto\/olimpia-couto-sem-titulo\/#primaryimage"},"image":{"@id":"https:\/\/solardorosario.com.br\/galeria\/produto\/olimpia-couto-sem-titulo\/#primaryimage"},"thumbnailUrl":"https:\/\/solardorosario.com.br\/galeria\/wp-content\/uploads\/2024\/03\/WhatsApp-Image-2026-02-04-at-14.43.36.jpeg","datePublished":"2024-03-23T14:48:27+00:00","dateModified":"2026-02-04T17:53:03+00:00","breadcrumb":{"@id":"https:\/\/solardorosario.com.br\/galeria\/produto\/olimpia-couto-sem-titulo\/#breadcrumb"},"inLanguage":"pt-BR","potentialAction":[{"@type":"ReadAction","target":["https:\/\/solardorosario.com.br\/galeria\/produto\/olimpia-couto-sem-titulo\/"]}]},{"@type":"ImageObject","inLanguage":"pt-BR","@id":"https:\/\/solardorosario.com.br\/galeria\/produto\/olimpia-couto-sem-titulo\/#primaryimage","url":"https:\/\/solardorosario.com.br\/galeria\/wp-content\/uploads\/2024\/03\/WhatsApp-Image-2026-02-04-at-14.43.36.jpeg","contentUrl":"https:\/\/solardorosario.com.br\/galeria\/wp-content\/uploads\/2024\/03\/WhatsApp-Image-2026-02-04-at-14.43.36.jpeg","width":935,"height":1280},{"@type":"BreadcrumbList","@id":"https:\/\/solardorosario.com.br\/galeria\/produto\/olimpia-couto-sem-titulo\/#breadcrumb","itemListElement":[{"@type":"ListItem","position":1,"name":"In\u00edcio","item":"https:\/\/solardorosario.com.br\/galeria\/"},{"@type":"ListItem","position":2,"name":"galeria","item":"https:\/\/solardorosario.com.br\/galeria\/galeria\/"},{"@type":"ListItem","position":3,"name":"Ol\u00edmpia Couto - Sem T\u00edtulo"}]},{"@type":"WebSite","@id":"https:\/\/solardorosario.com.br\/galeria\/#website","url":"https:\/\/solardorosario.com.br\/galeria\/","name":"Solar do Ros\u00e1rio Galeria \\\\\\\\Nova","description":"","potentialAction":[{"@type":"SearchAction","target":{"@type":"EntryPoint","urlTemplate":"https:\/\/solardorosario.com.br\/galeria\/?s={search_term_string}"},"query-input":{"@type":"PropertyValueSpecification","valueRequired":true,"valueName":"search_term_string"}}],"inLanguage":"pt-BR"}]}},"_links":{"self":[{"href":"https:\/\/solardorosario.com.br\/galeria\/wp-json\/wp\/v2\/product\/4328","targetHints":{"allow":["GET"]}}],"collection":[{"href":"https:\/\/solardorosario.com.br\/galeria\/wp-json\/wp\/v2\/product"}],"about":[{"href":"https:\/\/solardorosario.com.br\/galeria\/wp-json\/wp\/v2\/types\/product"}],"wp:featuredmedia":[{"embeddable":true,"href":"https:\/\/solardorosario.com.br\/galeria\/wp-json\/wp\/v2\/media\/6734"}],"wp:attachment":[{"href":"https:\/\/solardorosario.com.br\/galeria\/wp-json\/wp\/v2\/media?parent=4328"}],"wp:term":[{"taxonomy":"product_brand","embeddable":true,"href":"https:\/\/solardorosario.com.br\/galeria\/wp-json\/wp\/v2\/product_brand?post=4328"},{"taxonomy":"product_cat","embeddable":true,"href":"https:\/\/solardorosario.com.br\/galeria\/wp-json\/wp\/v2\/product_cat?post=4328"},{"taxonomy":"product_tag","embeddable":true,"href":"https:\/\/solardorosario.com.br\/galeria\/wp-json\/wp\/v2\/product_tag?post=4328"}],"curies":[{"name":"wp","href":"https:\/\/api.w.org\/{rel}","templated":true}]}}