{"id":4318,"date":"2024-03-23T10:43:05","date_gmt":"2024-03-23T13:43:05","guid":{"rendered":"https:\/\/solardorosario.com.br\/galeria\/?post_type=product&#038;p=4318"},"modified":"2026-03-19T13:36:09","modified_gmt":"2026-03-19T16:36:09","slug":"cristina-barrancos-1748","status":"publish","type":"product","link":"https:\/\/solardorosario.com.br\/galeria\/produto\/cristina-barrancos-1748\/","title":{"rendered":"Cristina Barrancos - 1748"},"content":{"rendered":"<p><strong>Artista:<\/strong> Cristina Barrancos<\/p>\n<p><strong>T\u00edtulo:<\/strong> 1748<\/p>\n<p><strong>Dimens\u00e3o:<\/strong> 80x200cm<\/p>\n<p><strong>T\u00e9cnica:<\/strong> Mista sobre tela<\/p>\n<p>&nbsp;<\/p>\n<p>&nbsp;<\/p>\n<p>Nascida e Te\u00f3filo Otoni (MG), em 1969. Autodidata. Se muda para Belo Horizonte em 1986, e aprende v\u00e1rias tend\u00eancias nas artes visuais. Em 1998, muda totalmente seu estilo para o abstracionismo com textura, geralmente areia e outros materiais, incorporados na tinta acr\u00edlica. Com obras em acervos particulares em Belo Horizonte em diversas galerias, al\u00e9m de Bras\u00edlia, Rio de Janeiro e S\u00e3o Paulo. Participou de exposi\u00e7\u00f5es na Caixa Econ\u00f4mica Federal em Belo Horizonte em 1998, e no Minas T\u00eanis Clube, em 1999.<\/p>\n","protected":false},"excerpt":{"rendered":"<p>Artista: Cristina Barrancos T\u00edtulo: 1748 Dimens\u00e3o: 80x200cm T\u00e9cnica: Mista sobre tela &nbsp; &nbsp; Nascida e Te\u00f3filo Otoni (MG), em 1969. Autodidata. Se muda para Belo Horizonte em 1986, e aprende v\u00e1rias tend\u00eancias nas artes visuais. Em 1998, muda totalmente seu estilo para o abstracionismo com textura, geralmente areia e outros materiais, incorporados na tinta acr\u00edlica. [&hellip;]<\/p>\n","protected":false},"featured_media":4319,"template":"","meta":[],"product_brand":[],"product_cat":[117],"product_tag":[],"class_list":{"0":"post-4318","1":"product","2":"type-product","3":"status-publish","4":"has-post-thumbnail","6":"product_cat-galeria","7":"pa_artista-cristina-barrancos","8":"pa_estilo-abstrato","9":"pa_tecnica-mista-sobre-tela","11":"first","12":"instock","13":"shipping-taxable","14":"purchasable","15":"product-type-simple"},"yoast_head":"<!-- This site is optimized with the Yoast SEO plugin v27.4 - https:\/\/yoast.com\/product\/yoast-seo-wordpress\/ -->\n<title>Cristina Barrancos - 1748 - Solar do Ros\u00e1rio Galeria \\\\\\\\Nova<\/title>\n<meta name=\"robots\" content=\"index, follow, max-snippet:-1, max-image-preview:large, max-video-preview:-1\" \/>\n<link rel=\"canonical\" href=\"https:\/\/solardorosario.com.br\/galeria\/produto\/cristina-barrancos-1748\/\" \/>\n<meta property=\"og:locale\" content=\"pt_BR\" \/>\n<meta property=\"og:type\" content=\"article\" \/>\n<meta property=\"og:title\" content=\"Cristina Barrancos - 1748 - Solar do Ros\u00e1rio Galeria \\\\\\\\Nova\" \/>\n<meta property=\"og:description\" content=\"Artista: Cristina Barrancos T\u00edtulo: 1748 Dimens\u00e3o: 80x200cm T\u00e9cnica: Mista sobre tela &nbsp; &nbsp; Nascida e Te\u00f3filo Otoni (MG), em 1969. Autodidata. Se muda para Belo Horizonte em 1986, e aprende v\u00e1rias tend\u00eancias nas artes visuais. Em 1998, muda totalmente seu estilo para o abstracionismo com textura, geralmente areia e outros materiais, incorporados na tinta acr\u00edlica. [&hellip;]\" \/>\n<meta property=\"og:url\" content=\"https:\/\/solardorosario.com.br\/galeria\/produto\/cristina-barrancos-1748\/\" \/>\n<meta property=\"og:site_name\" content=\"Solar do Ros\u00e1rio Galeria \\\\\\\\Nova\" \/>\n<meta property=\"article:modified_time\" content=\"2026-03-19T16:36:09+00:00\" \/>\n<meta property=\"og:image\" content=\"https:\/\/solardorosario.com.br\/galeria\/wp-content\/uploads\/2024\/03\/1748.jpeg\" \/>\n\t<meta property=\"og:image:width\" content=\"2340\" \/>\n\t<meta property=\"og:image:height\" content=\"1342\" \/>\n\t<meta property=\"og:image:type\" content=\"image\/jpeg\" \/>\n<meta name=\"twitter:card\" content=\"summary_large_image\" \/>\n<meta name=\"twitter:label1\" content=\"Est. tempo de leitura\" \/>\n\t<meta name=\"twitter:data1\" content=\"1 minuto\" \/>\n<script type=\"application\/ld+json\" class=\"yoast-schema-graph\">{\"@context\":\"https:\\\/\\\/schema.org\",\"@graph\":[{\"@type\":\"WebPage\",\"@id\":\"https:\\\/\\\/solardorosario.com.br\\\/galeria\\\/produto\\\/cristina-barrancos-1748\\\/\",\"url\":\"https:\\\/\\\/solardorosario.com.br\\\/galeria\\\/produto\\\/cristina-barrancos-1748\\\/\",\"name\":\"Cristina Barrancos - 1748 - Solar do Ros\u00e1rio Galeria \\\\\\\\\\\\\\\\Nova\",\"isPartOf\":{\"@id\":\"https:\\\/\\\/solardorosario.com.br\\\/galeria\\\/#website\"},\"primaryImageOfPage\":{\"@id\":\"https:\\\/\\\/solardorosario.com.br\\\/galeria\\\/produto\\\/cristina-barrancos-1748\\\/#primaryimage\"},\"image\":{\"@id\":\"https:\\\/\\\/solardorosario.com.br\\\/galeria\\\/produto\\\/cristina-barrancos-1748\\\/#primaryimage\"},\"thumbnailUrl\":\"https:\\\/\\\/solardorosario.com.br\\\/galeria\\\/wp-content\\\/uploads\\\/2024\\\/03\\\/1748.jpeg\",\"datePublished\":\"2024-03-23T13:43:05+00:00\",\"dateModified\":\"2026-03-19T16:36:09+00:00\",\"breadcrumb\":{\"@id\":\"https:\\\/\\\/solardorosario.com.br\\\/galeria\\\/produto\\\/cristina-barrancos-1748\\\/#breadcrumb\"},\"inLanguage\":\"pt-BR\",\"potentialAction\":[{\"@type\":\"ReadAction\",\"target\":[\"https:\\\/\\\/solardorosario.com.br\\\/galeria\\\/produto\\\/cristina-barrancos-1748\\\/\"]}]},{\"@type\":\"ImageObject\",\"inLanguage\":\"pt-BR\",\"@id\":\"https:\\\/\\\/solardorosario.com.br\\\/galeria\\\/produto\\\/cristina-barrancos-1748\\\/#primaryimage\",\"url\":\"https:\\\/\\\/solardorosario.com.br\\\/galeria\\\/wp-content\\\/uploads\\\/2024\\\/03\\\/1748.jpeg\",\"contentUrl\":\"https:\\\/\\\/solardorosario.com.br\\\/galeria\\\/wp-content\\\/uploads\\\/2024\\\/03\\\/1748.jpeg\",\"width\":2340,\"height\":1342},{\"@type\":\"BreadcrumbList\",\"@id\":\"https:\\\/\\\/solardorosario.com.br\\\/galeria\\\/produto\\\/cristina-barrancos-1748\\\/#breadcrumb\",\"itemListElement\":[{\"@type\":\"ListItem\",\"position\":1,\"name\":\"In\u00edcio\",\"item\":\"https:\\\/\\\/solardorosario.com.br\\\/galeria\\\/\"},{\"@type\":\"ListItem\",\"position\":2,\"name\":\"galeria\",\"item\":\"https:\\\/\\\/solardorosario.com.br\\\/galeria\\\/galeria\\\/\"},{\"@type\":\"ListItem\",\"position\":3,\"name\":\"Cristina Barrancos - 1748\"}]},{\"@type\":\"WebSite\",\"@id\":\"https:\\\/\\\/solardorosario.com.br\\\/galeria\\\/#website\",\"url\":\"https:\\\/\\\/solardorosario.com.br\\\/galeria\\\/\",\"name\":\"Solar do Ros\u00e1rio Galeria \\\\\\\\\\\\\\\\Nova\",\"description\":\"\",\"potentialAction\":[{\"@type\":\"SearchAction\",\"target\":{\"@type\":\"EntryPoint\",\"urlTemplate\":\"https:\\\/\\\/solardorosario.com.br\\\/galeria\\\/?s={search_term_string}\"},\"query-input\":{\"@type\":\"PropertyValueSpecification\",\"valueRequired\":true,\"valueName\":\"search_term_string\"}}],\"inLanguage\":\"pt-BR\"}]}<\/script>\n<!-- \/ Yoast SEO plugin. -->","yoast_head_json":{"title":"Cristina Barrancos - 1748 - Solar do Ros\u00e1rio Galeria \\\\\\\\Nova","robots":{"index":"index","follow":"follow","max-snippet":"max-snippet:-1","max-image-preview":"max-image-preview:large","max-video-preview":"max-video-preview:-1"},"canonical":"https:\/\/solardorosario.com.br\/galeria\/produto\/cristina-barrancos-1748\/","og_locale":"pt_BR","og_type":"article","og_title":"Cristina Barrancos - 1748 - Solar do Ros\u00e1rio Galeria \\\\\\\\Nova","og_description":"Artista: Cristina Barrancos T\u00edtulo: 1748 Dimens\u00e3o: 80x200cm T\u00e9cnica: Mista sobre tela &nbsp; &nbsp; Nascida e Te\u00f3filo Otoni (MG), em 1969. Autodidata. Se muda para Belo Horizonte em 1986, e aprende v\u00e1rias tend\u00eancias nas artes visuais. Em 1998, muda totalmente seu estilo para o abstracionismo com textura, geralmente areia e outros materiais, incorporados na tinta acr\u00edlica. [&hellip;]","og_url":"https:\/\/solardorosario.com.br\/galeria\/produto\/cristina-barrancos-1748\/","og_site_name":"Solar do Ros\u00e1rio Galeria \\\\\\\\Nova","article_modified_time":"2026-03-19T16:36:09+00:00","og_image":[{"width":2340,"height":1342,"url":"https:\/\/solardorosario.com.br\/galeria\/wp-content\/uploads\/2024\/03\/1748.jpeg","type":"image\/jpeg"}],"twitter_card":"summary_large_image","twitter_misc":{"Est. tempo de leitura":"1 minuto"},"schema":{"@context":"https:\/\/schema.org","@graph":[{"@type":"WebPage","@id":"https:\/\/solardorosario.com.br\/galeria\/produto\/cristina-barrancos-1748\/","url":"https:\/\/solardorosario.com.br\/galeria\/produto\/cristina-barrancos-1748\/","name":"Cristina Barrancos - 1748 - Solar do Ros\u00e1rio Galeria \\\\\\\\Nova","isPartOf":{"@id":"https:\/\/solardorosario.com.br\/galeria\/#website"},"primaryImageOfPage":{"@id":"https:\/\/solardorosario.com.br\/galeria\/produto\/cristina-barrancos-1748\/#primaryimage"},"image":{"@id":"https:\/\/solardorosario.com.br\/galeria\/produto\/cristina-barrancos-1748\/#primaryimage"},"thumbnailUrl":"https:\/\/solardorosario.com.br\/galeria\/wp-content\/uploads\/2024\/03\/1748.jpeg","datePublished":"2024-03-23T13:43:05+00:00","dateModified":"2026-03-19T16:36:09+00:00","breadcrumb":{"@id":"https:\/\/solardorosario.com.br\/galeria\/produto\/cristina-barrancos-1748\/#breadcrumb"},"inLanguage":"pt-BR","potentialAction":[{"@type":"ReadAction","target":["https:\/\/solardorosario.com.br\/galeria\/produto\/cristina-barrancos-1748\/"]}]},{"@type":"ImageObject","inLanguage":"pt-BR","@id":"https:\/\/solardorosario.com.br\/galeria\/produto\/cristina-barrancos-1748\/#primaryimage","url":"https:\/\/solardorosario.com.br\/galeria\/wp-content\/uploads\/2024\/03\/1748.jpeg","contentUrl":"https:\/\/solardorosario.com.br\/galeria\/wp-content\/uploads\/2024\/03\/1748.jpeg","width":2340,"height":1342},{"@type":"BreadcrumbList","@id":"https:\/\/solardorosario.com.br\/galeria\/produto\/cristina-barrancos-1748\/#breadcrumb","itemListElement":[{"@type":"ListItem","position":1,"name":"In\u00edcio","item":"https:\/\/solardorosario.com.br\/galeria\/"},{"@type":"ListItem","position":2,"name":"galeria","item":"https:\/\/solardorosario.com.br\/galeria\/galeria\/"},{"@type":"ListItem","position":3,"name":"Cristina Barrancos - 1748"}]},{"@type":"WebSite","@id":"https:\/\/solardorosario.com.br\/galeria\/#website","url":"https:\/\/solardorosario.com.br\/galeria\/","name":"Solar do Ros\u00e1rio Galeria \\\\\\\\Nova","description":"","potentialAction":[{"@type":"SearchAction","target":{"@type":"EntryPoint","urlTemplate":"https:\/\/solardorosario.com.br\/galeria\/?s={search_term_string}"},"query-input":{"@type":"PropertyValueSpecification","valueRequired":true,"valueName":"search_term_string"}}],"inLanguage":"pt-BR"}]}},"_links":{"self":[{"href":"https:\/\/solardorosario.com.br\/galeria\/wp-json\/wp\/v2\/product\/4318","targetHints":{"allow":["GET"]}}],"collection":[{"href":"https:\/\/solardorosario.com.br\/galeria\/wp-json\/wp\/v2\/product"}],"about":[{"href":"https:\/\/solardorosario.com.br\/galeria\/wp-json\/wp\/v2\/types\/product"}],"wp:featuredmedia":[{"embeddable":true,"href":"https:\/\/solardorosario.com.br\/galeria\/wp-json\/wp\/v2\/media\/4319"}],"wp:attachment":[{"href":"https:\/\/solardorosario.com.br\/galeria\/wp-json\/wp\/v2\/media?parent=4318"}],"wp:term":[{"taxonomy":"product_brand","embeddable":true,"href":"https:\/\/solardorosario.com.br\/galeria\/wp-json\/wp\/v2\/product_brand?post=4318"},{"taxonomy":"product_cat","embeddable":true,"href":"https:\/\/solardorosario.com.br\/galeria\/wp-json\/wp\/v2\/product_cat?post=4318"},{"taxonomy":"product_tag","embeddable":true,"href":"https:\/\/solardorosario.com.br\/galeria\/wp-json\/wp\/v2\/product_tag?post=4318"}],"curies":[{"name":"wp","href":"https:\/\/api.w.org\/{rel}","templated":true}]}}