{"id":4315,"date":"2024-03-23T09:08:56","date_gmt":"2024-03-23T12:08:56","guid":{"rendered":"https:\/\/solardorosario.com.br\/galeria\/?post_type=product&#038;p=4315"},"modified":"2026-03-19T10:40:23","modified_gmt":"2026-03-19T13:40:23","slug":"claudio-pastro-lava-pes-e-ceia-pascal","status":"publish","type":"product","link":"https:\/\/solardorosario.com.br\/galeria\/produto\/claudio-pastro-lava-pes-e-ceia-pascal\/","title":{"rendered":"Claudio Pastro - Lava-p\u00e9s e Ceia Pascal"},"content":{"rendered":"<p><strong>Artista:<\/strong> Claudio Pastro<\/p>\n<p><strong>T\u00edtulo:<\/strong> Lava-p\u00e9s e Ceia Pascal<\/p>\n<p><strong>Dimens\u00e3o:<\/strong> 50x70cm<\/p>\n<p><strong>T\u00e9cnica:<\/strong> Serigrafia (com moldura)<\/p>\n<p>&nbsp;<\/p>\n<p>&nbsp;<\/p>\n<p>Nascido(a) em 1948 em SAO PAULO - SP. Desde 1975, Pastro se dedicou \u00e0 arte sacra, tendo cursado teoria e t\u00e9cnicas de arte na Abbaye Notre Dame de Tournay (Fran\u00e7a), no Museu de Arte Sacra da Catalunha (Espanha), na Academia de Belas Artes Lorenzo de Viterbo (It\u00e1lia), na Abadia Beneditina de Tepeyac (M\u00e9xico) e no Liceu de Artes e Of\u00edcios de S\u00e3o Paulo. Realizou pinturas, vitrais, azulejos, altares, cruzes, vasos sagrados e esculturas para presbit\u00e9rios, capelas, igrejas, mosteiros e catedrais, n\u00e3o apenas no Brasil, como tamb\u00e9m na Argentina, B\u00e9lgica, It\u00e1lia, Alemanha e Portugal. Lecionou cursos de Est\u00e9tica e Arte Sacra em semin\u00e1rios, escolas teol\u00f3gicas, mosteiros, museus e faculdades, e dedicou ao vasto projeto de ambienta\u00e7\u00e3o da Bas\u00edlica Nacional de Aparecida.<\/p>\n","protected":false},"excerpt":{"rendered":"<p>Artista: Claudio Pastro T\u00edtulo: Lava-p\u00e9s e Ceia Pascal Dimens\u00e3o: 50x70cm T\u00e9cnica: Serigrafia (com moldura) &nbsp; &nbsp; Nascido(a) em 1948 em SAO PAULO - SP. Desde 1975, Pastro se dedicou \u00e0 arte sacra, tendo cursado teoria e t\u00e9cnicas de arte na Abbaye Notre Dame de Tournay (Fran\u00e7a), no Museu de Arte Sacra da Catalunha (Espanha), na [&hellip;]<\/p>\n","protected":false},"featured_media":4316,"template":"","meta":[],"product_brand":[],"product_cat":[117],"product_tag":[],"class_list":{"0":"post-4315","1":"product","2":"type-product","3":"status-publish","4":"has-post-thumbnail","6":"product_cat-galeria","7":"pa_artista-claudio-pastro","8":"pa_tecnica-serigrafia","10":"first","11":"instock","12":"shipping-taxable","13":"product-type-simple"},"yoast_head":"<!-- This site is optimized with the Yoast SEO plugin v27.4 - https:\/\/yoast.com\/product\/yoast-seo-wordpress\/ -->\n<title>Claudio Pastro - Lava-p\u00e9s e Ceia Pascal - Solar do Ros\u00e1rio Galeria \\\\\\\\Nova<\/title>\n<meta name=\"robots\" content=\"index, follow, max-snippet:-1, max-image-preview:large, max-video-preview:-1\" \/>\n<link rel=\"canonical\" href=\"https:\/\/solardorosario.com.br\/galeria\/produto\/claudio-pastro-lava-pes-e-ceia-pascal\/\" \/>\n<meta property=\"og:locale\" content=\"pt_BR\" \/>\n<meta property=\"og:type\" content=\"article\" \/>\n<meta property=\"og:title\" content=\"Claudio Pastro - Lava-p\u00e9s e Ceia Pascal - Solar do Ros\u00e1rio Galeria \\\\\\\\Nova\" \/>\n<meta property=\"og:description\" content=\"Artista: Claudio Pastro T\u00edtulo: Lava-p\u00e9s e Ceia Pascal Dimens\u00e3o: 50x70cm T\u00e9cnica: Serigrafia (com moldura) &nbsp; &nbsp; Nascido(a) em 1948 em SAO PAULO - SP. Desde 1975, Pastro se dedicou \u00e0 arte sacra, tendo cursado teoria e t\u00e9cnicas de arte na Abbaye Notre Dame de Tournay (Fran\u00e7a), no Museu de Arte Sacra da Catalunha (Espanha), na [&hellip;]\" \/>\n<meta property=\"og:url\" content=\"https:\/\/solardorosario.com.br\/galeria\/produto\/claudio-pastro-lava-pes-e-ceia-pascal\/\" \/>\n<meta property=\"og:site_name\" content=\"Solar do Ros\u00e1rio Galeria \\\\\\\\Nova\" \/>\n<meta property=\"article:modified_time\" content=\"2026-03-19T13:40:23+00:00\" \/>\n<meta property=\"og:image\" content=\"https:\/\/solardorosario.com.br\/galeria\/wp-content\/uploads\/2024\/03\/Claudio-Pastro-02311.jpg\" \/>\n\t<meta property=\"og:image:width\" content=\"2176\" \/>\n\t<meta property=\"og:image:height\" content=\"1572\" \/>\n\t<meta property=\"og:image:type\" content=\"image\/jpeg\" \/>\n<meta name=\"twitter:card\" content=\"summary_large_image\" \/>\n<meta name=\"twitter:label1\" content=\"Est. tempo de leitura\" \/>\n\t<meta name=\"twitter:data1\" content=\"1 minuto\" \/>\n<script type=\"application\/ld+json\" class=\"yoast-schema-graph\">{\"@context\":\"https:\\\/\\\/schema.org\",\"@graph\":[{\"@type\":\"WebPage\",\"@id\":\"https:\\\/\\\/solardorosario.com.br\\\/galeria\\\/produto\\\/claudio-pastro-lava-pes-e-ceia-pascal\\\/\",\"url\":\"https:\\\/\\\/solardorosario.com.br\\\/galeria\\\/produto\\\/claudio-pastro-lava-pes-e-ceia-pascal\\\/\",\"name\":\"Claudio Pastro - Lava-p\u00e9s e Ceia Pascal - Solar do Ros\u00e1rio Galeria \\\\\\\\\\\\\\\\Nova\",\"isPartOf\":{\"@id\":\"https:\\\/\\\/solardorosario.com.br\\\/galeria\\\/#website\"},\"primaryImageOfPage\":{\"@id\":\"https:\\\/\\\/solardorosario.com.br\\\/galeria\\\/produto\\\/claudio-pastro-lava-pes-e-ceia-pascal\\\/#primaryimage\"},\"image\":{\"@id\":\"https:\\\/\\\/solardorosario.com.br\\\/galeria\\\/produto\\\/claudio-pastro-lava-pes-e-ceia-pascal\\\/#primaryimage\"},\"thumbnailUrl\":\"https:\\\/\\\/solardorosario.com.br\\\/galeria\\\/wp-content\\\/uploads\\\/2024\\\/03\\\/Claudio-Pastro-02311.jpg\",\"datePublished\":\"2024-03-23T12:08:56+00:00\",\"dateModified\":\"2026-03-19T13:40:23+00:00\",\"breadcrumb\":{\"@id\":\"https:\\\/\\\/solardorosario.com.br\\\/galeria\\\/produto\\\/claudio-pastro-lava-pes-e-ceia-pascal\\\/#breadcrumb\"},\"inLanguage\":\"pt-BR\",\"potentialAction\":[{\"@type\":\"ReadAction\",\"target\":[\"https:\\\/\\\/solardorosario.com.br\\\/galeria\\\/produto\\\/claudio-pastro-lava-pes-e-ceia-pascal\\\/\"]}]},{\"@type\":\"ImageObject\",\"inLanguage\":\"pt-BR\",\"@id\":\"https:\\\/\\\/solardorosario.com.br\\\/galeria\\\/produto\\\/claudio-pastro-lava-pes-e-ceia-pascal\\\/#primaryimage\",\"url\":\"https:\\\/\\\/solardorosario.com.br\\\/galeria\\\/wp-content\\\/uploads\\\/2024\\\/03\\\/Claudio-Pastro-02311.jpg\",\"contentUrl\":\"https:\\\/\\\/solardorosario.com.br\\\/galeria\\\/wp-content\\\/uploads\\\/2024\\\/03\\\/Claudio-Pastro-02311.jpg\",\"width\":2176,\"height\":1572},{\"@type\":\"BreadcrumbList\",\"@id\":\"https:\\\/\\\/solardorosario.com.br\\\/galeria\\\/produto\\\/claudio-pastro-lava-pes-e-ceia-pascal\\\/#breadcrumb\",\"itemListElement\":[{\"@type\":\"ListItem\",\"position\":1,\"name\":\"In\u00edcio\",\"item\":\"https:\\\/\\\/solardorosario.com.br\\\/galeria\\\/\"},{\"@type\":\"ListItem\",\"position\":2,\"name\":\"galeria\",\"item\":\"https:\\\/\\\/solardorosario.com.br\\\/galeria\\\/galeria\\\/\"},{\"@type\":\"ListItem\",\"position\":3,\"name\":\"Claudio Pastro - Lava-p\u00e9s e Ceia Pascal\"}]},{\"@type\":\"WebSite\",\"@id\":\"https:\\\/\\\/solardorosario.com.br\\\/galeria\\\/#website\",\"url\":\"https:\\\/\\\/solardorosario.com.br\\\/galeria\\\/\",\"name\":\"Solar do Ros\u00e1rio Galeria \\\\\\\\\\\\\\\\Nova\",\"description\":\"\",\"potentialAction\":[{\"@type\":\"SearchAction\",\"target\":{\"@type\":\"EntryPoint\",\"urlTemplate\":\"https:\\\/\\\/solardorosario.com.br\\\/galeria\\\/?s={search_term_string}\"},\"query-input\":{\"@type\":\"PropertyValueSpecification\",\"valueRequired\":true,\"valueName\":\"search_term_string\"}}],\"inLanguage\":\"pt-BR\"}]}<\/script>\n<!-- \/ Yoast SEO plugin. -->","yoast_head_json":{"title":"Claudio Pastro - Lava-p\u00e9s e Ceia Pascal - Solar do Ros\u00e1rio Galeria \\\\\\\\Nova","robots":{"index":"index","follow":"follow","max-snippet":"max-snippet:-1","max-image-preview":"max-image-preview:large","max-video-preview":"max-video-preview:-1"},"canonical":"https:\/\/solardorosario.com.br\/galeria\/produto\/claudio-pastro-lava-pes-e-ceia-pascal\/","og_locale":"pt_BR","og_type":"article","og_title":"Claudio Pastro - Lava-p\u00e9s e Ceia Pascal - Solar do Ros\u00e1rio Galeria \\\\\\\\Nova","og_description":"Artista: Claudio Pastro T\u00edtulo: Lava-p\u00e9s e Ceia Pascal Dimens\u00e3o: 50x70cm T\u00e9cnica: Serigrafia (com moldura) &nbsp; &nbsp; Nascido(a) em 1948 em SAO PAULO - SP. Desde 1975, Pastro se dedicou \u00e0 arte sacra, tendo cursado teoria e t\u00e9cnicas de arte na Abbaye Notre Dame de Tournay (Fran\u00e7a), no Museu de Arte Sacra da Catalunha (Espanha), na [&hellip;]","og_url":"https:\/\/solardorosario.com.br\/galeria\/produto\/claudio-pastro-lava-pes-e-ceia-pascal\/","og_site_name":"Solar do Ros\u00e1rio Galeria \\\\\\\\Nova","article_modified_time":"2026-03-19T13:40:23+00:00","og_image":[{"width":2176,"height":1572,"url":"https:\/\/solardorosario.com.br\/galeria\/wp-content\/uploads\/2024\/03\/Claudio-Pastro-02311.jpg","type":"image\/jpeg"}],"twitter_card":"summary_large_image","twitter_misc":{"Est. tempo de leitura":"1 minuto"},"schema":{"@context":"https:\/\/schema.org","@graph":[{"@type":"WebPage","@id":"https:\/\/solardorosario.com.br\/galeria\/produto\/claudio-pastro-lava-pes-e-ceia-pascal\/","url":"https:\/\/solardorosario.com.br\/galeria\/produto\/claudio-pastro-lava-pes-e-ceia-pascal\/","name":"Claudio Pastro - Lava-p\u00e9s e Ceia Pascal - Solar do Ros\u00e1rio Galeria \\\\\\\\Nova","isPartOf":{"@id":"https:\/\/solardorosario.com.br\/galeria\/#website"},"primaryImageOfPage":{"@id":"https:\/\/solardorosario.com.br\/galeria\/produto\/claudio-pastro-lava-pes-e-ceia-pascal\/#primaryimage"},"image":{"@id":"https:\/\/solardorosario.com.br\/galeria\/produto\/claudio-pastro-lava-pes-e-ceia-pascal\/#primaryimage"},"thumbnailUrl":"https:\/\/solardorosario.com.br\/galeria\/wp-content\/uploads\/2024\/03\/Claudio-Pastro-02311.jpg","datePublished":"2024-03-23T12:08:56+00:00","dateModified":"2026-03-19T13:40:23+00:00","breadcrumb":{"@id":"https:\/\/solardorosario.com.br\/galeria\/produto\/claudio-pastro-lava-pes-e-ceia-pascal\/#breadcrumb"},"inLanguage":"pt-BR","potentialAction":[{"@type":"ReadAction","target":["https:\/\/solardorosario.com.br\/galeria\/produto\/claudio-pastro-lava-pes-e-ceia-pascal\/"]}]},{"@type":"ImageObject","inLanguage":"pt-BR","@id":"https:\/\/solardorosario.com.br\/galeria\/produto\/claudio-pastro-lava-pes-e-ceia-pascal\/#primaryimage","url":"https:\/\/solardorosario.com.br\/galeria\/wp-content\/uploads\/2024\/03\/Claudio-Pastro-02311.jpg","contentUrl":"https:\/\/solardorosario.com.br\/galeria\/wp-content\/uploads\/2024\/03\/Claudio-Pastro-02311.jpg","width":2176,"height":1572},{"@type":"BreadcrumbList","@id":"https:\/\/solardorosario.com.br\/galeria\/produto\/claudio-pastro-lava-pes-e-ceia-pascal\/#breadcrumb","itemListElement":[{"@type":"ListItem","position":1,"name":"In\u00edcio","item":"https:\/\/solardorosario.com.br\/galeria\/"},{"@type":"ListItem","position":2,"name":"galeria","item":"https:\/\/solardorosario.com.br\/galeria\/galeria\/"},{"@type":"ListItem","position":3,"name":"Claudio Pastro - Lava-p\u00e9s e Ceia Pascal"}]},{"@type":"WebSite","@id":"https:\/\/solardorosario.com.br\/galeria\/#website","url":"https:\/\/solardorosario.com.br\/galeria\/","name":"Solar do Ros\u00e1rio Galeria \\\\\\\\Nova","description":"","potentialAction":[{"@type":"SearchAction","target":{"@type":"EntryPoint","urlTemplate":"https:\/\/solardorosario.com.br\/galeria\/?s={search_term_string}"},"query-input":{"@type":"PropertyValueSpecification","valueRequired":true,"valueName":"search_term_string"}}],"inLanguage":"pt-BR"}]}},"_links":{"self":[{"href":"https:\/\/solardorosario.com.br\/galeria\/wp-json\/wp\/v2\/product\/4315","targetHints":{"allow":["GET"]}}],"collection":[{"href":"https:\/\/solardorosario.com.br\/galeria\/wp-json\/wp\/v2\/product"}],"about":[{"href":"https:\/\/solardorosario.com.br\/galeria\/wp-json\/wp\/v2\/types\/product"}],"wp:featuredmedia":[{"embeddable":true,"href":"https:\/\/solardorosario.com.br\/galeria\/wp-json\/wp\/v2\/media\/4316"}],"wp:attachment":[{"href":"https:\/\/solardorosario.com.br\/galeria\/wp-json\/wp\/v2\/media?parent=4315"}],"wp:term":[{"taxonomy":"product_brand","embeddable":true,"href":"https:\/\/solardorosario.com.br\/galeria\/wp-json\/wp\/v2\/product_brand?post=4315"},{"taxonomy":"product_cat","embeddable":true,"href":"https:\/\/solardorosario.com.br\/galeria\/wp-json\/wp\/v2\/product_cat?post=4315"},{"taxonomy":"product_tag","embeddable":true,"href":"https:\/\/solardorosario.com.br\/galeria\/wp-json\/wp\/v2\/product_tag?post=4315"}],"curies":[{"name":"wp","href":"https:\/\/api.w.org\/{rel}","templated":true}]}}