{"id":4082,"date":"2024-03-07T15:35:41","date_gmt":"2024-03-07T18:35:41","guid":{"rendered":"https:\/\/solardorosario.com.br\/galeria\/?post_type=product&#038;p=4082"},"modified":"2025-12-03T10:26:18","modified_gmt":"2025-12-03T13:26:18","slug":"denise-roman-em-direcao-ao-primeiro-dia-mundial-da-paz","status":"publish","type":"product","link":"https:\/\/solardorosario.com.br\/galeria\/produto\/denise-roman-em-direcao-ao-primeiro-dia-mundial-da-paz\/","title":{"rendered":"Denise Roman - Em dire\u00e7\u00e3o ao Primeiro Dia Mundial da Paz"},"content":{"rendered":"<p><strong>Artista:<\/strong> Denise Roman<\/p>\n<p><strong>T\u00edtulo:<\/strong> Em dire\u00e7\u00e3o ao Primeiro Dia Mundial da Paz<\/p>\n<p><strong>Dimens\u00e3o:<\/strong> 32x45cm<\/p>\n<p><strong>T\u00e9cnica:<\/strong> Xilogravura<\/p>\n<p><strong>Obs: Gravura COM moldura.<\/strong><\/p>\n<p>&nbsp;<\/p>\n<p>Denise Roman \u00e9 artista visual, gravadora, nascida em Curitiba - PR, em 1957. \u00c9 formada pela Escola de M\u00fasica e Belas Artes do Paran\u00e1 (EMBAP), e realizou cursos de especializa\u00e7\u00e3o em t\u00e9cnicas de gravuras com v\u00e1rios artistas entre 1979 e 1997. Foi orientadora da oficina de litografia do Museu da Gravura de Curitiba, no Liceu de Artes e Of\u00edcios entre 1987 a 1995, e atualmente continua trabalhando na Funda\u00e7\u00e3o Cultural de Curitiba, com litografia e gravura em metal.<br \/>\nExp\u00f4s individualmente na sede da FCC, em 1992, no Museu da Gravura de Curitiba, na XII Mostra da Gravura de Curitiba, na Sala de Exposi\u00e7\u00f5es Leonor Botteri e no Centro Cultura Solar do Bar\u00e3o, al\u00e9m da I Mostra Internacional de Miniprint, em Vit\u00f3ria- ES, 2000.<br \/>\nNas exposi\u00e7\u00f5es coletivas, participou da exposi\u00e7\u00e3o Coletiva de Artistas Paranaenses na Su\u00ed\u00e7a, em 1983, em 1997 na Collin Country Community College, University of Texas (Irwing) e na University of Texas of the Permian Basin, nos Estados Unidos na coletiva itinerante de gravuras contempor\u00e2neas brasileiras. Em 1998, exp\u00f4s na Lousiana State University e na Abilene State University. Participou do 44\u00ba e depois do 45\u00ba Sal\u00f5es Paranaenses, em 1988 e 1989, respectivamente. Participou de diversas mostras em Curitiba e fora do Brasil, como na 15\u00aa Exibi\u00e7\u00e3o Independente de prints em Kanagawa, Jap\u00e3o.<\/p>\n","protected":false},"excerpt":{"rendered":"<p>Artista: Denise Roman T\u00edtulo: Em dire\u00e7\u00e3o ao Primeiro Dia Mundial da Paz Dimens\u00e3o: 32x45cm T\u00e9cnica: Xilogravura Obs: Gravura COM moldura. &nbsp; Denise Roman \u00e9 artista visual, gravadora, nascida em Curitiba - PR, em 1957. \u00c9 formada pela Escola de M\u00fasica e Belas Artes do Paran\u00e1 (EMBAP), e realizou cursos de especializa\u00e7\u00e3o em t\u00e9cnicas de gravuras [&hellip;]<\/p>\n","protected":false},"featured_media":4084,"template":"","meta":[],"product_brand":[],"product_cat":[117],"product_tag":[],"class_list":{"0":"post-4082","1":"product","2":"type-product","3":"status-publish","4":"has-post-thumbnail","6":"product_cat-galeria","7":"pa_artista-denise-roman","8":"pa_estilo-figurativo","9":"pa_tecnica-gravura","10":"pa_tecnica-xilogravura","12":"first","13":"instock","14":"shipping-taxable","15":"purchasable","16":"product-type-simple"},"yoast_head":"<!-- This site is optimized with the Yoast SEO plugin v27.4 - https:\/\/yoast.com\/product\/yoast-seo-wordpress\/ -->\n<title>Denise Roman - Em dire\u00e7\u00e3o ao Primeiro Dia Mundial da Paz - Solar do Ros\u00e1rio Galeria \\\\\\\\Nova<\/title>\n<meta name=\"robots\" content=\"index, follow, max-snippet:-1, max-image-preview:large, max-video-preview:-1\" \/>\n<link rel=\"canonical\" href=\"https:\/\/solardorosario.com.br\/galeria\/produto\/denise-roman-em-direcao-ao-primeiro-dia-mundial-da-paz\/\" \/>\n<meta property=\"og:locale\" content=\"pt_BR\" \/>\n<meta property=\"og:type\" content=\"article\" \/>\n<meta property=\"og:title\" content=\"Denise Roman - Em dire\u00e7\u00e3o ao Primeiro Dia Mundial da Paz - Solar do Ros\u00e1rio Galeria \\\\\\\\Nova\" \/>\n<meta property=\"og:description\" content=\"Artista: Denise Roman T\u00edtulo: Em dire\u00e7\u00e3o ao Primeiro Dia Mundial da Paz Dimens\u00e3o: 32x45cm T\u00e9cnica: Xilogravura Obs: Gravura COM moldura. &nbsp; Denise Roman \u00e9 artista visual, gravadora, nascida em Curitiba - PR, em 1957. \u00c9 formada pela Escola de M\u00fasica e Belas Artes do Paran\u00e1 (EMBAP), e realizou cursos de especializa\u00e7\u00e3o em t\u00e9cnicas de gravuras [&hellip;]\" \/>\n<meta property=\"og:url\" content=\"https:\/\/solardorosario.com.br\/galeria\/produto\/denise-roman-em-direcao-ao-primeiro-dia-mundial-da-paz\/\" \/>\n<meta property=\"og:site_name\" content=\"Solar do Ros\u00e1rio Galeria \\\\\\\\Nova\" \/>\n<meta property=\"article:modified_time\" content=\"2025-12-03T13:26:18+00:00\" \/>\n<meta property=\"og:image\" content=\"https:\/\/solardorosario.com.br\/galeria\/wp-content\/uploads\/2024\/03\/IMG_7132-1-rotated.jpeg\" \/>\n\t<meta property=\"og:image:width\" content=\"2157\" \/>\n\t<meta property=\"og:image:height\" content=\"1457\" \/>\n\t<meta property=\"og:image:type\" content=\"image\/jpeg\" \/>\n<meta name=\"twitter:card\" content=\"summary_large_image\" \/>\n<meta name=\"twitter:label1\" content=\"Est. tempo de leitura\" \/>\n\t<meta name=\"twitter:data1\" content=\"2 minutos\" \/>\n<script type=\"application\/ld+json\" class=\"yoast-schema-graph\">{\"@context\":\"https:\\\/\\\/schema.org\",\"@graph\":[{\"@type\":\"WebPage\",\"@id\":\"https:\\\/\\\/solardorosario.com.br\\\/galeria\\\/produto\\\/denise-roman-em-direcao-ao-primeiro-dia-mundial-da-paz\\\/\",\"url\":\"https:\\\/\\\/solardorosario.com.br\\\/galeria\\\/produto\\\/denise-roman-em-direcao-ao-primeiro-dia-mundial-da-paz\\\/\",\"name\":\"Denise Roman - Em dire\u00e7\u00e3o ao Primeiro Dia Mundial da Paz - Solar do Ros\u00e1rio Galeria \\\\\\\\\\\\\\\\Nova\",\"isPartOf\":{\"@id\":\"https:\\\/\\\/solardorosario.com.br\\\/galeria\\\/#website\"},\"primaryImageOfPage\":{\"@id\":\"https:\\\/\\\/solardorosario.com.br\\\/galeria\\\/produto\\\/denise-roman-em-direcao-ao-primeiro-dia-mundial-da-paz\\\/#primaryimage\"},\"image\":{\"@id\":\"https:\\\/\\\/solardorosario.com.br\\\/galeria\\\/produto\\\/denise-roman-em-direcao-ao-primeiro-dia-mundial-da-paz\\\/#primaryimage\"},\"thumbnailUrl\":\"https:\\\/\\\/solardorosario.com.br\\\/galeria\\\/wp-content\\\/uploads\\\/2024\\\/03\\\/IMG_7132-1-rotated.jpeg\",\"datePublished\":\"2024-03-07T18:35:41+00:00\",\"dateModified\":\"2025-12-03T13:26:18+00:00\",\"breadcrumb\":{\"@id\":\"https:\\\/\\\/solardorosario.com.br\\\/galeria\\\/produto\\\/denise-roman-em-direcao-ao-primeiro-dia-mundial-da-paz\\\/#breadcrumb\"},\"inLanguage\":\"pt-BR\",\"potentialAction\":[{\"@type\":\"ReadAction\",\"target\":[\"https:\\\/\\\/solardorosario.com.br\\\/galeria\\\/produto\\\/denise-roman-em-direcao-ao-primeiro-dia-mundial-da-paz\\\/\"]}]},{\"@type\":\"ImageObject\",\"inLanguage\":\"pt-BR\",\"@id\":\"https:\\\/\\\/solardorosario.com.br\\\/galeria\\\/produto\\\/denise-roman-em-direcao-ao-primeiro-dia-mundial-da-paz\\\/#primaryimage\",\"url\":\"https:\\\/\\\/solardorosario.com.br\\\/galeria\\\/wp-content\\\/uploads\\\/2024\\\/03\\\/IMG_7132-1-rotated.jpeg\",\"contentUrl\":\"https:\\\/\\\/solardorosario.com.br\\\/galeria\\\/wp-content\\\/uploads\\\/2024\\\/03\\\/IMG_7132-1-rotated.jpeg\",\"width\":2157,\"height\":1457},{\"@type\":\"BreadcrumbList\",\"@id\":\"https:\\\/\\\/solardorosario.com.br\\\/galeria\\\/produto\\\/denise-roman-em-direcao-ao-primeiro-dia-mundial-da-paz\\\/#breadcrumb\",\"itemListElement\":[{\"@type\":\"ListItem\",\"position\":1,\"name\":\"In\u00edcio\",\"item\":\"https:\\\/\\\/solardorosario.com.br\\\/galeria\\\/\"},{\"@type\":\"ListItem\",\"position\":2,\"name\":\"galeria\",\"item\":\"https:\\\/\\\/solardorosario.com.br\\\/galeria\\\/galeria\\\/\"},{\"@type\":\"ListItem\",\"position\":3,\"name\":\"Denise Roman - Em dire\u00e7\u00e3o ao Primeiro Dia Mundial da Paz\"}]},{\"@type\":\"WebSite\",\"@id\":\"https:\\\/\\\/solardorosario.com.br\\\/galeria\\\/#website\",\"url\":\"https:\\\/\\\/solardorosario.com.br\\\/galeria\\\/\",\"name\":\"Solar do Ros\u00e1rio Galeria \\\\\\\\\\\\\\\\Nova\",\"description\":\"\",\"potentialAction\":[{\"@type\":\"SearchAction\",\"target\":{\"@type\":\"EntryPoint\",\"urlTemplate\":\"https:\\\/\\\/solardorosario.com.br\\\/galeria\\\/?s={search_term_string}\"},\"query-input\":{\"@type\":\"PropertyValueSpecification\",\"valueRequired\":true,\"valueName\":\"search_term_string\"}}],\"inLanguage\":\"pt-BR\"}]}<\/script>\n<!-- \/ Yoast SEO plugin. -->","yoast_head_json":{"title":"Denise Roman - Em dire\u00e7\u00e3o ao Primeiro Dia Mundial da Paz - Solar do Ros\u00e1rio Galeria \\\\\\\\Nova","robots":{"index":"index","follow":"follow","max-snippet":"max-snippet:-1","max-image-preview":"max-image-preview:large","max-video-preview":"max-video-preview:-1"},"canonical":"https:\/\/solardorosario.com.br\/galeria\/produto\/denise-roman-em-direcao-ao-primeiro-dia-mundial-da-paz\/","og_locale":"pt_BR","og_type":"article","og_title":"Denise Roman - Em dire\u00e7\u00e3o ao Primeiro Dia Mundial da Paz - Solar do Ros\u00e1rio Galeria \\\\\\\\Nova","og_description":"Artista: Denise Roman T\u00edtulo: Em dire\u00e7\u00e3o ao Primeiro Dia Mundial da Paz Dimens\u00e3o: 32x45cm T\u00e9cnica: Xilogravura Obs: Gravura COM moldura. &nbsp; Denise Roman \u00e9 artista visual, gravadora, nascida em Curitiba - PR, em 1957. \u00c9 formada pela Escola de M\u00fasica e Belas Artes do Paran\u00e1 (EMBAP), e realizou cursos de especializa\u00e7\u00e3o em t\u00e9cnicas de gravuras [&hellip;]","og_url":"https:\/\/solardorosario.com.br\/galeria\/produto\/denise-roman-em-direcao-ao-primeiro-dia-mundial-da-paz\/","og_site_name":"Solar do Ros\u00e1rio Galeria \\\\\\\\Nova","article_modified_time":"2025-12-03T13:26:18+00:00","og_image":[{"width":2157,"height":1457,"url":"https:\/\/solardorosario.com.br\/galeria\/wp-content\/uploads\/2024\/03\/IMG_7132-1-rotated.jpeg","type":"image\/jpeg"}],"twitter_card":"summary_large_image","twitter_misc":{"Est. tempo de leitura":"2 minutos"},"schema":{"@context":"https:\/\/schema.org","@graph":[{"@type":"WebPage","@id":"https:\/\/solardorosario.com.br\/galeria\/produto\/denise-roman-em-direcao-ao-primeiro-dia-mundial-da-paz\/","url":"https:\/\/solardorosario.com.br\/galeria\/produto\/denise-roman-em-direcao-ao-primeiro-dia-mundial-da-paz\/","name":"Denise Roman - Em dire\u00e7\u00e3o ao Primeiro Dia Mundial da Paz - Solar do Ros\u00e1rio Galeria \\\\\\\\Nova","isPartOf":{"@id":"https:\/\/solardorosario.com.br\/galeria\/#website"},"primaryImageOfPage":{"@id":"https:\/\/solardorosario.com.br\/galeria\/produto\/denise-roman-em-direcao-ao-primeiro-dia-mundial-da-paz\/#primaryimage"},"image":{"@id":"https:\/\/solardorosario.com.br\/galeria\/produto\/denise-roman-em-direcao-ao-primeiro-dia-mundial-da-paz\/#primaryimage"},"thumbnailUrl":"https:\/\/solardorosario.com.br\/galeria\/wp-content\/uploads\/2024\/03\/IMG_7132-1-rotated.jpeg","datePublished":"2024-03-07T18:35:41+00:00","dateModified":"2025-12-03T13:26:18+00:00","breadcrumb":{"@id":"https:\/\/solardorosario.com.br\/galeria\/produto\/denise-roman-em-direcao-ao-primeiro-dia-mundial-da-paz\/#breadcrumb"},"inLanguage":"pt-BR","potentialAction":[{"@type":"ReadAction","target":["https:\/\/solardorosario.com.br\/galeria\/produto\/denise-roman-em-direcao-ao-primeiro-dia-mundial-da-paz\/"]}]},{"@type":"ImageObject","inLanguage":"pt-BR","@id":"https:\/\/solardorosario.com.br\/galeria\/produto\/denise-roman-em-direcao-ao-primeiro-dia-mundial-da-paz\/#primaryimage","url":"https:\/\/solardorosario.com.br\/galeria\/wp-content\/uploads\/2024\/03\/IMG_7132-1-rotated.jpeg","contentUrl":"https:\/\/solardorosario.com.br\/galeria\/wp-content\/uploads\/2024\/03\/IMG_7132-1-rotated.jpeg","width":2157,"height":1457},{"@type":"BreadcrumbList","@id":"https:\/\/solardorosario.com.br\/galeria\/produto\/denise-roman-em-direcao-ao-primeiro-dia-mundial-da-paz\/#breadcrumb","itemListElement":[{"@type":"ListItem","position":1,"name":"In\u00edcio","item":"https:\/\/solardorosario.com.br\/galeria\/"},{"@type":"ListItem","position":2,"name":"galeria","item":"https:\/\/solardorosario.com.br\/galeria\/galeria\/"},{"@type":"ListItem","position":3,"name":"Denise Roman - Em dire\u00e7\u00e3o ao Primeiro Dia Mundial da Paz"}]},{"@type":"WebSite","@id":"https:\/\/solardorosario.com.br\/galeria\/#website","url":"https:\/\/solardorosario.com.br\/galeria\/","name":"Solar do Ros\u00e1rio Galeria \\\\\\\\Nova","description":"","potentialAction":[{"@type":"SearchAction","target":{"@type":"EntryPoint","urlTemplate":"https:\/\/solardorosario.com.br\/galeria\/?s={search_term_string}"},"query-input":{"@type":"PropertyValueSpecification","valueRequired":true,"valueName":"search_term_string"}}],"inLanguage":"pt-BR"}]}},"_links":{"self":[{"href":"https:\/\/solardorosario.com.br\/galeria\/wp-json\/wp\/v2\/product\/4082","targetHints":{"allow":["GET"]}}],"collection":[{"href":"https:\/\/solardorosario.com.br\/galeria\/wp-json\/wp\/v2\/product"}],"about":[{"href":"https:\/\/solardorosario.com.br\/galeria\/wp-json\/wp\/v2\/types\/product"}],"wp:featuredmedia":[{"embeddable":true,"href":"https:\/\/solardorosario.com.br\/galeria\/wp-json\/wp\/v2\/media\/4084"}],"wp:attachment":[{"href":"https:\/\/solardorosario.com.br\/galeria\/wp-json\/wp\/v2\/media?parent=4082"}],"wp:term":[{"taxonomy":"product_brand","embeddable":true,"href":"https:\/\/solardorosario.com.br\/galeria\/wp-json\/wp\/v2\/product_brand?post=4082"},{"taxonomy":"product_cat","embeddable":true,"href":"https:\/\/solardorosario.com.br\/galeria\/wp-json\/wp\/v2\/product_cat?post=4082"},{"taxonomy":"product_tag","embeddable":true,"href":"https:\/\/solardorosario.com.br\/galeria\/wp-json\/wp\/v2\/product_tag?post=4082"}],"curies":[{"name":"wp","href":"https:\/\/api.w.org\/{rel}","templated":true}]}}