{"id":4072,"date":"2024-03-05T10:23:40","date_gmt":"2024-03-05T13:23:40","guid":{"rendered":"https:\/\/solardorosario.com.br\/galeria\/?post_type=product&#038;p=4072"},"modified":"2025-08-19T14:26:49","modified_gmt":"2025-08-19T17:26:49","slug":"marilene-zanchett-serie-musicos-7","status":"publish","type":"product","link":"https:\/\/solardorosario.com.br\/galeria\/produto\/marilene-zanchett-serie-musicos-7\/","title":{"rendered":"Marilene Zanchett - S\u00e9rie M\u00fasicos"},"content":{"rendered":"<p>Artista: Marilene Zanchett<\/p>\n<p>T\u00edtulo: S\u00e9rie M\u00fasicos<\/p>\n<p>Dimens\u00e3o: 40x40cm<\/p>\n<p>T\u00e9cnica: \u00d3leo espatulado sobre tela<\/p>\n<p>&nbsp;<\/p>\n<p><strong>*Quadro sem moldura.\u00a0<\/strong><\/p>\n<p>&nbsp;<\/p>\n<p>Marilene Zanchett nasceu em Curitibanos, em 1963. Se formou pela Escola de M\u00fasica e Belas Artes do Paran\u00e1, em 1991. Frequentou o Ateli\u00ea Livre de Arte Contempor\u00e2nea com Ed\u00edlson Viriato at\u00e9 2011. J\u00e1 participou de exposi\u00e7\u00f5es individuais em Curitiba, como a do SESC da Esquina, em 2004. Das exposi\u00e7\u00f5es coletivas e sal\u00f5es de arte, al\u00e9m de em v\u00e1rias cidades como Curitiba, Ponta Grossa, Castro, Brodowski, Paranagu\u00e1, Cascavel, Foz do Igua\u00e7u, Blumenau, Piracicaba, Santa B\u00e1rbara d'Oeste, Vinhedo, tamb\u00e9m participou da V Certamen Internacional de Artes Pl\u00e1sticas Aires de C\u00f3rdoba, na Espanha, em 2005, na La Casa do Brasil, no mesmo ano e em 2006, na Fundaci\u00f3n R\u00f4mulo Raggio, em Buenos Aires. J\u00e1 recebeu pr\u00eamios como o Pr\u00eamio Aquisi\u00e7\u00e3o Governo do Estado do Paran\u00e1, no 1\u00ba Sal\u00e3o de Artes Pl\u00e1sticas de Ibipor\u00e3, em 2000, a Men\u00e7\u00e3o Honrosa na 1\u00ba Mostra de Arte na C\u00e2mara Municipal de Ponta Grossa, em 2003 e a 2\u00aa ideia em 80x80cm no Jayabujanra Espa\u00e7o de Arte, em 2006.<\/p>\n","protected":false},"excerpt":{"rendered":"<p>Artista: Marilene Zanchett T\u00edtulo: S\u00e9rie M\u00fasicos Dimens\u00e3o: 40x40cm T\u00e9cnica: \u00d3leo espatulado sobre tela &nbsp; *Quadro sem moldura.\u00a0 &nbsp; Marilene Zanchett nasceu em Curitibanos, em 1963. Se formou pela Escola de M\u00fasica e Belas Artes do Paran\u00e1, em 1991. Frequentou o Ateli\u00ea Livre de Arte Contempor\u00e2nea com Ed\u00edlson Viriato at\u00e9 2011. J\u00e1 participou de exposi\u00e7\u00f5es individuais [&hellip;]<\/p>\n","protected":false},"featured_media":4073,"template":"","meta":[],"product_brand":[],"product_cat":[117],"product_tag":[],"class_list":{"0":"post-4072","1":"product","2":"type-product","3":"status-publish","4":"has-post-thumbnail","6":"product_cat-galeria","8":"first","9":"instock","10":"shipping-taxable","11":"purchasable","12":"product-type-simple"},"yoast_head":"<!-- This site is optimized with the Yoast SEO plugin v27.3 - https:\/\/yoast.com\/product\/yoast-seo-wordpress\/ -->\n<title>Marilene Zanchett - S\u00e9rie M\u00fasicos - Solar do Ros\u00e1rio Galeria \\\\\\\\Nova<\/title>\n<meta name=\"robots\" content=\"index, follow, max-snippet:-1, max-image-preview:large, max-video-preview:-1\" \/>\n<link rel=\"canonical\" href=\"https:\/\/solardorosario.com.br\/galeria\/produto\/marilene-zanchett-serie-musicos-7\/\" \/>\n<meta property=\"og:locale\" content=\"pt_BR\" \/>\n<meta property=\"og:type\" content=\"article\" \/>\n<meta property=\"og:title\" content=\"Marilene Zanchett - S\u00e9rie M\u00fasicos - Solar do Ros\u00e1rio Galeria \\\\\\\\Nova\" \/>\n<meta property=\"og:description\" content=\"Artista: Marilene Zanchett T\u00edtulo: S\u00e9rie M\u00fasicos Dimens\u00e3o: 40x40cm T\u00e9cnica: \u00d3leo espatulado sobre tela &nbsp; *Quadro sem moldura.\u00a0 &nbsp; Marilene Zanchett nasceu em Curitibanos, em 1963. Se formou pela Escola de M\u00fasica e Belas Artes do Paran\u00e1, em 1991. Frequentou o Ateli\u00ea Livre de Arte Contempor\u00e2nea com Ed\u00edlson Viriato at\u00e9 2011. J\u00e1 participou de exposi\u00e7\u00f5es individuais [&hellip;]\" \/>\n<meta property=\"og:url\" content=\"https:\/\/solardorosario.com.br\/galeria\/produto\/marilene-zanchett-serie-musicos-7\/\" \/>\n<meta property=\"og:site_name\" content=\"Solar do Ros\u00e1rio Galeria \\\\\\\\Nova\" \/>\n<meta property=\"article:modified_time\" content=\"2025-08-19T17:26:49+00:00\" \/>\n<meta property=\"og:image\" content=\"https:\/\/solardorosario.com.br\/galeria\/wp-content\/uploads\/2024\/03\/Imagem-do-WhatsApp-de-2024-03-05-as-10.16.10_5609a158.jpg\" \/>\n\t<meta property=\"og:image:width\" content=\"1215\" \/>\n\t<meta property=\"og:image:height\" content=\"1280\" \/>\n\t<meta property=\"og:image:type\" content=\"image\/jpeg\" \/>\n<meta name=\"twitter:card\" content=\"summary_large_image\" \/>\n<meta name=\"twitter:label1\" content=\"Est. tempo de leitura\" \/>\n\t<meta name=\"twitter:data1\" content=\"1 minuto\" \/>\n<script type=\"application\/ld+json\" class=\"yoast-schema-graph\">{\"@context\":\"https:\\\/\\\/schema.org\",\"@graph\":[{\"@type\":\"WebPage\",\"@id\":\"https:\\\/\\\/solardorosario.com.br\\\/galeria\\\/produto\\\/marilene-zanchett-serie-musicos-7\\\/\",\"url\":\"https:\\\/\\\/solardorosario.com.br\\\/galeria\\\/produto\\\/marilene-zanchett-serie-musicos-7\\\/\",\"name\":\"Marilene Zanchett - S\u00e9rie M\u00fasicos - Solar do Ros\u00e1rio Galeria \\\\\\\\\\\\\\\\Nova\",\"isPartOf\":{\"@id\":\"https:\\\/\\\/solardorosario.com.br\\\/galeria\\\/#website\"},\"primaryImageOfPage\":{\"@id\":\"https:\\\/\\\/solardorosario.com.br\\\/galeria\\\/produto\\\/marilene-zanchett-serie-musicos-7\\\/#primaryimage\"},\"image\":{\"@id\":\"https:\\\/\\\/solardorosario.com.br\\\/galeria\\\/produto\\\/marilene-zanchett-serie-musicos-7\\\/#primaryimage\"},\"thumbnailUrl\":\"https:\\\/\\\/solardorosario.com.br\\\/galeria\\\/wp-content\\\/uploads\\\/2024\\\/03\\\/Imagem-do-WhatsApp-de-2024-03-05-as-10.16.10_5609a158.jpg\",\"datePublished\":\"2024-03-05T13:23:40+00:00\",\"dateModified\":\"2025-08-19T17:26:49+00:00\",\"breadcrumb\":{\"@id\":\"https:\\\/\\\/solardorosario.com.br\\\/galeria\\\/produto\\\/marilene-zanchett-serie-musicos-7\\\/#breadcrumb\"},\"inLanguage\":\"pt-BR\",\"potentialAction\":[{\"@type\":\"ReadAction\",\"target\":[\"https:\\\/\\\/solardorosario.com.br\\\/galeria\\\/produto\\\/marilene-zanchett-serie-musicos-7\\\/\"]}]},{\"@type\":\"ImageObject\",\"inLanguage\":\"pt-BR\",\"@id\":\"https:\\\/\\\/solardorosario.com.br\\\/galeria\\\/produto\\\/marilene-zanchett-serie-musicos-7\\\/#primaryimage\",\"url\":\"https:\\\/\\\/solardorosario.com.br\\\/galeria\\\/wp-content\\\/uploads\\\/2024\\\/03\\\/Imagem-do-WhatsApp-de-2024-03-05-as-10.16.10_5609a158.jpg\",\"contentUrl\":\"https:\\\/\\\/solardorosario.com.br\\\/galeria\\\/wp-content\\\/uploads\\\/2024\\\/03\\\/Imagem-do-WhatsApp-de-2024-03-05-as-10.16.10_5609a158.jpg\",\"width\":1215,\"height\":1280},{\"@type\":\"BreadcrumbList\",\"@id\":\"https:\\\/\\\/solardorosario.com.br\\\/galeria\\\/produto\\\/marilene-zanchett-serie-musicos-7\\\/#breadcrumb\",\"itemListElement\":[{\"@type\":\"ListItem\",\"position\":1,\"name\":\"In\u00edcio\",\"item\":\"https:\\\/\\\/solardorosario.com.br\\\/galeria\\\/\"},{\"@type\":\"ListItem\",\"position\":2,\"name\":\"galeria\",\"item\":\"https:\\\/\\\/solardorosario.com.br\\\/galeria\\\/galeria\\\/\"},{\"@type\":\"ListItem\",\"position\":3,\"name\":\"Marilene Zanchett - S\u00e9rie M\u00fasicos\"}]},{\"@type\":\"WebSite\",\"@id\":\"https:\\\/\\\/solardorosario.com.br\\\/galeria\\\/#website\",\"url\":\"https:\\\/\\\/solardorosario.com.br\\\/galeria\\\/\",\"name\":\"Solar do Ros\u00e1rio Galeria \\\\\\\\\\\\\\\\Nova\",\"description\":\"\",\"potentialAction\":[{\"@type\":\"SearchAction\",\"target\":{\"@type\":\"EntryPoint\",\"urlTemplate\":\"https:\\\/\\\/solardorosario.com.br\\\/galeria\\\/?s={search_term_string}\"},\"query-input\":{\"@type\":\"PropertyValueSpecification\",\"valueRequired\":true,\"valueName\":\"search_term_string\"}}],\"inLanguage\":\"pt-BR\"}]}<\/script>\n<!-- \/ Yoast SEO plugin. -->","yoast_head_json":{"title":"Marilene Zanchett - S\u00e9rie M\u00fasicos - Solar do Ros\u00e1rio Galeria \\\\\\\\Nova","robots":{"index":"index","follow":"follow","max-snippet":"max-snippet:-1","max-image-preview":"max-image-preview:large","max-video-preview":"max-video-preview:-1"},"canonical":"https:\/\/solardorosario.com.br\/galeria\/produto\/marilene-zanchett-serie-musicos-7\/","og_locale":"pt_BR","og_type":"article","og_title":"Marilene Zanchett - S\u00e9rie M\u00fasicos - Solar do Ros\u00e1rio Galeria \\\\\\\\Nova","og_description":"Artista: Marilene Zanchett T\u00edtulo: S\u00e9rie M\u00fasicos Dimens\u00e3o: 40x40cm T\u00e9cnica: \u00d3leo espatulado sobre tela &nbsp; *Quadro sem moldura.\u00a0 &nbsp; Marilene Zanchett nasceu em Curitibanos, em 1963. Se formou pela Escola de M\u00fasica e Belas Artes do Paran\u00e1, em 1991. Frequentou o Ateli\u00ea Livre de Arte Contempor\u00e2nea com Ed\u00edlson Viriato at\u00e9 2011. J\u00e1 participou de exposi\u00e7\u00f5es individuais [&hellip;]","og_url":"https:\/\/solardorosario.com.br\/galeria\/produto\/marilene-zanchett-serie-musicos-7\/","og_site_name":"Solar do Ros\u00e1rio Galeria \\\\\\\\Nova","article_modified_time":"2025-08-19T17:26:49+00:00","og_image":[{"width":1215,"height":1280,"url":"https:\/\/solardorosario.com.br\/galeria\/wp-content\/uploads\/2024\/03\/Imagem-do-WhatsApp-de-2024-03-05-as-10.16.10_5609a158.jpg","type":"image\/jpeg"}],"twitter_card":"summary_large_image","twitter_misc":{"Est. tempo de leitura":"1 minuto"},"schema":{"@context":"https:\/\/schema.org","@graph":[{"@type":"WebPage","@id":"https:\/\/solardorosario.com.br\/galeria\/produto\/marilene-zanchett-serie-musicos-7\/","url":"https:\/\/solardorosario.com.br\/galeria\/produto\/marilene-zanchett-serie-musicos-7\/","name":"Marilene Zanchett - S\u00e9rie M\u00fasicos - Solar do Ros\u00e1rio Galeria \\\\\\\\Nova","isPartOf":{"@id":"https:\/\/solardorosario.com.br\/galeria\/#website"},"primaryImageOfPage":{"@id":"https:\/\/solardorosario.com.br\/galeria\/produto\/marilene-zanchett-serie-musicos-7\/#primaryimage"},"image":{"@id":"https:\/\/solardorosario.com.br\/galeria\/produto\/marilene-zanchett-serie-musicos-7\/#primaryimage"},"thumbnailUrl":"https:\/\/solardorosario.com.br\/galeria\/wp-content\/uploads\/2024\/03\/Imagem-do-WhatsApp-de-2024-03-05-as-10.16.10_5609a158.jpg","datePublished":"2024-03-05T13:23:40+00:00","dateModified":"2025-08-19T17:26:49+00:00","breadcrumb":{"@id":"https:\/\/solardorosario.com.br\/galeria\/produto\/marilene-zanchett-serie-musicos-7\/#breadcrumb"},"inLanguage":"pt-BR","potentialAction":[{"@type":"ReadAction","target":["https:\/\/solardorosario.com.br\/galeria\/produto\/marilene-zanchett-serie-musicos-7\/"]}]},{"@type":"ImageObject","inLanguage":"pt-BR","@id":"https:\/\/solardorosario.com.br\/galeria\/produto\/marilene-zanchett-serie-musicos-7\/#primaryimage","url":"https:\/\/solardorosario.com.br\/galeria\/wp-content\/uploads\/2024\/03\/Imagem-do-WhatsApp-de-2024-03-05-as-10.16.10_5609a158.jpg","contentUrl":"https:\/\/solardorosario.com.br\/galeria\/wp-content\/uploads\/2024\/03\/Imagem-do-WhatsApp-de-2024-03-05-as-10.16.10_5609a158.jpg","width":1215,"height":1280},{"@type":"BreadcrumbList","@id":"https:\/\/solardorosario.com.br\/galeria\/produto\/marilene-zanchett-serie-musicos-7\/#breadcrumb","itemListElement":[{"@type":"ListItem","position":1,"name":"In\u00edcio","item":"https:\/\/solardorosario.com.br\/galeria\/"},{"@type":"ListItem","position":2,"name":"galeria","item":"https:\/\/solardorosario.com.br\/galeria\/galeria\/"},{"@type":"ListItem","position":3,"name":"Marilene Zanchett - S\u00e9rie M\u00fasicos"}]},{"@type":"WebSite","@id":"https:\/\/solardorosario.com.br\/galeria\/#website","url":"https:\/\/solardorosario.com.br\/galeria\/","name":"Solar do Ros\u00e1rio Galeria \\\\\\\\Nova","description":"","potentialAction":[{"@type":"SearchAction","target":{"@type":"EntryPoint","urlTemplate":"https:\/\/solardorosario.com.br\/galeria\/?s={search_term_string}"},"query-input":{"@type":"PropertyValueSpecification","valueRequired":true,"valueName":"search_term_string"}}],"inLanguage":"pt-BR"}]}},"_links":{"self":[{"href":"https:\/\/solardorosario.com.br\/galeria\/wp-json\/wp\/v2\/product\/4072","targetHints":{"allow":["GET"]}}],"collection":[{"href":"https:\/\/solardorosario.com.br\/galeria\/wp-json\/wp\/v2\/product"}],"about":[{"href":"https:\/\/solardorosario.com.br\/galeria\/wp-json\/wp\/v2\/types\/product"}],"wp:featuredmedia":[{"embeddable":true,"href":"https:\/\/solardorosario.com.br\/galeria\/wp-json\/wp\/v2\/media\/4073"}],"wp:attachment":[{"href":"https:\/\/solardorosario.com.br\/galeria\/wp-json\/wp\/v2\/media?parent=4072"}],"wp:term":[{"taxonomy":"product_brand","embeddable":true,"href":"https:\/\/solardorosario.com.br\/galeria\/wp-json\/wp\/v2\/product_brand?post=4072"},{"taxonomy":"product_cat","embeddable":true,"href":"https:\/\/solardorosario.com.br\/galeria\/wp-json\/wp\/v2\/product_cat?post=4072"},{"taxonomy":"product_tag","embeddable":true,"href":"https:\/\/solardorosario.com.br\/galeria\/wp-json\/wp\/v2\/product_tag?post=4072"}],"curies":[{"name":"wp","href":"https:\/\/api.w.org\/{rel}","templated":true}]}}