{"id":4060,"date":"2024-02-27T14:05:40","date_gmt":"2024-02-27T17:05:40","guid":{"rendered":"https:\/\/solardorosario.com.br\/galeria\/?post_type=product&#038;p=4060"},"modified":"2025-12-08T18:20:07","modified_gmt":"2025-12-08T21:20:07","slug":"livro-uma-viagem-pelo-mundo-da-arte","status":"publish","type":"product","link":"https:\/\/solardorosario.com.br\/galeria\/produto\/livro-uma-viagem-pelo-mundo-da-arte\/","title":{"rendered":"Livro - Uma viagem pelo mundo da arte"},"content":{"rendered":"<p>\"Promover um curso completo sobre a Hist\u00f3ria da Arte do Paran\u00e1 desde os primeiros movimentos que marcaram a infra-estrutura da arte paranaense at\u00e9 os movimentos de vanguarda contempor\u00e2nea da primeira d\u00e9cada do s\u00e9culoXXI era a ideia inicial desse projeto.<\/p>\n<p>Na montagem do conte\u00fado sentimos a necessidade de trazer, antes de chegar na Arte do Paran\u00e1, um panorama geral da Hist\u00f3ria da Arte e tamb\u00e9m um pouco da Hist\u00f3ria da Arte no Brasil.\"<\/p>\n<div id=\"-product-builder-12-873\" class=\"oxy-product-builder oxy-woo-element\">\n<div id=\"product-3842\" class=\"product type-product post-3842 status-publish first instock product_cat-galeria has-post-thumbnail shipping-taxable purchasable product-type-simple\">\n<div class=\"oxy-product-wrapper-inner oxy-inner-content\">\n<div id=\"-product-tabs-63-873\" class=\"oxy-product-tabs oxy-woo-element\">\n<div class=\"woocommerce-tabs wc-tabs-wrapper\">\n<div id=\"tab-description\" class=\"woocommerce-Tabs-panel woocommerce-Tabs-panel--description panel entry-content wc-tab\" role=\"tabpanel\" aria-labelledby=\"tab-title-description\">\n<p><strong>Regina de Barros Correia Casillo - Diretora fundadora do Solar do Ros\u00e1rio e membro da Academia Parananese de Letras.\u00a0\u00a0<\/strong><\/p>\n<\/div>\n<\/div>\n<\/div>\n<\/div>\n<\/div>\n<\/div>\n<p><strong>Lucia Casillo Malucelli - Diretora do Solar do Ros\u00e1rio\u00a0<\/strong><\/p>\n<p>\"Uma Hist\u00f3ria da Arte s\u00f3 \u00e9 poss\u00edvel e legitima se explicar o fen\u00f4nemo art\u00edstico na sua globalidade; n\u00e3o se pode fazer uma Hist\u00f3ria da Arte se n\u00e3o se admite a exist\u00eancia de uma rela\u00e7\u00e3o entre todos os fen\u00f4menos art\u00edsticos, qualquer que seja a dimens\u00e3o espa\u00e7o-temporal em que foram produzidos.<\/p>\n<p>A intencionalidade e a consci\u00eancia da fun\u00e7\u00e3o hist\u00f3ria da arte s\u00e3o, indubitavalmente, os principais fatores da rela\u00e7\u00e3o que se estabelece entre os fatos art\u00edsticos de um mesmo per\u00edodo, entre os per\u00edodos sucessivos, entre a atividade art\u00edstica em geral e as demais atividades do meio cultural.\"<\/p>\n<p>Trecho do cap\u00edtulo <em>\"Uma Reflex\u00e3o sobre a Hist\u00f3ria da Arte\"<\/em> de Maria Cecilia Araujo de Noronha (Professora de Hist\u00f3ria da Arte e Est\u00e9tica, Membro da Associa\u00e7\u00e3o Brasileira de Cr\u00edticos de Arte).<\/p>\n","protected":false},"excerpt":{"rendered":"<p>\"Promover um curso completo sobre a Hist\u00f3ria da Arte do Paran\u00e1 desde os primeiros movimentos que marcaram a infra-estrutura da arte paranaense at\u00e9 os movimentos de vanguarda contempor\u00e2nea da primeira d\u00e9cada do s\u00e9culoXXI era a ideia inicial desse projeto. Na montagem do conte\u00fado sentimos a necessidade de trazer, antes de chegar na Arte do Paran\u00e1, [&hellip;]<\/p>\n","protected":false},"featured_media":4061,"template":"","meta":[],"product_brand":[],"product_cat":[117],"product_tag":[],"class_list":{"0":"post-4060","1":"product","2":"type-product","3":"status-publish","4":"has-post-thumbnail","6":"product_cat-galeria","7":"pa_tecnica-livros-de-arte-e-artistas","9":"first","10":"instock","11":"shipping-taxable","12":"purchasable","13":"product-type-simple"},"yoast_head":"<!-- This site is optimized with the Yoast SEO plugin v27.4 - https:\/\/yoast.com\/product\/yoast-seo-wordpress\/ -->\n<title>Livro - Uma viagem pelo mundo da arte - Solar do Ros\u00e1rio Galeria \\\\\\\\Nova<\/title>\n<meta name=\"robots\" content=\"index, follow, max-snippet:-1, max-image-preview:large, max-video-preview:-1\" \/>\n<link rel=\"canonical\" href=\"https:\/\/solardorosario.com.br\/galeria\/produto\/livro-uma-viagem-pelo-mundo-da-arte\/\" \/>\n<meta property=\"og:locale\" content=\"pt_BR\" \/>\n<meta property=\"og:type\" content=\"article\" \/>\n<meta property=\"og:title\" content=\"Livro - Uma viagem pelo mundo da arte - Solar do Ros\u00e1rio Galeria \\\\\\\\Nova\" \/>\n<meta property=\"og:description\" content=\"&quot;Promover um curso completo sobre a Hist\u00f3ria da Arte do Paran\u00e1 desde os primeiros movimentos que marcaram a infra-estrutura da arte paranaense at\u00e9 os movimentos de vanguarda contempor\u00e2nea da primeira d\u00e9cada do s\u00e9culoXXI era a ideia inicial desse projeto. Na montagem do conte\u00fado sentimos a necessidade de trazer, antes de chegar na Arte do Paran\u00e1, [&hellip;]\" \/>\n<meta property=\"og:url\" content=\"https:\/\/solardorosario.com.br\/galeria\/produto\/livro-uma-viagem-pelo-mundo-da-arte\/\" \/>\n<meta property=\"og:site_name\" content=\"Solar do Ros\u00e1rio Galeria \\\\\\\\Nova\" \/>\n<meta property=\"article:modified_time\" content=\"2025-12-08T21:20:07+00:00\" \/>\n<meta property=\"og:image\" content=\"https:\/\/solardorosario.com.br\/galeria\/wp-content\/uploads\/2024\/02\/Imagem-do-WhatsApp-de-2024-02-27-as-14.03.19_b1d041c0.jpg\" \/>\n\t<meta property=\"og:image:width\" content=\"875\" \/>\n\t<meta property=\"og:image:height\" content=\"1280\" \/>\n\t<meta property=\"og:image:type\" content=\"image\/jpeg\" \/>\n<meta name=\"twitter:card\" content=\"summary_large_image\" \/>\n<meta name=\"twitter:label1\" content=\"Est. tempo de leitura\" \/>\n\t<meta name=\"twitter:data1\" content=\"2 minutos\" \/>\n<script type=\"application\/ld+json\" class=\"yoast-schema-graph\">{\"@context\":\"https:\\\/\\\/schema.org\",\"@graph\":[{\"@type\":\"WebPage\",\"@id\":\"https:\\\/\\\/solardorosario.com.br\\\/galeria\\\/produto\\\/livro-uma-viagem-pelo-mundo-da-arte\\\/\",\"url\":\"https:\\\/\\\/solardorosario.com.br\\\/galeria\\\/produto\\\/livro-uma-viagem-pelo-mundo-da-arte\\\/\",\"name\":\"Livro - Uma viagem pelo mundo da arte - Solar do Ros\u00e1rio Galeria \\\\\\\\\\\\\\\\Nova\",\"isPartOf\":{\"@id\":\"https:\\\/\\\/solardorosario.com.br\\\/galeria\\\/#website\"},\"primaryImageOfPage\":{\"@id\":\"https:\\\/\\\/solardorosario.com.br\\\/galeria\\\/produto\\\/livro-uma-viagem-pelo-mundo-da-arte\\\/#primaryimage\"},\"image\":{\"@id\":\"https:\\\/\\\/solardorosario.com.br\\\/galeria\\\/produto\\\/livro-uma-viagem-pelo-mundo-da-arte\\\/#primaryimage\"},\"thumbnailUrl\":\"https:\\\/\\\/solardorosario.com.br\\\/galeria\\\/wp-content\\\/uploads\\\/2024\\\/02\\\/Imagem-do-WhatsApp-de-2024-02-27-as-14.03.19_b1d041c0.jpg\",\"datePublished\":\"2024-02-27T17:05:40+00:00\",\"dateModified\":\"2025-12-08T21:20:07+00:00\",\"breadcrumb\":{\"@id\":\"https:\\\/\\\/solardorosario.com.br\\\/galeria\\\/produto\\\/livro-uma-viagem-pelo-mundo-da-arte\\\/#breadcrumb\"},\"inLanguage\":\"pt-BR\",\"potentialAction\":[{\"@type\":\"ReadAction\",\"target\":[\"https:\\\/\\\/solardorosario.com.br\\\/galeria\\\/produto\\\/livro-uma-viagem-pelo-mundo-da-arte\\\/\"]}]},{\"@type\":\"ImageObject\",\"inLanguage\":\"pt-BR\",\"@id\":\"https:\\\/\\\/solardorosario.com.br\\\/galeria\\\/produto\\\/livro-uma-viagem-pelo-mundo-da-arte\\\/#primaryimage\",\"url\":\"https:\\\/\\\/solardorosario.com.br\\\/galeria\\\/wp-content\\\/uploads\\\/2024\\\/02\\\/Imagem-do-WhatsApp-de-2024-02-27-as-14.03.19_b1d041c0.jpg\",\"contentUrl\":\"https:\\\/\\\/solardorosario.com.br\\\/galeria\\\/wp-content\\\/uploads\\\/2024\\\/02\\\/Imagem-do-WhatsApp-de-2024-02-27-as-14.03.19_b1d041c0.jpg\",\"width\":875,\"height\":1280},{\"@type\":\"BreadcrumbList\",\"@id\":\"https:\\\/\\\/solardorosario.com.br\\\/galeria\\\/produto\\\/livro-uma-viagem-pelo-mundo-da-arte\\\/#breadcrumb\",\"itemListElement\":[{\"@type\":\"ListItem\",\"position\":1,\"name\":\"In\u00edcio\",\"item\":\"https:\\\/\\\/solardorosario.com.br\\\/galeria\\\/\"},{\"@type\":\"ListItem\",\"position\":2,\"name\":\"galeria\",\"item\":\"https:\\\/\\\/solardorosario.com.br\\\/galeria\\\/galeria\\\/\"},{\"@type\":\"ListItem\",\"position\":3,\"name\":\"Livro - Uma viagem pelo mundo da arte\"}]},{\"@type\":\"WebSite\",\"@id\":\"https:\\\/\\\/solardorosario.com.br\\\/galeria\\\/#website\",\"url\":\"https:\\\/\\\/solardorosario.com.br\\\/galeria\\\/\",\"name\":\"Solar do Ros\u00e1rio Galeria \\\\\\\\\\\\\\\\Nova\",\"description\":\"\",\"potentialAction\":[{\"@type\":\"SearchAction\",\"target\":{\"@type\":\"EntryPoint\",\"urlTemplate\":\"https:\\\/\\\/solardorosario.com.br\\\/galeria\\\/?s={search_term_string}\"},\"query-input\":{\"@type\":\"PropertyValueSpecification\",\"valueRequired\":true,\"valueName\":\"search_term_string\"}}],\"inLanguage\":\"pt-BR\"}]}<\/script>\n<!-- \/ Yoast SEO plugin. -->","yoast_head_json":{"title":"Livro - Uma viagem pelo mundo da arte - Solar do Ros\u00e1rio Galeria \\\\\\\\Nova","robots":{"index":"index","follow":"follow","max-snippet":"max-snippet:-1","max-image-preview":"max-image-preview:large","max-video-preview":"max-video-preview:-1"},"canonical":"https:\/\/solardorosario.com.br\/galeria\/produto\/livro-uma-viagem-pelo-mundo-da-arte\/","og_locale":"pt_BR","og_type":"article","og_title":"Livro - Uma viagem pelo mundo da arte - Solar do Ros\u00e1rio Galeria \\\\\\\\Nova","og_description":"\"Promover um curso completo sobre a Hist\u00f3ria da Arte do Paran\u00e1 desde os primeiros movimentos que marcaram a infra-estrutura da arte paranaense at\u00e9 os movimentos de vanguarda contempor\u00e2nea da primeira d\u00e9cada do s\u00e9culoXXI era a ideia inicial desse projeto. Na montagem do conte\u00fado sentimos a necessidade de trazer, antes de chegar na Arte do Paran\u00e1, [&hellip;]","og_url":"https:\/\/solardorosario.com.br\/galeria\/produto\/livro-uma-viagem-pelo-mundo-da-arte\/","og_site_name":"Solar do Ros\u00e1rio Galeria \\\\\\\\Nova","article_modified_time":"2025-12-08T21:20:07+00:00","og_image":[{"width":875,"height":1280,"url":"https:\/\/solardorosario.com.br\/galeria\/wp-content\/uploads\/2024\/02\/Imagem-do-WhatsApp-de-2024-02-27-as-14.03.19_b1d041c0.jpg","type":"image\/jpeg"}],"twitter_card":"summary_large_image","twitter_misc":{"Est. tempo de leitura":"2 minutos"},"schema":{"@context":"https:\/\/schema.org","@graph":[{"@type":"WebPage","@id":"https:\/\/solardorosario.com.br\/galeria\/produto\/livro-uma-viagem-pelo-mundo-da-arte\/","url":"https:\/\/solardorosario.com.br\/galeria\/produto\/livro-uma-viagem-pelo-mundo-da-arte\/","name":"Livro - Uma viagem pelo mundo da arte - Solar do Ros\u00e1rio Galeria \\\\\\\\Nova","isPartOf":{"@id":"https:\/\/solardorosario.com.br\/galeria\/#website"},"primaryImageOfPage":{"@id":"https:\/\/solardorosario.com.br\/galeria\/produto\/livro-uma-viagem-pelo-mundo-da-arte\/#primaryimage"},"image":{"@id":"https:\/\/solardorosario.com.br\/galeria\/produto\/livro-uma-viagem-pelo-mundo-da-arte\/#primaryimage"},"thumbnailUrl":"https:\/\/solardorosario.com.br\/galeria\/wp-content\/uploads\/2024\/02\/Imagem-do-WhatsApp-de-2024-02-27-as-14.03.19_b1d041c0.jpg","datePublished":"2024-02-27T17:05:40+00:00","dateModified":"2025-12-08T21:20:07+00:00","breadcrumb":{"@id":"https:\/\/solardorosario.com.br\/galeria\/produto\/livro-uma-viagem-pelo-mundo-da-arte\/#breadcrumb"},"inLanguage":"pt-BR","potentialAction":[{"@type":"ReadAction","target":["https:\/\/solardorosario.com.br\/galeria\/produto\/livro-uma-viagem-pelo-mundo-da-arte\/"]}]},{"@type":"ImageObject","inLanguage":"pt-BR","@id":"https:\/\/solardorosario.com.br\/galeria\/produto\/livro-uma-viagem-pelo-mundo-da-arte\/#primaryimage","url":"https:\/\/solardorosario.com.br\/galeria\/wp-content\/uploads\/2024\/02\/Imagem-do-WhatsApp-de-2024-02-27-as-14.03.19_b1d041c0.jpg","contentUrl":"https:\/\/solardorosario.com.br\/galeria\/wp-content\/uploads\/2024\/02\/Imagem-do-WhatsApp-de-2024-02-27-as-14.03.19_b1d041c0.jpg","width":875,"height":1280},{"@type":"BreadcrumbList","@id":"https:\/\/solardorosario.com.br\/galeria\/produto\/livro-uma-viagem-pelo-mundo-da-arte\/#breadcrumb","itemListElement":[{"@type":"ListItem","position":1,"name":"In\u00edcio","item":"https:\/\/solardorosario.com.br\/galeria\/"},{"@type":"ListItem","position":2,"name":"galeria","item":"https:\/\/solardorosario.com.br\/galeria\/galeria\/"},{"@type":"ListItem","position":3,"name":"Livro - Uma viagem pelo mundo da arte"}]},{"@type":"WebSite","@id":"https:\/\/solardorosario.com.br\/galeria\/#website","url":"https:\/\/solardorosario.com.br\/galeria\/","name":"Solar do Ros\u00e1rio Galeria \\\\\\\\Nova","description":"","potentialAction":[{"@type":"SearchAction","target":{"@type":"EntryPoint","urlTemplate":"https:\/\/solardorosario.com.br\/galeria\/?s={search_term_string}"},"query-input":{"@type":"PropertyValueSpecification","valueRequired":true,"valueName":"search_term_string"}}],"inLanguage":"pt-BR"}]}},"_links":{"self":[{"href":"https:\/\/solardorosario.com.br\/galeria\/wp-json\/wp\/v2\/product\/4060","targetHints":{"allow":["GET"]}}],"collection":[{"href":"https:\/\/solardorosario.com.br\/galeria\/wp-json\/wp\/v2\/product"}],"about":[{"href":"https:\/\/solardorosario.com.br\/galeria\/wp-json\/wp\/v2\/types\/product"}],"wp:featuredmedia":[{"embeddable":true,"href":"https:\/\/solardorosario.com.br\/galeria\/wp-json\/wp\/v2\/media\/4061"}],"wp:attachment":[{"href":"https:\/\/solardorosario.com.br\/galeria\/wp-json\/wp\/v2\/media?parent=4060"}],"wp:term":[{"taxonomy":"product_brand","embeddable":true,"href":"https:\/\/solardorosario.com.br\/galeria\/wp-json\/wp\/v2\/product_brand?post=4060"},{"taxonomy":"product_cat","embeddable":true,"href":"https:\/\/solardorosario.com.br\/galeria\/wp-json\/wp\/v2\/product_cat?post=4060"},{"taxonomy":"product_tag","embeddable":true,"href":"https:\/\/solardorosario.com.br\/galeria\/wp-json\/wp\/v2\/product_tag?post=4060"}],"curies":[{"name":"wp","href":"https:\/\/api.w.org\/{rel}","templated":true}]}}