{"id":4000,"date":"2023-10-30T17:50:06","date_gmt":"2023-10-30T20:50:06","guid":{"rendered":"https:\/\/solardorosario.com.br\/galeria\/?post_type=product&#038;p=4000"},"modified":"2026-04-06T14:56:02","modified_gmt":"2026-04-06T17:56:02","slug":"livro-por-que-pintura","status":"publish","type":"product","link":"https:\/\/solardorosario.com.br\/galeria\/produto\/livro-por-que-pintura\/","title":{"rendered":"Livro - Por que Pintura?"},"content":{"rendered":"<p><strong>T\u00edtulo:<\/strong> Por que Pintura?<\/p>\n<p>\"(...) \u00c9 sabido que em outros estados al\u00e9m do Paran\u00e1 as d\u00e9cadas de 70 e 80 registraram talentos com trajet\u00f3rias marcantes na hist\u00f3ria da arte. Tentaremos, neste livro, mostrar os objetivos est\u00e9ticos e formais de uma gera\u00e7\u00e3o que percorreu tempos dif\u00edceis de conceitua\u00e7\u00e3o art\u00edstica, com apelo fortemente neutralizador a respeito da pintura e que, apesar de tudo, se revela expressiva e atual. Os textos te\u00f3ricos que acompanham as telas dos artistas reproduzidas no livro auxiliam na compreens\u00e3o da fatura art\u00edstica desse per\u00edodo e d\u00e3o suporte a esse recorte temporal de relev\u00e2ncia na hist\u00f3ria da arte paranaense.\"<\/p>\n<p>-2\u00ba par\u00e1grafo no texto de apresenta\u00e7\u00e3o do livro <em>Por que pintura?\u00a0<\/em><\/p>\n<p>&nbsp;<\/p>\n<p>\"Seis artistas no desafio de fazer pintura no sentido tradicional das cores na bidimensionalidade.<\/p>\n<p>\u00c9 a provoca\u00e7\u00e3o para falar da pintura. E certamente, devo avisar, esse texto pretende fazer uma defesa apaixonada da pintura, tentando responder \u00e0s ofensivas contra ela efetuadas pelos convertidos \u00e0 tecnologia dos aparelhos eletr\u00f4nicos. Nada contra a tecnologia, nem contra as novas formas art\u00edsticas, desde que realizadoras de p\u00f3eticas. (...)\".<\/p>\n<p><em>Maria Jos\u00e9 Justino <\/em>no cap\u00edtulo \"A Pintura est\u00e1 morta. Viva a pintura!\"<\/p>\n","protected":false},"excerpt":{"rendered":"<p>T\u00edtulo: Por que Pintura? \"(...) \u00c9 sabido que em outros estados al\u00e9m do Paran\u00e1 as d\u00e9cadas de 70 e 80 registraram talentos com trajet\u00f3rias marcantes na hist\u00f3ria da arte. Tentaremos, neste livro, mostrar os objetivos est\u00e9ticos e formais de uma gera\u00e7\u00e3o que percorreu tempos dif\u00edceis de conceitua\u00e7\u00e3o art\u00edstica, com apelo fortemente neutralizador a respeito da [&hellip;]<\/p>\n","protected":false},"featured_media":4933,"template":"","meta":[],"product_brand":[],"product_cat":[117],"product_tag":[],"class_list":{"0":"post-4000","1":"product","2":"type-product","3":"status-publish","4":"has-post-thumbnail","6":"product_cat-galeria","7":"pa_tecnica-livros-de-arte-e-artistas","9":"first","10":"instock","11":"shipping-taxable","12":"purchasable","13":"product-type-simple"},"yoast_head":"<!-- This site is optimized with the Yoast SEO plugin v27.4 - https:\/\/yoast.com\/product\/yoast-seo-wordpress\/ -->\n<title>Livro - Por que Pintura? - Solar do Ros\u00e1rio Galeria \\\\\\\\Nova<\/title>\n<meta name=\"robots\" content=\"index, follow, max-snippet:-1, max-image-preview:large, max-video-preview:-1\" \/>\n<link rel=\"canonical\" href=\"https:\/\/solardorosario.com.br\/galeria\/produto\/livro-por-que-pintura\/\" \/>\n<meta property=\"og:locale\" content=\"pt_BR\" \/>\n<meta property=\"og:type\" content=\"article\" \/>\n<meta property=\"og:title\" content=\"Livro - Por que Pintura? - Solar do Ros\u00e1rio Galeria \\\\\\\\Nova\" \/>\n<meta property=\"og:description\" content=\"T\u00edtulo: Por que Pintura? &quot;(...) \u00c9 sabido que em outros estados al\u00e9m do Paran\u00e1 as d\u00e9cadas de 70 e 80 registraram talentos com trajet\u00f3rias marcantes na hist\u00f3ria da arte. Tentaremos, neste livro, mostrar os objetivos est\u00e9ticos e formais de uma gera\u00e7\u00e3o que percorreu tempos dif\u00edceis de conceitua\u00e7\u00e3o art\u00edstica, com apelo fortemente neutralizador a respeito da [&hellip;]\" \/>\n<meta property=\"og:url\" content=\"https:\/\/solardorosario.com.br\/galeria\/produto\/livro-por-que-pintura\/\" \/>\n<meta property=\"og:site_name\" content=\"Solar do Ros\u00e1rio Galeria \\\\\\\\Nova\" \/>\n<meta property=\"article:modified_time\" content=\"2026-04-06T17:56:02+00:00\" \/>\n<meta property=\"og:image\" content=\"https:\/\/solardorosario.com.br\/galeria\/wp-content\/uploads\/2023\/10\/capa-livro-por-q-pintura-com-faixa.jpg\" \/>\n\t<meta property=\"og:image:width\" content=\"392\" \/>\n\t<meta property=\"og:image:height\" content=\"500\" \/>\n\t<meta property=\"og:image:type\" content=\"image\/jpeg\" \/>\n<meta name=\"twitter:card\" content=\"summary_large_image\" \/>\n<meta name=\"twitter:label1\" content=\"Est. tempo de leitura\" \/>\n\t<meta name=\"twitter:data1\" content=\"2 minutos\" \/>\n<script type=\"application\/ld+json\" class=\"yoast-schema-graph\">{\"@context\":\"https:\\\/\\\/schema.org\",\"@graph\":[{\"@type\":\"WebPage\",\"@id\":\"https:\\\/\\\/solardorosario.com.br\\\/galeria\\\/produto\\\/livro-por-que-pintura\\\/\",\"url\":\"https:\\\/\\\/solardorosario.com.br\\\/galeria\\\/produto\\\/livro-por-que-pintura\\\/\",\"name\":\"Livro - Por que Pintura? - Solar do Ros\u00e1rio Galeria \\\\\\\\\\\\\\\\Nova\",\"isPartOf\":{\"@id\":\"https:\\\/\\\/solardorosario.com.br\\\/galeria\\\/#website\"},\"primaryImageOfPage\":{\"@id\":\"https:\\\/\\\/solardorosario.com.br\\\/galeria\\\/produto\\\/livro-por-que-pintura\\\/#primaryimage\"},\"image\":{\"@id\":\"https:\\\/\\\/solardorosario.com.br\\\/galeria\\\/produto\\\/livro-por-que-pintura\\\/#primaryimage\"},\"thumbnailUrl\":\"https:\\\/\\\/solardorosario.com.br\\\/galeria\\\/wp-content\\\/uploads\\\/2023\\\/10\\\/capa-livro-por-q-pintura-com-faixa.jpg\",\"datePublished\":\"2023-10-30T20:50:06+00:00\",\"dateModified\":\"2026-04-06T17:56:02+00:00\",\"breadcrumb\":{\"@id\":\"https:\\\/\\\/solardorosario.com.br\\\/galeria\\\/produto\\\/livro-por-que-pintura\\\/#breadcrumb\"},\"inLanguage\":\"pt-BR\",\"potentialAction\":[{\"@type\":\"ReadAction\",\"target\":[\"https:\\\/\\\/solardorosario.com.br\\\/galeria\\\/produto\\\/livro-por-que-pintura\\\/\"]}]},{\"@type\":\"ImageObject\",\"inLanguage\":\"pt-BR\",\"@id\":\"https:\\\/\\\/solardorosario.com.br\\\/galeria\\\/produto\\\/livro-por-que-pintura\\\/#primaryimage\",\"url\":\"https:\\\/\\\/solardorosario.com.br\\\/galeria\\\/wp-content\\\/uploads\\\/2023\\\/10\\\/capa-livro-por-q-pintura-com-faixa.jpg\",\"contentUrl\":\"https:\\\/\\\/solardorosario.com.br\\\/galeria\\\/wp-content\\\/uploads\\\/2023\\\/10\\\/capa-livro-por-q-pintura-com-faixa.jpg\",\"width\":392,\"height\":500},{\"@type\":\"BreadcrumbList\",\"@id\":\"https:\\\/\\\/solardorosario.com.br\\\/galeria\\\/produto\\\/livro-por-que-pintura\\\/#breadcrumb\",\"itemListElement\":[{\"@type\":\"ListItem\",\"position\":1,\"name\":\"In\u00edcio\",\"item\":\"https:\\\/\\\/solardorosario.com.br\\\/galeria\\\/\"},{\"@type\":\"ListItem\",\"position\":2,\"name\":\"galeria\",\"item\":\"https:\\\/\\\/solardorosario.com.br\\\/galeria\\\/galeria\\\/\"},{\"@type\":\"ListItem\",\"position\":3,\"name\":\"Livro - Por que Pintura?\"}]},{\"@type\":\"WebSite\",\"@id\":\"https:\\\/\\\/solardorosario.com.br\\\/galeria\\\/#website\",\"url\":\"https:\\\/\\\/solardorosario.com.br\\\/galeria\\\/\",\"name\":\"Solar do Ros\u00e1rio Galeria \\\\\\\\\\\\\\\\Nova\",\"description\":\"\",\"potentialAction\":[{\"@type\":\"SearchAction\",\"target\":{\"@type\":\"EntryPoint\",\"urlTemplate\":\"https:\\\/\\\/solardorosario.com.br\\\/galeria\\\/?s={search_term_string}\"},\"query-input\":{\"@type\":\"PropertyValueSpecification\",\"valueRequired\":true,\"valueName\":\"search_term_string\"}}],\"inLanguage\":\"pt-BR\"}]}<\/script>\n<!-- \/ Yoast SEO plugin. -->","yoast_head_json":{"title":"Livro - Por que Pintura? - Solar do Ros\u00e1rio Galeria \\\\\\\\Nova","robots":{"index":"index","follow":"follow","max-snippet":"max-snippet:-1","max-image-preview":"max-image-preview:large","max-video-preview":"max-video-preview:-1"},"canonical":"https:\/\/solardorosario.com.br\/galeria\/produto\/livro-por-que-pintura\/","og_locale":"pt_BR","og_type":"article","og_title":"Livro - Por que Pintura? - Solar do Ros\u00e1rio Galeria \\\\\\\\Nova","og_description":"T\u00edtulo: Por que Pintura? \"(...) \u00c9 sabido que em outros estados al\u00e9m do Paran\u00e1 as d\u00e9cadas de 70 e 80 registraram talentos com trajet\u00f3rias marcantes na hist\u00f3ria da arte. Tentaremos, neste livro, mostrar os objetivos est\u00e9ticos e formais de uma gera\u00e7\u00e3o que percorreu tempos dif\u00edceis de conceitua\u00e7\u00e3o art\u00edstica, com apelo fortemente neutralizador a respeito da [&hellip;]","og_url":"https:\/\/solardorosario.com.br\/galeria\/produto\/livro-por-que-pintura\/","og_site_name":"Solar do Ros\u00e1rio Galeria \\\\\\\\Nova","article_modified_time":"2026-04-06T17:56:02+00:00","og_image":[{"width":392,"height":500,"url":"https:\/\/solardorosario.com.br\/galeria\/wp-content\/uploads\/2023\/10\/capa-livro-por-q-pintura-com-faixa.jpg","type":"image\/jpeg"}],"twitter_card":"summary_large_image","twitter_misc":{"Est. tempo de leitura":"2 minutos"},"schema":{"@context":"https:\/\/schema.org","@graph":[{"@type":"WebPage","@id":"https:\/\/solardorosario.com.br\/galeria\/produto\/livro-por-que-pintura\/","url":"https:\/\/solardorosario.com.br\/galeria\/produto\/livro-por-que-pintura\/","name":"Livro - Por que Pintura? - Solar do Ros\u00e1rio Galeria \\\\\\\\Nova","isPartOf":{"@id":"https:\/\/solardorosario.com.br\/galeria\/#website"},"primaryImageOfPage":{"@id":"https:\/\/solardorosario.com.br\/galeria\/produto\/livro-por-que-pintura\/#primaryimage"},"image":{"@id":"https:\/\/solardorosario.com.br\/galeria\/produto\/livro-por-que-pintura\/#primaryimage"},"thumbnailUrl":"https:\/\/solardorosario.com.br\/galeria\/wp-content\/uploads\/2023\/10\/capa-livro-por-q-pintura-com-faixa.jpg","datePublished":"2023-10-30T20:50:06+00:00","dateModified":"2026-04-06T17:56:02+00:00","breadcrumb":{"@id":"https:\/\/solardorosario.com.br\/galeria\/produto\/livro-por-que-pintura\/#breadcrumb"},"inLanguage":"pt-BR","potentialAction":[{"@type":"ReadAction","target":["https:\/\/solardorosario.com.br\/galeria\/produto\/livro-por-que-pintura\/"]}]},{"@type":"ImageObject","inLanguage":"pt-BR","@id":"https:\/\/solardorosario.com.br\/galeria\/produto\/livro-por-que-pintura\/#primaryimage","url":"https:\/\/solardorosario.com.br\/galeria\/wp-content\/uploads\/2023\/10\/capa-livro-por-q-pintura-com-faixa.jpg","contentUrl":"https:\/\/solardorosario.com.br\/galeria\/wp-content\/uploads\/2023\/10\/capa-livro-por-q-pintura-com-faixa.jpg","width":392,"height":500},{"@type":"BreadcrumbList","@id":"https:\/\/solardorosario.com.br\/galeria\/produto\/livro-por-que-pintura\/#breadcrumb","itemListElement":[{"@type":"ListItem","position":1,"name":"In\u00edcio","item":"https:\/\/solardorosario.com.br\/galeria\/"},{"@type":"ListItem","position":2,"name":"galeria","item":"https:\/\/solardorosario.com.br\/galeria\/galeria\/"},{"@type":"ListItem","position":3,"name":"Livro - Por que Pintura?"}]},{"@type":"WebSite","@id":"https:\/\/solardorosario.com.br\/galeria\/#website","url":"https:\/\/solardorosario.com.br\/galeria\/","name":"Solar do Ros\u00e1rio Galeria \\\\\\\\Nova","description":"","potentialAction":[{"@type":"SearchAction","target":{"@type":"EntryPoint","urlTemplate":"https:\/\/solardorosario.com.br\/galeria\/?s={search_term_string}"},"query-input":{"@type":"PropertyValueSpecification","valueRequired":true,"valueName":"search_term_string"}}],"inLanguage":"pt-BR"}]}},"_links":{"self":[{"href":"https:\/\/solardorosario.com.br\/galeria\/wp-json\/wp\/v2\/product\/4000","targetHints":{"allow":["GET"]}}],"collection":[{"href":"https:\/\/solardorosario.com.br\/galeria\/wp-json\/wp\/v2\/product"}],"about":[{"href":"https:\/\/solardorosario.com.br\/galeria\/wp-json\/wp\/v2\/types\/product"}],"wp:featuredmedia":[{"embeddable":true,"href":"https:\/\/solardorosario.com.br\/galeria\/wp-json\/wp\/v2\/media\/4933"}],"wp:attachment":[{"href":"https:\/\/solardorosario.com.br\/galeria\/wp-json\/wp\/v2\/media?parent=4000"}],"wp:term":[{"taxonomy":"product_brand","embeddable":true,"href":"https:\/\/solardorosario.com.br\/galeria\/wp-json\/wp\/v2\/product_brand?post=4000"},{"taxonomy":"product_cat","embeddable":true,"href":"https:\/\/solardorosario.com.br\/galeria\/wp-json\/wp\/v2\/product_cat?post=4000"},{"taxonomy":"product_tag","embeddable":true,"href":"https:\/\/solardorosario.com.br\/galeria\/wp-json\/wp\/v2\/product_tag?post=4000"}],"curies":[{"name":"wp","href":"https:\/\/api.w.org\/{rel}","templated":true}]}}