{"id":3920,"date":"2023-07-25T17:42:02","date_gmt":"2023-07-25T20:42:02","guid":{"rendered":"https:\/\/solardorosario.com.br\/galeria\/?post_type=product&#038;p=3920"},"modified":"2025-12-09T15:27:53","modified_gmt":"2025-12-09T18:27:53","slug":"azulejo-com-moldura-doralice-zanetti","status":"publish","type":"product","link":"https:\/\/solardorosario.com.br\/galeria\/produto\/azulejo-com-moldura-doralice-zanetti\/","title":{"rendered":"Azulejo com moldura - Doralice Zanetti"},"content":{"rendered":"<p><strong>Artista:<\/strong> Doralice Zanetti<\/p>\n<p><strong>Dimens\u00e3o:<\/strong> 20x25cm<\/p>\n<p><strong>Cor da moldura sujeita \u00e0 altera\u00e7\u00e3o (sem aviso pr\u00e9vio) devido ao estoque. Consulte no WhatsApp: (41)9 8804-3984<\/strong><\/p>\n<p>&nbsp;<\/p>\n<p>&nbsp;<\/p>\n<p><span class=\"cf0\">Doralice Zanetti \u00e9 natural de Imbituba, no Paran\u00e1. Foi aluna de mestres relevantes para a hist\u00f3ria da arte do Paran\u00e1 como Celso <\/span><span class=\"cf0\">Coppio<\/span><span class=\"cf0\">, Augusto Conte e Maria Cec\u00edlia Ara\u00fajo de Noronha, al\u00e9m de ter frequentado os ateli\u00eas de Alfredo Andersen, fazendo aula de desenho e pintura em 1981 e do Guido <\/span><span class=\"cf0\">Viaro<\/span><span class=\"cf0\"> de 1989 a 1992. Teve aulas de Arte Contempor\u00e2nea com Geraldo Le\u00e3o, em Curitiba e em 1994, fez um curso de Hist\u00f3ria da Arte em Nova York, Estados Unidos. J\u00e1 exp\u00f4s coletivamente desde 1986, por exemplo, no SESC da Esquina, no Lions Clube, em Curitiba, mas tamb\u00e9m j\u00e1 exp\u00f4s em coletivas e sal\u00f5es de arte em Uruguaiana, no Rio Grande do Sul, em Santo Andr\u00e9 (SP), Jacarezinho, Maring\u00e1, em Antonina, Gua\u00edra e Itaja\u00ed. Em 1996, participou da exposi\u00e7\u00e3o \"Fundo de Mar\", da Galeria Solar do Ros\u00e1rio, em Curitiba.<\/span><\/p>\n","protected":false},"excerpt":{"rendered":"<p>Artista: Doralice Zanetti Dimens\u00e3o: 20x25cm Cor da moldura sujeita \u00e0 altera\u00e7\u00e3o (sem aviso pr\u00e9vio) devido ao estoque. Consulte no WhatsApp: (41)9 8804-3984 &nbsp; &nbsp; Doralice Zanetti \u00e9 natural de Imbituba, no Paran\u00e1. Foi aluna de mestres relevantes para a hist\u00f3ria da arte do Paran\u00e1 como Celso Coppio, Augusto Conte e Maria Cec\u00edlia Ara\u00fajo de Noronha, [&hellip;]<\/p>\n","protected":false},"featured_media":3921,"template":"","meta":[],"product_brand":[],"product_cat":[117],"product_tag":[],"class_list":{"0":"post-3920","1":"product","2":"type-product","3":"status-publish","4":"has-post-thumbnail","6":"product_cat-galeria","7":"pa_artista-doralice-zanetti","8":"pa_estilo-figurativo","9":"pa_tecnica-azulejos-de-arte","11":"first","12":"instock","13":"shipping-taxable","14":"purchasable","15":"product-type-simple"},"yoast_head":"<!-- This site is optimized with the Yoast SEO plugin v27.4 - https:\/\/yoast.com\/product\/yoast-seo-wordpress\/ -->\n<title>Azulejo com moldura - Doralice Zanetti - Solar do Ros\u00e1rio Galeria \\\\\\\\Nova<\/title>\n<meta name=\"robots\" content=\"index, follow, max-snippet:-1, max-image-preview:large, max-video-preview:-1\" \/>\n<link rel=\"canonical\" href=\"https:\/\/solardorosario.com.br\/galeria\/produto\/azulejo-com-moldura-doralice-zanetti\/\" \/>\n<meta property=\"og:locale\" content=\"pt_BR\" \/>\n<meta property=\"og:type\" content=\"article\" \/>\n<meta property=\"og:title\" content=\"Azulejo com moldura - Doralice Zanetti - Solar do Ros\u00e1rio Galeria \\\\\\\\Nova\" \/>\n<meta property=\"og:description\" content=\"Artista: Doralice Zanetti Dimens\u00e3o: 20x25cm Cor da moldura sujeita \u00e0 altera\u00e7\u00e3o (sem aviso pr\u00e9vio) devido ao estoque. Consulte no WhatsApp: (41)9 8804-3984 &nbsp; &nbsp; Doralice Zanetti \u00e9 natural de Imbituba, no Paran\u00e1. Foi aluna de mestres relevantes para a hist\u00f3ria da arte do Paran\u00e1 como Celso Coppio, Augusto Conte e Maria Cec\u00edlia Ara\u00fajo de Noronha, [&hellip;]\" \/>\n<meta property=\"og:url\" content=\"https:\/\/solardorosario.com.br\/galeria\/produto\/azulejo-com-moldura-doralice-zanetti\/\" \/>\n<meta property=\"og:site_name\" content=\"Solar do Ros\u00e1rio Galeria \\\\\\\\Nova\" \/>\n<meta property=\"article:modified_time\" content=\"2025-12-09T18:27:53+00:00\" \/>\n<meta property=\"og:image\" content=\"https:\/\/solardorosario.com.br\/galeria\/wp-content\/uploads\/2023\/07\/Doralice-Zanetti-scaled.jpg\" \/>\n\t<meta property=\"og:image:width\" content=\"2072\" \/>\n\t<meta property=\"og:image:height\" content=\"2560\" \/>\n\t<meta property=\"og:image:type\" content=\"image\/jpeg\" \/>\n<meta name=\"twitter:card\" content=\"summary_large_image\" \/>\n<meta name=\"twitter:label1\" content=\"Est. tempo de leitura\" \/>\n\t<meta name=\"twitter:data1\" content=\"2 minutos\" \/>\n<script type=\"application\/ld+json\" class=\"yoast-schema-graph\">{\"@context\":\"https:\\\/\\\/schema.org\",\"@graph\":[{\"@type\":\"WebPage\",\"@id\":\"https:\\\/\\\/solardorosario.com.br\\\/galeria\\\/produto\\\/azulejo-com-moldura-doralice-zanetti\\\/\",\"url\":\"https:\\\/\\\/solardorosario.com.br\\\/galeria\\\/produto\\\/azulejo-com-moldura-doralice-zanetti\\\/\",\"name\":\"Azulejo com moldura - Doralice Zanetti - Solar do Ros\u00e1rio Galeria \\\\\\\\\\\\\\\\Nova\",\"isPartOf\":{\"@id\":\"https:\\\/\\\/solardorosario.com.br\\\/galeria\\\/#website\"},\"primaryImageOfPage\":{\"@id\":\"https:\\\/\\\/solardorosario.com.br\\\/galeria\\\/produto\\\/azulejo-com-moldura-doralice-zanetti\\\/#primaryimage\"},\"image\":{\"@id\":\"https:\\\/\\\/solardorosario.com.br\\\/galeria\\\/produto\\\/azulejo-com-moldura-doralice-zanetti\\\/#primaryimage\"},\"thumbnailUrl\":\"https:\\\/\\\/solardorosario.com.br\\\/galeria\\\/wp-content\\\/uploads\\\/2023\\\/07\\\/Doralice-Zanetti-scaled.jpg\",\"datePublished\":\"2023-07-25T20:42:02+00:00\",\"dateModified\":\"2025-12-09T18:27:53+00:00\",\"breadcrumb\":{\"@id\":\"https:\\\/\\\/solardorosario.com.br\\\/galeria\\\/produto\\\/azulejo-com-moldura-doralice-zanetti\\\/#breadcrumb\"},\"inLanguage\":\"pt-BR\",\"potentialAction\":[{\"@type\":\"ReadAction\",\"target\":[\"https:\\\/\\\/solardorosario.com.br\\\/galeria\\\/produto\\\/azulejo-com-moldura-doralice-zanetti\\\/\"]}]},{\"@type\":\"ImageObject\",\"inLanguage\":\"pt-BR\",\"@id\":\"https:\\\/\\\/solardorosario.com.br\\\/galeria\\\/produto\\\/azulejo-com-moldura-doralice-zanetti\\\/#primaryimage\",\"url\":\"https:\\\/\\\/solardorosario.com.br\\\/galeria\\\/wp-content\\\/uploads\\\/2023\\\/07\\\/Doralice-Zanetti-scaled.jpg\",\"contentUrl\":\"https:\\\/\\\/solardorosario.com.br\\\/galeria\\\/wp-content\\\/uploads\\\/2023\\\/07\\\/Doralice-Zanetti-scaled.jpg\",\"width\":2072,\"height\":2560},{\"@type\":\"BreadcrumbList\",\"@id\":\"https:\\\/\\\/solardorosario.com.br\\\/galeria\\\/produto\\\/azulejo-com-moldura-doralice-zanetti\\\/#breadcrumb\",\"itemListElement\":[{\"@type\":\"ListItem\",\"position\":1,\"name\":\"In\u00edcio\",\"item\":\"https:\\\/\\\/solardorosario.com.br\\\/galeria\\\/\"},{\"@type\":\"ListItem\",\"position\":2,\"name\":\"galeria\",\"item\":\"https:\\\/\\\/solardorosario.com.br\\\/galeria\\\/galeria\\\/\"},{\"@type\":\"ListItem\",\"position\":3,\"name\":\"Azulejo com moldura - Doralice Zanetti\"}]},{\"@type\":\"WebSite\",\"@id\":\"https:\\\/\\\/solardorosario.com.br\\\/galeria\\\/#website\",\"url\":\"https:\\\/\\\/solardorosario.com.br\\\/galeria\\\/\",\"name\":\"Solar do Ros\u00e1rio Galeria \\\\\\\\\\\\\\\\Nova\",\"description\":\"\",\"potentialAction\":[{\"@type\":\"SearchAction\",\"target\":{\"@type\":\"EntryPoint\",\"urlTemplate\":\"https:\\\/\\\/solardorosario.com.br\\\/galeria\\\/?s={search_term_string}\"},\"query-input\":{\"@type\":\"PropertyValueSpecification\",\"valueRequired\":true,\"valueName\":\"search_term_string\"}}],\"inLanguage\":\"pt-BR\"}]}<\/script>\n<!-- \/ Yoast SEO plugin. -->","yoast_head_json":{"title":"Azulejo com moldura - Doralice Zanetti - Solar do Ros\u00e1rio Galeria \\\\\\\\Nova","robots":{"index":"index","follow":"follow","max-snippet":"max-snippet:-1","max-image-preview":"max-image-preview:large","max-video-preview":"max-video-preview:-1"},"canonical":"https:\/\/solardorosario.com.br\/galeria\/produto\/azulejo-com-moldura-doralice-zanetti\/","og_locale":"pt_BR","og_type":"article","og_title":"Azulejo com moldura - Doralice Zanetti - Solar do Ros\u00e1rio Galeria \\\\\\\\Nova","og_description":"Artista: Doralice Zanetti Dimens\u00e3o: 20x25cm Cor da moldura sujeita \u00e0 altera\u00e7\u00e3o (sem aviso pr\u00e9vio) devido ao estoque. Consulte no WhatsApp: (41)9 8804-3984 &nbsp; &nbsp; Doralice Zanetti \u00e9 natural de Imbituba, no Paran\u00e1. Foi aluna de mestres relevantes para a hist\u00f3ria da arte do Paran\u00e1 como Celso Coppio, Augusto Conte e Maria Cec\u00edlia Ara\u00fajo de Noronha, [&hellip;]","og_url":"https:\/\/solardorosario.com.br\/galeria\/produto\/azulejo-com-moldura-doralice-zanetti\/","og_site_name":"Solar do Ros\u00e1rio Galeria \\\\\\\\Nova","article_modified_time":"2025-12-09T18:27:53+00:00","og_image":[{"width":2072,"height":2560,"url":"https:\/\/solardorosario.com.br\/galeria\/wp-content\/uploads\/2023\/07\/Doralice-Zanetti-scaled.jpg","type":"image\/jpeg"}],"twitter_card":"summary_large_image","twitter_misc":{"Est. tempo de leitura":"2 minutos"},"schema":{"@context":"https:\/\/schema.org","@graph":[{"@type":"WebPage","@id":"https:\/\/solardorosario.com.br\/galeria\/produto\/azulejo-com-moldura-doralice-zanetti\/","url":"https:\/\/solardorosario.com.br\/galeria\/produto\/azulejo-com-moldura-doralice-zanetti\/","name":"Azulejo com moldura - Doralice Zanetti - Solar do Ros\u00e1rio Galeria \\\\\\\\Nova","isPartOf":{"@id":"https:\/\/solardorosario.com.br\/galeria\/#website"},"primaryImageOfPage":{"@id":"https:\/\/solardorosario.com.br\/galeria\/produto\/azulejo-com-moldura-doralice-zanetti\/#primaryimage"},"image":{"@id":"https:\/\/solardorosario.com.br\/galeria\/produto\/azulejo-com-moldura-doralice-zanetti\/#primaryimage"},"thumbnailUrl":"https:\/\/solardorosario.com.br\/galeria\/wp-content\/uploads\/2023\/07\/Doralice-Zanetti-scaled.jpg","datePublished":"2023-07-25T20:42:02+00:00","dateModified":"2025-12-09T18:27:53+00:00","breadcrumb":{"@id":"https:\/\/solardorosario.com.br\/galeria\/produto\/azulejo-com-moldura-doralice-zanetti\/#breadcrumb"},"inLanguage":"pt-BR","potentialAction":[{"@type":"ReadAction","target":["https:\/\/solardorosario.com.br\/galeria\/produto\/azulejo-com-moldura-doralice-zanetti\/"]}]},{"@type":"ImageObject","inLanguage":"pt-BR","@id":"https:\/\/solardorosario.com.br\/galeria\/produto\/azulejo-com-moldura-doralice-zanetti\/#primaryimage","url":"https:\/\/solardorosario.com.br\/galeria\/wp-content\/uploads\/2023\/07\/Doralice-Zanetti-scaled.jpg","contentUrl":"https:\/\/solardorosario.com.br\/galeria\/wp-content\/uploads\/2023\/07\/Doralice-Zanetti-scaled.jpg","width":2072,"height":2560},{"@type":"BreadcrumbList","@id":"https:\/\/solardorosario.com.br\/galeria\/produto\/azulejo-com-moldura-doralice-zanetti\/#breadcrumb","itemListElement":[{"@type":"ListItem","position":1,"name":"In\u00edcio","item":"https:\/\/solardorosario.com.br\/galeria\/"},{"@type":"ListItem","position":2,"name":"galeria","item":"https:\/\/solardorosario.com.br\/galeria\/galeria\/"},{"@type":"ListItem","position":3,"name":"Azulejo com moldura - Doralice Zanetti"}]},{"@type":"WebSite","@id":"https:\/\/solardorosario.com.br\/galeria\/#website","url":"https:\/\/solardorosario.com.br\/galeria\/","name":"Solar do Ros\u00e1rio Galeria \\\\\\\\Nova","description":"","potentialAction":[{"@type":"SearchAction","target":{"@type":"EntryPoint","urlTemplate":"https:\/\/solardorosario.com.br\/galeria\/?s={search_term_string}"},"query-input":{"@type":"PropertyValueSpecification","valueRequired":true,"valueName":"search_term_string"}}],"inLanguage":"pt-BR"}]}},"_links":{"self":[{"href":"https:\/\/solardorosario.com.br\/galeria\/wp-json\/wp\/v2\/product\/3920","targetHints":{"allow":["GET"]}}],"collection":[{"href":"https:\/\/solardorosario.com.br\/galeria\/wp-json\/wp\/v2\/product"}],"about":[{"href":"https:\/\/solardorosario.com.br\/galeria\/wp-json\/wp\/v2\/types\/product"}],"wp:featuredmedia":[{"embeddable":true,"href":"https:\/\/solardorosario.com.br\/galeria\/wp-json\/wp\/v2\/media\/3921"}],"wp:attachment":[{"href":"https:\/\/solardorosario.com.br\/galeria\/wp-json\/wp\/v2\/media?parent=3920"}],"wp:term":[{"taxonomy":"product_brand","embeddable":true,"href":"https:\/\/solardorosario.com.br\/galeria\/wp-json\/wp\/v2\/product_brand?post=3920"},{"taxonomy":"product_cat","embeddable":true,"href":"https:\/\/solardorosario.com.br\/galeria\/wp-json\/wp\/v2\/product_cat?post=3920"},{"taxonomy":"product_tag","embeddable":true,"href":"https:\/\/solardorosario.com.br\/galeria\/wp-json\/wp\/v2\/product_tag?post=3920"}],"curies":[{"name":"wp","href":"https:\/\/api.w.org\/{rel}","templated":true}]}}