{"id":3400,"date":"2022-03-08T15:28:32","date_gmt":"2022-03-08T18:28:32","guid":{"rendered":"https:\/\/solardorosario.com.br\/galeria\/?post_type=product&#038;p=3400"},"modified":"2026-03-18T16:10:20","modified_gmt":"2026-03-18T19:10:20","slug":"ana-muller-natureza-do-imaginario","status":"publish","type":"product","link":"https:\/\/solardorosario.com.br\/galeria\/produto\/ana-muller-natureza-do-imaginario\/","title":{"rendered":"Ana Muller - Natureza do imagin\u00e1rio"},"content":{"rendered":"<p><strong>Artista:<\/strong> Ana Muller<\/p>\n<p><strong>T\u00edtulo:<\/strong> Natureza do imagin\u00e1rio<\/p>\n<p><strong>Dimens\u00e3o: <\/strong>20x20cm<\/p>\n<p><strong>T\u00e9cnica:<\/strong> Aquarela sobre tela (sem moldura)<\/p>\n<p>&nbsp;<\/p>\n<p>&nbsp;<\/p>\n<p>Graduou-se na Escola de M\u00fasica e Belas Artes do Paran\u00e1, conclus\u00e3o Superior em Pintura-1988 e Licenciatura em Desenho-2006, P\u00f3s Gradua\u00e7\u00e3o em Museologia-2009 e P\u00f3s Gradua\u00e7\u00e3o em Hist\u00f3ria da Arte Moderna e Contempor\u00e2nea \u2013 2014. Faz parte do livro \"Aquarela no Paran\u00e1\", editado pelo Solar do Ros\u00e1rio.<\/p>\n","protected":false},"excerpt":{"rendered":"<p>Artista: Ana Muller T\u00edtulo: Natureza do imagin\u00e1rio Dimens\u00e3o: 20x20cm T\u00e9cnica: Aquarela sobre tela (sem moldura) &nbsp; &nbsp; Graduou-se na Escola de M\u00fasica e Belas Artes do Paran\u00e1, conclus\u00e3o Superior em Pintura-1988 e Licenciatura em Desenho-2006, P\u00f3s Gradua\u00e7\u00e3o em Museologia-2009 e P\u00f3s Gradua\u00e7\u00e3o em Hist\u00f3ria da Arte Moderna e Contempor\u00e2nea \u2013 2014. Faz parte do livro [&hellip;]<\/p>\n","protected":false},"featured_media":3401,"template":"","meta":[],"product_brand":[],"product_cat":[117],"product_tag":[],"class_list":{"0":"post-3400","1":"product","2":"type-product","3":"status-publish","4":"has-post-thumbnail","6":"product_cat-galeria","7":"pa_artista-ana-muller","8":"pa_estilo-figurativo","9":"pa_tecnica-aquarela","11":"first","12":"instock","13":"shipping-taxable","14":"purchasable","15":"product-type-simple"},"yoast_head":"<!-- This site is optimized with the Yoast SEO plugin v27.4 - https:\/\/yoast.com\/product\/yoast-seo-wordpress\/ -->\n<title>Ana Muller - Natureza do imagin\u00e1rio - Solar do Ros\u00e1rio Galeria \\\\\\\\Nova<\/title>\n<meta name=\"robots\" content=\"index, follow, max-snippet:-1, max-image-preview:large, max-video-preview:-1\" \/>\n<link rel=\"canonical\" href=\"https:\/\/solardorosario.com.br\/galeria\/produto\/ana-muller-natureza-do-imaginario\/\" \/>\n<meta property=\"og:locale\" content=\"pt_BR\" \/>\n<meta property=\"og:type\" content=\"article\" \/>\n<meta property=\"og:title\" content=\"Ana Muller - Natureza do imagin\u00e1rio - Solar do Ros\u00e1rio Galeria \\\\\\\\Nova\" \/>\n<meta property=\"og:description\" content=\"Artista: Ana Muller T\u00edtulo: Natureza do imagin\u00e1rio Dimens\u00e3o: 20x20cm T\u00e9cnica: Aquarela sobre tela (sem moldura) &nbsp; &nbsp; Graduou-se na Escola de M\u00fasica e Belas Artes do Paran\u00e1, conclus\u00e3o Superior em Pintura-1988 e Licenciatura em Desenho-2006, P\u00f3s Gradua\u00e7\u00e3o em Museologia-2009 e P\u00f3s Gradua\u00e7\u00e3o em Hist\u00f3ria da Arte Moderna e Contempor\u00e2nea \u2013 2014. Faz parte do livro [&hellip;]\" \/>\n<meta property=\"og:url\" content=\"https:\/\/solardorosario.com.br\/galeria\/produto\/ana-muller-natureza-do-imaginario\/\" \/>\n<meta property=\"og:site_name\" content=\"Solar do Ros\u00e1rio Galeria \\\\\\\\Nova\" \/>\n<meta property=\"article:modified_time\" content=\"2026-03-18T19:10:20+00:00\" \/>\n<meta property=\"og:image\" content=\"https:\/\/solardorosario.com.br\/galeria\/wp-content\/uploads\/2022\/03\/WhatsApp-Image-2022-03-08-at-12.11.59-2.jpeg\" \/>\n\t<meta property=\"og:image:width\" content=\"813\" \/>\n\t<meta property=\"og:image:height\" content=\"1024\" \/>\n\t<meta property=\"og:image:type\" content=\"image\/jpeg\" \/>\n<meta name=\"twitter:card\" content=\"summary_large_image\" \/>\n<meta name=\"twitter:label1\" content=\"Est. tempo de leitura\" \/>\n\t<meta name=\"twitter:data1\" content=\"1 minuto\" \/>\n<script type=\"application\/ld+json\" class=\"yoast-schema-graph\">{\"@context\":\"https:\\\/\\\/schema.org\",\"@graph\":[{\"@type\":\"WebPage\",\"@id\":\"https:\\\/\\\/solardorosario.com.br\\\/galeria\\\/produto\\\/ana-muller-natureza-do-imaginario\\\/\",\"url\":\"https:\\\/\\\/solardorosario.com.br\\\/galeria\\\/produto\\\/ana-muller-natureza-do-imaginario\\\/\",\"name\":\"Ana Muller - Natureza do imagin\u00e1rio - Solar do Ros\u00e1rio Galeria \\\\\\\\\\\\\\\\Nova\",\"isPartOf\":{\"@id\":\"https:\\\/\\\/solardorosario.com.br\\\/galeria\\\/#website\"},\"primaryImageOfPage\":{\"@id\":\"https:\\\/\\\/solardorosario.com.br\\\/galeria\\\/produto\\\/ana-muller-natureza-do-imaginario\\\/#primaryimage\"},\"image\":{\"@id\":\"https:\\\/\\\/solardorosario.com.br\\\/galeria\\\/produto\\\/ana-muller-natureza-do-imaginario\\\/#primaryimage\"},\"thumbnailUrl\":\"https:\\\/\\\/solardorosario.com.br\\\/galeria\\\/wp-content\\\/uploads\\\/2022\\\/03\\\/WhatsApp-Image-2022-03-08-at-12.11.59-2.jpeg\",\"datePublished\":\"2022-03-08T18:28:32+00:00\",\"dateModified\":\"2026-03-18T19:10:20+00:00\",\"breadcrumb\":{\"@id\":\"https:\\\/\\\/solardorosario.com.br\\\/galeria\\\/produto\\\/ana-muller-natureza-do-imaginario\\\/#breadcrumb\"},\"inLanguage\":\"pt-BR\",\"potentialAction\":[{\"@type\":\"ReadAction\",\"target\":[\"https:\\\/\\\/solardorosario.com.br\\\/galeria\\\/produto\\\/ana-muller-natureza-do-imaginario\\\/\"]}]},{\"@type\":\"ImageObject\",\"inLanguage\":\"pt-BR\",\"@id\":\"https:\\\/\\\/solardorosario.com.br\\\/galeria\\\/produto\\\/ana-muller-natureza-do-imaginario\\\/#primaryimage\",\"url\":\"https:\\\/\\\/solardorosario.com.br\\\/galeria\\\/wp-content\\\/uploads\\\/2022\\\/03\\\/WhatsApp-Image-2022-03-08-at-12.11.59-2.jpeg\",\"contentUrl\":\"https:\\\/\\\/solardorosario.com.br\\\/galeria\\\/wp-content\\\/uploads\\\/2022\\\/03\\\/WhatsApp-Image-2022-03-08-at-12.11.59-2.jpeg\",\"width\":813,\"height\":1024},{\"@type\":\"BreadcrumbList\",\"@id\":\"https:\\\/\\\/solardorosario.com.br\\\/galeria\\\/produto\\\/ana-muller-natureza-do-imaginario\\\/#breadcrumb\",\"itemListElement\":[{\"@type\":\"ListItem\",\"position\":1,\"name\":\"In\u00edcio\",\"item\":\"https:\\\/\\\/solardorosario.com.br\\\/galeria\\\/\"},{\"@type\":\"ListItem\",\"position\":2,\"name\":\"galeria\",\"item\":\"https:\\\/\\\/solardorosario.com.br\\\/galeria\\\/galeria\\\/\"},{\"@type\":\"ListItem\",\"position\":3,\"name\":\"Ana Muller - Natureza do imagin\u00e1rio\"}]},{\"@type\":\"WebSite\",\"@id\":\"https:\\\/\\\/solardorosario.com.br\\\/galeria\\\/#website\",\"url\":\"https:\\\/\\\/solardorosario.com.br\\\/galeria\\\/\",\"name\":\"Solar do Ros\u00e1rio Galeria \\\\\\\\\\\\\\\\Nova\",\"description\":\"\",\"potentialAction\":[{\"@type\":\"SearchAction\",\"target\":{\"@type\":\"EntryPoint\",\"urlTemplate\":\"https:\\\/\\\/solardorosario.com.br\\\/galeria\\\/?s={search_term_string}\"},\"query-input\":{\"@type\":\"PropertyValueSpecification\",\"valueRequired\":true,\"valueName\":\"search_term_string\"}}],\"inLanguage\":\"pt-BR\"}]}<\/script>\n<!-- \/ Yoast SEO plugin. -->","yoast_head_json":{"title":"Ana Muller - Natureza do imagin\u00e1rio - Solar do Ros\u00e1rio Galeria \\\\\\\\Nova","robots":{"index":"index","follow":"follow","max-snippet":"max-snippet:-1","max-image-preview":"max-image-preview:large","max-video-preview":"max-video-preview:-1"},"canonical":"https:\/\/solardorosario.com.br\/galeria\/produto\/ana-muller-natureza-do-imaginario\/","og_locale":"pt_BR","og_type":"article","og_title":"Ana Muller - Natureza do imagin\u00e1rio - Solar do Ros\u00e1rio Galeria \\\\\\\\Nova","og_description":"Artista: Ana Muller T\u00edtulo: Natureza do imagin\u00e1rio Dimens\u00e3o: 20x20cm T\u00e9cnica: Aquarela sobre tela (sem moldura) &nbsp; &nbsp; Graduou-se na Escola de M\u00fasica e Belas Artes do Paran\u00e1, conclus\u00e3o Superior em Pintura-1988 e Licenciatura em Desenho-2006, P\u00f3s Gradua\u00e7\u00e3o em Museologia-2009 e P\u00f3s Gradua\u00e7\u00e3o em Hist\u00f3ria da Arte Moderna e Contempor\u00e2nea \u2013 2014. Faz parte do livro [&hellip;]","og_url":"https:\/\/solardorosario.com.br\/galeria\/produto\/ana-muller-natureza-do-imaginario\/","og_site_name":"Solar do Ros\u00e1rio Galeria \\\\\\\\Nova","article_modified_time":"2026-03-18T19:10:20+00:00","og_image":[{"width":813,"height":1024,"url":"https:\/\/solardorosario.com.br\/galeria\/wp-content\/uploads\/2022\/03\/WhatsApp-Image-2022-03-08-at-12.11.59-2.jpeg","type":"image\/jpeg"}],"twitter_card":"summary_large_image","twitter_misc":{"Est. tempo de leitura":"1 minuto"},"schema":{"@context":"https:\/\/schema.org","@graph":[{"@type":"WebPage","@id":"https:\/\/solardorosario.com.br\/galeria\/produto\/ana-muller-natureza-do-imaginario\/","url":"https:\/\/solardorosario.com.br\/galeria\/produto\/ana-muller-natureza-do-imaginario\/","name":"Ana Muller - Natureza do imagin\u00e1rio - Solar do Ros\u00e1rio Galeria \\\\\\\\Nova","isPartOf":{"@id":"https:\/\/solardorosario.com.br\/galeria\/#website"},"primaryImageOfPage":{"@id":"https:\/\/solardorosario.com.br\/galeria\/produto\/ana-muller-natureza-do-imaginario\/#primaryimage"},"image":{"@id":"https:\/\/solardorosario.com.br\/galeria\/produto\/ana-muller-natureza-do-imaginario\/#primaryimage"},"thumbnailUrl":"https:\/\/solardorosario.com.br\/galeria\/wp-content\/uploads\/2022\/03\/WhatsApp-Image-2022-03-08-at-12.11.59-2.jpeg","datePublished":"2022-03-08T18:28:32+00:00","dateModified":"2026-03-18T19:10:20+00:00","breadcrumb":{"@id":"https:\/\/solardorosario.com.br\/galeria\/produto\/ana-muller-natureza-do-imaginario\/#breadcrumb"},"inLanguage":"pt-BR","potentialAction":[{"@type":"ReadAction","target":["https:\/\/solardorosario.com.br\/galeria\/produto\/ana-muller-natureza-do-imaginario\/"]}]},{"@type":"ImageObject","inLanguage":"pt-BR","@id":"https:\/\/solardorosario.com.br\/galeria\/produto\/ana-muller-natureza-do-imaginario\/#primaryimage","url":"https:\/\/solardorosario.com.br\/galeria\/wp-content\/uploads\/2022\/03\/WhatsApp-Image-2022-03-08-at-12.11.59-2.jpeg","contentUrl":"https:\/\/solardorosario.com.br\/galeria\/wp-content\/uploads\/2022\/03\/WhatsApp-Image-2022-03-08-at-12.11.59-2.jpeg","width":813,"height":1024},{"@type":"BreadcrumbList","@id":"https:\/\/solardorosario.com.br\/galeria\/produto\/ana-muller-natureza-do-imaginario\/#breadcrumb","itemListElement":[{"@type":"ListItem","position":1,"name":"In\u00edcio","item":"https:\/\/solardorosario.com.br\/galeria\/"},{"@type":"ListItem","position":2,"name":"galeria","item":"https:\/\/solardorosario.com.br\/galeria\/galeria\/"},{"@type":"ListItem","position":3,"name":"Ana Muller - Natureza do imagin\u00e1rio"}]},{"@type":"WebSite","@id":"https:\/\/solardorosario.com.br\/galeria\/#website","url":"https:\/\/solardorosario.com.br\/galeria\/","name":"Solar do Ros\u00e1rio Galeria \\\\\\\\Nova","description":"","potentialAction":[{"@type":"SearchAction","target":{"@type":"EntryPoint","urlTemplate":"https:\/\/solardorosario.com.br\/galeria\/?s={search_term_string}"},"query-input":{"@type":"PropertyValueSpecification","valueRequired":true,"valueName":"search_term_string"}}],"inLanguage":"pt-BR"}]}},"_links":{"self":[{"href":"https:\/\/solardorosario.com.br\/galeria\/wp-json\/wp\/v2\/product\/3400","targetHints":{"allow":["GET"]}}],"collection":[{"href":"https:\/\/solardorosario.com.br\/galeria\/wp-json\/wp\/v2\/product"}],"about":[{"href":"https:\/\/solardorosario.com.br\/galeria\/wp-json\/wp\/v2\/types\/product"}],"wp:featuredmedia":[{"embeddable":true,"href":"https:\/\/solardorosario.com.br\/galeria\/wp-json\/wp\/v2\/media\/3401"}],"wp:attachment":[{"href":"https:\/\/solardorosario.com.br\/galeria\/wp-json\/wp\/v2\/media?parent=3400"}],"wp:term":[{"taxonomy":"product_brand","embeddable":true,"href":"https:\/\/solardorosario.com.br\/galeria\/wp-json\/wp\/v2\/product_brand?post=3400"},{"taxonomy":"product_cat","embeddable":true,"href":"https:\/\/solardorosario.com.br\/galeria\/wp-json\/wp\/v2\/product_cat?post=3400"},{"taxonomy":"product_tag","embeddable":true,"href":"https:\/\/solardorosario.com.br\/galeria\/wp-json\/wp\/v2\/product_tag?post=3400"}],"curies":[{"name":"wp","href":"https:\/\/api.w.org\/{rel}","templated":true}]}}