{"id":3333,"date":"2022-02-17T14:28:55","date_gmt":"2022-02-17T17:28:55","guid":{"rendered":"https:\/\/solardorosario.com.br\/galeria\/?post_type=product&#038;p=3333"},"modified":"2026-04-20T15:12:47","modified_gmt":"2026-04-20T18:12:47","slug":"vicky-dolabella-em-suas-maos","status":"publish","type":"product","link":"https:\/\/solardorosario.com.br\/galeria\/produto\/vicky-dolabella-em-suas-maos\/","title":{"rendered":"Vicky Dolabella - Em suas m\u00e3os"},"content":{"rendered":"<p><strong>Artista:<\/strong> Vicky Dolabella<\/p>\n<p><strong>T\u00edtulo:<\/strong> Em suas m\u00e3os<\/p>\n<p><strong>Tamanho:<\/strong> 90x90cm<\/p>\n<p><strong>T\u00e9cnica:<\/strong> Acr\u00edlica sobre tela (sem moldura)<\/p>\n<p>&nbsp;<\/p>\n<p>&nbsp;<\/p>\n<p><!--StartFragment --><span class=\"cf0\">Vicky <\/span><span class=\"cf0\">Dollaella<\/span><span class=\"cf0\"> \u00e9 artista visual. Desde 1996 fez exposi\u00e7\u00f5es individuais no Estado de S\u00e3o Paulo, em S\u00e3o Paulo capital, Campos de Jord\u00e3o e Santana de Parna\u00edba. No mesmo per\u00edodo, participou de exposi\u00e7\u00f5es coletivas em S\u00e3o Paulo, e fora do pa\u00eds, em Miami e Nova York, nos Estados Unidos, em Roma, na It\u00e1lia, em Barcelona, na Espanha e na Alemanha. Seu tema principal s\u00e3o os gatos, animal que ela sempre gostou de representar em suas obras. <\/span><!--EndFragment --><\/p>\n","protected":false},"excerpt":{"rendered":"<p>Artista: Vicky Dolabella T\u00edtulo: Em suas m\u00e3os Tamanho: 90x90cm T\u00e9cnica: Acr\u00edlica sobre tela (sem moldura) &nbsp; &nbsp; Vicky Dollaella \u00e9 artista visual. Desde 1996 fez exposi\u00e7\u00f5es individuais no Estado de S\u00e3o Paulo, em S\u00e3o Paulo capital, Campos de Jord\u00e3o e Santana de Parna\u00edba. No mesmo per\u00edodo, participou de exposi\u00e7\u00f5es coletivas em S\u00e3o Paulo, e fora [&hellip;]<\/p>\n","protected":false},"featured_media":3334,"template":"","meta":[],"product_brand":[],"product_cat":[117],"product_tag":[],"class_list":{"0":"post-3333","1":"product","2":"type-product","3":"status-publish","4":"has-post-thumbnail","6":"product_cat-galeria","7":"pa_artista-vicky-dolabella","8":"pa_estilo-figurativo","9":"pa_tecnica-acrilica-sobre-tela","11":"first","12":"instock","13":"shipping-taxable","14":"purchasable","15":"product-type-simple"},"yoast_head":"<!-- This site is optimized with the Yoast SEO plugin v27.4 - https:\/\/yoast.com\/product\/yoast-seo-wordpress\/ -->\n<title>Vicky Dolabella - Em suas m\u00e3os - Solar do Ros\u00e1rio Galeria \\\\\\\\Nova<\/title>\n<meta name=\"robots\" content=\"index, follow, max-snippet:-1, max-image-preview:large, max-video-preview:-1\" \/>\n<link rel=\"canonical\" href=\"https:\/\/solardorosario.com.br\/galeria\/produto\/vicky-dolabella-em-suas-maos\/\" \/>\n<meta property=\"og:locale\" content=\"pt_BR\" \/>\n<meta property=\"og:type\" content=\"article\" \/>\n<meta property=\"og:title\" content=\"Vicky Dolabella - Em suas m\u00e3os - Solar do Ros\u00e1rio Galeria \\\\\\\\Nova\" \/>\n<meta property=\"og:description\" content=\"Artista: Vicky Dolabella T\u00edtulo: Em suas m\u00e3os Tamanho: 90x90cm T\u00e9cnica: Acr\u00edlica sobre tela (sem moldura) &nbsp; &nbsp; Vicky Dollaella \u00e9 artista visual. Desde 1996 fez exposi\u00e7\u00f5es individuais no Estado de S\u00e3o Paulo, em S\u00e3o Paulo capital, Campos de Jord\u00e3o e Santana de Parna\u00edba. No mesmo per\u00edodo, participou de exposi\u00e7\u00f5es coletivas em S\u00e3o Paulo, e fora [&hellip;]\" \/>\n<meta property=\"og:url\" content=\"https:\/\/solardorosario.com.br\/galeria\/produto\/vicky-dolabella-em-suas-maos\/\" \/>\n<meta property=\"og:site_name\" content=\"Solar do Ros\u00e1rio Galeria \\\\\\\\Nova\" \/>\n<meta property=\"article:modified_time\" content=\"2026-04-20T18:12:47+00:00\" \/>\n<meta property=\"og:image\" content=\"https:\/\/solardorosario.com.br\/galeria\/wp-content\/uploads\/2022\/02\/WhatsApp-Image-2022-02-17-at-09.40.28-e1645118870612.jpeg\" \/>\n\t<meta property=\"og:image:width\" content=\"1256\" \/>\n\t<meta property=\"og:image:height\" content=\"1200\" \/>\n\t<meta property=\"og:image:type\" content=\"image\/jpeg\" \/>\n<meta name=\"twitter:card\" content=\"summary_large_image\" \/>\n<meta name=\"twitter:label1\" content=\"Est. tempo de leitura\" \/>\n\t<meta name=\"twitter:data1\" content=\"1 minuto\" \/>\n<script type=\"application\/ld+json\" class=\"yoast-schema-graph\">{\"@context\":\"https:\\\/\\\/schema.org\",\"@graph\":[{\"@type\":\"WebPage\",\"@id\":\"https:\\\/\\\/solardorosario.com.br\\\/galeria\\\/produto\\\/vicky-dolabella-em-suas-maos\\\/\",\"url\":\"https:\\\/\\\/solardorosario.com.br\\\/galeria\\\/produto\\\/vicky-dolabella-em-suas-maos\\\/\",\"name\":\"Vicky Dolabella - Em suas m\u00e3os - Solar do Ros\u00e1rio Galeria \\\\\\\\\\\\\\\\Nova\",\"isPartOf\":{\"@id\":\"https:\\\/\\\/solardorosario.com.br\\\/galeria\\\/#website\"},\"primaryImageOfPage\":{\"@id\":\"https:\\\/\\\/solardorosario.com.br\\\/galeria\\\/produto\\\/vicky-dolabella-em-suas-maos\\\/#primaryimage\"},\"image\":{\"@id\":\"https:\\\/\\\/solardorosario.com.br\\\/galeria\\\/produto\\\/vicky-dolabella-em-suas-maos\\\/#primaryimage\"},\"thumbnailUrl\":\"https:\\\/\\\/solardorosario.com.br\\\/galeria\\\/wp-content\\\/uploads\\\/2022\\\/02\\\/WhatsApp-Image-2022-02-17-at-09.40.28-e1645118870612.jpeg\",\"datePublished\":\"2022-02-17T17:28:55+00:00\",\"dateModified\":\"2026-04-20T18:12:47+00:00\",\"breadcrumb\":{\"@id\":\"https:\\\/\\\/solardorosario.com.br\\\/galeria\\\/produto\\\/vicky-dolabella-em-suas-maos\\\/#breadcrumb\"},\"inLanguage\":\"pt-BR\",\"potentialAction\":[{\"@type\":\"ReadAction\",\"target\":[\"https:\\\/\\\/solardorosario.com.br\\\/galeria\\\/produto\\\/vicky-dolabella-em-suas-maos\\\/\"]}]},{\"@type\":\"ImageObject\",\"inLanguage\":\"pt-BR\",\"@id\":\"https:\\\/\\\/solardorosario.com.br\\\/galeria\\\/produto\\\/vicky-dolabella-em-suas-maos\\\/#primaryimage\",\"url\":\"https:\\\/\\\/solardorosario.com.br\\\/galeria\\\/wp-content\\\/uploads\\\/2022\\\/02\\\/WhatsApp-Image-2022-02-17-at-09.40.28-e1645118870612.jpeg\",\"contentUrl\":\"https:\\\/\\\/solardorosario.com.br\\\/galeria\\\/wp-content\\\/uploads\\\/2022\\\/02\\\/WhatsApp-Image-2022-02-17-at-09.40.28-e1645118870612.jpeg\",\"width\":1256,\"height\":1200},{\"@type\":\"BreadcrumbList\",\"@id\":\"https:\\\/\\\/solardorosario.com.br\\\/galeria\\\/produto\\\/vicky-dolabella-em-suas-maos\\\/#breadcrumb\",\"itemListElement\":[{\"@type\":\"ListItem\",\"position\":1,\"name\":\"In\u00edcio\",\"item\":\"https:\\\/\\\/solardorosario.com.br\\\/galeria\\\/\"},{\"@type\":\"ListItem\",\"position\":2,\"name\":\"galeria\",\"item\":\"https:\\\/\\\/solardorosario.com.br\\\/galeria\\\/galeria\\\/\"},{\"@type\":\"ListItem\",\"position\":3,\"name\":\"Vicky Dolabella - Em suas m\u00e3os\"}]},{\"@type\":\"WebSite\",\"@id\":\"https:\\\/\\\/solardorosario.com.br\\\/galeria\\\/#website\",\"url\":\"https:\\\/\\\/solardorosario.com.br\\\/galeria\\\/\",\"name\":\"Solar do Ros\u00e1rio Galeria \\\\\\\\\\\\\\\\Nova\",\"description\":\"\",\"potentialAction\":[{\"@type\":\"SearchAction\",\"target\":{\"@type\":\"EntryPoint\",\"urlTemplate\":\"https:\\\/\\\/solardorosario.com.br\\\/galeria\\\/?s={search_term_string}\"},\"query-input\":{\"@type\":\"PropertyValueSpecification\",\"valueRequired\":true,\"valueName\":\"search_term_string\"}}],\"inLanguage\":\"pt-BR\"}]}<\/script>\n<!-- \/ Yoast SEO plugin. -->","yoast_head_json":{"title":"Vicky Dolabella - Em suas m\u00e3os - Solar do Ros\u00e1rio Galeria \\\\\\\\Nova","robots":{"index":"index","follow":"follow","max-snippet":"max-snippet:-1","max-image-preview":"max-image-preview:large","max-video-preview":"max-video-preview:-1"},"canonical":"https:\/\/solardorosario.com.br\/galeria\/produto\/vicky-dolabella-em-suas-maos\/","og_locale":"pt_BR","og_type":"article","og_title":"Vicky Dolabella - Em suas m\u00e3os - Solar do Ros\u00e1rio Galeria \\\\\\\\Nova","og_description":"Artista: Vicky Dolabella T\u00edtulo: Em suas m\u00e3os Tamanho: 90x90cm T\u00e9cnica: Acr\u00edlica sobre tela (sem moldura) &nbsp; &nbsp; Vicky Dollaella \u00e9 artista visual. Desde 1996 fez exposi\u00e7\u00f5es individuais no Estado de S\u00e3o Paulo, em S\u00e3o Paulo capital, Campos de Jord\u00e3o e Santana de Parna\u00edba. No mesmo per\u00edodo, participou de exposi\u00e7\u00f5es coletivas em S\u00e3o Paulo, e fora [&hellip;]","og_url":"https:\/\/solardorosario.com.br\/galeria\/produto\/vicky-dolabella-em-suas-maos\/","og_site_name":"Solar do Ros\u00e1rio Galeria \\\\\\\\Nova","article_modified_time":"2026-04-20T18:12:47+00:00","og_image":[{"width":1256,"height":1200,"url":"https:\/\/solardorosario.com.br\/galeria\/wp-content\/uploads\/2022\/02\/WhatsApp-Image-2022-02-17-at-09.40.28-e1645118870612.jpeg","type":"image\/jpeg"}],"twitter_card":"summary_large_image","twitter_misc":{"Est. tempo de leitura":"1 minuto"},"schema":{"@context":"https:\/\/schema.org","@graph":[{"@type":"WebPage","@id":"https:\/\/solardorosario.com.br\/galeria\/produto\/vicky-dolabella-em-suas-maos\/","url":"https:\/\/solardorosario.com.br\/galeria\/produto\/vicky-dolabella-em-suas-maos\/","name":"Vicky Dolabella - Em suas m\u00e3os - Solar do Ros\u00e1rio Galeria \\\\\\\\Nova","isPartOf":{"@id":"https:\/\/solardorosario.com.br\/galeria\/#website"},"primaryImageOfPage":{"@id":"https:\/\/solardorosario.com.br\/galeria\/produto\/vicky-dolabella-em-suas-maos\/#primaryimage"},"image":{"@id":"https:\/\/solardorosario.com.br\/galeria\/produto\/vicky-dolabella-em-suas-maos\/#primaryimage"},"thumbnailUrl":"https:\/\/solardorosario.com.br\/galeria\/wp-content\/uploads\/2022\/02\/WhatsApp-Image-2022-02-17-at-09.40.28-e1645118870612.jpeg","datePublished":"2022-02-17T17:28:55+00:00","dateModified":"2026-04-20T18:12:47+00:00","breadcrumb":{"@id":"https:\/\/solardorosario.com.br\/galeria\/produto\/vicky-dolabella-em-suas-maos\/#breadcrumb"},"inLanguage":"pt-BR","potentialAction":[{"@type":"ReadAction","target":["https:\/\/solardorosario.com.br\/galeria\/produto\/vicky-dolabella-em-suas-maos\/"]}]},{"@type":"ImageObject","inLanguage":"pt-BR","@id":"https:\/\/solardorosario.com.br\/galeria\/produto\/vicky-dolabella-em-suas-maos\/#primaryimage","url":"https:\/\/solardorosario.com.br\/galeria\/wp-content\/uploads\/2022\/02\/WhatsApp-Image-2022-02-17-at-09.40.28-e1645118870612.jpeg","contentUrl":"https:\/\/solardorosario.com.br\/galeria\/wp-content\/uploads\/2022\/02\/WhatsApp-Image-2022-02-17-at-09.40.28-e1645118870612.jpeg","width":1256,"height":1200},{"@type":"BreadcrumbList","@id":"https:\/\/solardorosario.com.br\/galeria\/produto\/vicky-dolabella-em-suas-maos\/#breadcrumb","itemListElement":[{"@type":"ListItem","position":1,"name":"In\u00edcio","item":"https:\/\/solardorosario.com.br\/galeria\/"},{"@type":"ListItem","position":2,"name":"galeria","item":"https:\/\/solardorosario.com.br\/galeria\/galeria\/"},{"@type":"ListItem","position":3,"name":"Vicky Dolabella - Em suas m\u00e3os"}]},{"@type":"WebSite","@id":"https:\/\/solardorosario.com.br\/galeria\/#website","url":"https:\/\/solardorosario.com.br\/galeria\/","name":"Solar do Ros\u00e1rio Galeria \\\\\\\\Nova","description":"","potentialAction":[{"@type":"SearchAction","target":{"@type":"EntryPoint","urlTemplate":"https:\/\/solardorosario.com.br\/galeria\/?s={search_term_string}"},"query-input":{"@type":"PropertyValueSpecification","valueRequired":true,"valueName":"search_term_string"}}],"inLanguage":"pt-BR"}]}},"_links":{"self":[{"href":"https:\/\/solardorosario.com.br\/galeria\/wp-json\/wp\/v2\/product\/3333","targetHints":{"allow":["GET"]}}],"collection":[{"href":"https:\/\/solardorosario.com.br\/galeria\/wp-json\/wp\/v2\/product"}],"about":[{"href":"https:\/\/solardorosario.com.br\/galeria\/wp-json\/wp\/v2\/types\/product"}],"wp:featuredmedia":[{"embeddable":true,"href":"https:\/\/solardorosario.com.br\/galeria\/wp-json\/wp\/v2\/media\/3334"}],"wp:attachment":[{"href":"https:\/\/solardorosario.com.br\/galeria\/wp-json\/wp\/v2\/media?parent=3333"}],"wp:term":[{"taxonomy":"product_brand","embeddable":true,"href":"https:\/\/solardorosario.com.br\/galeria\/wp-json\/wp\/v2\/product_brand?post=3333"},{"taxonomy":"product_cat","embeddable":true,"href":"https:\/\/solardorosario.com.br\/galeria\/wp-json\/wp\/v2\/product_cat?post=3333"},{"taxonomy":"product_tag","embeddable":true,"href":"https:\/\/solardorosario.com.br\/galeria\/wp-json\/wp\/v2\/product_tag?post=3333"}],"curies":[{"name":"wp","href":"https:\/\/api.w.org\/{rel}","templated":true}]}}