{"id":3263,"date":"2021-12-07T10:48:39","date_gmt":"2021-12-07T13:48:39","guid":{"rendered":"https:\/\/solardorosario.com.br\/galeria\/?post_type=product&#038;p=3263"},"modified":"2026-04-06T14:39:18","modified_gmt":"2026-04-06T17:39:18","slug":"livro-pinheiros","status":"publish","type":"product","link":"https:\/\/solardorosario.com.br\/galeria\/produto\/livro-pinheiros\/","title":{"rendered":"Livro - Pinheiros"},"content":{"rendered":"<p><span class=\"kxbcc\"><span id=\"kxbcct\" class=\"H1ccWd\"><span class=\"kxbc\"><strong>T\u00edulo:<\/strong> Pinheiros (2\u00aa edi\u00e7\u00e3o revisada e ampliada)<\/span><\/span><\/span><\/p>\n<p>\"No ano de 2006 o Solar do Ros\u00e1rio publicou um pequeno livro que se tornou emblem\u00e1tico: Pinheiros.<\/p>\n<p>No livro que publicamos foram reproduzidos trabalhos de quatorze artistas. Mas o tema \u00e9 inesgot\u00e1vel e encanta tanto aos naturais do Paran\u00e1 como aos forasteiros. A repercuss\u00e3o do livro na ocasi\u00e3o do lan\u00e7amento foi al\u00e9m do imaginado.<\/p>\n<p>Autoridades estrangeiras e nacionais foram presenteadas com o livro e Sua Emin\u00eancia O Papa Bento XVI recebeu o livro de presente juntamente com outras lembran\u00e7as quando de sua visita a Curitiba.<\/p>\n<p>Assim sendo, apresentamos a reedi\u00e7\u00e3o revisada e ampliada do Livro Pinheiros, incluindo outros artistas e textos relativos \u00e0 import\u00e2ncia da \u00e1rvore s\u00edmbolo do Paran\u00e1.\"<\/p>\n<p>-Contracapa do livro \"Pinheiros\".<\/p>\n<p>&nbsp;<\/p>\n","protected":false},"excerpt":{"rendered":"<p>T\u00edulo: Pinheiros (2\u00aa edi\u00e7\u00e3o revisada e ampliada) \"No ano de 2006 o Solar do Ros\u00e1rio publicou um pequeno livro que se tornou emblem\u00e1tico: Pinheiros. No livro que publicamos foram reproduzidos trabalhos de quatorze artistas. Mas o tema \u00e9 inesgot\u00e1vel e encanta tanto aos naturais do Paran\u00e1 como aos forasteiros. A repercuss\u00e3o do livro na ocasi\u00e3o [&hellip;]<\/p>\n","protected":false},"featured_media":5223,"template":"","meta":[],"product_brand":[],"product_cat":[117],"product_tag":[],"class_list":{"0":"post-3263","1":"product","2":"type-product","3":"status-publish","4":"has-post-thumbnail","6":"product_cat-galeria","7":"pa_tecnica-livros-de-arte-e-artistas","9":"first","10":"instock","11":"shipping-taxable","12":"purchasable","13":"product-type-simple"},"yoast_head":"<!-- This site is optimized with the Yoast SEO plugin v27.4 - https:\/\/yoast.com\/product\/yoast-seo-wordpress\/ -->\n<title>Livro - Pinheiros - Solar do Ros\u00e1rio Galeria \\\\\\\\Nova<\/title>\n<meta name=\"robots\" content=\"index, follow, max-snippet:-1, max-image-preview:large, max-video-preview:-1\" \/>\n<link rel=\"canonical\" href=\"https:\/\/solardorosario.com.br\/galeria\/produto\/livro-pinheiros\/\" \/>\n<meta property=\"og:locale\" content=\"pt_BR\" \/>\n<meta property=\"og:type\" content=\"article\" \/>\n<meta property=\"og:title\" content=\"Livro - Pinheiros - Solar do Ros\u00e1rio Galeria \\\\\\\\Nova\" \/>\n<meta property=\"og:description\" content=\"T\u00edulo: Pinheiros (2\u00aa edi\u00e7\u00e3o revisada e ampliada) &quot;No ano de 2006 o Solar do Ros\u00e1rio publicou um pequeno livro que se tornou emblem\u00e1tico: Pinheiros. No livro que publicamos foram reproduzidos trabalhos de quatorze artistas. Mas o tema \u00e9 inesgot\u00e1vel e encanta tanto aos naturais do Paran\u00e1 como aos forasteiros. A repercuss\u00e3o do livro na ocasi\u00e3o [&hellip;]\" \/>\n<meta property=\"og:url\" content=\"https:\/\/solardorosario.com.br\/galeria\/produto\/livro-pinheiros\/\" \/>\n<meta property=\"og:site_name\" content=\"Solar do Ros\u00e1rio Galeria \\\\\\\\Nova\" \/>\n<meta property=\"article:modified_time\" content=\"2026-04-06T17:39:18+00:00\" \/>\n<meta property=\"og:image\" content=\"https:\/\/solardorosario.com.br\/galeria\/wp-content\/uploads\/2021\/12\/capa-reedicao-livro-Pinheiros.jpg\" \/>\n\t<meta property=\"og:image:width\" content=\"403\" \/>\n\t<meta property=\"og:image:height\" content=\"500\" \/>\n\t<meta property=\"og:image:type\" content=\"image\/jpeg\" \/>\n<meta name=\"twitter:card\" content=\"summary_large_image\" \/>\n<meta name=\"twitter:label1\" content=\"Est. tempo de leitura\" \/>\n\t<meta name=\"twitter:data1\" content=\"1 minuto\" \/>\n<script type=\"application\/ld+json\" class=\"yoast-schema-graph\">{\"@context\":\"https:\\\/\\\/schema.org\",\"@graph\":[{\"@type\":\"WebPage\",\"@id\":\"https:\\\/\\\/solardorosario.com.br\\\/galeria\\\/produto\\\/livro-pinheiros\\\/\",\"url\":\"https:\\\/\\\/solardorosario.com.br\\\/galeria\\\/produto\\\/livro-pinheiros\\\/\",\"name\":\"Livro - Pinheiros - Solar do Ros\u00e1rio Galeria \\\\\\\\\\\\\\\\Nova\",\"isPartOf\":{\"@id\":\"https:\\\/\\\/solardorosario.com.br\\\/galeria\\\/#website\"},\"primaryImageOfPage\":{\"@id\":\"https:\\\/\\\/solardorosario.com.br\\\/galeria\\\/produto\\\/livro-pinheiros\\\/#primaryimage\"},\"image\":{\"@id\":\"https:\\\/\\\/solardorosario.com.br\\\/galeria\\\/produto\\\/livro-pinheiros\\\/#primaryimage\"},\"thumbnailUrl\":\"https:\\\/\\\/solardorosario.com.br\\\/galeria\\\/wp-content\\\/uploads\\\/2021\\\/12\\\/capa-reedicao-livro-Pinheiros.jpg\",\"datePublished\":\"2021-12-07T13:48:39+00:00\",\"dateModified\":\"2026-04-06T17:39:18+00:00\",\"breadcrumb\":{\"@id\":\"https:\\\/\\\/solardorosario.com.br\\\/galeria\\\/produto\\\/livro-pinheiros\\\/#breadcrumb\"},\"inLanguage\":\"pt-BR\",\"potentialAction\":[{\"@type\":\"ReadAction\",\"target\":[\"https:\\\/\\\/solardorosario.com.br\\\/galeria\\\/produto\\\/livro-pinheiros\\\/\"]}]},{\"@type\":\"ImageObject\",\"inLanguage\":\"pt-BR\",\"@id\":\"https:\\\/\\\/solardorosario.com.br\\\/galeria\\\/produto\\\/livro-pinheiros\\\/#primaryimage\",\"url\":\"https:\\\/\\\/solardorosario.com.br\\\/galeria\\\/wp-content\\\/uploads\\\/2021\\\/12\\\/capa-reedicao-livro-Pinheiros.jpg\",\"contentUrl\":\"https:\\\/\\\/solardorosario.com.br\\\/galeria\\\/wp-content\\\/uploads\\\/2021\\\/12\\\/capa-reedicao-livro-Pinheiros.jpg\",\"width\":403,\"height\":500},{\"@type\":\"BreadcrumbList\",\"@id\":\"https:\\\/\\\/solardorosario.com.br\\\/galeria\\\/produto\\\/livro-pinheiros\\\/#breadcrumb\",\"itemListElement\":[{\"@type\":\"ListItem\",\"position\":1,\"name\":\"In\u00edcio\",\"item\":\"https:\\\/\\\/solardorosario.com.br\\\/galeria\\\/\"},{\"@type\":\"ListItem\",\"position\":2,\"name\":\"galeria\",\"item\":\"https:\\\/\\\/solardorosario.com.br\\\/galeria\\\/galeria\\\/\"},{\"@type\":\"ListItem\",\"position\":3,\"name\":\"Livro - Pinheiros\"}]},{\"@type\":\"WebSite\",\"@id\":\"https:\\\/\\\/solardorosario.com.br\\\/galeria\\\/#website\",\"url\":\"https:\\\/\\\/solardorosario.com.br\\\/galeria\\\/\",\"name\":\"Solar do Ros\u00e1rio Galeria \\\\\\\\\\\\\\\\Nova\",\"description\":\"\",\"potentialAction\":[{\"@type\":\"SearchAction\",\"target\":{\"@type\":\"EntryPoint\",\"urlTemplate\":\"https:\\\/\\\/solardorosario.com.br\\\/galeria\\\/?s={search_term_string}\"},\"query-input\":{\"@type\":\"PropertyValueSpecification\",\"valueRequired\":true,\"valueName\":\"search_term_string\"}}],\"inLanguage\":\"pt-BR\"}]}<\/script>\n<!-- \/ Yoast SEO plugin. -->","yoast_head_json":{"title":"Livro - Pinheiros - Solar do Ros\u00e1rio Galeria \\\\\\\\Nova","robots":{"index":"index","follow":"follow","max-snippet":"max-snippet:-1","max-image-preview":"max-image-preview:large","max-video-preview":"max-video-preview:-1"},"canonical":"https:\/\/solardorosario.com.br\/galeria\/produto\/livro-pinheiros\/","og_locale":"pt_BR","og_type":"article","og_title":"Livro - Pinheiros - Solar do Ros\u00e1rio Galeria \\\\\\\\Nova","og_description":"T\u00edulo: Pinheiros (2\u00aa edi\u00e7\u00e3o revisada e ampliada) \"No ano de 2006 o Solar do Ros\u00e1rio publicou um pequeno livro que se tornou emblem\u00e1tico: Pinheiros. No livro que publicamos foram reproduzidos trabalhos de quatorze artistas. Mas o tema \u00e9 inesgot\u00e1vel e encanta tanto aos naturais do Paran\u00e1 como aos forasteiros. A repercuss\u00e3o do livro na ocasi\u00e3o [&hellip;]","og_url":"https:\/\/solardorosario.com.br\/galeria\/produto\/livro-pinheiros\/","og_site_name":"Solar do Ros\u00e1rio Galeria \\\\\\\\Nova","article_modified_time":"2026-04-06T17:39:18+00:00","og_image":[{"width":403,"height":500,"url":"https:\/\/solardorosario.com.br\/galeria\/wp-content\/uploads\/2021\/12\/capa-reedicao-livro-Pinheiros.jpg","type":"image\/jpeg"}],"twitter_card":"summary_large_image","twitter_misc":{"Est. tempo de leitura":"1 minuto"},"schema":{"@context":"https:\/\/schema.org","@graph":[{"@type":"WebPage","@id":"https:\/\/solardorosario.com.br\/galeria\/produto\/livro-pinheiros\/","url":"https:\/\/solardorosario.com.br\/galeria\/produto\/livro-pinheiros\/","name":"Livro - Pinheiros - Solar do Ros\u00e1rio Galeria \\\\\\\\Nova","isPartOf":{"@id":"https:\/\/solardorosario.com.br\/galeria\/#website"},"primaryImageOfPage":{"@id":"https:\/\/solardorosario.com.br\/galeria\/produto\/livro-pinheiros\/#primaryimage"},"image":{"@id":"https:\/\/solardorosario.com.br\/galeria\/produto\/livro-pinheiros\/#primaryimage"},"thumbnailUrl":"https:\/\/solardorosario.com.br\/galeria\/wp-content\/uploads\/2021\/12\/capa-reedicao-livro-Pinheiros.jpg","datePublished":"2021-12-07T13:48:39+00:00","dateModified":"2026-04-06T17:39:18+00:00","breadcrumb":{"@id":"https:\/\/solardorosario.com.br\/galeria\/produto\/livro-pinheiros\/#breadcrumb"},"inLanguage":"pt-BR","potentialAction":[{"@type":"ReadAction","target":["https:\/\/solardorosario.com.br\/galeria\/produto\/livro-pinheiros\/"]}]},{"@type":"ImageObject","inLanguage":"pt-BR","@id":"https:\/\/solardorosario.com.br\/galeria\/produto\/livro-pinheiros\/#primaryimage","url":"https:\/\/solardorosario.com.br\/galeria\/wp-content\/uploads\/2021\/12\/capa-reedicao-livro-Pinheiros.jpg","contentUrl":"https:\/\/solardorosario.com.br\/galeria\/wp-content\/uploads\/2021\/12\/capa-reedicao-livro-Pinheiros.jpg","width":403,"height":500},{"@type":"BreadcrumbList","@id":"https:\/\/solardorosario.com.br\/galeria\/produto\/livro-pinheiros\/#breadcrumb","itemListElement":[{"@type":"ListItem","position":1,"name":"In\u00edcio","item":"https:\/\/solardorosario.com.br\/galeria\/"},{"@type":"ListItem","position":2,"name":"galeria","item":"https:\/\/solardorosario.com.br\/galeria\/galeria\/"},{"@type":"ListItem","position":3,"name":"Livro - Pinheiros"}]},{"@type":"WebSite","@id":"https:\/\/solardorosario.com.br\/galeria\/#website","url":"https:\/\/solardorosario.com.br\/galeria\/","name":"Solar do Ros\u00e1rio Galeria \\\\\\\\Nova","description":"","potentialAction":[{"@type":"SearchAction","target":{"@type":"EntryPoint","urlTemplate":"https:\/\/solardorosario.com.br\/galeria\/?s={search_term_string}"},"query-input":{"@type":"PropertyValueSpecification","valueRequired":true,"valueName":"search_term_string"}}],"inLanguage":"pt-BR"}]}},"_links":{"self":[{"href":"https:\/\/solardorosario.com.br\/galeria\/wp-json\/wp\/v2\/product\/3263","targetHints":{"allow":["GET"]}}],"collection":[{"href":"https:\/\/solardorosario.com.br\/galeria\/wp-json\/wp\/v2\/product"}],"about":[{"href":"https:\/\/solardorosario.com.br\/galeria\/wp-json\/wp\/v2\/types\/product"}],"wp:featuredmedia":[{"embeddable":true,"href":"https:\/\/solardorosario.com.br\/galeria\/wp-json\/wp\/v2\/media\/5223"}],"wp:attachment":[{"href":"https:\/\/solardorosario.com.br\/galeria\/wp-json\/wp\/v2\/media?parent=3263"}],"wp:term":[{"taxonomy":"product_brand","embeddable":true,"href":"https:\/\/solardorosario.com.br\/galeria\/wp-json\/wp\/v2\/product_brand?post=3263"},{"taxonomy":"product_cat","embeddable":true,"href":"https:\/\/solardorosario.com.br\/galeria\/wp-json\/wp\/v2\/product_cat?post=3263"},{"taxonomy":"product_tag","embeddable":true,"href":"https:\/\/solardorosario.com.br\/galeria\/wp-json\/wp\/v2\/product_tag?post=3263"}],"curies":[{"name":"wp","href":"https:\/\/api.w.org\/{rel}","templated":true}]}}