{"id":3149,"date":"2021-09-16T13:25:29","date_gmt":"2021-09-16T16:25:29","guid":{"rendered":"https:\/\/solardorosario.com.br\/galeria\/?post_type=product&#038;p=3149"},"modified":"2026-01-21T10:43:25","modified_gmt":"2026-01-21T13:43:25","slug":"sady-sem-titulo-2","status":"publish","type":"product","link":"https:\/\/solardorosario.com.br\/galeria\/produto\/sady-sem-titulo-2\/","title":{"rendered":"Sady - Sem t\u00edtulo"},"content":{"rendered":"<p><strong>Artista:<\/strong> Sady<\/p>\n<p><strong>T\u00edtulo:<\/strong> Sem t\u00edtulo<\/p>\n<p><strong>Dimens\u00e3o:<\/strong> 50x50cm<\/p>\n<p><strong>T\u00e9cnica:<\/strong> \u00d3leo sobre tela<\/p>\n<p>&nbsp;<\/p>\n<p>&nbsp;<\/p>\n<p>Sady Raul Pereira \u00e9 psicanalista e artista visual. Trabalha com a cl\u00ednica desde 1993, em Curitiba. Em 1975, fez um curso de desenho na Casa da Cultura em Joinville, em Santa Catarina. Nos anos seguintes, fez outros cursos de pintura e desenho em Joinville e nos Estados Unidos. Se formou no curso de Psicologia na Universidade Cat\u00f3lica de Petr\u00f3polis, no Rio de Janeiro. Fez especializa\u00e7\u00e3o em Psican\u00e1lise e o mestrado na mesma \u00e1res, ambas na Universidade Tuiuti, em Curitiba. Participou de exposi\u00e7\u00f5es coletivas desde 1981, em sal\u00f5es de arte, como o Sal\u00e3o de Arte na categoria Novos Artistas, em Joinville, em 1991, no V Sal\u00e3o Galeria Vitor Kusrsancew, na Funda\u00e7\u00e3o Cultural de Joinviile, o I Sal\u00e3o de Arte Contempor\u00e2nea no Museu de Arte de Joinville e no 53\u00ba Sal\u00e3o Paranaense de Arte Contempor\u00e2nea, em Curitiba. Exp\u00f4s individualmente em Curitiba, Rio de Janeiro, S\u00e3o Paulo e Joinville.<\/p>\n","protected":false},"excerpt":{"rendered":"<p>Artista: Sady T\u00edtulo: Sem t\u00edtulo Dimens\u00e3o: 50x50cm T\u00e9cnica: \u00d3leo sobre tela &nbsp; &nbsp; Sady Raul Pereira \u00e9 psicanalista e artista visual. Trabalha com a cl\u00ednica desde 1993, em Curitiba. Em 1975, fez um curso de desenho na Casa da Cultura em Joinville, em Santa Catarina. Nos anos seguintes, fez outros cursos de pintura e desenho [&hellip;]<\/p>\n","protected":false},"featured_media":3150,"template":"","meta":[],"product_brand":[],"product_cat":[117],"product_tag":[],"class_list":{"0":"post-3149","1":"product","2":"type-product","3":"status-publish","4":"has-post-thumbnail","6":"product_cat-galeria","7":"pa_artista-sady","8":"pa_estilo-figura-humana","9":"pa_tecnica-oleo-sobre-tela","11":"first","12":"instock","13":"shipping-taxable","14":"purchasable","15":"product-type-simple"},"yoast_head":"<!-- This site is optimized with the Yoast SEO plugin v27.4 - https:\/\/yoast.com\/product\/yoast-seo-wordpress\/ -->\n<title>Sady - Sem t\u00edtulo - Solar do Ros\u00e1rio Galeria \\\\\\\\Nova<\/title>\n<meta name=\"robots\" content=\"index, follow, max-snippet:-1, max-image-preview:large, max-video-preview:-1\" \/>\n<link rel=\"canonical\" href=\"https:\/\/solardorosario.com.br\/galeria\/produto\/sady-sem-titulo-2\/\" \/>\n<meta property=\"og:locale\" content=\"pt_BR\" \/>\n<meta property=\"og:type\" content=\"article\" \/>\n<meta property=\"og:title\" content=\"Sady - Sem t\u00edtulo - Solar do Ros\u00e1rio Galeria \\\\\\\\Nova\" \/>\n<meta property=\"og:description\" content=\"Artista: Sady T\u00edtulo: Sem t\u00edtulo Dimens\u00e3o: 50x50cm T\u00e9cnica: \u00d3leo sobre tela &nbsp; &nbsp; Sady Raul Pereira \u00e9 psicanalista e artista visual. Trabalha com a cl\u00ednica desde 1993, em Curitiba. Em 1975, fez um curso de desenho na Casa da Cultura em Joinville, em Santa Catarina. Nos anos seguintes, fez outros cursos de pintura e desenho [&hellip;]\" \/>\n<meta property=\"og:url\" content=\"https:\/\/solardorosario.com.br\/galeria\/produto\/sady-sem-titulo-2\/\" \/>\n<meta property=\"og:site_name\" content=\"Solar do Ros\u00e1rio Galeria \\\\\\\\Nova\" \/>\n<meta property=\"article:modified_time\" content=\"2026-01-21T13:43:25+00:00\" \/>\n<meta property=\"og:image\" content=\"https:\/\/solardorosario.com.br\/galeria\/wp-content\/uploads\/2021\/09\/IMG_0424.jpeg\" \/>\n\t<meta property=\"og:image:width\" content=\"1994\" \/>\n\t<meta property=\"og:image:height\" content=\"1577\" \/>\n\t<meta property=\"og:image:type\" content=\"image\/jpeg\" \/>\n<meta name=\"twitter:card\" content=\"summary_large_image\" \/>\n<meta name=\"twitter:label1\" content=\"Est. tempo de leitura\" \/>\n\t<meta name=\"twitter:data1\" content=\"2 minutos\" \/>\n<script type=\"application\/ld+json\" class=\"yoast-schema-graph\">{\"@context\":\"https:\\\/\\\/schema.org\",\"@graph\":[{\"@type\":\"WebPage\",\"@id\":\"https:\\\/\\\/solardorosario.com.br\\\/galeria\\\/produto\\\/sady-sem-titulo-2\\\/\",\"url\":\"https:\\\/\\\/solardorosario.com.br\\\/galeria\\\/produto\\\/sady-sem-titulo-2\\\/\",\"name\":\"Sady - Sem t\u00edtulo - Solar do Ros\u00e1rio Galeria \\\\\\\\\\\\\\\\Nova\",\"isPartOf\":{\"@id\":\"https:\\\/\\\/solardorosario.com.br\\\/galeria\\\/#website\"},\"primaryImageOfPage\":{\"@id\":\"https:\\\/\\\/solardorosario.com.br\\\/galeria\\\/produto\\\/sady-sem-titulo-2\\\/#primaryimage\"},\"image\":{\"@id\":\"https:\\\/\\\/solardorosario.com.br\\\/galeria\\\/produto\\\/sady-sem-titulo-2\\\/#primaryimage\"},\"thumbnailUrl\":\"https:\\\/\\\/solardorosario.com.br\\\/galeria\\\/wp-content\\\/uploads\\\/2021\\\/09\\\/IMG_0424.jpeg\",\"datePublished\":\"2021-09-16T16:25:29+00:00\",\"dateModified\":\"2026-01-21T13:43:25+00:00\",\"breadcrumb\":{\"@id\":\"https:\\\/\\\/solardorosario.com.br\\\/galeria\\\/produto\\\/sady-sem-titulo-2\\\/#breadcrumb\"},\"inLanguage\":\"pt-BR\",\"potentialAction\":[{\"@type\":\"ReadAction\",\"target\":[\"https:\\\/\\\/solardorosario.com.br\\\/galeria\\\/produto\\\/sady-sem-titulo-2\\\/\"]}]},{\"@type\":\"ImageObject\",\"inLanguage\":\"pt-BR\",\"@id\":\"https:\\\/\\\/solardorosario.com.br\\\/galeria\\\/produto\\\/sady-sem-titulo-2\\\/#primaryimage\",\"url\":\"https:\\\/\\\/solardorosario.com.br\\\/galeria\\\/wp-content\\\/uploads\\\/2021\\\/09\\\/IMG_0424.jpeg\",\"contentUrl\":\"https:\\\/\\\/solardorosario.com.br\\\/galeria\\\/wp-content\\\/uploads\\\/2021\\\/09\\\/IMG_0424.jpeg\",\"width\":1994,\"height\":1577},{\"@type\":\"BreadcrumbList\",\"@id\":\"https:\\\/\\\/solardorosario.com.br\\\/galeria\\\/produto\\\/sady-sem-titulo-2\\\/#breadcrumb\",\"itemListElement\":[{\"@type\":\"ListItem\",\"position\":1,\"name\":\"In\u00edcio\",\"item\":\"https:\\\/\\\/solardorosario.com.br\\\/galeria\\\/\"},{\"@type\":\"ListItem\",\"position\":2,\"name\":\"galeria\",\"item\":\"https:\\\/\\\/solardorosario.com.br\\\/galeria\\\/galeria\\\/\"},{\"@type\":\"ListItem\",\"position\":3,\"name\":\"Sady - Sem t\u00edtulo\"}]},{\"@type\":\"WebSite\",\"@id\":\"https:\\\/\\\/solardorosario.com.br\\\/galeria\\\/#website\",\"url\":\"https:\\\/\\\/solardorosario.com.br\\\/galeria\\\/\",\"name\":\"Solar do Ros\u00e1rio Galeria \\\\\\\\\\\\\\\\Nova\",\"description\":\"\",\"potentialAction\":[{\"@type\":\"SearchAction\",\"target\":{\"@type\":\"EntryPoint\",\"urlTemplate\":\"https:\\\/\\\/solardorosario.com.br\\\/galeria\\\/?s={search_term_string}\"},\"query-input\":{\"@type\":\"PropertyValueSpecification\",\"valueRequired\":true,\"valueName\":\"search_term_string\"}}],\"inLanguage\":\"pt-BR\"}]}<\/script>\n<!-- \/ Yoast SEO plugin. -->","yoast_head_json":{"title":"Sady - Sem t\u00edtulo - Solar do Ros\u00e1rio Galeria \\\\\\\\Nova","robots":{"index":"index","follow":"follow","max-snippet":"max-snippet:-1","max-image-preview":"max-image-preview:large","max-video-preview":"max-video-preview:-1"},"canonical":"https:\/\/solardorosario.com.br\/galeria\/produto\/sady-sem-titulo-2\/","og_locale":"pt_BR","og_type":"article","og_title":"Sady - Sem t\u00edtulo - Solar do Ros\u00e1rio Galeria \\\\\\\\Nova","og_description":"Artista: Sady T\u00edtulo: Sem t\u00edtulo Dimens\u00e3o: 50x50cm T\u00e9cnica: \u00d3leo sobre tela &nbsp; &nbsp; Sady Raul Pereira \u00e9 psicanalista e artista visual. Trabalha com a cl\u00ednica desde 1993, em Curitiba. Em 1975, fez um curso de desenho na Casa da Cultura em Joinville, em Santa Catarina. Nos anos seguintes, fez outros cursos de pintura e desenho [&hellip;]","og_url":"https:\/\/solardorosario.com.br\/galeria\/produto\/sady-sem-titulo-2\/","og_site_name":"Solar do Ros\u00e1rio Galeria \\\\\\\\Nova","article_modified_time":"2026-01-21T13:43:25+00:00","og_image":[{"width":1994,"height":1577,"url":"https:\/\/solardorosario.com.br\/galeria\/wp-content\/uploads\/2021\/09\/IMG_0424.jpeg","type":"image\/jpeg"}],"twitter_card":"summary_large_image","twitter_misc":{"Est. tempo de leitura":"2 minutos"},"schema":{"@context":"https:\/\/schema.org","@graph":[{"@type":"WebPage","@id":"https:\/\/solardorosario.com.br\/galeria\/produto\/sady-sem-titulo-2\/","url":"https:\/\/solardorosario.com.br\/galeria\/produto\/sady-sem-titulo-2\/","name":"Sady - Sem t\u00edtulo - Solar do Ros\u00e1rio Galeria \\\\\\\\Nova","isPartOf":{"@id":"https:\/\/solardorosario.com.br\/galeria\/#website"},"primaryImageOfPage":{"@id":"https:\/\/solardorosario.com.br\/galeria\/produto\/sady-sem-titulo-2\/#primaryimage"},"image":{"@id":"https:\/\/solardorosario.com.br\/galeria\/produto\/sady-sem-titulo-2\/#primaryimage"},"thumbnailUrl":"https:\/\/solardorosario.com.br\/galeria\/wp-content\/uploads\/2021\/09\/IMG_0424.jpeg","datePublished":"2021-09-16T16:25:29+00:00","dateModified":"2026-01-21T13:43:25+00:00","breadcrumb":{"@id":"https:\/\/solardorosario.com.br\/galeria\/produto\/sady-sem-titulo-2\/#breadcrumb"},"inLanguage":"pt-BR","potentialAction":[{"@type":"ReadAction","target":["https:\/\/solardorosario.com.br\/galeria\/produto\/sady-sem-titulo-2\/"]}]},{"@type":"ImageObject","inLanguage":"pt-BR","@id":"https:\/\/solardorosario.com.br\/galeria\/produto\/sady-sem-titulo-2\/#primaryimage","url":"https:\/\/solardorosario.com.br\/galeria\/wp-content\/uploads\/2021\/09\/IMG_0424.jpeg","contentUrl":"https:\/\/solardorosario.com.br\/galeria\/wp-content\/uploads\/2021\/09\/IMG_0424.jpeg","width":1994,"height":1577},{"@type":"BreadcrumbList","@id":"https:\/\/solardorosario.com.br\/galeria\/produto\/sady-sem-titulo-2\/#breadcrumb","itemListElement":[{"@type":"ListItem","position":1,"name":"In\u00edcio","item":"https:\/\/solardorosario.com.br\/galeria\/"},{"@type":"ListItem","position":2,"name":"galeria","item":"https:\/\/solardorosario.com.br\/galeria\/galeria\/"},{"@type":"ListItem","position":3,"name":"Sady - Sem t\u00edtulo"}]},{"@type":"WebSite","@id":"https:\/\/solardorosario.com.br\/galeria\/#website","url":"https:\/\/solardorosario.com.br\/galeria\/","name":"Solar do Ros\u00e1rio Galeria \\\\\\\\Nova","description":"","potentialAction":[{"@type":"SearchAction","target":{"@type":"EntryPoint","urlTemplate":"https:\/\/solardorosario.com.br\/galeria\/?s={search_term_string}"},"query-input":{"@type":"PropertyValueSpecification","valueRequired":true,"valueName":"search_term_string"}}],"inLanguage":"pt-BR"}]}},"_links":{"self":[{"href":"https:\/\/solardorosario.com.br\/galeria\/wp-json\/wp\/v2\/product\/3149","targetHints":{"allow":["GET"]}}],"collection":[{"href":"https:\/\/solardorosario.com.br\/galeria\/wp-json\/wp\/v2\/product"}],"about":[{"href":"https:\/\/solardorosario.com.br\/galeria\/wp-json\/wp\/v2\/types\/product"}],"wp:featuredmedia":[{"embeddable":true,"href":"https:\/\/solardorosario.com.br\/galeria\/wp-json\/wp\/v2\/media\/3150"}],"wp:attachment":[{"href":"https:\/\/solardorosario.com.br\/galeria\/wp-json\/wp\/v2\/media?parent=3149"}],"wp:term":[{"taxonomy":"product_brand","embeddable":true,"href":"https:\/\/solardorosario.com.br\/galeria\/wp-json\/wp\/v2\/product_brand?post=3149"},{"taxonomy":"product_cat","embeddable":true,"href":"https:\/\/solardorosario.com.br\/galeria\/wp-json\/wp\/v2\/product_cat?post=3149"},{"taxonomy":"product_tag","embeddable":true,"href":"https:\/\/solardorosario.com.br\/galeria\/wp-json\/wp\/v2\/product_tag?post=3149"}],"curies":[{"name":"wp","href":"https:\/\/api.w.org\/{rel}","templated":true}]}}