{"id":3145,"date":"2021-09-15T16:01:00","date_gmt":"2021-09-15T19:01:00","guid":{"rendered":"https:\/\/solardorosario.com.br\/galeria\/?post_type=product&#038;p=3145"},"modified":"2026-04-16T14:58:58","modified_gmt":"2026-04-16T17:58:58","slug":"rosa-bruinje-caminhada-em-re-maior","status":"publish","type":"product","link":"https:\/\/solardorosario.com.br\/galeria\/produto\/rosa-bruinje-caminhada-em-re-maior\/","title":{"rendered":"Rosa Bruinj\u00e9 -  Caminhada em r\u00e9 maior"},"content":{"rendered":"<p><strong>Artista:<\/strong> Rosa Bruinj\u00e9<\/p>\n<p><strong>T\u00edtulo: <\/strong>Caminhada em r\u00e9 maior<\/p>\n<p><strong>Dimens\u00e3o:<\/strong> 120x80cm<\/p>\n<p><strong>T\u00e9cnica:<\/strong> Acr\u00edlica sobre tela<\/p>\n<p>&nbsp;<\/p>\n<p>&nbsp;<\/p>\n<p>Rosa Bruinj\u00e9 \u00e9 uma artista visual nascida em Potirendaba, em S\u00e3o Paulo, em 1936 (1936-2009). Autodidata, fez cursos de desenho e pintura com Luiz Carlos de Andrade Lima a partir de 1967, al\u00e9m de cursos r\u00e1pidos de artes na Alemanha, Holanda, \u00c1ustria, al\u00e9m do Brasil. Desde 1980, participou de exposi\u00e7\u00f5es coletivas em Curitiba, Mandirituba, Quatro Barras, Piraquara, Maring\u00e1, Goi\u00e2nia, Porto Alegre, S\u00e3o Paulo, Santo Ant\u00f4nio da Platina, Vinhedo e Potirendaba. Participou de v\u00e1rios sal\u00f5es, desde a d\u00e9cada de 90, com men\u00e7\u00f5es honrosas, como no Sal\u00e3o de Artes, de Jacarezinho, o Sal\u00e3o Oficial de Artes da Cidade de Itaja\u00ed, em 1992, Sal\u00e3o de Inverno de Petr\u00f3polis Abrarte, ganhando men\u00e7\u00e3o honrosa. Suas obras fazem parte de acervos particulares em Curitiba, em S\u00e3o Paulo e em Ourinhos, inclusive do Museu de Arte Contempor\u00e2nea do Paran\u00e1 (MAC-PR), em 1999. Nos anos 2000, fez o monumento em homenagem aos 500 da coloniza\u00e7\u00e3o do Brasil, e ao 3\u00ba Mil\u00eanio, no Jardim Amsterdam, em Curitiba.<\/p>\n","protected":false},"excerpt":{"rendered":"<p>Artista: Rosa Bruinj\u00e9 T\u00edtulo: Caminhada em r\u00e9 maior Dimens\u00e3o: 120x80cm T\u00e9cnica: Acr\u00edlica sobre tela &nbsp; &nbsp; Rosa Bruinj\u00e9 \u00e9 uma artista visual nascida em Potirendaba, em S\u00e3o Paulo, em 1936 (1936-2009). Autodidata, fez cursos de desenho e pintura com Luiz Carlos de Andrade Lima a partir de 1967, al\u00e9m de cursos r\u00e1pidos de artes na [&hellip;]<\/p>\n","protected":false},"featured_media":3146,"template":"","meta":[],"product_brand":[],"product_cat":[117],"product_tag":[],"class_list":{"0":"post-3145","1":"product","2":"type-product","3":"status-publish","4":"has-post-thumbnail","6":"product_cat-galeria","7":"pa_artista-rosa-bruinje","8":"pa_estilo-figurativo","9":"pa_tecnica-acrilica-sobre-tela","11":"first","12":"instock","13":"shipping-taxable","14":"product-type-simple"},"yoast_head":"<!-- This site is optimized with the Yoast SEO plugin v27.4 - https:\/\/yoast.com\/product\/yoast-seo-wordpress\/ -->\n<title>Rosa Bruinj\u00e9 - Caminhada em r\u00e9 maior - Solar do Ros\u00e1rio Galeria \\\\\\\\Nova<\/title>\n<meta name=\"robots\" content=\"index, follow, max-snippet:-1, max-image-preview:large, max-video-preview:-1\" \/>\n<link rel=\"canonical\" href=\"https:\/\/solardorosario.com.br\/galeria\/produto\/rosa-bruinje-caminhada-em-re-maior\/\" \/>\n<meta property=\"og:locale\" content=\"pt_BR\" \/>\n<meta property=\"og:type\" content=\"article\" \/>\n<meta property=\"og:title\" content=\"Rosa Bruinj\u00e9 - Caminhada em r\u00e9 maior - Solar do Ros\u00e1rio Galeria \\\\\\\\Nova\" \/>\n<meta property=\"og:description\" content=\"Artista: Rosa Bruinj\u00e9 T\u00edtulo: Caminhada em r\u00e9 maior Dimens\u00e3o: 120x80cm T\u00e9cnica: Acr\u00edlica sobre tela &nbsp; &nbsp; Rosa Bruinj\u00e9 \u00e9 uma artista visual nascida em Potirendaba, em S\u00e3o Paulo, em 1936 (1936-2009). Autodidata, fez cursos de desenho e pintura com Luiz Carlos de Andrade Lima a partir de 1967, al\u00e9m de cursos r\u00e1pidos de artes na [&hellip;]\" \/>\n<meta property=\"og:url\" content=\"https:\/\/solardorosario.com.br\/galeria\/produto\/rosa-bruinje-caminhada-em-re-maior\/\" \/>\n<meta property=\"og:site_name\" content=\"Solar do Ros\u00e1rio Galeria \\\\\\\\Nova\" \/>\n<meta property=\"article:modified_time\" content=\"2026-04-16T17:58:58+00:00\" \/>\n<meta property=\"og:image\" content=\"https:\/\/solardorosario.com.br\/galeria\/wp-content\/uploads\/2021\/09\/IMG_0335.jpeg\" \/>\n\t<meta property=\"og:image:width\" content=\"1638\" \/>\n\t<meta property=\"og:image:height\" content=\"1919\" \/>\n\t<meta property=\"og:image:type\" content=\"image\/jpeg\" \/>\n<meta name=\"twitter:card\" content=\"summary_large_image\" \/>\n<meta name=\"twitter:label1\" content=\"Est. tempo de leitura\" \/>\n\t<meta name=\"twitter:data1\" content=\"2 minutos\" \/>\n<script type=\"application\/ld+json\" class=\"yoast-schema-graph\">{\"@context\":\"https:\\\/\\\/schema.org\",\"@graph\":[{\"@type\":\"WebPage\",\"@id\":\"https:\\\/\\\/solardorosario.com.br\\\/galeria\\\/produto\\\/rosa-bruinje-caminhada-em-re-maior\\\/\",\"url\":\"https:\\\/\\\/solardorosario.com.br\\\/galeria\\\/produto\\\/rosa-bruinje-caminhada-em-re-maior\\\/\",\"name\":\"Rosa Bruinj\u00e9 - Caminhada em r\u00e9 maior - Solar do Ros\u00e1rio Galeria \\\\\\\\\\\\\\\\Nova\",\"isPartOf\":{\"@id\":\"https:\\\/\\\/solardorosario.com.br\\\/galeria\\\/#website\"},\"primaryImageOfPage\":{\"@id\":\"https:\\\/\\\/solardorosario.com.br\\\/galeria\\\/produto\\\/rosa-bruinje-caminhada-em-re-maior\\\/#primaryimage\"},\"image\":{\"@id\":\"https:\\\/\\\/solardorosario.com.br\\\/galeria\\\/produto\\\/rosa-bruinje-caminhada-em-re-maior\\\/#primaryimage\"},\"thumbnailUrl\":\"https:\\\/\\\/solardorosario.com.br\\\/galeria\\\/wp-content\\\/uploads\\\/2021\\\/09\\\/IMG_0335.jpeg\",\"datePublished\":\"2021-09-15T19:01:00+00:00\",\"dateModified\":\"2026-04-16T17:58:58+00:00\",\"breadcrumb\":{\"@id\":\"https:\\\/\\\/solardorosario.com.br\\\/galeria\\\/produto\\\/rosa-bruinje-caminhada-em-re-maior\\\/#breadcrumb\"},\"inLanguage\":\"pt-BR\",\"potentialAction\":[{\"@type\":\"ReadAction\",\"target\":[\"https:\\\/\\\/solardorosario.com.br\\\/galeria\\\/produto\\\/rosa-bruinje-caminhada-em-re-maior\\\/\"]}]},{\"@type\":\"ImageObject\",\"inLanguage\":\"pt-BR\",\"@id\":\"https:\\\/\\\/solardorosario.com.br\\\/galeria\\\/produto\\\/rosa-bruinje-caminhada-em-re-maior\\\/#primaryimage\",\"url\":\"https:\\\/\\\/solardorosario.com.br\\\/galeria\\\/wp-content\\\/uploads\\\/2021\\\/09\\\/IMG_0335.jpeg\",\"contentUrl\":\"https:\\\/\\\/solardorosario.com.br\\\/galeria\\\/wp-content\\\/uploads\\\/2021\\\/09\\\/IMG_0335.jpeg\",\"width\":1638,\"height\":1919},{\"@type\":\"BreadcrumbList\",\"@id\":\"https:\\\/\\\/solardorosario.com.br\\\/galeria\\\/produto\\\/rosa-bruinje-caminhada-em-re-maior\\\/#breadcrumb\",\"itemListElement\":[{\"@type\":\"ListItem\",\"position\":1,\"name\":\"In\u00edcio\",\"item\":\"https:\\\/\\\/solardorosario.com.br\\\/galeria\\\/\"},{\"@type\":\"ListItem\",\"position\":2,\"name\":\"galeria\",\"item\":\"https:\\\/\\\/solardorosario.com.br\\\/galeria\\\/galeria\\\/\"},{\"@type\":\"ListItem\",\"position\":3,\"name\":\"Rosa Bruinj\u00e9 - Caminhada em r\u00e9 maior\"}]},{\"@type\":\"WebSite\",\"@id\":\"https:\\\/\\\/solardorosario.com.br\\\/galeria\\\/#website\",\"url\":\"https:\\\/\\\/solardorosario.com.br\\\/galeria\\\/\",\"name\":\"Solar do Ros\u00e1rio Galeria \\\\\\\\\\\\\\\\Nova\",\"description\":\"\",\"potentialAction\":[{\"@type\":\"SearchAction\",\"target\":{\"@type\":\"EntryPoint\",\"urlTemplate\":\"https:\\\/\\\/solardorosario.com.br\\\/galeria\\\/?s={search_term_string}\"},\"query-input\":{\"@type\":\"PropertyValueSpecification\",\"valueRequired\":true,\"valueName\":\"search_term_string\"}}],\"inLanguage\":\"pt-BR\"}]}<\/script>\n<!-- \/ Yoast SEO plugin. -->","yoast_head_json":{"title":"Rosa Bruinj\u00e9 - Caminhada em r\u00e9 maior - Solar do Ros\u00e1rio Galeria \\\\\\\\Nova","robots":{"index":"index","follow":"follow","max-snippet":"max-snippet:-1","max-image-preview":"max-image-preview:large","max-video-preview":"max-video-preview:-1"},"canonical":"https:\/\/solardorosario.com.br\/galeria\/produto\/rosa-bruinje-caminhada-em-re-maior\/","og_locale":"pt_BR","og_type":"article","og_title":"Rosa Bruinj\u00e9 - Caminhada em r\u00e9 maior - Solar do Ros\u00e1rio Galeria \\\\\\\\Nova","og_description":"Artista: Rosa Bruinj\u00e9 T\u00edtulo: Caminhada em r\u00e9 maior Dimens\u00e3o: 120x80cm T\u00e9cnica: Acr\u00edlica sobre tela &nbsp; &nbsp; Rosa Bruinj\u00e9 \u00e9 uma artista visual nascida em Potirendaba, em S\u00e3o Paulo, em 1936 (1936-2009). Autodidata, fez cursos de desenho e pintura com Luiz Carlos de Andrade Lima a partir de 1967, al\u00e9m de cursos r\u00e1pidos de artes na [&hellip;]","og_url":"https:\/\/solardorosario.com.br\/galeria\/produto\/rosa-bruinje-caminhada-em-re-maior\/","og_site_name":"Solar do Ros\u00e1rio Galeria \\\\\\\\Nova","article_modified_time":"2026-04-16T17:58:58+00:00","og_image":[{"width":1638,"height":1919,"url":"https:\/\/solardorosario.com.br\/galeria\/wp-content\/uploads\/2021\/09\/IMG_0335.jpeg","type":"image\/jpeg"}],"twitter_card":"summary_large_image","twitter_misc":{"Est. tempo de leitura":"2 minutos"},"schema":{"@context":"https:\/\/schema.org","@graph":[{"@type":"WebPage","@id":"https:\/\/solardorosario.com.br\/galeria\/produto\/rosa-bruinje-caminhada-em-re-maior\/","url":"https:\/\/solardorosario.com.br\/galeria\/produto\/rosa-bruinje-caminhada-em-re-maior\/","name":"Rosa Bruinj\u00e9 - Caminhada em r\u00e9 maior - Solar do Ros\u00e1rio Galeria \\\\\\\\Nova","isPartOf":{"@id":"https:\/\/solardorosario.com.br\/galeria\/#website"},"primaryImageOfPage":{"@id":"https:\/\/solardorosario.com.br\/galeria\/produto\/rosa-bruinje-caminhada-em-re-maior\/#primaryimage"},"image":{"@id":"https:\/\/solardorosario.com.br\/galeria\/produto\/rosa-bruinje-caminhada-em-re-maior\/#primaryimage"},"thumbnailUrl":"https:\/\/solardorosario.com.br\/galeria\/wp-content\/uploads\/2021\/09\/IMG_0335.jpeg","datePublished":"2021-09-15T19:01:00+00:00","dateModified":"2026-04-16T17:58:58+00:00","breadcrumb":{"@id":"https:\/\/solardorosario.com.br\/galeria\/produto\/rosa-bruinje-caminhada-em-re-maior\/#breadcrumb"},"inLanguage":"pt-BR","potentialAction":[{"@type":"ReadAction","target":["https:\/\/solardorosario.com.br\/galeria\/produto\/rosa-bruinje-caminhada-em-re-maior\/"]}]},{"@type":"ImageObject","inLanguage":"pt-BR","@id":"https:\/\/solardorosario.com.br\/galeria\/produto\/rosa-bruinje-caminhada-em-re-maior\/#primaryimage","url":"https:\/\/solardorosario.com.br\/galeria\/wp-content\/uploads\/2021\/09\/IMG_0335.jpeg","contentUrl":"https:\/\/solardorosario.com.br\/galeria\/wp-content\/uploads\/2021\/09\/IMG_0335.jpeg","width":1638,"height":1919},{"@type":"BreadcrumbList","@id":"https:\/\/solardorosario.com.br\/galeria\/produto\/rosa-bruinje-caminhada-em-re-maior\/#breadcrumb","itemListElement":[{"@type":"ListItem","position":1,"name":"In\u00edcio","item":"https:\/\/solardorosario.com.br\/galeria\/"},{"@type":"ListItem","position":2,"name":"galeria","item":"https:\/\/solardorosario.com.br\/galeria\/galeria\/"},{"@type":"ListItem","position":3,"name":"Rosa Bruinj\u00e9 - Caminhada em r\u00e9 maior"}]},{"@type":"WebSite","@id":"https:\/\/solardorosario.com.br\/galeria\/#website","url":"https:\/\/solardorosario.com.br\/galeria\/","name":"Solar do Ros\u00e1rio Galeria \\\\\\\\Nova","description":"","potentialAction":[{"@type":"SearchAction","target":{"@type":"EntryPoint","urlTemplate":"https:\/\/solardorosario.com.br\/galeria\/?s={search_term_string}"},"query-input":{"@type":"PropertyValueSpecification","valueRequired":true,"valueName":"search_term_string"}}],"inLanguage":"pt-BR"}]}},"_links":{"self":[{"href":"https:\/\/solardorosario.com.br\/galeria\/wp-json\/wp\/v2\/product\/3145","targetHints":{"allow":["GET"]}}],"collection":[{"href":"https:\/\/solardorosario.com.br\/galeria\/wp-json\/wp\/v2\/product"}],"about":[{"href":"https:\/\/solardorosario.com.br\/galeria\/wp-json\/wp\/v2\/types\/product"}],"wp:featuredmedia":[{"embeddable":true,"href":"https:\/\/solardorosario.com.br\/galeria\/wp-json\/wp\/v2\/media\/3146"}],"wp:attachment":[{"href":"https:\/\/solardorosario.com.br\/galeria\/wp-json\/wp\/v2\/media?parent=3145"}],"wp:term":[{"taxonomy":"product_brand","embeddable":true,"href":"https:\/\/solardorosario.com.br\/galeria\/wp-json\/wp\/v2\/product_brand?post=3145"},{"taxonomy":"product_cat","embeddable":true,"href":"https:\/\/solardorosario.com.br\/galeria\/wp-json\/wp\/v2\/product_cat?post=3145"},{"taxonomy":"product_tag","embeddable":true,"href":"https:\/\/solardorosario.com.br\/galeria\/wp-json\/wp\/v2\/product_tag?post=3145"}],"curies":[{"name":"wp","href":"https:\/\/api.w.org\/{rel}","templated":true}]}}