{"id":3015,"date":"2021-08-18T14:02:41","date_gmt":"2021-08-18T17:02:41","guid":{"rendered":"https:\/\/solardorosario.com.br\/galeria\/?post_type=product&#038;p=3015"},"modified":"2025-11-27T14:01:17","modified_gmt":"2025-11-27T17:01:17","slug":"almandrade-sem-titulo-9","status":"publish","type":"product","link":"https:\/\/solardorosario.com.br\/galeria\/produto\/almandrade-sem-titulo-9\/","title":{"rendered":"Almandrade - Sem t\u00edtulo"},"content":{"rendered":"<p><strong>Artista:<\/strong> Almandrade<\/p>\n<p><strong>T\u00edtulo:<\/strong> Sem t\u00edtulo<\/p>\n<p><strong>Dimens\u00e3o:<\/strong> 48x48cm<\/p>\n<p><strong>T\u00e9cnica:<\/strong> Serigrafia<\/p>\n<p>&nbsp;<\/p>\n<p>Ant\u00f4nio Luiz Morais de Andrade, pseud\u00f4nimo \u00e9 Alandrade, nascido em S\u00e3o Felipe, na Bahia, em 1953. \u00c9 artista visual, arquiteto, mestre em desenho urbano, poeta e professor de teoria da arte das oficinas de arte no Museu de Arte Moderna da Bahia (MAM - BA) e do Palacete das Artes. Participou de 3 Bienais de S\u00e3o Paulo (em 1973, 1975 e 1981), do II Sal\u00e3o Paulista, I Exposi\u00e7\u00e3o Internacional de Esculturas Ef\u00eameras no Cear\u00e1, al\u00e9m do I Sal\u00e3o Baiano e do II Sal\u00e3o Nacional de Belas Artes. Suas obras fazem parte de acervos de importantes institui\u00e7\u00f5es como o Museu Nacional de Belas Artes (RJ), Museu de Arte do Rio de Janeiro (MAR), Pinacoteca Municipal de S\u00e3o Paulo, Museu Nacional de Bras\u00edlia, Museu de Arte Abraham Palatnik (RN), Museu da Cidade, em Salvador, entre acervos p\u00fablicos e particulares.<\/p>\n","protected":false},"excerpt":{"rendered":"<p>Artista: Almandrade T\u00edtulo: Sem t\u00edtulo Dimens\u00e3o: 48x48cm T\u00e9cnica: Serigrafia &nbsp; Ant\u00f4nio Luiz Morais de Andrade, pseud\u00f4nimo \u00e9 Alandrade, nascido em S\u00e3o Felipe, na Bahia, em 1953. \u00c9 artista visual, arquiteto, mestre em desenho urbano, poeta e professor de teoria da arte das oficinas de arte no Museu de Arte Moderna da Bahia (MAM - BA) [&hellip;]<\/p>\n","protected":false},"featured_media":3017,"template":"","meta":[],"product_brand":[],"product_cat":[117],"product_tag":[],"class_list":{"0":"post-3015","1":"product","2":"type-product","3":"status-publish","4":"has-post-thumbnail","6":"product_cat-galeria","7":"pa_artista-almandrade","9":"first","10":"instock","11":"shipping-taxable","12":"product-type-simple"},"yoast_head":"<!-- This site is optimized with the Yoast SEO plugin v27.4 - https:\/\/yoast.com\/product\/yoast-seo-wordpress\/ -->\n<title>Almandrade - Sem t\u00edtulo - Solar do Ros\u00e1rio Galeria \\\\\\\\Nova<\/title>\n<meta name=\"robots\" content=\"index, follow, max-snippet:-1, max-image-preview:large, max-video-preview:-1\" \/>\n<link rel=\"canonical\" href=\"https:\/\/solardorosario.com.br\/galeria\/produto\/almandrade-sem-titulo-9\/\" \/>\n<meta property=\"og:locale\" content=\"pt_BR\" \/>\n<meta property=\"og:type\" content=\"article\" \/>\n<meta property=\"og:title\" content=\"Almandrade - Sem t\u00edtulo - Solar do Ros\u00e1rio Galeria \\\\\\\\Nova\" \/>\n<meta property=\"og:description\" content=\"Artista: Almandrade T\u00edtulo: Sem t\u00edtulo Dimens\u00e3o: 48x48cm T\u00e9cnica: Serigrafia &nbsp; Ant\u00f4nio Luiz Morais de Andrade, pseud\u00f4nimo \u00e9 Alandrade, nascido em S\u00e3o Felipe, na Bahia, em 1953. \u00c9 artista visual, arquiteto, mestre em desenho urbano, poeta e professor de teoria da arte das oficinas de arte no Museu de Arte Moderna da Bahia (MAM - BA) [&hellip;]\" \/>\n<meta property=\"og:url\" content=\"https:\/\/solardorosario.com.br\/galeria\/produto\/almandrade-sem-titulo-9\/\" \/>\n<meta property=\"og:site_name\" content=\"Solar do Ros\u00e1rio Galeria \\\\\\\\Nova\" \/>\n<meta property=\"article:modified_time\" content=\"2025-11-27T17:01:17+00:00\" \/>\n<meta property=\"og:image\" content=\"https:\/\/solardorosario.com.br\/galeria\/wp-content\/uploads\/2021\/08\/IMG_9948-e1629306150218.jpeg\" \/>\n\t<meta property=\"og:image:width\" content=\"500\" \/>\n\t<meta property=\"og:image:height\" content=\"303\" \/>\n\t<meta property=\"og:image:type\" content=\"image\/jpeg\" \/>\n<meta name=\"twitter:card\" content=\"summary_large_image\" \/>\n<meta name=\"twitter:label1\" content=\"Est. tempo de leitura\" \/>\n\t<meta name=\"twitter:data1\" content=\"2 minutos\" \/>\n<script type=\"application\/ld+json\" class=\"yoast-schema-graph\">{\"@context\":\"https:\\\/\\\/schema.org\",\"@graph\":[{\"@type\":\"WebPage\",\"@id\":\"https:\\\/\\\/solardorosario.com.br\\\/galeria\\\/produto\\\/almandrade-sem-titulo-9\\\/\",\"url\":\"https:\\\/\\\/solardorosario.com.br\\\/galeria\\\/produto\\\/almandrade-sem-titulo-9\\\/\",\"name\":\"Almandrade - Sem t\u00edtulo - Solar do Ros\u00e1rio Galeria \\\\\\\\\\\\\\\\Nova\",\"isPartOf\":{\"@id\":\"https:\\\/\\\/solardorosario.com.br\\\/galeria\\\/#website\"},\"primaryImageOfPage\":{\"@id\":\"https:\\\/\\\/solardorosario.com.br\\\/galeria\\\/produto\\\/almandrade-sem-titulo-9\\\/#primaryimage\"},\"image\":{\"@id\":\"https:\\\/\\\/solardorosario.com.br\\\/galeria\\\/produto\\\/almandrade-sem-titulo-9\\\/#primaryimage\"},\"thumbnailUrl\":\"https:\\\/\\\/solardorosario.com.br\\\/galeria\\\/wp-content\\\/uploads\\\/2021\\\/08\\\/IMG_9948-e1629306150218.jpeg\",\"datePublished\":\"2021-08-18T17:02:41+00:00\",\"dateModified\":\"2025-11-27T17:01:17+00:00\",\"breadcrumb\":{\"@id\":\"https:\\\/\\\/solardorosario.com.br\\\/galeria\\\/produto\\\/almandrade-sem-titulo-9\\\/#breadcrumb\"},\"inLanguage\":\"pt-BR\",\"potentialAction\":[{\"@type\":\"ReadAction\",\"target\":[\"https:\\\/\\\/solardorosario.com.br\\\/galeria\\\/produto\\\/almandrade-sem-titulo-9\\\/\"]}]},{\"@type\":\"ImageObject\",\"inLanguage\":\"pt-BR\",\"@id\":\"https:\\\/\\\/solardorosario.com.br\\\/galeria\\\/produto\\\/almandrade-sem-titulo-9\\\/#primaryimage\",\"url\":\"https:\\\/\\\/solardorosario.com.br\\\/galeria\\\/wp-content\\\/uploads\\\/2021\\\/08\\\/IMG_9948-e1629306150218.jpeg\",\"contentUrl\":\"https:\\\/\\\/solardorosario.com.br\\\/galeria\\\/wp-content\\\/uploads\\\/2021\\\/08\\\/IMG_9948-e1629306150218.jpeg\",\"width\":500,\"height\":303},{\"@type\":\"BreadcrumbList\",\"@id\":\"https:\\\/\\\/solardorosario.com.br\\\/galeria\\\/produto\\\/almandrade-sem-titulo-9\\\/#breadcrumb\",\"itemListElement\":[{\"@type\":\"ListItem\",\"position\":1,\"name\":\"In\u00edcio\",\"item\":\"https:\\\/\\\/solardorosario.com.br\\\/galeria\\\/\"},{\"@type\":\"ListItem\",\"position\":2,\"name\":\"galeria\",\"item\":\"https:\\\/\\\/solardorosario.com.br\\\/galeria\\\/galeria\\\/\"},{\"@type\":\"ListItem\",\"position\":3,\"name\":\"Almandrade - Sem t\u00edtulo\"}]},{\"@type\":\"WebSite\",\"@id\":\"https:\\\/\\\/solardorosario.com.br\\\/galeria\\\/#website\",\"url\":\"https:\\\/\\\/solardorosario.com.br\\\/galeria\\\/\",\"name\":\"Solar do Ros\u00e1rio Galeria \\\\\\\\\\\\\\\\Nova\",\"description\":\"\",\"potentialAction\":[{\"@type\":\"SearchAction\",\"target\":{\"@type\":\"EntryPoint\",\"urlTemplate\":\"https:\\\/\\\/solardorosario.com.br\\\/galeria\\\/?s={search_term_string}\"},\"query-input\":{\"@type\":\"PropertyValueSpecification\",\"valueRequired\":true,\"valueName\":\"search_term_string\"}}],\"inLanguage\":\"pt-BR\"}]}<\/script>\n<!-- \/ Yoast SEO plugin. -->","yoast_head_json":{"title":"Almandrade - Sem t\u00edtulo - Solar do Ros\u00e1rio Galeria \\\\\\\\Nova","robots":{"index":"index","follow":"follow","max-snippet":"max-snippet:-1","max-image-preview":"max-image-preview:large","max-video-preview":"max-video-preview:-1"},"canonical":"https:\/\/solardorosario.com.br\/galeria\/produto\/almandrade-sem-titulo-9\/","og_locale":"pt_BR","og_type":"article","og_title":"Almandrade - Sem t\u00edtulo - Solar do Ros\u00e1rio Galeria \\\\\\\\Nova","og_description":"Artista: Almandrade T\u00edtulo: Sem t\u00edtulo Dimens\u00e3o: 48x48cm T\u00e9cnica: Serigrafia &nbsp; Ant\u00f4nio Luiz Morais de Andrade, pseud\u00f4nimo \u00e9 Alandrade, nascido em S\u00e3o Felipe, na Bahia, em 1953. \u00c9 artista visual, arquiteto, mestre em desenho urbano, poeta e professor de teoria da arte das oficinas de arte no Museu de Arte Moderna da Bahia (MAM - BA) [&hellip;]","og_url":"https:\/\/solardorosario.com.br\/galeria\/produto\/almandrade-sem-titulo-9\/","og_site_name":"Solar do Ros\u00e1rio Galeria \\\\\\\\Nova","article_modified_time":"2025-11-27T17:01:17+00:00","og_image":[{"width":500,"height":303,"url":"https:\/\/solardorosario.com.br\/galeria\/wp-content\/uploads\/2021\/08\/IMG_9948-e1629306150218.jpeg","type":"image\/jpeg"}],"twitter_card":"summary_large_image","twitter_misc":{"Est. tempo de leitura":"2 minutos"},"schema":{"@context":"https:\/\/schema.org","@graph":[{"@type":"WebPage","@id":"https:\/\/solardorosario.com.br\/galeria\/produto\/almandrade-sem-titulo-9\/","url":"https:\/\/solardorosario.com.br\/galeria\/produto\/almandrade-sem-titulo-9\/","name":"Almandrade - Sem t\u00edtulo - Solar do Ros\u00e1rio Galeria \\\\\\\\Nova","isPartOf":{"@id":"https:\/\/solardorosario.com.br\/galeria\/#website"},"primaryImageOfPage":{"@id":"https:\/\/solardorosario.com.br\/galeria\/produto\/almandrade-sem-titulo-9\/#primaryimage"},"image":{"@id":"https:\/\/solardorosario.com.br\/galeria\/produto\/almandrade-sem-titulo-9\/#primaryimage"},"thumbnailUrl":"https:\/\/solardorosario.com.br\/galeria\/wp-content\/uploads\/2021\/08\/IMG_9948-e1629306150218.jpeg","datePublished":"2021-08-18T17:02:41+00:00","dateModified":"2025-11-27T17:01:17+00:00","breadcrumb":{"@id":"https:\/\/solardorosario.com.br\/galeria\/produto\/almandrade-sem-titulo-9\/#breadcrumb"},"inLanguage":"pt-BR","potentialAction":[{"@type":"ReadAction","target":["https:\/\/solardorosario.com.br\/galeria\/produto\/almandrade-sem-titulo-9\/"]}]},{"@type":"ImageObject","inLanguage":"pt-BR","@id":"https:\/\/solardorosario.com.br\/galeria\/produto\/almandrade-sem-titulo-9\/#primaryimage","url":"https:\/\/solardorosario.com.br\/galeria\/wp-content\/uploads\/2021\/08\/IMG_9948-e1629306150218.jpeg","contentUrl":"https:\/\/solardorosario.com.br\/galeria\/wp-content\/uploads\/2021\/08\/IMG_9948-e1629306150218.jpeg","width":500,"height":303},{"@type":"BreadcrumbList","@id":"https:\/\/solardorosario.com.br\/galeria\/produto\/almandrade-sem-titulo-9\/#breadcrumb","itemListElement":[{"@type":"ListItem","position":1,"name":"In\u00edcio","item":"https:\/\/solardorosario.com.br\/galeria\/"},{"@type":"ListItem","position":2,"name":"galeria","item":"https:\/\/solardorosario.com.br\/galeria\/galeria\/"},{"@type":"ListItem","position":3,"name":"Almandrade - Sem t\u00edtulo"}]},{"@type":"WebSite","@id":"https:\/\/solardorosario.com.br\/galeria\/#website","url":"https:\/\/solardorosario.com.br\/galeria\/","name":"Solar do Ros\u00e1rio Galeria \\\\\\\\Nova","description":"","potentialAction":[{"@type":"SearchAction","target":{"@type":"EntryPoint","urlTemplate":"https:\/\/solardorosario.com.br\/galeria\/?s={search_term_string}"},"query-input":{"@type":"PropertyValueSpecification","valueRequired":true,"valueName":"search_term_string"}}],"inLanguage":"pt-BR"}]}},"_links":{"self":[{"href":"https:\/\/solardorosario.com.br\/galeria\/wp-json\/wp\/v2\/product\/3015","targetHints":{"allow":["GET"]}}],"collection":[{"href":"https:\/\/solardorosario.com.br\/galeria\/wp-json\/wp\/v2\/product"}],"about":[{"href":"https:\/\/solardorosario.com.br\/galeria\/wp-json\/wp\/v2\/types\/product"}],"wp:featuredmedia":[{"embeddable":true,"href":"https:\/\/solardorosario.com.br\/galeria\/wp-json\/wp\/v2\/media\/3017"}],"wp:attachment":[{"href":"https:\/\/solardorosario.com.br\/galeria\/wp-json\/wp\/v2\/media?parent=3015"}],"wp:term":[{"taxonomy":"product_brand","embeddable":true,"href":"https:\/\/solardorosario.com.br\/galeria\/wp-json\/wp\/v2\/product_brand?post=3015"},{"taxonomy":"product_cat","embeddable":true,"href":"https:\/\/solardorosario.com.br\/galeria\/wp-json\/wp\/v2\/product_cat?post=3015"},{"taxonomy":"product_tag","embeddable":true,"href":"https:\/\/solardorosario.com.br\/galeria\/wp-json\/wp\/v2\/product_tag?post=3015"}],"curies":[{"name":"wp","href":"https:\/\/api.w.org\/{rel}","templated":true}]}}