{"id":2985,"date":"2021-08-04T10:49:51","date_gmt":"2021-08-04T13:49:51","guid":{"rendered":"https:\/\/solardorosario.com.br\/galeria\/?post_type=product&#038;p=2985"},"modified":"2026-03-13T10:52:11","modified_gmt":"2026-03-13T13:52:11","slug":"liane-briand-galinhas-2","status":"publish","type":"product","link":"https:\/\/solardorosario.com.br\/galeria\/produto\/liane-briand-galinhas-2\/","title":{"rendered":"Liane Briand - Galinhas (2)"},"content":{"rendered":"<p><strong>Artista:<\/strong> Liane Briand<\/p>\n<p><strong>T\u00edtulo:<\/strong> Galinhas (2)<\/p>\n<p><strong>Dimens\u00e3o:<\/strong> 17x24cm (sem moldura)<\/p>\n<p><strong>T\u00e9cnica:<\/strong> Aquarela<\/p>\n<p>&nbsp;<\/p>\n<p>Nascida em Curitiba, erradicada em Paris, Fran\u00e7a. Participou do II Sal\u00e3o de Artes Pl\u00e1sticas, do Circulo Militar do Paran\u00e1, em Curitiba, em 1984. Em 1987, participou do XX Sal\u00e3o de Belas Artes da Primavera, no Clube Conc\u00f3rdia, tamb\u00e9m em Curitiba. A Partir de 1998, exp\u00f4s na Fran\u00e7a, em v\u00e1rios sal\u00f5es, em mostras coletivas, como no Salon Thonson Bagneux, Salon des artistes independentes, Salon Thonson Bagneux e Salon nature et animaux.<\/p>\n","protected":false},"excerpt":{"rendered":"<p>Artista: Liane Briand T\u00edtulo: Galinhas (2) Dimens\u00e3o: 17x24cm (sem moldura) T\u00e9cnica: Aquarela &nbsp; Nascida em Curitiba, erradicada em Paris, Fran\u00e7a. Participou do II Sal\u00e3o de Artes Pl\u00e1sticas, do Circulo Militar do Paran\u00e1, em Curitiba, em 1984. Em 1987, participou do XX Sal\u00e3o de Belas Artes da Primavera, no Clube Conc\u00f3rdia, tamb\u00e9m em Curitiba. A Partir [&hellip;]<\/p>\n","protected":false},"featured_media":6958,"template":"","meta":[],"product_brand":[],"product_cat":[117],"product_tag":[],"class_list":{"0":"post-2985","1":"product","2":"type-product","3":"status-publish","4":"has-post-thumbnail","6":"product_cat-galeria","7":"pa_artista-liane-briand","8":"pa_estilo-figurativo","9":"pa_tecnica-aquarela","11":"first","12":"instock","13":"shipping-taxable","14":"purchasable","15":"product-type-simple"},"yoast_head":"<!-- This site is optimized with the Yoast SEO plugin v27.4 - https:\/\/yoast.com\/product\/yoast-seo-wordpress\/ -->\n<title>Liane Briand - Galinhas (2) - Solar do Ros\u00e1rio Galeria \\\\\\\\Nova<\/title>\n<meta name=\"robots\" content=\"index, follow, max-snippet:-1, max-image-preview:large, max-video-preview:-1\" \/>\n<link rel=\"canonical\" href=\"https:\/\/solardorosario.com.br\/galeria\/produto\/liane-briand-galinhas-2\/\" \/>\n<meta property=\"og:locale\" content=\"pt_BR\" \/>\n<meta property=\"og:type\" content=\"article\" \/>\n<meta property=\"og:title\" content=\"Liane Briand - Galinhas (2) - Solar do Ros\u00e1rio Galeria \\\\\\\\Nova\" \/>\n<meta property=\"og:description\" content=\"Artista: Liane Briand T\u00edtulo: Galinhas (2) Dimens\u00e3o: 17x24cm (sem moldura) T\u00e9cnica: Aquarela &nbsp; Nascida em Curitiba, erradicada em Paris, Fran\u00e7a. Participou do II Sal\u00e3o de Artes Pl\u00e1sticas, do Circulo Militar do Paran\u00e1, em Curitiba, em 1984. Em 1987, participou do XX Sal\u00e3o de Belas Artes da Primavera, no Clube Conc\u00f3rdia, tamb\u00e9m em Curitiba. A Partir [&hellip;]\" \/>\n<meta property=\"og:url\" content=\"https:\/\/solardorosario.com.br\/galeria\/produto\/liane-briand-galinhas-2\/\" \/>\n<meta property=\"og:site_name\" content=\"Solar do Ros\u00e1rio Galeria \\\\\\\\Nova\" \/>\n<meta property=\"article:modified_time\" content=\"2026-03-13T13:52:11+00:00\" \/>\n<meta property=\"og:image\" content=\"https:\/\/solardorosario.com.br\/galeria\/wp-content\/uploads\/2021\/08\/WhatsApp-Image-2026-03-13-at-10.40.47.jpeg\" \/>\n\t<meta property=\"og:image:width\" content=\"1280\" \/>\n\t<meta property=\"og:image:height\" content=\"991\" \/>\n\t<meta property=\"og:image:type\" content=\"image\/jpeg\" \/>\n<meta name=\"twitter:card\" content=\"summary_large_image\" \/>\n<meta name=\"twitter:label1\" content=\"Est. tempo de leitura\" \/>\n\t<meta name=\"twitter:data1\" content=\"1 minuto\" \/>\n<script type=\"application\/ld+json\" class=\"yoast-schema-graph\">{\"@context\":\"https:\\\/\\\/schema.org\",\"@graph\":[{\"@type\":\"WebPage\",\"@id\":\"https:\\\/\\\/solardorosario.com.br\\\/galeria\\\/produto\\\/liane-briand-galinhas-2\\\/\",\"url\":\"https:\\\/\\\/solardorosario.com.br\\\/galeria\\\/produto\\\/liane-briand-galinhas-2\\\/\",\"name\":\"Liane Briand - Galinhas (2) - Solar do Ros\u00e1rio Galeria \\\\\\\\\\\\\\\\Nova\",\"isPartOf\":{\"@id\":\"https:\\\/\\\/solardorosario.com.br\\\/galeria\\\/#website\"},\"primaryImageOfPage\":{\"@id\":\"https:\\\/\\\/solardorosario.com.br\\\/galeria\\\/produto\\\/liane-briand-galinhas-2\\\/#primaryimage\"},\"image\":{\"@id\":\"https:\\\/\\\/solardorosario.com.br\\\/galeria\\\/produto\\\/liane-briand-galinhas-2\\\/#primaryimage\"},\"thumbnailUrl\":\"https:\\\/\\\/solardorosario.com.br\\\/galeria\\\/wp-content\\\/uploads\\\/2021\\\/08\\\/WhatsApp-Image-2026-03-13-at-10.40.47.jpeg\",\"datePublished\":\"2021-08-04T13:49:51+00:00\",\"dateModified\":\"2026-03-13T13:52:11+00:00\",\"breadcrumb\":{\"@id\":\"https:\\\/\\\/solardorosario.com.br\\\/galeria\\\/produto\\\/liane-briand-galinhas-2\\\/#breadcrumb\"},\"inLanguage\":\"pt-BR\",\"potentialAction\":[{\"@type\":\"ReadAction\",\"target\":[\"https:\\\/\\\/solardorosario.com.br\\\/galeria\\\/produto\\\/liane-briand-galinhas-2\\\/\"]}]},{\"@type\":\"ImageObject\",\"inLanguage\":\"pt-BR\",\"@id\":\"https:\\\/\\\/solardorosario.com.br\\\/galeria\\\/produto\\\/liane-briand-galinhas-2\\\/#primaryimage\",\"url\":\"https:\\\/\\\/solardorosario.com.br\\\/galeria\\\/wp-content\\\/uploads\\\/2021\\\/08\\\/WhatsApp-Image-2026-03-13-at-10.40.47.jpeg\",\"contentUrl\":\"https:\\\/\\\/solardorosario.com.br\\\/galeria\\\/wp-content\\\/uploads\\\/2021\\\/08\\\/WhatsApp-Image-2026-03-13-at-10.40.47.jpeg\",\"width\":1280,\"height\":991},{\"@type\":\"BreadcrumbList\",\"@id\":\"https:\\\/\\\/solardorosario.com.br\\\/galeria\\\/produto\\\/liane-briand-galinhas-2\\\/#breadcrumb\",\"itemListElement\":[{\"@type\":\"ListItem\",\"position\":1,\"name\":\"In\u00edcio\",\"item\":\"https:\\\/\\\/solardorosario.com.br\\\/galeria\\\/\"},{\"@type\":\"ListItem\",\"position\":2,\"name\":\"galeria\",\"item\":\"https:\\\/\\\/solardorosario.com.br\\\/galeria\\\/galeria\\\/\"},{\"@type\":\"ListItem\",\"position\":3,\"name\":\"Liane Briand - Galinhas (2)\"}]},{\"@type\":\"WebSite\",\"@id\":\"https:\\\/\\\/solardorosario.com.br\\\/galeria\\\/#website\",\"url\":\"https:\\\/\\\/solardorosario.com.br\\\/galeria\\\/\",\"name\":\"Solar do Ros\u00e1rio Galeria \\\\\\\\\\\\\\\\Nova\",\"description\":\"\",\"potentialAction\":[{\"@type\":\"SearchAction\",\"target\":{\"@type\":\"EntryPoint\",\"urlTemplate\":\"https:\\\/\\\/solardorosario.com.br\\\/galeria\\\/?s={search_term_string}\"},\"query-input\":{\"@type\":\"PropertyValueSpecification\",\"valueRequired\":true,\"valueName\":\"search_term_string\"}}],\"inLanguage\":\"pt-BR\"}]}<\/script>\n<!-- \/ Yoast SEO plugin. -->","yoast_head_json":{"title":"Liane Briand - Galinhas (2) - Solar do Ros\u00e1rio Galeria \\\\\\\\Nova","robots":{"index":"index","follow":"follow","max-snippet":"max-snippet:-1","max-image-preview":"max-image-preview:large","max-video-preview":"max-video-preview:-1"},"canonical":"https:\/\/solardorosario.com.br\/galeria\/produto\/liane-briand-galinhas-2\/","og_locale":"pt_BR","og_type":"article","og_title":"Liane Briand - Galinhas (2) - Solar do Ros\u00e1rio Galeria \\\\\\\\Nova","og_description":"Artista: Liane Briand T\u00edtulo: Galinhas (2) Dimens\u00e3o: 17x24cm (sem moldura) T\u00e9cnica: Aquarela &nbsp; Nascida em Curitiba, erradicada em Paris, Fran\u00e7a. Participou do II Sal\u00e3o de Artes Pl\u00e1sticas, do Circulo Militar do Paran\u00e1, em Curitiba, em 1984. Em 1987, participou do XX Sal\u00e3o de Belas Artes da Primavera, no Clube Conc\u00f3rdia, tamb\u00e9m em Curitiba. A Partir [&hellip;]","og_url":"https:\/\/solardorosario.com.br\/galeria\/produto\/liane-briand-galinhas-2\/","og_site_name":"Solar do Ros\u00e1rio Galeria \\\\\\\\Nova","article_modified_time":"2026-03-13T13:52:11+00:00","og_image":[{"width":1280,"height":991,"url":"https:\/\/solardorosario.com.br\/galeria\/wp-content\/uploads\/2021\/08\/WhatsApp-Image-2026-03-13-at-10.40.47.jpeg","type":"image\/jpeg"}],"twitter_card":"summary_large_image","twitter_misc":{"Est. tempo de leitura":"1 minuto"},"schema":{"@context":"https:\/\/schema.org","@graph":[{"@type":"WebPage","@id":"https:\/\/solardorosario.com.br\/galeria\/produto\/liane-briand-galinhas-2\/","url":"https:\/\/solardorosario.com.br\/galeria\/produto\/liane-briand-galinhas-2\/","name":"Liane Briand - Galinhas (2) - Solar do Ros\u00e1rio Galeria \\\\\\\\Nova","isPartOf":{"@id":"https:\/\/solardorosario.com.br\/galeria\/#website"},"primaryImageOfPage":{"@id":"https:\/\/solardorosario.com.br\/galeria\/produto\/liane-briand-galinhas-2\/#primaryimage"},"image":{"@id":"https:\/\/solardorosario.com.br\/galeria\/produto\/liane-briand-galinhas-2\/#primaryimage"},"thumbnailUrl":"https:\/\/solardorosario.com.br\/galeria\/wp-content\/uploads\/2021\/08\/WhatsApp-Image-2026-03-13-at-10.40.47.jpeg","datePublished":"2021-08-04T13:49:51+00:00","dateModified":"2026-03-13T13:52:11+00:00","breadcrumb":{"@id":"https:\/\/solardorosario.com.br\/galeria\/produto\/liane-briand-galinhas-2\/#breadcrumb"},"inLanguage":"pt-BR","potentialAction":[{"@type":"ReadAction","target":["https:\/\/solardorosario.com.br\/galeria\/produto\/liane-briand-galinhas-2\/"]}]},{"@type":"ImageObject","inLanguage":"pt-BR","@id":"https:\/\/solardorosario.com.br\/galeria\/produto\/liane-briand-galinhas-2\/#primaryimage","url":"https:\/\/solardorosario.com.br\/galeria\/wp-content\/uploads\/2021\/08\/WhatsApp-Image-2026-03-13-at-10.40.47.jpeg","contentUrl":"https:\/\/solardorosario.com.br\/galeria\/wp-content\/uploads\/2021\/08\/WhatsApp-Image-2026-03-13-at-10.40.47.jpeg","width":1280,"height":991},{"@type":"BreadcrumbList","@id":"https:\/\/solardorosario.com.br\/galeria\/produto\/liane-briand-galinhas-2\/#breadcrumb","itemListElement":[{"@type":"ListItem","position":1,"name":"In\u00edcio","item":"https:\/\/solardorosario.com.br\/galeria\/"},{"@type":"ListItem","position":2,"name":"galeria","item":"https:\/\/solardorosario.com.br\/galeria\/galeria\/"},{"@type":"ListItem","position":3,"name":"Liane Briand - Galinhas (2)"}]},{"@type":"WebSite","@id":"https:\/\/solardorosario.com.br\/galeria\/#website","url":"https:\/\/solardorosario.com.br\/galeria\/","name":"Solar do Ros\u00e1rio Galeria \\\\\\\\Nova","description":"","potentialAction":[{"@type":"SearchAction","target":{"@type":"EntryPoint","urlTemplate":"https:\/\/solardorosario.com.br\/galeria\/?s={search_term_string}"},"query-input":{"@type":"PropertyValueSpecification","valueRequired":true,"valueName":"search_term_string"}}],"inLanguage":"pt-BR"}]}},"_links":{"self":[{"href":"https:\/\/solardorosario.com.br\/galeria\/wp-json\/wp\/v2\/product\/2985","targetHints":{"allow":["GET"]}}],"collection":[{"href":"https:\/\/solardorosario.com.br\/galeria\/wp-json\/wp\/v2\/product"}],"about":[{"href":"https:\/\/solardorosario.com.br\/galeria\/wp-json\/wp\/v2\/types\/product"}],"wp:featuredmedia":[{"embeddable":true,"href":"https:\/\/solardorosario.com.br\/galeria\/wp-json\/wp\/v2\/media\/6958"}],"wp:attachment":[{"href":"https:\/\/solardorosario.com.br\/galeria\/wp-json\/wp\/v2\/media?parent=2985"}],"wp:term":[{"taxonomy":"product_brand","embeddable":true,"href":"https:\/\/solardorosario.com.br\/galeria\/wp-json\/wp\/v2\/product_brand?post=2985"},{"taxonomy":"product_cat","embeddable":true,"href":"https:\/\/solardorosario.com.br\/galeria\/wp-json\/wp\/v2\/product_cat?post=2985"},{"taxonomy":"product_tag","embeddable":true,"href":"https:\/\/solardorosario.com.br\/galeria\/wp-json\/wp\/v2\/product_tag?post=2985"}],"curies":[{"name":"wp","href":"https:\/\/api.w.org\/{rel}","templated":true}]}}