{"id":2970,"date":"2021-07-30T14:04:21","date_gmt":"2021-07-30T17:04:21","guid":{"rendered":"https:\/\/solardorosario.com.br\/galeria\/?post_type=product&#038;p=2970"},"modified":"2026-03-23T13:38:24","modified_gmt":"2026-03-23T16:38:24","slug":"di-bella-justica","status":"publish","type":"product","link":"https:\/\/solardorosario.com.br\/galeria\/produto\/di-bella-justica\/","title":{"rendered":"Di Bella - Justi\u00e7a"},"content":{"rendered":"<p><strong>Artista:<\/strong> Di Bella<\/p>\n<p><strong>T\u00edtulo:<\/strong> Justi\u00e7a<\/p>\n<p><strong>Dimens\u00e3o:<\/strong> 30x10cm<\/p>\n<p><strong>T\u00e9cnica:\u00a0<\/strong> Escultura em m\u00e1rmore e bronze<\/p>\n<p>&nbsp;<\/p>\n<p>&nbsp;<\/p>\n<p>Maria In\u00e9s di Bella nasceu em Buenos Aires, Argentina, em 1947. \u00c9 escultora, desenhista e gravadora. Aos 17 anos, inicia sua carreira como artista autodidata, realizando suas primeiras esculturas com arame e murais abstratos com tecidos. Em 1973, se muda para o Brasil e trabalha como artes\u00e3 e gravadora, no Rio de Janeiro. Em 1978, se muda com seu marido, Alfi Vivern, para Curitiba - PR, onde montam seu primeiro ateli\u00ea. Teve aulas de gravura e litografia na Casa da Gravura com os artistas Uiara Bartira e Orlando da Silva. Na d\u00e9cada de 80, come\u00e7a a trabalhar com modelagens de bustos em argila e fundidos em bronze, com base de m\u00e1rmore Carrara. Realizou monumentos como \"Nossa Senhora de Luz dos Pinhais\" (1993), \"V\u00eanus Curitibana\" (1994), \"Le\u00e3o da Justi\u00e7a alado\" (1996) e o rosto de \"Lala Schneider\" (2012) em frente ao Teatro Gua\u00edra.<\/p>\n","protected":false},"excerpt":{"rendered":"<p>Artista: Di Bella T\u00edtulo: Justi\u00e7a Dimens\u00e3o: 30x10cm T\u00e9cnica:\u00a0 Escultura em m\u00e1rmore e bronze &nbsp; &nbsp; Maria In\u00e9s di Bella nasceu em Buenos Aires, Argentina, em 1947. \u00c9 escultora, desenhista e gravadora. Aos 17 anos, inicia sua carreira como artista autodidata, realizando suas primeiras esculturas com arame e murais abstratos com tecidos. Em 1973, se muda [&hellip;]<\/p>\n","protected":false},"featured_media":2972,"template":"","meta":[],"product_brand":[],"product_cat":[117],"product_tag":[],"class_list":{"0":"post-2970","1":"product","2":"type-product","3":"status-publish","4":"has-post-thumbnail","6":"product_cat-galeria","7":"pa_artista-di-bella","8":"pa_estilo-figurativo","9":"pa_tecnica-escultura","11":"first","12":"instock","13":"shipping-taxable","14":"purchasable","15":"product-type-simple"},"yoast_head":"<!-- This site is optimized with the Yoast SEO plugin v27.4 - https:\/\/yoast.com\/product\/yoast-seo-wordpress\/ -->\n<title>Di Bella - Justi\u00e7a - Solar do Ros\u00e1rio Galeria \\\\\\\\Nova<\/title>\n<meta name=\"robots\" content=\"index, follow, max-snippet:-1, max-image-preview:large, max-video-preview:-1\" \/>\n<link rel=\"canonical\" href=\"https:\/\/solardorosario.com.br\/galeria\/produto\/di-bella-justica\/\" \/>\n<meta property=\"og:locale\" content=\"pt_BR\" \/>\n<meta property=\"og:type\" content=\"article\" \/>\n<meta property=\"og:title\" content=\"Di Bella - Justi\u00e7a - Solar do Ros\u00e1rio Galeria \\\\\\\\Nova\" \/>\n<meta property=\"og:description\" content=\"Artista: Di Bella T\u00edtulo: Justi\u00e7a Dimens\u00e3o: 30x10cm T\u00e9cnica:\u00a0 Escultura em m\u00e1rmore e bronze &nbsp; &nbsp; Maria In\u00e9s di Bella nasceu em Buenos Aires, Argentina, em 1947. \u00c9 escultora, desenhista e gravadora. Aos 17 anos, inicia sua carreira como artista autodidata, realizando suas primeiras esculturas com arame e murais abstratos com tecidos. Em 1973, se muda [&hellip;]\" \/>\n<meta property=\"og:url\" content=\"https:\/\/solardorosario.com.br\/galeria\/produto\/di-bella-justica\/\" \/>\n<meta property=\"og:site_name\" content=\"Solar do Ros\u00e1rio Galeria \\\\\\\\Nova\" \/>\n<meta property=\"article:modified_time\" content=\"2026-03-23T16:38:24+00:00\" \/>\n<meta property=\"og:image\" content=\"https:\/\/solardorosario.com.br\/galeria\/wp-content\/uploads\/2021\/07\/IMG_9471-removebg-preview-e1627664783670.png\" \/>\n\t<meta property=\"og:image:width\" content=\"200\" \/>\n\t<meta property=\"og:image:height\" content=\"235\" \/>\n\t<meta property=\"og:image:type\" content=\"image\/png\" \/>\n<meta name=\"twitter:card\" content=\"summary_large_image\" \/>\n<meta name=\"twitter:label1\" content=\"Est. tempo de leitura\" \/>\n\t<meta name=\"twitter:data1\" content=\"2 minutos\" \/>\n<script type=\"application\/ld+json\" class=\"yoast-schema-graph\">{\"@context\":\"https:\\\/\\\/schema.org\",\"@graph\":[{\"@type\":\"WebPage\",\"@id\":\"https:\\\/\\\/solardorosario.com.br\\\/galeria\\\/produto\\\/di-bella-justica\\\/\",\"url\":\"https:\\\/\\\/solardorosario.com.br\\\/galeria\\\/produto\\\/di-bella-justica\\\/\",\"name\":\"Di Bella - Justi\u00e7a - Solar do Ros\u00e1rio Galeria \\\\\\\\\\\\\\\\Nova\",\"isPartOf\":{\"@id\":\"https:\\\/\\\/solardorosario.com.br\\\/galeria\\\/#website\"},\"primaryImageOfPage\":{\"@id\":\"https:\\\/\\\/solardorosario.com.br\\\/galeria\\\/produto\\\/di-bella-justica\\\/#primaryimage\"},\"image\":{\"@id\":\"https:\\\/\\\/solardorosario.com.br\\\/galeria\\\/produto\\\/di-bella-justica\\\/#primaryimage\"},\"thumbnailUrl\":\"https:\\\/\\\/solardorosario.com.br\\\/galeria\\\/wp-content\\\/uploads\\\/2021\\\/07\\\/IMG_9471-removebg-preview-e1627664783670.png\",\"datePublished\":\"2021-07-30T17:04:21+00:00\",\"dateModified\":\"2026-03-23T16:38:24+00:00\",\"breadcrumb\":{\"@id\":\"https:\\\/\\\/solardorosario.com.br\\\/galeria\\\/produto\\\/di-bella-justica\\\/#breadcrumb\"},\"inLanguage\":\"pt-BR\",\"potentialAction\":[{\"@type\":\"ReadAction\",\"target\":[\"https:\\\/\\\/solardorosario.com.br\\\/galeria\\\/produto\\\/di-bella-justica\\\/\"]}]},{\"@type\":\"ImageObject\",\"inLanguage\":\"pt-BR\",\"@id\":\"https:\\\/\\\/solardorosario.com.br\\\/galeria\\\/produto\\\/di-bella-justica\\\/#primaryimage\",\"url\":\"https:\\\/\\\/solardorosario.com.br\\\/galeria\\\/wp-content\\\/uploads\\\/2021\\\/07\\\/IMG_9471-removebg-preview-e1627664783670.png\",\"contentUrl\":\"https:\\\/\\\/solardorosario.com.br\\\/galeria\\\/wp-content\\\/uploads\\\/2021\\\/07\\\/IMG_9471-removebg-preview-e1627664783670.png\",\"width\":200,\"height\":235},{\"@type\":\"BreadcrumbList\",\"@id\":\"https:\\\/\\\/solardorosario.com.br\\\/galeria\\\/produto\\\/di-bella-justica\\\/#breadcrumb\",\"itemListElement\":[{\"@type\":\"ListItem\",\"position\":1,\"name\":\"In\u00edcio\",\"item\":\"https:\\\/\\\/solardorosario.com.br\\\/galeria\\\/\"},{\"@type\":\"ListItem\",\"position\":2,\"name\":\"galeria\",\"item\":\"https:\\\/\\\/solardorosario.com.br\\\/galeria\\\/galeria\\\/\"},{\"@type\":\"ListItem\",\"position\":3,\"name\":\"Di Bella - Justi\u00e7a\"}]},{\"@type\":\"WebSite\",\"@id\":\"https:\\\/\\\/solardorosario.com.br\\\/galeria\\\/#website\",\"url\":\"https:\\\/\\\/solardorosario.com.br\\\/galeria\\\/\",\"name\":\"Solar do Ros\u00e1rio Galeria \\\\\\\\\\\\\\\\Nova\",\"description\":\"\",\"potentialAction\":[{\"@type\":\"SearchAction\",\"target\":{\"@type\":\"EntryPoint\",\"urlTemplate\":\"https:\\\/\\\/solardorosario.com.br\\\/galeria\\\/?s={search_term_string}\"},\"query-input\":{\"@type\":\"PropertyValueSpecification\",\"valueRequired\":true,\"valueName\":\"search_term_string\"}}],\"inLanguage\":\"pt-BR\"}]}<\/script>\n<!-- \/ Yoast SEO plugin. -->","yoast_head_json":{"title":"Di Bella - Justi\u00e7a - Solar do Ros\u00e1rio Galeria \\\\\\\\Nova","robots":{"index":"index","follow":"follow","max-snippet":"max-snippet:-1","max-image-preview":"max-image-preview:large","max-video-preview":"max-video-preview:-1"},"canonical":"https:\/\/solardorosario.com.br\/galeria\/produto\/di-bella-justica\/","og_locale":"pt_BR","og_type":"article","og_title":"Di Bella - Justi\u00e7a - Solar do Ros\u00e1rio Galeria \\\\\\\\Nova","og_description":"Artista: Di Bella T\u00edtulo: Justi\u00e7a Dimens\u00e3o: 30x10cm T\u00e9cnica:\u00a0 Escultura em m\u00e1rmore e bronze &nbsp; &nbsp; Maria In\u00e9s di Bella nasceu em Buenos Aires, Argentina, em 1947. \u00c9 escultora, desenhista e gravadora. Aos 17 anos, inicia sua carreira como artista autodidata, realizando suas primeiras esculturas com arame e murais abstratos com tecidos. Em 1973, se muda [&hellip;]","og_url":"https:\/\/solardorosario.com.br\/galeria\/produto\/di-bella-justica\/","og_site_name":"Solar do Ros\u00e1rio Galeria \\\\\\\\Nova","article_modified_time":"2026-03-23T16:38:24+00:00","og_image":[{"width":200,"height":235,"url":"https:\/\/solardorosario.com.br\/galeria\/wp-content\/uploads\/2021\/07\/IMG_9471-removebg-preview-e1627664783670.png","type":"image\/png"}],"twitter_card":"summary_large_image","twitter_misc":{"Est. tempo de leitura":"2 minutos"},"schema":{"@context":"https:\/\/schema.org","@graph":[{"@type":"WebPage","@id":"https:\/\/solardorosario.com.br\/galeria\/produto\/di-bella-justica\/","url":"https:\/\/solardorosario.com.br\/galeria\/produto\/di-bella-justica\/","name":"Di Bella - Justi\u00e7a - Solar do Ros\u00e1rio Galeria \\\\\\\\Nova","isPartOf":{"@id":"https:\/\/solardorosario.com.br\/galeria\/#website"},"primaryImageOfPage":{"@id":"https:\/\/solardorosario.com.br\/galeria\/produto\/di-bella-justica\/#primaryimage"},"image":{"@id":"https:\/\/solardorosario.com.br\/galeria\/produto\/di-bella-justica\/#primaryimage"},"thumbnailUrl":"https:\/\/solardorosario.com.br\/galeria\/wp-content\/uploads\/2021\/07\/IMG_9471-removebg-preview-e1627664783670.png","datePublished":"2021-07-30T17:04:21+00:00","dateModified":"2026-03-23T16:38:24+00:00","breadcrumb":{"@id":"https:\/\/solardorosario.com.br\/galeria\/produto\/di-bella-justica\/#breadcrumb"},"inLanguage":"pt-BR","potentialAction":[{"@type":"ReadAction","target":["https:\/\/solardorosario.com.br\/galeria\/produto\/di-bella-justica\/"]}]},{"@type":"ImageObject","inLanguage":"pt-BR","@id":"https:\/\/solardorosario.com.br\/galeria\/produto\/di-bella-justica\/#primaryimage","url":"https:\/\/solardorosario.com.br\/galeria\/wp-content\/uploads\/2021\/07\/IMG_9471-removebg-preview-e1627664783670.png","contentUrl":"https:\/\/solardorosario.com.br\/galeria\/wp-content\/uploads\/2021\/07\/IMG_9471-removebg-preview-e1627664783670.png","width":200,"height":235},{"@type":"BreadcrumbList","@id":"https:\/\/solardorosario.com.br\/galeria\/produto\/di-bella-justica\/#breadcrumb","itemListElement":[{"@type":"ListItem","position":1,"name":"In\u00edcio","item":"https:\/\/solardorosario.com.br\/galeria\/"},{"@type":"ListItem","position":2,"name":"galeria","item":"https:\/\/solardorosario.com.br\/galeria\/galeria\/"},{"@type":"ListItem","position":3,"name":"Di Bella - Justi\u00e7a"}]},{"@type":"WebSite","@id":"https:\/\/solardorosario.com.br\/galeria\/#website","url":"https:\/\/solardorosario.com.br\/galeria\/","name":"Solar do Ros\u00e1rio Galeria \\\\\\\\Nova","description":"","potentialAction":[{"@type":"SearchAction","target":{"@type":"EntryPoint","urlTemplate":"https:\/\/solardorosario.com.br\/galeria\/?s={search_term_string}"},"query-input":{"@type":"PropertyValueSpecification","valueRequired":true,"valueName":"search_term_string"}}],"inLanguage":"pt-BR"}]}},"_links":{"self":[{"href":"https:\/\/solardorosario.com.br\/galeria\/wp-json\/wp\/v2\/product\/2970","targetHints":{"allow":["GET"]}}],"collection":[{"href":"https:\/\/solardorosario.com.br\/galeria\/wp-json\/wp\/v2\/product"}],"about":[{"href":"https:\/\/solardorosario.com.br\/galeria\/wp-json\/wp\/v2\/types\/product"}],"wp:featuredmedia":[{"embeddable":true,"href":"https:\/\/solardorosario.com.br\/galeria\/wp-json\/wp\/v2\/media\/2972"}],"wp:attachment":[{"href":"https:\/\/solardorosario.com.br\/galeria\/wp-json\/wp\/v2\/media?parent=2970"}],"wp:term":[{"taxonomy":"product_brand","embeddable":true,"href":"https:\/\/solardorosario.com.br\/galeria\/wp-json\/wp\/v2\/product_brand?post=2970"},{"taxonomy":"product_cat","embeddable":true,"href":"https:\/\/solardorosario.com.br\/galeria\/wp-json\/wp\/v2\/product_cat?post=2970"},{"taxonomy":"product_tag","embeddable":true,"href":"https:\/\/solardorosario.com.br\/galeria\/wp-json\/wp\/v2\/product_tag?post=2970"}],"curies":[{"name":"wp","href":"https:\/\/api.w.org\/{rel}","templated":true}]}}