{"id":2927,"date":"2021-07-27T14:58:02","date_gmt":"2021-07-27T17:58:02","guid":{"rendered":"https:\/\/solardorosario.com.br\/galeria\/?post_type=product&#038;p=2927"},"modified":"2026-04-07T15:44:02","modified_gmt":"2026-04-07T18:44:02","slug":"marcia-szeliga-a-lenda-da-cobra-verde","status":"publish","type":"product","link":"https:\/\/solardorosario.com.br\/galeria\/produto\/marcia-szeliga-a-lenda-da-cobra-verde\/","title":{"rendered":"Marcia Szeliga - A Lenda da Cobra Verde"},"content":{"rendered":"<p><strong>Artista:<\/strong> Marcia Szeliga<\/p>\n<p><strong>T\u00edtulo:<\/strong> A Lenda da Cobra Verde<\/p>\n<p><strong>Dimens\u00e3o:<\/strong> 35x25cm<\/p>\n<p><strong>T\u00e9cnica:<\/strong> Gravura (sem moldura)<\/p>\n<p>&nbsp;<\/p>\n<p>&nbsp;<\/p>\n<p>M\u00e1rcia Sz\u00e9liga nasceu em Ponta Grossa - Paran\u00e1, em 1963, mas se mudou para Curitiba em 1978, onde mora at\u00e9 hoje. \u00c9 escritora, ilustradora e artista visual. Iniciou os estudos no curso de Pintura na Escola de M\u00fasica e Belas Artes do Paran\u00e1, em 1981, e j\u00e1 fazia parte de mostras e exposi\u00e7\u00f5es coletivas. No ano seguinte, fez sua primeira exposi\u00e7\u00e3o individual, no Centro Cultural Brasil-Estados Unidos, em Curitiba. Em 1989, viajou para a Amaz\u00f4nia e conviveu pelo per\u00edodo de 3 meses com os \u00edndios Kanamari, da bacia de Juru\u00e1. Ap\u00f3s isso, foi contemplada com a bolsa de estudos do Governo polon\u00eas, para uma especializa\u00e7\u00e3o em Desenho na Academia de Belas Artes de Crac\u00f3via, e nesse per\u00edodo, al\u00e9m da especializa\u00e7\u00e3o, estudou a l\u00edngua polonesa. Em 1992, estagiou no Mus\u00e9e de l'Homme, em Paris e desenhou uma cole\u00e7\u00e3o de pe\u00e7as ind\u00edgenas brasileiras. Depois disso, lan\u00e7ou quatro livros de literatura infanto-juvenil. Participou de exposi\u00e7\u00f5es individuais, sal\u00f5es e mostras coletivas em diversos locais em Curitiba, Ponta Grossa, Foz do Igua\u00e7u e em Santos.<\/p>\n","protected":false},"excerpt":{"rendered":"<p>Artista: Marcia Szeliga T\u00edtulo: A Lenda da Cobra Verde Dimens\u00e3o: 35x25cm T\u00e9cnica: Gravura (sem moldura) &nbsp; &nbsp; M\u00e1rcia Sz\u00e9liga nasceu em Ponta Grossa - Paran\u00e1, em 1963, mas se mudou para Curitiba em 1978, onde mora at\u00e9 hoje. \u00c9 escritora, ilustradora e artista visual. Iniciou os estudos no curso de Pintura na Escola de M\u00fasica [&hellip;]<\/p>\n","protected":false},"featured_media":2928,"template":"","meta":[],"product_brand":[],"product_cat":[117],"product_tag":[],"class_list":{"0":"post-2927","1":"product","2":"type-product","3":"status-publish","4":"has-post-thumbnail","6":"product_cat-galeria","7":"pa_artista-marcia-szeliga","8":"pa_estilo-figurativo","9":"pa_tecnica-gravura","11":"first","12":"instock","13":"shipping-taxable","14":"purchasable","15":"product-type-simple"},"yoast_head":"<!-- This site is optimized with the Yoast SEO plugin v27.4 - https:\/\/yoast.com\/product\/yoast-seo-wordpress\/ -->\n<title>Marcia Szeliga - A Lenda da Cobra Verde - Solar do Ros\u00e1rio Galeria \\\\\\\\Nova<\/title>\n<meta name=\"robots\" content=\"index, follow, max-snippet:-1, max-image-preview:large, max-video-preview:-1\" \/>\n<link rel=\"canonical\" href=\"https:\/\/solardorosario.com.br\/galeria\/produto\/marcia-szeliga-a-lenda-da-cobra-verde\/\" \/>\n<meta property=\"og:locale\" content=\"pt_BR\" \/>\n<meta property=\"og:type\" content=\"article\" \/>\n<meta property=\"og:title\" content=\"Marcia Szeliga - A Lenda da Cobra Verde - Solar do Ros\u00e1rio Galeria \\\\\\\\Nova\" \/>\n<meta property=\"og:description\" content=\"Artista: Marcia Szeliga T\u00edtulo: A Lenda da Cobra Verde Dimens\u00e3o: 35x25cm T\u00e9cnica: Gravura (sem moldura) &nbsp; &nbsp; M\u00e1rcia Sz\u00e9liga nasceu em Ponta Grossa - Paran\u00e1, em 1963, mas se mudou para Curitiba em 1978, onde mora at\u00e9 hoje. \u00c9 escritora, ilustradora e artista visual. Iniciou os estudos no curso de Pintura na Escola de M\u00fasica [&hellip;]\" \/>\n<meta property=\"og:url\" content=\"https:\/\/solardorosario.com.br\/galeria\/produto\/marcia-szeliga-a-lenda-da-cobra-verde\/\" \/>\n<meta property=\"og:site_name\" content=\"Solar do Ros\u00e1rio Galeria \\\\\\\\Nova\" \/>\n<meta property=\"article:modified_time\" content=\"2026-04-07T18:44:02+00:00\" \/>\n<meta property=\"og:image\" content=\"https:\/\/solardorosario.com.br\/galeria\/wp-content\/uploads\/2021\/07\/IMG_9371-e1627408674275.jpeg\" \/>\n\t<meta property=\"og:image:width\" content=\"200\" \/>\n\t<meta property=\"og:image:height\" content=\"280\" \/>\n\t<meta property=\"og:image:type\" content=\"image\/jpeg\" \/>\n<meta name=\"twitter:card\" content=\"summary_large_image\" \/>\n<meta name=\"twitter:label1\" content=\"Est. tempo de leitura\" \/>\n\t<meta name=\"twitter:data1\" content=\"2 minutos\" \/>\n<script type=\"application\/ld+json\" class=\"yoast-schema-graph\">{\"@context\":\"https:\\\/\\\/schema.org\",\"@graph\":[{\"@type\":\"WebPage\",\"@id\":\"https:\\\/\\\/solardorosario.com.br\\\/galeria\\\/produto\\\/marcia-szeliga-a-lenda-da-cobra-verde\\\/\",\"url\":\"https:\\\/\\\/solardorosario.com.br\\\/galeria\\\/produto\\\/marcia-szeliga-a-lenda-da-cobra-verde\\\/\",\"name\":\"Marcia Szeliga - A Lenda da Cobra Verde - Solar do Ros\u00e1rio Galeria \\\\\\\\\\\\\\\\Nova\",\"isPartOf\":{\"@id\":\"https:\\\/\\\/solardorosario.com.br\\\/galeria\\\/#website\"},\"primaryImageOfPage\":{\"@id\":\"https:\\\/\\\/solardorosario.com.br\\\/galeria\\\/produto\\\/marcia-szeliga-a-lenda-da-cobra-verde\\\/#primaryimage\"},\"image\":{\"@id\":\"https:\\\/\\\/solardorosario.com.br\\\/galeria\\\/produto\\\/marcia-szeliga-a-lenda-da-cobra-verde\\\/#primaryimage\"},\"thumbnailUrl\":\"https:\\\/\\\/solardorosario.com.br\\\/galeria\\\/wp-content\\\/uploads\\\/2021\\\/07\\\/IMG_9371-e1627408674275.jpeg\",\"datePublished\":\"2021-07-27T17:58:02+00:00\",\"dateModified\":\"2026-04-07T18:44:02+00:00\",\"breadcrumb\":{\"@id\":\"https:\\\/\\\/solardorosario.com.br\\\/galeria\\\/produto\\\/marcia-szeliga-a-lenda-da-cobra-verde\\\/#breadcrumb\"},\"inLanguage\":\"pt-BR\",\"potentialAction\":[{\"@type\":\"ReadAction\",\"target\":[\"https:\\\/\\\/solardorosario.com.br\\\/galeria\\\/produto\\\/marcia-szeliga-a-lenda-da-cobra-verde\\\/\"]}]},{\"@type\":\"ImageObject\",\"inLanguage\":\"pt-BR\",\"@id\":\"https:\\\/\\\/solardorosario.com.br\\\/galeria\\\/produto\\\/marcia-szeliga-a-lenda-da-cobra-verde\\\/#primaryimage\",\"url\":\"https:\\\/\\\/solardorosario.com.br\\\/galeria\\\/wp-content\\\/uploads\\\/2021\\\/07\\\/IMG_9371-e1627408674275.jpeg\",\"contentUrl\":\"https:\\\/\\\/solardorosario.com.br\\\/galeria\\\/wp-content\\\/uploads\\\/2021\\\/07\\\/IMG_9371-e1627408674275.jpeg\",\"width\":200,\"height\":280},{\"@type\":\"BreadcrumbList\",\"@id\":\"https:\\\/\\\/solardorosario.com.br\\\/galeria\\\/produto\\\/marcia-szeliga-a-lenda-da-cobra-verde\\\/#breadcrumb\",\"itemListElement\":[{\"@type\":\"ListItem\",\"position\":1,\"name\":\"In\u00edcio\",\"item\":\"https:\\\/\\\/solardorosario.com.br\\\/galeria\\\/\"},{\"@type\":\"ListItem\",\"position\":2,\"name\":\"galeria\",\"item\":\"https:\\\/\\\/solardorosario.com.br\\\/galeria\\\/galeria\\\/\"},{\"@type\":\"ListItem\",\"position\":3,\"name\":\"Marcia Szeliga - A Lenda da Cobra Verde\"}]},{\"@type\":\"WebSite\",\"@id\":\"https:\\\/\\\/solardorosario.com.br\\\/galeria\\\/#website\",\"url\":\"https:\\\/\\\/solardorosario.com.br\\\/galeria\\\/\",\"name\":\"Solar do Ros\u00e1rio Galeria \\\\\\\\\\\\\\\\Nova\",\"description\":\"\",\"potentialAction\":[{\"@type\":\"SearchAction\",\"target\":{\"@type\":\"EntryPoint\",\"urlTemplate\":\"https:\\\/\\\/solardorosario.com.br\\\/galeria\\\/?s={search_term_string}\"},\"query-input\":{\"@type\":\"PropertyValueSpecification\",\"valueRequired\":true,\"valueName\":\"search_term_string\"}}],\"inLanguage\":\"pt-BR\"}]}<\/script>\n<!-- \/ Yoast SEO plugin. -->","yoast_head_json":{"title":"Marcia Szeliga - A Lenda da Cobra Verde - Solar do Ros\u00e1rio Galeria \\\\\\\\Nova","robots":{"index":"index","follow":"follow","max-snippet":"max-snippet:-1","max-image-preview":"max-image-preview:large","max-video-preview":"max-video-preview:-1"},"canonical":"https:\/\/solardorosario.com.br\/galeria\/produto\/marcia-szeliga-a-lenda-da-cobra-verde\/","og_locale":"pt_BR","og_type":"article","og_title":"Marcia Szeliga - A Lenda da Cobra Verde - Solar do Ros\u00e1rio Galeria \\\\\\\\Nova","og_description":"Artista: Marcia Szeliga T\u00edtulo: A Lenda da Cobra Verde Dimens\u00e3o: 35x25cm T\u00e9cnica: Gravura (sem moldura) &nbsp; &nbsp; M\u00e1rcia Sz\u00e9liga nasceu em Ponta Grossa - Paran\u00e1, em 1963, mas se mudou para Curitiba em 1978, onde mora at\u00e9 hoje. \u00c9 escritora, ilustradora e artista visual. Iniciou os estudos no curso de Pintura na Escola de M\u00fasica [&hellip;]","og_url":"https:\/\/solardorosario.com.br\/galeria\/produto\/marcia-szeliga-a-lenda-da-cobra-verde\/","og_site_name":"Solar do Ros\u00e1rio Galeria \\\\\\\\Nova","article_modified_time":"2026-04-07T18:44:02+00:00","og_image":[{"width":200,"height":280,"url":"https:\/\/solardorosario.com.br\/galeria\/wp-content\/uploads\/2021\/07\/IMG_9371-e1627408674275.jpeg","type":"image\/jpeg"}],"twitter_card":"summary_large_image","twitter_misc":{"Est. tempo de leitura":"2 minutos"},"schema":{"@context":"https:\/\/schema.org","@graph":[{"@type":"WebPage","@id":"https:\/\/solardorosario.com.br\/galeria\/produto\/marcia-szeliga-a-lenda-da-cobra-verde\/","url":"https:\/\/solardorosario.com.br\/galeria\/produto\/marcia-szeliga-a-lenda-da-cobra-verde\/","name":"Marcia Szeliga - A Lenda da Cobra Verde - Solar do Ros\u00e1rio Galeria \\\\\\\\Nova","isPartOf":{"@id":"https:\/\/solardorosario.com.br\/galeria\/#website"},"primaryImageOfPage":{"@id":"https:\/\/solardorosario.com.br\/galeria\/produto\/marcia-szeliga-a-lenda-da-cobra-verde\/#primaryimage"},"image":{"@id":"https:\/\/solardorosario.com.br\/galeria\/produto\/marcia-szeliga-a-lenda-da-cobra-verde\/#primaryimage"},"thumbnailUrl":"https:\/\/solardorosario.com.br\/galeria\/wp-content\/uploads\/2021\/07\/IMG_9371-e1627408674275.jpeg","datePublished":"2021-07-27T17:58:02+00:00","dateModified":"2026-04-07T18:44:02+00:00","breadcrumb":{"@id":"https:\/\/solardorosario.com.br\/galeria\/produto\/marcia-szeliga-a-lenda-da-cobra-verde\/#breadcrumb"},"inLanguage":"pt-BR","potentialAction":[{"@type":"ReadAction","target":["https:\/\/solardorosario.com.br\/galeria\/produto\/marcia-szeliga-a-lenda-da-cobra-verde\/"]}]},{"@type":"ImageObject","inLanguage":"pt-BR","@id":"https:\/\/solardorosario.com.br\/galeria\/produto\/marcia-szeliga-a-lenda-da-cobra-verde\/#primaryimage","url":"https:\/\/solardorosario.com.br\/galeria\/wp-content\/uploads\/2021\/07\/IMG_9371-e1627408674275.jpeg","contentUrl":"https:\/\/solardorosario.com.br\/galeria\/wp-content\/uploads\/2021\/07\/IMG_9371-e1627408674275.jpeg","width":200,"height":280},{"@type":"BreadcrumbList","@id":"https:\/\/solardorosario.com.br\/galeria\/produto\/marcia-szeliga-a-lenda-da-cobra-verde\/#breadcrumb","itemListElement":[{"@type":"ListItem","position":1,"name":"In\u00edcio","item":"https:\/\/solardorosario.com.br\/galeria\/"},{"@type":"ListItem","position":2,"name":"galeria","item":"https:\/\/solardorosario.com.br\/galeria\/galeria\/"},{"@type":"ListItem","position":3,"name":"Marcia Szeliga - A Lenda da Cobra Verde"}]},{"@type":"WebSite","@id":"https:\/\/solardorosario.com.br\/galeria\/#website","url":"https:\/\/solardorosario.com.br\/galeria\/","name":"Solar do Ros\u00e1rio Galeria \\\\\\\\Nova","description":"","potentialAction":[{"@type":"SearchAction","target":{"@type":"EntryPoint","urlTemplate":"https:\/\/solardorosario.com.br\/galeria\/?s={search_term_string}"},"query-input":{"@type":"PropertyValueSpecification","valueRequired":true,"valueName":"search_term_string"}}],"inLanguage":"pt-BR"}]}},"_links":{"self":[{"href":"https:\/\/solardorosario.com.br\/galeria\/wp-json\/wp\/v2\/product\/2927","targetHints":{"allow":["GET"]}}],"collection":[{"href":"https:\/\/solardorosario.com.br\/galeria\/wp-json\/wp\/v2\/product"}],"about":[{"href":"https:\/\/solardorosario.com.br\/galeria\/wp-json\/wp\/v2\/types\/product"}],"wp:featuredmedia":[{"embeddable":true,"href":"https:\/\/solardorosario.com.br\/galeria\/wp-json\/wp\/v2\/media\/2928"}],"wp:attachment":[{"href":"https:\/\/solardorosario.com.br\/galeria\/wp-json\/wp\/v2\/media?parent=2927"}],"wp:term":[{"taxonomy":"product_brand","embeddable":true,"href":"https:\/\/solardorosario.com.br\/galeria\/wp-json\/wp\/v2\/product_brand?post=2927"},{"taxonomy":"product_cat","embeddable":true,"href":"https:\/\/solardorosario.com.br\/galeria\/wp-json\/wp\/v2\/product_cat?post=2927"},{"taxonomy":"product_tag","embeddable":true,"href":"https:\/\/solardorosario.com.br\/galeria\/wp-json\/wp\/v2\/product_tag?post=2927"}],"curies":[{"name":"wp","href":"https:\/\/api.w.org\/{rel}","templated":true}]}}