{"id":2921,"date":"2021-07-27T13:27:05","date_gmt":"2021-07-27T16:27:05","guid":{"rendered":"https:\/\/solardorosario.com.br\/galeria\/?post_type=product&#038;p=2921"},"modified":"2025-11-04T18:40:58","modified_gmt":"2025-11-04T21:40:58","slug":"aldemir-martins-sem-carambola","status":"publish","type":"product","link":"https:\/\/solardorosario.com.br\/galeria\/produto\/aldemir-martins-sem-carambola\/","title":{"rendered":"Aldemir Martins - Carambola"},"content":{"rendered":"<p><strong>Artista:<\/strong> Aldemir Martins<\/p>\n<p><strong>T\u00edtulo:<\/strong> Carambola<\/p>\n<p><strong>Dimens\u00e3o:<\/strong> 50x35cm<\/p>\n<p><strong>T\u00e9cnica:<\/strong> Serigrafia (sem moldura)<\/p>\n<p>&nbsp;<\/p>\n<p>Nascido em Ingazeiras - CE, em 1922 e faleceu em S\u00e3o Paulo - SP, 2006. Foi artista visual, gravurista, desenhista e ilustrador. Um dos nomes mais reconhecidos nas artes visuais do Brasil, conhecido por representar a brasilidade, com paisagens, as pessoas do nordeste, fauna, flora e festas t\u00edpicas. Foi respons\u00e1vel, junto com outros artistas, por criar a Sociedade Cearense de Artistas Pl\u00e1sticos. Entre 1949 e 1951, morou em S\u00e3o Paulo, que \u00e9 onde realizou sua primeira exposi\u00e7\u00e3o individual, e frequenta cursos no Museu de Arte de S\u00e3o Paulo Assis Chateaubriand (MASP). L\u00e1, tem aulas de hist\u00f3ria da arte com Pietro Maria Bardi e de gravura com Poty Lazzarotto. Recebeu o pr\u00eamio Aquisi\u00e7\u00e3o, na 1\u00aa Bienal de S\u00e3o Paulo, com um desenho de paus-de-arara rendeiras e cangaceiros. Exp\u00f4s individualmente e coletivamente por todo o Brasil, e fora do pa\u00eds, na It\u00e1lia, Estados Unidos, Espanha, Alemanha, Peru, Inglaterra, Su\u00e9cia, Fran\u00e7a, Jap\u00e3o, Su\u00ed\u00e7a, Uruguai, \u00c1ustria, Portugal, Holanda, Marrocos.<\/p>\n","protected":false},"excerpt":{"rendered":"<p>Artista: Aldemir Martins T\u00edtulo: Carambola Dimens\u00e3o: 50x35cm T\u00e9cnica: Serigrafia (sem moldura) &nbsp; Nascido em Ingazeiras - CE, em 1922 e faleceu em S\u00e3o Paulo - SP, 2006. Foi artista visual, gravurista, desenhista e ilustrador. Um dos nomes mais reconhecidos nas artes visuais do Brasil, conhecido por representar a brasilidade, com paisagens, as pessoas do nordeste, [&hellip;]<\/p>\n","protected":false},"featured_media":2922,"template":"","meta":[],"product_brand":[],"product_cat":[117],"product_tag":[],"class_list":{"0":"post-2921","1":"product","2":"type-product","3":"status-publish","4":"has-post-thumbnail","6":"product_cat-galeria","7":"pa_artista-aldemir-martins","9":"first","10":"instock","11":"shipping-taxable","12":"product-type-simple"},"yoast_head":"<!-- This site is optimized with the Yoast SEO plugin v27.4 - https:\/\/yoast.com\/product\/yoast-seo-wordpress\/ -->\n<title>Aldemir Martins - Carambola - Solar do Ros\u00e1rio Galeria \\\\\\\\Nova<\/title>\n<meta name=\"robots\" content=\"index, follow, max-snippet:-1, max-image-preview:large, max-video-preview:-1\" \/>\n<link rel=\"canonical\" href=\"https:\/\/solardorosario.com.br\/galeria\/produto\/aldemir-martins-sem-carambola\/\" \/>\n<meta property=\"og:locale\" content=\"pt_BR\" \/>\n<meta property=\"og:type\" content=\"article\" \/>\n<meta property=\"og:title\" content=\"Aldemir Martins - Carambola - Solar do Ros\u00e1rio Galeria \\\\\\\\Nova\" \/>\n<meta property=\"og:description\" content=\"Artista: Aldemir Martins T\u00edtulo: Carambola Dimens\u00e3o: 50x35cm T\u00e9cnica: Serigrafia (sem moldura) &nbsp; Nascido em Ingazeiras - CE, em 1922 e faleceu em S\u00e3o Paulo - SP, 2006. Foi artista visual, gravurista, desenhista e ilustrador. Um dos nomes mais reconhecidos nas artes visuais do Brasil, conhecido por representar a brasilidade, com paisagens, as pessoas do nordeste, [&hellip;]\" \/>\n<meta property=\"og:url\" content=\"https:\/\/solardorosario.com.br\/galeria\/produto\/aldemir-martins-sem-carambola\/\" \/>\n<meta property=\"og:site_name\" content=\"Solar do Ros\u00e1rio Galeria \\\\\\\\Nova\" \/>\n<meta property=\"article:modified_time\" content=\"2025-11-04T21:40:58+00:00\" \/>\n<meta property=\"og:image\" content=\"https:\/\/solardorosario.com.br\/galeria\/wp-content\/uploads\/2021\/07\/IMG_9333-e1627403217882.jpeg\" \/>\n\t<meta property=\"og:image:width\" content=\"300\" \/>\n\t<meta property=\"og:image:height\" content=\"211\" \/>\n\t<meta property=\"og:image:type\" content=\"image\/jpeg\" \/>\n<meta name=\"twitter:card\" content=\"summary_large_image\" \/>\n<meta name=\"twitter:label1\" content=\"Est. tempo de leitura\" \/>\n\t<meta name=\"twitter:data1\" content=\"2 minutos\" \/>\n<script type=\"application\/ld+json\" class=\"yoast-schema-graph\">{\"@context\":\"https:\\\/\\\/schema.org\",\"@graph\":[{\"@type\":\"WebPage\",\"@id\":\"https:\\\/\\\/solardorosario.com.br\\\/galeria\\\/produto\\\/aldemir-martins-sem-carambola\\\/\",\"url\":\"https:\\\/\\\/solardorosario.com.br\\\/galeria\\\/produto\\\/aldemir-martins-sem-carambola\\\/\",\"name\":\"Aldemir Martins - Carambola - Solar do Ros\u00e1rio Galeria \\\\\\\\\\\\\\\\Nova\",\"isPartOf\":{\"@id\":\"https:\\\/\\\/solardorosario.com.br\\\/galeria\\\/#website\"},\"primaryImageOfPage\":{\"@id\":\"https:\\\/\\\/solardorosario.com.br\\\/galeria\\\/produto\\\/aldemir-martins-sem-carambola\\\/#primaryimage\"},\"image\":{\"@id\":\"https:\\\/\\\/solardorosario.com.br\\\/galeria\\\/produto\\\/aldemir-martins-sem-carambola\\\/#primaryimage\"},\"thumbnailUrl\":\"https:\\\/\\\/solardorosario.com.br\\\/galeria\\\/wp-content\\\/uploads\\\/2021\\\/07\\\/IMG_9333-e1627403217882.jpeg\",\"datePublished\":\"2021-07-27T16:27:05+00:00\",\"dateModified\":\"2025-11-04T21:40:58+00:00\",\"breadcrumb\":{\"@id\":\"https:\\\/\\\/solardorosario.com.br\\\/galeria\\\/produto\\\/aldemir-martins-sem-carambola\\\/#breadcrumb\"},\"inLanguage\":\"pt-BR\",\"potentialAction\":[{\"@type\":\"ReadAction\",\"target\":[\"https:\\\/\\\/solardorosario.com.br\\\/galeria\\\/produto\\\/aldemir-martins-sem-carambola\\\/\"]}]},{\"@type\":\"ImageObject\",\"inLanguage\":\"pt-BR\",\"@id\":\"https:\\\/\\\/solardorosario.com.br\\\/galeria\\\/produto\\\/aldemir-martins-sem-carambola\\\/#primaryimage\",\"url\":\"https:\\\/\\\/solardorosario.com.br\\\/galeria\\\/wp-content\\\/uploads\\\/2021\\\/07\\\/IMG_9333-e1627403217882.jpeg\",\"contentUrl\":\"https:\\\/\\\/solardorosario.com.br\\\/galeria\\\/wp-content\\\/uploads\\\/2021\\\/07\\\/IMG_9333-e1627403217882.jpeg\",\"width\":300,\"height\":211},{\"@type\":\"BreadcrumbList\",\"@id\":\"https:\\\/\\\/solardorosario.com.br\\\/galeria\\\/produto\\\/aldemir-martins-sem-carambola\\\/#breadcrumb\",\"itemListElement\":[{\"@type\":\"ListItem\",\"position\":1,\"name\":\"In\u00edcio\",\"item\":\"https:\\\/\\\/solardorosario.com.br\\\/galeria\\\/\"},{\"@type\":\"ListItem\",\"position\":2,\"name\":\"galeria\",\"item\":\"https:\\\/\\\/solardorosario.com.br\\\/galeria\\\/galeria\\\/\"},{\"@type\":\"ListItem\",\"position\":3,\"name\":\"Aldemir Martins - Carambola\"}]},{\"@type\":\"WebSite\",\"@id\":\"https:\\\/\\\/solardorosario.com.br\\\/galeria\\\/#website\",\"url\":\"https:\\\/\\\/solardorosario.com.br\\\/galeria\\\/\",\"name\":\"Solar do Ros\u00e1rio Galeria \\\\\\\\\\\\\\\\Nova\",\"description\":\"\",\"potentialAction\":[{\"@type\":\"SearchAction\",\"target\":{\"@type\":\"EntryPoint\",\"urlTemplate\":\"https:\\\/\\\/solardorosario.com.br\\\/galeria\\\/?s={search_term_string}\"},\"query-input\":{\"@type\":\"PropertyValueSpecification\",\"valueRequired\":true,\"valueName\":\"search_term_string\"}}],\"inLanguage\":\"pt-BR\"}]}<\/script>\n<!-- \/ Yoast SEO plugin. -->","yoast_head_json":{"title":"Aldemir Martins - Carambola - Solar do Ros\u00e1rio Galeria \\\\\\\\Nova","robots":{"index":"index","follow":"follow","max-snippet":"max-snippet:-1","max-image-preview":"max-image-preview:large","max-video-preview":"max-video-preview:-1"},"canonical":"https:\/\/solardorosario.com.br\/galeria\/produto\/aldemir-martins-sem-carambola\/","og_locale":"pt_BR","og_type":"article","og_title":"Aldemir Martins - Carambola - Solar do Ros\u00e1rio Galeria \\\\\\\\Nova","og_description":"Artista: Aldemir Martins T\u00edtulo: Carambola Dimens\u00e3o: 50x35cm T\u00e9cnica: Serigrafia (sem moldura) &nbsp; Nascido em Ingazeiras - CE, em 1922 e faleceu em S\u00e3o Paulo - SP, 2006. Foi artista visual, gravurista, desenhista e ilustrador. Um dos nomes mais reconhecidos nas artes visuais do Brasil, conhecido por representar a brasilidade, com paisagens, as pessoas do nordeste, [&hellip;]","og_url":"https:\/\/solardorosario.com.br\/galeria\/produto\/aldemir-martins-sem-carambola\/","og_site_name":"Solar do Ros\u00e1rio Galeria \\\\\\\\Nova","article_modified_time":"2025-11-04T21:40:58+00:00","og_image":[{"width":300,"height":211,"url":"https:\/\/solardorosario.com.br\/galeria\/wp-content\/uploads\/2021\/07\/IMG_9333-e1627403217882.jpeg","type":"image\/jpeg"}],"twitter_card":"summary_large_image","twitter_misc":{"Est. tempo de leitura":"2 minutos"},"schema":{"@context":"https:\/\/schema.org","@graph":[{"@type":"WebPage","@id":"https:\/\/solardorosario.com.br\/galeria\/produto\/aldemir-martins-sem-carambola\/","url":"https:\/\/solardorosario.com.br\/galeria\/produto\/aldemir-martins-sem-carambola\/","name":"Aldemir Martins - Carambola - Solar do Ros\u00e1rio Galeria \\\\\\\\Nova","isPartOf":{"@id":"https:\/\/solardorosario.com.br\/galeria\/#website"},"primaryImageOfPage":{"@id":"https:\/\/solardorosario.com.br\/galeria\/produto\/aldemir-martins-sem-carambola\/#primaryimage"},"image":{"@id":"https:\/\/solardorosario.com.br\/galeria\/produto\/aldemir-martins-sem-carambola\/#primaryimage"},"thumbnailUrl":"https:\/\/solardorosario.com.br\/galeria\/wp-content\/uploads\/2021\/07\/IMG_9333-e1627403217882.jpeg","datePublished":"2021-07-27T16:27:05+00:00","dateModified":"2025-11-04T21:40:58+00:00","breadcrumb":{"@id":"https:\/\/solardorosario.com.br\/galeria\/produto\/aldemir-martins-sem-carambola\/#breadcrumb"},"inLanguage":"pt-BR","potentialAction":[{"@type":"ReadAction","target":["https:\/\/solardorosario.com.br\/galeria\/produto\/aldemir-martins-sem-carambola\/"]}]},{"@type":"ImageObject","inLanguage":"pt-BR","@id":"https:\/\/solardorosario.com.br\/galeria\/produto\/aldemir-martins-sem-carambola\/#primaryimage","url":"https:\/\/solardorosario.com.br\/galeria\/wp-content\/uploads\/2021\/07\/IMG_9333-e1627403217882.jpeg","contentUrl":"https:\/\/solardorosario.com.br\/galeria\/wp-content\/uploads\/2021\/07\/IMG_9333-e1627403217882.jpeg","width":300,"height":211},{"@type":"BreadcrumbList","@id":"https:\/\/solardorosario.com.br\/galeria\/produto\/aldemir-martins-sem-carambola\/#breadcrumb","itemListElement":[{"@type":"ListItem","position":1,"name":"In\u00edcio","item":"https:\/\/solardorosario.com.br\/galeria\/"},{"@type":"ListItem","position":2,"name":"galeria","item":"https:\/\/solardorosario.com.br\/galeria\/galeria\/"},{"@type":"ListItem","position":3,"name":"Aldemir Martins - Carambola"}]},{"@type":"WebSite","@id":"https:\/\/solardorosario.com.br\/galeria\/#website","url":"https:\/\/solardorosario.com.br\/galeria\/","name":"Solar do Ros\u00e1rio Galeria \\\\\\\\Nova","description":"","potentialAction":[{"@type":"SearchAction","target":{"@type":"EntryPoint","urlTemplate":"https:\/\/solardorosario.com.br\/galeria\/?s={search_term_string}"},"query-input":{"@type":"PropertyValueSpecification","valueRequired":true,"valueName":"search_term_string"}}],"inLanguage":"pt-BR"}]}},"_links":{"self":[{"href":"https:\/\/solardorosario.com.br\/galeria\/wp-json\/wp\/v2\/product\/2921","targetHints":{"allow":["GET"]}}],"collection":[{"href":"https:\/\/solardorosario.com.br\/galeria\/wp-json\/wp\/v2\/product"}],"about":[{"href":"https:\/\/solardorosario.com.br\/galeria\/wp-json\/wp\/v2\/types\/product"}],"wp:featuredmedia":[{"embeddable":true,"href":"https:\/\/solardorosario.com.br\/galeria\/wp-json\/wp\/v2\/media\/2922"}],"wp:attachment":[{"href":"https:\/\/solardorosario.com.br\/galeria\/wp-json\/wp\/v2\/media?parent=2921"}],"wp:term":[{"taxonomy":"product_brand","embeddable":true,"href":"https:\/\/solardorosario.com.br\/galeria\/wp-json\/wp\/v2\/product_brand?post=2921"},{"taxonomy":"product_cat","embeddable":true,"href":"https:\/\/solardorosario.com.br\/galeria\/wp-json\/wp\/v2\/product_cat?post=2921"},{"taxonomy":"product_tag","embeddable":true,"href":"https:\/\/solardorosario.com.br\/galeria\/wp-json\/wp\/v2\/product_tag?post=2921"}],"curies":[{"name":"wp","href":"https:\/\/api.w.org\/{rel}","templated":true}]}}