{"id":2913,"date":"2021-07-27T13:11:33","date_gmt":"2021-07-27T16:11:33","guid":{"rendered":"https:\/\/solardorosario.com.br\/galeria\/?post_type=product&#038;p=2913"},"modified":"2026-03-18T16:28:09","modified_gmt":"2026-03-18T19:28:09","slug":"armando-merege-sem-titulo-2","status":"publish","type":"product","link":"https:\/\/solardorosario.com.br\/galeria\/produto\/armando-merege-sem-titulo-2\/","title":{"rendered":"Armando Merege -  Sem T\u00edtulo I"},"content":{"rendered":"<p><strong>Artista:<\/strong> Armando Merege<\/p>\n<p><strong>T\u00edtulo:<\/strong> Sem T\u00edtulo I<\/p>\n<p><strong>Dimens\u00e3o:<\/strong> 164x120cm<\/p>\n<p><strong>T\u00e9cnica:<\/strong> Acr\u00edlica sobre madeira<\/p>\n<p>&nbsp;<\/p>\n<p>&nbsp;<\/p>\n<p>Nascido em Itarar\u00e9 - SP, em 1958. Formado em Arquitetura, pela Universidade Federal do Paran\u00e1 (UFPR). Em 1976, recebeu seu 1\u00ba pr\u00eamio, no Sal\u00e3o de Artes para Novos Artistas, pela Secretaria de Educa\u00e7\u00e3o e Cultura do Paran\u00e1, em Curitiba. Participou de diversas exposi\u00e7\u00f5es e coletivas em Curitiba, S\u00e3o Paulo, Franca e Rio de Janeiro, al\u00e9m dos sal\u00f5es de Belas Artes e galerias de arte em Curitiba.<\/p>\n","protected":false},"excerpt":{"rendered":"<p>Artista: Armando Merege T\u00edtulo: Sem T\u00edtulo I Dimens\u00e3o: 164x120cm T\u00e9cnica: Acr\u00edlica sobre madeira &nbsp; &nbsp; Nascido em Itarar\u00e9 - SP, em 1958. Formado em Arquitetura, pela Universidade Federal do Paran\u00e1 (UFPR). Em 1976, recebeu seu 1\u00ba pr\u00eamio, no Sal\u00e3o de Artes para Novos Artistas, pela Secretaria de Educa\u00e7\u00e3o e Cultura do Paran\u00e1, em Curitiba. Participou [&hellip;]<\/p>\n","protected":false},"featured_media":2915,"template":"","meta":[],"product_brand":[],"product_cat":[117],"product_tag":[],"class_list":{"0":"post-2913","1":"product","2":"type-product","3":"status-publish","4":"has-post-thumbnail","6":"product_cat-galeria","7":"pa_artista-armando-merege","8":"pa_estilo-figurativo","9":"pa_tecnica-acrilica-sobre-madeira","11":"first","12":"instock","13":"shipping-taxable","14":"purchasable","15":"product-type-simple"},"yoast_head":"<!-- This site is optimized with the Yoast SEO plugin v27.4 - https:\/\/yoast.com\/product\/yoast-seo-wordpress\/ -->\n<title>Armando Merege - Sem T\u00edtulo I - Solar do Ros\u00e1rio Galeria \\\\\\\\Nova<\/title>\n<meta name=\"robots\" content=\"index, follow, max-snippet:-1, max-image-preview:large, max-video-preview:-1\" \/>\n<link rel=\"canonical\" href=\"https:\/\/solardorosario.com.br\/galeria\/produto\/armando-merege-sem-titulo-2\/\" \/>\n<meta property=\"og:locale\" content=\"pt_BR\" \/>\n<meta property=\"og:type\" content=\"article\" \/>\n<meta property=\"og:title\" content=\"Armando Merege - Sem T\u00edtulo I - Solar do Ros\u00e1rio Galeria \\\\\\\\Nova\" \/>\n<meta property=\"og:description\" content=\"Artista: Armando Merege T\u00edtulo: Sem T\u00edtulo I Dimens\u00e3o: 164x120cm T\u00e9cnica: Acr\u00edlica sobre madeira &nbsp; &nbsp; Nascido em Itarar\u00e9 - SP, em 1958. Formado em Arquitetura, pela Universidade Federal do Paran\u00e1 (UFPR). Em 1976, recebeu seu 1\u00ba pr\u00eamio, no Sal\u00e3o de Artes para Novos Artistas, pela Secretaria de Educa\u00e7\u00e3o e Cultura do Paran\u00e1, em Curitiba. Participou [&hellip;]\" \/>\n<meta property=\"og:url\" content=\"https:\/\/solardorosario.com.br\/galeria\/produto\/armando-merege-sem-titulo-2\/\" \/>\n<meta property=\"og:site_name\" content=\"Solar do Ros\u00e1rio Galeria \\\\\\\\Nova\" \/>\n<meta property=\"article:modified_time\" content=\"2026-03-18T19:28:09+00:00\" \/>\n<meta property=\"og:image\" content=\"https:\/\/solardorosario.com.br\/galeria\/wp-content\/uploads\/2021\/07\/IMG_9356-e1627402286283.jpeg\" \/>\n\t<meta property=\"og:image:width\" content=\"400\" \/>\n\t<meta property=\"og:image:height\" content=\"252\" \/>\n\t<meta property=\"og:image:type\" content=\"image\/jpeg\" \/>\n<meta name=\"twitter:card\" content=\"summary_large_image\" \/>\n<meta name=\"twitter:label1\" content=\"Est. tempo de leitura\" \/>\n\t<meta name=\"twitter:data1\" content=\"1 minuto\" \/>\n<script type=\"application\/ld+json\" class=\"yoast-schema-graph\">{\"@context\":\"https:\\\/\\\/schema.org\",\"@graph\":[{\"@type\":\"WebPage\",\"@id\":\"https:\\\/\\\/solardorosario.com.br\\\/galeria\\\/produto\\\/armando-merege-sem-titulo-2\\\/\",\"url\":\"https:\\\/\\\/solardorosario.com.br\\\/galeria\\\/produto\\\/armando-merege-sem-titulo-2\\\/\",\"name\":\"Armando Merege - Sem T\u00edtulo I - Solar do Ros\u00e1rio Galeria \\\\\\\\\\\\\\\\Nova\",\"isPartOf\":{\"@id\":\"https:\\\/\\\/solardorosario.com.br\\\/galeria\\\/#website\"},\"primaryImageOfPage\":{\"@id\":\"https:\\\/\\\/solardorosario.com.br\\\/galeria\\\/produto\\\/armando-merege-sem-titulo-2\\\/#primaryimage\"},\"image\":{\"@id\":\"https:\\\/\\\/solardorosario.com.br\\\/galeria\\\/produto\\\/armando-merege-sem-titulo-2\\\/#primaryimage\"},\"thumbnailUrl\":\"https:\\\/\\\/solardorosario.com.br\\\/galeria\\\/wp-content\\\/uploads\\\/2021\\\/07\\\/IMG_9356-e1627402286283.jpeg\",\"datePublished\":\"2021-07-27T16:11:33+00:00\",\"dateModified\":\"2026-03-18T19:28:09+00:00\",\"breadcrumb\":{\"@id\":\"https:\\\/\\\/solardorosario.com.br\\\/galeria\\\/produto\\\/armando-merege-sem-titulo-2\\\/#breadcrumb\"},\"inLanguage\":\"pt-BR\",\"potentialAction\":[{\"@type\":\"ReadAction\",\"target\":[\"https:\\\/\\\/solardorosario.com.br\\\/galeria\\\/produto\\\/armando-merege-sem-titulo-2\\\/\"]}]},{\"@type\":\"ImageObject\",\"inLanguage\":\"pt-BR\",\"@id\":\"https:\\\/\\\/solardorosario.com.br\\\/galeria\\\/produto\\\/armando-merege-sem-titulo-2\\\/#primaryimage\",\"url\":\"https:\\\/\\\/solardorosario.com.br\\\/galeria\\\/wp-content\\\/uploads\\\/2021\\\/07\\\/IMG_9356-e1627402286283.jpeg\",\"contentUrl\":\"https:\\\/\\\/solardorosario.com.br\\\/galeria\\\/wp-content\\\/uploads\\\/2021\\\/07\\\/IMG_9356-e1627402286283.jpeg\",\"width\":400,\"height\":252},{\"@type\":\"BreadcrumbList\",\"@id\":\"https:\\\/\\\/solardorosario.com.br\\\/galeria\\\/produto\\\/armando-merege-sem-titulo-2\\\/#breadcrumb\",\"itemListElement\":[{\"@type\":\"ListItem\",\"position\":1,\"name\":\"In\u00edcio\",\"item\":\"https:\\\/\\\/solardorosario.com.br\\\/galeria\\\/\"},{\"@type\":\"ListItem\",\"position\":2,\"name\":\"galeria\",\"item\":\"https:\\\/\\\/solardorosario.com.br\\\/galeria\\\/galeria\\\/\"},{\"@type\":\"ListItem\",\"position\":3,\"name\":\"Armando Merege - Sem T\u00edtulo I\"}]},{\"@type\":\"WebSite\",\"@id\":\"https:\\\/\\\/solardorosario.com.br\\\/galeria\\\/#website\",\"url\":\"https:\\\/\\\/solardorosario.com.br\\\/galeria\\\/\",\"name\":\"Solar do Ros\u00e1rio Galeria \\\\\\\\\\\\\\\\Nova\",\"description\":\"\",\"potentialAction\":[{\"@type\":\"SearchAction\",\"target\":{\"@type\":\"EntryPoint\",\"urlTemplate\":\"https:\\\/\\\/solardorosario.com.br\\\/galeria\\\/?s={search_term_string}\"},\"query-input\":{\"@type\":\"PropertyValueSpecification\",\"valueRequired\":true,\"valueName\":\"search_term_string\"}}],\"inLanguage\":\"pt-BR\"}]}<\/script>\n<!-- \/ Yoast SEO plugin. -->","yoast_head_json":{"title":"Armando Merege - Sem T\u00edtulo I - Solar do Ros\u00e1rio Galeria \\\\\\\\Nova","robots":{"index":"index","follow":"follow","max-snippet":"max-snippet:-1","max-image-preview":"max-image-preview:large","max-video-preview":"max-video-preview:-1"},"canonical":"https:\/\/solardorosario.com.br\/galeria\/produto\/armando-merege-sem-titulo-2\/","og_locale":"pt_BR","og_type":"article","og_title":"Armando Merege - Sem T\u00edtulo I - Solar do Ros\u00e1rio Galeria \\\\\\\\Nova","og_description":"Artista: Armando Merege T\u00edtulo: Sem T\u00edtulo I Dimens\u00e3o: 164x120cm T\u00e9cnica: Acr\u00edlica sobre madeira &nbsp; &nbsp; Nascido em Itarar\u00e9 - SP, em 1958. Formado em Arquitetura, pela Universidade Federal do Paran\u00e1 (UFPR). Em 1976, recebeu seu 1\u00ba pr\u00eamio, no Sal\u00e3o de Artes para Novos Artistas, pela Secretaria de Educa\u00e7\u00e3o e Cultura do Paran\u00e1, em Curitiba. Participou [&hellip;]","og_url":"https:\/\/solardorosario.com.br\/galeria\/produto\/armando-merege-sem-titulo-2\/","og_site_name":"Solar do Ros\u00e1rio Galeria \\\\\\\\Nova","article_modified_time":"2026-03-18T19:28:09+00:00","og_image":[{"width":400,"height":252,"url":"https:\/\/solardorosario.com.br\/galeria\/wp-content\/uploads\/2021\/07\/IMG_9356-e1627402286283.jpeg","type":"image\/jpeg"}],"twitter_card":"summary_large_image","twitter_misc":{"Est. tempo de leitura":"1 minuto"},"schema":{"@context":"https:\/\/schema.org","@graph":[{"@type":"WebPage","@id":"https:\/\/solardorosario.com.br\/galeria\/produto\/armando-merege-sem-titulo-2\/","url":"https:\/\/solardorosario.com.br\/galeria\/produto\/armando-merege-sem-titulo-2\/","name":"Armando Merege - Sem T\u00edtulo I - Solar do Ros\u00e1rio Galeria \\\\\\\\Nova","isPartOf":{"@id":"https:\/\/solardorosario.com.br\/galeria\/#website"},"primaryImageOfPage":{"@id":"https:\/\/solardorosario.com.br\/galeria\/produto\/armando-merege-sem-titulo-2\/#primaryimage"},"image":{"@id":"https:\/\/solardorosario.com.br\/galeria\/produto\/armando-merege-sem-titulo-2\/#primaryimage"},"thumbnailUrl":"https:\/\/solardorosario.com.br\/galeria\/wp-content\/uploads\/2021\/07\/IMG_9356-e1627402286283.jpeg","datePublished":"2021-07-27T16:11:33+00:00","dateModified":"2026-03-18T19:28:09+00:00","breadcrumb":{"@id":"https:\/\/solardorosario.com.br\/galeria\/produto\/armando-merege-sem-titulo-2\/#breadcrumb"},"inLanguage":"pt-BR","potentialAction":[{"@type":"ReadAction","target":["https:\/\/solardorosario.com.br\/galeria\/produto\/armando-merege-sem-titulo-2\/"]}]},{"@type":"ImageObject","inLanguage":"pt-BR","@id":"https:\/\/solardorosario.com.br\/galeria\/produto\/armando-merege-sem-titulo-2\/#primaryimage","url":"https:\/\/solardorosario.com.br\/galeria\/wp-content\/uploads\/2021\/07\/IMG_9356-e1627402286283.jpeg","contentUrl":"https:\/\/solardorosario.com.br\/galeria\/wp-content\/uploads\/2021\/07\/IMG_9356-e1627402286283.jpeg","width":400,"height":252},{"@type":"BreadcrumbList","@id":"https:\/\/solardorosario.com.br\/galeria\/produto\/armando-merege-sem-titulo-2\/#breadcrumb","itemListElement":[{"@type":"ListItem","position":1,"name":"In\u00edcio","item":"https:\/\/solardorosario.com.br\/galeria\/"},{"@type":"ListItem","position":2,"name":"galeria","item":"https:\/\/solardorosario.com.br\/galeria\/galeria\/"},{"@type":"ListItem","position":3,"name":"Armando Merege - Sem T\u00edtulo I"}]},{"@type":"WebSite","@id":"https:\/\/solardorosario.com.br\/galeria\/#website","url":"https:\/\/solardorosario.com.br\/galeria\/","name":"Solar do Ros\u00e1rio Galeria \\\\\\\\Nova","description":"","potentialAction":[{"@type":"SearchAction","target":{"@type":"EntryPoint","urlTemplate":"https:\/\/solardorosario.com.br\/galeria\/?s={search_term_string}"},"query-input":{"@type":"PropertyValueSpecification","valueRequired":true,"valueName":"search_term_string"}}],"inLanguage":"pt-BR"}]}},"_links":{"self":[{"href":"https:\/\/solardorosario.com.br\/galeria\/wp-json\/wp\/v2\/product\/2913","targetHints":{"allow":["GET"]}}],"collection":[{"href":"https:\/\/solardorosario.com.br\/galeria\/wp-json\/wp\/v2\/product"}],"about":[{"href":"https:\/\/solardorosario.com.br\/galeria\/wp-json\/wp\/v2\/types\/product"}],"wp:featuredmedia":[{"embeddable":true,"href":"https:\/\/solardorosario.com.br\/galeria\/wp-json\/wp\/v2\/media\/2915"}],"wp:attachment":[{"href":"https:\/\/solardorosario.com.br\/galeria\/wp-json\/wp\/v2\/media?parent=2913"}],"wp:term":[{"taxonomy":"product_brand","embeddable":true,"href":"https:\/\/solardorosario.com.br\/galeria\/wp-json\/wp\/v2\/product_brand?post=2913"},{"taxonomy":"product_cat","embeddable":true,"href":"https:\/\/solardorosario.com.br\/galeria\/wp-json\/wp\/v2\/product_cat?post=2913"},{"taxonomy":"product_tag","embeddable":true,"href":"https:\/\/solardorosario.com.br\/galeria\/wp-json\/wp\/v2\/product_tag?post=2913"}],"curies":[{"name":"wp","href":"https:\/\/api.w.org\/{rel}","templated":true}]}}