{"id":2894,"date":"2021-07-21T10:40:00","date_gmt":"2021-07-21T13:40:00","guid":{"rendered":"https:\/\/solardorosario.com.br\/galeria\/?post_type=product&#038;p=2894"},"modified":"2025-11-27T10:18:33","modified_gmt":"2025-11-27T13:18:33","slug":"albery-selvagem-cd-113","status":"publish","type":"product","link":"https:\/\/solardorosario.com.br\/galeria\/produto\/albery-selvagem-cd-113\/","title":{"rendered":"Albery - Selvagem CD\/113"},"content":{"rendered":"<p><strong>Artista:<\/strong> Albery<\/p>\n<p><strong>T\u00edtulo:<\/strong> Selvagem CD\/113<\/p>\n<p><strong>Dimens\u00e3o:<\/strong> 65x53cm<\/p>\n<p><strong>T\u00e9cnica:<\/strong> Acr\u00edlica sobre tela<\/p>\n<p>&nbsp;<\/p>\n<p>Nascido em 1944, em Bel\u00e9m - AL. Radicado no Rio de Janeiro, mas passa temporadas em Nova York (EUA), \u00e9 artista visual, retratista e pintor. Exp\u00f4s individualmente em Curitiba, Rio de Janeiro, Bras\u00edlia, Goi\u00e2nia e Rio de Janeiro. As exposi\u00e7\u00f5es coletivas foram principalmente no Rio de Janeiro, S\u00e3o Paulo e Salvador, em diversos locais culturais. Em 1980, recebeu uma medalha de m\u00e9rito legion\u00e1rio conferido pela Pronave - LBA. Em 1984, foi homenageado no Clube Chez Moi em Beverly Hills, Los Angeles.<\/p>\n","protected":false},"excerpt":{"rendered":"<p>Artista: Albery T\u00edtulo: Selvagem CD\/113 Dimens\u00e3o: 65x53cm T\u00e9cnica: Acr\u00edlica sobre tela &nbsp; Nascido em 1944, em Bel\u00e9m - AL. Radicado no Rio de Janeiro, mas passa temporadas em Nova York (EUA), \u00e9 artista visual, retratista e pintor. Exp\u00f4s individualmente em Curitiba, Rio de Janeiro, Bras\u00edlia, Goi\u00e2nia e Rio de Janeiro. As exposi\u00e7\u00f5es coletivas foram principalmente [&hellip;]<\/p>\n","protected":false},"featured_media":2897,"template":"","meta":[],"product_brand":[],"product_cat":[117],"product_tag":[],"class_list":{"0":"post-2894","1":"product","2":"type-product","3":"status-publish","4":"has-post-thumbnail","6":"product_cat-galeria","7":"pa_artista-albery","8":"pa_estilo-figurativo","9":"pa_tecnica-oleo-sobre-tela","11":"first","12":"instock","13":"shipping-taxable","14":"purchasable","15":"product-type-simple"},"yoast_head":"<!-- This site is optimized with the Yoast SEO plugin v27.4 - https:\/\/yoast.com\/product\/yoast-seo-wordpress\/ -->\n<title>Albery - Selvagem CD\/113 - Solar do Ros\u00e1rio Galeria \\\\\\\\Nova<\/title>\n<meta name=\"robots\" content=\"index, follow, max-snippet:-1, max-image-preview:large, max-video-preview:-1\" \/>\n<link rel=\"canonical\" href=\"https:\/\/solardorosario.com.br\/galeria\/produto\/albery-selvagem-cd-113\/\" \/>\n<meta property=\"og:locale\" content=\"pt_BR\" \/>\n<meta property=\"og:type\" content=\"article\" \/>\n<meta property=\"og:title\" content=\"Albery - Selvagem CD\/113 - Solar do Ros\u00e1rio Galeria \\\\\\\\Nova\" \/>\n<meta property=\"og:description\" content=\"Artista: Albery T\u00edtulo: Selvagem CD\/113 Dimens\u00e3o: 65x53cm T\u00e9cnica: Acr\u00edlica sobre tela &nbsp; Nascido em 1944, em Bel\u00e9m - AL. Radicado no Rio de Janeiro, mas passa temporadas em Nova York (EUA), \u00e9 artista visual, retratista e pintor. Exp\u00f4s individualmente em Curitiba, Rio de Janeiro, Bras\u00edlia, Goi\u00e2nia e Rio de Janeiro. As exposi\u00e7\u00f5es coletivas foram principalmente [&hellip;]\" \/>\n<meta property=\"og:url\" content=\"https:\/\/solardorosario.com.br\/galeria\/produto\/albery-selvagem-cd-113\/\" \/>\n<meta property=\"og:site_name\" content=\"Solar do Ros\u00e1rio Galeria \\\\\\\\Nova\" \/>\n<meta property=\"article:modified_time\" content=\"2025-11-27T13:18:33+00:00\" \/>\n<meta property=\"og:image\" content=\"https:\/\/solardorosario.com.br\/galeria\/wp-content\/uploads\/2021\/07\/IMG_9291-e1626874791927.jpeg\" \/>\n\t<meta property=\"og:image:width\" content=\"300\" \/>\n\t<meta property=\"og:image:height\" content=\"290\" \/>\n\t<meta property=\"og:image:type\" content=\"image\/jpeg\" \/>\n<meta name=\"twitter:card\" content=\"summary_large_image\" \/>\n<meta name=\"twitter:label1\" content=\"Est. tempo de leitura\" \/>\n\t<meta name=\"twitter:data1\" content=\"1 minuto\" \/>\n<script type=\"application\/ld+json\" class=\"yoast-schema-graph\">{\"@context\":\"https:\\\/\\\/schema.org\",\"@graph\":[{\"@type\":\"WebPage\",\"@id\":\"https:\\\/\\\/solardorosario.com.br\\\/galeria\\\/produto\\\/albery-selvagem-cd-113\\\/\",\"url\":\"https:\\\/\\\/solardorosario.com.br\\\/galeria\\\/produto\\\/albery-selvagem-cd-113\\\/\",\"name\":\"Albery - Selvagem CD\\\/113 - Solar do Ros\u00e1rio Galeria \\\\\\\\\\\\\\\\Nova\",\"isPartOf\":{\"@id\":\"https:\\\/\\\/solardorosario.com.br\\\/galeria\\\/#website\"},\"primaryImageOfPage\":{\"@id\":\"https:\\\/\\\/solardorosario.com.br\\\/galeria\\\/produto\\\/albery-selvagem-cd-113\\\/#primaryimage\"},\"image\":{\"@id\":\"https:\\\/\\\/solardorosario.com.br\\\/galeria\\\/produto\\\/albery-selvagem-cd-113\\\/#primaryimage\"},\"thumbnailUrl\":\"https:\\\/\\\/solardorosario.com.br\\\/galeria\\\/wp-content\\\/uploads\\\/2021\\\/07\\\/IMG_9291-e1626874791927.jpeg\",\"datePublished\":\"2021-07-21T13:40:00+00:00\",\"dateModified\":\"2025-11-27T13:18:33+00:00\",\"breadcrumb\":{\"@id\":\"https:\\\/\\\/solardorosario.com.br\\\/galeria\\\/produto\\\/albery-selvagem-cd-113\\\/#breadcrumb\"},\"inLanguage\":\"pt-BR\",\"potentialAction\":[{\"@type\":\"ReadAction\",\"target\":[\"https:\\\/\\\/solardorosario.com.br\\\/galeria\\\/produto\\\/albery-selvagem-cd-113\\\/\"]}]},{\"@type\":\"ImageObject\",\"inLanguage\":\"pt-BR\",\"@id\":\"https:\\\/\\\/solardorosario.com.br\\\/galeria\\\/produto\\\/albery-selvagem-cd-113\\\/#primaryimage\",\"url\":\"https:\\\/\\\/solardorosario.com.br\\\/galeria\\\/wp-content\\\/uploads\\\/2021\\\/07\\\/IMG_9291-e1626874791927.jpeg\",\"contentUrl\":\"https:\\\/\\\/solardorosario.com.br\\\/galeria\\\/wp-content\\\/uploads\\\/2021\\\/07\\\/IMG_9291-e1626874791927.jpeg\",\"width\":300,\"height\":290},{\"@type\":\"BreadcrumbList\",\"@id\":\"https:\\\/\\\/solardorosario.com.br\\\/galeria\\\/produto\\\/albery-selvagem-cd-113\\\/#breadcrumb\",\"itemListElement\":[{\"@type\":\"ListItem\",\"position\":1,\"name\":\"In\u00edcio\",\"item\":\"https:\\\/\\\/solardorosario.com.br\\\/galeria\\\/\"},{\"@type\":\"ListItem\",\"position\":2,\"name\":\"galeria\",\"item\":\"https:\\\/\\\/solardorosario.com.br\\\/galeria\\\/galeria\\\/\"},{\"@type\":\"ListItem\",\"position\":3,\"name\":\"Albery - Selvagem CD\\\/113\"}]},{\"@type\":\"WebSite\",\"@id\":\"https:\\\/\\\/solardorosario.com.br\\\/galeria\\\/#website\",\"url\":\"https:\\\/\\\/solardorosario.com.br\\\/galeria\\\/\",\"name\":\"Solar do Ros\u00e1rio Galeria \\\\\\\\\\\\\\\\Nova\",\"description\":\"\",\"potentialAction\":[{\"@type\":\"SearchAction\",\"target\":{\"@type\":\"EntryPoint\",\"urlTemplate\":\"https:\\\/\\\/solardorosario.com.br\\\/galeria\\\/?s={search_term_string}\"},\"query-input\":{\"@type\":\"PropertyValueSpecification\",\"valueRequired\":true,\"valueName\":\"search_term_string\"}}],\"inLanguage\":\"pt-BR\"}]}<\/script>\n<!-- \/ Yoast SEO plugin. -->","yoast_head_json":{"title":"Albery - Selvagem CD\/113 - Solar do Ros\u00e1rio Galeria \\\\\\\\Nova","robots":{"index":"index","follow":"follow","max-snippet":"max-snippet:-1","max-image-preview":"max-image-preview:large","max-video-preview":"max-video-preview:-1"},"canonical":"https:\/\/solardorosario.com.br\/galeria\/produto\/albery-selvagem-cd-113\/","og_locale":"pt_BR","og_type":"article","og_title":"Albery - Selvagem CD\/113 - Solar do Ros\u00e1rio Galeria \\\\\\\\Nova","og_description":"Artista: Albery T\u00edtulo: Selvagem CD\/113 Dimens\u00e3o: 65x53cm T\u00e9cnica: Acr\u00edlica sobre tela &nbsp; Nascido em 1944, em Bel\u00e9m - AL. Radicado no Rio de Janeiro, mas passa temporadas em Nova York (EUA), \u00e9 artista visual, retratista e pintor. Exp\u00f4s individualmente em Curitiba, Rio de Janeiro, Bras\u00edlia, Goi\u00e2nia e Rio de Janeiro. As exposi\u00e7\u00f5es coletivas foram principalmente [&hellip;]","og_url":"https:\/\/solardorosario.com.br\/galeria\/produto\/albery-selvagem-cd-113\/","og_site_name":"Solar do Ros\u00e1rio Galeria \\\\\\\\Nova","article_modified_time":"2025-11-27T13:18:33+00:00","og_image":[{"width":300,"height":290,"url":"https:\/\/solardorosario.com.br\/galeria\/wp-content\/uploads\/2021\/07\/IMG_9291-e1626874791927.jpeg","type":"image\/jpeg"}],"twitter_card":"summary_large_image","twitter_misc":{"Est. tempo de leitura":"1 minuto"},"schema":{"@context":"https:\/\/schema.org","@graph":[{"@type":"WebPage","@id":"https:\/\/solardorosario.com.br\/galeria\/produto\/albery-selvagem-cd-113\/","url":"https:\/\/solardorosario.com.br\/galeria\/produto\/albery-selvagem-cd-113\/","name":"Albery - Selvagem CD\/113 - Solar do Ros\u00e1rio Galeria \\\\\\\\Nova","isPartOf":{"@id":"https:\/\/solardorosario.com.br\/galeria\/#website"},"primaryImageOfPage":{"@id":"https:\/\/solardorosario.com.br\/galeria\/produto\/albery-selvagem-cd-113\/#primaryimage"},"image":{"@id":"https:\/\/solardorosario.com.br\/galeria\/produto\/albery-selvagem-cd-113\/#primaryimage"},"thumbnailUrl":"https:\/\/solardorosario.com.br\/galeria\/wp-content\/uploads\/2021\/07\/IMG_9291-e1626874791927.jpeg","datePublished":"2021-07-21T13:40:00+00:00","dateModified":"2025-11-27T13:18:33+00:00","breadcrumb":{"@id":"https:\/\/solardorosario.com.br\/galeria\/produto\/albery-selvagem-cd-113\/#breadcrumb"},"inLanguage":"pt-BR","potentialAction":[{"@type":"ReadAction","target":["https:\/\/solardorosario.com.br\/galeria\/produto\/albery-selvagem-cd-113\/"]}]},{"@type":"ImageObject","inLanguage":"pt-BR","@id":"https:\/\/solardorosario.com.br\/galeria\/produto\/albery-selvagem-cd-113\/#primaryimage","url":"https:\/\/solardorosario.com.br\/galeria\/wp-content\/uploads\/2021\/07\/IMG_9291-e1626874791927.jpeg","contentUrl":"https:\/\/solardorosario.com.br\/galeria\/wp-content\/uploads\/2021\/07\/IMG_9291-e1626874791927.jpeg","width":300,"height":290},{"@type":"BreadcrumbList","@id":"https:\/\/solardorosario.com.br\/galeria\/produto\/albery-selvagem-cd-113\/#breadcrumb","itemListElement":[{"@type":"ListItem","position":1,"name":"In\u00edcio","item":"https:\/\/solardorosario.com.br\/galeria\/"},{"@type":"ListItem","position":2,"name":"galeria","item":"https:\/\/solardorosario.com.br\/galeria\/galeria\/"},{"@type":"ListItem","position":3,"name":"Albery - Selvagem CD\/113"}]},{"@type":"WebSite","@id":"https:\/\/solardorosario.com.br\/galeria\/#website","url":"https:\/\/solardorosario.com.br\/galeria\/","name":"Solar do Ros\u00e1rio Galeria \\\\\\\\Nova","description":"","potentialAction":[{"@type":"SearchAction","target":{"@type":"EntryPoint","urlTemplate":"https:\/\/solardorosario.com.br\/galeria\/?s={search_term_string}"},"query-input":{"@type":"PropertyValueSpecification","valueRequired":true,"valueName":"search_term_string"}}],"inLanguage":"pt-BR"}]}},"_links":{"self":[{"href":"https:\/\/solardorosario.com.br\/galeria\/wp-json\/wp\/v2\/product\/2894","targetHints":{"allow":["GET"]}}],"collection":[{"href":"https:\/\/solardorosario.com.br\/galeria\/wp-json\/wp\/v2\/product"}],"about":[{"href":"https:\/\/solardorosario.com.br\/galeria\/wp-json\/wp\/v2\/types\/product"}],"wp:featuredmedia":[{"embeddable":true,"href":"https:\/\/solardorosario.com.br\/galeria\/wp-json\/wp\/v2\/media\/2897"}],"wp:attachment":[{"href":"https:\/\/solardorosario.com.br\/galeria\/wp-json\/wp\/v2\/media?parent=2894"}],"wp:term":[{"taxonomy":"product_brand","embeddable":true,"href":"https:\/\/solardorosario.com.br\/galeria\/wp-json\/wp\/v2\/product_brand?post=2894"},{"taxonomy":"product_cat","embeddable":true,"href":"https:\/\/solardorosario.com.br\/galeria\/wp-json\/wp\/v2\/product_cat?post=2894"},{"taxonomy":"product_tag","embeddable":true,"href":"https:\/\/solardorosario.com.br\/galeria\/wp-json\/wp\/v2\/product_tag?post=2894"}],"curies":[{"name":"wp","href":"https:\/\/api.w.org\/{rel}","templated":true}]}}