{"id":2810,"date":"2021-07-12T14:08:39","date_gmt":"2021-07-12T17:08:39","guid":{"rendered":"https:\/\/solardorosario.com.br\/galeria\/?post_type=product&#038;p=2810"},"modified":"2026-04-16T12:09:27","modified_gmt":"2026-04-16T15:09:27","slug":"romero-britto-woman","status":"publish","type":"product","link":"https:\/\/solardorosario.com.br\/galeria\/produto\/romero-britto-woman\/","title":{"rendered":"Romero Britto - Woman"},"content":{"rendered":"<p><strong>Artista:<\/strong> Romero Britto<\/p>\n<p><strong>T\u00edtulo:<\/strong> Woman<\/p>\n<p><strong>Dimens\u00e3o:<\/strong> 70x100cm<\/p>\n<p><strong>T\u00e9cnica:<\/strong> \u00d3leo sobre tela<\/p>\n<p>&nbsp;<\/p>\n<p>&nbsp;<\/p>\n<p>Romero Britto nasceu em 06 de outubro de 1963, em Recife - Pernambuco. Com 14 anos, vendeu seu primeiro quadro, para a Organiza\u00e7\u00e3o dos Estados Americanos, participando tamb\u00e9m de sua primeira exposi\u00e7\u00e3o. Estudou Direito na Universidade Cat\u00f3lica de Recife, e nesse per\u00edodo j\u00e1 vendia e expunha seus quadros, inclusive para outros pa\u00edses, como Espanha, Inglaterra e Alemanha. Interrompeu os estudos e se mudou para Miami, nos Estados Unidos. Vendia suas obras nas ruas de Miami, e posteriormente foi contratado para a cria\u00e7\u00e3o de campanhas de marcas famosas. Suas obras est\u00e3o expostas pelo mundo todo, como nos aeroportos de Belo Horizonte e Curitiba, em S\u00e3o Paulo, em v\u00e1rios locais dos Estados Unidos, Su\u00ed\u00e7a, etc. Desde 1986 fez exposi\u00e7\u00f5es individuais em Miami, na Fl\u00f3rida, assim como em Illinois, Atlanta, Nova York, na Venezuela, Viena, Jap\u00e3o, Su\u00ed\u00e7a, entre outros.<\/p>\n<p>&nbsp;<\/p>\n","protected":false},"excerpt":{"rendered":"<p>Artista: Romero Britto T\u00edtulo: Woman Dimens\u00e3o: 70x100cm T\u00e9cnica: \u00d3leo sobre tela &nbsp; &nbsp; Romero Britto nasceu em 06 de outubro de 1963, em Recife - Pernambuco. Com 14 anos, vendeu seu primeiro quadro, para a Organiza\u00e7\u00e3o dos Estados Americanos, participando tamb\u00e9m de sua primeira exposi\u00e7\u00e3o. Estudou Direito na Universidade Cat\u00f3lica de Recife, e nesse per\u00edodo [&hellip;]<\/p>\n","protected":false},"featured_media":2815,"template":"","meta":[],"product_brand":[],"product_cat":[117],"product_tag":[],"class_list":{"0":"post-2810","1":"product","2":"type-product","3":"status-publish","4":"has-post-thumbnail","6":"product_cat-galeria","7":"pa_artista-romero-britto","8":"pa_estilo-figurativo","9":"pa_tecnica-oleo-sobre-tela","11":"first","12":"instock","13":"shipping-taxable","14":"purchasable","15":"product-type-simple"},"yoast_head":"<!-- This site is optimized with the Yoast SEO plugin v27.4 - https:\/\/yoast.com\/product\/yoast-seo-wordpress\/ -->\n<title>Romero Britto - Woman - Solar do Ros\u00e1rio Galeria \\\\\\\\Nova<\/title>\n<meta name=\"robots\" content=\"index, follow, max-snippet:-1, max-image-preview:large, max-video-preview:-1\" \/>\n<link rel=\"canonical\" href=\"https:\/\/solardorosario.com.br\/galeria\/produto\/romero-britto-woman\/\" \/>\n<meta property=\"og:locale\" content=\"pt_BR\" \/>\n<meta property=\"og:type\" content=\"article\" \/>\n<meta property=\"og:title\" content=\"Romero Britto - Woman - Solar do Ros\u00e1rio Galeria \\\\\\\\Nova\" \/>\n<meta property=\"og:description\" content=\"Artista: Romero Britto T\u00edtulo: Woman Dimens\u00e3o: 70x100cm T\u00e9cnica: \u00d3leo sobre tela &nbsp; &nbsp; Romero Britto nasceu em 06 de outubro de 1963, em Recife - Pernambuco. Com 14 anos, vendeu seu primeiro quadro, para a Organiza\u00e7\u00e3o dos Estados Americanos, participando tamb\u00e9m de sua primeira exposi\u00e7\u00e3o. Estudou Direito na Universidade Cat\u00f3lica de Recife, e nesse per\u00edodo [&hellip;]\" \/>\n<meta property=\"og:url\" content=\"https:\/\/solardorosario.com.br\/galeria\/produto\/romero-britto-woman\/\" \/>\n<meta property=\"og:site_name\" content=\"Solar do Ros\u00e1rio Galeria \\\\\\\\Nova\" \/>\n<meta property=\"article:modified_time\" content=\"2026-04-16T15:09:27+00:00\" \/>\n<meta property=\"og:image\" content=\"https:\/\/solardorosario.com.br\/galeria\/wp-content\/uploads\/2021\/07\/woman-1-e1626109941640.jpeg\" \/>\n\t<meta property=\"og:image:width\" content=\"330\" \/>\n\t<meta property=\"og:image:height\" content=\"203\" \/>\n\t<meta property=\"og:image:type\" content=\"image\/jpeg\" \/>\n<meta name=\"twitter:card\" content=\"summary_large_image\" \/>\n<meta name=\"twitter:label1\" content=\"Est. tempo de leitura\" \/>\n\t<meta name=\"twitter:data1\" content=\"2 minutos\" \/>\n<script type=\"application\/ld+json\" class=\"yoast-schema-graph\">{\"@context\":\"https:\\\/\\\/schema.org\",\"@graph\":[{\"@type\":\"WebPage\",\"@id\":\"https:\\\/\\\/solardorosario.com.br\\\/galeria\\\/produto\\\/romero-britto-woman\\\/\",\"url\":\"https:\\\/\\\/solardorosario.com.br\\\/galeria\\\/produto\\\/romero-britto-woman\\\/\",\"name\":\"Romero Britto - Woman - Solar do Ros\u00e1rio Galeria \\\\\\\\\\\\\\\\Nova\",\"isPartOf\":{\"@id\":\"https:\\\/\\\/solardorosario.com.br\\\/galeria\\\/#website\"},\"primaryImageOfPage\":{\"@id\":\"https:\\\/\\\/solardorosario.com.br\\\/galeria\\\/produto\\\/romero-britto-woman\\\/#primaryimage\"},\"image\":{\"@id\":\"https:\\\/\\\/solardorosario.com.br\\\/galeria\\\/produto\\\/romero-britto-woman\\\/#primaryimage\"},\"thumbnailUrl\":\"https:\\\/\\\/solardorosario.com.br\\\/galeria\\\/wp-content\\\/uploads\\\/2021\\\/07\\\/woman-1-e1626109941640.jpeg\",\"datePublished\":\"2021-07-12T17:08:39+00:00\",\"dateModified\":\"2026-04-16T15:09:27+00:00\",\"breadcrumb\":{\"@id\":\"https:\\\/\\\/solardorosario.com.br\\\/galeria\\\/produto\\\/romero-britto-woman\\\/#breadcrumb\"},\"inLanguage\":\"pt-BR\",\"potentialAction\":[{\"@type\":\"ReadAction\",\"target\":[\"https:\\\/\\\/solardorosario.com.br\\\/galeria\\\/produto\\\/romero-britto-woman\\\/\"]}]},{\"@type\":\"ImageObject\",\"inLanguage\":\"pt-BR\",\"@id\":\"https:\\\/\\\/solardorosario.com.br\\\/galeria\\\/produto\\\/romero-britto-woman\\\/#primaryimage\",\"url\":\"https:\\\/\\\/solardorosario.com.br\\\/galeria\\\/wp-content\\\/uploads\\\/2021\\\/07\\\/woman-1-e1626109941640.jpeg\",\"contentUrl\":\"https:\\\/\\\/solardorosario.com.br\\\/galeria\\\/wp-content\\\/uploads\\\/2021\\\/07\\\/woman-1-e1626109941640.jpeg\",\"width\":330,\"height\":203},{\"@type\":\"BreadcrumbList\",\"@id\":\"https:\\\/\\\/solardorosario.com.br\\\/galeria\\\/produto\\\/romero-britto-woman\\\/#breadcrumb\",\"itemListElement\":[{\"@type\":\"ListItem\",\"position\":1,\"name\":\"In\u00edcio\",\"item\":\"https:\\\/\\\/solardorosario.com.br\\\/galeria\\\/\"},{\"@type\":\"ListItem\",\"position\":2,\"name\":\"galeria\",\"item\":\"https:\\\/\\\/solardorosario.com.br\\\/galeria\\\/galeria\\\/\"},{\"@type\":\"ListItem\",\"position\":3,\"name\":\"Romero Britto - Woman\"}]},{\"@type\":\"WebSite\",\"@id\":\"https:\\\/\\\/solardorosario.com.br\\\/galeria\\\/#website\",\"url\":\"https:\\\/\\\/solardorosario.com.br\\\/galeria\\\/\",\"name\":\"Solar do Ros\u00e1rio Galeria \\\\\\\\\\\\\\\\Nova\",\"description\":\"\",\"potentialAction\":[{\"@type\":\"SearchAction\",\"target\":{\"@type\":\"EntryPoint\",\"urlTemplate\":\"https:\\\/\\\/solardorosario.com.br\\\/galeria\\\/?s={search_term_string}\"},\"query-input\":{\"@type\":\"PropertyValueSpecification\",\"valueRequired\":true,\"valueName\":\"search_term_string\"}}],\"inLanguage\":\"pt-BR\"}]}<\/script>\n<!-- \/ Yoast SEO plugin. -->","yoast_head_json":{"title":"Romero Britto - Woman - Solar do Ros\u00e1rio Galeria \\\\\\\\Nova","robots":{"index":"index","follow":"follow","max-snippet":"max-snippet:-1","max-image-preview":"max-image-preview:large","max-video-preview":"max-video-preview:-1"},"canonical":"https:\/\/solardorosario.com.br\/galeria\/produto\/romero-britto-woman\/","og_locale":"pt_BR","og_type":"article","og_title":"Romero Britto - Woman - Solar do Ros\u00e1rio Galeria \\\\\\\\Nova","og_description":"Artista: Romero Britto T\u00edtulo: Woman Dimens\u00e3o: 70x100cm T\u00e9cnica: \u00d3leo sobre tela &nbsp; &nbsp; Romero Britto nasceu em 06 de outubro de 1963, em Recife - Pernambuco. Com 14 anos, vendeu seu primeiro quadro, para a Organiza\u00e7\u00e3o dos Estados Americanos, participando tamb\u00e9m de sua primeira exposi\u00e7\u00e3o. Estudou Direito na Universidade Cat\u00f3lica de Recife, e nesse per\u00edodo [&hellip;]","og_url":"https:\/\/solardorosario.com.br\/galeria\/produto\/romero-britto-woman\/","og_site_name":"Solar do Ros\u00e1rio Galeria \\\\\\\\Nova","article_modified_time":"2026-04-16T15:09:27+00:00","og_image":[{"width":330,"height":203,"url":"https:\/\/solardorosario.com.br\/galeria\/wp-content\/uploads\/2021\/07\/woman-1-e1626109941640.jpeg","type":"image\/jpeg"}],"twitter_card":"summary_large_image","twitter_misc":{"Est. tempo de leitura":"2 minutos"},"schema":{"@context":"https:\/\/schema.org","@graph":[{"@type":"WebPage","@id":"https:\/\/solardorosario.com.br\/galeria\/produto\/romero-britto-woman\/","url":"https:\/\/solardorosario.com.br\/galeria\/produto\/romero-britto-woman\/","name":"Romero Britto - Woman - Solar do Ros\u00e1rio Galeria \\\\\\\\Nova","isPartOf":{"@id":"https:\/\/solardorosario.com.br\/galeria\/#website"},"primaryImageOfPage":{"@id":"https:\/\/solardorosario.com.br\/galeria\/produto\/romero-britto-woman\/#primaryimage"},"image":{"@id":"https:\/\/solardorosario.com.br\/galeria\/produto\/romero-britto-woman\/#primaryimage"},"thumbnailUrl":"https:\/\/solardorosario.com.br\/galeria\/wp-content\/uploads\/2021\/07\/woman-1-e1626109941640.jpeg","datePublished":"2021-07-12T17:08:39+00:00","dateModified":"2026-04-16T15:09:27+00:00","breadcrumb":{"@id":"https:\/\/solardorosario.com.br\/galeria\/produto\/romero-britto-woman\/#breadcrumb"},"inLanguage":"pt-BR","potentialAction":[{"@type":"ReadAction","target":["https:\/\/solardorosario.com.br\/galeria\/produto\/romero-britto-woman\/"]}]},{"@type":"ImageObject","inLanguage":"pt-BR","@id":"https:\/\/solardorosario.com.br\/galeria\/produto\/romero-britto-woman\/#primaryimage","url":"https:\/\/solardorosario.com.br\/galeria\/wp-content\/uploads\/2021\/07\/woman-1-e1626109941640.jpeg","contentUrl":"https:\/\/solardorosario.com.br\/galeria\/wp-content\/uploads\/2021\/07\/woman-1-e1626109941640.jpeg","width":330,"height":203},{"@type":"BreadcrumbList","@id":"https:\/\/solardorosario.com.br\/galeria\/produto\/romero-britto-woman\/#breadcrumb","itemListElement":[{"@type":"ListItem","position":1,"name":"In\u00edcio","item":"https:\/\/solardorosario.com.br\/galeria\/"},{"@type":"ListItem","position":2,"name":"galeria","item":"https:\/\/solardorosario.com.br\/galeria\/galeria\/"},{"@type":"ListItem","position":3,"name":"Romero Britto - Woman"}]},{"@type":"WebSite","@id":"https:\/\/solardorosario.com.br\/galeria\/#website","url":"https:\/\/solardorosario.com.br\/galeria\/","name":"Solar do Ros\u00e1rio Galeria \\\\\\\\Nova","description":"","potentialAction":[{"@type":"SearchAction","target":{"@type":"EntryPoint","urlTemplate":"https:\/\/solardorosario.com.br\/galeria\/?s={search_term_string}"},"query-input":{"@type":"PropertyValueSpecification","valueRequired":true,"valueName":"search_term_string"}}],"inLanguage":"pt-BR"}]}},"_links":{"self":[{"href":"https:\/\/solardorosario.com.br\/galeria\/wp-json\/wp\/v2\/product\/2810","targetHints":{"allow":["GET"]}}],"collection":[{"href":"https:\/\/solardorosario.com.br\/galeria\/wp-json\/wp\/v2\/product"}],"about":[{"href":"https:\/\/solardorosario.com.br\/galeria\/wp-json\/wp\/v2\/types\/product"}],"wp:featuredmedia":[{"embeddable":true,"href":"https:\/\/solardorosario.com.br\/galeria\/wp-json\/wp\/v2\/media\/2815"}],"wp:attachment":[{"href":"https:\/\/solardorosario.com.br\/galeria\/wp-json\/wp\/v2\/media?parent=2810"}],"wp:term":[{"taxonomy":"product_brand","embeddable":true,"href":"https:\/\/solardorosario.com.br\/galeria\/wp-json\/wp\/v2\/product_brand?post=2810"},{"taxonomy":"product_cat","embeddable":true,"href":"https:\/\/solardorosario.com.br\/galeria\/wp-json\/wp\/v2\/product_cat?post=2810"},{"taxonomy":"product_tag","embeddable":true,"href":"https:\/\/solardorosario.com.br\/galeria\/wp-json\/wp\/v2\/product_tag?post=2810"}],"curies":[{"name":"wp","href":"https:\/\/api.w.org\/{rel}","templated":true}]}}