{"id":2806,"date":"2021-07-12T11:06:45","date_gmt":"2021-07-12T14:06:45","guid":{"rendered":"https:\/\/solardorosario.com.br\/galeria\/?post_type=product&#038;p=2806"},"modified":"2026-04-16T11:56:05","modified_gmt":"2026-04-16T14:56:05","slug":"romero-britto-escultura-shoes-rainboot-galocha","status":"publish","type":"product","link":"https:\/\/solardorosario.com.br\/galeria\/produto\/romero-britto-escultura-shoes-rainboot-galocha\/","title":{"rendered":"Romero Britto - Escultura Shoes Rainboot (galocha)"},"content":{"rendered":"<p><strong>Artista:<\/strong> Romero Britto<\/p>\n<p><strong>T\u00edtulo:<\/strong> Escultura Shoes Rainboot (galocha)<\/p>\n<p><strong>Dimens\u00e3o:<\/strong> 19x12cm<\/p>\n<p><strong>T\u00e9cnica:<\/strong> Escultura em cer\u00e2mica<\/p>\n<p>&nbsp;<\/p>\n<p>&nbsp;<\/p>\n<p>Romero Britto nasceu em 06 de outubro de 1963, em Recife - Pernambuco. Com 14 anos, vendeu seu primeiro quadro, para a Organiza\u00e7\u00e3o dos Estados Americanos, participando tamb\u00e9m de sua primeira exposi\u00e7\u00e3o. Estudou Direito na Universidade Cat\u00f3lica de Recife, e nesse per\u00edodo j\u00e1 vendia e expunha seus quadros, inclusive para outros pa\u00edses, como Espanha, Inglaterra e Alemanha. Interrompeu os estudos e se mudou para Miami, nos Estados Unidos. Vendia suas obras nas ruas de Miami, e posteriormente foi contratado para a cria\u00e7\u00e3o de campanhas de marcas famosas. Suas obras est\u00e3o expostas pelo mundo todo, como nos aeroportos de Belo Horizonte e Curitiba, em S\u00e3o Paulo, em v\u00e1rios locais dos Estados Unidos, Su\u00ed\u00e7a, etc. Desde 1986 fez exposi\u00e7\u00f5es individuais em Miami, na Fl\u00f3rida, assim como em Illinois, Atlanta, Nova York, na Venezuela, Viena, Jap\u00e3o, Su\u00ed\u00e7a, entre outros.<\/p>\n","protected":false},"excerpt":{"rendered":"<p>Artista: Romero Britto T\u00edtulo: Escultura Shoes Rainboot (galocha) Dimens\u00e3o: 19x12cm T\u00e9cnica: Escultura em cer\u00e2mica &nbsp; &nbsp; Romero Britto nasceu em 06 de outubro de 1963, em Recife - Pernambuco. Com 14 anos, vendeu seu primeiro quadro, para a Organiza\u00e7\u00e3o dos Estados Americanos, participando tamb\u00e9m de sua primeira exposi\u00e7\u00e3o. Estudou Direito na Universidade Cat\u00f3lica de Recife, [&hellip;]<\/p>\n","protected":false},"featured_media":2807,"template":"","meta":[],"product_brand":[],"product_cat":[117],"product_tag":[],"class_list":{"0":"post-2806","1":"product","2":"type-product","3":"status-publish","4":"has-post-thumbnail","6":"product_cat-galeria","7":"pa_artista-romero-britto","8":"pa_estilo-figurativo","9":"pa_tecnica-escultura","11":"first","12":"instock","13":"shipping-taxable","14":"purchasable","15":"product-type-simple"},"yoast_head":"<!-- This site is optimized with the Yoast SEO plugin v27.4 - https:\/\/yoast.com\/product\/yoast-seo-wordpress\/ -->\n<title>Romero Britto - Escultura Shoes Rainboot (galocha) - Solar do Ros\u00e1rio Galeria \\\\\\\\Nova<\/title>\n<meta name=\"robots\" content=\"index, follow, max-snippet:-1, max-image-preview:large, max-video-preview:-1\" \/>\n<link rel=\"canonical\" href=\"https:\/\/solardorosario.com.br\/galeria\/produto\/romero-britto-escultura-shoes-rainboot-galocha\/\" \/>\n<meta property=\"og:locale\" content=\"pt_BR\" \/>\n<meta property=\"og:type\" content=\"article\" \/>\n<meta property=\"og:title\" content=\"Romero Britto - Escultura Shoes Rainboot (galocha) - Solar do Ros\u00e1rio Galeria \\\\\\\\Nova\" \/>\n<meta property=\"og:description\" content=\"Artista: Romero Britto T\u00edtulo: Escultura Shoes Rainboot (galocha) Dimens\u00e3o: 19x12cm T\u00e9cnica: Escultura em cer\u00e2mica &nbsp; &nbsp; Romero Britto nasceu em 06 de outubro de 1963, em Recife - Pernambuco. Com 14 anos, vendeu seu primeiro quadro, para a Organiza\u00e7\u00e3o dos Estados Americanos, participando tamb\u00e9m de sua primeira exposi\u00e7\u00e3o. Estudou Direito na Universidade Cat\u00f3lica de Recife, [&hellip;]\" \/>\n<meta property=\"og:url\" content=\"https:\/\/solardorosario.com.br\/galeria\/produto\/romero-britto-escultura-shoes-rainboot-galocha\/\" \/>\n<meta property=\"og:site_name\" content=\"Solar do Ros\u00e1rio Galeria \\\\\\\\Nova\" \/>\n<meta property=\"article:modified_time\" content=\"2026-04-16T14:56:05+00:00\" \/>\n<meta property=\"og:image\" content=\"https:\/\/solardorosario.com.br\/galeria\/wp-content\/uploads\/2021\/07\/IMG_8991-removebg-preview.png\" \/>\n\t<meta property=\"og:image:width\" content=\"448\" \/>\n\t<meta property=\"og:image:height\" content=\"557\" \/>\n\t<meta property=\"og:image:type\" content=\"image\/png\" \/>\n<meta name=\"twitter:card\" content=\"summary_large_image\" \/>\n<meta name=\"twitter:label1\" content=\"Est. tempo de leitura\" \/>\n\t<meta name=\"twitter:data1\" content=\"2 minutos\" \/>\n<script type=\"application\/ld+json\" class=\"yoast-schema-graph\">{\"@context\":\"https:\\\/\\\/schema.org\",\"@graph\":[{\"@type\":\"WebPage\",\"@id\":\"https:\\\/\\\/solardorosario.com.br\\\/galeria\\\/produto\\\/romero-britto-escultura-shoes-rainboot-galocha\\\/\",\"url\":\"https:\\\/\\\/solardorosario.com.br\\\/galeria\\\/produto\\\/romero-britto-escultura-shoes-rainboot-galocha\\\/\",\"name\":\"Romero Britto - Escultura Shoes Rainboot (galocha) - Solar do Ros\u00e1rio Galeria \\\\\\\\\\\\\\\\Nova\",\"isPartOf\":{\"@id\":\"https:\\\/\\\/solardorosario.com.br\\\/galeria\\\/#website\"},\"primaryImageOfPage\":{\"@id\":\"https:\\\/\\\/solardorosario.com.br\\\/galeria\\\/produto\\\/romero-britto-escultura-shoes-rainboot-galocha\\\/#primaryimage\"},\"image\":{\"@id\":\"https:\\\/\\\/solardorosario.com.br\\\/galeria\\\/produto\\\/romero-britto-escultura-shoes-rainboot-galocha\\\/#primaryimage\"},\"thumbnailUrl\":\"https:\\\/\\\/solardorosario.com.br\\\/galeria\\\/wp-content\\\/uploads\\\/2021\\\/07\\\/IMG_8991-removebg-preview.png\",\"datePublished\":\"2021-07-12T14:06:45+00:00\",\"dateModified\":\"2026-04-16T14:56:05+00:00\",\"breadcrumb\":{\"@id\":\"https:\\\/\\\/solardorosario.com.br\\\/galeria\\\/produto\\\/romero-britto-escultura-shoes-rainboot-galocha\\\/#breadcrumb\"},\"inLanguage\":\"pt-BR\",\"potentialAction\":[{\"@type\":\"ReadAction\",\"target\":[\"https:\\\/\\\/solardorosario.com.br\\\/galeria\\\/produto\\\/romero-britto-escultura-shoes-rainboot-galocha\\\/\"]}]},{\"@type\":\"ImageObject\",\"inLanguage\":\"pt-BR\",\"@id\":\"https:\\\/\\\/solardorosario.com.br\\\/galeria\\\/produto\\\/romero-britto-escultura-shoes-rainboot-galocha\\\/#primaryimage\",\"url\":\"https:\\\/\\\/solardorosario.com.br\\\/galeria\\\/wp-content\\\/uploads\\\/2021\\\/07\\\/IMG_8991-removebg-preview.png\",\"contentUrl\":\"https:\\\/\\\/solardorosario.com.br\\\/galeria\\\/wp-content\\\/uploads\\\/2021\\\/07\\\/IMG_8991-removebg-preview.png\",\"width\":448,\"height\":557},{\"@type\":\"BreadcrumbList\",\"@id\":\"https:\\\/\\\/solardorosario.com.br\\\/galeria\\\/produto\\\/romero-britto-escultura-shoes-rainboot-galocha\\\/#breadcrumb\",\"itemListElement\":[{\"@type\":\"ListItem\",\"position\":1,\"name\":\"In\u00edcio\",\"item\":\"https:\\\/\\\/solardorosario.com.br\\\/galeria\\\/\"},{\"@type\":\"ListItem\",\"position\":2,\"name\":\"galeria\",\"item\":\"https:\\\/\\\/solardorosario.com.br\\\/galeria\\\/galeria\\\/\"},{\"@type\":\"ListItem\",\"position\":3,\"name\":\"Romero Britto - Escultura Shoes Rainboot (galocha)\"}]},{\"@type\":\"WebSite\",\"@id\":\"https:\\\/\\\/solardorosario.com.br\\\/galeria\\\/#website\",\"url\":\"https:\\\/\\\/solardorosario.com.br\\\/galeria\\\/\",\"name\":\"Solar do Ros\u00e1rio Galeria \\\\\\\\\\\\\\\\Nova\",\"description\":\"\",\"potentialAction\":[{\"@type\":\"SearchAction\",\"target\":{\"@type\":\"EntryPoint\",\"urlTemplate\":\"https:\\\/\\\/solardorosario.com.br\\\/galeria\\\/?s={search_term_string}\"},\"query-input\":{\"@type\":\"PropertyValueSpecification\",\"valueRequired\":true,\"valueName\":\"search_term_string\"}}],\"inLanguage\":\"pt-BR\"}]}<\/script>\n<!-- \/ Yoast SEO plugin. -->","yoast_head_json":{"title":"Romero Britto - Escultura Shoes Rainboot (galocha) - Solar do Ros\u00e1rio Galeria \\\\\\\\Nova","robots":{"index":"index","follow":"follow","max-snippet":"max-snippet:-1","max-image-preview":"max-image-preview:large","max-video-preview":"max-video-preview:-1"},"canonical":"https:\/\/solardorosario.com.br\/galeria\/produto\/romero-britto-escultura-shoes-rainboot-galocha\/","og_locale":"pt_BR","og_type":"article","og_title":"Romero Britto - Escultura Shoes Rainboot (galocha) - Solar do Ros\u00e1rio Galeria \\\\\\\\Nova","og_description":"Artista: Romero Britto T\u00edtulo: Escultura Shoes Rainboot (galocha) Dimens\u00e3o: 19x12cm T\u00e9cnica: Escultura em cer\u00e2mica &nbsp; &nbsp; Romero Britto nasceu em 06 de outubro de 1963, em Recife - Pernambuco. Com 14 anos, vendeu seu primeiro quadro, para a Organiza\u00e7\u00e3o dos Estados Americanos, participando tamb\u00e9m de sua primeira exposi\u00e7\u00e3o. Estudou Direito na Universidade Cat\u00f3lica de Recife, [&hellip;]","og_url":"https:\/\/solardorosario.com.br\/galeria\/produto\/romero-britto-escultura-shoes-rainboot-galocha\/","og_site_name":"Solar do Ros\u00e1rio Galeria \\\\\\\\Nova","article_modified_time":"2026-04-16T14:56:05+00:00","og_image":[{"width":448,"height":557,"url":"https:\/\/solardorosario.com.br\/galeria\/wp-content\/uploads\/2021\/07\/IMG_8991-removebg-preview.png","type":"image\/png"}],"twitter_card":"summary_large_image","twitter_misc":{"Est. tempo de leitura":"2 minutos"},"schema":{"@context":"https:\/\/schema.org","@graph":[{"@type":"WebPage","@id":"https:\/\/solardorosario.com.br\/galeria\/produto\/romero-britto-escultura-shoes-rainboot-galocha\/","url":"https:\/\/solardorosario.com.br\/galeria\/produto\/romero-britto-escultura-shoes-rainboot-galocha\/","name":"Romero Britto - Escultura Shoes Rainboot (galocha) - Solar do Ros\u00e1rio Galeria \\\\\\\\Nova","isPartOf":{"@id":"https:\/\/solardorosario.com.br\/galeria\/#website"},"primaryImageOfPage":{"@id":"https:\/\/solardorosario.com.br\/galeria\/produto\/romero-britto-escultura-shoes-rainboot-galocha\/#primaryimage"},"image":{"@id":"https:\/\/solardorosario.com.br\/galeria\/produto\/romero-britto-escultura-shoes-rainboot-galocha\/#primaryimage"},"thumbnailUrl":"https:\/\/solardorosario.com.br\/galeria\/wp-content\/uploads\/2021\/07\/IMG_8991-removebg-preview.png","datePublished":"2021-07-12T14:06:45+00:00","dateModified":"2026-04-16T14:56:05+00:00","breadcrumb":{"@id":"https:\/\/solardorosario.com.br\/galeria\/produto\/romero-britto-escultura-shoes-rainboot-galocha\/#breadcrumb"},"inLanguage":"pt-BR","potentialAction":[{"@type":"ReadAction","target":["https:\/\/solardorosario.com.br\/galeria\/produto\/romero-britto-escultura-shoes-rainboot-galocha\/"]}]},{"@type":"ImageObject","inLanguage":"pt-BR","@id":"https:\/\/solardorosario.com.br\/galeria\/produto\/romero-britto-escultura-shoes-rainboot-galocha\/#primaryimage","url":"https:\/\/solardorosario.com.br\/galeria\/wp-content\/uploads\/2021\/07\/IMG_8991-removebg-preview.png","contentUrl":"https:\/\/solardorosario.com.br\/galeria\/wp-content\/uploads\/2021\/07\/IMG_8991-removebg-preview.png","width":448,"height":557},{"@type":"BreadcrumbList","@id":"https:\/\/solardorosario.com.br\/galeria\/produto\/romero-britto-escultura-shoes-rainboot-galocha\/#breadcrumb","itemListElement":[{"@type":"ListItem","position":1,"name":"In\u00edcio","item":"https:\/\/solardorosario.com.br\/galeria\/"},{"@type":"ListItem","position":2,"name":"galeria","item":"https:\/\/solardorosario.com.br\/galeria\/galeria\/"},{"@type":"ListItem","position":3,"name":"Romero Britto - Escultura Shoes Rainboot (galocha)"}]},{"@type":"WebSite","@id":"https:\/\/solardorosario.com.br\/galeria\/#website","url":"https:\/\/solardorosario.com.br\/galeria\/","name":"Solar do Ros\u00e1rio Galeria \\\\\\\\Nova","description":"","potentialAction":[{"@type":"SearchAction","target":{"@type":"EntryPoint","urlTemplate":"https:\/\/solardorosario.com.br\/galeria\/?s={search_term_string}"},"query-input":{"@type":"PropertyValueSpecification","valueRequired":true,"valueName":"search_term_string"}}],"inLanguage":"pt-BR"}]}},"_links":{"self":[{"href":"https:\/\/solardorosario.com.br\/galeria\/wp-json\/wp\/v2\/product\/2806","targetHints":{"allow":["GET"]}}],"collection":[{"href":"https:\/\/solardorosario.com.br\/galeria\/wp-json\/wp\/v2\/product"}],"about":[{"href":"https:\/\/solardorosario.com.br\/galeria\/wp-json\/wp\/v2\/types\/product"}],"wp:featuredmedia":[{"embeddable":true,"href":"https:\/\/solardorosario.com.br\/galeria\/wp-json\/wp\/v2\/media\/2807"}],"wp:attachment":[{"href":"https:\/\/solardorosario.com.br\/galeria\/wp-json\/wp\/v2\/media?parent=2806"}],"wp:term":[{"taxonomy":"product_brand","embeddable":true,"href":"https:\/\/solardorosario.com.br\/galeria\/wp-json\/wp\/v2\/product_brand?post=2806"},{"taxonomy":"product_cat","embeddable":true,"href":"https:\/\/solardorosario.com.br\/galeria\/wp-json\/wp\/v2\/product_cat?post=2806"},{"taxonomy":"product_tag","embeddable":true,"href":"https:\/\/solardorosario.com.br\/galeria\/wp-json\/wp\/v2\/product_tag?post=2806"}],"curies":[{"name":"wp","href":"https:\/\/api.w.org\/{rel}","templated":true}]}}