{"id":2778,"date":"2021-07-05T15:49:31","date_gmt":"2021-07-05T18:49:31","guid":{"rendered":"https:\/\/solardorosario.com.br\/galeria\/?post_type=product&#038;p=2778"},"modified":"2026-04-20T17:46:55","modified_gmt":"2026-04-20T20:46:55","slug":"wakabayashi-midore-verde","status":"publish","type":"product","link":"https:\/\/solardorosario.com.br\/galeria\/produto\/wakabayashi-midore-verde\/","title":{"rendered":"Wakabayashi -  Midore\/verde"},"content":{"rendered":"<p><strong>Artista:<\/strong> Wakabayashi<\/p>\n<p><strong>T\u00edtulo:<\/strong> Midore\/verde<\/p>\n<p><strong>Dimens\u00e3o:<\/strong> 50x35cm<\/p>\n<p><strong>T\u00e9cnica:<\/strong> Serigrafia (sem moldura)<\/p>\n<p>&nbsp;<\/p>\n<p>&nbsp;<\/p>\n<p><!--StartFragment --><span class=\"cf0\">Kazuo<\/span> <span class=\"cf0\">Wakabayashi<\/span><span class=\"cf0\"> \u00e9 um artista nascido em Kobe, no Jap\u00e3o, em 1931. Em 1944, estudou na Escola T\u00e9cnica de <\/span><span class=\"cf0\">Hikona<\/span><span class=\"cf0\">, em <\/span><span class=\"cf0\">Shiga<\/span><span class=\"cf0\">, e entre 1947 e 1950, frequentou a Escola de Belas Artes e a Academia Niki, em T\u00f3quio, al\u00e9m de aulas de desenho e pintura com <\/span><span class=\"cf0\">Kanosuke<\/span> <span class=\"cf0\">Tamura<\/span><span class=\"cf0\">. Em 1953, tornou-se membro do grupo <\/span><span class=\"cf0\">Seiki<\/span><span class=\"cf0\"> e publica um \u00e1lbum de pinturas e poesias, al\u00e9m de ilustrar os jornais <\/span><span class=\"cf0\">Shinko<\/span> <span class=\"cf0\">Shimbum<\/span><span class=\"cf0\"> e <\/span><span class=\"cf0\">All<\/span><span class=\"cf0\"> Sports. Entre as d\u00e9cadas de 1940 a 1960, participou de v\u00e1rios sal\u00f5es de arte japoneses, recebendo pr\u00eamios em 1947, 1950, 1954 e 1959. Em 1961, se muda para S\u00e3o Paulo e se torna membro do Grupo <\/span><span class=\"cf0\">Seibi<\/span><span class=\"cf0\">, apresentado por <\/span><span class=\"cf0\">Manabu<\/span> <span class=\"cf0\">Mabe<\/span><span class=\"cf0\"> e Tomie Ohtake. Em 1963, recebeu duas medalhas de ouro, no 12\u00ba Sal\u00e3o Paulista de Arte Moderna e no 7\u00ba Sal\u00e3o do Grupo <\/span><span class=\"cf0\">Seibi<\/span><span class=\"cf0\"> de Artistas Pl\u00e1sticos. Em 1966, recebeu o 1\u00ba pr\u00eamio do Sal\u00e3o de Abril do Museu de Arte Moderna do Rio de Janeiro (MAM-RJ). Participou de v\u00e1rias edi\u00e7\u00f5es da Bienal Internacional de S\u00e3o Paulo, entre 1963 e 1967. Em 1992, \u00e9 publicado o livro <\/span><span class=\"cf0\">Wakabayashi<\/span><span class=\"cf0\">. <\/span><!--EndFragment --><\/p>\n","protected":false},"excerpt":{"rendered":"<p>Artista: Wakabayashi T\u00edtulo: Midore\/verde Dimens\u00e3o: 50x35cm T\u00e9cnica: Serigrafia (sem moldura) &nbsp; &nbsp; Kazuo Wakabayashi \u00e9 um artista nascido em Kobe, no Jap\u00e3o, em 1931. Em 1944, estudou na Escola T\u00e9cnica de Hikona, em Shiga, e entre 1947 e 1950, frequentou a Escola de Belas Artes e a Academia Niki, em T\u00f3quio, al\u00e9m de aulas de [&hellip;]<\/p>\n","protected":false},"featured_media":2779,"template":"","meta":[],"product_brand":[],"product_cat":[117],"product_tag":[],"class_list":{"0":"post-2778","1":"product","2":"type-product","3":"status-publish","4":"has-post-thumbnail","6":"product_cat-galeria","7":"pa_artista-wakabayashi","8":"pa_estilo-abstrato","9":"pa_tecnica-serigrafia","11":"first","12":"instock","13":"shipping-taxable","14":"purchasable","15":"product-type-simple"},"yoast_head":"<!-- This site is optimized with the Yoast SEO plugin v27.4 - https:\/\/yoast.com\/product\/yoast-seo-wordpress\/ -->\n<title>Wakabayashi - Midore\/verde - Solar do Ros\u00e1rio Galeria \\\\\\\\Nova<\/title>\n<meta name=\"robots\" content=\"index, follow, max-snippet:-1, max-image-preview:large, max-video-preview:-1\" \/>\n<link rel=\"canonical\" href=\"https:\/\/solardorosario.com.br\/galeria\/produto\/wakabayashi-midore-verde\/\" \/>\n<meta property=\"og:locale\" content=\"pt_BR\" \/>\n<meta property=\"og:type\" content=\"article\" \/>\n<meta property=\"og:title\" content=\"Wakabayashi - Midore\/verde - Solar do Ros\u00e1rio Galeria \\\\\\\\Nova\" \/>\n<meta property=\"og:description\" content=\"Artista: Wakabayashi T\u00edtulo: Midore\/verde Dimens\u00e3o: 50x35cm T\u00e9cnica: Serigrafia (sem moldura) &nbsp; &nbsp; Kazuo Wakabayashi \u00e9 um artista nascido em Kobe, no Jap\u00e3o, em 1931. Em 1944, estudou na Escola T\u00e9cnica de Hikona, em Shiga, e entre 1947 e 1950, frequentou a Escola de Belas Artes e a Academia Niki, em T\u00f3quio, al\u00e9m de aulas de [&hellip;]\" \/>\n<meta property=\"og:url\" content=\"https:\/\/solardorosario.com.br\/galeria\/produto\/wakabayashi-midore-verde\/\" \/>\n<meta property=\"og:site_name\" content=\"Solar do Ros\u00e1rio Galeria \\\\\\\\Nova\" \/>\n<meta property=\"article:modified_time\" content=\"2026-04-20T20:46:55+00:00\" \/>\n<meta property=\"og:image\" content=\"https:\/\/solardorosario.com.br\/galeria\/wp-content\/uploads\/2021\/07\/Wakabayashi-01955-e1625510962583.jpg\" \/>\n\t<meta property=\"og:image:width\" content=\"300\" \/>\n\t<meta property=\"og:image:height\" content=\"240\" \/>\n\t<meta property=\"og:image:type\" content=\"image\/jpeg\" \/>\n<meta name=\"twitter:card\" content=\"summary_large_image\" \/>\n<meta name=\"twitter:label1\" content=\"Est. tempo de leitura\" \/>\n\t<meta name=\"twitter:data1\" content=\"2 minutos\" \/>\n<script type=\"application\/ld+json\" class=\"yoast-schema-graph\">{\"@context\":\"https:\\\/\\\/schema.org\",\"@graph\":[{\"@type\":\"WebPage\",\"@id\":\"https:\\\/\\\/solardorosario.com.br\\\/galeria\\\/produto\\\/wakabayashi-midore-verde\\\/\",\"url\":\"https:\\\/\\\/solardorosario.com.br\\\/galeria\\\/produto\\\/wakabayashi-midore-verde\\\/\",\"name\":\"Wakabayashi - Midore\\\/verde - Solar do Ros\u00e1rio Galeria \\\\\\\\\\\\\\\\Nova\",\"isPartOf\":{\"@id\":\"https:\\\/\\\/solardorosario.com.br\\\/galeria\\\/#website\"},\"primaryImageOfPage\":{\"@id\":\"https:\\\/\\\/solardorosario.com.br\\\/galeria\\\/produto\\\/wakabayashi-midore-verde\\\/#primaryimage\"},\"image\":{\"@id\":\"https:\\\/\\\/solardorosario.com.br\\\/galeria\\\/produto\\\/wakabayashi-midore-verde\\\/#primaryimage\"},\"thumbnailUrl\":\"https:\\\/\\\/solardorosario.com.br\\\/galeria\\\/wp-content\\\/uploads\\\/2021\\\/07\\\/Wakabayashi-01955-e1625510962583.jpg\",\"datePublished\":\"2021-07-05T18:49:31+00:00\",\"dateModified\":\"2026-04-20T20:46:55+00:00\",\"breadcrumb\":{\"@id\":\"https:\\\/\\\/solardorosario.com.br\\\/galeria\\\/produto\\\/wakabayashi-midore-verde\\\/#breadcrumb\"},\"inLanguage\":\"pt-BR\",\"potentialAction\":[{\"@type\":\"ReadAction\",\"target\":[\"https:\\\/\\\/solardorosario.com.br\\\/galeria\\\/produto\\\/wakabayashi-midore-verde\\\/\"]}]},{\"@type\":\"ImageObject\",\"inLanguage\":\"pt-BR\",\"@id\":\"https:\\\/\\\/solardorosario.com.br\\\/galeria\\\/produto\\\/wakabayashi-midore-verde\\\/#primaryimage\",\"url\":\"https:\\\/\\\/solardorosario.com.br\\\/galeria\\\/wp-content\\\/uploads\\\/2021\\\/07\\\/Wakabayashi-01955-e1625510962583.jpg\",\"contentUrl\":\"https:\\\/\\\/solardorosario.com.br\\\/galeria\\\/wp-content\\\/uploads\\\/2021\\\/07\\\/Wakabayashi-01955-e1625510962583.jpg\",\"width\":300,\"height\":240},{\"@type\":\"BreadcrumbList\",\"@id\":\"https:\\\/\\\/solardorosario.com.br\\\/galeria\\\/produto\\\/wakabayashi-midore-verde\\\/#breadcrumb\",\"itemListElement\":[{\"@type\":\"ListItem\",\"position\":1,\"name\":\"In\u00edcio\",\"item\":\"https:\\\/\\\/solardorosario.com.br\\\/galeria\\\/\"},{\"@type\":\"ListItem\",\"position\":2,\"name\":\"galeria\",\"item\":\"https:\\\/\\\/solardorosario.com.br\\\/galeria\\\/galeria\\\/\"},{\"@type\":\"ListItem\",\"position\":3,\"name\":\"Wakabayashi - Midore\\\/verde\"}]},{\"@type\":\"WebSite\",\"@id\":\"https:\\\/\\\/solardorosario.com.br\\\/galeria\\\/#website\",\"url\":\"https:\\\/\\\/solardorosario.com.br\\\/galeria\\\/\",\"name\":\"Solar do Ros\u00e1rio Galeria \\\\\\\\\\\\\\\\Nova\",\"description\":\"\",\"potentialAction\":[{\"@type\":\"SearchAction\",\"target\":{\"@type\":\"EntryPoint\",\"urlTemplate\":\"https:\\\/\\\/solardorosario.com.br\\\/galeria\\\/?s={search_term_string}\"},\"query-input\":{\"@type\":\"PropertyValueSpecification\",\"valueRequired\":true,\"valueName\":\"search_term_string\"}}],\"inLanguage\":\"pt-BR\"}]}<\/script>\n<!-- \/ Yoast SEO plugin. -->","yoast_head_json":{"title":"Wakabayashi - Midore\/verde - Solar do Ros\u00e1rio Galeria \\\\\\\\Nova","robots":{"index":"index","follow":"follow","max-snippet":"max-snippet:-1","max-image-preview":"max-image-preview:large","max-video-preview":"max-video-preview:-1"},"canonical":"https:\/\/solardorosario.com.br\/galeria\/produto\/wakabayashi-midore-verde\/","og_locale":"pt_BR","og_type":"article","og_title":"Wakabayashi - Midore\/verde - Solar do Ros\u00e1rio Galeria \\\\\\\\Nova","og_description":"Artista: Wakabayashi T\u00edtulo: Midore\/verde Dimens\u00e3o: 50x35cm T\u00e9cnica: Serigrafia (sem moldura) &nbsp; &nbsp; Kazuo Wakabayashi \u00e9 um artista nascido em Kobe, no Jap\u00e3o, em 1931. Em 1944, estudou na Escola T\u00e9cnica de Hikona, em Shiga, e entre 1947 e 1950, frequentou a Escola de Belas Artes e a Academia Niki, em T\u00f3quio, al\u00e9m de aulas de [&hellip;]","og_url":"https:\/\/solardorosario.com.br\/galeria\/produto\/wakabayashi-midore-verde\/","og_site_name":"Solar do Ros\u00e1rio Galeria \\\\\\\\Nova","article_modified_time":"2026-04-20T20:46:55+00:00","og_image":[{"width":300,"height":240,"url":"https:\/\/solardorosario.com.br\/galeria\/wp-content\/uploads\/2021\/07\/Wakabayashi-01955-e1625510962583.jpg","type":"image\/jpeg"}],"twitter_card":"summary_large_image","twitter_misc":{"Est. tempo de leitura":"2 minutos"},"schema":{"@context":"https:\/\/schema.org","@graph":[{"@type":"WebPage","@id":"https:\/\/solardorosario.com.br\/galeria\/produto\/wakabayashi-midore-verde\/","url":"https:\/\/solardorosario.com.br\/galeria\/produto\/wakabayashi-midore-verde\/","name":"Wakabayashi - Midore\/verde - Solar do Ros\u00e1rio Galeria \\\\\\\\Nova","isPartOf":{"@id":"https:\/\/solardorosario.com.br\/galeria\/#website"},"primaryImageOfPage":{"@id":"https:\/\/solardorosario.com.br\/galeria\/produto\/wakabayashi-midore-verde\/#primaryimage"},"image":{"@id":"https:\/\/solardorosario.com.br\/galeria\/produto\/wakabayashi-midore-verde\/#primaryimage"},"thumbnailUrl":"https:\/\/solardorosario.com.br\/galeria\/wp-content\/uploads\/2021\/07\/Wakabayashi-01955-e1625510962583.jpg","datePublished":"2021-07-05T18:49:31+00:00","dateModified":"2026-04-20T20:46:55+00:00","breadcrumb":{"@id":"https:\/\/solardorosario.com.br\/galeria\/produto\/wakabayashi-midore-verde\/#breadcrumb"},"inLanguage":"pt-BR","potentialAction":[{"@type":"ReadAction","target":["https:\/\/solardorosario.com.br\/galeria\/produto\/wakabayashi-midore-verde\/"]}]},{"@type":"ImageObject","inLanguage":"pt-BR","@id":"https:\/\/solardorosario.com.br\/galeria\/produto\/wakabayashi-midore-verde\/#primaryimage","url":"https:\/\/solardorosario.com.br\/galeria\/wp-content\/uploads\/2021\/07\/Wakabayashi-01955-e1625510962583.jpg","contentUrl":"https:\/\/solardorosario.com.br\/galeria\/wp-content\/uploads\/2021\/07\/Wakabayashi-01955-e1625510962583.jpg","width":300,"height":240},{"@type":"BreadcrumbList","@id":"https:\/\/solardorosario.com.br\/galeria\/produto\/wakabayashi-midore-verde\/#breadcrumb","itemListElement":[{"@type":"ListItem","position":1,"name":"In\u00edcio","item":"https:\/\/solardorosario.com.br\/galeria\/"},{"@type":"ListItem","position":2,"name":"galeria","item":"https:\/\/solardorosario.com.br\/galeria\/galeria\/"},{"@type":"ListItem","position":3,"name":"Wakabayashi - Midore\/verde"}]},{"@type":"WebSite","@id":"https:\/\/solardorosario.com.br\/galeria\/#website","url":"https:\/\/solardorosario.com.br\/galeria\/","name":"Solar do Ros\u00e1rio Galeria \\\\\\\\Nova","description":"","potentialAction":[{"@type":"SearchAction","target":{"@type":"EntryPoint","urlTemplate":"https:\/\/solardorosario.com.br\/galeria\/?s={search_term_string}"},"query-input":{"@type":"PropertyValueSpecification","valueRequired":true,"valueName":"search_term_string"}}],"inLanguage":"pt-BR"}]}},"_links":{"self":[{"href":"https:\/\/solardorosario.com.br\/galeria\/wp-json\/wp\/v2\/product\/2778","targetHints":{"allow":["GET"]}}],"collection":[{"href":"https:\/\/solardorosario.com.br\/galeria\/wp-json\/wp\/v2\/product"}],"about":[{"href":"https:\/\/solardorosario.com.br\/galeria\/wp-json\/wp\/v2\/types\/product"}],"wp:featuredmedia":[{"embeddable":true,"href":"https:\/\/solardorosario.com.br\/galeria\/wp-json\/wp\/v2\/media\/2779"}],"wp:attachment":[{"href":"https:\/\/solardorosario.com.br\/galeria\/wp-json\/wp\/v2\/media?parent=2778"}],"wp:term":[{"taxonomy":"product_brand","embeddable":true,"href":"https:\/\/solardorosario.com.br\/galeria\/wp-json\/wp\/v2\/product_brand?post=2778"},{"taxonomy":"product_cat","embeddable":true,"href":"https:\/\/solardorosario.com.br\/galeria\/wp-json\/wp\/v2\/product_cat?post=2778"},{"taxonomy":"product_tag","embeddable":true,"href":"https:\/\/solardorosario.com.br\/galeria\/wp-json\/wp\/v2\/product_tag?post=2778"}],"curies":[{"name":"wp","href":"https:\/\/api.w.org\/{rel}","templated":true}]}}