{"id":2684,"date":"2021-06-15T13:58:35","date_gmt":"2021-06-15T16:58:35","guid":{"rendered":"https:\/\/solardorosario.com.br\/galeria\/?post_type=product&#038;p=2684"},"modified":"2025-11-28T15:05:12","modified_gmt":"2025-11-28T18:05:12","slug":"azulejo-sem-moldura-rogerio-dias","status":"publish","type":"product","link":"https:\/\/solardorosario.com.br\/galeria\/produto\/azulejo-sem-moldura-rogerio-dias\/","title":{"rendered":"Azulejo sem moldura - Rog\u00e9rio Dias"},"content":{"rendered":"<p><strong>Artista:<\/strong> Rog\u00e9rio Dias<br \/>\n<strong>Dimens\u00e3o:<\/strong> 20x25cm<\/p>\n<p>&nbsp;<\/p>\n<p><em>Impulsionado pela inquieta\u00e7\u00e3o, Rog\u00e9rio Dias constr\u00f3i seus p\u00e1ssaros, solit\u00e1rios ou \u00e0s dezenas, em m\u00f3dulos sequ\u00eancias e os transforma em interlocutores cr\u00edticos da realidade. Passivos ou agressivos, expressos por formas vigorosas e bem definidas ou em r\u00e1pidas pinceladas apenas sugerindo as formas, que ainda assim s\u00e3o reconhec\u00edveis, esses pretendem, mais do que tudo, apreender a realidade.<\/em><br \/>\n<em>\u00c9 sob essa perspectiva que se percebe a busca exemplar da similaridade empreendida pelo artista em sua obra. O que ele procura \u00e9 uma semelhan\u00e7a essencial e n\u00e3o imitativa. E se \u00e9 verdade que cada nova \u00e9poca os artistas buscam diferentes estrat\u00e9gias para avan\u00e7ar at\u00e9 a realidade, ent\u00e3o a similaridade precisa ser sempre reinventada para que se cumpra a fun\u00e7\u00e3o da arte.<\/em><br \/>\n<em>As obras do Rog\u00e9rio Dias, em grandes formatos ou em pequenas e intimistas composi\u00e7\u00f5es, ao mesmo tempo em que encantam tamb\u00e9m intrigam, colocando desta forma \u00e0 disposi\u00e7\u00e3o do observador a possibilidade da experi\u00eancia est\u00e9tica na sua plenitude.<\/em><\/p>\n<p>Noronha, 2000<\/p>\n<p>*Trecho retirado do livro Pintores Contempor\u00e2neos do Paran\u00e1, Vol 1, editado pelo Solar do Ros\u00e1rio em 2000<\/p>\n","protected":false},"excerpt":{"rendered":"<p>Artista: Rog\u00e9rio Dias Dimens\u00e3o: 20x25cm &nbsp; Impulsionado pela inquieta\u00e7\u00e3o, Rog\u00e9rio Dias constr\u00f3i seus p\u00e1ssaros, solit\u00e1rios ou \u00e0s dezenas, em m\u00f3dulos sequ\u00eancias e os transforma em interlocutores cr\u00edticos da realidade. Passivos ou agressivos, expressos por formas vigorosas e bem definidas ou em r\u00e1pidas pinceladas apenas sugerindo as formas, que ainda assim s\u00e3o reconhec\u00edveis, esses pretendem, mais [&hellip;]<\/p>\n","protected":false},"featured_media":2686,"template":"","meta":[],"product_brand":[],"product_cat":[117],"product_tag":[],"class_list":{"0":"post-2684","1":"product","2":"type-product","3":"status-publish","4":"has-post-thumbnail","6":"product_cat-galeria","7":"pa_artista-rogerio-dias","8":"pa_estilo-figurativo","9":"pa_tecnica-azulejos-de-arte","11":"first","12":"instock","13":"shipping-taxable","14":"purchasable","15":"product-type-simple"},"yoast_head":"<!-- This site is optimized with the Yoast SEO plugin v27.4 - https:\/\/yoast.com\/product\/yoast-seo-wordpress\/ -->\n<title>Azulejo sem moldura - Rog\u00e9rio Dias - Solar do Ros\u00e1rio Galeria \\\\\\\\Nova<\/title>\n<meta name=\"robots\" content=\"index, follow, max-snippet:-1, max-image-preview:large, max-video-preview:-1\" \/>\n<link rel=\"canonical\" href=\"https:\/\/solardorosario.com.br\/galeria\/produto\/azulejo-sem-moldura-rogerio-dias\/\" \/>\n<meta property=\"og:locale\" content=\"pt_BR\" \/>\n<meta property=\"og:type\" content=\"article\" \/>\n<meta property=\"og:title\" content=\"Azulejo sem moldura - Rog\u00e9rio Dias - Solar do Ros\u00e1rio Galeria \\\\\\\\Nova\" \/>\n<meta property=\"og:description\" content=\"Artista: Rog\u00e9rio Dias Dimens\u00e3o: 20x25cm &nbsp; Impulsionado pela inquieta\u00e7\u00e3o, Rog\u00e9rio Dias constr\u00f3i seus p\u00e1ssaros, solit\u00e1rios ou \u00e0s dezenas, em m\u00f3dulos sequ\u00eancias e os transforma em interlocutores cr\u00edticos da realidade. Passivos ou agressivos, expressos por formas vigorosas e bem definidas ou em r\u00e1pidas pinceladas apenas sugerindo as formas, que ainda assim s\u00e3o reconhec\u00edveis, esses pretendem, mais [&hellip;]\" \/>\n<meta property=\"og:url\" content=\"https:\/\/solardorosario.com.br\/galeria\/produto\/azulejo-sem-moldura-rogerio-dias\/\" \/>\n<meta property=\"og:site_name\" content=\"Solar do Ros\u00e1rio Galeria \\\\\\\\Nova\" \/>\n<meta property=\"article:modified_time\" content=\"2025-11-28T18:05:12+00:00\" \/>\n<meta property=\"og:image\" content=\"https:\/\/solardorosario.com.br\/galeria\/wp-content\/uploads\/2021\/06\/IMG_8496-e1623776307479.jpeg\" \/>\n\t<meta property=\"og:image:width\" content=\"250\" \/>\n\t<meta property=\"og:image:height\" content=\"307\" \/>\n\t<meta property=\"og:image:type\" content=\"image\/jpeg\" \/>\n<meta name=\"twitter:card\" content=\"summary_large_image\" \/>\n<meta name=\"twitter:label1\" content=\"Est. tempo de leitura\" \/>\n\t<meta name=\"twitter:data1\" content=\"2 minutos\" \/>\n<script type=\"application\/ld+json\" class=\"yoast-schema-graph\">{\"@context\":\"https:\\\/\\\/schema.org\",\"@graph\":[{\"@type\":\"WebPage\",\"@id\":\"https:\\\/\\\/solardorosario.com.br\\\/galeria\\\/produto\\\/azulejo-sem-moldura-rogerio-dias\\\/\",\"url\":\"https:\\\/\\\/solardorosario.com.br\\\/galeria\\\/produto\\\/azulejo-sem-moldura-rogerio-dias\\\/\",\"name\":\"Azulejo sem moldura - Rog\u00e9rio Dias - Solar do Ros\u00e1rio Galeria \\\\\\\\\\\\\\\\Nova\",\"isPartOf\":{\"@id\":\"https:\\\/\\\/solardorosario.com.br\\\/galeria\\\/#website\"},\"primaryImageOfPage\":{\"@id\":\"https:\\\/\\\/solardorosario.com.br\\\/galeria\\\/produto\\\/azulejo-sem-moldura-rogerio-dias\\\/#primaryimage\"},\"image\":{\"@id\":\"https:\\\/\\\/solardorosario.com.br\\\/galeria\\\/produto\\\/azulejo-sem-moldura-rogerio-dias\\\/#primaryimage\"},\"thumbnailUrl\":\"https:\\\/\\\/solardorosario.com.br\\\/galeria\\\/wp-content\\\/uploads\\\/2021\\\/06\\\/IMG_8496-e1623776307479.jpeg\",\"datePublished\":\"2021-06-15T16:58:35+00:00\",\"dateModified\":\"2025-11-28T18:05:12+00:00\",\"breadcrumb\":{\"@id\":\"https:\\\/\\\/solardorosario.com.br\\\/galeria\\\/produto\\\/azulejo-sem-moldura-rogerio-dias\\\/#breadcrumb\"},\"inLanguage\":\"pt-BR\",\"potentialAction\":[{\"@type\":\"ReadAction\",\"target\":[\"https:\\\/\\\/solardorosario.com.br\\\/galeria\\\/produto\\\/azulejo-sem-moldura-rogerio-dias\\\/\"]}]},{\"@type\":\"ImageObject\",\"inLanguage\":\"pt-BR\",\"@id\":\"https:\\\/\\\/solardorosario.com.br\\\/galeria\\\/produto\\\/azulejo-sem-moldura-rogerio-dias\\\/#primaryimage\",\"url\":\"https:\\\/\\\/solardorosario.com.br\\\/galeria\\\/wp-content\\\/uploads\\\/2021\\\/06\\\/IMG_8496-e1623776307479.jpeg\",\"contentUrl\":\"https:\\\/\\\/solardorosario.com.br\\\/galeria\\\/wp-content\\\/uploads\\\/2021\\\/06\\\/IMG_8496-e1623776307479.jpeg\",\"width\":250,\"height\":307},{\"@type\":\"BreadcrumbList\",\"@id\":\"https:\\\/\\\/solardorosario.com.br\\\/galeria\\\/produto\\\/azulejo-sem-moldura-rogerio-dias\\\/#breadcrumb\",\"itemListElement\":[{\"@type\":\"ListItem\",\"position\":1,\"name\":\"In\u00edcio\",\"item\":\"https:\\\/\\\/solardorosario.com.br\\\/galeria\\\/\"},{\"@type\":\"ListItem\",\"position\":2,\"name\":\"galeria\",\"item\":\"https:\\\/\\\/solardorosario.com.br\\\/galeria\\\/galeria\\\/\"},{\"@type\":\"ListItem\",\"position\":3,\"name\":\"Azulejo sem moldura - Rog\u00e9rio Dias\"}]},{\"@type\":\"WebSite\",\"@id\":\"https:\\\/\\\/solardorosario.com.br\\\/galeria\\\/#website\",\"url\":\"https:\\\/\\\/solardorosario.com.br\\\/galeria\\\/\",\"name\":\"Solar do Ros\u00e1rio Galeria \\\\\\\\\\\\\\\\Nova\",\"description\":\"\",\"potentialAction\":[{\"@type\":\"SearchAction\",\"target\":{\"@type\":\"EntryPoint\",\"urlTemplate\":\"https:\\\/\\\/solardorosario.com.br\\\/galeria\\\/?s={search_term_string}\"},\"query-input\":{\"@type\":\"PropertyValueSpecification\",\"valueRequired\":true,\"valueName\":\"search_term_string\"}}],\"inLanguage\":\"pt-BR\"}]}<\/script>\n<!-- \/ Yoast SEO plugin. -->","yoast_head_json":{"title":"Azulejo sem moldura - Rog\u00e9rio Dias - Solar do Ros\u00e1rio Galeria \\\\\\\\Nova","robots":{"index":"index","follow":"follow","max-snippet":"max-snippet:-1","max-image-preview":"max-image-preview:large","max-video-preview":"max-video-preview:-1"},"canonical":"https:\/\/solardorosario.com.br\/galeria\/produto\/azulejo-sem-moldura-rogerio-dias\/","og_locale":"pt_BR","og_type":"article","og_title":"Azulejo sem moldura - Rog\u00e9rio Dias - Solar do Ros\u00e1rio Galeria \\\\\\\\Nova","og_description":"Artista: Rog\u00e9rio Dias Dimens\u00e3o: 20x25cm &nbsp; Impulsionado pela inquieta\u00e7\u00e3o, Rog\u00e9rio Dias constr\u00f3i seus p\u00e1ssaros, solit\u00e1rios ou \u00e0s dezenas, em m\u00f3dulos sequ\u00eancias e os transforma em interlocutores cr\u00edticos da realidade. Passivos ou agressivos, expressos por formas vigorosas e bem definidas ou em r\u00e1pidas pinceladas apenas sugerindo as formas, que ainda assim s\u00e3o reconhec\u00edveis, esses pretendem, mais [&hellip;]","og_url":"https:\/\/solardorosario.com.br\/galeria\/produto\/azulejo-sem-moldura-rogerio-dias\/","og_site_name":"Solar do Ros\u00e1rio Galeria \\\\\\\\Nova","article_modified_time":"2025-11-28T18:05:12+00:00","og_image":[{"width":250,"height":307,"url":"https:\/\/solardorosario.com.br\/galeria\/wp-content\/uploads\/2021\/06\/IMG_8496-e1623776307479.jpeg","type":"image\/jpeg"}],"twitter_card":"summary_large_image","twitter_misc":{"Est. tempo de leitura":"2 minutos"},"schema":{"@context":"https:\/\/schema.org","@graph":[{"@type":"WebPage","@id":"https:\/\/solardorosario.com.br\/galeria\/produto\/azulejo-sem-moldura-rogerio-dias\/","url":"https:\/\/solardorosario.com.br\/galeria\/produto\/azulejo-sem-moldura-rogerio-dias\/","name":"Azulejo sem moldura - Rog\u00e9rio Dias - Solar do Ros\u00e1rio Galeria \\\\\\\\Nova","isPartOf":{"@id":"https:\/\/solardorosario.com.br\/galeria\/#website"},"primaryImageOfPage":{"@id":"https:\/\/solardorosario.com.br\/galeria\/produto\/azulejo-sem-moldura-rogerio-dias\/#primaryimage"},"image":{"@id":"https:\/\/solardorosario.com.br\/galeria\/produto\/azulejo-sem-moldura-rogerio-dias\/#primaryimage"},"thumbnailUrl":"https:\/\/solardorosario.com.br\/galeria\/wp-content\/uploads\/2021\/06\/IMG_8496-e1623776307479.jpeg","datePublished":"2021-06-15T16:58:35+00:00","dateModified":"2025-11-28T18:05:12+00:00","breadcrumb":{"@id":"https:\/\/solardorosario.com.br\/galeria\/produto\/azulejo-sem-moldura-rogerio-dias\/#breadcrumb"},"inLanguage":"pt-BR","potentialAction":[{"@type":"ReadAction","target":["https:\/\/solardorosario.com.br\/galeria\/produto\/azulejo-sem-moldura-rogerio-dias\/"]}]},{"@type":"ImageObject","inLanguage":"pt-BR","@id":"https:\/\/solardorosario.com.br\/galeria\/produto\/azulejo-sem-moldura-rogerio-dias\/#primaryimage","url":"https:\/\/solardorosario.com.br\/galeria\/wp-content\/uploads\/2021\/06\/IMG_8496-e1623776307479.jpeg","contentUrl":"https:\/\/solardorosario.com.br\/galeria\/wp-content\/uploads\/2021\/06\/IMG_8496-e1623776307479.jpeg","width":250,"height":307},{"@type":"BreadcrumbList","@id":"https:\/\/solardorosario.com.br\/galeria\/produto\/azulejo-sem-moldura-rogerio-dias\/#breadcrumb","itemListElement":[{"@type":"ListItem","position":1,"name":"In\u00edcio","item":"https:\/\/solardorosario.com.br\/galeria\/"},{"@type":"ListItem","position":2,"name":"galeria","item":"https:\/\/solardorosario.com.br\/galeria\/galeria\/"},{"@type":"ListItem","position":3,"name":"Azulejo sem moldura - Rog\u00e9rio Dias"}]},{"@type":"WebSite","@id":"https:\/\/solardorosario.com.br\/galeria\/#website","url":"https:\/\/solardorosario.com.br\/galeria\/","name":"Solar do Ros\u00e1rio Galeria \\\\\\\\Nova","description":"","potentialAction":[{"@type":"SearchAction","target":{"@type":"EntryPoint","urlTemplate":"https:\/\/solardorosario.com.br\/galeria\/?s={search_term_string}"},"query-input":{"@type":"PropertyValueSpecification","valueRequired":true,"valueName":"search_term_string"}}],"inLanguage":"pt-BR"}]}},"_links":{"self":[{"href":"https:\/\/solardorosario.com.br\/galeria\/wp-json\/wp\/v2\/product\/2684","targetHints":{"allow":["GET"]}}],"collection":[{"href":"https:\/\/solardorosario.com.br\/galeria\/wp-json\/wp\/v2\/product"}],"about":[{"href":"https:\/\/solardorosario.com.br\/galeria\/wp-json\/wp\/v2\/types\/product"}],"wp:featuredmedia":[{"embeddable":true,"href":"https:\/\/solardorosario.com.br\/galeria\/wp-json\/wp\/v2\/media\/2686"}],"wp:attachment":[{"href":"https:\/\/solardorosario.com.br\/galeria\/wp-json\/wp\/v2\/media?parent=2684"}],"wp:term":[{"taxonomy":"product_brand","embeddable":true,"href":"https:\/\/solardorosario.com.br\/galeria\/wp-json\/wp\/v2\/product_brand?post=2684"},{"taxonomy":"product_cat","embeddable":true,"href":"https:\/\/solardorosario.com.br\/galeria\/wp-json\/wp\/v2\/product_cat?post=2684"},{"taxonomy":"product_tag","embeddable":true,"href":"https:\/\/solardorosario.com.br\/galeria\/wp-json\/wp\/v2\/product_tag?post=2684"}],"curies":[{"name":"wp","href":"https:\/\/api.w.org\/{rel}","templated":true}]}}