{"id":2682,"date":"2021-06-15T11:06:39","date_gmt":"2021-06-15T14:06:39","guid":{"rendered":"https:\/\/solardorosario.com.br\/galeria\/?post_type=product&#038;p=2682"},"modified":"2026-01-20T16:29:09","modified_gmt":"2026-01-20T19:29:09","slug":"ruben-esmanhotto-paco-da-liberdade","status":"publish","type":"product","link":"https:\/\/solardorosario.com.br\/galeria\/produto\/ruben-esmanhotto-paco-da-liberdade\/","title":{"rendered":"Ruben Esmanhotto - Pa\u00e7o da Liberdade"},"content":{"rendered":"<p><strong>Artista:<\/strong> Ruben Esmanhotto<\/p>\n<p><strong>T\u00edtulo:<\/strong> Pa\u00e7o da Liberdade<\/p>\n<p><strong>Dimens\u00e3o:<\/strong> 135x106cm<\/p>\n<p><strong>T\u00e9cnica:<\/strong> Vinil encerado sobre cart\u00e3o<\/p>\n<p>&nbsp;<\/p>\n<p>&nbsp;<\/p>\n<p><strong>Sobre Ruben Esmanhotto:<\/strong><\/p>\n<p><em>T\u00edpico representante da gera\u00e7\u00e3o de artistas pl\u00e1sticos paranaenses de 70, em sua obra Ruben Esmanhotto serve-se de dois importantes elementos: a metalinguagem e o acabamento rigoroso. (...)<\/em><br \/>\n<em>Sobrepondo realidade e sonho, a pintura de Ruben Esmanhotto passa a ser, ao mesmo tempo, sujeito e objeto. Para tanto serve-se deliberadamente de incongru\u00eancias que acentuam a metaf\u00edsica do objeto, o qual passa a exercer sobre n\u00f3s uma magia estranha. (...)<\/em><br \/>\n<em>Um dado nos que nos chama a aten\u00e7\u00e3o na obra de Ruben Esmanhotto \u00e9 que a luz tem em si uma conota\u00e7\u00e3o de espa\u00e7o e tempo e, em muitos casos, passa - por assim dizer - a ser a personagem principal do quadro. Embora sendo uma luz t\u00edpica do inverno curitibano, da geada que ilumina mas n\u00e3o esquenta, ele a representa como se sua fonte fosse um sol fixo que existe para todas as pessoas, em todas as noites e vig\u00edlias. <\/em><br \/>\n<em>A obra de Rubem Esmanhotto funciona como uma esp\u00e9cie de espelho m\u00e1gico, que tanto atua como retrovisor como consegue refletir a essencialidade do nosso drama existencial. Estamos em constante espera da felicidade que sempre se escapa, como se estivesse em um eterno ponto de fuga; por\u00e9m, h\u00e1 em n\u00f3s a expectativa que aconte\u00e7a daqui a pouco.<\/em><\/p>\n<p>Adalice Ara\u00fajo, 2000<br \/>\nExtra\u00eddo do texto <em>O momento suspenso<\/em><\/p>\n<p>*Trecho retirado do livro <em>Pintores Contempor\u00e2neos do Paran\u00e1<\/em>, Vol 1, editado pelo Solar do Ros\u00e1rio em 2000<\/p>\n<p>&nbsp;<\/p>\n<p>Ruben Esmanhotto era um artista visual e gravurista, nascido em 1954, em Curitiba - Paran\u00e1 (1954-2015). Era autodidata, e desde crian\u00e7a j\u00e1 desenhava, impulsionado pela Escolinha de Artes do Col\u00e9gio Estadual do Paran\u00e1 (CEP). Desde 1967, fazia exposi\u00e7\u00f5es coletivas, como a exposi\u00e7\u00e3o da Escola de Artes do CEP em cidades da Inglaterra e Su\u00ed\u00e7a. Em 1972, participou do III Festival de Artes Colegial, em Porto Alegre - RS. Em 1975, participou do IV Sal\u00e3o de Jovens Artistas. Em 1979, fez parte do 36\u00ba Sal\u00e3o Paranaense, em Curitiba. Em 1986, participou do II Sal\u00e3o de Arte Jovem \"Helena Rubinstein\" que aconteceu no Museu de Arte de S\u00e3o Paulo Assis Chateaubriand (MASP) em S\u00e3o Paulo e em Toulouse, na Fran\u00e7a. Em 2000, fez parte do livro \"Pintores Contempor\u00e2neos do Paran\u00e1 volume I\". Fez diversas exposi\u00e7\u00f5es individuais, como a de 1977, no Centro Cultural Brasil-Estados Unidos, em Curitiba. Al\u00e9m de Curitiba, exp\u00f4s em Bras\u00edlia, Rio de Janeiro, Florian\u00f3polis, S\u00e3o Paulo, Foz do Igua\u00e7u e Cabo Frio.<\/p>\n","protected":false},"excerpt":{"rendered":"<p>Artista: Ruben Esmanhotto T\u00edtulo: Pa\u00e7o da Liberdade Dimens\u00e3o: 135x106cm T\u00e9cnica: Vinil encerado sobre cart\u00e3o &nbsp; &nbsp; Sobre Ruben Esmanhotto: T\u00edpico representante da gera\u00e7\u00e3o de artistas pl\u00e1sticos paranaenses de 70, em sua obra Ruben Esmanhotto serve-se de dois importantes elementos: a metalinguagem e o acabamento rigoroso. (...) Sobrepondo realidade e sonho, a pintura de Ruben Esmanhotto [&hellip;]<\/p>\n","protected":false},"featured_media":2683,"template":"","meta":[],"product_brand":[],"product_cat":[117],"product_tag":[],"class_list":{"0":"post-2682","1":"product","2":"type-product","3":"status-publish","4":"has-post-thumbnail","6":"product_cat-galeria","7":"pa_artista-ruben-esmanhotto","8":"pa_estilo-figurativo-paisagem","9":"pa_tecnica-vinil-encerado-sobre-cartao","11":"first","12":"instock","13":"shipping-taxable","14":"product-type-simple"},"yoast_head":"<!-- This site is optimized with the Yoast SEO plugin v27.4 - https:\/\/yoast.com\/product\/yoast-seo-wordpress\/ -->\n<title>Ruben Esmanhotto - Pa\u00e7o da Liberdade - Solar do Ros\u00e1rio Galeria \\\\\\\\Nova<\/title>\n<meta name=\"robots\" content=\"index, follow, max-snippet:-1, max-image-preview:large, max-video-preview:-1\" \/>\n<link rel=\"canonical\" href=\"https:\/\/solardorosario.com.br\/galeria\/produto\/ruben-esmanhotto-paco-da-liberdade\/\" \/>\n<meta property=\"og:locale\" content=\"pt_BR\" \/>\n<meta property=\"og:type\" content=\"article\" \/>\n<meta property=\"og:title\" content=\"Ruben Esmanhotto - Pa\u00e7o da Liberdade - Solar do Ros\u00e1rio Galeria \\\\\\\\Nova\" \/>\n<meta property=\"og:description\" content=\"Artista: Ruben Esmanhotto T\u00edtulo: Pa\u00e7o da Liberdade Dimens\u00e3o: 135x106cm T\u00e9cnica: Vinil encerado sobre cart\u00e3o &nbsp; &nbsp; Sobre Ruben Esmanhotto: T\u00edpico representante da gera\u00e7\u00e3o de artistas pl\u00e1sticos paranaenses de 70, em sua obra Ruben Esmanhotto serve-se de dois importantes elementos: a metalinguagem e o acabamento rigoroso. (...) Sobrepondo realidade e sonho, a pintura de Ruben Esmanhotto [&hellip;]\" \/>\n<meta property=\"og:url\" content=\"https:\/\/solardorosario.com.br\/galeria\/produto\/ruben-esmanhotto-paco-da-liberdade\/\" \/>\n<meta property=\"og:site_name\" content=\"Solar do Ros\u00e1rio Galeria \\\\\\\\Nova\" \/>\n<meta property=\"article:modified_time\" content=\"2026-01-20T19:29:09+00:00\" \/>\n<meta property=\"og:image\" content=\"https:\/\/solardorosario.com.br\/galeria\/wp-content\/uploads\/2021\/06\/IMG_8354-e1623765983339.jpeg\" \/>\n\t<meta property=\"og:image:width\" content=\"300\" \/>\n\t<meta property=\"og:image:height\" content=\"305\" \/>\n\t<meta property=\"og:image:type\" content=\"image\/jpeg\" \/>\n<meta name=\"twitter:card\" content=\"summary_large_image\" \/>\n<meta name=\"twitter:label1\" content=\"Est. tempo de leitura\" \/>\n\t<meta name=\"twitter:data1\" content=\"3 minutos\" \/>\n<script type=\"application\/ld+json\" class=\"yoast-schema-graph\">{\"@context\":\"https:\\\/\\\/schema.org\",\"@graph\":[{\"@type\":\"WebPage\",\"@id\":\"https:\\\/\\\/solardorosario.com.br\\\/galeria\\\/produto\\\/ruben-esmanhotto-paco-da-liberdade\\\/\",\"url\":\"https:\\\/\\\/solardorosario.com.br\\\/galeria\\\/produto\\\/ruben-esmanhotto-paco-da-liberdade\\\/\",\"name\":\"Ruben Esmanhotto - Pa\u00e7o da Liberdade - Solar do Ros\u00e1rio Galeria \\\\\\\\\\\\\\\\Nova\",\"isPartOf\":{\"@id\":\"https:\\\/\\\/solardorosario.com.br\\\/galeria\\\/#website\"},\"primaryImageOfPage\":{\"@id\":\"https:\\\/\\\/solardorosario.com.br\\\/galeria\\\/produto\\\/ruben-esmanhotto-paco-da-liberdade\\\/#primaryimage\"},\"image\":{\"@id\":\"https:\\\/\\\/solardorosario.com.br\\\/galeria\\\/produto\\\/ruben-esmanhotto-paco-da-liberdade\\\/#primaryimage\"},\"thumbnailUrl\":\"https:\\\/\\\/solardorosario.com.br\\\/galeria\\\/wp-content\\\/uploads\\\/2021\\\/06\\\/IMG_8354-e1623765983339.jpeg\",\"datePublished\":\"2021-06-15T14:06:39+00:00\",\"dateModified\":\"2026-01-20T19:29:09+00:00\",\"breadcrumb\":{\"@id\":\"https:\\\/\\\/solardorosario.com.br\\\/galeria\\\/produto\\\/ruben-esmanhotto-paco-da-liberdade\\\/#breadcrumb\"},\"inLanguage\":\"pt-BR\",\"potentialAction\":[{\"@type\":\"ReadAction\",\"target\":[\"https:\\\/\\\/solardorosario.com.br\\\/galeria\\\/produto\\\/ruben-esmanhotto-paco-da-liberdade\\\/\"]}]},{\"@type\":\"ImageObject\",\"inLanguage\":\"pt-BR\",\"@id\":\"https:\\\/\\\/solardorosario.com.br\\\/galeria\\\/produto\\\/ruben-esmanhotto-paco-da-liberdade\\\/#primaryimage\",\"url\":\"https:\\\/\\\/solardorosario.com.br\\\/galeria\\\/wp-content\\\/uploads\\\/2021\\\/06\\\/IMG_8354-e1623765983339.jpeg\",\"contentUrl\":\"https:\\\/\\\/solardorosario.com.br\\\/galeria\\\/wp-content\\\/uploads\\\/2021\\\/06\\\/IMG_8354-e1623765983339.jpeg\",\"width\":300,\"height\":305},{\"@type\":\"BreadcrumbList\",\"@id\":\"https:\\\/\\\/solardorosario.com.br\\\/galeria\\\/produto\\\/ruben-esmanhotto-paco-da-liberdade\\\/#breadcrumb\",\"itemListElement\":[{\"@type\":\"ListItem\",\"position\":1,\"name\":\"In\u00edcio\",\"item\":\"https:\\\/\\\/solardorosario.com.br\\\/galeria\\\/\"},{\"@type\":\"ListItem\",\"position\":2,\"name\":\"galeria\",\"item\":\"https:\\\/\\\/solardorosario.com.br\\\/galeria\\\/galeria\\\/\"},{\"@type\":\"ListItem\",\"position\":3,\"name\":\"Ruben Esmanhotto - Pa\u00e7o da Liberdade\"}]},{\"@type\":\"WebSite\",\"@id\":\"https:\\\/\\\/solardorosario.com.br\\\/galeria\\\/#website\",\"url\":\"https:\\\/\\\/solardorosario.com.br\\\/galeria\\\/\",\"name\":\"Solar do Ros\u00e1rio Galeria \\\\\\\\\\\\\\\\Nova\",\"description\":\"\",\"potentialAction\":[{\"@type\":\"SearchAction\",\"target\":{\"@type\":\"EntryPoint\",\"urlTemplate\":\"https:\\\/\\\/solardorosario.com.br\\\/galeria\\\/?s={search_term_string}\"},\"query-input\":{\"@type\":\"PropertyValueSpecification\",\"valueRequired\":true,\"valueName\":\"search_term_string\"}}],\"inLanguage\":\"pt-BR\"}]}<\/script>\n<!-- \/ Yoast SEO plugin. -->","yoast_head_json":{"title":"Ruben Esmanhotto - Pa\u00e7o da Liberdade - Solar do Ros\u00e1rio Galeria \\\\\\\\Nova","robots":{"index":"index","follow":"follow","max-snippet":"max-snippet:-1","max-image-preview":"max-image-preview:large","max-video-preview":"max-video-preview:-1"},"canonical":"https:\/\/solardorosario.com.br\/galeria\/produto\/ruben-esmanhotto-paco-da-liberdade\/","og_locale":"pt_BR","og_type":"article","og_title":"Ruben Esmanhotto - Pa\u00e7o da Liberdade - Solar do Ros\u00e1rio Galeria \\\\\\\\Nova","og_description":"Artista: Ruben Esmanhotto T\u00edtulo: Pa\u00e7o da Liberdade Dimens\u00e3o: 135x106cm T\u00e9cnica: Vinil encerado sobre cart\u00e3o &nbsp; &nbsp; Sobre Ruben Esmanhotto: T\u00edpico representante da gera\u00e7\u00e3o de artistas pl\u00e1sticos paranaenses de 70, em sua obra Ruben Esmanhotto serve-se de dois importantes elementos: a metalinguagem e o acabamento rigoroso. (...) Sobrepondo realidade e sonho, a pintura de Ruben Esmanhotto [&hellip;]","og_url":"https:\/\/solardorosario.com.br\/galeria\/produto\/ruben-esmanhotto-paco-da-liberdade\/","og_site_name":"Solar do Ros\u00e1rio Galeria \\\\\\\\Nova","article_modified_time":"2026-01-20T19:29:09+00:00","og_image":[{"width":300,"height":305,"url":"https:\/\/solardorosario.com.br\/galeria\/wp-content\/uploads\/2021\/06\/IMG_8354-e1623765983339.jpeg","type":"image\/jpeg"}],"twitter_card":"summary_large_image","twitter_misc":{"Est. tempo de leitura":"3 minutos"},"schema":{"@context":"https:\/\/schema.org","@graph":[{"@type":"WebPage","@id":"https:\/\/solardorosario.com.br\/galeria\/produto\/ruben-esmanhotto-paco-da-liberdade\/","url":"https:\/\/solardorosario.com.br\/galeria\/produto\/ruben-esmanhotto-paco-da-liberdade\/","name":"Ruben Esmanhotto - Pa\u00e7o da Liberdade - Solar do Ros\u00e1rio Galeria \\\\\\\\Nova","isPartOf":{"@id":"https:\/\/solardorosario.com.br\/galeria\/#website"},"primaryImageOfPage":{"@id":"https:\/\/solardorosario.com.br\/galeria\/produto\/ruben-esmanhotto-paco-da-liberdade\/#primaryimage"},"image":{"@id":"https:\/\/solardorosario.com.br\/galeria\/produto\/ruben-esmanhotto-paco-da-liberdade\/#primaryimage"},"thumbnailUrl":"https:\/\/solardorosario.com.br\/galeria\/wp-content\/uploads\/2021\/06\/IMG_8354-e1623765983339.jpeg","datePublished":"2021-06-15T14:06:39+00:00","dateModified":"2026-01-20T19:29:09+00:00","breadcrumb":{"@id":"https:\/\/solardorosario.com.br\/galeria\/produto\/ruben-esmanhotto-paco-da-liberdade\/#breadcrumb"},"inLanguage":"pt-BR","potentialAction":[{"@type":"ReadAction","target":["https:\/\/solardorosario.com.br\/galeria\/produto\/ruben-esmanhotto-paco-da-liberdade\/"]}]},{"@type":"ImageObject","inLanguage":"pt-BR","@id":"https:\/\/solardorosario.com.br\/galeria\/produto\/ruben-esmanhotto-paco-da-liberdade\/#primaryimage","url":"https:\/\/solardorosario.com.br\/galeria\/wp-content\/uploads\/2021\/06\/IMG_8354-e1623765983339.jpeg","contentUrl":"https:\/\/solardorosario.com.br\/galeria\/wp-content\/uploads\/2021\/06\/IMG_8354-e1623765983339.jpeg","width":300,"height":305},{"@type":"BreadcrumbList","@id":"https:\/\/solardorosario.com.br\/galeria\/produto\/ruben-esmanhotto-paco-da-liberdade\/#breadcrumb","itemListElement":[{"@type":"ListItem","position":1,"name":"In\u00edcio","item":"https:\/\/solardorosario.com.br\/galeria\/"},{"@type":"ListItem","position":2,"name":"galeria","item":"https:\/\/solardorosario.com.br\/galeria\/galeria\/"},{"@type":"ListItem","position":3,"name":"Ruben Esmanhotto - Pa\u00e7o da Liberdade"}]},{"@type":"WebSite","@id":"https:\/\/solardorosario.com.br\/galeria\/#website","url":"https:\/\/solardorosario.com.br\/galeria\/","name":"Solar do Ros\u00e1rio Galeria \\\\\\\\Nova","description":"","potentialAction":[{"@type":"SearchAction","target":{"@type":"EntryPoint","urlTemplate":"https:\/\/solardorosario.com.br\/galeria\/?s={search_term_string}"},"query-input":{"@type":"PropertyValueSpecification","valueRequired":true,"valueName":"search_term_string"}}],"inLanguage":"pt-BR"}]}},"_links":{"self":[{"href":"https:\/\/solardorosario.com.br\/galeria\/wp-json\/wp\/v2\/product\/2682","targetHints":{"allow":["GET"]}}],"collection":[{"href":"https:\/\/solardorosario.com.br\/galeria\/wp-json\/wp\/v2\/product"}],"about":[{"href":"https:\/\/solardorosario.com.br\/galeria\/wp-json\/wp\/v2\/types\/product"}],"wp:featuredmedia":[{"embeddable":true,"href":"https:\/\/solardorosario.com.br\/galeria\/wp-json\/wp\/v2\/media\/2683"}],"wp:attachment":[{"href":"https:\/\/solardorosario.com.br\/galeria\/wp-json\/wp\/v2\/media?parent=2682"}],"wp:term":[{"taxonomy":"product_brand","embeddable":true,"href":"https:\/\/solardorosario.com.br\/galeria\/wp-json\/wp\/v2\/product_brand?post=2682"},{"taxonomy":"product_cat","embeddable":true,"href":"https:\/\/solardorosario.com.br\/galeria\/wp-json\/wp\/v2\/product_cat?post=2682"},{"taxonomy":"product_tag","embeddable":true,"href":"https:\/\/solardorosario.com.br\/galeria\/wp-json\/wp\/v2\/product_tag?post=2682"}],"curies":[{"name":"wp","href":"https:\/\/api.w.org\/{rel}","templated":true}]}}